{"id":5694,"date":"2019-05-07T17:49:03","date_gmt":"2019-05-07T15:49:03","guid":{"rendered":"https:\/\/www.vitbot.com\/siamo-esseri-liquidi"},"modified":"2019-05-22T12:42:20","modified_gmt":"2019-05-22T10:42:20","slug":"siamo-esseri-liquidi","status":"publish","type":"page","link":"https:\/\/www.vitbot.com\/it\/siamo-esseri-liquidi","title":{"rendered":"Siamo esseri liquidi"},"content":{"rendered":"[vc_row fullwidth=&#8221;true&#8221;][vc_column][mk_revslider id=&#8221;somos-seres-liquidos&#8221;][\/vc_column][\/vc_row][vc_row fullwidth=&#8221;true&#8221; equal_columns=&#8221;true&#8221; attached=&#8221;true&#8221;][vc_column width=&#8221;1\/2&#8243; css=&#8221;.vc_custom_1493287810960{padding-top: 60px !important;padding-right: 60px !important;padding-bottom: 60px !important;padding-left: 60px !important;background-color: #ffb48c !important;}&#8221; el_class=&#8221;hometextcolumn&#8221;][vc_column_text disable_pattern=&#8221;false&#8221; el_class=&#8221;font-alternategn2d somosseres-tit3&#8243;]\n<h1>LA GENERAZIONE LIQUIDA <\/h1>\n[\/vc_column_text][vc_empty_space height=&#8221;40px&#8221; el_class=&#8221;seresliquidos-space1&#8243;][vc_column_text disable_pattern=&#8221;false&#8221; el_class=&#8221;somosseres-text3&#8243;]Il movimento di Liquid Generation \u00e8 nato con l&#8217;idea di connettere tutte le persone, aziende, entit\u00e0 e organizzazioni che, come noi, conoscono le propriet\u00e0 e le potenzialit\u00e0 dell&#8217;acqua e dedicano il loro tempo, denaro e \/ o sforzo per proteggerlo. Con Liquid Generation vogliamo creare una rete, un punto d&#8217;incontro, una piattaforma per dare voce all&#8217;acqua.  [\/vc_column_text][vc_empty_space height=&#8221;230px&#8221; el_class=&#8221;seresliquidos-space3&#8243;][vc_btn title=&#8221;Continuare&#8221; color=&#8221;white&#8221; el_class=&#8221;btn-home font-alternategn2d bg-color3&#8243; link=&#8221;url:https%3A%2F%2Fwww.vitbot.com%2Fit%2Fla-generazione-liquida|&#8221;][\/vc_column][vc_column width=&#8221;1\/2&#8243; css=&#8221;.vc_custom_1493287818656{padding-top: 60px !important;padding-right: 60px !important;padding-bottom: 60px !important;padding-left: 60px !important;background-color: #50bedc !important;}&#8221; el_class=&#8221;hometextcolumn&#8221;][vc_column_text disable_pattern=&#8221;false&#8221; el_class=&#8221;font-alternategn2d somosseres-tit2&#8243;]\n<h1>L&#8217;ACQUA<\/h1>\n[\/vc_column_text][vc_empty_space height=&#8221;40px&#8221; el_class=&#8221;seresliquidos-space2&#8243;][vc_column_text disable_pattern=&#8221;false&#8221; align=&#8221;right&#8221; el_class=&#8221;somosseres-text2&#8243;]\u00abL&#8217;acqua \u00e8 la matrice della vita.<br \/>\nNon c&#8217;\u00e8 vita senza acqua\u00bb<br \/>\nAlbert Szent-Gy\u00f6rgyi, premio Nobel per la medicina[\/vc_column_text][vc_empty_space height=&#8221;60px&#8221; el_class=&#8221;seresliquidos-space4&#8243;][vc_column_text disable_pattern=&#8221;false&#8221; el_class=&#8221;somosseres-text2&#8243;]L&#8217;acqua \u00e8 l&#8217;elemento pi\u00f9 abbondante sul nostro pianeta, nonostante ci\u00f2, la scienza attuale non pu\u00f2 decifrare i suoi segreti. Sembra un paradosso che il segreto della vita sia immagazzinato nell&#8217;elemento che costituisce il 70% degli esseri umani e del pianeta Terra.[\/vc_column_text][vc_empty_space height=&#8221;103px&#8221; el_class=&#8221;seresliquidos-space5&#8243;][vc_btn title=&#8221;Continuare&#8221; color=&#8221;white&#8221; el_class=&#8221;btn-home font-alternategn2d bg-color3&#8243; link=&#8221;url:https%3A%2F%2Fwww.vitbot.com%2Fit%2Facqua|&#8221;][\/vc_column][\/vc_row]\n","protected":false},"excerpt":{"rendered":"<p>[vc_row fullwidth=&#8221;true&#8221;][vc_column][mk_revslider id=&#8221;somos-seres-liquidos&#8221;][\/vc_column][\/vc_row][vc_row fullwidth=&#8221;true&#8221; equal_columns=&#8221;true&#8221; attached=&#8221;true&#8221;][vc_column width=&#8221;1\/2&#8243; css=&#8221;.vc_custom_1493287810960{padding-top: 60px !important;padding-right: 60px !important;padding-bottom: 60px !important;padding-left: 60px !important;background-color: #ffb48c !important;}&#8221; el_class=&#8221;hometextcolumn&#8221;][vc_column_text disable_pattern=&#8221;false&#8221; el_class=&#8221;font-alternategn2d somosseres-tit3&#8243;] LA GENERAZIONE LIQUIDA [\/vc_column_text][vc_empty_space height=&#8221;40px&#8221; el_class=&#8221;seresliquidos-space1&#8243;][vc_column_text disable_pattern=&#8221;false&#8221; el_class=&#8221;somosseres-text3&#8243;]Il movimento di Liquid Generation \u00e8 nato con l&#8217;idea di connettere tutte le persone, aziende, entit\u00e0 e organizzazioni che, come noi, conoscono le propriet\u00e0 e le [&hellip;]<\/p>\n","protected":false},"author":1,"featured_media":0,"parent":0,"menu_order":5,"comment_status":"closed","ping_status":"closed","template":"","meta":{"_monsterinsights_skip_tracking":false,"_monsterinsights_sitenote_active":false,"_monsterinsights_sitenote_note":"","_monsterinsights_sitenote_category":0},"yoast_head":"<!-- This site is optimized with the Yoast SEO plugin v20.1 - https:\/\/yoast.com\/wordpress\/plugins\/seo\/ -->\n<title>Siamo esseri liquidi - Vitbot<\/title>\n<meta name=\"robots\" content=\"index, follow, max-snippet:-1, max-image-preview:large, max-video-preview:-1\" \/>\n<link rel=\"canonical\" href=\"https:\/\/www.vitbot.com\/it\/siamo-esseri-liquidi\" \/>\n<meta property=\"og:locale\" content=\"it_IT\" \/>\n<meta property=\"og:type\" content=\"article\" \/>\n<meta property=\"og:title\" content=\"Siamo esseri liquidi - Vitbot\" \/>\n<meta property=\"og:description\" content=\"[vc_row fullwidth=&#8221;true&#8221;][vc_column][mk_revslider id=&#8221;somos-seres-liquidos&#8221;][\/vc_column][\/vc_row][vc_row fullwidth=&#8221;true&#8221; equal_columns=&#8221;true&#8221; attached=&#8221;true&#8221;][vc_column width=&#8221;1\/2&#8243; css=&#8221;.vc_custom_1493287810960{padding-top: 60px !important;padding-right: 60px !important;padding-bottom: 60px !important;padding-left: 60px !important;background-color: #ffb48c !important;}&#8221; el_class=&#8221;hometextcolumn&#8221;][vc_column_text disable_pattern=&#8221;false&#8221; el_class=&#8221;font-alternategn2d somosseres-tit3&#8243;] LA GENERAZIONE LIQUIDA [\/vc_column_text][vc_empty_space height=&#8221;40px&#8221; el_class=&#8221;seresliquidos-space1&#8243;][vc_column_text disable_pattern=&#8221;false&#8221; el_class=&#8221;somosseres-text3&#8243;]Il movimento di Liquid Generation \u00e8 nato con l&#8217;idea di connettere tutte le persone, aziende, entit\u00e0 e organizzazioni che, come noi, conoscono le propriet\u00e0 e le [&hellip;]\" \/>\n<meta property=\"og:url\" content=\"https:\/\/www.vitbot.com\/it\/siamo-esseri-liquidi\" \/>\n<meta property=\"og:site_name\" content=\"Vitbot\" \/>\n<meta property=\"article:publisher\" content=\"https:\/\/www.facebook.com\/vitbotbottle\/\" \/>\n<meta property=\"article:modified_time\" content=\"2019-05-22T10:42:20+00:00\" \/>\n<meta name=\"twitter:card\" content=\"summary_large_image\" \/>\n<meta name=\"twitter:label1\" content=\"Tempo di lettura stimato\" \/>\n\t<meta name=\"twitter:data1\" content=\"2 minuti\" \/>\n<script type=\"application\/ld+json\" class=\"yoast-schema-graph\">{\"@context\":\"https:\/\/schema.org\",\"@graph\":[{\"@type\":\"WebPage\",\"@id\":\"https:\/\/www.vitbot.com\/it\/siamo-esseri-liquidi\",\"url\":\"https:\/\/www.vitbot.com\/it\/siamo-esseri-liquidi\",\"name\":\"Siamo esseri liquidi - Vitbot\",\"isPartOf\":{\"@id\":\"https:\/\/www.vitbot.com\/it#website\"},\"datePublished\":\"2019-05-07T15:49:03+00:00\",\"dateModified\":\"2019-05-22T10:42:20+00:00\",\"breadcrumb\":{\"@id\":\"https:\/\/www.vitbot.com\/it\/siamo-esseri-liquidi#breadcrumb\"},\"inLanguage\":\"it-IT\",\"potentialAction\":[{\"@type\":\"ReadAction\",\"target\":[\"https:\/\/www.vitbot.com\/it\/siamo-esseri-liquidi\"]}]},{\"@type\":\"BreadcrumbList\",\"@id\":\"https:\/\/www.vitbot.com\/it\/siamo-esseri-liquidi#breadcrumb\",\"itemListElement\":[{\"@type\":\"ListItem\",\"position\":1,\"name\":\"Home\",\"item\":\"https:\/\/www.vitbot.com\/it\"},{\"@type\":\"ListItem\",\"position\":2,\"name\":\"Siamo esseri liquidi\"}]},{\"@type\":\"WebSite\",\"@id\":\"https:\/\/www.vitbot.com\/it#website\",\"url\":\"https:\/\/www.vitbot.com\/it\",\"name\":\"Vitbot\",\"description\":\"Best Reusable Water Bottles | Vortex Bottle | Vitalizer Bottle\",\"publisher\":{\"@id\":\"https:\/\/www.vitbot.com\/it#organization\"},\"potentialAction\":[{\"@type\":\"SearchAction\",\"target\":{\"@type\":\"EntryPoint\",\"urlTemplate\":\"https:\/\/www.vitbot.com\/it?s={search_term_string}\"},\"query-input\":\"required name=search_term_string\"}],\"inLanguage\":\"it-IT\"},{\"@type\":\"Organization\",\"@id\":\"https:\/\/www.vitbot.com\/it#organization\",\"name\":\"Vitbot Europe,S.L. NIF B66180548 Tel\u00e8fon Correu info@vitbot.com Direcci\u00f3 C\/ Almeria 40 F Poblaci\u00f3 Tarrasa Codi postal 08226 Pa\u00eds Espanya\",\"url\":\"https:\/\/www.vitbot.com\/it\",\"logo\":{\"@type\":\"ImageObject\",\"inLanguage\":\"it-IT\",\"@id\":\"https:\/\/www.vitbot.com\/it#\/schema\/logo\/image\/\",\"url\":\"https:\/\/www.vitbot.com\/wp-content\/uploads\/2017\/03\/vitbot_logo.png\",\"contentUrl\":\"https:\/\/www.vitbot.com\/wp-content\/uploads\/2017\/03\/vitbot_logo.png\",\"width\":84,\"height\":24,\"caption\":\"Vitbot Europe,S.L. NIF B66180548 Tel\u00e8fon Correu info@vitbot.com Direcci\u00f3 C\/ Almeria 40 F Poblaci\u00f3 Tarrasa Codi postal 08226 Pa\u00eds Espanya\"},\"image\":{\"@id\":\"https:\/\/www.vitbot.com\/it#\/schema\/logo\/image\/\"},\"sameAs\":[\"https:\/\/www.facebook.com\/vitbotbottle\/\",\"https:\/\/www.instagram.com\/vitbotofficial\/\"]}]}<\/script>\n<!-- \/ Yoast SEO plugin. -->","yoast_head_json":{"title":"Siamo esseri liquidi - Vitbot","robots":{"index":"index","follow":"follow","max-snippet":"max-snippet:-1","max-image-preview":"max-image-preview:large","max-video-preview":"max-video-preview:-1"},"canonical":"https:\/\/www.vitbot.com\/it\/siamo-esseri-liquidi","og_locale":"it_IT","og_type":"article","og_title":"Siamo esseri liquidi - Vitbot","og_description":"[vc_row fullwidth=&#8221;true&#8221;][vc_column][mk_revslider id=&#8221;somos-seres-liquidos&#8221;][\/vc_column][\/vc_row][vc_row fullwidth=&#8221;true&#8221; equal_columns=&#8221;true&#8221; attached=&#8221;true&#8221;][vc_column width=&#8221;1\/2&#8243; css=&#8221;.vc_custom_1493287810960{padding-top: 60px !important;padding-right: 60px !important;padding-bottom: 60px !important;padding-left: 60px !important;background-color: #ffb48c !important;}&#8221; el_class=&#8221;hometextcolumn&#8221;][vc_column_text disable_pattern=&#8221;false&#8221; el_class=&#8221;font-alternategn2d somosseres-tit3&#8243;] LA GENERAZIONE LIQUIDA [\/vc_column_text][vc_empty_space height=&#8221;40px&#8221; el_class=&#8221;seresliquidos-space1&#8243;][vc_column_text disable_pattern=&#8221;false&#8221; el_class=&#8221;somosseres-text3&#8243;]Il movimento di Liquid Generation \u00e8 nato con l&#8217;idea di connettere tutte le persone, aziende, entit\u00e0 e organizzazioni che, come noi, conoscono le propriet\u00e0 e le [&hellip;]","og_url":"https:\/\/www.vitbot.com\/it\/siamo-esseri-liquidi","og_site_name":"Vitbot","article_publisher":"https:\/\/www.facebook.com\/vitbotbottle\/","article_modified_time":"2019-05-22T10:42:20+00:00","twitter_card":"summary_large_image","twitter_misc":{"Tempo di lettura stimato":"2 minuti"},"schema":{"@context":"https:\/\/schema.org","@graph":[{"@type":"WebPage","@id":"https:\/\/www.vitbot.com\/it\/siamo-esseri-liquidi","url":"https:\/\/www.vitbot.com\/it\/siamo-esseri-liquidi","name":"Siamo esseri liquidi - Vitbot","isPartOf":{"@id":"https:\/\/www.vitbot.com\/it#website"},"datePublished":"2019-05-07T15:49:03+00:00","dateModified":"2019-05-22T10:42:20+00:00","breadcrumb":{"@id":"https:\/\/www.vitbot.com\/it\/siamo-esseri-liquidi#breadcrumb"},"inLanguage":"it-IT","potentialAction":[{"@type":"ReadAction","target":["https:\/\/www.vitbot.com\/it\/siamo-esseri-liquidi"]}]},{"@type":"BreadcrumbList","@id":"https:\/\/www.vitbot.com\/it\/siamo-esseri-liquidi#breadcrumb","itemListElement":[{"@type":"ListItem","position":1,"name":"Home","item":"https:\/\/www.vitbot.com\/it"},{"@type":"ListItem","position":2,"name":"Siamo esseri liquidi"}]},{"@type":"WebSite","@id":"https:\/\/www.vitbot.com\/it#website","url":"https:\/\/www.vitbot.com\/it","name":"Vitbot","description":"Best Reusable Water Bottles | Vortex Bottle | Vitalizer Bottle","publisher":{"@id":"https:\/\/www.vitbot.com\/it#organization"},"potentialAction":[{"@type":"SearchAction","target":{"@type":"EntryPoint","urlTemplate":"https:\/\/www.vitbot.com\/it?s={search_term_string}"},"query-input":"required name=search_term_string"}],"inLanguage":"it-IT"},{"@type":"Organization","@id":"https:\/\/www.vitbot.com\/it#organization","name":"Vitbot Europe,S.L. NIF B66180548 Tel\u00e8fon Correu info@vitbot.com Direcci\u00f3 C\/ Almeria 40 F Poblaci\u00f3 Tarrasa Codi postal 08226 Pa\u00eds Espanya","url":"https:\/\/www.vitbot.com\/it","logo":{"@type":"ImageObject","inLanguage":"it-IT","@id":"https:\/\/www.vitbot.com\/it#\/schema\/logo\/image\/","url":"https:\/\/www.vitbot.com\/wp-content\/uploads\/2017\/03\/vitbot_logo.png","contentUrl":"https:\/\/www.vitbot.com\/wp-content\/uploads\/2017\/03\/vitbot_logo.png","width":84,"height":24,"caption":"Vitbot Europe,S.L. NIF B66180548 Tel\u00e8fon Correu info@vitbot.com Direcci\u00f3 C\/ Almeria 40 F Poblaci\u00f3 Tarrasa Codi postal 08226 Pa\u00eds Espanya"},"image":{"@id":"https:\/\/www.vitbot.com\/it#\/schema\/logo\/image\/"},"sameAs":["https:\/\/www.facebook.com\/vitbotbottle\/","https:\/\/www.instagram.com\/vitbotofficial\/"]}]}},"_links":{"self":[{"href":"https:\/\/www.vitbot.com\/it\/wp-json\/wp\/v2\/pages\/5694"}],"collection":[{"href":"https:\/\/www.vitbot.com\/it\/wp-json\/wp\/v2\/pages"}],"about":[{"href":"https:\/\/www.vitbot.com\/it\/wp-json\/wp\/v2\/types\/page"}],"author":[{"embeddable":true,"href":"https:\/\/www.vitbot.com\/it\/wp-json\/wp\/v2\/users\/1"}],"replies":[{"embeddable":true,"href":"https:\/\/www.vitbot.com\/it\/wp-json\/wp\/v2\/comments?post=5694"}],"version-history":[{"count":2,"href":"https:\/\/www.vitbot.com\/it\/wp-json\/wp\/v2\/pages\/5694\/revisions"}],"predecessor-version":[{"id":5696,"href":"https:\/\/www.vitbot.com\/it\/wp-json\/wp\/v2\/pages\/5694\/revisions\/5696"}],"wp:attachment":[{"href":"https:\/\/www.vitbot.com\/it\/wp-json\/wp\/v2\/media?parent=5694"}],"curies":[{"name":"wp","href":"https:\/\/api.w.org\/{rel}","templated":true}]}}