{"id":5649,"date":"2019-05-07T17:11:06","date_gmt":"2019-05-07T15:11:06","guid":{"rendered":"https:\/\/www.vitbot.com\/bottiglia-in-silicone-sport-kids-travel"},"modified":"2020-12-23T11:29:45","modified_gmt":"2020-12-23T09:29:45","slug":"bottiglia-in-silicone-sport-kids-travel","status":"publish","type":"page","link":"https:\/\/www.vitbot.com\/it\/bottiglia-in-silicone-sport-kids-travel","title":{"rendered":"Bottiglia in silicone Sport, Kids &#038; Travel"},"content":{"rendered":"[vc_row][vc_column][vc_empty_space height=&#8221;30px&#8221; el_class=&#8221;prod-space9&#8243;][\/vc_column][\/vc_row][vc_row fullwidth=&#8221;true&#8221; equal_columns=&#8221;true&#8221;][vc_column width=&#8221;1\/2&#8243; css=&#8221;.vc_custom_1492591143501{background-color: #ffffff !important;background-position: center !important;background-repeat: no-repeat !important;background-size: cover !important;}&#8221;][vc_row_inner][vc_column_inner][vc_single_image image=&#8221;11623&#8243; img_size=&#8221;full&#8221; alignment=&#8221;center&#8221;][vc_single_image image=&#8221;17724&#8243; img_size=&#8221;full&#8221;][\/vc_column_inner][\/vc_row_inner][\/vc_column][vc_column width=&#8221;1\/2&#8243; css=&#8221;.vc_custom_1492591132776{background-color: #ffffff !important;background-position: center !important;background-repeat: no-repeat !important;background-size: cover !important;}&#8221;][vc_row_inner][vc_column_inner][vc_column_text disable_pattern=&#8221;false&#8221; el_class=&#8221;font-alternategn2d vitbot-color1 prod-tit1&#8243;]\n<h2>Bottiglia in silicone<br \/>\nSport, Kids &amp; Travel<\/h2>\n<h3>BOTTIGLIA RIUTILIZZABILE IN SILICONE DI GRADO MEDICO PER ACQUA O ALTRI LIQUIDI<\/h3>\n[\/vc_column_text][vc_column_text disable_pattern=&#8221;false&#8221; el_class=&#8221;prod-price&#8221;]0&euro;[\/vc_column_text][vc_empty_space height=&#8221;50px&#8221; el_class=&#8221;prod-space1&#8243;][vc_column_text disable_pattern=&#8221;false&#8221; el_class=&#8221;font-din2014-l vitbot-color1 prod-desc&#8221; css=&#8221;.vc_custom_1608702803476{margin-bottom: 0px !important;}&#8221;]Stavamo cercando una bottiglia multiuso, ecco perch\u00e9 abbiamo realizzato la bottiglia<\/p>\n<p><strong>Vitbot Triskel, Sport, Kids &amp; Travel<\/strong><\/p>\n<p>La nostra bottiglia <strong>Vitbot Triskel, Sport, Kids &amp; Travel<\/strong> ha molte qualit\u00e0\u00a0e ti diremo cosa sono:<\/p>\n<p>La Vitbot Triskel, Sport, Kids &amp; Travel \u00e8 prodotta in Cina \u00a0con certificato di\u00a0<strong>produzione responsabile *.<\/strong><\/p>\n<p>Il corpo della bottiglia \u00e8 realizzato in<strong> silicone liquido per uso medico<\/strong>,\u00a0 un dei silicone di pi\u00f9 alta qualit\u00e0 che si trova attualmente sul mercato,\u00a0e il tappo \u00e8 realizzato in polipropilene senza BPA.<\/p>\n<p>La geometria del \u00abTriskel\u00bb, incisa sulla bottiglia, ricorda che <strong>l&#8217;energia ha bisogno del movimento del vortice per creare e ricreare la vita<\/strong>, uno dei principi fondamentali che governano l&#8217;universo insieme alla forma ovoidale e alle proporzioni.<\/p>\n<p><strong>Il Vitbot Sport, Triskel, Kids &amp; Travel \u00e8:<\/strong><\/p>\n<p><strong>Biomimetica:<\/strong> copiato dalla natura. Ovoidale in proporzione phi.<\/p>\n<p><strong>Attivo:<\/strong> fornisce vantaggi misurabili.<\/p>\n<p><strong>Sostenibile:<\/strong> prodotto con criteri di economia circolare.<\/p>\n<p><strong>Riciclabile<\/strong><\/p>\n<p><strong>Leggera:<\/strong> 100 grammi.<\/p>\n<p><strong>Riutilizzabile:<\/strong> 500 ml.<\/p>\n<p><strong>Versatile:<\/strong> pu\u00f2 contenere bevande fredde (-10 \u00b0 C) e calde (100 \u00b0 C) e le conserva.\u00a0(2 h. Circa. In caso di quelli freddi, e 1 h. Circa. Caldi).<\/p>\n<p><strong>Affidabile:<\/strong> nessuna migrazione. Il silicone di grado medico \u00e8 un materiale inerte che\u00a0previene la crescita batterica.<\/p>\n<p>* Abbiamo tutti i certificati che garantiscono l&#8217;origine dei materiali che utilizziamo.<\/p>\n<p>* La bottiglia pu\u00f2 essere lavata in lavastoviglie. Il tappo deve essere lavato a mano. Prima di utilizzare la bottiglia per la prima volta consigliamo di immergerla (non il tappo) per 10 minuti in una pentola con acqua bollente e un paio di cucchiai di bicarbonato di sodio. Se la bottiglia viene riempita con un succo, un t\u00e8 o una bevanda dal sapore forte,\u00a0 si consiglia\u00a0 di ripetere lo stesso processo per pulirla ed evitare odori o sapori.[\/vc_column_text][vc_empty_space height=&#8221;50px&#8221; el_class=&#8221;prod-space2&#8243;][vc_column_text disable_pattern=&#8221;false&#8221; el_class=&#8221;prod-add&#8221;]<p class=\"product woocommerce add_to_cart_inline \" style=\"border:4px solid #ccc; padding: 12px;\"><a rel=\"nofollow\" href=\"https:\/\/www.vitbot.com\/it\/prodotto\/sport-kids-travel\" data-quantity=\"1\" data-product_id=\"5623\" data-product_sku=\"00851746007026\" class=\"product_loop_button product_type_simple  ajax_add_to_cart\" data-product_id=\"5623\" data-product_sku=\"00851746007026\" aria-label=\"Leggi di pi\u00f9 su &quot;Bottiglia in silicone Sport, Kids &amp; Travel&quot;\" rel=\"nofollow\"><svg  class=\"mk-svg-icon\" data-name=\"mk-moon-search-3\" data-cacheid=\"icon-69f5f24383d19\" style=\" height:16px; width: 16px; \"  xmlns=\"http:\/\/www.w3.org\/2000\/svg\" viewBox=\"0 0 512 512\"><path d=\"M496.131 435.698l-121.276-103.147c-12.537-11.283-25.945-16.463-36.776-15.963 28.628-33.534 45.921-77.039 45.921-124.588 0-106.039-85.961-192-192-192-106.038 0-192 85.961-192 192s85.961 192 192 192c47.549 0 91.054-17.293 124.588-45.922-.5 10.831 4.68 24.239 15.963 36.776l103.147 121.276c17.661 19.623 46.511 21.277 64.11 3.678s15.946-46.449-3.677-64.11zm-304.131-115.698c-70.692 0-128-57.308-128-128s57.308-128 128-128 128 57.308 128 128-57.307 128-128 128z\"\/><\/svg><span class=\"product_loop_button_text\">Leggi tutto<\/a><\/p>[\/vc_column_text][\/vc_column_inner][\/vc_row_inner][\/vc_column][\/vc_row][vc_row][vc_column width=&#8221;1\/2&#8243;][vc_single_image image=&#8221;17732&#8243; img_size=&#8221;full&#8221;][vc_empty_space height=&#8221;50px&#8221; el_class=&#8221;prod-space2&#8243;][\/vc_column][vc_column width=&#8221;1\/2&#8243;][vc_single_image image=&#8221;17839&#8243; img_size=&#8221;full&#8221;][\/vc_column][\/vc_row][vc_row fullwidth=&#8221;true&#8221;][vc_column][vc_row_inner][vc_column_inner][vc_column_text disable_pattern=&#8221;false&#8221; css=&#8221;.vc_custom_1608714488023{margin-bottom: 0px !important;}&#8221;]Essendo un materiale infrangibile, \u00e8 ideale per atleti e bambini. La bottiglia \u00e8 progettata per essere piegata quando non in uso, rendendola ideale per viaggi o escursioni. Con le stesse propriet\u00e0 degli altri prodotti Vitbot, grazie al vortice generato all&#8217;interno della bottiglia, si ottiene una soluzione uniforme di elettroliti, minerali, vitamine, ecc. cosa c&#8217;\u00e8 nelle bevande. Grazie a questa soluzione uniforme, il corpo umano assimila le propriet\u00e0 dell&#8217;acqua, dei succhi, della fermentazione, ecc. in modo pi\u00f9 efficiente.<\/p>\n<p>Questi prodotti sono disponibili solo in Europa.<br \/>\nAd ottobre 2017 possono anche essere acquistati negli Stati Uniti e in Giappone.[\/vc_column_text][\/vc_column_inner][\/vc_row_inner][\/vc_column][\/vc_row][vc_row fullwidth=&#8221;true&#8221; equal_columns=&#8221;true&#8221; attached=&#8221;true&#8221; css=&#8221;.vc_custom_1513244391986{margin-top: 0px !important;margin-bottom: 0px !important;}&#8221;][vc_column width=&#8221;1\/2&#8243;][vc_single_image image=&#8221;2313&#8243; img_size=&#8221;full&#8221; css=&#8221;.vc_custom_1513244333665{margin-top: 0px !important;margin-bottom: 0px !important;}&#8221;][\/vc_column][vc_column width=&#8221;1\/2&#8243;][vc_single_image image=&#8221;2303&#8243; img_size=&#8221;full&#8221; css=&#8221;.vc_custom_1513244375670{margin-top: 0px !important;margin-bottom: 0px !important;}&#8221;][\/vc_column][\/vc_row][vc_row fullwidth=&#8221;true&#8221; equal_columns=&#8221;true&#8221; attached=&#8221;true&#8221; css=&#8221;.vc_custom_1513244391986{margin-top: 0px !important;margin-bottom: 0px !important;}&#8221;][vc_column width=&#8221;1\/2&#8243;][vc_single_image image=&#8221;2318&#8243; img_size=&#8221;full&#8221; css=&#8221;.vc_custom_1513244500576{margin-top: 0px !important;margin-bottom: 0px !important;}&#8221;][\/vc_column][vc_column width=&#8221;1\/2&#8243;][vc_single_image image=&#8221;2308&#8243; img_size=&#8221;full&#8221; css=&#8221;.vc_custom_1513244528744{margin-top: 0px !important;margin-bottom: 0px !important;}&#8221;][\/vc_column][\/vc_row][vc_row][vc_column][vc_empty_space height=&#8221;60px&#8221; el_class=&#8221;prod-space9&#8243;][vc_column_text disable_pattern=&#8221;false&#8221; css=&#8221;.vc_custom_1515506364727{margin-bottom: 0px !important;}&#8221;][\/vc_column_text][vc_empty_space height=&#8221;60px&#8221; el_class=&#8221;prod-space9&#8243;][\/vc_column][\/vc_row]\n","protected":false},"excerpt":{"rendered":"<p>[vc_row][vc_column][vc_empty_space height=&#8221;30px&#8221; el_class=&#8221;prod-space9&#8243;][\/vc_column][\/vc_row][vc_row fullwidth=&#8221;true&#8221; equal_columns=&#8221;true&#8221;][vc_column width=&#8221;1\/2&#8243; css=&#8221;.vc_custom_1492591143501{background-color: #ffffff !important;background-position: center !important;background-repeat: no-repeat !important;background-size: cover !important;}&#8221;][vc_row_inner][vc_column_inner][vc_single_image image=&#8221;11623&#8243; img_size=&#8221;full&#8221; alignment=&#8221;center&#8221;][vc_single_image image=&#8221;17724&#8243; img_size=&#8221;full&#8221;][\/vc_column_inner][\/vc_row_inner][\/vc_column][vc_column width=&#8221;1\/2&#8243; css=&#8221;.vc_custom_1492591132776{background-color: #ffffff !important;background-position: center !important;background-repeat: no-repeat !important;background-size: cover !important;}&#8221;][vc_row_inner][vc_column_inner][vc_column_text disable_pattern=&#8221;false&#8221; el_class=&#8221;font-alternategn2d vitbot-color1 prod-tit1&#8243;] Bottiglia in silicone Sport, Kids &amp; Travel BOTTIGLIA RIUTILIZZABILE IN SILICONE DI GRADO MEDICO PER ACQUA O ALTRI LIQUIDI [\/vc_column_text][vc_column_text disable_pattern=&#8221;false&#8221; [&hellip;]<\/p>\n","protected":false},"author":1,"featured_media":0,"parent":0,"menu_order":3,"comment_status":"closed","ping_status":"closed","template":"","meta":{"_monsterinsights_skip_tracking":false,"_monsterinsights_sitenote_active":false,"_monsterinsights_sitenote_note":"","_monsterinsights_sitenote_category":0},"yoast_head":"<!-- This site is optimized with the Yoast SEO plugin v20.1 - https:\/\/yoast.com\/wordpress\/plugins\/seo\/ -->\n<title>Bottiglia in silicone Sport, Kids &amp; Travel - Vitbot<\/title>\n<meta name=\"robots\" content=\"index, follow, max-snippet:-1, max-image-preview:large, max-video-preview:-1\" \/>\n<link rel=\"canonical\" href=\"https:\/\/www.vitbot.com\/it\/bottiglia-in-silicone-sport-kids-travel\" \/>\n<meta property=\"og:locale\" content=\"it_IT\" \/>\n<meta property=\"og:type\" content=\"article\" \/>\n<meta property=\"og:title\" content=\"Bottiglia in silicone Sport, Kids &amp; Travel - Vitbot\" \/>\n<meta property=\"og:description\" content=\"[vc_row][vc_column][vc_empty_space height=&#8221;30px&#8221; el_class=&#8221;prod-space9&#8243;][\/vc_column][\/vc_row][vc_row fullwidth=&#8221;true&#8221; equal_columns=&#8221;true&#8221;][vc_column width=&#8221;1\/2&#8243; css=&#8221;.vc_custom_1492591143501{background-color: #ffffff !important;background-position: center !important;background-repeat: no-repeat !important;background-size: cover !important;}&#8221;][vc_row_inner][vc_column_inner][vc_single_image image=&#8221;11623&#8243; img_size=&#8221;full&#8221; alignment=&#8221;center&#8221;][vc_single_image image=&#8221;17724&#8243; img_size=&#8221;full&#8221;][\/vc_column_inner][\/vc_row_inner][\/vc_column][vc_column width=&#8221;1\/2&#8243; css=&#8221;.vc_custom_1492591132776{background-color: #ffffff !important;background-position: center !important;background-repeat: no-repeat !important;background-size: cover !important;}&#8221;][vc_row_inner][vc_column_inner][vc_column_text disable_pattern=&#8221;false&#8221; el_class=&#8221;font-alternategn2d vitbot-color1 prod-tit1&#8243;] Bottiglia in silicone Sport, Kids &amp; Travel BOTTIGLIA RIUTILIZZABILE IN SILICONE DI GRADO MEDICO PER ACQUA O ALTRI LIQUIDI [\/vc_column_text][vc_column_text disable_pattern=&#8221;false&#8221; [&hellip;]\" \/>\n<meta property=\"og:url\" content=\"https:\/\/www.vitbot.com\/it\/bottiglia-in-silicone-sport-kids-travel\" \/>\n<meta property=\"og:site_name\" content=\"Vitbot\" \/>\n<meta property=\"article:publisher\" content=\"https:\/\/www.facebook.com\/vitbotbottle\/\" \/>\n<meta property=\"article:modified_time\" content=\"2020-12-23T09:29:45+00:00\" \/>\n<meta name=\"twitter:card\" content=\"summary_large_image\" \/>\n<meta name=\"twitter:label1\" content=\"Tempo di lettura stimato\" \/>\n\t<meta name=\"twitter:data1\" content=\"4 minuti\" \/>\n<script type=\"application\/ld+json\" class=\"yoast-schema-graph\">{\"@context\":\"https:\/\/schema.org\",\"@graph\":[{\"@type\":\"WebPage\",\"@id\":\"https:\/\/www.vitbot.com\/it\/bottiglia-in-silicone-sport-kids-travel\",\"url\":\"https:\/\/www.vitbot.com\/it\/bottiglia-in-silicone-sport-kids-travel\",\"name\":\"Bottiglia in silicone Sport, Kids & Travel - Vitbot\",\"isPartOf\":{\"@id\":\"https:\/\/www.vitbot.com\/it#website\"},\"datePublished\":\"2019-05-07T15:11:06+00:00\",\"dateModified\":\"2020-12-23T09:29:45+00:00\",\"breadcrumb\":{\"@id\":\"https:\/\/www.vitbot.com\/it\/bottiglia-in-silicone-sport-kids-travel#breadcrumb\"},\"inLanguage\":\"it-IT\",\"potentialAction\":[{\"@type\":\"ReadAction\",\"target\":[\"https:\/\/www.vitbot.com\/it\/bottiglia-in-silicone-sport-kids-travel\"]}]},{\"@type\":\"BreadcrumbList\",\"@id\":\"https:\/\/www.vitbot.com\/it\/bottiglia-in-silicone-sport-kids-travel#breadcrumb\",\"itemListElement\":[{\"@type\":\"ListItem\",\"position\":1,\"name\":\"Home\",\"item\":\"https:\/\/www.vitbot.com\/it\"},{\"@type\":\"ListItem\",\"position\":2,\"name\":\"Bottiglia in silicone Sport, Kids &#038; Travel\"}]},{\"@type\":\"WebSite\",\"@id\":\"https:\/\/www.vitbot.com\/it#website\",\"url\":\"https:\/\/www.vitbot.com\/it\",\"name\":\"Vitbot\",\"description\":\"Best Reusable Water Bottles | Vortex Bottle | Vitalizer Bottle\",\"publisher\":{\"@id\":\"https:\/\/www.vitbot.com\/it#organization\"},\"potentialAction\":[{\"@type\":\"SearchAction\",\"target\":{\"@type\":\"EntryPoint\",\"urlTemplate\":\"https:\/\/www.vitbot.com\/it?s={search_term_string}\"},\"query-input\":\"required name=search_term_string\"}],\"inLanguage\":\"it-IT\"},{\"@type\":\"Organization\",\"@id\":\"https:\/\/www.vitbot.com\/it#organization\",\"name\":\"Vitbot Europe,S.L. NIF B66180548 Tel\u00e8fon Correu info@vitbot.com Direcci\u00f3 C\/ Almeria 40 F Poblaci\u00f3 Tarrasa Codi postal 08226 Pa\u00eds Espanya\",\"url\":\"https:\/\/www.vitbot.com\/it\",\"logo\":{\"@type\":\"ImageObject\",\"inLanguage\":\"it-IT\",\"@id\":\"https:\/\/www.vitbot.com\/it#\/schema\/logo\/image\/\",\"url\":\"https:\/\/www.vitbot.com\/wp-content\/uploads\/2017\/03\/vitbot_logo.png\",\"contentUrl\":\"https:\/\/www.vitbot.com\/wp-content\/uploads\/2017\/03\/vitbot_logo.png\",\"width\":84,\"height\":24,\"caption\":\"Vitbot Europe,S.L. NIF B66180548 Tel\u00e8fon Correu info@vitbot.com Direcci\u00f3 C\/ Almeria 40 F Poblaci\u00f3 Tarrasa Codi postal 08226 Pa\u00eds Espanya\"},\"image\":{\"@id\":\"https:\/\/www.vitbot.com\/it#\/schema\/logo\/image\/\"},\"sameAs\":[\"https:\/\/www.facebook.com\/vitbotbottle\/\",\"https:\/\/www.instagram.com\/vitbotofficial\/\"]}]}<\/script>\n<!-- \/ Yoast SEO plugin. -->","yoast_head_json":{"title":"Bottiglia in silicone Sport, Kids & Travel - Vitbot","robots":{"index":"index","follow":"follow","max-snippet":"max-snippet:-1","max-image-preview":"max-image-preview:large","max-video-preview":"max-video-preview:-1"},"canonical":"https:\/\/www.vitbot.com\/it\/bottiglia-in-silicone-sport-kids-travel","og_locale":"it_IT","og_type":"article","og_title":"Bottiglia in silicone Sport, Kids & Travel - Vitbot","og_description":"[vc_row][vc_column][vc_empty_space height=&#8221;30px&#8221; el_class=&#8221;prod-space9&#8243;][\/vc_column][\/vc_row][vc_row fullwidth=&#8221;true&#8221; equal_columns=&#8221;true&#8221;][vc_column width=&#8221;1\/2&#8243; css=&#8221;.vc_custom_1492591143501{background-color: #ffffff !important;background-position: center !important;background-repeat: no-repeat !important;background-size: cover !important;}&#8221;][vc_row_inner][vc_column_inner][vc_single_image image=&#8221;11623&#8243; img_size=&#8221;full&#8221; alignment=&#8221;center&#8221;][vc_single_image image=&#8221;17724&#8243; img_size=&#8221;full&#8221;][\/vc_column_inner][\/vc_row_inner][\/vc_column][vc_column width=&#8221;1\/2&#8243; css=&#8221;.vc_custom_1492591132776{background-color: #ffffff !important;background-position: center !important;background-repeat: no-repeat !important;background-size: cover !important;}&#8221;][vc_row_inner][vc_column_inner][vc_column_text disable_pattern=&#8221;false&#8221; el_class=&#8221;font-alternategn2d vitbot-color1 prod-tit1&#8243;] Bottiglia in silicone Sport, Kids &amp; Travel BOTTIGLIA RIUTILIZZABILE IN SILICONE DI GRADO MEDICO PER ACQUA O ALTRI LIQUIDI [\/vc_column_text][vc_column_text disable_pattern=&#8221;false&#8221; [&hellip;]","og_url":"https:\/\/www.vitbot.com\/it\/bottiglia-in-silicone-sport-kids-travel","og_site_name":"Vitbot","article_publisher":"https:\/\/www.facebook.com\/vitbotbottle\/","article_modified_time":"2020-12-23T09:29:45+00:00","twitter_card":"summary_large_image","twitter_misc":{"Tempo di lettura stimato":"4 minuti"},"schema":{"@context":"https:\/\/schema.org","@graph":[{"@type":"WebPage","@id":"https:\/\/www.vitbot.com\/it\/bottiglia-in-silicone-sport-kids-travel","url":"https:\/\/www.vitbot.com\/it\/bottiglia-in-silicone-sport-kids-travel","name":"Bottiglia in silicone Sport, Kids & Travel - Vitbot","isPartOf":{"@id":"https:\/\/www.vitbot.com\/it#website"},"datePublished":"2019-05-07T15:11:06+00:00","dateModified":"2020-12-23T09:29:45+00:00","breadcrumb":{"@id":"https:\/\/www.vitbot.com\/it\/bottiglia-in-silicone-sport-kids-travel#breadcrumb"},"inLanguage":"it-IT","potentialAction":[{"@type":"ReadAction","target":["https:\/\/www.vitbot.com\/it\/bottiglia-in-silicone-sport-kids-travel"]}]},{"@type":"BreadcrumbList","@id":"https:\/\/www.vitbot.com\/it\/bottiglia-in-silicone-sport-kids-travel#breadcrumb","itemListElement":[{"@type":"ListItem","position":1,"name":"Home","item":"https:\/\/www.vitbot.com\/it"},{"@type":"ListItem","position":2,"name":"Bottiglia in silicone Sport, Kids &#038; Travel"}]},{"@type":"WebSite","@id":"https:\/\/www.vitbot.com\/it#website","url":"https:\/\/www.vitbot.com\/it","name":"Vitbot","description":"Best Reusable Water Bottles | Vortex Bottle | Vitalizer Bottle","publisher":{"@id":"https:\/\/www.vitbot.com\/it#organization"},"potentialAction":[{"@type":"SearchAction","target":{"@type":"EntryPoint","urlTemplate":"https:\/\/www.vitbot.com\/it?s={search_term_string}"},"query-input":"required name=search_term_string"}],"inLanguage":"it-IT"},{"@type":"Organization","@id":"https:\/\/www.vitbot.com\/it#organization","name":"Vitbot Europe,S.L. NIF B66180548 Tel\u00e8fon Correu info@vitbot.com Direcci\u00f3 C\/ Almeria 40 F Poblaci\u00f3 Tarrasa Codi postal 08226 Pa\u00eds Espanya","url":"https:\/\/www.vitbot.com\/it","logo":{"@type":"ImageObject","inLanguage":"it-IT","@id":"https:\/\/www.vitbot.com\/it#\/schema\/logo\/image\/","url":"https:\/\/www.vitbot.com\/wp-content\/uploads\/2017\/03\/vitbot_logo.png","contentUrl":"https:\/\/www.vitbot.com\/wp-content\/uploads\/2017\/03\/vitbot_logo.png","width":84,"height":24,"caption":"Vitbot Europe,S.L. NIF B66180548 Tel\u00e8fon Correu info@vitbot.com Direcci\u00f3 C\/ Almeria 40 F Poblaci\u00f3 Tarrasa Codi postal 08226 Pa\u00eds Espanya"},"image":{"@id":"https:\/\/www.vitbot.com\/it#\/schema\/logo\/image\/"},"sameAs":["https:\/\/www.facebook.com\/vitbotbottle\/","https:\/\/www.instagram.com\/vitbotofficial\/"]}]}},"_links":{"self":[{"href":"https:\/\/www.vitbot.com\/it\/wp-json\/wp\/v2\/pages\/5649"}],"collection":[{"href":"https:\/\/www.vitbot.com\/it\/wp-json\/wp\/v2\/pages"}],"about":[{"href":"https:\/\/www.vitbot.com\/it\/wp-json\/wp\/v2\/types\/page"}],"author":[{"embeddable":true,"href":"https:\/\/www.vitbot.com\/it\/wp-json\/wp\/v2\/users\/1"}],"replies":[{"embeddable":true,"href":"https:\/\/www.vitbot.com\/it\/wp-json\/wp\/v2\/comments?post=5649"}],"version-history":[{"count":8,"href":"https:\/\/www.vitbot.com\/it\/wp-json\/wp\/v2\/pages\/5649\/revisions"}],"predecessor-version":[{"id":17836,"href":"https:\/\/www.vitbot.com\/it\/wp-json\/wp\/v2\/pages\/5649\/revisions\/17836"}],"wp:attachment":[{"href":"https:\/\/www.vitbot.com\/it\/wp-json\/wp\/v2\/media?parent=5649"}],"curies":[{"name":"wp","href":"https:\/\/api.w.org\/{rel}","templated":true}]}}