{"id":5605,"date":"2019-05-07T13:22:42","date_gmt":"2019-05-07T11:22:42","guid":{"rendered":"https:\/\/www.vitbot.com\/linea-industriale"},"modified":"2020-02-12T18:30:41","modified_gmt":"2020-02-12T16:30:41","slug":"linea-industriale","status":"publish","type":"page","link":"https:\/\/www.vitbot.com\/it\/linea-industriale","title":{"rendered":"Linea Industriale"},"content":{"rendered":"[vc_row fullwidth=&#8221;true&#8221; equal_columns=&#8221;true&#8221; css=&#8221;.vc_custom_1490864043520{background-color: #ffffff !important;}&#8221;][vc_column][vc_single_image image=&#8221;705&#8243; img_size=&#8221;full&#8221; css=&#8221;.vc_custom_1492703393470{margin-top: 0px !important;margin-right: 0px !important;margin-bottom: 0px !important;margin-left: 0px !important;}&#8221;][\/vc_column][\/vc_row][vc_row css=&#8221;.vc_custom_1490287549845{background-color: #ffffff !important;}&#8221;][vc_column][vc_empty_space height=&#8221;45px&#8221;][vc_column_text disable_pattern=&#8221;false&#8221; el_class=&#8221;indu-tit1 vitbot-color1 font-din2014-b&#8221; css=&#8221;.vc_custom_1543569914920{margin-bottom: 0px !important;}&#8221;]\n<h1>LINEA INDUSTRIALE<\/h1>\n[\/vc_column_text][\/vc_column][\/vc_row][vc_row css=&#8221;.vc_custom_1490287549845{background-color: #ffffff !important;}&#8221;][vc_column width=&#8221;1\/2&#8243;][vc_column_text disable_pattern=&#8221;false&#8221; el_class=&#8221;font-din2014-l indu-txt&#8221; css=&#8221;.vc_custom_1543562230862{margin-bottom: 0px !important;}&#8221;]Le bottiglie Vitbot sono ideali per tutti i tipi di bevande: succhi, latticini, bevande vegetali o alimenti per l&#8217;infanzia. Allo stesso modo, Vitbot \u00e8 la soluzione ottimale per il packaging di cosmetici e oli essenziali. Infine, le bottiglie Vitbot sono il contenitore ideale per contenere vino, cava o birra artigianale, t\u00e8 Kombucha, kefir, ecc. poich\u00e9 in queste bevande la maturazione e la fermentazione continuano all&#8217;interno della bottiglia.<\/p>\n<p>Le bottiglie Vitbot per uso industriale sono progettate per cambiare le dinamiche dell&#8217;imballaggio di acqua e bevande alimentari. Attualmente, la maggior parte dei contenitori che troviamo sul mercato sono pensati e progettati in base a criteri di estetica, prezzo basso o stoccaggio semplice. Vitbot incorpora un concetto innovativo nelle sue bottiglie: la forma ovoidale. La forma dell&#8217;uovo consente ai liquidi di ruotare in un vortice all&#8217;interno delle bottiglie. Grazie a questo movimento, si ottiene una dissoluzione uniforme degli elettroliti, dei minerali, ecc. contenente le bevande, preservando intatte le qualit\u00e0 che avevano al momento dell&#8217;imbottigliamento e consentendo al corpo umano di assimilare queste propriet\u00e0 in modo molto pi\u00f9 efficace.[\/vc_column_text][vc_row_inner][vc_column_inner width=&#8221;1\/2&#8243;][vc_single_image image=&#8221;11009&#8243; img_size=&#8221;full&#8221; alignment=&#8221;center&#8221; onclick=&#8221;link_image&#8221;][\/vc_column_inner][vc_column_inner width=&#8221;1\/2&#8243;][vc_single_image image=&#8221;11016&#8243; img_size=&#8221;full&#8221; alignment=&#8221;center&#8221; onclick=&#8221;link_image&#8221;][\/vc_column_inner][\/vc_row_inner][\/vc_column][vc_column width=&#8221;1\/2&#8243;][vc_column_text disable_pattern=&#8221;false&#8221; el_class=&#8221;font-din2014-l indu-txt&#8221; css=&#8221;.vc_custom_1559369791253{margin-bottom: 0px !important;}&#8221;]Le bottiglie Vitbot possono avere pi\u00f9 formati e diversi design e finiture, a seconda del prodotto che si desidera confezionare, l&#8217;unico requisito \u00e8 quello di mantenere il corpo della bottiglia in una proporzione ovoidale e phi.<\/p>\n<p>I produttori di bevande hanno tre opzioni: acquistare bottiglie da Vitbot, produrre le loro bottiglie Vitbot personalizzati con una licenza royalty o raggiungere un accordo di co-branding con noi.<\/p>\n<p><strong>Perch\u00e9 a Vitbot ci concentriamo sulle bottiglie in rPET e in HDPE reciclabili oltre che in vetro?<\/strong><\/p>\n<p>Poich\u00e9 i produttori di bevande a freddo con certificazione ecologica, hanno bisogno delle bottiglie di rPET (polietilene riciclato), poich\u00e9 \u00e8 l&#8217;unico materiale che supporta le alte pressioni della tecnologia HPP necessaria per evitare la pastorizzazione e mantenere le propriet\u00e0 dei nutrienti originali dei suoi drink.<\/p>\n<p>Nel caso dei produttori che pastorizzano le loro bevande biologiche, optano per il materiale HDPE (Polietilene riciclabile ad alta densit\u00e0), poich\u00e9 \u00e8 un materiale che resiste a temperature superiori a 40 \u00b0 C senza migrazione. L&#8217;HDPE \u00e8 anche un materiale ideale quando si desidera avere un contenitore totalmente opaco e proteggere il contenuto delle bottiglie dalla luce.<\/p>\n<p>Vi preghiamo di contattarci se avete qualsiasi domanda o se desiderate campioni per efettuare dei test[\/vc_column_text][vc_btn title=&#8221;CONTATTA CON NOI&#8221; color=&#8221;white&#8221; size=&#8221;lg&#8221; align=&#8221;left&#8221; link=&#8221;url:%2Fit%2Fcontattare|&#8221; el_class=&#8221;btn-contacta bg-color2&#8243;][\/vc_column][\/vc_row][vc_row][vc_column width=&#8221;1\/2&#8243;][vc_empty_space height=&#8221;90px&#8221;][\/vc_column][vc_column width=&#8221;1\/2&#8243;][\/vc_column][\/vc_row]\n","protected":false},"excerpt":{"rendered":"<p>[vc_row fullwidth=&#8221;true&#8221; equal_columns=&#8221;true&#8221; css=&#8221;.vc_custom_1490864043520{background-color: #ffffff !important;}&#8221;][vc_column][vc_single_image image=&#8221;705&#8243; img_size=&#8221;full&#8221; css=&#8221;.vc_custom_1492703393470{margin-top: 0px !important;margin-right: 0px !important;margin-bottom: 0px !important;margin-left: 0px !important;}&#8221;][\/vc_column][\/vc_row][vc_row css=&#8221;.vc_custom_1490287549845{background-color: #ffffff !important;}&#8221;][vc_column][vc_empty_space height=&#8221;45px&#8221;][vc_column_text disable_pattern=&#8221;false&#8221; el_class=&#8221;indu-tit1 vitbot-color1 font-din2014-b&#8221; css=&#8221;.vc_custom_1543569914920{margin-bottom: 0px !important;}&#8221;] LINEA INDUSTRIALE [\/vc_column_text][\/vc_column][\/vc_row][vc_row css=&#8221;.vc_custom_1490287549845{background-color: #ffffff !important;}&#8221;][vc_column width=&#8221;1\/2&#8243;][vc_column_text disable_pattern=&#8221;false&#8221; el_class=&#8221;font-din2014-l indu-txt&#8221; css=&#8221;.vc_custom_1543562230862{margin-bottom: 0px !important;}&#8221;]Le bottiglie Vitbot sono ideali per tutti i tipi di bevande: succhi, latticini, bevande vegetali [&hellip;]<\/p>\n","protected":false},"author":1,"featured_media":0,"parent":0,"menu_order":3,"comment_status":"closed","ping_status":"closed","template":"","meta":{"_monsterinsights_skip_tracking":false,"_monsterinsights_sitenote_active":false,"_monsterinsights_sitenote_note":"","_monsterinsights_sitenote_category":0},"yoast_head":"<!-- This site is optimized with the Yoast SEO plugin v20.1 - https:\/\/yoast.com\/wordpress\/plugins\/seo\/ -->\n<title>Linea Industriale - Vitbot<\/title>\n<meta name=\"robots\" content=\"index, follow, max-snippet:-1, max-image-preview:large, max-video-preview:-1\" \/>\n<link rel=\"canonical\" href=\"https:\/\/www.vitbot.com\/it\/linea-industriale\" \/>\n<meta property=\"og:locale\" content=\"it_IT\" \/>\n<meta property=\"og:type\" content=\"article\" \/>\n<meta property=\"og:title\" content=\"Linea Industriale - Vitbot\" \/>\n<meta property=\"og:description\" content=\"[vc_row fullwidth=&#8221;true&#8221; equal_columns=&#8221;true&#8221; css=&#8221;.vc_custom_1490864043520{background-color: #ffffff !important;}&#8221;][vc_column][vc_single_image image=&#8221;705&#8243; img_size=&#8221;full&#8221; css=&#8221;.vc_custom_1492703393470{margin-top: 0px !important;margin-right: 0px !important;margin-bottom: 0px !important;margin-left: 0px !important;}&#8221;][\/vc_column][\/vc_row][vc_row css=&#8221;.vc_custom_1490287549845{background-color: #ffffff !important;}&#8221;][vc_column][vc_empty_space height=&#8221;45px&#8221;][vc_column_text disable_pattern=&#8221;false&#8221; el_class=&#8221;indu-tit1 vitbot-color1 font-din2014-b&#8221; css=&#8221;.vc_custom_1543569914920{margin-bottom: 0px !important;}&#8221;] LINEA INDUSTRIALE [\/vc_column_text][\/vc_column][\/vc_row][vc_row css=&#8221;.vc_custom_1490287549845{background-color: #ffffff !important;}&#8221;][vc_column width=&#8221;1\/2&#8243;][vc_column_text disable_pattern=&#8221;false&#8221; el_class=&#8221;font-din2014-l indu-txt&#8221; css=&#8221;.vc_custom_1543562230862{margin-bottom: 0px !important;}&#8221;]Le bottiglie Vitbot sono ideali per tutti i tipi di bevande: succhi, latticini, bevande vegetali [&hellip;]\" \/>\n<meta property=\"og:url\" content=\"https:\/\/www.vitbot.com\/it\/linea-industriale\" \/>\n<meta property=\"og:site_name\" content=\"Vitbot\" \/>\n<meta property=\"article:publisher\" content=\"https:\/\/www.facebook.com\/vitbotbottle\/\" \/>\n<meta property=\"article:modified_time\" content=\"2020-02-12T16:30:41+00:00\" \/>\n<meta name=\"twitter:card\" content=\"summary_large_image\" \/>\n<meta name=\"twitter:label1\" content=\"Tempo di lettura stimato\" \/>\n\t<meta name=\"twitter:data1\" content=\"3 minuti\" \/>\n<script type=\"application\/ld+json\" class=\"yoast-schema-graph\">{\"@context\":\"https:\/\/schema.org\",\"@graph\":[{\"@type\":\"WebPage\",\"@id\":\"https:\/\/www.vitbot.com\/it\/linea-industriale\",\"url\":\"https:\/\/www.vitbot.com\/it\/linea-industriale\",\"name\":\"Linea Industriale - Vitbot\",\"isPartOf\":{\"@id\":\"https:\/\/www.vitbot.com\/it#website\"},\"datePublished\":\"2019-05-07T11:22:42+00:00\",\"dateModified\":\"2020-02-12T16:30:41+00:00\",\"breadcrumb\":{\"@id\":\"https:\/\/www.vitbot.com\/it\/linea-industriale#breadcrumb\"},\"inLanguage\":\"it-IT\",\"potentialAction\":[{\"@type\":\"ReadAction\",\"target\":[\"https:\/\/www.vitbot.com\/it\/linea-industriale\"]}]},{\"@type\":\"BreadcrumbList\",\"@id\":\"https:\/\/www.vitbot.com\/it\/linea-industriale#breadcrumb\",\"itemListElement\":[{\"@type\":\"ListItem\",\"position\":1,\"name\":\"Home\",\"item\":\"https:\/\/www.vitbot.com\/it\"},{\"@type\":\"ListItem\",\"position\":2,\"name\":\"Linea Industriale\"}]},{\"@type\":\"WebSite\",\"@id\":\"https:\/\/www.vitbot.com\/it#website\",\"url\":\"https:\/\/www.vitbot.com\/it\",\"name\":\"Vitbot\",\"description\":\"Best Reusable Water Bottles | Vortex Bottle | Vitalizer Bottle\",\"publisher\":{\"@id\":\"https:\/\/www.vitbot.com\/it#organization\"},\"potentialAction\":[{\"@type\":\"SearchAction\",\"target\":{\"@type\":\"EntryPoint\",\"urlTemplate\":\"https:\/\/www.vitbot.com\/it?s={search_term_string}\"},\"query-input\":\"required name=search_term_string\"}],\"inLanguage\":\"it-IT\"},{\"@type\":\"Organization\",\"@id\":\"https:\/\/www.vitbot.com\/it#organization\",\"name\":\"Vitbot Europe,S.L. NIF B66180548 Tel\u00e8fon Correu info@vitbot.com Direcci\u00f3 C\/ Almeria 40 F Poblaci\u00f3 Tarrasa Codi postal 08226 Pa\u00eds Espanya\",\"url\":\"https:\/\/www.vitbot.com\/it\",\"logo\":{\"@type\":\"ImageObject\",\"inLanguage\":\"it-IT\",\"@id\":\"https:\/\/www.vitbot.com\/it#\/schema\/logo\/image\/\",\"url\":\"https:\/\/www.vitbot.com\/wp-content\/uploads\/2017\/03\/vitbot_logo.png\",\"contentUrl\":\"https:\/\/www.vitbot.com\/wp-content\/uploads\/2017\/03\/vitbot_logo.png\",\"width\":84,\"height\":24,\"caption\":\"Vitbot Europe,S.L. NIF B66180548 Tel\u00e8fon Correu info@vitbot.com Direcci\u00f3 C\/ Almeria 40 F Poblaci\u00f3 Tarrasa Codi postal 08226 Pa\u00eds Espanya\"},\"image\":{\"@id\":\"https:\/\/www.vitbot.com\/it#\/schema\/logo\/image\/\"},\"sameAs\":[\"https:\/\/www.facebook.com\/vitbotbottle\/\",\"https:\/\/www.instagram.com\/vitbotofficial\/\"]}]}<\/script>\n<!-- \/ Yoast SEO plugin. -->","yoast_head_json":{"title":"Linea Industriale - Vitbot","robots":{"index":"index","follow":"follow","max-snippet":"max-snippet:-1","max-image-preview":"max-image-preview:large","max-video-preview":"max-video-preview:-1"},"canonical":"https:\/\/www.vitbot.com\/it\/linea-industriale","og_locale":"it_IT","og_type":"article","og_title":"Linea Industriale - Vitbot","og_description":"[vc_row fullwidth=&#8221;true&#8221; equal_columns=&#8221;true&#8221; css=&#8221;.vc_custom_1490864043520{background-color: #ffffff !important;}&#8221;][vc_column][vc_single_image image=&#8221;705&#8243; img_size=&#8221;full&#8221; css=&#8221;.vc_custom_1492703393470{margin-top: 0px !important;margin-right: 0px !important;margin-bottom: 0px !important;margin-left: 0px !important;}&#8221;][\/vc_column][\/vc_row][vc_row css=&#8221;.vc_custom_1490287549845{background-color: #ffffff !important;}&#8221;][vc_column][vc_empty_space height=&#8221;45px&#8221;][vc_column_text disable_pattern=&#8221;false&#8221; el_class=&#8221;indu-tit1 vitbot-color1 font-din2014-b&#8221; css=&#8221;.vc_custom_1543569914920{margin-bottom: 0px !important;}&#8221;] LINEA INDUSTRIALE [\/vc_column_text][\/vc_column][\/vc_row][vc_row css=&#8221;.vc_custom_1490287549845{background-color: #ffffff !important;}&#8221;][vc_column width=&#8221;1\/2&#8243;][vc_column_text disable_pattern=&#8221;false&#8221; el_class=&#8221;font-din2014-l indu-txt&#8221; css=&#8221;.vc_custom_1543562230862{margin-bottom: 0px !important;}&#8221;]Le bottiglie Vitbot sono ideali per tutti i tipi di bevande: succhi, latticini, bevande vegetali [&hellip;]","og_url":"https:\/\/www.vitbot.com\/it\/linea-industriale","og_site_name":"Vitbot","article_publisher":"https:\/\/www.facebook.com\/vitbotbottle\/","article_modified_time":"2020-02-12T16:30:41+00:00","twitter_card":"summary_large_image","twitter_misc":{"Tempo di lettura stimato":"3 minuti"},"schema":{"@context":"https:\/\/schema.org","@graph":[{"@type":"WebPage","@id":"https:\/\/www.vitbot.com\/it\/linea-industriale","url":"https:\/\/www.vitbot.com\/it\/linea-industriale","name":"Linea Industriale - Vitbot","isPartOf":{"@id":"https:\/\/www.vitbot.com\/it#website"},"datePublished":"2019-05-07T11:22:42+00:00","dateModified":"2020-02-12T16:30:41+00:00","breadcrumb":{"@id":"https:\/\/www.vitbot.com\/it\/linea-industriale#breadcrumb"},"inLanguage":"it-IT","potentialAction":[{"@type":"ReadAction","target":["https:\/\/www.vitbot.com\/it\/linea-industriale"]}]},{"@type":"BreadcrumbList","@id":"https:\/\/www.vitbot.com\/it\/linea-industriale#breadcrumb","itemListElement":[{"@type":"ListItem","position":1,"name":"Home","item":"https:\/\/www.vitbot.com\/it"},{"@type":"ListItem","position":2,"name":"Linea Industriale"}]},{"@type":"WebSite","@id":"https:\/\/www.vitbot.com\/it#website","url":"https:\/\/www.vitbot.com\/it","name":"Vitbot","description":"Best Reusable Water Bottles | Vortex Bottle | Vitalizer Bottle","publisher":{"@id":"https:\/\/www.vitbot.com\/it#organization"},"potentialAction":[{"@type":"SearchAction","target":{"@type":"EntryPoint","urlTemplate":"https:\/\/www.vitbot.com\/it?s={search_term_string}"},"query-input":"required name=search_term_string"}],"inLanguage":"it-IT"},{"@type":"Organization","@id":"https:\/\/www.vitbot.com\/it#organization","name":"Vitbot Europe,S.L. NIF B66180548 Tel\u00e8fon Correu info@vitbot.com Direcci\u00f3 C\/ Almeria 40 F Poblaci\u00f3 Tarrasa Codi postal 08226 Pa\u00eds Espanya","url":"https:\/\/www.vitbot.com\/it","logo":{"@type":"ImageObject","inLanguage":"it-IT","@id":"https:\/\/www.vitbot.com\/it#\/schema\/logo\/image\/","url":"https:\/\/www.vitbot.com\/wp-content\/uploads\/2017\/03\/vitbot_logo.png","contentUrl":"https:\/\/www.vitbot.com\/wp-content\/uploads\/2017\/03\/vitbot_logo.png","width":84,"height":24,"caption":"Vitbot Europe,S.L. NIF B66180548 Tel\u00e8fon Correu info@vitbot.com Direcci\u00f3 C\/ Almeria 40 F Poblaci\u00f3 Tarrasa Codi postal 08226 Pa\u00eds Espanya"},"image":{"@id":"https:\/\/www.vitbot.com\/it#\/schema\/logo\/image\/"},"sameAs":["https:\/\/www.facebook.com\/vitbotbottle\/","https:\/\/www.instagram.com\/vitbotofficial\/"]}]}},"_links":{"self":[{"href":"https:\/\/www.vitbot.com\/it\/wp-json\/wp\/v2\/pages\/5605"}],"collection":[{"href":"https:\/\/www.vitbot.com\/it\/wp-json\/wp\/v2\/pages"}],"about":[{"href":"https:\/\/www.vitbot.com\/it\/wp-json\/wp\/v2\/types\/page"}],"author":[{"embeddable":true,"href":"https:\/\/www.vitbot.com\/it\/wp-json\/wp\/v2\/users\/1"}],"replies":[{"embeddable":true,"href":"https:\/\/www.vitbot.com\/it\/wp-json\/wp\/v2\/comments?post=5605"}],"version-history":[{"count":5,"href":"https:\/\/www.vitbot.com\/it\/wp-json\/wp\/v2\/pages\/5605\/revisions"}],"predecessor-version":[{"id":11029,"href":"https:\/\/www.vitbot.com\/it\/wp-json\/wp\/v2\/pages\/5605\/revisions\/11029"}],"wp:attachment":[{"href":"https:\/\/www.vitbot.com\/it\/wp-json\/wp\/v2\/media?parent=5605"}],"curies":[{"name":"wp","href":"https:\/\/api.w.org\/{rel}","templated":true}]}}