{"id":5596,"date":"2019-05-07T13:11:51","date_gmt":"2019-05-07T11:11:51","guid":{"rendered":"https:\/\/www.vitbot.com\/la-biomimetica"},"modified":"2019-05-07T13:13:32","modified_gmt":"2019-05-07T11:13:32","slug":"la-biomimetica","status":"publish","type":"page","link":"https:\/\/www.vitbot.com\/it\/la-biomimetica","title":{"rendered":"La Biomimetica"},"content":{"rendered":"[vc_row fullwidth=&#8221;true&#8221; equal_columns=&#8221;true&#8221; css=&#8221;.vc_custom_1490864043520{background-color: #ffffff !important;}&#8221;][vc_column][vc_single_image image=&#8221;758&#8243; img_size=&#8221;full&#8221; css=&#8221;.vc_custom_1492795866101{margin-top: 0px !important;margin-right: 0px !important;margin-bottom: 0px !important;margin-left: 0px !important;}&#8221;][\/vc_column][\/vc_row][vc_row css=&#8221;.vc_custom_1490287549845{background-color: #ffffff !important;}&#8221;][vc_column][vc_empty_space height=&#8221;45px&#8221;][vc_column_text disable_pattern=&#8221;false&#8221; el_class=&#8221;biomimesis-tit1 vitbot-color1 font-din2014-b&#8221;]\n<h1>LA BIOMIMETICA<\/h1>\n[\/vc_column_text][\/vc_column][\/vc_row][vc_row css=&#8221;.vc_custom_1490287549845{background-color: #ffffff !important;}&#8221;][vc_column width=&#8221;1\/2&#8243;][vc_column_text disable_pattern=&#8221;false&#8221; el_class=&#8221;font-din2014-l biomimesis-txt&#8221;]La idea delle bottiglie Vitbot \u00e8 emersa dall\u2019osservazione della natura.  Osserviamo la forma di semi e uova, cos\u00ec piccoli e resistenti, ottimi per contenere la vita al loro interno. <\/p>\n<p>In secondo luogo, costatiamo che nella natura esiste un patron onnipresente, il numero Phi di Fibonacci.<\/p>\n<p>Per ultimo, abbiamo imparato che la natura utilizza il movimento in vortice , perche \u00e8 il pi\u00f9 effettivo per contenere e mantenere la energia. Dagli atomi alle galassie si muovono in vortice, e cos\u00ed ugualmente l\u2019acqua dei fiuimi e oceani.<\/p>\n<p>Le bottigllie Vitbot sono il frutto di questa osservazione, ed \u00e8 per quello che sono estate disegnate in forma ovaloide, tenendo presente il  rapporto Phi per mantenere questo movimento in vortice.[\/vc_column_text][vc_column_text disable_pattern=&#8221;false&#8221; el_class=&#8221;biomimesis-txt2 vitbot-color2 font-din2014-l&#8221;]\n<h3>\u00abSi potrebbe vedere la natura come un catalogo di prodotti. Tutti loro si sono beneficiati  di un periodo di 3.800 milioni di anni di ricerca ed sviluppo, visto il livello di inversione, ha tutto il senso usarlo\u00bb.<\/h3>\n<h4>MICHAEL PAWLYN<\/h4>\n<h3>\u00abQuando guardiamo quello che \u00e8 veramente sostenibile, l\u00fanico modelo reale che ha funzionato durante lunghi periodi di tempo \u00e8 stata la natura\u00bb.<\/h3>\n<h4>JANINE BENYUS<\/h4>\n[\/vc_column_text][vc_empty_space height=&#8221;45px&#8221;][\/vc_column][vc_column width=&#8221;1\/2&#8243;][vc_column_text disable_pattern=&#8221;false&#8221; el_class=&#8221;biomimesis-txt2 vitbot-color2 font-din2014-l&#8221;]\n<h3>\u00abBiomimetica \u00e8 la scienza che studia la natura come fonte d\u2019ispirazione, per risolvere i problemi umani che la natura ha gi\u00e0 risolto\u00bb.<\/h3>\n<h4>ANDREA RINALDI<\/h4>\n<h3>\u00abCrediamo che l&#8217;adozione diffusa di soluzioni ispirate alla natura catalizzer\u00e0 una nuova era nel design e negli affari che andr\u00e0 a vantaggio sia delle persone che del pianeta. Facciamo l&#8217;atto di chiedere consiglio alla natura una parte normale dell&#8217;invenzione quotidiana\u00bb.<\/h3>\n<p><a href=\"http:\/\/www.biomimicry.org\" target=\"_blank\" rel=\"noopener noreferrer\">www.biomimicry.org<\/a>[\/vc_column_text][\/vc_column][\/vc_row][vc_row][vc_column][vc_empty_space height=&#8221;30px&#8221;][\/vc_column][\/vc_row][vc_row fullwidth=&#8221;true&#8221; fullwidth_content=&#8221;false&#8221; equal_columns=&#8221;true&#8221; css=&#8221;.vc_custom_1491896057741{padding-top: 110px !important;padding-bottom: 90px !important;background-color: #1e0064 !important;}&#8221;][vc_column width=&#8221;1\/2&#8243;][vc_column_text disable_pattern=&#8221;false&#8221; el_class=&#8221;font-alternategn2d vitbot-color2 vidlink-txt&#8221;]\n<h3>Janine Benyus &#8211; L\u2019EFETTO DELLA RETE BIOMIMETICA<\/h3>\n[\/vc_column_text][vc_column_text disable_pattern=&#8221;false&#8221; el_class=&#8221;font-din2014-l vidlink-txt vitbot-color3&#8243;]La biologa, consulente innovativa e autrice, Janine Benyus, spiega come la comunit\u00e0 biomimetica possa collaborare con la natura in una lista di sfide che non possono aspettare. [\/vc_column_text][\/vc_column][vc_column width=&#8221;1\/2&#8243;][vc_video link=&#8221;https:\/\/www.youtube.com\/watch?v=lx2hvVIFN_U&amp;vq=1080&#8243; custom_thumbnail=&#8221;true&#8221; thumbnail_image=&#8221;3730&#8243;][vc_column_text disable_pattern=&#8221;false&#8221; el_class=&#8221;font-din2014-l vidlink-txt vitbot-color3 fs16&#8243;]Fai clic sull&#8217;icona delle impostazioni per attivare i sottotitoli in spagnolo.[\/vc_column_text][\/vc_column][\/vc_row][vc_row fullwidth=&#8221;true&#8221; fullwidth_content=&#8221;false&#8221; equal_columns=&#8221;true&#8221; css=&#8221;.vc_custom_1491896265756{padding-top: 110px !important;padding-bottom: 90px !important;background-color: #ffffff !important;}&#8221;][vc_column width=&#8221;1\/2&#8243;][vc_video link=&#8221;https:\/\/www.youtube.com\/watch?v=3QZp6smeSQA&amp;vq=1080&#8243;][vc_column_text disable_pattern=&#8221;false&#8221; el_class=&#8221;font-din2014-l vidlink-txt vitbot-color1 fs16&#8243;]Fai clic sull&#8217;icona delle impostazioni per attivare i sottotitoli in spagnolo.[\/vc_column_text][\/vc_column][vc_column width=&#8221;1\/2&#8243;][vc_column_text disable_pattern=&#8221;false&#8221; el_class=&#8221;font-alternategn2d vitbot-color1 vidlink-txt&#8221;]\n<h3>Michael Pawlyn: UTILIZZARE IL GENIO DELLA NATURA IN ARCHITETTURA<\/h3>\n[\/vc_column_text][vc_column_text disable_pattern=&#8221;false&#8221; el_class=&#8221;font-din2014-l vidlink-txt vitbot-color1&#8243;]Come possono gli architetti costruire un nuovo mondo di bellezza sostenibile? Imparare dalla natura. Al TED Salon di Londra, Michael Pawlyn descrive tre abitudini della natura che potrebbero trasformare l&#8217;architettura e la societ\u00e0: l&#8217;efficienza radicale delle risorse, i circuiti chiusi e l&#8217;estrazione di energia dal sole.[\/vc_column_text][\/vc_column][\/vc_row][vc_row fullwidth=&#8221;true&#8221; fullwidth_content=&#8221;false&#8221; equal_columns=&#8221;true&#8221; css=&#8221;.vc_custom_1491896057741{padding-top: 110px !important;padding-bottom: 90px !important;background-color: #1e0064 !important;}&#8221;][vc_column width=&#8221;1\/2&#8243;][vc_column_text disable_pattern=&#8221;false&#8221; el_class=&#8221;font-alternategn2d vitbot-color2 vidlink-txt&#8221;]\n<h3>Neri Oxman: PROGETTARE LA FORMA<\/h3>\n[\/vc_column_text][vc_column_text disable_pattern=&#8221;false&#8221; el_class=&#8221;font-din2014-l vidlink-txt vitbot-color3&#8243;]L&#8217;architetto Neri Oxman fondatore di MATERIAL ECOLOGY, un&#8217;iniziativa di progettazione interdisciplinare che estende i limiti della generazione computazionale di forme e ingegneria dei materiali. Oxman indaga il materiale e le prestazioni della natura nel tentativo di definire la forma stessa.[\/vc_column_text][\/vc_column][vc_column width=&#8221;1\/2&#8243;][vc_video link=&#8221;https:\/\/www.youtube.com\/watch?v=txl4QR0GDnU&amp;vq=1080&#8243;][vc_column_text disable_pattern=&#8221;false&#8221; el_class=&#8221;font-din2014-l vidlink-txt vitbot-color3 fs16&#8243;]Fai clic sull&#8217;icona delle impostazioni per attivare i sottotitoli in spagnolo.[\/vc_column_text][\/vc_column][\/vc_row][vc_row fullwidth=&#8221;true&#8221; fullwidth_content=&#8221;false&#8221; equal_columns=&#8221;true&#8221; css=&#8221;.vc_custom_1491896265756{padding-top: 110px !important;padding-bottom: 90px !important;background-color: #ffffff !important;}&#8221;][vc_column width=&#8221;1\/2&#8243;][vc_video link=&#8221;https:\/\/www.youtube.com\/watch?v=JnBkbaFsZOY&amp;vq=1080&#8243;][vc_column_text disable_pattern=&#8221;false&#8221; el_class=&#8221;font-din2014-l vidlink-txt vitbot-color1 fs16&#8243;]Fai clic sull&#8217;icona delle impostazioni per attivare i sottotitoli in spagnolo.[\/vc_column_text][\/vc_column][vc_column width=&#8221;1\/2&#8243;][vc_column_text disable_pattern=&#8221;false&#8221; el_class=&#8221;font-alternategn2d vitbot-color1 vidlink-txt&#8221;]\n<h3>Bio-Inspiraci\u00f3n: LA NATURA COME MUSE<\/h3>\n[\/vc_column_text][vc_column_text disable_pattern=&#8221;false&#8221; el_class=&#8221;font-din2014-l vidlink-txt vitbot-color1&#8243;]Per centinaia di anni, gli scienziati hanno cercato idee progettuali per le strutture della natura. Ora, i biologi e gli ingegneri di UC Berkeley stanno lavorando insieme per progettare una vasta gamma di nuovi prodotti, come i milli-robot salvavita basati sul modo in cui scarafaggi e adesivi lavorano basati sull&#8217;incredibile design di un piede di geco. QUEST visita i suoi laboratori per scoprire cosa c&#8217;\u00e8 di cos\u00ec speciale in questi animali che strisciano e si arrampicano[\/vc_column_text][\/vc_column][\/vc_row][vc_row fullwidth=&#8221;true&#8221; fullwidth_content=&#8221;false&#8221; equal_columns=&#8221;true&#8221; css=&#8221;.vc_custom_1491896057741{padding-top: 110px !important;padding-bottom: 90px !important;background-color: #1e0064 !important;}&#8221;][vc_column width=&#8221;1\/2&#8243;][vc_column_text disable_pattern=&#8221;false&#8221; el_class=&#8221;font-alternategn2d vitbot-color2 vidlink-txt&#8221;]\n<h3>Philippe Starck PARLA DI ACQUA E UNA SOLUZIONE BIOMIMETICA PER I RUBINETTI<\/h3>\n[\/vc_column_text][vc_column_text disable_pattern=&#8221;false&#8221; el_class=&#8221;font-din2014-l vidlink-txt vitbot-color3&#8243;]Axor Starck V ci consente di sperimentare la vitalit\u00e0 dell&#8217;acqua. Con un potente vortice, il mixer produce una connessione emotiva con l&#8217;acqua. Scoprite da soli perch\u00e9 Philippe Starck &#8220;un recinto minimo per questo miracolo&#8221; \u00e8 solo per rendere omaggio a questo prezioso elemento di tutti e perch\u00e9 questo nuovo montaggio Axor Starck V, come lo vede, rappresenta una rivoluzione.[\/vc_column_text][\/vc_column][vc_column width=&#8221;1\/2&#8243;][vc_video link=&#8221;https:\/\/www.youtube.com\/watch?v=J-mLqUo0ep0&amp;vq=1080&#8243;][vc_column_text disable_pattern=&#8221;false&#8221; el_class=&#8221;font-din2014-l vidlink-txt vitbot-color3 fs16&#8243;]Fai clic sull&#8217;icona delle impostazioni per attivare i sottotitoli in spagnolo.[\/vc_column_text][\/vc_column][\/vc_row]\n","protected":false},"excerpt":{"rendered":"<p>[vc_row fullwidth=&#8221;true&#8221; equal_columns=&#8221;true&#8221; css=&#8221;.vc_custom_1490864043520{background-color: #ffffff !important;}&#8221;][vc_column][vc_single_image image=&#8221;758&#8243; img_size=&#8221;full&#8221; css=&#8221;.vc_custom_1492795866101{margin-top: 0px !important;margin-right: 0px !important;margin-bottom: 0px !important;margin-left: 0px !important;}&#8221;][\/vc_column][\/vc_row][vc_row css=&#8221;.vc_custom_1490287549845{background-color: #ffffff !important;}&#8221;][vc_column][vc_empty_space height=&#8221;45px&#8221;][vc_column_text disable_pattern=&#8221;false&#8221; el_class=&#8221;biomimesis-tit1 vitbot-color1 font-din2014-b&#8221;] LA BIOMIMETICA [\/vc_column_text][\/vc_column][\/vc_row][vc_row css=&#8221;.vc_custom_1490287549845{background-color: #ffffff !important;}&#8221;][vc_column width=&#8221;1\/2&#8243;][vc_column_text disable_pattern=&#8221;false&#8221; el_class=&#8221;font-din2014-l biomimesis-txt&#8221;]La idea delle bottiglie Vitbot \u00e8 emersa dall\u2019osservazione della natura. Osserviamo la forma di semi e uova, cos\u00ec piccoli e resistenti, [&hellip;]<\/p>\n","protected":false},"author":1,"featured_media":0,"parent":0,"menu_order":5,"comment_status":"closed","ping_status":"closed","template":"","meta":{"_monsterinsights_skip_tracking":false,"_monsterinsights_sitenote_active":false,"_monsterinsights_sitenote_note":"","_monsterinsights_sitenote_category":0},"yoast_head":"<!-- This site is optimized with the Yoast SEO plugin v20.1 - https:\/\/yoast.com\/wordpress\/plugins\/seo\/ -->\n<title>La Biomimetica - Vitbot<\/title>\n<meta name=\"robots\" content=\"index, follow, max-snippet:-1, max-image-preview:large, max-video-preview:-1\" \/>\n<link rel=\"canonical\" href=\"https:\/\/www.vitbot.com\/it\/la-biomimetica\" \/>\n<meta property=\"og:locale\" content=\"it_IT\" \/>\n<meta property=\"og:type\" content=\"article\" \/>\n<meta property=\"og:title\" content=\"La Biomimetica - Vitbot\" \/>\n<meta property=\"og:description\" content=\"[vc_row fullwidth=&#8221;true&#8221; equal_columns=&#8221;true&#8221; css=&#8221;.vc_custom_1490864043520{background-color: #ffffff !important;}&#8221;][vc_column][vc_single_image image=&#8221;758&#8243; img_size=&#8221;full&#8221; css=&#8221;.vc_custom_1492795866101{margin-top: 0px !important;margin-right: 0px !important;margin-bottom: 0px !important;margin-left: 0px !important;}&#8221;][\/vc_column][\/vc_row][vc_row css=&#8221;.vc_custom_1490287549845{background-color: #ffffff !important;}&#8221;][vc_column][vc_empty_space height=&#8221;45px&#8221;][vc_column_text disable_pattern=&#8221;false&#8221; el_class=&#8221;biomimesis-tit1 vitbot-color1 font-din2014-b&#8221;] LA BIOMIMETICA [\/vc_column_text][\/vc_column][\/vc_row][vc_row css=&#8221;.vc_custom_1490287549845{background-color: #ffffff !important;}&#8221;][vc_column width=&#8221;1\/2&#8243;][vc_column_text disable_pattern=&#8221;false&#8221; el_class=&#8221;font-din2014-l biomimesis-txt&#8221;]La idea delle bottiglie Vitbot \u00e8 emersa dall\u2019osservazione della natura. Osserviamo la forma di semi e uova, cos\u00ec piccoli e resistenti, [&hellip;]\" \/>\n<meta property=\"og:url\" content=\"https:\/\/www.vitbot.com\/it\/la-biomimetica\" \/>\n<meta property=\"og:site_name\" content=\"Vitbot\" \/>\n<meta property=\"article:publisher\" content=\"https:\/\/www.facebook.com\/vitbotbottle\/\" \/>\n<meta property=\"article:modified_time\" content=\"2019-05-07T11:13:32+00:00\" \/>\n<meta name=\"twitter:card\" content=\"summary_large_image\" \/>\n<meta name=\"twitter:label1\" content=\"Tempo di lettura stimato\" \/>\n\t<meta name=\"twitter:data1\" content=\"6 minuti\" \/>\n<script type=\"application\/ld+json\" class=\"yoast-schema-graph\">{\"@context\":\"https:\/\/schema.org\",\"@graph\":[{\"@type\":\"WebPage\",\"@id\":\"https:\/\/www.vitbot.com\/it\/la-biomimetica\",\"url\":\"https:\/\/www.vitbot.com\/it\/la-biomimetica\",\"name\":\"La Biomimetica - Vitbot\",\"isPartOf\":{\"@id\":\"https:\/\/www.vitbot.com\/it#website\"},\"datePublished\":\"2019-05-07T11:11:51+00:00\",\"dateModified\":\"2019-05-07T11:13:32+00:00\",\"breadcrumb\":{\"@id\":\"https:\/\/www.vitbot.com\/it\/la-biomimetica#breadcrumb\"},\"inLanguage\":\"it-IT\",\"potentialAction\":[{\"@type\":\"ReadAction\",\"target\":[\"https:\/\/www.vitbot.com\/it\/la-biomimetica\"]}]},{\"@type\":\"BreadcrumbList\",\"@id\":\"https:\/\/www.vitbot.com\/it\/la-biomimetica#breadcrumb\",\"itemListElement\":[{\"@type\":\"ListItem\",\"position\":1,\"name\":\"Home\",\"item\":\"https:\/\/www.vitbot.com\/it\"},{\"@type\":\"ListItem\",\"position\":2,\"name\":\"La Biomimetica\"}]},{\"@type\":\"WebSite\",\"@id\":\"https:\/\/www.vitbot.com\/it#website\",\"url\":\"https:\/\/www.vitbot.com\/it\",\"name\":\"Vitbot\",\"description\":\"Best Reusable Water Bottles | Vortex Bottle | Vitalizer Bottle\",\"publisher\":{\"@id\":\"https:\/\/www.vitbot.com\/it#organization\"},\"potentialAction\":[{\"@type\":\"SearchAction\",\"target\":{\"@type\":\"EntryPoint\",\"urlTemplate\":\"https:\/\/www.vitbot.com\/it?s={search_term_string}\"},\"query-input\":\"required name=search_term_string\"}],\"inLanguage\":\"it-IT\"},{\"@type\":\"Organization\",\"@id\":\"https:\/\/www.vitbot.com\/it#organization\",\"name\":\"Vitbot Europe,S.L. NIF B66180548 Tel\u00e8fon Correu info@vitbot.com Direcci\u00f3 C\/ Almeria 40 F Poblaci\u00f3 Tarrasa Codi postal 08226 Pa\u00eds Espanya\",\"url\":\"https:\/\/www.vitbot.com\/it\",\"logo\":{\"@type\":\"ImageObject\",\"inLanguage\":\"it-IT\",\"@id\":\"https:\/\/www.vitbot.com\/it#\/schema\/logo\/image\/\",\"url\":\"https:\/\/www.vitbot.com\/wp-content\/uploads\/2017\/03\/vitbot_logo.png\",\"contentUrl\":\"https:\/\/www.vitbot.com\/wp-content\/uploads\/2017\/03\/vitbot_logo.png\",\"width\":84,\"height\":24,\"caption\":\"Vitbot Europe,S.L. NIF B66180548 Tel\u00e8fon Correu info@vitbot.com Direcci\u00f3 C\/ Almeria 40 F Poblaci\u00f3 Tarrasa Codi postal 08226 Pa\u00eds Espanya\"},\"image\":{\"@id\":\"https:\/\/www.vitbot.com\/it#\/schema\/logo\/image\/\"},\"sameAs\":[\"https:\/\/www.facebook.com\/vitbotbottle\/\",\"https:\/\/www.instagram.com\/vitbotofficial\/\"]}]}<\/script>\n<!-- \/ Yoast SEO plugin. -->","yoast_head_json":{"title":"La Biomimetica - Vitbot","robots":{"index":"index","follow":"follow","max-snippet":"max-snippet:-1","max-image-preview":"max-image-preview:large","max-video-preview":"max-video-preview:-1"},"canonical":"https:\/\/www.vitbot.com\/it\/la-biomimetica","og_locale":"it_IT","og_type":"article","og_title":"La Biomimetica - Vitbot","og_description":"[vc_row fullwidth=&#8221;true&#8221; equal_columns=&#8221;true&#8221; css=&#8221;.vc_custom_1490864043520{background-color: #ffffff !important;}&#8221;][vc_column][vc_single_image image=&#8221;758&#8243; img_size=&#8221;full&#8221; css=&#8221;.vc_custom_1492795866101{margin-top: 0px !important;margin-right: 0px !important;margin-bottom: 0px !important;margin-left: 0px !important;}&#8221;][\/vc_column][\/vc_row][vc_row css=&#8221;.vc_custom_1490287549845{background-color: #ffffff !important;}&#8221;][vc_column][vc_empty_space height=&#8221;45px&#8221;][vc_column_text disable_pattern=&#8221;false&#8221; el_class=&#8221;biomimesis-tit1 vitbot-color1 font-din2014-b&#8221;] LA BIOMIMETICA [\/vc_column_text][\/vc_column][\/vc_row][vc_row css=&#8221;.vc_custom_1490287549845{background-color: #ffffff !important;}&#8221;][vc_column width=&#8221;1\/2&#8243;][vc_column_text disable_pattern=&#8221;false&#8221; el_class=&#8221;font-din2014-l biomimesis-txt&#8221;]La idea delle bottiglie Vitbot \u00e8 emersa dall\u2019osservazione della natura. Osserviamo la forma di semi e uova, cos\u00ec piccoli e resistenti, [&hellip;]","og_url":"https:\/\/www.vitbot.com\/it\/la-biomimetica","og_site_name":"Vitbot","article_publisher":"https:\/\/www.facebook.com\/vitbotbottle\/","article_modified_time":"2019-05-07T11:13:32+00:00","twitter_card":"summary_large_image","twitter_misc":{"Tempo di lettura stimato":"6 minuti"},"schema":{"@context":"https:\/\/schema.org","@graph":[{"@type":"WebPage","@id":"https:\/\/www.vitbot.com\/it\/la-biomimetica","url":"https:\/\/www.vitbot.com\/it\/la-biomimetica","name":"La Biomimetica - Vitbot","isPartOf":{"@id":"https:\/\/www.vitbot.com\/it#website"},"datePublished":"2019-05-07T11:11:51+00:00","dateModified":"2019-05-07T11:13:32+00:00","breadcrumb":{"@id":"https:\/\/www.vitbot.com\/it\/la-biomimetica#breadcrumb"},"inLanguage":"it-IT","potentialAction":[{"@type":"ReadAction","target":["https:\/\/www.vitbot.com\/it\/la-biomimetica"]}]},{"@type":"BreadcrumbList","@id":"https:\/\/www.vitbot.com\/it\/la-biomimetica#breadcrumb","itemListElement":[{"@type":"ListItem","position":1,"name":"Home","item":"https:\/\/www.vitbot.com\/it"},{"@type":"ListItem","position":2,"name":"La Biomimetica"}]},{"@type":"WebSite","@id":"https:\/\/www.vitbot.com\/it#website","url":"https:\/\/www.vitbot.com\/it","name":"Vitbot","description":"Best Reusable Water Bottles | Vortex Bottle | Vitalizer Bottle","publisher":{"@id":"https:\/\/www.vitbot.com\/it#organization"},"potentialAction":[{"@type":"SearchAction","target":{"@type":"EntryPoint","urlTemplate":"https:\/\/www.vitbot.com\/it?s={search_term_string}"},"query-input":"required name=search_term_string"}],"inLanguage":"it-IT"},{"@type":"Organization","@id":"https:\/\/www.vitbot.com\/it#organization","name":"Vitbot Europe,S.L. NIF B66180548 Tel\u00e8fon Correu info@vitbot.com Direcci\u00f3 C\/ Almeria 40 F Poblaci\u00f3 Tarrasa Codi postal 08226 Pa\u00eds Espanya","url":"https:\/\/www.vitbot.com\/it","logo":{"@type":"ImageObject","inLanguage":"it-IT","@id":"https:\/\/www.vitbot.com\/it#\/schema\/logo\/image\/","url":"https:\/\/www.vitbot.com\/wp-content\/uploads\/2017\/03\/vitbot_logo.png","contentUrl":"https:\/\/www.vitbot.com\/wp-content\/uploads\/2017\/03\/vitbot_logo.png","width":84,"height":24,"caption":"Vitbot Europe,S.L. NIF B66180548 Tel\u00e8fon Correu info@vitbot.com Direcci\u00f3 C\/ Almeria 40 F Poblaci\u00f3 Tarrasa Codi postal 08226 Pa\u00eds Espanya"},"image":{"@id":"https:\/\/www.vitbot.com\/it#\/schema\/logo\/image\/"},"sameAs":["https:\/\/www.facebook.com\/vitbotbottle\/","https:\/\/www.instagram.com\/vitbotofficial\/"]}]}},"_links":{"self":[{"href":"https:\/\/www.vitbot.com\/it\/wp-json\/wp\/v2\/pages\/5596"}],"collection":[{"href":"https:\/\/www.vitbot.com\/it\/wp-json\/wp\/v2\/pages"}],"about":[{"href":"https:\/\/www.vitbot.com\/it\/wp-json\/wp\/v2\/types\/page"}],"author":[{"embeddable":true,"href":"https:\/\/www.vitbot.com\/it\/wp-json\/wp\/v2\/users\/1"}],"replies":[{"embeddable":true,"href":"https:\/\/www.vitbot.com\/it\/wp-json\/wp\/v2\/comments?post=5596"}],"version-history":[{"count":1,"href":"https:\/\/www.vitbot.com\/it\/wp-json\/wp\/v2\/pages\/5596\/revisions"}],"predecessor-version":[{"id":5599,"href":"https:\/\/www.vitbot.com\/it\/wp-json\/wp\/v2\/pages\/5596\/revisions\/5599"}],"wp:attachment":[{"href":"https:\/\/www.vitbot.com\/it\/wp-json\/wp\/v2\/media?parent=5596"}],"curies":[{"name":"wp","href":"https:\/\/api.w.org\/{rel}","templated":true}]}}