{"id":5570,"date":"2019-05-07T12:42:38","date_gmt":"2019-05-07T10:42:38","guid":{"rendered":"https:\/\/www.vitbot.com\/la-proporzione-phi"},"modified":"2019-05-07T12:44:14","modified_gmt":"2019-05-07T10:44:14","slug":"la-proporzione-phi","status":"publish","type":"page","link":"https:\/\/www.vitbot.com\/it\/la-proporzione-phi","title":{"rendered":"La Proporzione PHI"},"content":{"rendered":"[vc_row fullwidth=&#8221;true&#8221; equal_columns=&#8221;true&#8221; css=&#8221;.vc_custom_1490864043520{background-color: #ffffff !important;}&#8221;][vc_column][vc_single_image image=&#8221;773&#8243; img_size=&#8221;full&#8221; css=&#8221;.vc_custom_1492795601109{margin-top: 0px !important;margin-right: 0px !important;margin-bottom: 0px !important;margin-left: 0px !important;}&#8221;][\/vc_column][\/vc_row][vc_row css=&#8221;.vc_custom_1490287549845{background-color: #ffffff !important;}&#8221;][vc_column][vc_empty_space height=&#8221;45px&#8221;][vc_column_text disable_pattern=&#8221;false&#8221; el_class=&#8221;propphi-tit1 vitbot-color1 font-din2014-b&#8221;]\n<h1>LA PROPORZIONE PHI<\/h1>\n[\/vc_column_text][\/vc_column][\/vc_row][vc_row css=&#8221;.vc_custom_1490287549845{background-color: #ffffff !important;}&#8221;][vc_column width=&#8221;1\/2&#8243;][vc_column_text disable_pattern=&#8221;false&#8221; el_class=&#8221;font-din2014-l propphi-txt&#8221;]Il rapporto Phi \u00e8 un modello di crescita che la natura utilizza. Possiamo osservare questo schema nei girasoli, nelle foglie delle piante, ecc. Grazie a questo schema, i rami, le foglie e i semi ricevono la stessa esposizione solare e la stessa quantit\u00e0 d&#8217;acqua dalla pioggia, poich\u00e9 non si intasano l&#8217;uno con l&#8217;altro.<\/p>\n<p>Il rapporto Phi appare anche nella configurazione del DNA, le ossa delle dita, il rapporto tra le ossa delle braccia, gli avambracci e le mani, l&#8217;orecchio interno ed esterno, ecc., Anche se in questo caso la scienza non ha ancora scoperto quale \u00e8 l&#8217;efficacia concreta di questa proporzione nell&#8217;organismo umano.[\/vc_column_text][\/vc_column][vc_column width=&#8221;1\/2&#8243;][vc_column_text disable_pattern=&#8221;false&#8221; el_class=&#8221;font-din2014-l propphi-txt&#8221;]Matematici come Pitagora, Euclidi, Luca Pacioli o Leonardo da Pisa (Fibonacci); artisti come Botticelli, Michelangelo, Leonardo da Vinci, D\u00fcrer, C\u00e9zanne, Mondrian o Dal\u00ed; Architetti come Gaud\u00ed, Le Corbusier, ecc. Hanno usato e divulgato l&#8217;unicit\u00e0 della proporzione Phi come espressione di bellezza, armonia ed efficienza.[\/vc_column_text][\/vc_column][\/vc_row][vc_row][vc_column][vc_empty_space height=&#8221;30px&#8221;][\/vc_column][\/vc_row][vc_row fullwidth=&#8221;true&#8221; fullwidth_content=&#8221;false&#8221; equal_columns=&#8221;true&#8221; css=&#8221;.vc_custom_1491207581962{padding-top: 110px !important;padding-bottom: 90px !important;background-color: #1e0064 !important;}&#8221;][vc_column width=&#8221;1\/2&#8243;][vc_column_text disable_pattern=&#8221;false&#8221; el_class=&#8221;font-alternategn2d vitbot-color2 vidlink-txt&#8221;]\n<h3>NATURA E NUMERI<\/h3>\n[\/vc_column_text][vc_column_text disable_pattern=&#8221;false&#8221; el_class=&#8221;font-din2014-l vidlink-txt vitbot-color3&#8243;]Uno spettacolo visivo sull&#8217;onnipresente proporzione Phi in natura.[\/vc_column_text][\/vc_column][vc_column width=&#8221;1\/2&#8243;][vc_video link=&#8221;https:\/\/www.youtube.com\/watch?v=kkGeOWYOFoA&amp;vq=1080&#8243;][\/vc_column][\/vc_row][vc_row fullwidth=&#8221;true&#8221; fullwidth_content=&#8221;false&#8221; equal_columns=&#8221;true&#8221; css=&#8221;.vc_custom_1491208048171{padding-top: 110px !important;padding-bottom: 90px !important;background-color: #ffffff !important;}&#8221;][vc_column width=&#8221;1\/2&#8243;][vc_video link=&#8221;https:\/\/www.youtube.com\/watch?v=SjSHVDfXHQ4&amp;vq=1080&#8243;][vc_column_text disable_pattern=&#8221;false&#8221; el_class=&#8221;font-din2014-l vidlink-txt vitbot-color1 fs16&#8243;]Fai clic sull&#8217;icona delle impostazioni per attivare i sottotitoli in spagnolo.[\/vc_column_text][\/vc_column][vc_column width=&#8221;1\/2&#8243;][vc_column_text disable_pattern=&#8221;false&#8221; el_class=&#8221;font-alternategn2d vitbot-color1 vidlink-txt&#8221;]\n<h3>LA MAGIA DEI NUMERI FIBONACCI | ARTHUR BENJAMIN <\/h3>\n[\/vc_column_text][vc_column_text disable_pattern=&#8221;false&#8221; el_class=&#8221;font-din2014-l vidlink-txt vitbot-color1&#8243;]La matematica \u00e8 logica, funzionale e semplicemente &#8230; impressionante. Il matematico Arthur Benjamin esplora le propriet\u00e0 nascoste di quella strana e meravigliosa serie di numeri, la serie di Fibonacci.[\/vc_column_text][\/vc_column][\/vc_row][vc_row fullwidth=&#8221;true&#8221; fullwidth_content=&#8221;false&#8221; equal_columns=&#8221;true&#8221; css=&#8221;.vc_custom_1491207581962{padding-top: 110px !important;padding-bottom: 90px !important;background-color: #1e0064 !important;}&#8221;][vc_column width=&#8221;1\/2&#8243;][vc_column_text disable_pattern=&#8221;false&#8221; el_class=&#8221;font-alternategn2d vitbot-color2 vidlink-txt&#8221;]\n<h3>LA PROPORZIONE AUREA | RETI DI DOCUMENTAZIONE (EDUARD PUNSET)<\/h3>\n[\/vc_column_text][vc_column_text disable_pattern=&#8221;false&#8221; el_class=&#8221;font-din2014-l vidlink-txt vitbot-color3&#8243;]Presenza della proporzione Phi, dai dipinti di Dal\u00ed alla scienza classica o alla fisica quantistica. [\/vc_column_text][\/vc_column][vc_column width=&#8221;1\/2&#8243;][vc_video link=&#8221;https:\/\/www.youtube.com\/watch?v=d_7I-uqz_ic&amp;vq=1080&#8243;][\/vc_column][\/vc_row][vc_row fullwidth=&#8221;true&#8221; fullwidth_content=&#8221;false&#8221; equal_columns=&#8221;true&#8221; css=&#8221;.vc_custom_1492771598565{padding-top: 110px !important;padding-bottom: 90px !important;background-color: #ffffff !important;}&#8221;][vc_column width=&#8221;1\/2&#8243;][vc_video link=&#8221;https:\/\/www.youtube.com\/watch?v=4VrcO6JaMrM&amp;vq=1080&#8243;][vc_column_text disable_pattern=&#8221;false&#8221; el_class=&#8221;font-din2014-l vidlink-txt vitbot-color1 fs16&#8243;]Fai clic sull&#8217;icona delle impostazioni per attivare i sottotitoli in spagnolo.[\/vc_column_text][\/vc_column][vc_column width=&#8221;1\/2&#8243;][vc_column_text disable_pattern=&#8221;false&#8221; el_class=&#8221;font-alternategn2d vitbot-color1 vidlink-txt&#8221;]\n<h3>LA PROPORZIONE DEL PHI E LA NATURA FRATTALE DELLA REALT\u00c0<\/h3>\n[\/vc_column_text][vc_column_text disable_pattern=&#8221;false&#8221; el_class=&#8221;font-din2014-l vidlink-txt vitbot-color1&#8243;]I numeri di Fibonacci interessano ai biologi e i fisici perch\u00e9 sono frequentemente osservati in vari oggetti e fenomeni naturali. I modelli di ramificazione su alberi e foglie, ad esempio, e la distribuzione dei semi in un lampone sono basati su numeri di Fibonacci.[\/vc_column_text][\/vc_column][\/vc_row][vc_row][vc_column][vc_empty_space height=&#8221;90px&#8221;][\/vc_column][\/vc_row]\n","protected":false},"excerpt":{"rendered":"<p>[vc_row fullwidth=&#8221;true&#8221; equal_columns=&#8221;true&#8221; css=&#8221;.vc_custom_1490864043520{background-color: #ffffff !important;}&#8221;][vc_column][vc_single_image image=&#8221;773&#8243; img_size=&#8221;full&#8221; css=&#8221;.vc_custom_1492795601109{margin-top: 0px !important;margin-right: 0px !important;margin-bottom: 0px !important;margin-left: 0px !important;}&#8221;][\/vc_column][\/vc_row][vc_row css=&#8221;.vc_custom_1490287549845{background-color: #ffffff !important;}&#8221;][vc_column][vc_empty_space height=&#8221;45px&#8221;][vc_column_text disable_pattern=&#8221;false&#8221; el_class=&#8221;propphi-tit1 vitbot-color1 font-din2014-b&#8221;] LA PROPORZIONE PHI [\/vc_column_text][\/vc_column][\/vc_row][vc_row css=&#8221;.vc_custom_1490287549845{background-color: #ffffff !important;}&#8221;][vc_column width=&#8221;1\/2&#8243;][vc_column_text disable_pattern=&#8221;false&#8221; el_class=&#8221;font-din2014-l propphi-txt&#8221;]Il rapporto Phi \u00e8 un modello di crescita che la natura utilizza. Possiamo osservare questo schema nei girasoli, nelle foglie [&hellip;]<\/p>\n","protected":false},"author":1,"featured_media":0,"parent":0,"menu_order":8,"comment_status":"closed","ping_status":"closed","template":"","meta":{"_monsterinsights_skip_tracking":false,"_monsterinsights_sitenote_active":false,"_monsterinsights_sitenote_note":"","_monsterinsights_sitenote_category":0},"yoast_head":"<!-- This site is optimized with the Yoast SEO plugin v20.1 - https:\/\/yoast.com\/wordpress\/plugins\/seo\/ -->\n<title>La Proporzione PHI - Vitbot<\/title>\n<meta name=\"robots\" content=\"index, follow, max-snippet:-1, max-image-preview:large, max-video-preview:-1\" \/>\n<link rel=\"canonical\" href=\"https:\/\/www.vitbot.com\/it\/la-proporzione-phi\" \/>\n<meta property=\"og:locale\" content=\"it_IT\" \/>\n<meta property=\"og:type\" content=\"article\" \/>\n<meta property=\"og:title\" content=\"La Proporzione PHI - Vitbot\" \/>\n<meta property=\"og:description\" content=\"[vc_row fullwidth=&#8221;true&#8221; equal_columns=&#8221;true&#8221; css=&#8221;.vc_custom_1490864043520{background-color: #ffffff !important;}&#8221;][vc_column][vc_single_image image=&#8221;773&#8243; img_size=&#8221;full&#8221; css=&#8221;.vc_custom_1492795601109{margin-top: 0px !important;margin-right: 0px !important;margin-bottom: 0px !important;margin-left: 0px !important;}&#8221;][\/vc_column][\/vc_row][vc_row css=&#8221;.vc_custom_1490287549845{background-color: #ffffff !important;}&#8221;][vc_column][vc_empty_space height=&#8221;45px&#8221;][vc_column_text disable_pattern=&#8221;false&#8221; el_class=&#8221;propphi-tit1 vitbot-color1 font-din2014-b&#8221;] LA PROPORZIONE PHI [\/vc_column_text][\/vc_column][\/vc_row][vc_row css=&#8221;.vc_custom_1490287549845{background-color: #ffffff !important;}&#8221;][vc_column width=&#8221;1\/2&#8243;][vc_column_text disable_pattern=&#8221;false&#8221; el_class=&#8221;font-din2014-l propphi-txt&#8221;]Il rapporto Phi \u00e8 un modello di crescita che la natura utilizza. Possiamo osservare questo schema nei girasoli, nelle foglie [&hellip;]\" \/>\n<meta property=\"og:url\" content=\"https:\/\/www.vitbot.com\/it\/la-proporzione-phi\" \/>\n<meta property=\"og:site_name\" content=\"Vitbot\" \/>\n<meta property=\"article:publisher\" content=\"https:\/\/www.facebook.com\/vitbotbottle\/\" \/>\n<meta property=\"article:modified_time\" content=\"2019-05-07T10:44:14+00:00\" \/>\n<meta name=\"twitter:card\" content=\"summary_large_image\" \/>\n<meta name=\"twitter:label1\" content=\"Tempo di lettura stimato\" \/>\n\t<meta name=\"twitter:data1\" content=\"4 minuti\" \/>\n<script type=\"application\/ld+json\" class=\"yoast-schema-graph\">{\"@context\":\"https:\/\/schema.org\",\"@graph\":[{\"@type\":\"WebPage\",\"@id\":\"https:\/\/www.vitbot.com\/it\/la-proporzione-phi\",\"url\":\"https:\/\/www.vitbot.com\/it\/la-proporzione-phi\",\"name\":\"La Proporzione PHI - Vitbot\",\"isPartOf\":{\"@id\":\"https:\/\/www.vitbot.com\/it#website\"},\"datePublished\":\"2019-05-07T10:42:38+00:00\",\"dateModified\":\"2019-05-07T10:44:14+00:00\",\"breadcrumb\":{\"@id\":\"https:\/\/www.vitbot.com\/it\/la-proporzione-phi#breadcrumb\"},\"inLanguage\":\"it-IT\",\"potentialAction\":[{\"@type\":\"ReadAction\",\"target\":[\"https:\/\/www.vitbot.com\/it\/la-proporzione-phi\"]}]},{\"@type\":\"BreadcrumbList\",\"@id\":\"https:\/\/www.vitbot.com\/it\/la-proporzione-phi#breadcrumb\",\"itemListElement\":[{\"@type\":\"ListItem\",\"position\":1,\"name\":\"Home\",\"item\":\"https:\/\/www.vitbot.com\/it\"},{\"@type\":\"ListItem\",\"position\":2,\"name\":\"La Proporzione PHI\"}]},{\"@type\":\"WebSite\",\"@id\":\"https:\/\/www.vitbot.com\/it#website\",\"url\":\"https:\/\/www.vitbot.com\/it\",\"name\":\"Vitbot\",\"description\":\"Best Reusable Water Bottles | Vortex Bottle | Vitalizer Bottle\",\"publisher\":{\"@id\":\"https:\/\/www.vitbot.com\/it#organization\"},\"potentialAction\":[{\"@type\":\"SearchAction\",\"target\":{\"@type\":\"EntryPoint\",\"urlTemplate\":\"https:\/\/www.vitbot.com\/it?s={search_term_string}\"},\"query-input\":\"required name=search_term_string\"}],\"inLanguage\":\"it-IT\"},{\"@type\":\"Organization\",\"@id\":\"https:\/\/www.vitbot.com\/it#organization\",\"name\":\"Vitbot Europe,S.L. NIF B66180548 Tel\u00e8fon Correu info@vitbot.com Direcci\u00f3 C\/ Almeria 40 F Poblaci\u00f3 Tarrasa Codi postal 08226 Pa\u00eds Espanya\",\"url\":\"https:\/\/www.vitbot.com\/it\",\"logo\":{\"@type\":\"ImageObject\",\"inLanguage\":\"it-IT\",\"@id\":\"https:\/\/www.vitbot.com\/it#\/schema\/logo\/image\/\",\"url\":\"https:\/\/www.vitbot.com\/wp-content\/uploads\/2017\/03\/vitbot_logo.png\",\"contentUrl\":\"https:\/\/www.vitbot.com\/wp-content\/uploads\/2017\/03\/vitbot_logo.png\",\"width\":84,\"height\":24,\"caption\":\"Vitbot Europe,S.L. NIF B66180548 Tel\u00e8fon Correu info@vitbot.com Direcci\u00f3 C\/ Almeria 40 F Poblaci\u00f3 Tarrasa Codi postal 08226 Pa\u00eds Espanya\"},\"image\":{\"@id\":\"https:\/\/www.vitbot.com\/it#\/schema\/logo\/image\/\"},\"sameAs\":[\"https:\/\/www.facebook.com\/vitbotbottle\/\",\"https:\/\/www.instagram.com\/vitbotofficial\/\"]}]}<\/script>\n<!-- \/ Yoast SEO plugin. -->","yoast_head_json":{"title":"La Proporzione PHI - Vitbot","robots":{"index":"index","follow":"follow","max-snippet":"max-snippet:-1","max-image-preview":"max-image-preview:large","max-video-preview":"max-video-preview:-1"},"canonical":"https:\/\/www.vitbot.com\/it\/la-proporzione-phi","og_locale":"it_IT","og_type":"article","og_title":"La Proporzione PHI - Vitbot","og_description":"[vc_row fullwidth=&#8221;true&#8221; equal_columns=&#8221;true&#8221; css=&#8221;.vc_custom_1490864043520{background-color: #ffffff !important;}&#8221;][vc_column][vc_single_image image=&#8221;773&#8243; img_size=&#8221;full&#8221; css=&#8221;.vc_custom_1492795601109{margin-top: 0px !important;margin-right: 0px !important;margin-bottom: 0px !important;margin-left: 0px !important;}&#8221;][\/vc_column][\/vc_row][vc_row css=&#8221;.vc_custom_1490287549845{background-color: #ffffff !important;}&#8221;][vc_column][vc_empty_space height=&#8221;45px&#8221;][vc_column_text disable_pattern=&#8221;false&#8221; el_class=&#8221;propphi-tit1 vitbot-color1 font-din2014-b&#8221;] LA PROPORZIONE PHI [\/vc_column_text][\/vc_column][\/vc_row][vc_row css=&#8221;.vc_custom_1490287549845{background-color: #ffffff !important;}&#8221;][vc_column width=&#8221;1\/2&#8243;][vc_column_text disable_pattern=&#8221;false&#8221; el_class=&#8221;font-din2014-l propphi-txt&#8221;]Il rapporto Phi \u00e8 un modello di crescita che la natura utilizza. Possiamo osservare questo schema nei girasoli, nelle foglie [&hellip;]","og_url":"https:\/\/www.vitbot.com\/it\/la-proporzione-phi","og_site_name":"Vitbot","article_publisher":"https:\/\/www.facebook.com\/vitbotbottle\/","article_modified_time":"2019-05-07T10:44:14+00:00","twitter_card":"summary_large_image","twitter_misc":{"Tempo di lettura stimato":"4 minuti"},"schema":{"@context":"https:\/\/schema.org","@graph":[{"@type":"WebPage","@id":"https:\/\/www.vitbot.com\/it\/la-proporzione-phi","url":"https:\/\/www.vitbot.com\/it\/la-proporzione-phi","name":"La Proporzione PHI - Vitbot","isPartOf":{"@id":"https:\/\/www.vitbot.com\/it#website"},"datePublished":"2019-05-07T10:42:38+00:00","dateModified":"2019-05-07T10:44:14+00:00","breadcrumb":{"@id":"https:\/\/www.vitbot.com\/it\/la-proporzione-phi#breadcrumb"},"inLanguage":"it-IT","potentialAction":[{"@type":"ReadAction","target":["https:\/\/www.vitbot.com\/it\/la-proporzione-phi"]}]},{"@type":"BreadcrumbList","@id":"https:\/\/www.vitbot.com\/it\/la-proporzione-phi#breadcrumb","itemListElement":[{"@type":"ListItem","position":1,"name":"Home","item":"https:\/\/www.vitbot.com\/it"},{"@type":"ListItem","position":2,"name":"La Proporzione PHI"}]},{"@type":"WebSite","@id":"https:\/\/www.vitbot.com\/it#website","url":"https:\/\/www.vitbot.com\/it","name":"Vitbot","description":"Best Reusable Water Bottles | Vortex Bottle | Vitalizer Bottle","publisher":{"@id":"https:\/\/www.vitbot.com\/it#organization"},"potentialAction":[{"@type":"SearchAction","target":{"@type":"EntryPoint","urlTemplate":"https:\/\/www.vitbot.com\/it?s={search_term_string}"},"query-input":"required name=search_term_string"}],"inLanguage":"it-IT"},{"@type":"Organization","@id":"https:\/\/www.vitbot.com\/it#organization","name":"Vitbot Europe,S.L. NIF B66180548 Tel\u00e8fon Correu info@vitbot.com Direcci\u00f3 C\/ Almeria 40 F Poblaci\u00f3 Tarrasa Codi postal 08226 Pa\u00eds Espanya","url":"https:\/\/www.vitbot.com\/it","logo":{"@type":"ImageObject","inLanguage":"it-IT","@id":"https:\/\/www.vitbot.com\/it#\/schema\/logo\/image\/","url":"https:\/\/www.vitbot.com\/wp-content\/uploads\/2017\/03\/vitbot_logo.png","contentUrl":"https:\/\/www.vitbot.com\/wp-content\/uploads\/2017\/03\/vitbot_logo.png","width":84,"height":24,"caption":"Vitbot Europe,S.L. NIF B66180548 Tel\u00e8fon Correu info@vitbot.com Direcci\u00f3 C\/ Almeria 40 F Poblaci\u00f3 Tarrasa Codi postal 08226 Pa\u00eds Espanya"},"image":{"@id":"https:\/\/www.vitbot.com\/it#\/schema\/logo\/image\/"},"sameAs":["https:\/\/www.facebook.com\/vitbotbottle\/","https:\/\/www.instagram.com\/vitbotofficial\/"]}]}},"_links":{"self":[{"href":"https:\/\/www.vitbot.com\/it\/wp-json\/wp\/v2\/pages\/5570"}],"collection":[{"href":"https:\/\/www.vitbot.com\/it\/wp-json\/wp\/v2\/pages"}],"about":[{"href":"https:\/\/www.vitbot.com\/it\/wp-json\/wp\/v2\/types\/page"}],"author":[{"embeddable":true,"href":"https:\/\/www.vitbot.com\/it\/wp-json\/wp\/v2\/users\/1"}],"replies":[{"embeddable":true,"href":"https:\/\/www.vitbot.com\/it\/wp-json\/wp\/v2\/comments?post=5570"}],"version-history":[{"count":1,"href":"https:\/\/www.vitbot.com\/it\/wp-json\/wp\/v2\/pages\/5570\/revisions"}],"predecessor-version":[{"id":5573,"href":"https:\/\/www.vitbot.com\/it\/wp-json\/wp\/v2\/pages\/5570\/revisions\/5573"}],"wp:attachment":[{"href":"https:\/\/www.vitbot.com\/it\/wp-json\/wp\/v2\/media?parent=5570"}],"curies":[{"name":"wp","href":"https:\/\/api.w.org\/{rel}","templated":true}]}}