{"id":5566,"date":"2019-05-07T12:34:44","date_gmt":"2019-05-07T10:34:44","guid":{"rendered":"https:\/\/www.vitbot.com\/la-generazione-liquida"},"modified":"2019-05-07T12:35:44","modified_gmt":"2019-05-07T10:35:44","slug":"la-generazione-liquida","status":"publish","type":"page","link":"https:\/\/www.vitbot.com\/it\/la-generazione-liquida","title":{"rendered":"La Generazione Liquida"},"content":{"rendered":"[vc_row fullwidth=&#8221;true&#8221; equal_columns=&#8221;true&#8221; css=&#8221;.vc_custom_1490864043520{background-color: #ffffff !important;}&#8221;][vc_column][vc_single_image image=&#8221;768&#8243; img_size=&#8221;full&#8221; css=&#8221;.vc_custom_1492795674466{margin-top: 0px !important;margin-right: 0px !important;margin-bottom: 0px !important;margin-left: 0px !important;}&#8221;][\/vc_column][\/vc_row][vc_row css=&#8221;.vc_custom_1490287549845{background-color: #ffffff !important;}&#8221;][vc_column][vc_empty_space height=&#8221;45px&#8221;][vc_column_text disable_pattern=&#8221;false&#8221; el_class=&#8221;genli-tit1 vitbot-color1 font-din2014-b&#8221;]\n<h1>LA GENERAZIONE LIQUIDA<\/h1>\n[\/vc_column_text][\/vc_column][\/vc_row][vc_row css=&#8221;.vc_custom_1490287549845{background-color: #ffffff !important;}&#8221;][vc_column width=&#8221;1\/2&#8243;][vc_column_text disable_pattern=&#8221;false&#8221; el_class=&#8221;font-din2014-l genli-txt&#8221;]Il corpo degli esseri umani \u00e8 l&#8217;acqua di ottanta, alla nascita, al settanta per cento in et\u00e0 adulta. Siamo \u00abesseri liquidi\u00bb.<br \/>\nIn Vitbot crediamo che l&#8217;acqua \u00e8 molto pi\u00f9 di una bevanda che toglie la sete, \u00e8 il nostro alimento essenziale, l&#8217;unico che non possiamo fare a meno. Convinti del valore dell&#8217;acqua a tutti gli esseri che popolano il pianeta Terra, abbiamo creato il movimento della Generazione liquida.<br \/>\nIl movimento della generazione liquida nasce con l&#8217;idea di collegare tutte le persone, aziende, istituzioni e organizzazioni che, come noi, conoscono le propriet\u00e0 e l&#8217;acqua potenzialit\u00e0 e dedicano il loro tempo, denaro e \/ o di sforzo per proteggerlo.[\/vc_column_text][\/vc_column][vc_column width=&#8221;1\/2&#8243;][vc_column_text disable_pattern=&#8221;false&#8221; el_class=&#8221;font-din2014-l genli-txt&#8221;]<strong>Nel movimento della generazione luquida hanno un posto:<\/strong><\/p>\n<ul>\n<li>Le persone che si prendono cura dell&#8217;acqua bevono e bevono l&#8217;acqua di cui si prendono cura.<\/li>\n<li>L\u2019 entit\u00e0 e agenzie che lavorano per ripulire i rifiuti di fiumi, mari e oceani.<\/li>\n<li>Le aziende che hanno fatto del riciclaggio della plastica oceanica il centro della loro attivit\u00e0.<\/li>\n<li>Scienziati che studiano e diffondono i misteri e le caratteristiche dell&#8217;acqua, sia fisicamente che sottilmente.<\/li>\n<\/ul>\n<p>Con Liquid Generation vogliamo creare una rete, un luogo di incontro, una piattaforma per dare voce a l&#8217;acqua. A Vitbot crediamo che ognuno di noi sia come un&#8217;onda nel grande oceano della vita. Insieme possiamo generare un potente movimento di cambiamento positivo.<br \/>\nCondividi su Instagram e Facebook le fotografie, i commenti o le opere che ritieni rilevanti in questo senso.[\/vc_column_text][\/vc_column][\/vc_row][vc_row][vc_column][vc_empty_space height=&#8221;30px&#8221;][\/vc_column][\/vc_row][vc_row fullwidth=&#8221;true&#8221; fullwidth_content=&#8221;false&#8221; equal_columns=&#8221;true&#8221; css=&#8221;.vc_custom_1491206402978{padding-top: 110px !important;padding-bottom: 90px !important;background-color: #1e0064 !important;}&#8221;][vc_column width=&#8221;1\/2&#8243;][vc_column_text disable_pattern=&#8221;false&#8221; el_class=&#8221;font-alternategn2d vitbot-color2 vidlink-txt&#8221;]\n<h3>Luc Montagnier (Premio Nobel per la Medicina): La memoria dell&#8217;acqua<\/h3>\n[\/vc_column_text][vc_column_text disable_pattern=&#8221;false&#8221; el_class=&#8221;font-din2014-l vidlink-txt vitbot-color3&#8243;]L&#8217;acqua \u00e8 l&#8217;elemento chiave della vita, ma questo elemento che pensavamo di conoscere bene potrebbe avere propriet\u00e0 inaspettate e potrebbe avere un ruolo pi\u00f9 grande di quello che potremmo immaginare nel nostro albero della vita.[\/vc_column_text][\/vc_column][vc_column width=&#8221;1\/2&#8243;][vc_video link=&#8221;https:\/\/www.youtube.com\/watch?v=XiwRvYdB76E&amp;vq=1080&#8243;][\/vc_column][\/vc_row][vc_row][vc_column][vc_empty_space height=&#8221;90px&#8221;][\/vc_column][\/vc_row][vc_row fullwidth=&#8221;true&#8221; fullwidth_content=&#8221;false&#8221; equal_columns=&#8221;true&#8221;][vc_column width=&#8221;1\/2&#8243;][vc_column_text disable_pattern=&#8221;false&#8221; el_class=&#8221;font-alternategn2d vitbot-color2 vidlink-txt&#8221;]\n<h3>Parley for the Oceans<\/h3>\n[\/vc_column_text][vc_column_text disable_pattern=&#8221;false&#8221; el_class=&#8221;font-din2014-l vidlink-txt&#8221;]Affronta le principali minacce ai nostri oceani, l&#8217;ecosistema pi\u00f9 importante del nostro pianeta. <a href=\"http:\/\/www.parley.tv\/talks\/#parley-talks1\" target=\"_blank\" rel=\"noopener noreferrer\">http:\/\/www.parley.tv\/talks\/#parley-talks1<\/a>[\/vc_column_text][vc_column_text disable_pattern=&#8221;false&#8221; el_class=&#8221;font-alternategn2d vitbot-color2 genli-txt vidlink-txt&#8221;]\n<h3>Ocean Cleanup<\/h3>\n[\/vc_column_text][vc_column_text disable_pattern=&#8221;false&#8221; el_class=&#8221;font-din2014-l vidlink-txt&#8221;]Sviluppa tecnologie avanzate per eliminare la plastica degli oceani del mondo. Il suo sistema passivo potrebbe teoricamente eliminare circa la met\u00e0 della spazzatura dell&#8217;Oceano Pacifico in 10 anni. <a href=\"https:\/\/www.theoceancleanup.com\" target=\"_blank\" rel=\"noopener noreferrer\">https:\/\/www.theoceancleanup.com<\/a>[\/vc_column_text][vc_column_text disable_pattern=&#8221;false&#8221; el_class=&#8221;font-alternategn2d vitbot-color2 vidlink-txt&#8221;]\n<h3>Ocean Conservancy<\/h3>\n[\/vc_column_text][vc_column_text disable_pattern=&#8221;false&#8221; el_class=&#8221;font-din2014-l vidlink-txt&#8221;]Mobilitare i cittadini per facilitare il cambiamento e proteggere l&#8217;oceano per le generazioni future. <a href=\"http:\/\/www.oceanconservancy.org\/our-work\/marine-debris\/\" target=\"_blank\" rel=\"noopener noreferrer\">http:\/\/www.oceanconservancy.org\/our-work\/marine-debris\/<\/a>[\/vc_column_text][\/vc_column][vc_column width=&#8221;1\/2&#8243;][vc_column_text disable_pattern=&#8221;false&#8221; el_class=&#8221;font-alternategn2d vitbot-color2 vidlink-txt&#8221;]\n<h3>ECOALF<\/h3>\n[\/vc_column_text][vc_column_text disable_pattern=&#8221;false&#8221; el_class=&#8221;font-din2014-l vidlink-txt&#8221;]Mobilitare i cittadini per facilitare il cambiamento e proteggere l&#8217;oceano per le generazioni future. <a href=\"http:\/\/www.oceanconservancy.org\/our-work\/marine-debris\/\" target=\"_blank\" rel=\"noopener noreferrer\">http:\/\/www.oceanconservancy.org\/our-work\/marine-debris\/<\/a>[\/vc_column_text][vc_column_text disable_pattern=&#8221;false&#8221; el_class=&#8221;font-alternategn2d vitbot-color2 vidlink-txt&#8221;]\n<h3>ARCHITETTURA SOSTENIBILE<\/h3>\n[\/vc_column_text][vc_column_text disable_pattern=&#8221;false&#8221; el_class=&#8221;font-din2014-l vidlink-txt&#8221;]Usano materiali riciclati dagli oceani. <a href=\"http:\/\/www.sparkarchitects.com\" target=\"_blank\" rel=\"noopener noreferrer\">http:\/\/www.sparkarchitects.com<\/a>[\/vc_column_text][\/vc_column][\/vc_row][vc_row][vc_column width=&#8221;1\/2&#8243;][vc_empty_space height=&#8221;90px&#8221;][\/vc_column][vc_column width=&#8221;1\/2&#8243;][\/vc_column][\/vc_row]\n","protected":false},"excerpt":{"rendered":"<p>[vc_row fullwidth=&#8221;true&#8221; equal_columns=&#8221;true&#8221; css=&#8221;.vc_custom_1490864043520{background-color: #ffffff !important;}&#8221;][vc_column][vc_single_image image=&#8221;768&#8243; img_size=&#8221;full&#8221; css=&#8221;.vc_custom_1492795674466{margin-top: 0px !important;margin-right: 0px !important;margin-bottom: 0px !important;margin-left: 0px !important;}&#8221;][\/vc_column][\/vc_row][vc_row css=&#8221;.vc_custom_1490287549845{background-color: #ffffff !important;}&#8221;][vc_column][vc_empty_space height=&#8221;45px&#8221;][vc_column_text disable_pattern=&#8221;false&#8221; el_class=&#8221;genli-tit1 vitbot-color1 font-din2014-b&#8221;] LA GENERAZIONE LIQUIDA [\/vc_column_text][\/vc_column][\/vc_row][vc_row css=&#8221;.vc_custom_1490287549845{background-color: #ffffff !important;}&#8221;][vc_column width=&#8221;1\/2&#8243;][vc_column_text disable_pattern=&#8221;false&#8221; el_class=&#8221;font-din2014-l genli-txt&#8221;]Il corpo degli esseri umani \u00e8 l&#8217;acqua di ottanta, alla nascita, al settanta per cento in et\u00e0 adulta. Siamo \u00abesseri [&hellip;]<\/p>\n","protected":false},"author":1,"featured_media":0,"parent":0,"menu_order":11,"comment_status":"closed","ping_status":"closed","template":"","meta":{"_monsterinsights_skip_tracking":false,"_monsterinsights_sitenote_active":false,"_monsterinsights_sitenote_note":"","_monsterinsights_sitenote_category":0},"yoast_head":"<!-- This site is optimized with the Yoast SEO plugin v20.1 - https:\/\/yoast.com\/wordpress\/plugins\/seo\/ -->\n<title>La Generazione Liquida - Vitbot<\/title>\n<meta name=\"robots\" content=\"index, follow, max-snippet:-1, max-image-preview:large, max-video-preview:-1\" \/>\n<link rel=\"canonical\" href=\"https:\/\/www.vitbot.com\/it\/la-generazione-liquida\" \/>\n<meta property=\"og:locale\" content=\"it_IT\" \/>\n<meta property=\"og:type\" content=\"article\" \/>\n<meta property=\"og:title\" content=\"La Generazione Liquida - Vitbot\" \/>\n<meta property=\"og:description\" content=\"[vc_row fullwidth=&#8221;true&#8221; equal_columns=&#8221;true&#8221; css=&#8221;.vc_custom_1490864043520{background-color: #ffffff !important;}&#8221;][vc_column][vc_single_image image=&#8221;768&#8243; img_size=&#8221;full&#8221; css=&#8221;.vc_custom_1492795674466{margin-top: 0px !important;margin-right: 0px !important;margin-bottom: 0px !important;margin-left: 0px !important;}&#8221;][\/vc_column][\/vc_row][vc_row css=&#8221;.vc_custom_1490287549845{background-color: #ffffff !important;}&#8221;][vc_column][vc_empty_space height=&#8221;45px&#8221;][vc_column_text disable_pattern=&#8221;false&#8221; el_class=&#8221;genli-tit1 vitbot-color1 font-din2014-b&#8221;] LA GENERAZIONE LIQUIDA [\/vc_column_text][\/vc_column][\/vc_row][vc_row css=&#8221;.vc_custom_1490287549845{background-color: #ffffff !important;}&#8221;][vc_column width=&#8221;1\/2&#8243;][vc_column_text disable_pattern=&#8221;false&#8221; el_class=&#8221;font-din2014-l genli-txt&#8221;]Il corpo degli esseri umani \u00e8 l&#8217;acqua di ottanta, alla nascita, al settanta per cento in et\u00e0 adulta. Siamo \u00abesseri [&hellip;]\" \/>\n<meta property=\"og:url\" content=\"https:\/\/www.vitbot.com\/it\/la-generazione-liquida\" \/>\n<meta property=\"og:site_name\" content=\"Vitbot\" \/>\n<meta property=\"article:publisher\" content=\"https:\/\/www.facebook.com\/vitbotbottle\/\" \/>\n<meta property=\"article:modified_time\" content=\"2019-05-07T10:35:44+00:00\" \/>\n<meta name=\"twitter:card\" content=\"summary_large_image\" \/>\n<meta name=\"twitter:label1\" content=\"Tempo di lettura stimato\" \/>\n\t<meta name=\"twitter:data1\" content=\"4 minuti\" \/>\n<script type=\"application\/ld+json\" class=\"yoast-schema-graph\">{\"@context\":\"https:\/\/schema.org\",\"@graph\":[{\"@type\":\"WebPage\",\"@id\":\"https:\/\/www.vitbot.com\/it\/la-generazione-liquida\",\"url\":\"https:\/\/www.vitbot.com\/it\/la-generazione-liquida\",\"name\":\"La Generazione Liquida - Vitbot\",\"isPartOf\":{\"@id\":\"https:\/\/www.vitbot.com\/it#website\"},\"datePublished\":\"2019-05-07T10:34:44+00:00\",\"dateModified\":\"2019-05-07T10:35:44+00:00\",\"breadcrumb\":{\"@id\":\"https:\/\/www.vitbot.com\/it\/la-generazione-liquida#breadcrumb\"},\"inLanguage\":\"it-IT\",\"potentialAction\":[{\"@type\":\"ReadAction\",\"target\":[\"https:\/\/www.vitbot.com\/it\/la-generazione-liquida\"]}]},{\"@type\":\"BreadcrumbList\",\"@id\":\"https:\/\/www.vitbot.com\/it\/la-generazione-liquida#breadcrumb\",\"itemListElement\":[{\"@type\":\"ListItem\",\"position\":1,\"name\":\"Home\",\"item\":\"https:\/\/www.vitbot.com\/it\"},{\"@type\":\"ListItem\",\"position\":2,\"name\":\"La Generazione Liquida\"}]},{\"@type\":\"WebSite\",\"@id\":\"https:\/\/www.vitbot.com\/it#website\",\"url\":\"https:\/\/www.vitbot.com\/it\",\"name\":\"Vitbot\",\"description\":\"Best Reusable Water Bottles | Vortex Bottle | Vitalizer Bottle\",\"publisher\":{\"@id\":\"https:\/\/www.vitbot.com\/it#organization\"},\"potentialAction\":[{\"@type\":\"SearchAction\",\"target\":{\"@type\":\"EntryPoint\",\"urlTemplate\":\"https:\/\/www.vitbot.com\/it?s={search_term_string}\"},\"query-input\":\"required name=search_term_string\"}],\"inLanguage\":\"it-IT\"},{\"@type\":\"Organization\",\"@id\":\"https:\/\/www.vitbot.com\/it#organization\",\"name\":\"Vitbot Europe,S.L. NIF B66180548 Tel\u00e8fon Correu info@vitbot.com Direcci\u00f3 C\/ Almeria 40 F Poblaci\u00f3 Tarrasa Codi postal 08226 Pa\u00eds Espanya\",\"url\":\"https:\/\/www.vitbot.com\/it\",\"logo\":{\"@type\":\"ImageObject\",\"inLanguage\":\"it-IT\",\"@id\":\"https:\/\/www.vitbot.com\/it#\/schema\/logo\/image\/\",\"url\":\"https:\/\/www.vitbot.com\/wp-content\/uploads\/2017\/03\/vitbot_logo.png\",\"contentUrl\":\"https:\/\/www.vitbot.com\/wp-content\/uploads\/2017\/03\/vitbot_logo.png\",\"width\":84,\"height\":24,\"caption\":\"Vitbot Europe,S.L. NIF B66180548 Tel\u00e8fon Correu info@vitbot.com Direcci\u00f3 C\/ Almeria 40 F Poblaci\u00f3 Tarrasa Codi postal 08226 Pa\u00eds Espanya\"},\"image\":{\"@id\":\"https:\/\/www.vitbot.com\/it#\/schema\/logo\/image\/\"},\"sameAs\":[\"https:\/\/www.facebook.com\/vitbotbottle\/\",\"https:\/\/www.instagram.com\/vitbotofficial\/\"]}]}<\/script>\n<!-- \/ Yoast SEO plugin. -->","yoast_head_json":{"title":"La Generazione Liquida - Vitbot","robots":{"index":"index","follow":"follow","max-snippet":"max-snippet:-1","max-image-preview":"max-image-preview:large","max-video-preview":"max-video-preview:-1"},"canonical":"https:\/\/www.vitbot.com\/it\/la-generazione-liquida","og_locale":"it_IT","og_type":"article","og_title":"La Generazione Liquida - Vitbot","og_description":"[vc_row fullwidth=&#8221;true&#8221; equal_columns=&#8221;true&#8221; css=&#8221;.vc_custom_1490864043520{background-color: #ffffff !important;}&#8221;][vc_column][vc_single_image image=&#8221;768&#8243; img_size=&#8221;full&#8221; css=&#8221;.vc_custom_1492795674466{margin-top: 0px !important;margin-right: 0px !important;margin-bottom: 0px !important;margin-left: 0px !important;}&#8221;][\/vc_column][\/vc_row][vc_row css=&#8221;.vc_custom_1490287549845{background-color: #ffffff !important;}&#8221;][vc_column][vc_empty_space height=&#8221;45px&#8221;][vc_column_text disable_pattern=&#8221;false&#8221; el_class=&#8221;genli-tit1 vitbot-color1 font-din2014-b&#8221;] LA GENERAZIONE LIQUIDA [\/vc_column_text][\/vc_column][\/vc_row][vc_row css=&#8221;.vc_custom_1490287549845{background-color: #ffffff !important;}&#8221;][vc_column width=&#8221;1\/2&#8243;][vc_column_text disable_pattern=&#8221;false&#8221; el_class=&#8221;font-din2014-l genli-txt&#8221;]Il corpo degli esseri umani \u00e8 l&#8217;acqua di ottanta, alla nascita, al settanta per cento in et\u00e0 adulta. Siamo \u00abesseri [&hellip;]","og_url":"https:\/\/www.vitbot.com\/it\/la-generazione-liquida","og_site_name":"Vitbot","article_publisher":"https:\/\/www.facebook.com\/vitbotbottle\/","article_modified_time":"2019-05-07T10:35:44+00:00","twitter_card":"summary_large_image","twitter_misc":{"Tempo di lettura stimato":"4 minuti"},"schema":{"@context":"https:\/\/schema.org","@graph":[{"@type":"WebPage","@id":"https:\/\/www.vitbot.com\/it\/la-generazione-liquida","url":"https:\/\/www.vitbot.com\/it\/la-generazione-liquida","name":"La Generazione Liquida - Vitbot","isPartOf":{"@id":"https:\/\/www.vitbot.com\/it#website"},"datePublished":"2019-05-07T10:34:44+00:00","dateModified":"2019-05-07T10:35:44+00:00","breadcrumb":{"@id":"https:\/\/www.vitbot.com\/it\/la-generazione-liquida#breadcrumb"},"inLanguage":"it-IT","potentialAction":[{"@type":"ReadAction","target":["https:\/\/www.vitbot.com\/it\/la-generazione-liquida"]}]},{"@type":"BreadcrumbList","@id":"https:\/\/www.vitbot.com\/it\/la-generazione-liquida#breadcrumb","itemListElement":[{"@type":"ListItem","position":1,"name":"Home","item":"https:\/\/www.vitbot.com\/it"},{"@type":"ListItem","position":2,"name":"La Generazione Liquida"}]},{"@type":"WebSite","@id":"https:\/\/www.vitbot.com\/it#website","url":"https:\/\/www.vitbot.com\/it","name":"Vitbot","description":"Best Reusable Water Bottles | Vortex Bottle | Vitalizer Bottle","publisher":{"@id":"https:\/\/www.vitbot.com\/it#organization"},"potentialAction":[{"@type":"SearchAction","target":{"@type":"EntryPoint","urlTemplate":"https:\/\/www.vitbot.com\/it?s={search_term_string}"},"query-input":"required name=search_term_string"}],"inLanguage":"it-IT"},{"@type":"Organization","@id":"https:\/\/www.vitbot.com\/it#organization","name":"Vitbot Europe,S.L. NIF B66180548 Tel\u00e8fon Correu info@vitbot.com Direcci\u00f3 C\/ Almeria 40 F Poblaci\u00f3 Tarrasa Codi postal 08226 Pa\u00eds Espanya","url":"https:\/\/www.vitbot.com\/it","logo":{"@type":"ImageObject","inLanguage":"it-IT","@id":"https:\/\/www.vitbot.com\/it#\/schema\/logo\/image\/","url":"https:\/\/www.vitbot.com\/wp-content\/uploads\/2017\/03\/vitbot_logo.png","contentUrl":"https:\/\/www.vitbot.com\/wp-content\/uploads\/2017\/03\/vitbot_logo.png","width":84,"height":24,"caption":"Vitbot Europe,S.L. NIF B66180548 Tel\u00e8fon Correu info@vitbot.com Direcci\u00f3 C\/ Almeria 40 F Poblaci\u00f3 Tarrasa Codi postal 08226 Pa\u00eds Espanya"},"image":{"@id":"https:\/\/www.vitbot.com\/it#\/schema\/logo\/image\/"},"sameAs":["https:\/\/www.facebook.com\/vitbotbottle\/","https:\/\/www.instagram.com\/vitbotofficial\/"]}]}},"_links":{"self":[{"href":"https:\/\/www.vitbot.com\/it\/wp-json\/wp\/v2\/pages\/5566"}],"collection":[{"href":"https:\/\/www.vitbot.com\/it\/wp-json\/wp\/v2\/pages"}],"about":[{"href":"https:\/\/www.vitbot.com\/it\/wp-json\/wp\/v2\/types\/page"}],"author":[{"embeddable":true,"href":"https:\/\/www.vitbot.com\/it\/wp-json\/wp\/v2\/users\/1"}],"replies":[{"embeddable":true,"href":"https:\/\/www.vitbot.com\/it\/wp-json\/wp\/v2\/comments?post=5566"}],"version-history":[{"count":1,"href":"https:\/\/www.vitbot.com\/it\/wp-json\/wp\/v2\/pages\/5566\/revisions"}],"predecessor-version":[{"id":5569,"href":"https:\/\/www.vitbot.com\/it\/wp-json\/wp\/v2\/pages\/5566\/revisions\/5569"}],"wp:attachment":[{"href":"https:\/\/www.vitbot.com\/it\/wp-json\/wp\/v2\/media?parent=5566"}],"curies":[{"name":"wp","href":"https:\/\/api.w.org\/{rel}","templated":true}]}}