{"id":5551,"date":"2019-05-07T12:09:30","date_gmt":"2019-05-07T10:09:30","guid":{"rendered":"https:\/\/www.vitbot.com\/riguardo-a-noi"},"modified":"2019-05-07T12:10:56","modified_gmt":"2019-05-07T10:10:56","slug":"riguardo-a-noi","status":"publish","type":"page","link":"https:\/\/www.vitbot.com\/it\/riguardo-a-noi","title":{"rendered":"Riguardo a noi"},"content":{"rendered":"[vc_row fullwidth=&#8221;true&#8221; equal_columns=&#8221;true&#8221; css=&#8221;.vc_custom_1490864043520{background-color: #ffffff !important;}&#8221;][vc_column][vc_single_image image=&#8221;186&#8243; img_size=&#8221;full&#8221; css=&#8221;.vc_custom_1490287995717{margin: 0px !important;}&#8221;][\/vc_column][\/vc_row][vc_row css=&#8221;.vc_custom_1490287549845{background-color: #ffffff !important;}&#8221;][vc_column width=&#8221;1\/2&#8243;][vc_empty_space height=&#8221;45px&#8221;][vc_column_text disable_pattern=&#8221;false&#8221; el_class=&#8221;nosotros-titfun vitbot-color1 font-din2014-b&#8221;]\n<h1>NOI I FONDATORI<\/h1>\n[\/vc_column_text][vc_column_text disable_pattern=&#8221;false&#8221; el_class=&#8221;nosotros-subtitnom vitbot-color2 font-din2014-l&#8221;]\n<h3><strong>ANTONIO LOZANO DOM\u00c8NECH<\/strong> &#8211; Dottorato in Scienze Politiche e Sociologia presso l&#8217;Universit\u00e0 Complutense. Master in Business Administration presso la School of Engineers del Politecnico della Catalogna<\/h3>\n<h3><strong>DOLORS MARTORELL REYES<\/strong> &#8211; Laurea in Scienze dell&#8217;Informazione presso l&#8217;Universit\u00e0 Autonoma di Barcellona. Diploma di Master in Pedagogia terapeutica presso l&#8217;Universit\u00e0 Autonoma di Barcellona<\/h3>\n[\/vc_column_text][vc_empty_space height=&#8221;45px&#8221; el_class=&#8221;nosotros-space1&#8243;][\/vc_column][vc_column width=&#8221;1\/2&#8243;][\/vc_column][\/vc_row][vc_row][vc_column width=&#8221;1\/2&#8243;][vc_column_text disable_pattern=&#8221;false&#8221; el_class=&#8221;font-din2014-l nosotros-txt&#8221;]Quello che \u00e8 iniziato come un business, una societ\u00e0 nel settore del trattamento delle acque, ci ha portato a scoprire un nuovo modo di vedere il mondo. AppassionatI di questo meraviglioso fluido, L\u2019 acqua, i cui misteri hanno affascinato molti scienziati, scopriamo il linguaggio della natura. Ci siamo resi conto che la natura cerca di generare, conservare e mantenere la vita con la massima efficacia. Per questo usa: la forma, il movimento e gli schemi di crescita.<\/p>\n<p>Per un lungo periodo abbiamo vissuto in una fattoria agricola circondata da foreste, dove coltiviamo il nostro piccolo orto. In contatto con la terra, osserviamo il ciclo della vita: il movimento nel vortice del cielo, del vento, dell&#8217;acqua della pioggia che cade, dell&#8217;acqua in primavera, nel fiume, nel mare &#8230; Osserviamo le forme del semi, in grado di mantenere il ricordo della pianta al suo interno, fino al momento della piantatura. Osserviamo la forma ovoidale delle uova, il ricettacolo di tutti gli animali vertebrati o invertebrati. Osserviamo la crescita dei rami degli alberi e delle piante, tutti sovrapposti, intervallati, seguendo uno schema di crescita phi, per ricevere con la massima efficienza la luce del sole e l&#8217;acqua della pioggia.[\/vc_column_text][vc_empty_space height=&#8221;90px&#8221; el_class=&#8221;nosotros-space2&#8243;][\/vc_column][vc_column width=&#8221;1\/2&#8243;][vc_column_text disable_pattern=&#8221;false&#8221; el_class=&#8221;font-din2014-l nosotros-txt&#8221; css=&#8221;.vc_custom_1543475549314{margin-bottom: 0px !important;}&#8221;]Come risultato di questo background, nel 2014 abbiamo deciso di trasferirci in California e progettare e sviluppare bottiglie Vitbot. L&#8217;azienda Vitbot nasce con l&#8217;intenzione di consegnare un prodotto, le bottiglie Vitbot, facendo arrivare anche  un messaggio: la forma della confezione \u00e8 un fattore chiave per consentire il movimento in un vortice e, grazie a ci\u00f2, mantenere la vitalit\u00e0 delle bevande.<\/p>\n<p>La nostra azienda ha fatto un grande salto nel settore alimentare. Ogni giorno ci sono pi\u00f9 consumatori che chiedono prodotti biologici e pi\u00f9 produttori che seguono processi produttivi rispettosi, nel senso pi\u00f9 ampio del termine. Abbiamo migliorato l&#8217;intera catena alimentare, dall&#8217;origine della materia prima, alla confezione. Tuttavia, nel settore dell&#8217;imballaggio e dell&#8217;imbottigliamento, a parte una maggiore integrazione del vetro, non c&#8217;\u00e8 stata una proposta innovativa in linea con i tempi del cambiamento che stiamo vivendo.<\/p>\n<p>Attraverso Vitbot, vogliamo aiutare ad evolvere il modo in cui l&#8217;acqua e tutti i liquidi sono confezionati, fornendo cos\u00ec un beneficio per le bevande, per le persone e per il nostro pianeta.[\/vc_column_text][\/vc_column][\/vc_row][vc_row][vc_column][vc_empty_space el_class=&#8221;nosotros-space3&#8243;][\/vc_column][\/vc_row]\n","protected":false},"excerpt":{"rendered":"<p>[vc_row fullwidth=&#8221;true&#8221; equal_columns=&#8221;true&#8221; css=&#8221;.vc_custom_1490864043520{background-color: #ffffff !important;}&#8221;][vc_column][vc_single_image image=&#8221;186&#8243; img_size=&#8221;full&#8221; css=&#8221;.vc_custom_1490287995717{margin: 0px !important;}&#8221;][\/vc_column][\/vc_row][vc_row css=&#8221;.vc_custom_1490287549845{background-color: #ffffff !important;}&#8221;][vc_column width=&#8221;1\/2&#8243;][vc_empty_space height=&#8221;45px&#8221;][vc_column_text disable_pattern=&#8221;false&#8221; el_class=&#8221;nosotros-titfun vitbot-color1 font-din2014-b&#8221;] NOI I FONDATORI [\/vc_column_text][vc_column_text disable_pattern=&#8221;false&#8221; el_class=&#8221;nosotros-subtitnom vitbot-color2 font-din2014-l&#8221;] ANTONIO LOZANO DOM\u00c8NECH &#8211; Dottorato in Scienze Politiche e Sociologia presso l&#8217;Universit\u00e0 Complutense. Master in Business Administration presso la School of Engineers del Politecnico della Catalogna DOLORS [&hellip;]<\/p>\n","protected":false},"author":1,"featured_media":0,"parent":0,"menu_order":6,"comment_status":"closed","ping_status":"closed","template":"","meta":{"_monsterinsights_skip_tracking":false,"_monsterinsights_sitenote_active":false,"_monsterinsights_sitenote_note":"","_monsterinsights_sitenote_category":0},"yoast_head":"<!-- This site is optimized with the Yoast SEO plugin v20.1 - https:\/\/yoast.com\/wordpress\/plugins\/seo\/ -->\n<title>Riguardo a noi - Vitbot<\/title>\n<meta name=\"robots\" content=\"index, follow, max-snippet:-1, max-image-preview:large, max-video-preview:-1\" \/>\n<link rel=\"canonical\" href=\"https:\/\/www.vitbot.com\/it\/riguardo-a-noi\" \/>\n<meta property=\"og:locale\" content=\"it_IT\" \/>\n<meta property=\"og:type\" content=\"article\" \/>\n<meta property=\"og:title\" content=\"Riguardo a noi - Vitbot\" \/>\n<meta property=\"og:description\" content=\"[vc_row fullwidth=&#8221;true&#8221; equal_columns=&#8221;true&#8221; css=&#8221;.vc_custom_1490864043520{background-color: #ffffff !important;}&#8221;][vc_column][vc_single_image image=&#8221;186&#8243; img_size=&#8221;full&#8221; css=&#8221;.vc_custom_1490287995717{margin: 0px !important;}&#8221;][\/vc_column][\/vc_row][vc_row css=&#8221;.vc_custom_1490287549845{background-color: #ffffff !important;}&#8221;][vc_column width=&#8221;1\/2&#8243;][vc_empty_space height=&#8221;45px&#8221;][vc_column_text disable_pattern=&#8221;false&#8221; el_class=&#8221;nosotros-titfun vitbot-color1 font-din2014-b&#8221;] NOI I FONDATORI [\/vc_column_text][vc_column_text disable_pattern=&#8221;false&#8221; el_class=&#8221;nosotros-subtitnom vitbot-color2 font-din2014-l&#8221;] ANTONIO LOZANO DOM\u00c8NECH &#8211; Dottorato in Scienze Politiche e Sociologia presso l&#8217;Universit\u00e0 Complutense. Master in Business Administration presso la School of Engineers del Politecnico della Catalogna DOLORS [&hellip;]\" \/>\n<meta property=\"og:url\" content=\"https:\/\/www.vitbot.com\/it\/riguardo-a-noi\" \/>\n<meta property=\"og:site_name\" content=\"Vitbot\" \/>\n<meta property=\"article:publisher\" content=\"https:\/\/www.facebook.com\/vitbotbottle\/\" \/>\n<meta property=\"article:modified_time\" content=\"2019-05-07T10:10:56+00:00\" \/>\n<meta name=\"twitter:card\" content=\"summary_large_image\" \/>\n<meta name=\"twitter:label1\" content=\"Tempo di lettura stimato\" \/>\n\t<meta name=\"twitter:data1\" content=\"3 minuti\" \/>\n<script type=\"application\/ld+json\" class=\"yoast-schema-graph\">{\"@context\":\"https:\/\/schema.org\",\"@graph\":[{\"@type\":\"WebPage\",\"@id\":\"https:\/\/www.vitbot.com\/it\/riguardo-a-noi\",\"url\":\"https:\/\/www.vitbot.com\/it\/riguardo-a-noi\",\"name\":\"Riguardo a noi - Vitbot\",\"isPartOf\":{\"@id\":\"https:\/\/www.vitbot.com\/it#website\"},\"datePublished\":\"2019-05-07T10:09:30+00:00\",\"dateModified\":\"2019-05-07T10:10:56+00:00\",\"breadcrumb\":{\"@id\":\"https:\/\/www.vitbot.com\/it\/riguardo-a-noi#breadcrumb\"},\"inLanguage\":\"it-IT\",\"potentialAction\":[{\"@type\":\"ReadAction\",\"target\":[\"https:\/\/www.vitbot.com\/it\/riguardo-a-noi\"]}]},{\"@type\":\"BreadcrumbList\",\"@id\":\"https:\/\/www.vitbot.com\/it\/riguardo-a-noi#breadcrumb\",\"itemListElement\":[{\"@type\":\"ListItem\",\"position\":1,\"name\":\"Home\",\"item\":\"https:\/\/www.vitbot.com\/it\"},{\"@type\":\"ListItem\",\"position\":2,\"name\":\"Riguardo a noi\"}]},{\"@type\":\"WebSite\",\"@id\":\"https:\/\/www.vitbot.com\/it#website\",\"url\":\"https:\/\/www.vitbot.com\/it\",\"name\":\"Vitbot\",\"description\":\"Best Reusable Water Bottles | Vortex Bottle | Vitalizer Bottle\",\"publisher\":{\"@id\":\"https:\/\/www.vitbot.com\/it#organization\"},\"potentialAction\":[{\"@type\":\"SearchAction\",\"target\":{\"@type\":\"EntryPoint\",\"urlTemplate\":\"https:\/\/www.vitbot.com\/it?s={search_term_string}\"},\"query-input\":\"required name=search_term_string\"}],\"inLanguage\":\"it-IT\"},{\"@type\":\"Organization\",\"@id\":\"https:\/\/www.vitbot.com\/it#organization\",\"name\":\"Vitbot Europe,S.L. NIF B66180548 Tel\u00e8fon Correu info@vitbot.com Direcci\u00f3 C\/ Almeria 40 F Poblaci\u00f3 Tarrasa Codi postal 08226 Pa\u00eds Espanya\",\"url\":\"https:\/\/www.vitbot.com\/it\",\"logo\":{\"@type\":\"ImageObject\",\"inLanguage\":\"it-IT\",\"@id\":\"https:\/\/www.vitbot.com\/it#\/schema\/logo\/image\/\",\"url\":\"https:\/\/www.vitbot.com\/wp-content\/uploads\/2017\/03\/vitbot_logo.png\",\"contentUrl\":\"https:\/\/www.vitbot.com\/wp-content\/uploads\/2017\/03\/vitbot_logo.png\",\"width\":84,\"height\":24,\"caption\":\"Vitbot Europe,S.L. NIF B66180548 Tel\u00e8fon Correu info@vitbot.com Direcci\u00f3 C\/ Almeria 40 F Poblaci\u00f3 Tarrasa Codi postal 08226 Pa\u00eds Espanya\"},\"image\":{\"@id\":\"https:\/\/www.vitbot.com\/it#\/schema\/logo\/image\/\"},\"sameAs\":[\"https:\/\/www.facebook.com\/vitbotbottle\/\",\"https:\/\/www.instagram.com\/vitbotofficial\/\"]}]}<\/script>\n<!-- \/ Yoast SEO plugin. -->","yoast_head_json":{"title":"Riguardo a noi - Vitbot","robots":{"index":"index","follow":"follow","max-snippet":"max-snippet:-1","max-image-preview":"max-image-preview:large","max-video-preview":"max-video-preview:-1"},"canonical":"https:\/\/www.vitbot.com\/it\/riguardo-a-noi","og_locale":"it_IT","og_type":"article","og_title":"Riguardo a noi - Vitbot","og_description":"[vc_row fullwidth=&#8221;true&#8221; equal_columns=&#8221;true&#8221; css=&#8221;.vc_custom_1490864043520{background-color: #ffffff !important;}&#8221;][vc_column][vc_single_image image=&#8221;186&#8243; img_size=&#8221;full&#8221; css=&#8221;.vc_custom_1490287995717{margin: 0px !important;}&#8221;][\/vc_column][\/vc_row][vc_row css=&#8221;.vc_custom_1490287549845{background-color: #ffffff !important;}&#8221;][vc_column width=&#8221;1\/2&#8243;][vc_empty_space height=&#8221;45px&#8221;][vc_column_text disable_pattern=&#8221;false&#8221; el_class=&#8221;nosotros-titfun vitbot-color1 font-din2014-b&#8221;] NOI I FONDATORI [\/vc_column_text][vc_column_text disable_pattern=&#8221;false&#8221; el_class=&#8221;nosotros-subtitnom vitbot-color2 font-din2014-l&#8221;] ANTONIO LOZANO DOM\u00c8NECH &#8211; Dottorato in Scienze Politiche e Sociologia presso l&#8217;Universit\u00e0 Complutense. Master in Business Administration presso la School of Engineers del Politecnico della Catalogna DOLORS [&hellip;]","og_url":"https:\/\/www.vitbot.com\/it\/riguardo-a-noi","og_site_name":"Vitbot","article_publisher":"https:\/\/www.facebook.com\/vitbotbottle\/","article_modified_time":"2019-05-07T10:10:56+00:00","twitter_card":"summary_large_image","twitter_misc":{"Tempo di lettura stimato":"3 minuti"},"schema":{"@context":"https:\/\/schema.org","@graph":[{"@type":"WebPage","@id":"https:\/\/www.vitbot.com\/it\/riguardo-a-noi","url":"https:\/\/www.vitbot.com\/it\/riguardo-a-noi","name":"Riguardo a noi - Vitbot","isPartOf":{"@id":"https:\/\/www.vitbot.com\/it#website"},"datePublished":"2019-05-07T10:09:30+00:00","dateModified":"2019-05-07T10:10:56+00:00","breadcrumb":{"@id":"https:\/\/www.vitbot.com\/it\/riguardo-a-noi#breadcrumb"},"inLanguage":"it-IT","potentialAction":[{"@type":"ReadAction","target":["https:\/\/www.vitbot.com\/it\/riguardo-a-noi"]}]},{"@type":"BreadcrumbList","@id":"https:\/\/www.vitbot.com\/it\/riguardo-a-noi#breadcrumb","itemListElement":[{"@type":"ListItem","position":1,"name":"Home","item":"https:\/\/www.vitbot.com\/it"},{"@type":"ListItem","position":2,"name":"Riguardo a noi"}]},{"@type":"WebSite","@id":"https:\/\/www.vitbot.com\/it#website","url":"https:\/\/www.vitbot.com\/it","name":"Vitbot","description":"Best Reusable Water Bottles | Vortex Bottle | Vitalizer Bottle","publisher":{"@id":"https:\/\/www.vitbot.com\/it#organization"},"potentialAction":[{"@type":"SearchAction","target":{"@type":"EntryPoint","urlTemplate":"https:\/\/www.vitbot.com\/it?s={search_term_string}"},"query-input":"required name=search_term_string"}],"inLanguage":"it-IT"},{"@type":"Organization","@id":"https:\/\/www.vitbot.com\/it#organization","name":"Vitbot Europe,S.L. NIF B66180548 Tel\u00e8fon Correu info@vitbot.com Direcci\u00f3 C\/ Almeria 40 F Poblaci\u00f3 Tarrasa Codi postal 08226 Pa\u00eds Espanya","url":"https:\/\/www.vitbot.com\/it","logo":{"@type":"ImageObject","inLanguage":"it-IT","@id":"https:\/\/www.vitbot.com\/it#\/schema\/logo\/image\/","url":"https:\/\/www.vitbot.com\/wp-content\/uploads\/2017\/03\/vitbot_logo.png","contentUrl":"https:\/\/www.vitbot.com\/wp-content\/uploads\/2017\/03\/vitbot_logo.png","width":84,"height":24,"caption":"Vitbot Europe,S.L. NIF B66180548 Tel\u00e8fon Correu info@vitbot.com Direcci\u00f3 C\/ Almeria 40 F Poblaci\u00f3 Tarrasa Codi postal 08226 Pa\u00eds Espanya"},"image":{"@id":"https:\/\/www.vitbot.com\/it#\/schema\/logo\/image\/"},"sameAs":["https:\/\/www.facebook.com\/vitbotbottle\/","https:\/\/www.instagram.com\/vitbotofficial\/"]}]}},"_links":{"self":[{"href":"https:\/\/www.vitbot.com\/it\/wp-json\/wp\/v2\/pages\/5551"}],"collection":[{"href":"https:\/\/www.vitbot.com\/it\/wp-json\/wp\/v2\/pages"}],"about":[{"href":"https:\/\/www.vitbot.com\/it\/wp-json\/wp\/v2\/types\/page"}],"author":[{"embeddable":true,"href":"https:\/\/www.vitbot.com\/it\/wp-json\/wp\/v2\/users\/1"}],"replies":[{"embeddable":true,"href":"https:\/\/www.vitbot.com\/it\/wp-json\/wp\/v2\/comments?post=5551"}],"version-history":[{"count":1,"href":"https:\/\/www.vitbot.com\/it\/wp-json\/wp\/v2\/pages\/5551\/revisions"}],"predecessor-version":[{"id":5556,"href":"https:\/\/www.vitbot.com\/it\/wp-json\/wp\/v2\/pages\/5551\/revisions\/5556"}],"wp:attachment":[{"href":"https:\/\/www.vitbot.com\/it\/wp-json\/wp\/v2\/media?parent=5551"}],"curies":[{"name":"wp","href":"https:\/\/api.w.org\/{rel}","templated":true}]}}