{"id":5526,"date":"2017-05-02T14:24:21","date_gmt":"2017-05-02T14:24:21","guid":{"rendered":"https:\/\/www.vitbot.com\/termini-di-acquisto-garanzia-e-resi"},"modified":"2019-05-07T10:56:51","modified_gmt":"2019-05-07T08:56:51","slug":"termini-acquisto-garanzia-resi","status":"publish","type":"page","link":"https:\/\/www.vitbot.com\/it\/termini-acquisto-garanzia-resi","title":{"rendered":"Termini di Acquisto, Garanzia e Resi"},"content":{"rendered":"[vc_row fullwidth=&#8221;true&#8221; css=&#8221;.vc_custom_1492592458920{padding-top: 35px !important;padding-bottom: 10px !important;background-color: #7cc5c9 !important;}&#8221;][vc_column][vc_column_text disable_pattern=&#8221;false&#8221; align=&#8221;center&#8221; el_class=&#8221;font-alternategn2d vitbot-color3 poldevo-tit1&#8243; css=&#8221;.vc_custom_1557217878245{margin-bottom: 0px !important;}&#8221;]\n<h1>Termini di Acquisto, Garnzia e Resi<\/h1>\n[\/vc_column_text][\/vc_column][\/vc_row][vc_row][vc_column][vc_empty_space][vc_column_text disable_pattern=&#8221;false&#8221; el_class=&#8221;font-din2014-l vitbot-color1 devo-txt&#8221; css=&#8221;.vc_custom_1557218076292{margin-bottom: 0px !important;}&#8221;]Tutti gli ordini e le vendite effettuati tramite il negozio web Vitbot sono soggetti alle seguenti condizioni:<\/p>\n<p>Vitbot ha il diritto di modificare o adattare le condizioni generali di consegna e vendita, in qualsiasi momento. \u00c8 responsabilit\u00e0 del cliente consultare regolarmente queste condizioni.<\/p>\n<p>Vitbot garantisce che i suoi prodotti sono conformi alle specifiche che appaiono in ciascuno dei suoi articoli.<\/p>\n<p>&nbsp;<\/p>\n<p><strong>Acquisti<\/strong><\/p>\n<p>Quando il cliente effettua un acquisto, significa che \u00e8 d&#8217;accordo con i termini e le condizioni dettagliate qui.<\/p>\n<p>Una volta effettuato l&#8217;acquisto, il cliente ricever\u00e0 un&#8217;email di conferma del suo ordine.<\/p>\n<p>Vitbot invier\u00e0 la conferma d\u2019acquisto, una volta che il cliente avr\u00e0 effettuato il pagamento del prodotto.<\/p>\n<p>Vitbot si riserva il diritto di rifiutare gli ordini, se sono stati dati in condizioni anormale.<\/p>\n<p>&nbsp;<\/p>\n<p><strong>Spedizione e consegna<\/strong><\/p>\n<p>I prodotti saranno disponibili solo nei paesi indicati sul sito.<\/p>\n<p>Gli errori nell&#8217;indirizzo indicato sono a carico del cliente e possono comportare costi aggiuntivi.<\/p>\n<p>I prezzi non includono il trasporto o la consegna dei prodotti al cliente. I costi di trasporto e consegna saranno indicati separatamente.<\/p>\n<p>Il tempo di consegna non superer\u00e0 i 15 giorni lavorativi, a partire dalla data in cui il cliente ha effettuato il pagamento.<\/p>\n<p>Nel caso in cui la merce non sia consegnata, il cliente pu\u00f2 ottenere un rimborso completo dell&#8217;importo pagato, senza interessi o altre forme di rimborso.<\/p>\n<p>Il corriere offrir\u00e0 al cliente la consegna del pacco due volte. Se il cliente non \u00e8 presente in questi due momenti, i prodotti saranno restituiti alla sede Vitbot. Se questo fosse il caso, il cliente sar\u00e0 responsabile per il pagamento del costo di spedizione per la seconda volta.<\/p>\n<p>I costi di spedizione variano in base al paese.<\/p>\n<p>Attualmente, possiamo inviare solo a quei paesi inclusi nell&#8217;elenco.<\/p>\n<p>(Elenco disponibile nel negozio web).<\/p>\n<p>Quali sono i costi di spedizione?<\/p>\n<p>Per le spedizioni in Italia o in altre regioni europee, scrivi una e-mail a info@vitbot.com con i prodotti che desideri ricevere (con il nome che appare sul nostro sito web), indicando il codice postale del luogo, il tuo indirizzo e-mail -mail e il tuo telefono, ti contatteremo a breve per offrirti un budget senza compromesso<\/p>\n<p>&nbsp;<\/p>\n<p><strong>Prezzi e metodi di pagamento<\/strong><\/p>\n<p>I prezzi dei prodotti Vitbot non includono i costi di spedizione. Questi saranno addebitati separatamente una volta completato l&#8217;ordine.<\/p>\n<p>Tutti i prezzi sono per unit\u00e0, se non diversamente indicato.<\/p>\n<p>In caso di sconto o promozione di un prodotto specifico, il cliente deve adeguarsi ai giorni indicati. Se il consumatore compra il prodotto prima o dopo questa promozione, non pu\u00f2 richiedere il reso della differenza di prezzo.<\/p>\n<p>Il pagamento per gli acquisti viene effettuato con carta di credito o PayPal. Le carte bancarie accettate sono: Visa, MasterCard e American Express.<\/p>\n<p>Nel caso in cui il POS (Point of Sale Terminal) informi della negazione della carta, l&#8217;ordine verr\u00e0 automaticamente annullato.<\/p>\n<p>&nbsp;<\/p>\n<p><strong>Garanzia e Resi <\/strong><\/p>\n<p>Le bottiglie, vasetti e brocche Vitbot sono fatti di vetro per alimenti.<br \/>\nLe bottiglie Sport, Kids &amp; Travel sono realizzate in silicone medico, con certificazione FDA e LFGB.<br \/>\nNel caso in cui il reso non sia correlato a un difetto o un errore nel prodotto, accettiamo resi entro i primi 14 giorni di calendario dalla data di ricezione, a condizione che siano soddisfatte le condizioni che regolano la legge 3\/2014 del 27 marzo , articolo 71 dell&#8217;ordinazione del commercio che indica che il prodotto deve essere restituito nelle stesse condizioni in cui \u00e8 arrivato e che non \u00e8 stato utilizzato al di l\u00e0 della verifica dell&#8217;operazione e delle condizioni dello stesso. Oltre a contenere l&#8217;imballaggio originale e proteggerlo con qualche altra scatola. Nel caso in cui il prodotto venga restituito senza l&#8217;imballaggio originale, il bene potrebbe subire un deprezzamento del valore originale<\/p>\n<p>L&#8217;utente deve compilare il seguente modulo di recesso debitamente compilato e firmato e inviarlo via email a info@vitbot.com.<br \/>\nIl rimborso del valore della merce verr\u00e0 effettuato una volta verificato nel nostro magazzino la buona condizione della stessa (compresa la confezione originale).<br \/>\nSe hai acquistato il prodotto Vitbot da un distributore, devi contattarlo per richiedere il reso o lo scambio. In questo caso, hai anche un periodo massimo di 14 giorni dalla data di acquisto.<br \/>\nLe spese di spedizione per la restituzione dei prodotti sono a carico del consumatore. Per maggiore protezione, ti suggeriamo di inviare tutti i resi tramite un corriere rintracciabile. Ci\u00f2 rende pi\u00f9 facile per entrambe le parti sapere dove \u00e8 il prodotto in ogni momento.<br \/>\nIl venditore \u00e8 responsabile per il difetto di conformit\u00e0 che si manifesta entro due anni dalla consegna.<br \/>\nIl consumatore e l&#8217;utente devono informare il venditore del difetto di conformit\u00e0 entro due mesi dalla sua conoscenza.<br \/>\nOltre a queste informazioni, \u00e8 necessario fornire al consumatore informazioni sull&#8217;esistenza e le condizioni dei servizi post-vendita e delle eventuali garanzie commerciali.<\/p>\n<p>Per qualsiasi domanda relativa alla garanzia dei prodotti Vitbot, \u00e8 possibile contattare i nostri distributori direttamente a warranty@vitbot.com o al telefono 93 781 78 77.<\/p>\n<p>\u00c8 responsabilit\u00e0 del cliente inviare l&#8217;articolo (gli articoli) al seguente indirizzo:<\/p>\n<p>Vitbot Europa<br \/>\nC \/ Almeria 40 F<br \/>\n08226 Terrassa (Barcellona)<br \/>\nEspa\u00f1a[\/vc_column_text][vc_empty_space][\/vc_column][\/vc_row]\n","protected":false},"excerpt":{"rendered":"<p>[vc_row fullwidth=&#8221;true&#8221; css=&#8221;.vc_custom_1492592458920{padding-top: 35px !important;padding-bottom: 10px !important;background-color: #7cc5c9 !important;}&#8221;][vc_column][vc_column_text disable_pattern=&#8221;false&#8221; align=&#8221;center&#8221; el_class=&#8221;font-alternategn2d vitbot-color3 poldevo-tit1&#8243; css=&#8221;.vc_custom_1557217878245{margin-bottom: 0px !important;}&#8221;] Termini di Acquisto, Garnzia e Resi [\/vc_column_text][\/vc_column][\/vc_row][vc_row][vc_column][vc_empty_space][vc_column_text disable_pattern=&#8221;false&#8221; el_class=&#8221;font-din2014-l vitbot-color1 devo-txt&#8221; css=&#8221;.vc_custom_1557218076292{margin-bottom: 0px !important;}&#8221;]Tutti gli ordini e le vendite effettuati tramite il negozio web Vitbot sono soggetti alle seguenti condizioni: Vitbot ha il diritto di modificare o adattare [&hellip;]<\/p>\n","protected":false},"author":1,"featured_media":0,"parent":0,"menu_order":34,"comment_status":"closed","ping_status":"closed","template":"","meta":{"_monsterinsights_skip_tracking":false,"_monsterinsights_sitenote_active":false,"_monsterinsights_sitenote_note":"","_monsterinsights_sitenote_category":0},"yoast_head":"<!-- This site is optimized with the Yoast SEO plugin v20.1 - https:\/\/yoast.com\/wordpress\/plugins\/seo\/ -->\n<title>Termini di Acquisto, Garanzia e Resi - Vitbot<\/title>\n<meta name=\"robots\" content=\"index, follow, max-snippet:-1, max-image-preview:large, max-video-preview:-1\" \/>\n<link rel=\"canonical\" href=\"https:\/\/www.vitbot.com\/it\/termini-acquisto-garanzia-resi\" \/>\n<meta property=\"og:locale\" content=\"it_IT\" \/>\n<meta property=\"og:type\" content=\"article\" \/>\n<meta property=\"og:title\" content=\"Termini di Acquisto, Garanzia e Resi - Vitbot\" \/>\n<meta property=\"og:description\" content=\"[vc_row fullwidth=&#8221;true&#8221; css=&#8221;.vc_custom_1492592458920{padding-top: 35px !important;padding-bottom: 10px !important;background-color: #7cc5c9 !important;}&#8221;][vc_column][vc_column_text disable_pattern=&#8221;false&#8221; align=&#8221;center&#8221; el_class=&#8221;font-alternategn2d vitbot-color3 poldevo-tit1&#8243; css=&#8221;.vc_custom_1557217878245{margin-bottom: 0px !important;}&#8221;] Termini di Acquisto, Garnzia e Resi [\/vc_column_text][\/vc_column][\/vc_row][vc_row][vc_column][vc_empty_space][vc_column_text disable_pattern=&#8221;false&#8221; el_class=&#8221;font-din2014-l vitbot-color1 devo-txt&#8221; css=&#8221;.vc_custom_1557218076292{margin-bottom: 0px !important;}&#8221;]Tutti gli ordini e le vendite effettuati tramite il negozio web Vitbot sono soggetti alle seguenti condizioni: Vitbot ha il diritto di modificare o adattare [&hellip;]\" \/>\n<meta property=\"og:url\" content=\"https:\/\/www.vitbot.com\/it\/termini-acquisto-garanzia-resi\" \/>\n<meta property=\"og:site_name\" content=\"Vitbot\" \/>\n<meta property=\"article:publisher\" content=\"https:\/\/www.facebook.com\/vitbotbottle\/\" \/>\n<meta property=\"article:modified_time\" content=\"2019-05-07T08:56:51+00:00\" \/>\n<meta name=\"twitter:card\" content=\"summary_large_image\" \/>\n<meta name=\"twitter:label1\" content=\"Tempo di lettura stimato\" \/>\n\t<meta name=\"twitter:data1\" content=\"5 minuti\" \/>\n<script type=\"application\/ld+json\" class=\"yoast-schema-graph\">{\"@context\":\"https:\/\/schema.org\",\"@graph\":[{\"@type\":\"WebPage\",\"@id\":\"https:\/\/www.vitbot.com\/it\/termini-acquisto-garanzia-resi\",\"url\":\"https:\/\/www.vitbot.com\/it\/termini-acquisto-garanzia-resi\",\"name\":\"Termini di Acquisto, Garanzia e Resi - Vitbot\",\"isPartOf\":{\"@id\":\"https:\/\/www.vitbot.com\/it#website\"},\"datePublished\":\"2017-05-02T14:24:21+00:00\",\"dateModified\":\"2019-05-07T08:56:51+00:00\",\"breadcrumb\":{\"@id\":\"https:\/\/www.vitbot.com\/it\/termini-acquisto-garanzia-resi#breadcrumb\"},\"inLanguage\":\"it-IT\",\"potentialAction\":[{\"@type\":\"ReadAction\",\"target\":[\"https:\/\/www.vitbot.com\/it\/termini-acquisto-garanzia-resi\"]}]},{\"@type\":\"BreadcrumbList\",\"@id\":\"https:\/\/www.vitbot.com\/it\/termini-acquisto-garanzia-resi#breadcrumb\",\"itemListElement\":[{\"@type\":\"ListItem\",\"position\":1,\"name\":\"Home\",\"item\":\"https:\/\/www.vitbot.com\/it\"},{\"@type\":\"ListItem\",\"position\":2,\"name\":\"Termini di Acquisto, Garanzia e Resi\"}]},{\"@type\":\"WebSite\",\"@id\":\"https:\/\/www.vitbot.com\/it#website\",\"url\":\"https:\/\/www.vitbot.com\/it\",\"name\":\"Vitbot\",\"description\":\"Best Reusable Water Bottles | Vortex Bottle | Vitalizer Bottle\",\"publisher\":{\"@id\":\"https:\/\/www.vitbot.com\/it#organization\"},\"potentialAction\":[{\"@type\":\"SearchAction\",\"target\":{\"@type\":\"EntryPoint\",\"urlTemplate\":\"https:\/\/www.vitbot.com\/it?s={search_term_string}\"},\"query-input\":\"required name=search_term_string\"}],\"inLanguage\":\"it-IT\"},{\"@type\":\"Organization\",\"@id\":\"https:\/\/www.vitbot.com\/it#organization\",\"name\":\"Vitbot Europe,S.L. NIF B66180548 Tel\u00e8fon Correu info@vitbot.com Direcci\u00f3 C\/ Almeria 40 F Poblaci\u00f3 Tarrasa Codi postal 08226 Pa\u00eds Espanya\",\"url\":\"https:\/\/www.vitbot.com\/it\",\"logo\":{\"@type\":\"ImageObject\",\"inLanguage\":\"it-IT\",\"@id\":\"https:\/\/www.vitbot.com\/it#\/schema\/logo\/image\/\",\"url\":\"https:\/\/www.vitbot.com\/wp-content\/uploads\/2017\/03\/vitbot_logo.png\",\"contentUrl\":\"https:\/\/www.vitbot.com\/wp-content\/uploads\/2017\/03\/vitbot_logo.png\",\"width\":84,\"height\":24,\"caption\":\"Vitbot Europe,S.L. NIF B66180548 Tel\u00e8fon Correu info@vitbot.com Direcci\u00f3 C\/ Almeria 40 F Poblaci\u00f3 Tarrasa Codi postal 08226 Pa\u00eds Espanya\"},\"image\":{\"@id\":\"https:\/\/www.vitbot.com\/it#\/schema\/logo\/image\/\"},\"sameAs\":[\"https:\/\/www.facebook.com\/vitbotbottle\/\",\"https:\/\/www.instagram.com\/vitbotofficial\/\"]}]}<\/script>\n<!-- \/ Yoast SEO plugin. -->","yoast_head_json":{"title":"Termini di Acquisto, Garanzia e Resi - Vitbot","robots":{"index":"index","follow":"follow","max-snippet":"max-snippet:-1","max-image-preview":"max-image-preview:large","max-video-preview":"max-video-preview:-1"},"canonical":"https:\/\/www.vitbot.com\/it\/termini-acquisto-garanzia-resi","og_locale":"it_IT","og_type":"article","og_title":"Termini di Acquisto, Garanzia e Resi - Vitbot","og_description":"[vc_row fullwidth=&#8221;true&#8221; css=&#8221;.vc_custom_1492592458920{padding-top: 35px !important;padding-bottom: 10px !important;background-color: #7cc5c9 !important;}&#8221;][vc_column][vc_column_text disable_pattern=&#8221;false&#8221; align=&#8221;center&#8221; el_class=&#8221;font-alternategn2d vitbot-color3 poldevo-tit1&#8243; css=&#8221;.vc_custom_1557217878245{margin-bottom: 0px !important;}&#8221;] Termini di Acquisto, Garnzia e Resi [\/vc_column_text][\/vc_column][\/vc_row][vc_row][vc_column][vc_empty_space][vc_column_text disable_pattern=&#8221;false&#8221; el_class=&#8221;font-din2014-l vitbot-color1 devo-txt&#8221; css=&#8221;.vc_custom_1557218076292{margin-bottom: 0px !important;}&#8221;]Tutti gli ordini e le vendite effettuati tramite il negozio web Vitbot sono soggetti alle seguenti condizioni: Vitbot ha il diritto di modificare o adattare [&hellip;]","og_url":"https:\/\/www.vitbot.com\/it\/termini-acquisto-garanzia-resi","og_site_name":"Vitbot","article_publisher":"https:\/\/www.facebook.com\/vitbotbottle\/","article_modified_time":"2019-05-07T08:56:51+00:00","twitter_card":"summary_large_image","twitter_misc":{"Tempo di lettura stimato":"5 minuti"},"schema":{"@context":"https:\/\/schema.org","@graph":[{"@type":"WebPage","@id":"https:\/\/www.vitbot.com\/it\/termini-acquisto-garanzia-resi","url":"https:\/\/www.vitbot.com\/it\/termini-acquisto-garanzia-resi","name":"Termini di Acquisto, Garanzia e Resi - Vitbot","isPartOf":{"@id":"https:\/\/www.vitbot.com\/it#website"},"datePublished":"2017-05-02T14:24:21+00:00","dateModified":"2019-05-07T08:56:51+00:00","breadcrumb":{"@id":"https:\/\/www.vitbot.com\/it\/termini-acquisto-garanzia-resi#breadcrumb"},"inLanguage":"it-IT","potentialAction":[{"@type":"ReadAction","target":["https:\/\/www.vitbot.com\/it\/termini-acquisto-garanzia-resi"]}]},{"@type":"BreadcrumbList","@id":"https:\/\/www.vitbot.com\/it\/termini-acquisto-garanzia-resi#breadcrumb","itemListElement":[{"@type":"ListItem","position":1,"name":"Home","item":"https:\/\/www.vitbot.com\/it"},{"@type":"ListItem","position":2,"name":"Termini di Acquisto, Garanzia e Resi"}]},{"@type":"WebSite","@id":"https:\/\/www.vitbot.com\/it#website","url":"https:\/\/www.vitbot.com\/it","name":"Vitbot","description":"Best Reusable Water Bottles | Vortex Bottle | Vitalizer Bottle","publisher":{"@id":"https:\/\/www.vitbot.com\/it#organization"},"potentialAction":[{"@type":"SearchAction","target":{"@type":"EntryPoint","urlTemplate":"https:\/\/www.vitbot.com\/it?s={search_term_string}"},"query-input":"required name=search_term_string"}],"inLanguage":"it-IT"},{"@type":"Organization","@id":"https:\/\/www.vitbot.com\/it#organization","name":"Vitbot Europe,S.L. NIF B66180548 Tel\u00e8fon Correu info@vitbot.com Direcci\u00f3 C\/ Almeria 40 F Poblaci\u00f3 Tarrasa Codi postal 08226 Pa\u00eds Espanya","url":"https:\/\/www.vitbot.com\/it","logo":{"@type":"ImageObject","inLanguage":"it-IT","@id":"https:\/\/www.vitbot.com\/it#\/schema\/logo\/image\/","url":"https:\/\/www.vitbot.com\/wp-content\/uploads\/2017\/03\/vitbot_logo.png","contentUrl":"https:\/\/www.vitbot.com\/wp-content\/uploads\/2017\/03\/vitbot_logo.png","width":84,"height":24,"caption":"Vitbot Europe,S.L. NIF B66180548 Tel\u00e8fon Correu info@vitbot.com Direcci\u00f3 C\/ Almeria 40 F Poblaci\u00f3 Tarrasa Codi postal 08226 Pa\u00eds Espanya"},"image":{"@id":"https:\/\/www.vitbot.com\/it#\/schema\/logo\/image\/"},"sameAs":["https:\/\/www.facebook.com\/vitbotbottle\/","https:\/\/www.instagram.com\/vitbotofficial\/"]}]}},"_links":{"self":[{"href":"https:\/\/www.vitbot.com\/it\/wp-json\/wp\/v2\/pages\/5526"}],"collection":[{"href":"https:\/\/www.vitbot.com\/it\/wp-json\/wp\/v2\/pages"}],"about":[{"href":"https:\/\/www.vitbot.com\/it\/wp-json\/wp\/v2\/types\/page"}],"author":[{"embeddable":true,"href":"https:\/\/www.vitbot.com\/it\/wp-json\/wp\/v2\/users\/1"}],"replies":[{"embeddable":true,"href":"https:\/\/www.vitbot.com\/it\/wp-json\/wp\/v2\/comments?post=5526"}],"version-history":[{"count":4,"href":"https:\/\/www.vitbot.com\/it\/wp-json\/wp\/v2\/pages\/5526\/revisions"}],"predecessor-version":[{"id":5530,"href":"https:\/\/www.vitbot.com\/it\/wp-json\/wp\/v2\/pages\/5526\/revisions\/5530"}],"wp:attachment":[{"href":"https:\/\/www.vitbot.com\/it\/wp-json\/wp\/v2\/media?parent=5526"}],"curies":[{"name":"wp","href":"https:\/\/api.w.org\/{rel}","templated":true}]}}