{"id":22413,"date":"2021-05-13T12:36:38","date_gmt":"2021-05-13T10:36:38","guid":{"rendered":"https:\/\/www.vitbot.com\/la-bottiglia-polaris"},"modified":"2021-05-13T13:14:10","modified_gmt":"2021-05-13T11:14:10","slug":"la-bottiglia-polaris","status":"publish","type":"page","link":"https:\/\/www.vitbot.com\/it\/la-bottiglia-polaris","title":{"rendered":"La Bottiglia Polaris"},"content":{"rendered":"[vc_row][vc_column][vc_empty_space height=&#8221;30px&#8221; el_class=&#8221;prod-space9&#8243;][\/vc_column][\/vc_row][vc_row fullwidth=&#8221;true&#8221; equal_columns=&#8221;true&#8221;][vc_column width=&#8221;1\/2&#8243; css=&#8221;.vc_custom_1492591143501{background-color: #ffffff !important;background-position: center !important;background-repeat: no-repeat !important;background-size: cover !important;}&#8221;][vc_row_inner][vc_column_inner][vc_single_image image=&#8221;22386&#8243; img_size=&#8221;full&#8221; alignment=&#8221;center&#8221;][vc_single_image image=&#8221;22392&#8243; img_size=&#8221;full&#8221;][\/vc_column_inner][\/vc_row_inner][\/vc_column][vc_column width=&#8221;1\/2&#8243; css=&#8221;.vc_custom_1492591132776{background-color: #ffffff !important;background-position: center !important;background-repeat: no-repeat !important;background-size: cover !important;}&#8221;][vc_row_inner][vc_column_inner][vc_column_text disable_pattern=&#8221;false&#8221; el_class=&#8221;font-alternategn2d vitbot-color1 prod-tit1&#8243; css=&#8221;.vc_custom_1620900121104{margin-bottom: 0px !important;}&#8221;]\n<h2>Bottiglia di vetro<br \/>\nLa Bottiglia Polaris<\/h2>\n<h3>BOTTIGLIA IN VETRO RIUTILIZZABILE SENZA PIOMBO PER ACQUA O ALTRI LIQUIDI<\/h3>\n[\/vc_column_text][vc_column_text disable_pattern=&#8221;false&#8221; el_class=&#8221;prod-price&#8221; css=&#8221;.vc_custom_1620899656673{margin-bottom: 0px !important;}&#8221;]0&euro;[\/vc_column_text][vc_empty_space height=&#8221;50px&#8221; el_class=&#8221;prod-space1&#8243;][vc_column_text disable_pattern=&#8221;false&#8221; el_class=&#8221;font-din2014-l vitbot-color1 prod-desc&#8221; css=&#8221;.vc_custom_1620904444227{margin-bottom: 0px !important;}&#8221;]La bottiglia, disegnata in forma ovoidale e in proporzione phi, genera al suo interno un vortice che ristruttura ed energizza l&#8217;acqua.<\/p>\n<p>Stampato sul vetro utilizzando la tecnica della sabbiatura, il mantra della Polaris Brotherhood trasferisce la sua frequenza all&#8217;acqua.<\/p>\n<p>La bottiglia \u00e8:<br \/>\n<strong>Biomimetica:<\/strong> progettato seguendo i modelli della natura: ovoidale in proporzione phi.<br \/>\n<strong>Attiva:<\/strong> fornisce vantaggi misurabili.<br \/>\n<strong>Sostenibile:<\/strong> prodotto con criteri di economia circolare.<br \/>\n<strong>Riutilizzabile:<\/strong> 555 ml.<br \/>\n<strong>Affidabile:<\/strong> il colore blu cobalto che si acquisisce nel forno a pi\u00f9 di 2000\u00ba di temperatura, protegge l&#8217;acqua dai raggi UV del sole.<\/p>\n<p>Il tappo \u00e8 in acciaio inossidabile e la borsa in cui \u00e8 presentato \u00e8 in juta naturale.<br \/>\n* La bottiglia e il tappo devono essere lavati a mano.<\/p>\n<p>Per ulteriori informazioni sulla Polaris Brotherhood:<br \/>\n<a href=\"https:\/\/www.jaiarumi.com\/\" target=\"_blank\" rel=\"noopener\">www.jaiarumi.com<\/a>[\/vc_column_text][vc_empty_space height=&#8221;50px&#8221; el_class=&#8221;prod-space2&#8243;][vc_column_text disable_pattern=&#8221;false&#8221; el_class=&#8221;prod-add&#8221; css=&#8221;.vc_custom_1620899674459{margin-bottom: 0px !important;}&#8221;]<p class=\"product woocommerce add_to_cart_inline \" style=\"border:4px solid #ccc; padding: 12px;\"><a rel=\"nofollow\" href=\"https:\/\/www.vitbot.com\/it\/prodotto\/la-bottiglia-polaris\" data-quantity=\"1\" data-product_id=\"22367\" data-product_sku=\"\" class=\"product_loop_button product_type_simple  ajax_add_to_cart\" data-product_id=\"22367\" data-product_sku=\"\" aria-label=\"Leggi di pi\u00f9 su &quot;La Bottiglia Polaris&quot;\" rel=\"nofollow\"><svg  class=\"mk-svg-icon\" data-name=\"mk-moon-search-3\" data-cacheid=\"icon-69d0b2d4995da\" style=\" height:16px; width: 16px; \"  xmlns=\"http:\/\/www.w3.org\/2000\/svg\" viewBox=\"0 0 512 512\"><path d=\"M496.131 435.698l-121.276-103.147c-12.537-11.283-25.945-16.463-36.776-15.963 28.628-33.534 45.921-77.039 45.921-124.588 0-106.039-85.961-192-192-192-106.038 0-192 85.961-192 192s85.961 192 192 192c47.549 0 91.054-17.293 124.588-45.922-.5 10.831 4.68 24.239 15.963 36.776l103.147 121.276c17.661 19.623 46.511 21.277 64.11 3.678s15.946-46.449-3.677-64.11zm-304.131-115.698c-70.692 0-128-57.308-128-128s57.308-128 128-128 128 57.308 128 128-57.307 128-128 128z\"\/><\/svg><span class=\"product_loop_button_text\">Leggi tutto<\/a><\/p>[\/vc_column_text][\/vc_column_inner][\/vc_row_inner][\/vc_column][\/vc_row][vc_row][vc_column][vc_empty_space height=&#8221;50px&#8221; el_class=&#8221;prod-space2&#8243;][\/vc_column][\/vc_row][vc_row fullwidth=&#8221;true&#8221;][vc_column][vc_row_inner][vc_column_inner][\/vc_column_inner][\/vc_row_inner][\/vc_column][\/vc_row][vc_row][vc_column][vc_empty_space height=&#8221;50px&#8221; el_class=&#8221;prod-space2&#8243;][\/vc_column][\/vc_row]\n","protected":false},"excerpt":{"rendered":"<p>[vc_row][vc_column][vc_empty_space height=&#8221;30px&#8221; el_class=&#8221;prod-space9&#8243;][\/vc_column][\/vc_row][vc_row fullwidth=&#8221;true&#8221; equal_columns=&#8221;true&#8221;][vc_column width=&#8221;1\/2&#8243; css=&#8221;.vc_custom_1492591143501{background-color: #ffffff !important;background-position: center !important;background-repeat: no-repeat !important;background-size: cover !important;}&#8221;][vc_row_inner][vc_column_inner][vc_single_image image=&#8221;22386&#8243; img_size=&#8221;full&#8221; alignment=&#8221;center&#8221;][vc_single_image image=&#8221;22392&#8243; img_size=&#8221;full&#8221;][\/vc_column_inner][\/vc_row_inner][\/vc_column][vc_column width=&#8221;1\/2&#8243; css=&#8221;.vc_custom_1492591132776{background-color: #ffffff !important;background-position: center !important;background-repeat: no-repeat !important;background-size: cover !important;}&#8221;][vc_row_inner][vc_column_inner][vc_column_text disable_pattern=&#8221;false&#8221; el_class=&#8221;font-alternategn2d vitbot-color1 prod-tit1&#8243; css=&#8221;.vc_custom_1620900121104{margin-bottom: 0px !important;}&#8221;] Bottiglia di vetro La Bottiglia Polaris BOTTIGLIA IN VETRO RIUTILIZZABILE SENZA PIOMBO PER ACQUA O ALTRI LIQUIDI [\/vc_column_text][vc_column_text [&hellip;]<\/p>\n","protected":false},"author":1,"featured_media":0,"parent":0,"menu_order":3,"comment_status":"closed","ping_status":"closed","template":"","meta":{"_monsterinsights_skip_tracking":false,"_monsterinsights_sitenote_active":false,"_monsterinsights_sitenote_note":"","_monsterinsights_sitenote_category":0},"yoast_head":"<!-- This site is optimized with the Yoast SEO plugin v20.1 - https:\/\/yoast.com\/wordpress\/plugins\/seo\/ -->\n<title>Botella de vidrio Egg of Life: vitaliza los l\u00edquidos | Vitbot<\/title>\n<meta name=\"description\" content=\"Botella de vidrio reutilizable para agua u otros l\u00edquidos ideal para la oficina o el hogar. Fabricada en EU. Capacidad 500ml.\" \/>\n<meta name=\"robots\" content=\"index, follow, max-snippet:-1, max-image-preview:large, max-video-preview:-1\" \/>\n<link rel=\"canonical\" href=\"https:\/\/www.vitbot.com\/it\/la-bottiglia-polaris\" \/>\n<meta property=\"og:locale\" content=\"it_IT\" \/>\n<meta property=\"og:type\" content=\"article\" \/>\n<meta property=\"og:title\" content=\"Botella de vidrio Egg of Life: vitaliza los l\u00edquidos | Vitbot\" \/>\n<meta property=\"og:description\" content=\"Botella de vidrio reutilizable para agua u otros l\u00edquidos ideal para la oficina o el hogar. Fabricada en EU. Capacidad 500ml.\" \/>\n<meta property=\"og:url\" content=\"https:\/\/www.vitbot.com\/it\/la-bottiglia-polaris\" \/>\n<meta property=\"og:site_name\" content=\"Vitbot\" \/>\n<meta property=\"article:publisher\" content=\"https:\/\/www.facebook.com\/vitbotbottle\/\" \/>\n<meta property=\"article:modified_time\" content=\"2021-05-13T11:14:10+00:00\" \/>\n<meta name=\"twitter:card\" content=\"summary_large_image\" \/>\n<meta name=\"twitter:label1\" content=\"Tempo di lettura stimato\" \/>\n\t<meta name=\"twitter:data1\" content=\"1 minuto\" \/>\n<script type=\"application\/ld+json\" class=\"yoast-schema-graph\">{\"@context\":\"https:\/\/schema.org\",\"@graph\":[{\"@type\":\"WebPage\",\"@id\":\"https:\/\/www.vitbot.com\/it\/la-bottiglia-polaris\",\"url\":\"https:\/\/www.vitbot.com\/it\/la-bottiglia-polaris\",\"name\":\"Botella de vidrio Egg of Life: vitaliza los l\u00edquidos | Vitbot\",\"isPartOf\":{\"@id\":\"https:\/\/www.vitbot.com\/it#website\"},\"datePublished\":\"2021-05-13T10:36:38+00:00\",\"dateModified\":\"2021-05-13T11:14:10+00:00\",\"description\":\"Botella de vidrio reutilizable para agua u otros l\u00edquidos ideal para la oficina o el hogar. Fabricada en EU. Capacidad 500ml.\",\"breadcrumb\":{\"@id\":\"https:\/\/www.vitbot.com\/it\/la-bottiglia-polaris#breadcrumb\"},\"inLanguage\":\"it-IT\",\"potentialAction\":[{\"@type\":\"ReadAction\",\"target\":[\"https:\/\/www.vitbot.com\/it\/la-bottiglia-polaris\"]}]},{\"@type\":\"BreadcrumbList\",\"@id\":\"https:\/\/www.vitbot.com\/it\/la-bottiglia-polaris#breadcrumb\",\"itemListElement\":[{\"@type\":\"ListItem\",\"position\":1,\"name\":\"Home\",\"item\":\"https:\/\/www.vitbot.com\/it\"},{\"@type\":\"ListItem\",\"position\":2,\"name\":\"La Bottiglia Polaris\"}]},{\"@type\":\"WebSite\",\"@id\":\"https:\/\/www.vitbot.com\/it#website\",\"url\":\"https:\/\/www.vitbot.com\/it\",\"name\":\"Vitbot\",\"description\":\"Best Reusable Water Bottles | Vortex Bottle | Vitalizer Bottle\",\"publisher\":{\"@id\":\"https:\/\/www.vitbot.com\/it#organization\"},\"potentialAction\":[{\"@type\":\"SearchAction\",\"target\":{\"@type\":\"EntryPoint\",\"urlTemplate\":\"https:\/\/www.vitbot.com\/it?s={search_term_string}\"},\"query-input\":\"required name=search_term_string\"}],\"inLanguage\":\"it-IT\"},{\"@type\":\"Organization\",\"@id\":\"https:\/\/www.vitbot.com\/it#organization\",\"name\":\"Vitbot Europe,S.L. NIF B66180548 Tel\u00e8fon Correu info@vitbot.com Direcci\u00f3 C\/ Almeria 40 F Poblaci\u00f3 Tarrasa Codi postal 08226 Pa\u00eds Espanya\",\"url\":\"https:\/\/www.vitbot.com\/it\",\"logo\":{\"@type\":\"ImageObject\",\"inLanguage\":\"it-IT\",\"@id\":\"https:\/\/www.vitbot.com\/it#\/schema\/logo\/image\/\",\"url\":\"https:\/\/www.vitbot.com\/wp-content\/uploads\/2017\/03\/vitbot_logo.png\",\"contentUrl\":\"https:\/\/www.vitbot.com\/wp-content\/uploads\/2017\/03\/vitbot_logo.png\",\"width\":84,\"height\":24,\"caption\":\"Vitbot Europe,S.L. NIF B66180548 Tel\u00e8fon Correu info@vitbot.com Direcci\u00f3 C\/ Almeria 40 F Poblaci\u00f3 Tarrasa Codi postal 08226 Pa\u00eds Espanya\"},\"image\":{\"@id\":\"https:\/\/www.vitbot.com\/it#\/schema\/logo\/image\/\"},\"sameAs\":[\"https:\/\/www.facebook.com\/vitbotbottle\/\",\"https:\/\/www.instagram.com\/vitbotofficial\/\"]}]}<\/script>\n<!-- \/ Yoast SEO plugin. -->","yoast_head_json":{"title":"Botella de vidrio Egg of Life: vitaliza los l\u00edquidos | Vitbot","description":"Botella de vidrio reutilizable para agua u otros l\u00edquidos ideal para la oficina o el hogar. Fabricada en EU. Capacidad 500ml.","robots":{"index":"index","follow":"follow","max-snippet":"max-snippet:-1","max-image-preview":"max-image-preview:large","max-video-preview":"max-video-preview:-1"},"canonical":"https:\/\/www.vitbot.com\/it\/la-bottiglia-polaris","og_locale":"it_IT","og_type":"article","og_title":"Botella de vidrio Egg of Life: vitaliza los l\u00edquidos | Vitbot","og_description":"Botella de vidrio reutilizable para agua u otros l\u00edquidos ideal para la oficina o el hogar. Fabricada en EU. Capacidad 500ml.","og_url":"https:\/\/www.vitbot.com\/it\/la-bottiglia-polaris","og_site_name":"Vitbot","article_publisher":"https:\/\/www.facebook.com\/vitbotbottle\/","article_modified_time":"2021-05-13T11:14:10+00:00","twitter_card":"summary_large_image","twitter_misc":{"Tempo di lettura stimato":"1 minuto"},"schema":{"@context":"https:\/\/schema.org","@graph":[{"@type":"WebPage","@id":"https:\/\/www.vitbot.com\/it\/la-bottiglia-polaris","url":"https:\/\/www.vitbot.com\/it\/la-bottiglia-polaris","name":"Botella de vidrio Egg of Life: vitaliza los l\u00edquidos | Vitbot","isPartOf":{"@id":"https:\/\/www.vitbot.com\/it#website"},"datePublished":"2021-05-13T10:36:38+00:00","dateModified":"2021-05-13T11:14:10+00:00","description":"Botella de vidrio reutilizable para agua u otros l\u00edquidos ideal para la oficina o el hogar. Fabricada en EU. Capacidad 500ml.","breadcrumb":{"@id":"https:\/\/www.vitbot.com\/it\/la-bottiglia-polaris#breadcrumb"},"inLanguage":"it-IT","potentialAction":[{"@type":"ReadAction","target":["https:\/\/www.vitbot.com\/it\/la-bottiglia-polaris"]}]},{"@type":"BreadcrumbList","@id":"https:\/\/www.vitbot.com\/it\/la-bottiglia-polaris#breadcrumb","itemListElement":[{"@type":"ListItem","position":1,"name":"Home","item":"https:\/\/www.vitbot.com\/it"},{"@type":"ListItem","position":2,"name":"La Bottiglia Polaris"}]},{"@type":"WebSite","@id":"https:\/\/www.vitbot.com\/it#website","url":"https:\/\/www.vitbot.com\/it","name":"Vitbot","description":"Best Reusable Water Bottles | Vortex Bottle | Vitalizer Bottle","publisher":{"@id":"https:\/\/www.vitbot.com\/it#organization"},"potentialAction":[{"@type":"SearchAction","target":{"@type":"EntryPoint","urlTemplate":"https:\/\/www.vitbot.com\/it?s={search_term_string}"},"query-input":"required name=search_term_string"}],"inLanguage":"it-IT"},{"@type":"Organization","@id":"https:\/\/www.vitbot.com\/it#organization","name":"Vitbot Europe,S.L. NIF B66180548 Tel\u00e8fon Correu info@vitbot.com Direcci\u00f3 C\/ Almeria 40 F Poblaci\u00f3 Tarrasa Codi postal 08226 Pa\u00eds Espanya","url":"https:\/\/www.vitbot.com\/it","logo":{"@type":"ImageObject","inLanguage":"it-IT","@id":"https:\/\/www.vitbot.com\/it#\/schema\/logo\/image\/","url":"https:\/\/www.vitbot.com\/wp-content\/uploads\/2017\/03\/vitbot_logo.png","contentUrl":"https:\/\/www.vitbot.com\/wp-content\/uploads\/2017\/03\/vitbot_logo.png","width":84,"height":24,"caption":"Vitbot Europe,S.L. NIF B66180548 Tel\u00e8fon Correu info@vitbot.com Direcci\u00f3 C\/ Almeria 40 F Poblaci\u00f3 Tarrasa Codi postal 08226 Pa\u00eds Espanya"},"image":{"@id":"https:\/\/www.vitbot.com\/it#\/schema\/logo\/image\/"},"sameAs":["https:\/\/www.facebook.com\/vitbotbottle\/","https:\/\/www.instagram.com\/vitbotofficial\/"]}]}},"_links":{"self":[{"href":"https:\/\/www.vitbot.com\/it\/wp-json\/wp\/v2\/pages\/22413"}],"collection":[{"href":"https:\/\/www.vitbot.com\/it\/wp-json\/wp\/v2\/pages"}],"about":[{"href":"https:\/\/www.vitbot.com\/it\/wp-json\/wp\/v2\/types\/page"}],"author":[{"embeddable":true,"href":"https:\/\/www.vitbot.com\/it\/wp-json\/wp\/v2\/users\/1"}],"replies":[{"embeddable":true,"href":"https:\/\/www.vitbot.com\/it\/wp-json\/wp\/v2\/comments?post=22413"}],"version-history":[{"count":3,"href":"https:\/\/www.vitbot.com\/it\/wp-json\/wp\/v2\/pages\/22413\/revisions"}],"predecessor-version":[{"id":22423,"href":"https:\/\/www.vitbot.com\/it\/wp-json\/wp\/v2\/pages\/22413\/revisions\/22423"}],"wp:attachment":[{"href":"https:\/\/www.vitbot.com\/it\/wp-json\/wp\/v2\/media?parent=22413"}],"curies":[{"name":"wp","href":"https:\/\/api.w.org\/{rel}","templated":true}]}}