{"id":3886,"date":"2018-12-05T19:52:43","date_gmt":"2018-12-05T17:52:43","guid":{"rendered":"https:\/\/www.vitbot.com\/?page_id=3886"},"modified":"2018-12-05T19:52:43","modified_gmt":"2018-12-05T17:52:43","slug":"bouchon-egg-of-life","status":"publish","type":"page","link":"https:\/\/www.vitbot.com\/fr\/bouchon-egg-of-life","title":{"rendered":"Bouchon Egg of Life"},"content":{"rendered":"[vc_row fullwidth=\u00a0\u00bbtrue\u00a0\u00bb fullwidth_content=\u00a0\u00bbfalse\u00a0\u00bb equal_columns=\u00a0\u00bbtrue\u00a0\u00bb css=\u00a0\u00bb.vc_custom_1492599368043{padding-top: 35px !important;padding-bottom: 10px !important;background-color: #50bedc !important;}\u00a0\u00bb][vc_column][vc_column_text disable_pattern=\u00a0\u00bbfalse\u00a0\u00bb align=\u00a0\u00bbcenter\u00a0\u00bb el_class=\u00a0\u00bbfont-alternategn2d vitbot-color1 prod-tit\u00a0\u00bb]\n<h1>PRODUITS<\/h1>\n[\/vc_column_text][\/vc_column][\/vc_row][vc_row][vc_column][vc_empty_space height=\u00a0\u00bb30px\u00a0\u00bb el_class=\u00a0\u00bbprod-space9&Prime;][\/vc_column][\/vc_row][vc_row fullwidth=\u00a0\u00bbtrue\u00a0\u00bb equal_columns=\u00a0\u00bbtrue\u00a0\u00bb][vc_column width=\u00a0\u00bb1\/2&Prime; css=\u00a0\u00bb.vc_custom_1492591143501{background-color: #ffffff !important;background-position: center !important;background-repeat: no-repeat !important;background-size: cover !important;}\u00a0\u00bb][vc_row_inner][vc_column_inner][vc_single_image image=\u00a0\u00bb3786&Prime; img_size=\u00a0\u00bbfull\u00a0\u00bb alignment=\u00a0\u00bbcenter\u00a0\u00bb][\/vc_column_inner][\/vc_row_inner][\/vc_column][vc_column width=\u00a0\u00bb1\/2&Prime; css=\u00a0\u00bb.vc_custom_1492591132776{background-color: #ffffff !important;background-position: center !important;background-repeat: no-repeat !important;background-size: cover !important;}\u00a0\u00bb][vc_row_inner][vc_column_inner][vc_column_text disable_pattern=\u00a0\u00bbfalse\u00a0\u00bb el_class=\u00a0\u00bbfont-alternategn2d vitbot-color1 prod-tit1&Prime; css=\u00a0\u00bb.vc_custom_1544031760338{margin-bottom: 0px !important;}\u00a0\u00bb]\n<h2>Bouchon Egg of Life<\/h2>\n[\/vc_column_text][vc_column_text disable_pattern=\u00a0\u00bbfalse\u00a0\u00bb el_class=\u00a0\u00bbprod-price\u00a0\u00bb css=\u00a0\u00bb.vc_custom_1544031861630{margin-bottom: 0px !important;}\u00a0\u00bb]5&euro;[\/vc_column_text][vc_empty_space height=\u00a0\u00bb50px\u00a0\u00bb el_class=\u00a0\u00bbprod-space1&Prime;][vc_column_text disable_pattern=\u00a0\u00bbfalse\u00a0\u00bb el_class=\u00a0\u00bbfont-din2014-l vitbot-color1 prod-desc\u00a0\u00bb css=\u00a0\u00bb.vc_custom_1544031927868{margin-bottom: 0px !important;}\u00a0\u00bb]Bouchon en acier inoxydable 18\/8.<br \/>\nLe plastique du fil est exempt de BPA. Gr\u00e2ce au bouton central, l&rsquo;eau n&rsquo;entre en contact qu&rsquo;avec l&rsquo;acier inoxydable.<br \/>\nIl doit \u00eatre lav\u00e9 \u00e0 la main.<br \/>\nFabriqu\u00e9 en Europe<br \/>\n[\/vc_column_text][vc_empty_space height=\u00a0\u00bb50px\u00a0\u00bb el_class=\u00a0\u00bbprod-space2&Prime;][vc_column_text disable_pattern=\u00a0\u00bbfalse\u00a0\u00bb el_class=\u00a0\u00bbprod-add\u00a0\u00bb css=\u00a0\u00bb.vc_custom_1544032290445{margin-bottom: 0px !important;}\u00a0\u00bb]<p class=\"product woocommerce add_to_cart_inline \" style=\"border:4px solid #ccc; padding: 12px;\"><form action=\"?add-to-cart=3885\" class=\"cart\" method=\"post\" enctype=\"multipart\/form-data\">\t<div class=\"quantity\">\n\t\t\t\t<span>Quantit\u00e9:<\/span>\n\t\t<input\n\t\t\ttype=\"text\"\n\t\t\tid=\"quantity_69f42922a9771\"\n\t\t\tclass=\"input-text qty text\"\n\t\t\tstep=\"1\"\n\t\t\tmin=\"0\"\n\t\t\tmax=\"\"\n\t\t\tname=\"quantity\"\n\t\t\tvalue=\"1\"\n\t\t\ttitle=\"Qt\u00e9\"\n\t\t\tsize=\"4\"\n\t\t\tinputmode=\"numeric\" \/>\n\t\t\t<\/div>\n\t<button type=\"submit\" class=\"button alt addtocart2020\">Ajouter au panier<\/button><\/form><\/p>[\/vc_column_text][\/vc_column_inner][\/vc_row_inner][\/vc_column][\/vc_row][vc_row fullwidth=\u00a0\u00bbtrue\u00a0\u00bb css=\u00a0\u00bb.vc_custom_1513250148840{margin-top: 0px !important;margin-bottom: 0px !important;}\u00a0\u00bb][vc_column css=\u00a0\u00bb.vc_custom_1542720278339{margin-top: 0px !important;margin-bottom: 0px !important;}\u00a0\u00bb][vc_empty_space height=\u00a0\u00bb80px\u00a0\u00bb][\/vc_column][\/vc_row]\n","protected":false},"excerpt":{"rendered":"<p>[vc_row fullwidth=\u00a0\u00bbtrue\u00a0\u00bb fullwidth_content=\u00a0\u00bbfalse\u00a0\u00bb equal_columns=\u00a0\u00bbtrue\u00a0\u00bb css=\u00a0\u00bb.vc_custom_1492599368043{padding-top: 35px !important;padding-bottom: 10px !important;background-color: #50bedc !important;}\u00a0\u00bb][vc_column][vc_column_text disable_pattern=\u00a0\u00bbfalse\u00a0\u00bb align=\u00a0\u00bbcenter\u00a0\u00bb el_class=\u00a0\u00bbfont-alternategn2d vitbot-color1 prod-tit\u00a0\u00bb] PRODUITS [\/vc_column_text][\/vc_column][\/vc_row][vc_row][vc_column][vc_empty_space height=\u00a0\u00bb30px\u00a0\u00bb el_class=\u00a0\u00bbprod-space9&Prime;][\/vc_column][\/vc_row][vc_row fullwidth=\u00a0\u00bbtrue\u00a0\u00bb equal_columns=\u00a0\u00bbtrue\u00a0\u00bb][vc_column width=\u00a0\u00bb1\/2&Prime; css=\u00a0\u00bb.vc_custom_1492591143501{background-color: #ffffff !important;background-position: center !important;background-repeat: no-repeat !important;background-size: cover !important;}\u00a0\u00bb][vc_row_inner][vc_column_inner][vc_single_image image=\u00a0\u00bb3786&Prime; img_size=\u00a0\u00bbfull\u00a0\u00bb alignment=\u00a0\u00bbcenter\u00a0\u00bb][\/vc_column_inner][\/vc_row_inner][\/vc_column][vc_column width=\u00a0\u00bb1\/2&Prime; css=\u00a0\u00bb.vc_custom_1492591132776{background-color: #ffffff !important;background-position: center !important;background-repeat: no-repeat !important;background-size: cover !important;}\u00a0\u00bb][vc_row_inner][vc_column_inner][vc_column_text disable_pattern=\u00a0\u00bbfalse\u00a0\u00bb el_class=\u00a0\u00bbfont-alternategn2d vitbot-color1 prod-tit1&Prime; css=\u00a0\u00bb.vc_custom_1544031760338{margin-bottom: 0px !important;}\u00a0\u00bb] Bouchon Egg of [&hellip;]<\/p>\n","protected":false},"author":38,"featured_media":0,"parent":0,"menu_order":3,"comment_status":"closed","ping_status":"closed","template":"","meta":{"_monsterinsights_skip_tracking":false,"_monsterinsights_sitenote_active":false,"_monsterinsights_sitenote_note":"","_monsterinsights_sitenote_category":0},"yoast_head":"<!-- This site is optimized with the Yoast SEO plugin v20.1 - https:\/\/yoast.com\/wordpress\/plugins\/seo\/ -->\n<title>Bouchon Egg of Life - Vitbot<\/title>\n<meta name=\"robots\" content=\"index, follow, max-snippet:-1, max-image-preview:large, max-video-preview:-1\" \/>\n<link rel=\"canonical\" href=\"https:\/\/www.vitbot.com\/fr\/bouchon-egg-of-life\" \/>\n<meta property=\"og:locale\" content=\"fr_FR\" \/>\n<meta property=\"og:type\" content=\"article\" \/>\n<meta property=\"og:title\" content=\"Bouchon Egg of Life - Vitbot\" \/>\n<meta property=\"og:description\" content=\"[vc_row fullwidth=\u00a0\u00bbtrue\u00a0\u00bb fullwidth_content=\u00a0\u00bbfalse\u00a0\u00bb equal_columns=\u00a0\u00bbtrue\u00a0\u00bb css=\u00a0\u00bb.vc_custom_1492599368043{padding-top: 35px !important;padding-bottom: 10px !important;background-color: #50bedc !important;}\u00a0\u00bb][vc_column][vc_column_text disable_pattern=\u00a0\u00bbfalse\u00a0\u00bb align=\u00a0\u00bbcenter\u00a0\u00bb el_class=\u00a0\u00bbfont-alternategn2d vitbot-color1 prod-tit\u00a0\u00bb] PRODUITS [\/vc_column_text][\/vc_column][\/vc_row][vc_row][vc_column][vc_empty_space height=\u00a0\u00bb30px\u00a0\u00bb el_class=\u00a0\u00bbprod-space9&Prime;][\/vc_column][\/vc_row][vc_row fullwidth=\u00a0\u00bbtrue\u00a0\u00bb equal_columns=\u00a0\u00bbtrue\u00a0\u00bb][vc_column width=\u00a0\u00bb1\/2&Prime; css=\u00a0\u00bb.vc_custom_1492591143501{background-color: #ffffff !important;background-position: center !important;background-repeat: no-repeat !important;background-size: cover !important;}\u00a0\u00bb][vc_row_inner][vc_column_inner][vc_single_image image=\u00a0\u00bb3786&Prime; img_size=\u00a0\u00bbfull\u00a0\u00bb alignment=\u00a0\u00bbcenter\u00a0\u00bb][\/vc_column_inner][\/vc_row_inner][\/vc_column][vc_column width=\u00a0\u00bb1\/2&Prime; css=\u00a0\u00bb.vc_custom_1492591132776{background-color: #ffffff !important;background-position: center !important;background-repeat: no-repeat !important;background-size: cover !important;}\u00a0\u00bb][vc_row_inner][vc_column_inner][vc_column_text disable_pattern=\u00a0\u00bbfalse\u00a0\u00bb el_class=\u00a0\u00bbfont-alternategn2d vitbot-color1 prod-tit1&Prime; css=\u00a0\u00bb.vc_custom_1544031760338{margin-bottom: 0px !important;}\u00a0\u00bb] Bouchon Egg of [&hellip;]\" \/>\n<meta property=\"og:url\" content=\"https:\/\/www.vitbot.com\/fr\/bouchon-egg-of-life\" \/>\n<meta property=\"og:site_name\" content=\"Vitbot\" \/>\n<meta property=\"article:publisher\" content=\"https:\/\/www.facebook.com\/vitbotbottle\/\" \/>\n<meta name=\"twitter:card\" content=\"summary_large_image\" \/>\n<meta name=\"twitter:label1\" content=\"Dur\u00e9e de lecture estim\u00e9e\" \/>\n\t<meta name=\"twitter:data1\" content=\"2 minutes\" \/>\n<script type=\"application\/ld+json\" class=\"yoast-schema-graph\">{\"@context\":\"https:\/\/schema.org\",\"@graph\":[{\"@type\":\"WebPage\",\"@id\":\"https:\/\/www.vitbot.com\/fr\/bouchon-egg-of-life\",\"url\":\"https:\/\/www.vitbot.com\/fr\/bouchon-egg-of-life\",\"name\":\"Bouchon Egg of Life - Vitbot\",\"isPartOf\":{\"@id\":\"https:\/\/www.vitbot.com\/fr#website\"},\"datePublished\":\"2018-12-05T17:52:43+00:00\",\"dateModified\":\"2018-12-05T17:52:43+00:00\",\"breadcrumb\":{\"@id\":\"https:\/\/www.vitbot.com\/fr\/bouchon-egg-of-life#breadcrumb\"},\"inLanguage\":\"fr-FR\",\"potentialAction\":[{\"@type\":\"ReadAction\",\"target\":[\"https:\/\/www.vitbot.com\/fr\/bouchon-egg-of-life\"]}]},{\"@type\":\"BreadcrumbList\",\"@id\":\"https:\/\/www.vitbot.com\/fr\/bouchon-egg-of-life#breadcrumb\",\"itemListElement\":[{\"@type\":\"ListItem\",\"position\":1,\"name\":\"Home\",\"item\":\"https:\/\/www.vitbot.com\/fr\"},{\"@type\":\"ListItem\",\"position\":2,\"name\":\"Bouchon Egg of Life\"}]},{\"@type\":\"WebSite\",\"@id\":\"https:\/\/www.vitbot.com\/fr#website\",\"url\":\"https:\/\/www.vitbot.com\/fr\",\"name\":\"Vitbot\",\"description\":\"Best Reusable Water Bottles | Vortex Bottle | Vitalizer Bottle\",\"publisher\":{\"@id\":\"https:\/\/www.vitbot.com\/fr#organization\"},\"potentialAction\":[{\"@type\":\"SearchAction\",\"target\":{\"@type\":\"EntryPoint\",\"urlTemplate\":\"https:\/\/www.vitbot.com\/fr?s={search_term_string}\"},\"query-input\":\"required name=search_term_string\"}],\"inLanguage\":\"fr-FR\"},{\"@type\":\"Organization\",\"@id\":\"https:\/\/www.vitbot.com\/fr#organization\",\"name\":\"Vitbot Europe,S.L. NIF B66180548 Tel\u00e8fon Correu info@vitbot.com Direcci\u00f3 C\/ Almeria 40 F Poblaci\u00f3 Tarrasa Codi postal 08226 Pa\u00eds Espanya\",\"url\":\"https:\/\/www.vitbot.com\/fr\",\"logo\":{\"@type\":\"ImageObject\",\"inLanguage\":\"fr-FR\",\"@id\":\"https:\/\/www.vitbot.com\/fr#\/schema\/logo\/image\/\",\"url\":\"https:\/\/www.vitbot.com\/wp-content\/uploads\/2017\/03\/vitbot_logo.png\",\"contentUrl\":\"https:\/\/www.vitbot.com\/wp-content\/uploads\/2017\/03\/vitbot_logo.png\",\"width\":84,\"height\":24,\"caption\":\"Vitbot Europe,S.L. NIF B66180548 Tel\u00e8fon Correu info@vitbot.com Direcci\u00f3 C\/ Almeria 40 F Poblaci\u00f3 Tarrasa Codi postal 08226 Pa\u00eds Espanya\"},\"image\":{\"@id\":\"https:\/\/www.vitbot.com\/fr#\/schema\/logo\/image\/\"},\"sameAs\":[\"https:\/\/www.facebook.com\/vitbotbottle\/\",\"https:\/\/www.instagram.com\/vitbotofficial\/\"]}]}<\/script>\n<!-- \/ Yoast SEO plugin. -->","yoast_head_json":{"title":"Bouchon Egg of Life - Vitbot","robots":{"index":"index","follow":"follow","max-snippet":"max-snippet:-1","max-image-preview":"max-image-preview:large","max-video-preview":"max-video-preview:-1"},"canonical":"https:\/\/www.vitbot.com\/fr\/bouchon-egg-of-life","og_locale":"fr_FR","og_type":"article","og_title":"Bouchon Egg of Life - Vitbot","og_description":"[vc_row fullwidth=\u00a0\u00bbtrue\u00a0\u00bb fullwidth_content=\u00a0\u00bbfalse\u00a0\u00bb equal_columns=\u00a0\u00bbtrue\u00a0\u00bb css=\u00a0\u00bb.vc_custom_1492599368043{padding-top: 35px !important;padding-bottom: 10px !important;background-color: #50bedc !important;}\u00a0\u00bb][vc_column][vc_column_text disable_pattern=\u00a0\u00bbfalse\u00a0\u00bb align=\u00a0\u00bbcenter\u00a0\u00bb el_class=\u00a0\u00bbfont-alternategn2d vitbot-color1 prod-tit\u00a0\u00bb] PRODUITS [\/vc_column_text][\/vc_column][\/vc_row][vc_row][vc_column][vc_empty_space height=\u00a0\u00bb30px\u00a0\u00bb el_class=\u00a0\u00bbprod-space9&Prime;][\/vc_column][\/vc_row][vc_row fullwidth=\u00a0\u00bbtrue\u00a0\u00bb equal_columns=\u00a0\u00bbtrue\u00a0\u00bb][vc_column width=\u00a0\u00bb1\/2&Prime; css=\u00a0\u00bb.vc_custom_1492591143501{background-color: #ffffff !important;background-position: center !important;background-repeat: no-repeat !important;background-size: cover !important;}\u00a0\u00bb][vc_row_inner][vc_column_inner][vc_single_image image=\u00a0\u00bb3786&Prime; img_size=\u00a0\u00bbfull\u00a0\u00bb alignment=\u00a0\u00bbcenter\u00a0\u00bb][\/vc_column_inner][\/vc_row_inner][\/vc_column][vc_column width=\u00a0\u00bb1\/2&Prime; css=\u00a0\u00bb.vc_custom_1492591132776{background-color: #ffffff !important;background-position: center !important;background-repeat: no-repeat !important;background-size: cover !important;}\u00a0\u00bb][vc_row_inner][vc_column_inner][vc_column_text disable_pattern=\u00a0\u00bbfalse\u00a0\u00bb el_class=\u00a0\u00bbfont-alternategn2d vitbot-color1 prod-tit1&Prime; css=\u00a0\u00bb.vc_custom_1544031760338{margin-bottom: 0px !important;}\u00a0\u00bb] Bouchon Egg of [&hellip;]","og_url":"https:\/\/www.vitbot.com\/fr\/bouchon-egg-of-life","og_site_name":"Vitbot","article_publisher":"https:\/\/www.facebook.com\/vitbotbottle\/","twitter_card":"summary_large_image","twitter_misc":{"Dur\u00e9e de lecture estim\u00e9e":"2 minutes"},"schema":{"@context":"https:\/\/schema.org","@graph":[{"@type":"WebPage","@id":"https:\/\/www.vitbot.com\/fr\/bouchon-egg-of-life","url":"https:\/\/www.vitbot.com\/fr\/bouchon-egg-of-life","name":"Bouchon Egg of Life - Vitbot","isPartOf":{"@id":"https:\/\/www.vitbot.com\/fr#website"},"datePublished":"2018-12-05T17:52:43+00:00","dateModified":"2018-12-05T17:52:43+00:00","breadcrumb":{"@id":"https:\/\/www.vitbot.com\/fr\/bouchon-egg-of-life#breadcrumb"},"inLanguage":"fr-FR","potentialAction":[{"@type":"ReadAction","target":["https:\/\/www.vitbot.com\/fr\/bouchon-egg-of-life"]}]},{"@type":"BreadcrumbList","@id":"https:\/\/www.vitbot.com\/fr\/bouchon-egg-of-life#breadcrumb","itemListElement":[{"@type":"ListItem","position":1,"name":"Home","item":"https:\/\/www.vitbot.com\/fr"},{"@type":"ListItem","position":2,"name":"Bouchon Egg of Life"}]},{"@type":"WebSite","@id":"https:\/\/www.vitbot.com\/fr#website","url":"https:\/\/www.vitbot.com\/fr","name":"Vitbot","description":"Best Reusable Water Bottles | Vortex Bottle | Vitalizer Bottle","publisher":{"@id":"https:\/\/www.vitbot.com\/fr#organization"},"potentialAction":[{"@type":"SearchAction","target":{"@type":"EntryPoint","urlTemplate":"https:\/\/www.vitbot.com\/fr?s={search_term_string}"},"query-input":"required name=search_term_string"}],"inLanguage":"fr-FR"},{"@type":"Organization","@id":"https:\/\/www.vitbot.com\/fr#organization","name":"Vitbot Europe,S.L. NIF B66180548 Tel\u00e8fon Correu info@vitbot.com Direcci\u00f3 C\/ Almeria 40 F Poblaci\u00f3 Tarrasa Codi postal 08226 Pa\u00eds Espanya","url":"https:\/\/www.vitbot.com\/fr","logo":{"@type":"ImageObject","inLanguage":"fr-FR","@id":"https:\/\/www.vitbot.com\/fr#\/schema\/logo\/image\/","url":"https:\/\/www.vitbot.com\/wp-content\/uploads\/2017\/03\/vitbot_logo.png","contentUrl":"https:\/\/www.vitbot.com\/wp-content\/uploads\/2017\/03\/vitbot_logo.png","width":84,"height":24,"caption":"Vitbot Europe,S.L. NIF B66180548 Tel\u00e8fon Correu info@vitbot.com Direcci\u00f3 C\/ Almeria 40 F Poblaci\u00f3 Tarrasa Codi postal 08226 Pa\u00eds Espanya"},"image":{"@id":"https:\/\/www.vitbot.com\/fr#\/schema\/logo\/image\/"},"sameAs":["https:\/\/www.facebook.com\/vitbotbottle\/","https:\/\/www.instagram.com\/vitbotofficial\/"]}]}},"_links":{"self":[{"href":"https:\/\/www.vitbot.com\/fr\/wp-json\/wp\/v2\/pages\/3886"}],"collection":[{"href":"https:\/\/www.vitbot.com\/fr\/wp-json\/wp\/v2\/pages"}],"about":[{"href":"https:\/\/www.vitbot.com\/fr\/wp-json\/wp\/v2\/types\/page"}],"author":[{"embeddable":true,"href":"https:\/\/www.vitbot.com\/fr\/wp-json\/wp\/v2\/users\/38"}],"replies":[{"embeddable":true,"href":"https:\/\/www.vitbot.com\/fr\/wp-json\/wp\/v2\/comments?post=3886"}],"version-history":[{"count":1,"href":"https:\/\/www.vitbot.com\/fr\/wp-json\/wp\/v2\/pages\/3886\/revisions"}],"predecessor-version":[{"id":3887,"href":"https:\/\/www.vitbot.com\/fr\/wp-json\/wp\/v2\/pages\/3886\/revisions\/3887"}],"wp:attachment":[{"href":"https:\/\/www.vitbot.com\/fr\/wp-json\/wp\/v2\/media?parent=3886"}],"curies":[{"name":"wp","href":"https:\/\/api.w.org\/{rel}","templated":true}]}}