{"id":22410,"date":"2021-05-13T12:34:20","date_gmt":"2021-05-13T10:34:20","guid":{"rendered":"https:\/\/www.vitbot.com\/la-bouteille-polaris"},"modified":"2021-05-13T13:16:26","modified_gmt":"2021-05-13T11:16:26","slug":"la-bouteille-polaris","status":"publish","type":"page","link":"https:\/\/www.vitbot.com\/fr\/la-bouteille-polaris","title":{"rendered":"La Bouteille Polaris"},"content":{"rendered":"[vc_row][vc_column][vc_empty_space height=\u00a0\u00bb30px\u00a0\u00bb el_class=\u00a0\u00bbprod-space9&Prime;][\/vc_column][\/vc_row][vc_row fullwidth=\u00a0\u00bbtrue\u00a0\u00bb equal_columns=\u00a0\u00bbtrue\u00a0\u00bb][vc_column width=\u00a0\u00bb1\/2&Prime; css=\u00a0\u00bb.vc_custom_1492591143501{background-color: #ffffff !important;background-position: center !important;background-repeat: no-repeat !important;background-size: cover !important;}\u00a0\u00bb][vc_row_inner][vc_column_inner][vc_single_image image=\u00a0\u00bb22386&Prime; img_size=\u00a0\u00bbfull\u00a0\u00bb alignment=\u00a0\u00bbcenter\u00a0\u00bb][vc_single_image image=\u00a0\u00bb22392&Prime; img_size=\u00a0\u00bbfull\u00a0\u00bb][\/vc_column_inner][\/vc_row_inner][\/vc_column][vc_column width=\u00a0\u00bb1\/2&Prime; css=\u00a0\u00bb.vc_custom_1492591132776{background-color: #ffffff !important;background-position: center !important;background-repeat: no-repeat !important;background-size: cover !important;}\u00a0\u00bb][vc_row_inner][vc_column_inner][vc_column_text disable_pattern=\u00a0\u00bbfalse\u00a0\u00bb el_class=\u00a0\u00bbfont-alternategn2d vitbot-color1 prod-tit1&Prime; css=\u00a0\u00bb.vc_custom_1620904574431{margin-bottom: 0px !important;}\u00a0\u00bb]\n<h2>Bouteille de verre<br \/>\nLa Bouteille Polaris<\/h2>\n<h3 id=\"tw-target-text\" class=\"tw-data-text tw-text-large XcVN5d tw-ta\" dir=\"ltr\" data-placeholder=\"Traducci\u00f3n\"><span class=\"Y2IQFc\" lang=\"fr\">BOUTEILLE EN VERRE SANS PLOMB R\u00c9UTILISABLE POUR L&rsquo;EAU ET D&rsquo;AUTRES LIQUIDES<\/span><\/h3>\n[\/vc_column_text][vc_column_text disable_pattern=\u00a0\u00bbfalse\u00a0\u00bb el_class=\u00a0\u00bbprod-price\u00a0\u00bb css=\u00a0\u00bb.vc_custom_1620899656673{margin-bottom: 0px !important;}\u00a0\u00bb]0&euro;[\/vc_column_text][vc_empty_space height=\u00a0\u00bb50px\u00a0\u00bb el_class=\u00a0\u00bbprod-space1&Prime;][vc_column_text disable_pattern=\u00a0\u00bbfalse\u00a0\u00bb el_class=\u00a0\u00bbfont-din2014-l vitbot-color1 prod-desc\u00a0\u00bb css=\u00a0\u00bb.vc_custom_1620900202950{margin-bottom: 0px !important;}\u00a0\u00bb]Le flacon, de forme ovo\u00efde et en proportion phi, g\u00e9n\u00e8re un vortex \u00e0 l&rsquo;int\u00e9rieur qui restructure et dynamise l&rsquo;eau qu&rsquo;il contient.<\/p>\n<p>Imprim\u00e9 sur le verre \u00e0 l&rsquo;aide de la technique de sablage, le mantra de la Polaris Brotherhood transf\u00e8re sa fr\u00e9quence \u00e0 l&rsquo;eau que vous en buvez.<\/p>\n<p>Le flacon est :<br \/>\n<strong>Biomim\u00e9tique :<\/strong> Con\u00e7u selon les mod\u00e8les de la nature : ovo\u00efde en proportion phi.<br \/>\n<strong>Active :<\/strong> offre des avantages mesurables.<br \/>\n<strong>Durable :<\/strong> fabriqu\u00e9 selon des crit\u00e8res d&rsquo;\u00e9conomie circulaire.<br \/>\n<strong>R\u00e9utilisable :<\/strong> 555 ml.<br \/>\n<strong>Fiable :<\/strong> La couleur bleu cobalt qui est acquise dans le four \u00e0 plus de 2000\u00ba de temp\u00e9rature, prot\u00e8ge l&rsquo;eau des rayons UV du soleil.<\/p>\n<p>Le bouchon est en acier inoxydable et le sac dans lequel il est pr\u00e9sent\u00e9 est en jute naturel.<br \/>\n* Le flacon et le bouchon doivent \u00eatre lav\u00e9s \u00e0 la main.<\/p>\n<p>Pour plus d&rsquo;informations sur Polaris Brotherhood :<br \/>\n<a href=\"https:\/\/www.jaiarumi.com\/\" target=\"_blank\" rel=\"noopener\">www.jaiarumi.com<\/a>[\/vc_column_text][vc_empty_space height=\u00a0\u00bb50px\u00a0\u00bb el_class=\u00a0\u00bbprod-space2&Prime;][vc_column_text disable_pattern=\u00a0\u00bbfalse\u00a0\u00bb el_class=\u00a0\u00bbprod-add\u00a0\u00bb css=\u00a0\u00bb.vc_custom_1620899674459{margin-bottom: 0px !important;}\u00a0\u00bb]<p class=\"product woocommerce add_to_cart_inline \" style=\"border:4px solid #ccc; padding: 12px;\"><a rel=\"nofollow\" href=\"https:\/\/www.vitbot.com\/fr\/produit\/la-bouteille-polaris\" data-quantity=\"1\" data-product_id=\"22366\" data-product_sku=\"\" class=\"product_loop_button product_type_simple  ajax_add_to_cart\" data-product_id=\"22366\" data-product_sku=\"\" aria-label=\"En savoir plus sur &ldquo;La Bouteille Polaris&rdquo;\" rel=\"nofollow\"><svg  class=\"mk-svg-icon\" data-name=\"mk-moon-search-3\" data-cacheid=\"icon-69f5441ded2d9\" style=\" height:16px; width: 16px; \"  xmlns=\"http:\/\/www.w3.org\/2000\/svg\" viewBox=\"0 0 512 512\"><path d=\"M496.131 435.698l-121.276-103.147c-12.537-11.283-25.945-16.463-36.776-15.963 28.628-33.534 45.921-77.039 45.921-124.588 0-106.039-85.961-192-192-192-106.038 0-192 85.961-192 192s85.961 192 192 192c47.549 0 91.054-17.293 124.588-45.922-.5 10.831 4.68 24.239 15.963 36.776l103.147 121.276c17.661 19.623 46.511 21.277 64.11 3.678s15.946-46.449-3.677-64.11zm-304.131-115.698c-70.692 0-128-57.308-128-128s57.308-128 128-128 128 57.308 128 128-57.307 128-128 128z\"\/><\/svg><span class=\"product_loop_button_text\">Lire la suite<\/a><\/p>[\/vc_column_text][\/vc_column_inner][\/vc_row_inner][\/vc_column][\/vc_row][vc_row][vc_column][vc_empty_space height=\u00a0\u00bb50px\u00a0\u00bb el_class=\u00a0\u00bbprod-space2&Prime;][\/vc_column][\/vc_row][vc_row fullwidth=\u00a0\u00bbtrue\u00a0\u00bb][vc_column][vc_row_inner][vc_column_inner][\/vc_column_inner][\/vc_row_inner][\/vc_column][\/vc_row][vc_row][vc_column][vc_empty_space height=\u00a0\u00bb50px\u00a0\u00bb el_class=\u00a0\u00bbprod-space2&Prime;][\/vc_column][\/vc_row]\n","protected":false},"excerpt":{"rendered":"<p>[vc_row][vc_column][vc_empty_space height=\u00a0\u00bb30px\u00a0\u00bb el_class=\u00a0\u00bbprod-space9&Prime;][\/vc_column][\/vc_row][vc_row fullwidth=\u00a0\u00bbtrue\u00a0\u00bb equal_columns=\u00a0\u00bbtrue\u00a0\u00bb][vc_column width=\u00a0\u00bb1\/2&Prime; css=\u00a0\u00bb.vc_custom_1492591143501{background-color: #ffffff !important;background-position: center !important;background-repeat: no-repeat !important;background-size: cover !important;}\u00a0\u00bb][vc_row_inner][vc_column_inner][vc_single_image image=\u00a0\u00bb22386&Prime; img_size=\u00a0\u00bbfull\u00a0\u00bb alignment=\u00a0\u00bbcenter\u00a0\u00bb][vc_single_image image=\u00a0\u00bb22392&Prime; img_size=\u00a0\u00bbfull\u00a0\u00bb][\/vc_column_inner][\/vc_row_inner][\/vc_column][vc_column width=\u00a0\u00bb1\/2&Prime; css=\u00a0\u00bb.vc_custom_1492591132776{background-color: #ffffff !important;background-position: center !important;background-repeat: no-repeat !important;background-size: cover !important;}\u00a0\u00bb][vc_row_inner][vc_column_inner][vc_column_text disable_pattern=\u00a0\u00bbfalse\u00a0\u00bb el_class=\u00a0\u00bbfont-alternategn2d vitbot-color1 prod-tit1&Prime; css=\u00a0\u00bb.vc_custom_1620904574431{margin-bottom: 0px !important;}\u00a0\u00bb] Bouteille de verre La Bouteille Polaris BOUTEILLE EN VERRE SANS PLOMB R\u00c9UTILISABLE POUR L&rsquo;EAU ET D&rsquo;AUTRES LIQUIDES [\/vc_column_text][vc_column_text [&hellip;]<\/p>\n","protected":false},"author":1,"featured_media":0,"parent":0,"menu_order":3,"comment_status":"closed","ping_status":"closed","template":"","meta":{"_monsterinsights_skip_tracking":false,"_monsterinsights_sitenote_active":false,"_monsterinsights_sitenote_note":"","_monsterinsights_sitenote_category":0},"yoast_head":"<!-- This site is optimized with the Yoast SEO plugin v20.1 - https:\/\/yoast.com\/wordpress\/plugins\/seo\/ -->\n<title>Botella de vidrio Egg of Life: vitaliza los l\u00edquidos | Vitbot<\/title>\n<meta name=\"description\" content=\"Botella de vidrio reutilizable para agua u otros l\u00edquidos ideal para la oficina o el hogar. Fabricada en EU. Capacidad 500ml.\" \/>\n<meta name=\"robots\" content=\"index, follow, max-snippet:-1, max-image-preview:large, max-video-preview:-1\" \/>\n<link rel=\"canonical\" href=\"https:\/\/www.vitbot.com\/fr\/la-bouteille-polaris\" \/>\n<meta property=\"og:locale\" content=\"fr_FR\" \/>\n<meta property=\"og:type\" content=\"article\" \/>\n<meta property=\"og:title\" content=\"Botella de vidrio Egg of Life: vitaliza los l\u00edquidos | Vitbot\" \/>\n<meta property=\"og:description\" content=\"Botella de vidrio reutilizable para agua u otros l\u00edquidos ideal para la oficina o el hogar. Fabricada en EU. Capacidad 500ml.\" \/>\n<meta property=\"og:url\" content=\"https:\/\/www.vitbot.com\/fr\/la-bouteille-polaris\" \/>\n<meta property=\"og:site_name\" content=\"Vitbot\" \/>\n<meta property=\"article:publisher\" content=\"https:\/\/www.facebook.com\/vitbotbottle\/\" \/>\n<meta property=\"article:modified_time\" content=\"2021-05-13T11:16:26+00:00\" \/>\n<meta name=\"twitter:card\" content=\"summary_large_image\" \/>\n<meta name=\"twitter:label1\" content=\"Dur\u00e9e de lecture estim\u00e9e\" \/>\n\t<meta name=\"twitter:data1\" content=\"1 minute\" \/>\n<script type=\"application\/ld+json\" class=\"yoast-schema-graph\">{\"@context\":\"https:\/\/schema.org\",\"@graph\":[{\"@type\":\"WebPage\",\"@id\":\"https:\/\/www.vitbot.com\/fr\/la-bouteille-polaris\",\"url\":\"https:\/\/www.vitbot.com\/fr\/la-bouteille-polaris\",\"name\":\"Botella de vidrio Egg of Life: vitaliza los l\u00edquidos | Vitbot\",\"isPartOf\":{\"@id\":\"https:\/\/www.vitbot.com\/fr#website\"},\"datePublished\":\"2021-05-13T10:34:20+00:00\",\"dateModified\":\"2021-05-13T11:16:26+00:00\",\"description\":\"Botella de vidrio reutilizable para agua u otros l\u00edquidos ideal para la oficina o el hogar. Fabricada en EU. Capacidad 500ml.\",\"breadcrumb\":{\"@id\":\"https:\/\/www.vitbot.com\/fr\/la-bouteille-polaris#breadcrumb\"},\"inLanguage\":\"fr-FR\",\"potentialAction\":[{\"@type\":\"ReadAction\",\"target\":[\"https:\/\/www.vitbot.com\/fr\/la-bouteille-polaris\"]}]},{\"@type\":\"BreadcrumbList\",\"@id\":\"https:\/\/www.vitbot.com\/fr\/la-bouteille-polaris#breadcrumb\",\"itemListElement\":[{\"@type\":\"ListItem\",\"position\":1,\"name\":\"Home\",\"item\":\"https:\/\/www.vitbot.com\/fr\"},{\"@type\":\"ListItem\",\"position\":2,\"name\":\"La Bouteille Polaris\"}]},{\"@type\":\"WebSite\",\"@id\":\"https:\/\/www.vitbot.com\/fr#website\",\"url\":\"https:\/\/www.vitbot.com\/fr\",\"name\":\"Vitbot\",\"description\":\"Best Reusable Water Bottles | Vortex Bottle | Vitalizer Bottle\",\"publisher\":{\"@id\":\"https:\/\/www.vitbot.com\/fr#organization\"},\"potentialAction\":[{\"@type\":\"SearchAction\",\"target\":{\"@type\":\"EntryPoint\",\"urlTemplate\":\"https:\/\/www.vitbot.com\/fr?s={search_term_string}\"},\"query-input\":\"required name=search_term_string\"}],\"inLanguage\":\"fr-FR\"},{\"@type\":\"Organization\",\"@id\":\"https:\/\/www.vitbot.com\/fr#organization\",\"name\":\"Vitbot Europe,S.L. NIF B66180548 Tel\u00e8fon Correu info@vitbot.com Direcci\u00f3 C\/ Almeria 40 F Poblaci\u00f3 Tarrasa Codi postal 08226 Pa\u00eds Espanya\",\"url\":\"https:\/\/www.vitbot.com\/fr\",\"logo\":{\"@type\":\"ImageObject\",\"inLanguage\":\"fr-FR\",\"@id\":\"https:\/\/www.vitbot.com\/fr#\/schema\/logo\/image\/\",\"url\":\"https:\/\/www.vitbot.com\/wp-content\/uploads\/2017\/03\/vitbot_logo.png\",\"contentUrl\":\"https:\/\/www.vitbot.com\/wp-content\/uploads\/2017\/03\/vitbot_logo.png\",\"width\":84,\"height\":24,\"caption\":\"Vitbot Europe,S.L. NIF B66180548 Tel\u00e8fon Correu info@vitbot.com Direcci\u00f3 C\/ Almeria 40 F Poblaci\u00f3 Tarrasa Codi postal 08226 Pa\u00eds Espanya\"},\"image\":{\"@id\":\"https:\/\/www.vitbot.com\/fr#\/schema\/logo\/image\/\"},\"sameAs\":[\"https:\/\/www.facebook.com\/vitbotbottle\/\",\"https:\/\/www.instagram.com\/vitbotofficial\/\"]}]}<\/script>\n<!-- \/ Yoast SEO plugin. -->","yoast_head_json":{"title":"Botella de vidrio Egg of Life: vitaliza los l\u00edquidos | Vitbot","description":"Botella de vidrio reutilizable para agua u otros l\u00edquidos ideal para la oficina o el hogar. Fabricada en EU. Capacidad 500ml.","robots":{"index":"index","follow":"follow","max-snippet":"max-snippet:-1","max-image-preview":"max-image-preview:large","max-video-preview":"max-video-preview:-1"},"canonical":"https:\/\/www.vitbot.com\/fr\/la-bouteille-polaris","og_locale":"fr_FR","og_type":"article","og_title":"Botella de vidrio Egg of Life: vitaliza los l\u00edquidos | Vitbot","og_description":"Botella de vidrio reutilizable para agua u otros l\u00edquidos ideal para la oficina o el hogar. Fabricada en EU. Capacidad 500ml.","og_url":"https:\/\/www.vitbot.com\/fr\/la-bouteille-polaris","og_site_name":"Vitbot","article_publisher":"https:\/\/www.facebook.com\/vitbotbottle\/","article_modified_time":"2021-05-13T11:16:26+00:00","twitter_card":"summary_large_image","twitter_misc":{"Dur\u00e9e de lecture estim\u00e9e":"1 minute"},"schema":{"@context":"https:\/\/schema.org","@graph":[{"@type":"WebPage","@id":"https:\/\/www.vitbot.com\/fr\/la-bouteille-polaris","url":"https:\/\/www.vitbot.com\/fr\/la-bouteille-polaris","name":"Botella de vidrio Egg of Life: vitaliza los l\u00edquidos | Vitbot","isPartOf":{"@id":"https:\/\/www.vitbot.com\/fr#website"},"datePublished":"2021-05-13T10:34:20+00:00","dateModified":"2021-05-13T11:16:26+00:00","description":"Botella de vidrio reutilizable para agua u otros l\u00edquidos ideal para la oficina o el hogar. Fabricada en EU. Capacidad 500ml.","breadcrumb":{"@id":"https:\/\/www.vitbot.com\/fr\/la-bouteille-polaris#breadcrumb"},"inLanguage":"fr-FR","potentialAction":[{"@type":"ReadAction","target":["https:\/\/www.vitbot.com\/fr\/la-bouteille-polaris"]}]},{"@type":"BreadcrumbList","@id":"https:\/\/www.vitbot.com\/fr\/la-bouteille-polaris#breadcrumb","itemListElement":[{"@type":"ListItem","position":1,"name":"Home","item":"https:\/\/www.vitbot.com\/fr"},{"@type":"ListItem","position":2,"name":"La Bouteille Polaris"}]},{"@type":"WebSite","@id":"https:\/\/www.vitbot.com\/fr#website","url":"https:\/\/www.vitbot.com\/fr","name":"Vitbot","description":"Best Reusable Water Bottles | Vortex Bottle | Vitalizer Bottle","publisher":{"@id":"https:\/\/www.vitbot.com\/fr#organization"},"potentialAction":[{"@type":"SearchAction","target":{"@type":"EntryPoint","urlTemplate":"https:\/\/www.vitbot.com\/fr?s={search_term_string}"},"query-input":"required name=search_term_string"}],"inLanguage":"fr-FR"},{"@type":"Organization","@id":"https:\/\/www.vitbot.com\/fr#organization","name":"Vitbot Europe,S.L. NIF B66180548 Tel\u00e8fon Correu info@vitbot.com Direcci\u00f3 C\/ Almeria 40 F Poblaci\u00f3 Tarrasa Codi postal 08226 Pa\u00eds Espanya","url":"https:\/\/www.vitbot.com\/fr","logo":{"@type":"ImageObject","inLanguage":"fr-FR","@id":"https:\/\/www.vitbot.com\/fr#\/schema\/logo\/image\/","url":"https:\/\/www.vitbot.com\/wp-content\/uploads\/2017\/03\/vitbot_logo.png","contentUrl":"https:\/\/www.vitbot.com\/wp-content\/uploads\/2017\/03\/vitbot_logo.png","width":84,"height":24,"caption":"Vitbot Europe,S.L. NIF B66180548 Tel\u00e8fon Correu info@vitbot.com Direcci\u00f3 C\/ Almeria 40 F Poblaci\u00f3 Tarrasa Codi postal 08226 Pa\u00eds Espanya"},"image":{"@id":"https:\/\/www.vitbot.com\/fr#\/schema\/logo\/image\/"},"sameAs":["https:\/\/www.facebook.com\/vitbotbottle\/","https:\/\/www.instagram.com\/vitbotofficial\/"]}]}},"_links":{"self":[{"href":"https:\/\/www.vitbot.com\/fr\/wp-json\/wp\/v2\/pages\/22410"}],"collection":[{"href":"https:\/\/www.vitbot.com\/fr\/wp-json\/wp\/v2\/pages"}],"about":[{"href":"https:\/\/www.vitbot.com\/fr\/wp-json\/wp\/v2\/types\/page"}],"author":[{"embeddable":true,"href":"https:\/\/www.vitbot.com\/fr\/wp-json\/wp\/v2\/users\/1"}],"replies":[{"embeddable":true,"href":"https:\/\/www.vitbot.com\/fr\/wp-json\/wp\/v2\/comments?post=22410"}],"version-history":[{"count":3,"href":"https:\/\/www.vitbot.com\/fr\/wp-json\/wp\/v2\/pages\/22410\/revisions"}],"predecessor-version":[{"id":22424,"href":"https:\/\/www.vitbot.com\/fr\/wp-json\/wp\/v2\/pages\/22410\/revisions\/22424"}],"wp:attachment":[{"href":"https:\/\/www.vitbot.com\/fr\/wp-json\/wp\/v2\/media?parent=22410"}],"curies":[{"name":"wp","href":"https:\/\/api.w.org\/{rel}","templated":true}]}}