{"id":1472,"date":"2017-05-15T17:06:19","date_gmt":"2017-05-15T15:06:19","guid":{"rendered":"https:\/\/www.vitbot.com\/bouteille-sport-kids-travel"},"modified":"2021-01-02T09:29:42","modified_gmt":"2021-01-02T07:29:42","slug":"bouteille-sport-kids-travel","status":"publish","type":"page","link":"https:\/\/www.vitbot.com\/fr\/bouteille-sport-kids-travel","title":{"rendered":"Bouteille Sport, Kids &#038; Travel"},"content":{"rendered":"[vc_row][vc_column][vc_empty_space height=\u00a0\u00bb30px\u00a0\u00bb el_class=\u00a0\u00bbprod-space9&Prime;][\/vc_column][\/vc_row][vc_row fullwidth=\u00a0\u00bbtrue\u00a0\u00bb equal_columns=\u00a0\u00bbtrue\u00a0\u00bb][vc_column width=\u00a0\u00bb1\/2&Prime; css=\u00a0\u00bb.vc_custom_1492591143501{background-color: #ffffff !important;background-position: center !important;background-repeat: no-repeat !important;background-size: cover !important;}\u00a0\u00bb][vc_row_inner][vc_column_inner][vc_single_image image=\u00a0\u00bb11621&Prime; img_size=\u00a0\u00bbfull\u00a0\u00bb alignment=\u00a0\u00bbcenter\u00a0\u00bb][\/vc_column_inner][\/vc_row_inner][\/vc_column][vc_column width=\u00a0\u00bb1\/2&Prime; css=\u00a0\u00bb.vc_custom_1492591132776{background-color: #ffffff !important;background-position: center !important;background-repeat: no-repeat !important;background-size: cover !important;}\u00a0\u00bb][vc_row_inner][vc_column_inner][vc_column_text disable_pattern=\u00a0\u00bbfalse\u00a0\u00bb el_class=\u00a0\u00bbfont-alternategn2d vitbot-color1 prod-tit1&Prime;]\n<h2>Bouteille de silicone<br \/>\nSport, Kids &amp; Travel<\/h2>\n<h3>Bouteille de silicone de type m\u00e9dical r\u00e9utilisable pour eau et autres liquides<\/h3>\n[\/vc_column_text][vc_column_text disable_pattern=\u00a0\u00bbfalse\u00a0\u00bb el_class=\u00a0\u00bbprod-price\u00a0\u00bb]0&euro;[\/vc_column_text][vc_empty_space height=\u00a0\u00bb50px\u00a0\u00bb el_class=\u00a0\u00bbprod-space1&Prime;][vc_column_text disable_pattern=\u00a0\u00bbfalse\u00a0\u00bb el_class=\u00a0\u00bbfont-din2014-l vitbot-color1 prod-desc\u00a0\u00bb css=\u00a0\u00bb.vc_custom_1609572505582{margin-bottom: 0px !important;}\u00a0\u00bb]Nous recherchions une bouteille polyvalente, c&rsquo;est pourquoi nous avons cr\u00e9\u00e9 la <strong>Gourde VITBOT<sup>\u00ae<\/sup> \u00ab<\/strong><strong> Triskel, Sport, Kids &amp; Travel \u00bb<\/strong><\/p>\n<p>Notre gourde<strong> \u00ab\u00a0Triskel, Sport, Kids &amp; Travel\u00a0\u00bb <\/strong>poss\u00e8dent de nombreuses qualit\u00e9s et nous allons vous dire lesquelles&#8230;<\/p>\n<p>La gourde Vitbot \u00ab Triskel, Sport, Kids &amp; Travel \u00bb est fabriqu\u00e9e en Chine avec <strong>Certification de Fabrication Responsable<\/strong>*. Le corps de la gourde est en <strong>silicone liquide de qualit\u00e9 m\u00e9dical<\/strong>*, plus haute qualit\u00e9 de silicone existant actuellement sur le march\u00e9. Le bouchon est en polypropyl\u00e8ne garanti sans BPA*.<\/p>\n<p>Le motif g\u00e9om\u00e9trique du \u00ab Triskel \u00bb grav\u00e9 sur le flacon rappelle que <strong>l&rsquo;\u00e9nergie \u00e0 l&rsquo;origine de la vie<\/strong> est maintenue notamment gr\u00e2ce \u00e0 trois principes : le vortex, mouvement tourbillonnaire, la forme ovo\u00efde et la proportion Phi.<\/p>\n<p><strong>La gourde \u00ab\u00a0Triskel, Sport, Kids &amp; Travel\u00a0\u00bb est&#8230; <\/strong>**<\/p>\n<p style=\"text-align: center;\"><strong>Biomim\u00e9tique :<\/strong> inspir\u00e9e de la nature, de forme ovo\u00efde \u00e0 la proportion Phi.<\/p>\n<p style=\"text-align: center;\"><strong>Active :<\/strong> apporte des b\u00e9n\u00e9fices quantifiables.<\/p>\n<p style=\"text-align: center;\"><strong>Durable : <\/strong>fabriqu\u00e9e selon les crit\u00e8res de l\u2019\u00e9conomie circulaire.<\/p>\n<p style=\"text-align: center;\"><strong>Recyclable<\/strong>.<\/p>\n<p style=\"text-align: center;\"><strong>L\u00e9g\u00e8re\u00a0: <\/strong>approx 100 g<\/p>\n<p style=\"text-align: center;\"><strong>R\u00e9utilisable\u00a0: <\/strong>500 ml.<\/p>\n<p style=\"text-align: center;\"><strong>Polyvalente :<\/strong> peut contenir des boissons froides (- 10\u00b0 ) ou chaudes (100\u00b0 ) et les maintenir \u00e0 temp\u00e9rature (+\/- 2 heures pour les boissons froides et environ 1h les boissons chaudes).<\/p>\n<p style=\"text-align: center;\"><strong>S\u00fbre :<\/strong> aucune migration, le silicone de qualit\u00e9 m\u00e9dicale est un mat\u00e9riau inerte qui emp\u00eache la prolif\u00e9ration bact\u00e9rienne.<\/p>\n<p style=\"text-align: center;\"><strong>\u00a0<\/strong><\/p>\n<p>** nous disposons de tous les certificats validant l\u2019origine des mat\u00e9riaux que nous utilisons.<\/p>\n<p>** la gourde peut \u00eatre lav\u00e9e en machine. Le bouchon doit \u00eatre lav\u00e9 \u00e0 la main.<\/p>\n<p>NB\u00a0: Avant d&rsquo;utiliser la gourde pour la premi\u00e8re fois, nous vous recommandons de la plonger (sans le bouchon) pendant 10 minutes dans de l\u2019eau port\u00e9e \u00e0 \u00e9bullition avec quelques cuill\u00e8res \u00e0 soupe de bicarbonate de soude. Si jamais la gourde est utilis\u00e9e avec des jus, th\u00e9s ou boissons au go\u00fbt tr\u00e8s prononc\u00e9, le m\u00eame processus peut \u00eatre r\u00e9p\u00e9t\u00e9 pour la nettoyer et \u00e9viter les d\u00e9p\u00f4ts d\u2019odeurs ou de saveurs.[\/vc_column_text][vc_empty_space height=\u00a0\u00bb50px\u00a0\u00bb el_class=\u00a0\u00bbprod-space2&Prime;][vc_column_text disable_pattern=\u00a0\u00bbfalse\u00a0\u00bb el_class=\u00a0\u00bbprod-add\u00a0\u00bb]<p class=\"product woocommerce add_to_cart_inline \" style=\"border:4px solid #ccc; padding: 12px;\"><a rel=\"nofollow\" href=\"https:\/\/www.vitbot.com\/fr\/produit\/sport-kids-travel\" data-quantity=\"1\" data-product_id=\"1265\" data-product_sku=\"00851746007026\" class=\"product_loop_button product_type_simple  ajax_add_to_cart\" data-product_id=\"1265\" data-product_sku=\"00851746007026\" aria-label=\"En savoir plus sur &ldquo;Sport, Kids &amp; Travel&rdquo;\" rel=\"nofollow\"><svg  class=\"mk-svg-icon\" data-name=\"mk-moon-search-3\" data-cacheid=\"icon-69f4b507db6c2\" style=\" height:16px; width: 16px; \"  xmlns=\"http:\/\/www.w3.org\/2000\/svg\" viewBox=\"0 0 512 512\"><path d=\"M496.131 435.698l-121.276-103.147c-12.537-11.283-25.945-16.463-36.776-15.963 28.628-33.534 45.921-77.039 45.921-124.588 0-106.039-85.961-192-192-192-106.038 0-192 85.961-192 192s85.961 192 192 192c47.549 0 91.054-17.293 124.588-45.922-.5 10.831 4.68 24.239 15.963 36.776l103.147 121.276c17.661 19.623 46.511 21.277 64.11 3.678s15.946-46.449-3.677-64.11zm-304.131-115.698c-70.692 0-128-57.308-128-128s57.308-128 128-128 128 57.308 128 128-57.307 128-128 128z\"\/><\/svg><span class=\"product_loop_button_text\">Lire la suite<\/a><\/p>[\/vc_column_text][\/vc_column_inner][\/vc_row_inner][\/vc_column][\/vc_row][vc_row][vc_column][vc_empty_space height=\u00a0\u00bb50px\u00a0\u00bb el_class=\u00a0\u00bbprod-space2&Prime;][\/vc_column][\/vc_row][vc_row fullwidth=\u00a0\u00bbtrue\u00a0\u00bb][vc_column][vc_row_inner][vc_column_inner][vc_column_text disable_pattern=\u00a0\u00bbfalse\u00a0\u00bb]Etant en mat\u00e9riau incassable, c\u2019est une bouteille parfaite pour sportifs et enfants. La bouteille est con\u00e7ue pour pouvoir se plier quand on ne l\u2019utilise pas ce qui la rend id\u00e9ale pour voyages et excursions. Avec les m\u00eames propri\u00e9t\u00e9s que les autres produits Vitbot, gr\u00e2ce au mouvement en vortex qui se g\u00e9n\u00e8re \u00e0 l\u2019int\u00e9rieur des bouteilles Vitbot, on obtient une dissolution uniforme des \u00e9lectrolytes, min\u00e9raux, vitamines, etc. contenus dans les boissons. Gr\u00e2ce \u00e0 cette dissolution, le corps humain assimile les propri\u00e9t\u00e9s de l\u2019eau, des jus, des boissons ferment\u00e9es, etc. de mani\u00e8re plus efficace.<\/p>\n<p>Avant d\u2019utiliser pour la premi\u00e8re fois la bouteille \u201cSport, Kids &amp; Travel\u201d, nous recommandons d\u2019effectuer le processus suivant : mettre une casserole d\u2019eau \u00e0 bouillir, \u00e9teindre le feu, incorporer deux cuill\u00e8res \u00e0 soupe de bicarbonate et immerger la bouteille dans l\u2019eau, sans le bouchon, pendant dix minutes. Si il vous arrive de remplir la bouteille avec un jus de fruit, du th\u00e9 ou une boisson ayant une forte saveur, vous pouvez, r\u00e9p\u00e9ter le m\u00eame processus pour \u00e9liminer les restes de l\u2019odeur que ladite boisson pourrait laisser dans la bouteille.<br \/>\n[\/vc_column_text][\/vc_column_inner][\/vc_row_inner][\/vc_column][\/vc_row][vc_row fullwidth=\u00a0\u00bbtrue\u00a0\u00bb equal_columns=\u00a0\u00bbtrue\u00a0\u00bb attached=\u00a0\u00bbtrue\u00a0\u00bb css=\u00a0\u00bb.vc_custom_1513244391986{margin-top: 0px !important;margin-bottom: 0px !important;}\u00a0\u00bb][vc_column width=\u00a0\u00bb1\/2&Prime;][vc_single_image image=\u00a0\u00bb2313&Prime; img_size=\u00a0\u00bbfull\u00a0\u00bb css=\u00a0\u00bb.vc_custom_1513244333665{margin-top: 0px !important;margin-bottom: 0px !important;}\u00a0\u00bb][\/vc_column][vc_column width=\u00a0\u00bb1\/2&Prime;][vc_single_image image=\u00a0\u00bb2303&Prime; img_size=\u00a0\u00bbfull\u00a0\u00bb css=\u00a0\u00bb.vc_custom_1513244375670{margin-top: 0px !important;margin-bottom: 0px !important;}\u00a0\u00bb][\/vc_column][\/vc_row][vc_row fullwidth=\u00a0\u00bbtrue\u00a0\u00bb equal_columns=\u00a0\u00bbtrue\u00a0\u00bb attached=\u00a0\u00bbtrue\u00a0\u00bb css=\u00a0\u00bb.vc_custom_1513244391986{margin-top: 0px !important;margin-bottom: 0px !important;}\u00a0\u00bb][vc_column width=\u00a0\u00bb1\/2&Prime;][vc_single_image image=\u00a0\u00bb2318&Prime; img_size=\u00a0\u00bbfull\u00a0\u00bb css=\u00a0\u00bb.vc_custom_1513244500576{margin-top: 0px !important;margin-bottom: 0px !important;}\u00a0\u00bb][\/vc_column][vc_column width=\u00a0\u00bb1\/2&Prime;][vc_single_image image=\u00a0\u00bb2308&Prime; img_size=\u00a0\u00bbfull\u00a0\u00bb css=\u00a0\u00bb.vc_custom_1513244528744{margin-top: 0px !important;margin-bottom: 0px !important;}\u00a0\u00bb][\/vc_column][\/vc_row]\n","protected":false},"excerpt":{"rendered":"<p>[vc_row][vc_column][vc_empty_space height=\u00a0\u00bb30px\u00a0\u00bb el_class=\u00a0\u00bbprod-space9&Prime;][\/vc_column][\/vc_row][vc_row fullwidth=\u00a0\u00bbtrue\u00a0\u00bb equal_columns=\u00a0\u00bbtrue\u00a0\u00bb][vc_column width=\u00a0\u00bb1\/2&Prime; css=\u00a0\u00bb.vc_custom_1492591143501{background-color: #ffffff !important;background-position: center !important;background-repeat: no-repeat !important;background-size: cover !important;}\u00a0\u00bb][vc_row_inner][vc_column_inner][vc_single_image image=\u00a0\u00bb11621&Prime; img_size=\u00a0\u00bbfull\u00a0\u00bb alignment=\u00a0\u00bbcenter\u00a0\u00bb][\/vc_column_inner][\/vc_row_inner][\/vc_column][vc_column width=\u00a0\u00bb1\/2&Prime; css=\u00a0\u00bb.vc_custom_1492591132776{background-color: #ffffff !important;background-position: center !important;background-repeat: no-repeat !important;background-size: cover !important;}\u00a0\u00bb][vc_row_inner][vc_column_inner][vc_column_text disable_pattern=\u00a0\u00bbfalse\u00a0\u00bb el_class=\u00a0\u00bbfont-alternategn2d vitbot-color1 prod-tit1&Prime;] Bouteille de silicone Sport, Kids &amp; Travel Bouteille de silicone de type m\u00e9dical r\u00e9utilisable pour eau et autres liquides [\/vc_column_text][vc_column_text disable_pattern=\u00a0\u00bbfalse\u00a0\u00bb el_class=\u00a0\u00bbprod-price\u00a0\u00bb][\/vc_column_text][vc_empty_space height=\u00a0\u00bb50px\u00a0\u00bb [&hellip;]<\/p>\n","protected":false},"author":1,"featured_media":0,"parent":0,"menu_order":3,"comment_status":"closed","ping_status":"closed","template":"","meta":{"_monsterinsights_skip_tracking":false,"_monsterinsights_sitenote_active":false,"_monsterinsights_sitenote_note":"","_monsterinsights_sitenote_category":0},"yoast_head":"<!-- This site is optimized with the Yoast SEO plugin v20.1 - https:\/\/yoast.com\/wordpress\/plugins\/seo\/ -->\n<title>Bouteille Sport, Kids &amp; Travel - Vitbot<\/title>\n<meta name=\"robots\" content=\"index, follow, max-snippet:-1, max-image-preview:large, max-video-preview:-1\" \/>\n<link rel=\"canonical\" href=\"https:\/\/www.vitbot.com\/fr\/bouteille-sport-kids-travel\" \/>\n<meta property=\"og:locale\" content=\"fr_FR\" \/>\n<meta property=\"og:type\" content=\"article\" \/>\n<meta property=\"og:title\" content=\"Bouteille Sport, Kids &amp; Travel - Vitbot\" \/>\n<meta property=\"og:description\" content=\"[vc_row][vc_column][vc_empty_space height=\u00a0\u00bb30px\u00a0\u00bb el_class=\u00a0\u00bbprod-space9&Prime;][\/vc_column][\/vc_row][vc_row fullwidth=\u00a0\u00bbtrue\u00a0\u00bb equal_columns=\u00a0\u00bbtrue\u00a0\u00bb][vc_column width=\u00a0\u00bb1\/2&Prime; css=\u00a0\u00bb.vc_custom_1492591143501{background-color: #ffffff !important;background-position: center !important;background-repeat: no-repeat !important;background-size: cover !important;}\u00a0\u00bb][vc_row_inner][vc_column_inner][vc_single_image image=\u00a0\u00bb11621&Prime; img_size=\u00a0\u00bbfull\u00a0\u00bb alignment=\u00a0\u00bbcenter\u00a0\u00bb][\/vc_column_inner][\/vc_row_inner][\/vc_column][vc_column width=\u00a0\u00bb1\/2&Prime; css=\u00a0\u00bb.vc_custom_1492591132776{background-color: #ffffff !important;background-position: center !important;background-repeat: no-repeat !important;background-size: cover !important;}\u00a0\u00bb][vc_row_inner][vc_column_inner][vc_column_text disable_pattern=\u00a0\u00bbfalse\u00a0\u00bb el_class=\u00a0\u00bbfont-alternategn2d vitbot-color1 prod-tit1&Prime;] Bouteille de silicone Sport, Kids &amp; Travel Bouteille de silicone de type m\u00e9dical r\u00e9utilisable pour eau et autres liquides [\/vc_column_text][vc_column_text disable_pattern=\u00a0\u00bbfalse\u00a0\u00bb el_class=\u00a0\u00bbprod-price\u00a0\u00bb][\/vc_column_text][vc_empty_space height=\u00a0\u00bb50px\u00a0\u00bb [&hellip;]\" \/>\n<meta property=\"og:url\" content=\"https:\/\/www.vitbot.com\/fr\/bouteille-sport-kids-travel\" \/>\n<meta property=\"og:site_name\" content=\"Vitbot\" \/>\n<meta property=\"article:publisher\" content=\"https:\/\/www.facebook.com\/vitbotbottle\/\" \/>\n<meta property=\"article:modified_time\" content=\"2021-01-02T07:29:42+00:00\" \/>\n<meta name=\"twitter:card\" content=\"summary_large_image\" \/>\n<meta name=\"twitter:label1\" content=\"Dur\u00e9e de lecture estim\u00e9e\" \/>\n\t<meta name=\"twitter:data1\" content=\"5 minutes\" \/>\n<script type=\"application\/ld+json\" class=\"yoast-schema-graph\">{\"@context\":\"https:\/\/schema.org\",\"@graph\":[{\"@type\":\"WebPage\",\"@id\":\"https:\/\/www.vitbot.com\/fr\/bouteille-sport-kids-travel\",\"url\":\"https:\/\/www.vitbot.com\/fr\/bouteille-sport-kids-travel\",\"name\":\"Bouteille Sport, Kids & Travel - Vitbot\",\"isPartOf\":{\"@id\":\"https:\/\/www.vitbot.com\/fr#website\"},\"datePublished\":\"2017-05-15T15:06:19+00:00\",\"dateModified\":\"2021-01-02T07:29:42+00:00\",\"breadcrumb\":{\"@id\":\"https:\/\/www.vitbot.com\/fr\/bouteille-sport-kids-travel#breadcrumb\"},\"inLanguage\":\"fr-FR\",\"potentialAction\":[{\"@type\":\"ReadAction\",\"target\":[\"https:\/\/www.vitbot.com\/fr\/bouteille-sport-kids-travel\"]}]},{\"@type\":\"BreadcrumbList\",\"@id\":\"https:\/\/www.vitbot.com\/fr\/bouteille-sport-kids-travel#breadcrumb\",\"itemListElement\":[{\"@type\":\"ListItem\",\"position\":1,\"name\":\"Home\",\"item\":\"https:\/\/www.vitbot.com\/fr\"},{\"@type\":\"ListItem\",\"position\":2,\"name\":\"Bouteille Sport, Kids &#038; Travel\"}]},{\"@type\":\"WebSite\",\"@id\":\"https:\/\/www.vitbot.com\/fr#website\",\"url\":\"https:\/\/www.vitbot.com\/fr\",\"name\":\"Vitbot\",\"description\":\"Best Reusable Water Bottles | Vortex Bottle | Vitalizer Bottle\",\"publisher\":{\"@id\":\"https:\/\/www.vitbot.com\/fr#organization\"},\"potentialAction\":[{\"@type\":\"SearchAction\",\"target\":{\"@type\":\"EntryPoint\",\"urlTemplate\":\"https:\/\/www.vitbot.com\/fr?s={search_term_string}\"},\"query-input\":\"required name=search_term_string\"}],\"inLanguage\":\"fr-FR\"},{\"@type\":\"Organization\",\"@id\":\"https:\/\/www.vitbot.com\/fr#organization\",\"name\":\"Vitbot Europe,S.L. NIF B66180548 Tel\u00e8fon Correu info@vitbot.com Direcci\u00f3 C\/ Almeria 40 F Poblaci\u00f3 Tarrasa Codi postal 08226 Pa\u00eds Espanya\",\"url\":\"https:\/\/www.vitbot.com\/fr\",\"logo\":{\"@type\":\"ImageObject\",\"inLanguage\":\"fr-FR\",\"@id\":\"https:\/\/www.vitbot.com\/fr#\/schema\/logo\/image\/\",\"url\":\"https:\/\/www.vitbot.com\/wp-content\/uploads\/2017\/03\/vitbot_logo.png\",\"contentUrl\":\"https:\/\/www.vitbot.com\/wp-content\/uploads\/2017\/03\/vitbot_logo.png\",\"width\":84,\"height\":24,\"caption\":\"Vitbot Europe,S.L. NIF B66180548 Tel\u00e8fon Correu info@vitbot.com Direcci\u00f3 C\/ Almeria 40 F Poblaci\u00f3 Tarrasa Codi postal 08226 Pa\u00eds Espanya\"},\"image\":{\"@id\":\"https:\/\/www.vitbot.com\/fr#\/schema\/logo\/image\/\"},\"sameAs\":[\"https:\/\/www.facebook.com\/vitbotbottle\/\",\"https:\/\/www.instagram.com\/vitbotofficial\/\"]}]}<\/script>\n<!-- \/ Yoast SEO plugin. -->","yoast_head_json":{"title":"Bouteille Sport, Kids & Travel - Vitbot","robots":{"index":"index","follow":"follow","max-snippet":"max-snippet:-1","max-image-preview":"max-image-preview:large","max-video-preview":"max-video-preview:-1"},"canonical":"https:\/\/www.vitbot.com\/fr\/bouteille-sport-kids-travel","og_locale":"fr_FR","og_type":"article","og_title":"Bouteille Sport, Kids & Travel - Vitbot","og_description":"[vc_row][vc_column][vc_empty_space height=\u00a0\u00bb30px\u00a0\u00bb el_class=\u00a0\u00bbprod-space9&Prime;][\/vc_column][\/vc_row][vc_row fullwidth=\u00a0\u00bbtrue\u00a0\u00bb equal_columns=\u00a0\u00bbtrue\u00a0\u00bb][vc_column width=\u00a0\u00bb1\/2&Prime; css=\u00a0\u00bb.vc_custom_1492591143501{background-color: #ffffff !important;background-position: center !important;background-repeat: no-repeat !important;background-size: cover !important;}\u00a0\u00bb][vc_row_inner][vc_column_inner][vc_single_image image=\u00a0\u00bb11621&Prime; img_size=\u00a0\u00bbfull\u00a0\u00bb alignment=\u00a0\u00bbcenter\u00a0\u00bb][\/vc_column_inner][\/vc_row_inner][\/vc_column][vc_column width=\u00a0\u00bb1\/2&Prime; css=\u00a0\u00bb.vc_custom_1492591132776{background-color: #ffffff !important;background-position: center !important;background-repeat: no-repeat !important;background-size: cover !important;}\u00a0\u00bb][vc_row_inner][vc_column_inner][vc_column_text disable_pattern=\u00a0\u00bbfalse\u00a0\u00bb el_class=\u00a0\u00bbfont-alternategn2d vitbot-color1 prod-tit1&Prime;] Bouteille de silicone Sport, Kids &amp; Travel Bouteille de silicone de type m\u00e9dical r\u00e9utilisable pour eau et autres liquides [\/vc_column_text][vc_column_text disable_pattern=\u00a0\u00bbfalse\u00a0\u00bb el_class=\u00a0\u00bbprod-price\u00a0\u00bb][\/vc_column_text][vc_empty_space height=\u00a0\u00bb50px\u00a0\u00bb [&hellip;]","og_url":"https:\/\/www.vitbot.com\/fr\/bouteille-sport-kids-travel","og_site_name":"Vitbot","article_publisher":"https:\/\/www.facebook.com\/vitbotbottle\/","article_modified_time":"2021-01-02T07:29:42+00:00","twitter_card":"summary_large_image","twitter_misc":{"Dur\u00e9e de lecture estim\u00e9e":"5 minutes"},"schema":{"@context":"https:\/\/schema.org","@graph":[{"@type":"WebPage","@id":"https:\/\/www.vitbot.com\/fr\/bouteille-sport-kids-travel","url":"https:\/\/www.vitbot.com\/fr\/bouteille-sport-kids-travel","name":"Bouteille Sport, Kids & Travel - Vitbot","isPartOf":{"@id":"https:\/\/www.vitbot.com\/fr#website"},"datePublished":"2017-05-15T15:06:19+00:00","dateModified":"2021-01-02T07:29:42+00:00","breadcrumb":{"@id":"https:\/\/www.vitbot.com\/fr\/bouteille-sport-kids-travel#breadcrumb"},"inLanguage":"fr-FR","potentialAction":[{"@type":"ReadAction","target":["https:\/\/www.vitbot.com\/fr\/bouteille-sport-kids-travel"]}]},{"@type":"BreadcrumbList","@id":"https:\/\/www.vitbot.com\/fr\/bouteille-sport-kids-travel#breadcrumb","itemListElement":[{"@type":"ListItem","position":1,"name":"Home","item":"https:\/\/www.vitbot.com\/fr"},{"@type":"ListItem","position":2,"name":"Bouteille Sport, Kids &#038; Travel"}]},{"@type":"WebSite","@id":"https:\/\/www.vitbot.com\/fr#website","url":"https:\/\/www.vitbot.com\/fr","name":"Vitbot","description":"Best Reusable Water Bottles | Vortex Bottle | Vitalizer Bottle","publisher":{"@id":"https:\/\/www.vitbot.com\/fr#organization"},"potentialAction":[{"@type":"SearchAction","target":{"@type":"EntryPoint","urlTemplate":"https:\/\/www.vitbot.com\/fr?s={search_term_string}"},"query-input":"required name=search_term_string"}],"inLanguage":"fr-FR"},{"@type":"Organization","@id":"https:\/\/www.vitbot.com\/fr#organization","name":"Vitbot Europe,S.L. NIF B66180548 Tel\u00e8fon Correu info@vitbot.com Direcci\u00f3 C\/ Almeria 40 F Poblaci\u00f3 Tarrasa Codi postal 08226 Pa\u00eds Espanya","url":"https:\/\/www.vitbot.com\/fr","logo":{"@type":"ImageObject","inLanguage":"fr-FR","@id":"https:\/\/www.vitbot.com\/fr#\/schema\/logo\/image\/","url":"https:\/\/www.vitbot.com\/wp-content\/uploads\/2017\/03\/vitbot_logo.png","contentUrl":"https:\/\/www.vitbot.com\/wp-content\/uploads\/2017\/03\/vitbot_logo.png","width":84,"height":24,"caption":"Vitbot Europe,S.L. NIF B66180548 Tel\u00e8fon Correu info@vitbot.com Direcci\u00f3 C\/ Almeria 40 F Poblaci\u00f3 Tarrasa Codi postal 08226 Pa\u00eds Espanya"},"image":{"@id":"https:\/\/www.vitbot.com\/fr#\/schema\/logo\/image\/"},"sameAs":["https:\/\/www.facebook.com\/vitbotbottle\/","https:\/\/www.instagram.com\/vitbotofficial\/"]}]}},"_links":{"self":[{"href":"https:\/\/www.vitbot.com\/fr\/wp-json\/wp\/v2\/pages\/1472"}],"collection":[{"href":"https:\/\/www.vitbot.com\/fr\/wp-json\/wp\/v2\/pages"}],"about":[{"href":"https:\/\/www.vitbot.com\/fr\/wp-json\/wp\/v2\/types\/page"}],"author":[{"embeddable":true,"href":"https:\/\/www.vitbot.com\/fr\/wp-json\/wp\/v2\/users\/1"}],"replies":[{"embeddable":true,"href":"https:\/\/www.vitbot.com\/fr\/wp-json\/wp\/v2\/comments?post=1472"}],"version-history":[{"count":4,"href":"https:\/\/www.vitbot.com\/fr\/wp-json\/wp\/v2\/pages\/1472\/revisions"}],"predecessor-version":[{"id":18186,"href":"https:\/\/www.vitbot.com\/fr\/wp-json\/wp\/v2\/pages\/1472\/revisions\/18186"}],"wp:attachment":[{"href":"https:\/\/www.vitbot.com\/fr\/wp-json\/wp\/v2\/media?parent=1472"}],"curies":[{"name":"wp","href":"https:\/\/api.w.org\/{rel}","templated":true}]}}