{"id":1458,"date":"2017-05-15T17:01:54","date_gmt":"2017-05-15T15:01:54","guid":{"rendered":"https:\/\/www.vitbot.com\/bouteille-egg-of-life"},"modified":"2021-01-02T09:07:36","modified_gmt":"2021-01-02T07:07:36","slug":"bouteille-egg-of-life","status":"publish","type":"page","link":"https:\/\/www.vitbot.com\/fr\/bouteille-egg-of-life","title":{"rendered":"Bouteille Egg of Life"},"content":{"rendered":"[vc_row fullwidth=\u00a0\u00bbtrue\u00a0\u00bb fullwidth_content=\u00a0\u00bbfalse\u00a0\u00bb equal_columns=\u00a0\u00bbtrue\u00a0\u00bb css=\u00a0\u00bb.vc_custom_1492599368043{padding-top: 35px !important;padding-bottom: 10px !important;background-color: #50bedc !important;}\u00a0\u00bb][vc_column][vc_column_text disable_pattern=\u00a0\u00bbfalse\u00a0\u00bb align=\u00a0\u00bbcenter\u00a0\u00bb el_class=\u00a0\u00bbfont-alternategn2d vitbot-color1 prod-tit\u00a0\u00bb]\n<h1>PRODUITS<\/h1>\n[\/vc_column_text][\/vc_column][\/vc_row][vc_row][vc_column][vc_empty_space height=\u00a0\u00bb30px\u00a0\u00bb el_class=\u00a0\u00bbprod-space9&Prime;][\/vc_column][\/vc_row][vc_row fullwidth=\u00a0\u00bbtrue\u00a0\u00bb equal_columns=\u00a0\u00bbtrue\u00a0\u00bb][vc_column width=\u00a0\u00bb1\/2&Prime; css=\u00a0\u00bb.vc_custom_1492591143501{background-color: #ffffff !important;background-position: center !important;background-repeat: no-repeat !important;background-size: cover !important;}\u00a0\u00bb][vc_row_inner][vc_column_inner][vc_single_image image=\u00a0\u00bb719&Prime; img_size=\u00a0\u00bbfull\u00a0\u00bb alignment=\u00a0\u00bbcenter\u00a0\u00bb][vc_single_image image=\u00a0\u00bb15276&Prime; img_size=\u00a0\u00bbfull\u00a0\u00bb alignment=\u00a0\u00bbcenter\u00a0\u00bb][\/vc_column_inner][\/vc_row_inner][\/vc_column][vc_column width=\u00a0\u00bb1\/2&Prime; css=\u00a0\u00bb.vc_custom_1492591132776{background-color: #ffffff !important;background-position: center !important;background-repeat: no-repeat !important;background-size: cover !important;}\u00a0\u00bb][vc_row_inner][vc_column_inner][vc_column_text disable_pattern=\u00a0\u00bbfalse\u00a0\u00bb el_class=\u00a0\u00bbfont-alternategn2d vitbot-color1 prod-tit1&Prime;]\n<h2>Bouteille de verre<br \/>\nEgg of Life<\/h2>\n<h3>Bouteille r\u00e9utilisable de verre sans plomb pour eau et autres liquides<\/h3>\n[\/vc_column_text][vc_column_text disable_pattern=\u00a0\u00bbfalse\u00a0\u00bb el_class=\u00a0\u00bbprod-price\u00a0\u00bb]0&euro;[\/vc_column_text][vc_empty_space height=\u00a0\u00bb50px\u00a0\u00bb el_class=\u00a0\u00bbprod-space1&Prime;][vc_column_text disable_pattern=\u00a0\u00bbfalse\u00a0\u00bb el_class=\u00a0\u00bbfont-din2014-l vitbot-color1 prod-desc\u00a0\u00bb css=\u00a0\u00bb.vc_custom_1609571242120{margin-bottom: 0px !important;}\u00a0\u00bb]Nous voulions qu&rsquo;une de nos bouteilles devienne votre verre, ainsi est n\u00e9e la <strong>Bouteille VITBOT<sup>\u00ae<\/sup> \u00ab\u00a0Egg of Life\u00a0\u00bb en Verre<\/strong>.<\/p>\n<p>La <strong>\u00ab\u00a0Egg of Life\u00a0\u00bb en verre <\/strong>est une bouteille tr\u00e8s sp\u00e9ciale et nous allons vous dire pourquoi&#8230;<\/p>\n<p>La bouteille Vitbot \u00ab\u00a0Egg of Life\u00a0\u00bb en verre est fabriqu\u00e9e en <strong>Italie<\/strong> en <strong>verre bleu cobalt<\/strong> de qualit\u00e9 alimentaire*. La couleur bleu cobalt est obtenue en four \u00e0 plus de 2 000 degr\u00e9s de temp\u00e9rature.<\/p>\n<p>Le <strong>bouchon<\/strong>, fabriqu\u00e9 \u00e0 Barcelone, est en <strong>acier inoxidable 18\/8<\/strong>* pour sa partie ext\u00e9rieure et sa partie int\u00e9rieure en contact avec l\u2019eau. Le pas de vis est en polypropyl\u00e8ne garanti sans BPA.<\/p>\n<p>La bouteille est vendue en carton individuel (avec cadre de protection int\u00e9rieur), id\u00e9al pour l\u2019exposition et la mise en rayons.<\/p>\n<p><strong>La bouteille \u00ab\u00a0Egg of Life\u00a0\u00bb en verre est&#8230; <\/strong>**<\/p>\n<p style=\"text-align: center;\"><strong>Biomim\u00e9tique :<\/strong> inspir\u00e9e de la nature, de forme ovo\u00efde \u00e0 la proportion Phi.<\/p>\n<p style=\"text-align: center;\"><strong>Active :<\/strong> apporte des b\u00e9n\u00e9fices quantifiables.<\/p>\n<p style=\"text-align: center;\"><strong>Durable : <\/strong>fabriqu\u00e9e selon les crit\u00e8res de l\u2019\u00e9conomie circulaire.<\/p>\n<p style=\"text-align: center;\"><strong>Protectrice\u00a0: <\/strong>la couleur bleu cobalt prot\u00e8ge l\u2019eau des rayons UV du soleil.<\/p>\n<p style=\"text-align: center;\"><strong>R\u00e9utilisable :<\/strong> 555 ml.<\/p>\n<p style=\"text-align: center;\"><strong>Poids :<\/strong> 450 g.<\/p>\n<p>* nous disposons de tous les certificats validant l\u2019origine des mat\u00e9riaux que nous utilisons.<\/p>\n<p>** la bouteille peut se laver en machine, le bouchon doit se laver \u00e0 la main.[\/vc_column_text][vc_empty_space height=\u00a0\u00bb50px\u00a0\u00bb el_class=\u00a0\u00bbprod-space2&Prime;][vc_column_text disable_pattern=\u00a0\u00bbfalse\u00a0\u00bb el_class=\u00a0\u00bbprod-add\u00a0\u00bb]<p class=\"product woocommerce add_to_cart_inline \" style=\"border:4px solid #ccc; padding: 12px;\"><a rel=\"nofollow\" href=\"https:\/\/www.vitbot.com\/fr\/produit\/egg-of-life\" data-quantity=\"1\" data-product_id=\"1277\" data-product_sku=\"1626-CBEGG\" class=\"product_loop_button product_type_simple  ajax_add_to_cart\" data-product_id=\"1277\" data-product_sku=\"1626-CBEGG\" aria-label=\"En savoir plus sur &ldquo;Egg of Life&rdquo;\" rel=\"nofollow\"><svg  class=\"mk-svg-icon\" data-name=\"mk-moon-search-3\" data-cacheid=\"icon-69f589fe9b903\" style=\" height:16px; width: 16px; \"  xmlns=\"http:\/\/www.w3.org\/2000\/svg\" viewBox=\"0 0 512 512\"><path d=\"M496.131 435.698l-121.276-103.147c-12.537-11.283-25.945-16.463-36.776-15.963 28.628-33.534 45.921-77.039 45.921-124.588 0-106.039-85.961-192-192-192-106.038 0-192 85.961-192 192s85.961 192 192 192c47.549 0 91.054-17.293 124.588-45.922-.5 10.831 4.68 24.239 15.963 36.776l103.147 121.276c17.661 19.623 46.511 21.277 64.11 3.678s15.946-46.449-3.677-64.11zm-304.131-115.698c-70.692 0-128-57.308-128-128s57.308-128 128-128 128 57.308 128 128-57.307 128-128 128z\"\/><\/svg><span class=\"product_loop_button_text\">Lire la suite<\/a><\/p>[\/vc_column_text][\/vc_column_inner][\/vc_row_inner][\/vc_column][\/vc_row][vc_row fullwidth=\u00a0\u00bbtrue\u00a0\u00bb][vc_column][vc_row_inner][vc_column_inner][vc_column_text disable_pattern=\u00a0\u00bbfalse\u00a0\u00bb]Gr\u00e2ce au mouvement en vortex qui se g\u00e9n\u00e8re \u00e0 l\u2019int\u00e9rieur des bouteilles Vitbot, on obtient une dissolution uniforme des \u00e9lectrolytes, min\u00e9raux, vitamines, etc. contenus dans les boissons. Gr\u00e2ce \u00e0 cette dissolution, le corps humain assimile les propri\u00e9t\u00e9s de l\u2019eau, des jus, des boissons ferment\u00e9es, etc. de mani\u00e8re plus efficace. Le bleu cobalt est une couleur id\u00e9ale pour solariser l\u2019eau dans la bouteille \u00e0 l\u2019intention des personnes qui le souhaitent.[\/vc_column_text][\/vc_column_inner][\/vc_row_inner][\/vc_column][\/vc_row][vc_row fullwidth=\u00a0\u00bbtrue\u00a0\u00bb equal_columns=\u00a0\u00bbtrue\u00a0\u00bb attached=\u00a0\u00bbtrue\u00a0\u00bb css=\u00a0\u00bb.vc_custom_1513177698976{margin-bottom: -34px !important;}\u00a0\u00bb][vc_column width=\u00a0\u00bb1\/2&Prime;][vc_single_image image=\u00a0\u00bb2278&Prime; img_size=\u00a0\u00bbfull\u00a0\u00bb css=\u00a0\u00bb.vc_custom_1513177771212{margin-bottom: 0px !important;}\u00a0\u00bb][vc_single_image image=\u00a0\u00bb3918&Prime; img_size=\u00a0\u00bbfull\u00a0\u00bb][\/vc_column][vc_column width=\u00a0\u00bb1\/2&Prime;][vc_single_image image=\u00a0\u00bb2273&Prime; img_size=\u00a0\u00bbfull\u00a0\u00bb alignment=\u00a0\u00bbright\u00a0\u00bb css=\u00a0\u00bb.vc_custom_1543487406502{margin-bottom: 0px !important;}\u00a0\u00bb][vc_single_image image=\u00a0\u00bb3923&Prime; img_size=\u00a0\u00bbfull\u00a0\u00bb alignment=\u00a0\u00bbright\u00a0\u00bb][\/vc_column][\/vc_row][vc_row fullwidth=\u00a0\u00bbtrue\u00a0\u00bb css=\u00a0\u00bb.vc_custom_1513250148840{margin-top: 0px !important;margin-bottom: 0px !important;}\u00a0\u00bb][vc_column css=\u00a0\u00bb.vc_custom_1542720278339{margin-top: 0px !important;margin-bottom: 0px !important;}\u00a0\u00bb][\/vc_column][\/vc_row]\n","protected":false},"excerpt":{"rendered":"<p>[vc_row fullwidth=\u00a0\u00bbtrue\u00a0\u00bb fullwidth_content=\u00a0\u00bbfalse\u00a0\u00bb equal_columns=\u00a0\u00bbtrue\u00a0\u00bb css=\u00a0\u00bb.vc_custom_1492599368043{padding-top: 35px !important;padding-bottom: 10px !important;background-color: #50bedc !important;}\u00a0\u00bb][vc_column][vc_column_text disable_pattern=\u00a0\u00bbfalse\u00a0\u00bb align=\u00a0\u00bbcenter\u00a0\u00bb el_class=\u00a0\u00bbfont-alternategn2d vitbot-color1 prod-tit\u00a0\u00bb] PRODUITS [\/vc_column_text][\/vc_column][\/vc_row][vc_row][vc_column][vc_empty_space height=\u00a0\u00bb30px\u00a0\u00bb el_class=\u00a0\u00bbprod-space9&Prime;][\/vc_column][\/vc_row][vc_row fullwidth=\u00a0\u00bbtrue\u00a0\u00bb equal_columns=\u00a0\u00bbtrue\u00a0\u00bb][vc_column width=\u00a0\u00bb1\/2&Prime; css=\u00a0\u00bb.vc_custom_1492591143501{background-color: #ffffff !important;background-position: center !important;background-repeat: no-repeat !important;background-size: cover !important;}\u00a0\u00bb][vc_row_inner][vc_column_inner][vc_single_image image=\u00a0\u00bb719&Prime; img_size=\u00a0\u00bbfull\u00a0\u00bb alignment=\u00a0\u00bbcenter\u00a0\u00bb][vc_single_image image=\u00a0\u00bb15276&Prime; img_size=\u00a0\u00bbfull\u00a0\u00bb alignment=\u00a0\u00bbcenter\u00a0\u00bb][\/vc_column_inner][\/vc_row_inner][\/vc_column][vc_column width=\u00a0\u00bb1\/2&Prime; css=\u00a0\u00bb.vc_custom_1492591132776{background-color: #ffffff !important;background-position: center !important;background-repeat: no-repeat !important;background-size: cover !important;}\u00a0\u00bb][vc_row_inner][vc_column_inner][vc_column_text disable_pattern=\u00a0\u00bbfalse\u00a0\u00bb el_class=\u00a0\u00bbfont-alternategn2d vitbot-color1 prod-tit1&Prime;] Bouteille de verre [&hellip;]<\/p>\n","protected":false},"author":1,"featured_media":0,"parent":0,"menu_order":3,"comment_status":"closed","ping_status":"closed","template":"","meta":{"_monsterinsights_skip_tracking":false,"_monsterinsights_sitenote_active":false,"_monsterinsights_sitenote_note":"","_monsterinsights_sitenote_category":0},"yoast_head":"<!-- This site is optimized with the Yoast SEO plugin v20.1 - https:\/\/yoast.com\/wordpress\/plugins\/seo\/ -->\n<title>Bouteille Egg of Life - Vitbot<\/title>\n<meta name=\"robots\" content=\"index, follow, max-snippet:-1, max-image-preview:large, max-video-preview:-1\" \/>\n<link rel=\"canonical\" href=\"https:\/\/www.vitbot.com\/fr\/bouteille-egg-of-life\" \/>\n<meta property=\"og:locale\" content=\"fr_FR\" \/>\n<meta property=\"og:type\" content=\"article\" \/>\n<meta property=\"og:title\" content=\"Bouteille Egg of Life - Vitbot\" \/>\n<meta property=\"og:description\" content=\"[vc_row fullwidth=\u00a0\u00bbtrue\u00a0\u00bb fullwidth_content=\u00a0\u00bbfalse\u00a0\u00bb equal_columns=\u00a0\u00bbtrue\u00a0\u00bb css=\u00a0\u00bb.vc_custom_1492599368043{padding-top: 35px !important;padding-bottom: 10px !important;background-color: #50bedc !important;}\u00a0\u00bb][vc_column][vc_column_text disable_pattern=\u00a0\u00bbfalse\u00a0\u00bb align=\u00a0\u00bbcenter\u00a0\u00bb el_class=\u00a0\u00bbfont-alternategn2d vitbot-color1 prod-tit\u00a0\u00bb] PRODUITS [\/vc_column_text][\/vc_column][\/vc_row][vc_row][vc_column][vc_empty_space height=\u00a0\u00bb30px\u00a0\u00bb el_class=\u00a0\u00bbprod-space9&Prime;][\/vc_column][\/vc_row][vc_row fullwidth=\u00a0\u00bbtrue\u00a0\u00bb equal_columns=\u00a0\u00bbtrue\u00a0\u00bb][vc_column width=\u00a0\u00bb1\/2&Prime; css=\u00a0\u00bb.vc_custom_1492591143501{background-color: #ffffff !important;background-position: center !important;background-repeat: no-repeat !important;background-size: cover !important;}\u00a0\u00bb][vc_row_inner][vc_column_inner][vc_single_image image=\u00a0\u00bb719&Prime; img_size=\u00a0\u00bbfull\u00a0\u00bb alignment=\u00a0\u00bbcenter\u00a0\u00bb][vc_single_image image=\u00a0\u00bb15276&Prime; img_size=\u00a0\u00bbfull\u00a0\u00bb alignment=\u00a0\u00bbcenter\u00a0\u00bb][\/vc_column_inner][\/vc_row_inner][\/vc_column][vc_column width=\u00a0\u00bb1\/2&Prime; css=\u00a0\u00bb.vc_custom_1492591132776{background-color: #ffffff !important;background-position: center !important;background-repeat: no-repeat !important;background-size: cover !important;}\u00a0\u00bb][vc_row_inner][vc_column_inner][vc_column_text disable_pattern=\u00a0\u00bbfalse\u00a0\u00bb el_class=\u00a0\u00bbfont-alternategn2d vitbot-color1 prod-tit1&Prime;] Bouteille de verre [&hellip;]\" \/>\n<meta property=\"og:url\" content=\"https:\/\/www.vitbot.com\/fr\/bouteille-egg-of-life\" \/>\n<meta property=\"og:site_name\" content=\"Vitbot\" \/>\n<meta property=\"article:publisher\" content=\"https:\/\/www.facebook.com\/vitbotbottle\/\" \/>\n<meta property=\"article:modified_time\" content=\"2021-01-02T07:07:36+00:00\" \/>\n<meta name=\"twitter:card\" content=\"summary_large_image\" \/>\n<meta name=\"twitter:label1\" content=\"Dur\u00e9e de lecture estim\u00e9e\" \/>\n\t<meta name=\"twitter:data1\" content=\"3 minutes\" \/>\n<script type=\"application\/ld+json\" class=\"yoast-schema-graph\">{\"@context\":\"https:\/\/schema.org\",\"@graph\":[{\"@type\":\"WebPage\",\"@id\":\"https:\/\/www.vitbot.com\/fr\/bouteille-egg-of-life\",\"url\":\"https:\/\/www.vitbot.com\/fr\/bouteille-egg-of-life\",\"name\":\"Bouteille Egg of Life - Vitbot\",\"isPartOf\":{\"@id\":\"https:\/\/www.vitbot.com\/fr#website\"},\"datePublished\":\"2017-05-15T15:01:54+00:00\",\"dateModified\":\"2021-01-02T07:07:36+00:00\",\"breadcrumb\":{\"@id\":\"https:\/\/www.vitbot.com\/fr\/bouteille-egg-of-life#breadcrumb\"},\"inLanguage\":\"fr-FR\",\"potentialAction\":[{\"@type\":\"ReadAction\",\"target\":[\"https:\/\/www.vitbot.com\/fr\/bouteille-egg-of-life\"]}]},{\"@type\":\"BreadcrumbList\",\"@id\":\"https:\/\/www.vitbot.com\/fr\/bouteille-egg-of-life#breadcrumb\",\"itemListElement\":[{\"@type\":\"ListItem\",\"position\":1,\"name\":\"Home\",\"item\":\"https:\/\/www.vitbot.com\/fr\"},{\"@type\":\"ListItem\",\"position\":2,\"name\":\"Bouteille Egg of Life\"}]},{\"@type\":\"WebSite\",\"@id\":\"https:\/\/www.vitbot.com\/fr#website\",\"url\":\"https:\/\/www.vitbot.com\/fr\",\"name\":\"Vitbot\",\"description\":\"Best Reusable Water Bottles | Vortex Bottle | Vitalizer Bottle\",\"publisher\":{\"@id\":\"https:\/\/www.vitbot.com\/fr#organization\"},\"potentialAction\":[{\"@type\":\"SearchAction\",\"target\":{\"@type\":\"EntryPoint\",\"urlTemplate\":\"https:\/\/www.vitbot.com\/fr?s={search_term_string}\"},\"query-input\":\"required name=search_term_string\"}],\"inLanguage\":\"fr-FR\"},{\"@type\":\"Organization\",\"@id\":\"https:\/\/www.vitbot.com\/fr#organization\",\"name\":\"Vitbot Europe,S.L. NIF B66180548 Tel\u00e8fon Correu info@vitbot.com Direcci\u00f3 C\/ Almeria 40 F Poblaci\u00f3 Tarrasa Codi postal 08226 Pa\u00eds Espanya\",\"url\":\"https:\/\/www.vitbot.com\/fr\",\"logo\":{\"@type\":\"ImageObject\",\"inLanguage\":\"fr-FR\",\"@id\":\"https:\/\/www.vitbot.com\/fr#\/schema\/logo\/image\/\",\"url\":\"https:\/\/www.vitbot.com\/wp-content\/uploads\/2017\/03\/vitbot_logo.png\",\"contentUrl\":\"https:\/\/www.vitbot.com\/wp-content\/uploads\/2017\/03\/vitbot_logo.png\",\"width\":84,\"height\":24,\"caption\":\"Vitbot Europe,S.L. NIF B66180548 Tel\u00e8fon Correu info@vitbot.com Direcci\u00f3 C\/ Almeria 40 F Poblaci\u00f3 Tarrasa Codi postal 08226 Pa\u00eds Espanya\"},\"image\":{\"@id\":\"https:\/\/www.vitbot.com\/fr#\/schema\/logo\/image\/\"},\"sameAs\":[\"https:\/\/www.facebook.com\/vitbotbottle\/\",\"https:\/\/www.instagram.com\/vitbotofficial\/\"]}]}<\/script>\n<!-- \/ Yoast SEO plugin. -->","yoast_head_json":{"title":"Bouteille Egg of Life - Vitbot","robots":{"index":"index","follow":"follow","max-snippet":"max-snippet:-1","max-image-preview":"max-image-preview:large","max-video-preview":"max-video-preview:-1"},"canonical":"https:\/\/www.vitbot.com\/fr\/bouteille-egg-of-life","og_locale":"fr_FR","og_type":"article","og_title":"Bouteille Egg of Life - Vitbot","og_description":"[vc_row fullwidth=\u00a0\u00bbtrue\u00a0\u00bb fullwidth_content=\u00a0\u00bbfalse\u00a0\u00bb equal_columns=\u00a0\u00bbtrue\u00a0\u00bb css=\u00a0\u00bb.vc_custom_1492599368043{padding-top: 35px !important;padding-bottom: 10px !important;background-color: #50bedc !important;}\u00a0\u00bb][vc_column][vc_column_text disable_pattern=\u00a0\u00bbfalse\u00a0\u00bb align=\u00a0\u00bbcenter\u00a0\u00bb el_class=\u00a0\u00bbfont-alternategn2d vitbot-color1 prod-tit\u00a0\u00bb] PRODUITS [\/vc_column_text][\/vc_column][\/vc_row][vc_row][vc_column][vc_empty_space height=\u00a0\u00bb30px\u00a0\u00bb el_class=\u00a0\u00bbprod-space9&Prime;][\/vc_column][\/vc_row][vc_row fullwidth=\u00a0\u00bbtrue\u00a0\u00bb equal_columns=\u00a0\u00bbtrue\u00a0\u00bb][vc_column width=\u00a0\u00bb1\/2&Prime; css=\u00a0\u00bb.vc_custom_1492591143501{background-color: #ffffff !important;background-position: center !important;background-repeat: no-repeat !important;background-size: cover !important;}\u00a0\u00bb][vc_row_inner][vc_column_inner][vc_single_image image=\u00a0\u00bb719&Prime; img_size=\u00a0\u00bbfull\u00a0\u00bb alignment=\u00a0\u00bbcenter\u00a0\u00bb][vc_single_image image=\u00a0\u00bb15276&Prime; img_size=\u00a0\u00bbfull\u00a0\u00bb alignment=\u00a0\u00bbcenter\u00a0\u00bb][\/vc_column_inner][\/vc_row_inner][\/vc_column][vc_column width=\u00a0\u00bb1\/2&Prime; css=\u00a0\u00bb.vc_custom_1492591132776{background-color: #ffffff !important;background-position: center !important;background-repeat: no-repeat !important;background-size: cover !important;}\u00a0\u00bb][vc_row_inner][vc_column_inner][vc_column_text disable_pattern=\u00a0\u00bbfalse\u00a0\u00bb el_class=\u00a0\u00bbfont-alternategn2d vitbot-color1 prod-tit1&Prime;] Bouteille de verre [&hellip;]","og_url":"https:\/\/www.vitbot.com\/fr\/bouteille-egg-of-life","og_site_name":"Vitbot","article_publisher":"https:\/\/www.facebook.com\/vitbotbottle\/","article_modified_time":"2021-01-02T07:07:36+00:00","twitter_card":"summary_large_image","twitter_misc":{"Dur\u00e9e de lecture estim\u00e9e":"3 minutes"},"schema":{"@context":"https:\/\/schema.org","@graph":[{"@type":"WebPage","@id":"https:\/\/www.vitbot.com\/fr\/bouteille-egg-of-life","url":"https:\/\/www.vitbot.com\/fr\/bouteille-egg-of-life","name":"Bouteille Egg of Life - Vitbot","isPartOf":{"@id":"https:\/\/www.vitbot.com\/fr#website"},"datePublished":"2017-05-15T15:01:54+00:00","dateModified":"2021-01-02T07:07:36+00:00","breadcrumb":{"@id":"https:\/\/www.vitbot.com\/fr\/bouteille-egg-of-life#breadcrumb"},"inLanguage":"fr-FR","potentialAction":[{"@type":"ReadAction","target":["https:\/\/www.vitbot.com\/fr\/bouteille-egg-of-life"]}]},{"@type":"BreadcrumbList","@id":"https:\/\/www.vitbot.com\/fr\/bouteille-egg-of-life#breadcrumb","itemListElement":[{"@type":"ListItem","position":1,"name":"Home","item":"https:\/\/www.vitbot.com\/fr"},{"@type":"ListItem","position":2,"name":"Bouteille Egg of Life"}]},{"@type":"WebSite","@id":"https:\/\/www.vitbot.com\/fr#website","url":"https:\/\/www.vitbot.com\/fr","name":"Vitbot","description":"Best Reusable Water Bottles | Vortex Bottle | Vitalizer Bottle","publisher":{"@id":"https:\/\/www.vitbot.com\/fr#organization"},"potentialAction":[{"@type":"SearchAction","target":{"@type":"EntryPoint","urlTemplate":"https:\/\/www.vitbot.com\/fr?s={search_term_string}"},"query-input":"required name=search_term_string"}],"inLanguage":"fr-FR"},{"@type":"Organization","@id":"https:\/\/www.vitbot.com\/fr#organization","name":"Vitbot Europe,S.L. NIF B66180548 Tel\u00e8fon Correu info@vitbot.com Direcci\u00f3 C\/ Almeria 40 F Poblaci\u00f3 Tarrasa Codi postal 08226 Pa\u00eds Espanya","url":"https:\/\/www.vitbot.com\/fr","logo":{"@type":"ImageObject","inLanguage":"fr-FR","@id":"https:\/\/www.vitbot.com\/fr#\/schema\/logo\/image\/","url":"https:\/\/www.vitbot.com\/wp-content\/uploads\/2017\/03\/vitbot_logo.png","contentUrl":"https:\/\/www.vitbot.com\/wp-content\/uploads\/2017\/03\/vitbot_logo.png","width":84,"height":24,"caption":"Vitbot Europe,S.L. NIF B66180548 Tel\u00e8fon Correu info@vitbot.com Direcci\u00f3 C\/ Almeria 40 F Poblaci\u00f3 Tarrasa Codi postal 08226 Pa\u00eds Espanya"},"image":{"@id":"https:\/\/www.vitbot.com\/fr#\/schema\/logo\/image\/"},"sameAs":["https:\/\/www.facebook.com\/vitbotbottle\/","https:\/\/www.instagram.com\/vitbotofficial\/"]}]}},"_links":{"self":[{"href":"https:\/\/www.vitbot.com\/fr\/wp-json\/wp\/v2\/pages\/1458"}],"collection":[{"href":"https:\/\/www.vitbot.com\/fr\/wp-json\/wp\/v2\/pages"}],"about":[{"href":"https:\/\/www.vitbot.com\/fr\/wp-json\/wp\/v2\/types\/page"}],"author":[{"embeddable":true,"href":"https:\/\/www.vitbot.com\/fr\/wp-json\/wp\/v2\/users\/1"}],"replies":[{"embeddable":true,"href":"https:\/\/www.vitbot.com\/fr\/wp-json\/wp\/v2\/comments?post=1458"}],"version-history":[{"count":12,"href":"https:\/\/www.vitbot.com\/fr\/wp-json\/wp\/v2\/pages\/1458\/revisions"}],"predecessor-version":[{"id":18180,"href":"https:\/\/www.vitbot.com\/fr\/wp-json\/wp\/v2\/pages\/1458\/revisions\/18180"}],"wp:attachment":[{"href":"https:\/\/www.vitbot.com\/fr\/wp-json\/wp\/v2\/media?parent=1458"}],"curies":[{"name":"wp","href":"https:\/\/api.w.org\/{rel}","templated":true}]}}