{"id":13991,"date":"2020-09-14T09:51:22","date_gmt":"2020-09-14T07:51:22","guid":{"rendered":"https:\/\/www.vitbot.com\/egg-of-life-pour-vinaigre"},"modified":"2021-01-02T09:19:20","modified_gmt":"2021-01-02T07:19:20","slug":"egg-of-life-pour-vinaigre","status":"publish","type":"page","link":"https:\/\/www.vitbot.com\/fr\/egg-of-life-pour-vinaigre","title":{"rendered":"Egg of Life pour Vinaigre"},"content":{"rendered":"[vc_row][vc_column][vc_empty_space height=\u00a0\u00bb30px\u00a0\u00bb el_class=\u00a0\u00bbprod-space9&Prime;][\/vc_column][\/vc_row][vc_row fullwidth=\u00a0\u00bbtrue\u00a0\u00bb equal_columns=\u00a0\u00bbtrue\u00a0\u00bb][vc_column width=\u00a0\u00bb1\/2&Prime; css=\u00a0\u00bb.vc_custom_1492591143501{background-color: #ffffff !important;background-position: center !important;background-repeat: no-repeat !important;background-size: cover !important;}\u00a0\u00bb][vc_row_inner][vc_column_inner][vc_single_image image=\u00a0\u00bb13850&Prime; img_size=\u00a0\u00bbfull\u00a0\u00bb alignment=\u00a0\u00bbcenter\u00a0\u00bb][\/vc_column_inner][\/vc_row_inner][\/vc_column][vc_column width=\u00a0\u00bb1\/2&Prime; css=\u00a0\u00bb.vc_custom_1492591132776{background-color: #ffffff !important;background-position: center !important;background-repeat: no-repeat !important;background-size: cover !important;}\u00a0\u00bb][vc_row_inner][vc_column_inner][vc_column_text disable_pattern=\u00a0\u00bbfalse\u00a0\u00bb el_class=\u00a0\u00bbfont-alternategn2d vitbot-color1 prod-tit1&Prime; css=\u00a0\u00bb.vc_custom_1599813354828{margin-bottom: 0px !important;}\u00a0\u00bb]\n<h2>Egg of Life pour Vinaigre<\/h2>\n<h3>BOUTEILLE EN VERRE R\u00c9UTILISABLE POUR VINAIGRE (Garantie sans plomb)<\/h3>\n[\/vc_column_text][vc_column_text disable_pattern=\u00a0\u00bbfalse\u00a0\u00bb el_class=\u00a0\u00bbprod-price\u00a0\u00bb css=\u00a0\u00bb.vc_custom_1599813317063{margin-bottom: 0px !important;}\u00a0\u00bb]0&euro;[\/vc_column_text][vc_empty_space height=\u00a0\u00bb50px\u00a0\u00bb el_class=\u00a0\u00bbprod-space1&Prime;][vc_column_text disable_pattern=\u00a0\u00bbfalse\u00a0\u00bb el_class=\u00a0\u00bbfont-din2014-l vitbot-color1 prod-desc\u00a0\u00bb css=\u00a0\u00bb.vc_custom_1609571803610{margin-bottom: 0px !important;}\u00a0\u00bb]Nous voulions donner une autre touche \u00e0 votre table et \u00e0 vos salades, ainsi est n\u00e9e la <strong>Bouteille VITBOT<sup>\u00ae<\/sup> \u00ab\u00a0Egg of Life\u00a0\u00bb Vinaigrier<\/strong>.<\/p>\n<p>La <strong>\u00ab\u00a0Egg of Life\u00a0\u00bb Vinaigrier <\/strong>conserve votre vinaigre et sublime votre table et nous allons vous dire pourquoi&#8230;<\/p>\n<p>La bouteille Vitbot \u00ab\u00a0Egg of Life\u00a0\u00bb Vinaigrier est fabriqu\u00e9e en <strong>Italie<\/strong> en <strong>verre bleu cobalt<\/strong> de qualit\u00e9 alimentaire*. La couleur bleu cobalt est obtenue en four \u00e0 plus de 2 000 degr\u00e9s de temp\u00e9rature.<\/p>\n<p>Le <strong>bec verseur<\/strong> est en <strong>acier inoxidable <\/strong>et<strong> li\u00e8ge<\/strong>. La Vitbot \u00ab\u00a0Egg of Life\u00a0\u00bb Vinaigrier est vendue avec bouchon d\u2019aluminium. \u00a0Le bec verseur est joint dans un sachet de lin attach\u00e9 au col.<\/p>\n<p>Le papier d\u2019\u00e9tiquette de cette \u00ab\u00a0 Egg of Life\u00a0\u00bb Vinaigrier est fabriqu\u00e9 \u00e0 Barcelone \u00e0 partir de <strong>graines bio<\/strong>* et les <strong>colorants\u00a0<\/strong>utilis\u00e9s pour l\u2019impression sont \u00e9galement <strong>certifi\u00e9s bio<\/strong>*.<\/p>\n<p><strong>La bouteille \u00ab Egg of Life \u00bb Vinaigrier est&#8230; <\/strong>**<\/p>\n<p style=\"text-align: center;\"><strong>Biomim\u00e9tique :<\/strong> inspir\u00e9e de la nature, de forme ovo\u00efde \u00e0 la proportion Phi.<\/p>\n<p style=\"text-align: center;\"><strong>Active :<\/strong> apporte des b\u00e9n\u00e9fices quantifiables.<\/p>\n<p style=\"text-align: center;\"><strong>Durable : <\/strong>fabriqu\u00e9e selon les crit\u00e8res de l\u2019\u00e9conomie circulaire.<\/p>\n<p style=\"text-align: center;\"><strong>Protectrice\u00a0: <\/strong>la couleur bleu cobalt prot\u00e8ge le vinaigre des rayons UV du soleil.<\/p>\n<p style=\"text-align: center;\"><strong>R\u00e9utilisable :<\/strong> 555 ml.<\/p>\n<p style=\"text-align: center;\"><strong>Poids :<\/strong> 450 g.<\/p>\n<p>Gr\u00e2ce \u00e0 sa forme ovo\u00efde, sa proportion Phi et le mouvement de rotation complet avec lequel le vinaigre peut se d\u00e9placer en son sein, la bouteille VITBOT<sup>\u00ae<\/sup> permet une dissolution uniforme\u00a0qui prolonge\u00a0 durablement les propri\u00e9t\u00e9s du vinaigre.<\/p>\n<p>* nous disposons de tous les certificats validant l\u2019origine des mat\u00e9riaux que nous utilisons.<\/p>\n<p>** la bouteille peut se laver en machine, le bouchon doit se laver \u00e0 la main.[\/vc_column_text][vc_empty_space height=\u00a0\u00bb50px\u00a0\u00bb el_class=\u00a0\u00bbprod-space2&Prime;][vc_column_text disable_pattern=\u00a0\u00bbfalse\u00a0\u00bb el_class=\u00a0\u00bbprod-add\u00a0\u00bb css=\u00a0\u00bb.vc_custom_1599813307932{margin-bottom: 0px !important;}\u00a0\u00bb]<p class=\"product woocommerce add_to_cart_inline \" style=\"border:4px solid #ccc; padding: 12px;\"><a rel=\"nofollow\" href=\"https:\/\/www.vitbot.com\/fr\/produit\/egg-of-life-vinagrera\" data-quantity=\"1\" data-product_id=\"13871\" data-product_sku=\"\" class=\"product_loop_button product_type_simple  ajax_add_to_cart\" data-product_id=\"13871\" data-product_sku=\"\" aria-label=\"En savoir plus sur &ldquo;Egg of Life pour Vinaigre&rdquo;\" rel=\"nofollow\"><svg  class=\"mk-svg-icon\" data-name=\"mk-moon-search-3\" data-cacheid=\"icon-69f30416af182\" style=\" height:16px; width: 16px; \"  xmlns=\"http:\/\/www.w3.org\/2000\/svg\" viewBox=\"0 0 512 512\"><path d=\"M496.131 435.698l-121.276-103.147c-12.537-11.283-25.945-16.463-36.776-15.963 28.628-33.534 45.921-77.039 45.921-124.588 0-106.039-85.961-192-192-192-106.038 0-192 85.961-192 192s85.961 192 192 192c47.549 0 91.054-17.293 124.588-45.922-.5 10.831 4.68 24.239 15.963 36.776l103.147 121.276c17.661 19.623 46.511 21.277 64.11 3.678s15.946-46.449-3.677-64.11zm-304.131-115.698c-70.692 0-128-57.308-128-128s57.308-128 128-128 128 57.308 128 128-57.307 128-128 128z\"\/><\/svg><span class=\"product_loop_button_text\">Lire la suite<\/a><\/p>[\/vc_column_text][\/vc_column_inner][\/vc_row_inner][\/vc_column][\/vc_row][vc_row][vc_column][vc_single_image image=\u00a0\u00bb15154&Prime; img_size=\u00a0\u00bbfull\u00a0\u00bb alignment=\u00a0\u00bbcenter\u00a0\u00bb][vc_single_image image=\u00a0\u00bb15172&Prime; img_size=\u00a0\u00bbfull\u00a0\u00bb alignment=\u00a0\u00bbcenter\u00a0\u00bb][\/vc_column][\/vc_row]\n","protected":false},"excerpt":{"rendered":"<p>[vc_row][vc_column][vc_empty_space height=\u00a0\u00bb30px\u00a0\u00bb el_class=\u00a0\u00bbprod-space9&Prime;][\/vc_column][\/vc_row][vc_row fullwidth=\u00a0\u00bbtrue\u00a0\u00bb equal_columns=\u00a0\u00bbtrue\u00a0\u00bb][vc_column width=\u00a0\u00bb1\/2&Prime; css=\u00a0\u00bb.vc_custom_1492591143501{background-color: #ffffff !important;background-position: center !important;background-repeat: no-repeat !important;background-size: cover !important;}\u00a0\u00bb][vc_row_inner][vc_column_inner][vc_single_image image=\u00a0\u00bb13850&Prime; img_size=\u00a0\u00bbfull\u00a0\u00bb alignment=\u00a0\u00bbcenter\u00a0\u00bb][\/vc_column_inner][\/vc_row_inner][\/vc_column][vc_column width=\u00a0\u00bb1\/2&Prime; css=\u00a0\u00bb.vc_custom_1492591132776{background-color: #ffffff !important;background-position: center !important;background-repeat: no-repeat !important;background-size: cover !important;}\u00a0\u00bb][vc_row_inner][vc_column_inner][vc_column_text disable_pattern=\u00a0\u00bbfalse\u00a0\u00bb el_class=\u00a0\u00bbfont-alternategn2d vitbot-color1 prod-tit1&Prime; css=\u00a0\u00bb.vc_custom_1599813354828{margin-bottom: 0px !important;}\u00a0\u00bb] Egg of Life pour Vinaigre BOUTEILLE EN VERRE R\u00c9UTILISABLE POUR VINAIGRE (Garantie sans plomb) [\/vc_column_text][vc_column_text disable_pattern=\u00a0\u00bbfalse\u00a0\u00bb el_class=\u00a0\u00bbprod-price\u00a0\u00bb css=\u00a0\u00bb.vc_custom_1599813317063{margin-bottom: 0px !important;}\u00a0\u00bb][\/vc_column_text][vc_empty_space [&hellip;]<\/p>\n","protected":false},"author":1,"featured_media":0,"parent":0,"menu_order":3,"comment_status":"closed","ping_status":"closed","template":"","meta":{"_monsterinsights_skip_tracking":false,"_monsterinsights_sitenote_active":false,"_monsterinsights_sitenote_note":"","_monsterinsights_sitenote_category":0},"yoast_head":"<!-- This site is optimized with the Yoast SEO plugin v20.1 - https:\/\/yoast.com\/wordpress\/plugins\/seo\/ -->\n<title>Botella de vidrio Egg of Life: vitaliza los l\u00edquidos | Vitbot<\/title>\n<meta name=\"description\" content=\"Botella de vidrio reutilizable para agua u otros l\u00edquidos ideal para la oficina o el hogar. Fabricada en EU. Capacidad 500ml.\" \/>\n<meta name=\"robots\" content=\"index, follow, max-snippet:-1, max-image-preview:large, max-video-preview:-1\" \/>\n<link rel=\"canonical\" href=\"https:\/\/www.vitbot.com\/fr\/egg-of-life-pour-vinaigre\" \/>\n<meta property=\"og:locale\" content=\"fr_FR\" \/>\n<meta property=\"og:type\" content=\"article\" \/>\n<meta property=\"og:title\" content=\"Botella de vidrio Egg of Life: vitaliza los l\u00edquidos | Vitbot\" \/>\n<meta property=\"og:description\" content=\"Botella de vidrio reutilizable para agua u otros l\u00edquidos ideal para la oficina o el hogar. Fabricada en EU. Capacidad 500ml.\" \/>\n<meta property=\"og:url\" content=\"https:\/\/www.vitbot.com\/fr\/egg-of-life-pour-vinaigre\" \/>\n<meta property=\"og:site_name\" content=\"Vitbot\" \/>\n<meta property=\"article:publisher\" content=\"https:\/\/www.facebook.com\/vitbotbottle\/\" \/>\n<meta property=\"article:modified_time\" content=\"2021-01-02T07:19:20+00:00\" \/>\n<meta name=\"twitter:card\" content=\"summary_large_image\" \/>\n<meta name=\"twitter:label1\" content=\"Dur\u00e9e de lecture estim\u00e9e\" \/>\n\t<meta name=\"twitter:data1\" content=\"3 minutes\" \/>\n<script type=\"application\/ld+json\" class=\"yoast-schema-graph\">{\"@context\":\"https:\/\/schema.org\",\"@graph\":[{\"@type\":\"WebPage\",\"@id\":\"https:\/\/www.vitbot.com\/fr\/egg-of-life-pour-vinaigre\",\"url\":\"https:\/\/www.vitbot.com\/fr\/egg-of-life-pour-vinaigre\",\"name\":\"Botella de vidrio Egg of Life: vitaliza los l\u00edquidos | Vitbot\",\"isPartOf\":{\"@id\":\"https:\/\/www.vitbot.com\/fr#website\"},\"datePublished\":\"2020-09-14T07:51:22+00:00\",\"dateModified\":\"2021-01-02T07:19:20+00:00\",\"description\":\"Botella de vidrio reutilizable para agua u otros l\u00edquidos ideal para la oficina o el hogar. Fabricada en EU. Capacidad 500ml.\",\"breadcrumb\":{\"@id\":\"https:\/\/www.vitbot.com\/fr\/egg-of-life-pour-vinaigre#breadcrumb\"},\"inLanguage\":\"fr-FR\",\"potentialAction\":[{\"@type\":\"ReadAction\",\"target\":[\"https:\/\/www.vitbot.com\/fr\/egg-of-life-pour-vinaigre\"]}]},{\"@type\":\"BreadcrumbList\",\"@id\":\"https:\/\/www.vitbot.com\/fr\/egg-of-life-pour-vinaigre#breadcrumb\",\"itemListElement\":[{\"@type\":\"ListItem\",\"position\":1,\"name\":\"Home\",\"item\":\"https:\/\/www.vitbot.com\/fr\"},{\"@type\":\"ListItem\",\"position\":2,\"name\":\"Egg of Life pour Vinaigre\"}]},{\"@type\":\"WebSite\",\"@id\":\"https:\/\/www.vitbot.com\/fr#website\",\"url\":\"https:\/\/www.vitbot.com\/fr\",\"name\":\"Vitbot\",\"description\":\"Best Reusable Water Bottles | Vortex Bottle | Vitalizer Bottle\",\"publisher\":{\"@id\":\"https:\/\/www.vitbot.com\/fr#organization\"},\"potentialAction\":[{\"@type\":\"SearchAction\",\"target\":{\"@type\":\"EntryPoint\",\"urlTemplate\":\"https:\/\/www.vitbot.com\/fr?s={search_term_string}\"},\"query-input\":\"required name=search_term_string\"}],\"inLanguage\":\"fr-FR\"},{\"@type\":\"Organization\",\"@id\":\"https:\/\/www.vitbot.com\/fr#organization\",\"name\":\"Vitbot Europe,S.L. NIF B66180548 Tel\u00e8fon Correu info@vitbot.com Direcci\u00f3 C\/ Almeria 40 F Poblaci\u00f3 Tarrasa Codi postal 08226 Pa\u00eds Espanya\",\"url\":\"https:\/\/www.vitbot.com\/fr\",\"logo\":{\"@type\":\"ImageObject\",\"inLanguage\":\"fr-FR\",\"@id\":\"https:\/\/www.vitbot.com\/fr#\/schema\/logo\/image\/\",\"url\":\"https:\/\/www.vitbot.com\/wp-content\/uploads\/2017\/03\/vitbot_logo.png\",\"contentUrl\":\"https:\/\/www.vitbot.com\/wp-content\/uploads\/2017\/03\/vitbot_logo.png\",\"width\":84,\"height\":24,\"caption\":\"Vitbot Europe,S.L. NIF B66180548 Tel\u00e8fon Correu info@vitbot.com Direcci\u00f3 C\/ Almeria 40 F Poblaci\u00f3 Tarrasa Codi postal 08226 Pa\u00eds Espanya\"},\"image\":{\"@id\":\"https:\/\/www.vitbot.com\/fr#\/schema\/logo\/image\/\"},\"sameAs\":[\"https:\/\/www.facebook.com\/vitbotbottle\/\",\"https:\/\/www.instagram.com\/vitbotofficial\/\"]}]}<\/script>\n<!-- \/ Yoast SEO plugin. -->","yoast_head_json":{"title":"Botella de vidrio Egg of Life: vitaliza los l\u00edquidos | Vitbot","description":"Botella de vidrio reutilizable para agua u otros l\u00edquidos ideal para la oficina o el hogar. Fabricada en EU. Capacidad 500ml.","robots":{"index":"index","follow":"follow","max-snippet":"max-snippet:-1","max-image-preview":"max-image-preview:large","max-video-preview":"max-video-preview:-1"},"canonical":"https:\/\/www.vitbot.com\/fr\/egg-of-life-pour-vinaigre","og_locale":"fr_FR","og_type":"article","og_title":"Botella de vidrio Egg of Life: vitaliza los l\u00edquidos | Vitbot","og_description":"Botella de vidrio reutilizable para agua u otros l\u00edquidos ideal para la oficina o el hogar. Fabricada en EU. Capacidad 500ml.","og_url":"https:\/\/www.vitbot.com\/fr\/egg-of-life-pour-vinaigre","og_site_name":"Vitbot","article_publisher":"https:\/\/www.facebook.com\/vitbotbottle\/","article_modified_time":"2021-01-02T07:19:20+00:00","twitter_card":"summary_large_image","twitter_misc":{"Dur\u00e9e de lecture estim\u00e9e":"3 minutes"},"schema":{"@context":"https:\/\/schema.org","@graph":[{"@type":"WebPage","@id":"https:\/\/www.vitbot.com\/fr\/egg-of-life-pour-vinaigre","url":"https:\/\/www.vitbot.com\/fr\/egg-of-life-pour-vinaigre","name":"Botella de vidrio Egg of Life: vitaliza los l\u00edquidos | Vitbot","isPartOf":{"@id":"https:\/\/www.vitbot.com\/fr#website"},"datePublished":"2020-09-14T07:51:22+00:00","dateModified":"2021-01-02T07:19:20+00:00","description":"Botella de vidrio reutilizable para agua u otros l\u00edquidos ideal para la oficina o el hogar. Fabricada en EU. Capacidad 500ml.","breadcrumb":{"@id":"https:\/\/www.vitbot.com\/fr\/egg-of-life-pour-vinaigre#breadcrumb"},"inLanguage":"fr-FR","potentialAction":[{"@type":"ReadAction","target":["https:\/\/www.vitbot.com\/fr\/egg-of-life-pour-vinaigre"]}]},{"@type":"BreadcrumbList","@id":"https:\/\/www.vitbot.com\/fr\/egg-of-life-pour-vinaigre#breadcrumb","itemListElement":[{"@type":"ListItem","position":1,"name":"Home","item":"https:\/\/www.vitbot.com\/fr"},{"@type":"ListItem","position":2,"name":"Egg of Life pour Vinaigre"}]},{"@type":"WebSite","@id":"https:\/\/www.vitbot.com\/fr#website","url":"https:\/\/www.vitbot.com\/fr","name":"Vitbot","description":"Best Reusable Water Bottles | Vortex Bottle | Vitalizer Bottle","publisher":{"@id":"https:\/\/www.vitbot.com\/fr#organization"},"potentialAction":[{"@type":"SearchAction","target":{"@type":"EntryPoint","urlTemplate":"https:\/\/www.vitbot.com\/fr?s={search_term_string}"},"query-input":"required name=search_term_string"}],"inLanguage":"fr-FR"},{"@type":"Organization","@id":"https:\/\/www.vitbot.com\/fr#organization","name":"Vitbot Europe,S.L. NIF B66180548 Tel\u00e8fon Correu info@vitbot.com Direcci\u00f3 C\/ Almeria 40 F Poblaci\u00f3 Tarrasa Codi postal 08226 Pa\u00eds Espanya","url":"https:\/\/www.vitbot.com\/fr","logo":{"@type":"ImageObject","inLanguage":"fr-FR","@id":"https:\/\/www.vitbot.com\/fr#\/schema\/logo\/image\/","url":"https:\/\/www.vitbot.com\/wp-content\/uploads\/2017\/03\/vitbot_logo.png","contentUrl":"https:\/\/www.vitbot.com\/wp-content\/uploads\/2017\/03\/vitbot_logo.png","width":84,"height":24,"caption":"Vitbot Europe,S.L. NIF B66180548 Tel\u00e8fon Correu info@vitbot.com Direcci\u00f3 C\/ Almeria 40 F Poblaci\u00f3 Tarrasa Codi postal 08226 Pa\u00eds Espanya"},"image":{"@id":"https:\/\/www.vitbot.com\/fr#\/schema\/logo\/image\/"},"sameAs":["https:\/\/www.facebook.com\/vitbotbottle\/","https:\/\/www.instagram.com\/vitbotofficial\/"]}]}},"_links":{"self":[{"href":"https:\/\/www.vitbot.com\/fr\/wp-json\/wp\/v2\/pages\/13991"}],"collection":[{"href":"https:\/\/www.vitbot.com\/fr\/wp-json\/wp\/v2\/pages"}],"about":[{"href":"https:\/\/www.vitbot.com\/fr\/wp-json\/wp\/v2\/types\/page"}],"author":[{"embeddable":true,"href":"https:\/\/www.vitbot.com\/fr\/wp-json\/wp\/v2\/users\/1"}],"replies":[{"embeddable":true,"href":"https:\/\/www.vitbot.com\/fr\/wp-json\/wp\/v2\/comments?post=13991"}],"version-history":[{"count":4,"href":"https:\/\/www.vitbot.com\/fr\/wp-json\/wp\/v2\/pages\/13991\/revisions"}],"predecessor-version":[{"id":18183,"href":"https:\/\/www.vitbot.com\/fr\/wp-json\/wp\/v2\/pages\/13991\/revisions\/18183"}],"wp:attachment":[{"href":"https:\/\/www.vitbot.com\/fr\/wp-json\/wp\/v2\/media?parent=13991"}],"curies":[{"name":"wp","href":"https:\/\/api.w.org\/{rel}","templated":true}]}}