{"id":13894,"date":"2020-09-11T13:39:16","date_gmt":"2020-09-11T11:39:16","guid":{"rendered":"https:\/\/www.vitbot.com\/egg-of-life-vegetal"},"modified":"2021-01-02T08:58:03","modified_gmt":"2021-01-02T06:58:03","slug":"egg-of-life-vegetal","status":"publish","type":"page","link":"https:\/\/www.vitbot.com\/fr\/egg-of-life-vegetal","title":{"rendered":"Egg of Life vegetal"},"content":{"rendered":"[vc_row][vc_column][vc_empty_space height=\u00a0\u00bb30px\u00a0\u00bb el_class=\u00a0\u00bbprod-space9&Prime;][\/vc_column][\/vc_row][vc_row fullwidth=\u00a0\u00bbtrue\u00a0\u00bb equal_columns=\u00a0\u00bbtrue\u00a0\u00bb][vc_column width=\u00a0\u00bb1\/2&Prime; css=\u00a0\u00bb.vc_custom_1492591143501{background-color: #ffffff !important;background-position: center !important;background-repeat: no-repeat !important;background-size: cover !important;}\u00a0\u00bb][vc_row_inner][vc_column_inner][vc_single_image image=\u00a0\u00bb13861&Prime; img_size=\u00a0\u00bbfull\u00a0\u00bb alignment=\u00a0\u00bbcenter\u00a0\u00bb][vc_single_image image=\u00a0\u00bb15190&Prime; img_size=\u00a0\u00bbfull\u00a0\u00bb alignment=\u00a0\u00bbcenter\u00a0\u00bb][\/vc_column_inner][\/vc_row_inner][\/vc_column][vc_column width=\u00a0\u00bb1\/2&Prime; css=\u00a0\u00bb.vc_custom_1492591132776{background-color: #ffffff !important;background-position: center !important;background-repeat: no-repeat !important;background-size: cover !important;}\u00a0\u00bb][vc_row_inner][vc_column_inner][vc_column_text disable_pattern=\u00a0\u00bbfalse\u00a0\u00bb el_class=\u00a0\u00bbfont-alternategn2d vitbot-color1 prod-tit1&Prime; css=\u00a0\u00bb.vc_custom_1599812314505{margin-bottom: 0px !important;}\u00a0\u00bb]\n<h2>Egg of Life vegetal<\/h2>\n<h3>BOUTEILLE 100% V\u00c9G\u00c9TALE (CANNE \u00c0 SUCRE) R\u00c9UTILISABLE<\/h3>\n[\/vc_column_text][vc_column_text disable_pattern=\u00a0\u00bbfalse\u00a0\u00bb el_class=\u00a0\u00bbprod-price\u00a0\u00bb css=\u00a0\u00bb.vc_custom_1599812152433{margin-bottom: 0px !important;}\u00a0\u00bb]0&euro;[\/vc_column_text][vc_empty_space height=\u00a0\u00bb50px\u00a0\u00bb el_class=\u00a0\u00bbprod-space1&Prime;][vc_column_text disable_pattern=\u00a0\u00bbfalse\u00a0\u00bb el_class=\u00a0\u00bbfont-din2014-l vitbot-color1 prod-desc\u00a0\u00bb css=\u00a0\u00bb.vc_custom_1609570651892{margin-bottom: 0px !important;}\u00a0\u00bb]Nous avons eu du mal \u00e0 y parvenir mais nous avons enfin r\u00e9ussi \u00e0 mettre au monde une\u00a0<strong>Bouteille VITBOT<sup>\u00ae<\/sup> \u00ab\u00a0Egg of Life\u00a0\u00bb 100% V\u00e9g\u00e9tale<\/strong><\/p>\n<p>Nous sommes tr\u00e8s fiers de notre bouteille<strong> \u00ab\u00a0Egg of Life\u00a0\u00bb V\u00e9g\u00e9tale <\/strong>et nous allons vous dire pourquoi&#8230;<\/p>\n<p>La bouteille Vitbot \u00ab Egg of Life\u00a0\u00bb V\u00e9g\u00e9tale est fabriqu\u00e9e en <strong>France<\/strong> exclusivement \u00e0 partir de r\u00e9sidus de <strong>canne \u00e0 sucre<\/strong>*. Le bouchon de ce mod\u00e8le, fabriqu\u00e9 \u00e0 Barcelone, est <strong>en bois de fr\u00eane avec certificat d\u2019extraction<\/strong> * et prot\u00e9g\u00e9 d\u2019un <strong>vernis naturel<\/strong>*. Le pas de vis int\u00e9rieur est en <strong>PLA d\u2019origine v\u00e9g\u00e9tale<\/strong>*.<\/p>\n<p>Le papier d\u2019\u00e9tiquette de cette \u00ab\u00a0Egg of Life\u00a0\u00bb v\u00e9g\u00e9tale est fabriqu\u00e9 \u00e0 Barcelone \u00e0 partir de\u00a0<strong>graines bio<\/strong>* et les <strong>colorants<\/strong> utilis\u00e9s pour l\u2019impression sont \u00e9galement <strong>certifi\u00e9s bio<\/strong>*.<\/p>\n<p>Le motif g\u00e9om\u00e9trique de \u00ab L\u2019\u0152uf de Vie \u00bb grav\u00e9 sur le flacon rappelle que <strong>l&rsquo;\u00e9nergie \u00e0 l&rsquo;origine de la vie<\/strong> est maintenue notamment gr\u00e2ce \u00e0 trois principes : \u00a0le vortex, mouvement tourbillonnaire, la forme ovo\u00efde et la proportion Phi.<\/p>\n<p><strong>La bouteille \u00ab Egg of Life \u00bb V\u00e9g\u00e9tale est&#8230;<\/strong><\/p>\n<p style=\"text-align: center;\"><strong>Biomim\u00e9tique :<\/strong> inspir\u00e9e de la nature, de forme ovo\u00efde \u00e0 la proportion Phi.<\/p>\n<p style=\"text-align: center;\"><strong>Active :<\/strong> apporte des b\u00e9n\u00e9fices quantifiables.<\/p>\n<p style=\"text-align: center;\"><strong>Durable : <\/strong>fabriqu\u00e9e selon les crit\u00e8res de l\u2019\u00e9conomie circulaire.<\/p>\n<p style=\"text-align: center;\"><strong>V\u00e9g\u00e9tale<\/strong>**<\/p>\n<p style=\"text-align: center;\"><strong>Biod\u00e9gradable<\/strong><\/p>\n<p style=\"text-align: center;\"><strong>Compostable<\/strong><\/p>\n<p style=\"text-align: center;\"><strong>Authentique : <\/strong>Les petites nuances de surface que les bouteilles peuvent pr\u00e9senter<\/p>\n<p style=\"text-align: center;\">sont dues \u00e0 leur nature d&rsquo;origine biologique, ce qui les rend uniques.<\/p>\n<p style=\"text-align: center;\"><strong>L\u00e9g\u00e8re :<\/strong> 70 g.<\/p>\n<p style=\"text-align: center;\"><strong>R\u00e9utilisable :<\/strong> 555 ml.<\/p>\n<p style=\"text-align: center;\"><strong>S\u00fbre :<\/strong> mat\u00e9riau inerte, aucune migration.<\/p>\n<p>Gr\u00e2ce \u00e0 sa forme ovo\u00efde, sa proportion Phi et le mouvement de rotation complet avec lequel l&rsquo;eau peut se d\u00e9placer en son sein, comme dans les rivi\u00e8res et les oc\u00e9ans, la bouteille VITBOT<sup>\u00ae<\/sup> imprime une grande quantit\u00e9 d&rsquo;\u00e9nergie vitale \u00e0 l&rsquo;eau, composant essentiel de toute boisson. Gr\u00e2ce au vortex ainsi g\u00e9n\u00e9r\u00e9, on obtient une dissolution uniforme des \u00e9lectrolytes, min\u00e9raux, vitamines, etc. qu\u2019on trouve dans les boissons et par cons\u00e9quent une assimilation plus efficace par le corps humain des propri\u00e9t\u00e9s de l&rsquo;eau, des jus, des boissons ferment\u00e9es, etc.<\/p>\n<p>* nous disposons de tous les certificats validant l\u2019origine des mat\u00e9riaux que nous utilisons.<\/p>\n<p>** ne pas laver ou remplir avec des liquides \u00e0 plus de 35\u00ba Celsius. La bouteille \u00e9tant enti\u00e8rement organique, pour une meilleur hygi\u00e8ne, nous recommandons de laver son embouchure \u00e0 l\u2019eau froide et au savon tous les deux jours environ. Laver la bouteille \u00e0 la main et le bouchon de bois au chiffon sec.[\/vc_column_text][vc_empty_space height=\u00a0\u00bb50px\u00a0\u00bb el_class=\u00a0\u00bbprod-space2&Prime;][vc_column_text disable_pattern=\u00a0\u00bbfalse\u00a0\u00bb el_class=\u00a0\u00bbprod-add\u00a0\u00bb css=\u00a0\u00bb.vc_custom_1599812164728{margin-bottom: 0px !important;}\u00a0\u00bb]<p class=\"product woocommerce add_to_cart_inline \" style=\"border:4px solid #ccc; padding: 12px;\"><a rel=\"nofollow\" href=\"https:\/\/www.vitbot.com\/fr\/produit\/egg-of-life-vegetal\" data-quantity=\"1\" data-product_id=\"13886\" data-product_sku=\"\" class=\"product_loop_button product_type_simple  ajax_add_to_cart\" data-product_id=\"13886\" data-product_sku=\"\" aria-label=\"En savoir plus sur &ldquo;Egg of Life vegetal&rdquo;\" rel=\"nofollow\"><svg  class=\"mk-svg-icon\" data-name=\"mk-moon-search-3\" data-cacheid=\"icon-69f5dccc14506\" style=\" height:16px; width: 16px; \"  xmlns=\"http:\/\/www.w3.org\/2000\/svg\" viewBox=\"0 0 512 512\"><path d=\"M496.131 435.698l-121.276-103.147c-12.537-11.283-25.945-16.463-36.776-15.963 28.628-33.534 45.921-77.039 45.921-124.588 0-106.039-85.961-192-192-192-106.038 0-192 85.961-192 192s85.961 192 192 192c47.549 0 91.054-17.293 124.588-45.922-.5 10.831 4.68 24.239 15.963 36.776l103.147 121.276c17.661 19.623 46.511 21.277 64.11 3.678s15.946-46.449-3.677-64.11zm-304.131-115.698c-70.692 0-128-57.308-128-128s57.308-128 128-128 128 57.308 128 128-57.307 128-128 128z\"\/><\/svg><span class=\"product_loop_button_text\">Lire la suite<\/a><\/p>[\/vc_column_text][\/vc_column_inner][\/vc_row_inner][\/vc_column][\/vc_row][vc_row][vc_column width=\u00a0\u00bb1\/2&Prime;][vc_single_image image=\u00a0\u00bb15136&Prime; img_size=\u00a0\u00bbfull\u00a0\u00bb alignment=\u00a0\u00bbcenter\u00a0\u00bb][vc_single_image image=\u00a0\u00bb15178&Prime; img_size=\u00a0\u00bbfull\u00a0\u00bb alignment=\u00a0\u00bbcenter\u00a0\u00bb][\/vc_column][vc_column width=\u00a0\u00bb1\/2&Prime;][vc_single_image image=\u00a0\u00bb15184&Prime; img_size=\u00a0\u00bbfull\u00a0\u00bb alignment=\u00a0\u00bbcenter\u00a0\u00bb][vc_single_image image=\u00a0\u00bb15130&Prime; img_size=\u00a0\u00bbfull\u00a0\u00bb alignment=\u00a0\u00bbcenter\u00a0\u00bb][\/vc_column][\/vc_row]\n","protected":false},"excerpt":{"rendered":"<p>[vc_row][vc_column][vc_empty_space height=\u00a0\u00bb30px\u00a0\u00bb el_class=\u00a0\u00bbprod-space9&Prime;][\/vc_column][\/vc_row][vc_row fullwidth=\u00a0\u00bbtrue\u00a0\u00bb equal_columns=\u00a0\u00bbtrue\u00a0\u00bb][vc_column width=\u00a0\u00bb1\/2&Prime; css=\u00a0\u00bb.vc_custom_1492591143501{background-color: #ffffff !important;background-position: center !important;background-repeat: no-repeat !important;background-size: cover !important;}\u00a0\u00bb][vc_row_inner][vc_column_inner][vc_single_image image=\u00a0\u00bb13861&Prime; img_size=\u00a0\u00bbfull\u00a0\u00bb alignment=\u00a0\u00bbcenter\u00a0\u00bb][vc_single_image image=\u00a0\u00bb15190&Prime; img_size=\u00a0\u00bbfull\u00a0\u00bb alignment=\u00a0\u00bbcenter\u00a0\u00bb][\/vc_column_inner][\/vc_row_inner][\/vc_column][vc_column width=\u00a0\u00bb1\/2&Prime; css=\u00a0\u00bb.vc_custom_1492591132776{background-color: #ffffff !important;background-position: center !important;background-repeat: no-repeat !important;background-size: cover !important;}\u00a0\u00bb][vc_row_inner][vc_column_inner][vc_column_text disable_pattern=\u00a0\u00bbfalse\u00a0\u00bb el_class=\u00a0\u00bbfont-alternategn2d vitbot-color1 prod-tit1&Prime; css=\u00a0\u00bb.vc_custom_1599812314505{margin-bottom: 0px !important;}\u00a0\u00bb] Egg of Life vegetal BOUTEILLE 100% V\u00c9G\u00c9TALE (CANNE \u00c0 SUCRE) R\u00c9UTILISABLE [\/vc_column_text][vc_column_text disable_pattern=\u00a0\u00bbfalse\u00a0\u00bb el_class=\u00a0\u00bbprod-price\u00a0\u00bb css=\u00a0\u00bb.vc_custom_1599812152433{margin-bottom: 0px !important;}\u00a0\u00bb][\/vc_column_text][vc_empty_space [&hellip;]<\/p>\n","protected":false},"author":1,"featured_media":0,"parent":0,"menu_order":3,"comment_status":"closed","ping_status":"closed","template":"","meta":{"_monsterinsights_skip_tracking":false,"_monsterinsights_sitenote_active":false,"_monsterinsights_sitenote_note":"","_monsterinsights_sitenote_category":0},"yoast_head":"<!-- This site is optimized with the Yoast SEO plugin v20.1 - https:\/\/yoast.com\/wordpress\/plugins\/seo\/ -->\n<title>Botella de vidrio Egg of Life: vitaliza los l\u00edquidos | Vitbot<\/title>\n<meta name=\"description\" content=\"Botella de vidrio reutilizable para agua u otros l\u00edquidos ideal para la oficina o el hogar. Fabricada en EU. Capacidad 500ml.\" \/>\n<meta name=\"robots\" content=\"index, follow, max-snippet:-1, max-image-preview:large, max-video-preview:-1\" \/>\n<link rel=\"canonical\" href=\"https:\/\/www.vitbot.com\/fr\/egg-of-life-vegetal\" \/>\n<meta property=\"og:locale\" content=\"fr_FR\" \/>\n<meta property=\"og:type\" content=\"article\" \/>\n<meta property=\"og:title\" content=\"Botella de vidrio Egg of Life: vitaliza los l\u00edquidos | Vitbot\" \/>\n<meta property=\"og:description\" content=\"Botella de vidrio reutilizable para agua u otros l\u00edquidos ideal para la oficina o el hogar. Fabricada en EU. Capacidad 500ml.\" \/>\n<meta property=\"og:url\" content=\"https:\/\/www.vitbot.com\/fr\/egg-of-life-vegetal\" \/>\n<meta property=\"og:site_name\" content=\"Vitbot\" \/>\n<meta property=\"article:publisher\" content=\"https:\/\/www.facebook.com\/vitbotbottle\/\" \/>\n<meta property=\"article:modified_time\" content=\"2021-01-02T06:58:03+00:00\" \/>\n<meta name=\"twitter:card\" content=\"summary_large_image\" \/>\n<meta name=\"twitter:label1\" content=\"Dur\u00e9e de lecture estim\u00e9e\" \/>\n\t<meta name=\"twitter:data1\" content=\"4 minutes\" \/>\n<script type=\"application\/ld+json\" class=\"yoast-schema-graph\">{\"@context\":\"https:\/\/schema.org\",\"@graph\":[{\"@type\":\"WebPage\",\"@id\":\"https:\/\/www.vitbot.com\/fr\/egg-of-life-vegetal\",\"url\":\"https:\/\/www.vitbot.com\/fr\/egg-of-life-vegetal\",\"name\":\"Botella de vidrio Egg of Life: vitaliza los l\u00edquidos | Vitbot\",\"isPartOf\":{\"@id\":\"https:\/\/www.vitbot.com\/fr#website\"},\"datePublished\":\"2020-09-11T11:39:16+00:00\",\"dateModified\":\"2021-01-02T06:58:03+00:00\",\"description\":\"Botella de vidrio reutilizable para agua u otros l\u00edquidos ideal para la oficina o el hogar. Fabricada en EU. Capacidad 500ml.\",\"breadcrumb\":{\"@id\":\"https:\/\/www.vitbot.com\/fr\/egg-of-life-vegetal#breadcrumb\"},\"inLanguage\":\"fr-FR\",\"potentialAction\":[{\"@type\":\"ReadAction\",\"target\":[\"https:\/\/www.vitbot.com\/fr\/egg-of-life-vegetal\"]}]},{\"@type\":\"BreadcrumbList\",\"@id\":\"https:\/\/www.vitbot.com\/fr\/egg-of-life-vegetal#breadcrumb\",\"itemListElement\":[{\"@type\":\"ListItem\",\"position\":1,\"name\":\"Home\",\"item\":\"https:\/\/www.vitbot.com\/fr\"},{\"@type\":\"ListItem\",\"position\":2,\"name\":\"Egg of Life vegetal\"}]},{\"@type\":\"WebSite\",\"@id\":\"https:\/\/www.vitbot.com\/fr#website\",\"url\":\"https:\/\/www.vitbot.com\/fr\",\"name\":\"Vitbot\",\"description\":\"Best Reusable Water Bottles | Vortex Bottle | Vitalizer Bottle\",\"publisher\":{\"@id\":\"https:\/\/www.vitbot.com\/fr#organization\"},\"potentialAction\":[{\"@type\":\"SearchAction\",\"target\":{\"@type\":\"EntryPoint\",\"urlTemplate\":\"https:\/\/www.vitbot.com\/fr?s={search_term_string}\"},\"query-input\":\"required name=search_term_string\"}],\"inLanguage\":\"fr-FR\"},{\"@type\":\"Organization\",\"@id\":\"https:\/\/www.vitbot.com\/fr#organization\",\"name\":\"Vitbot Europe,S.L. NIF B66180548 Tel\u00e8fon Correu info@vitbot.com Direcci\u00f3 C\/ Almeria 40 F Poblaci\u00f3 Tarrasa Codi postal 08226 Pa\u00eds Espanya\",\"url\":\"https:\/\/www.vitbot.com\/fr\",\"logo\":{\"@type\":\"ImageObject\",\"inLanguage\":\"fr-FR\",\"@id\":\"https:\/\/www.vitbot.com\/fr#\/schema\/logo\/image\/\",\"url\":\"https:\/\/www.vitbot.com\/wp-content\/uploads\/2017\/03\/vitbot_logo.png\",\"contentUrl\":\"https:\/\/www.vitbot.com\/wp-content\/uploads\/2017\/03\/vitbot_logo.png\",\"width\":84,\"height\":24,\"caption\":\"Vitbot Europe,S.L. NIF B66180548 Tel\u00e8fon Correu info@vitbot.com Direcci\u00f3 C\/ Almeria 40 F Poblaci\u00f3 Tarrasa Codi postal 08226 Pa\u00eds Espanya\"},\"image\":{\"@id\":\"https:\/\/www.vitbot.com\/fr#\/schema\/logo\/image\/\"},\"sameAs\":[\"https:\/\/www.facebook.com\/vitbotbottle\/\",\"https:\/\/www.instagram.com\/vitbotofficial\/\"]}]}<\/script>\n<!-- \/ Yoast SEO plugin. -->","yoast_head_json":{"title":"Botella de vidrio Egg of Life: vitaliza los l\u00edquidos | Vitbot","description":"Botella de vidrio reutilizable para agua u otros l\u00edquidos ideal para la oficina o el hogar. Fabricada en EU. Capacidad 500ml.","robots":{"index":"index","follow":"follow","max-snippet":"max-snippet:-1","max-image-preview":"max-image-preview:large","max-video-preview":"max-video-preview:-1"},"canonical":"https:\/\/www.vitbot.com\/fr\/egg-of-life-vegetal","og_locale":"fr_FR","og_type":"article","og_title":"Botella de vidrio Egg of Life: vitaliza los l\u00edquidos | Vitbot","og_description":"Botella de vidrio reutilizable para agua u otros l\u00edquidos ideal para la oficina o el hogar. Fabricada en EU. Capacidad 500ml.","og_url":"https:\/\/www.vitbot.com\/fr\/egg-of-life-vegetal","og_site_name":"Vitbot","article_publisher":"https:\/\/www.facebook.com\/vitbotbottle\/","article_modified_time":"2021-01-02T06:58:03+00:00","twitter_card":"summary_large_image","twitter_misc":{"Dur\u00e9e de lecture estim\u00e9e":"4 minutes"},"schema":{"@context":"https:\/\/schema.org","@graph":[{"@type":"WebPage","@id":"https:\/\/www.vitbot.com\/fr\/egg-of-life-vegetal","url":"https:\/\/www.vitbot.com\/fr\/egg-of-life-vegetal","name":"Botella de vidrio Egg of Life: vitaliza los l\u00edquidos | Vitbot","isPartOf":{"@id":"https:\/\/www.vitbot.com\/fr#website"},"datePublished":"2020-09-11T11:39:16+00:00","dateModified":"2021-01-02T06:58:03+00:00","description":"Botella de vidrio reutilizable para agua u otros l\u00edquidos ideal para la oficina o el hogar. Fabricada en EU. Capacidad 500ml.","breadcrumb":{"@id":"https:\/\/www.vitbot.com\/fr\/egg-of-life-vegetal#breadcrumb"},"inLanguage":"fr-FR","potentialAction":[{"@type":"ReadAction","target":["https:\/\/www.vitbot.com\/fr\/egg-of-life-vegetal"]}]},{"@type":"BreadcrumbList","@id":"https:\/\/www.vitbot.com\/fr\/egg-of-life-vegetal#breadcrumb","itemListElement":[{"@type":"ListItem","position":1,"name":"Home","item":"https:\/\/www.vitbot.com\/fr"},{"@type":"ListItem","position":2,"name":"Egg of Life vegetal"}]},{"@type":"WebSite","@id":"https:\/\/www.vitbot.com\/fr#website","url":"https:\/\/www.vitbot.com\/fr","name":"Vitbot","description":"Best Reusable Water Bottles | Vortex Bottle | Vitalizer Bottle","publisher":{"@id":"https:\/\/www.vitbot.com\/fr#organization"},"potentialAction":[{"@type":"SearchAction","target":{"@type":"EntryPoint","urlTemplate":"https:\/\/www.vitbot.com\/fr?s={search_term_string}"},"query-input":"required name=search_term_string"}],"inLanguage":"fr-FR"},{"@type":"Organization","@id":"https:\/\/www.vitbot.com\/fr#organization","name":"Vitbot Europe,S.L. NIF B66180548 Tel\u00e8fon Correu info@vitbot.com Direcci\u00f3 C\/ Almeria 40 F Poblaci\u00f3 Tarrasa Codi postal 08226 Pa\u00eds Espanya","url":"https:\/\/www.vitbot.com\/fr","logo":{"@type":"ImageObject","inLanguage":"fr-FR","@id":"https:\/\/www.vitbot.com\/fr#\/schema\/logo\/image\/","url":"https:\/\/www.vitbot.com\/wp-content\/uploads\/2017\/03\/vitbot_logo.png","contentUrl":"https:\/\/www.vitbot.com\/wp-content\/uploads\/2017\/03\/vitbot_logo.png","width":84,"height":24,"caption":"Vitbot Europe,S.L. NIF B66180548 Tel\u00e8fon Correu info@vitbot.com Direcci\u00f3 C\/ Almeria 40 F Poblaci\u00f3 Tarrasa Codi postal 08226 Pa\u00eds Espanya"},"image":{"@id":"https:\/\/www.vitbot.com\/fr#\/schema\/logo\/image\/"},"sameAs":["https:\/\/www.facebook.com\/vitbotbottle\/","https:\/\/www.instagram.com\/vitbotofficial\/"]}]}},"_links":{"self":[{"href":"https:\/\/www.vitbot.com\/fr\/wp-json\/wp\/v2\/pages\/13894"}],"collection":[{"href":"https:\/\/www.vitbot.com\/fr\/wp-json\/wp\/v2\/pages"}],"about":[{"href":"https:\/\/www.vitbot.com\/fr\/wp-json\/wp\/v2\/types\/page"}],"author":[{"embeddable":true,"href":"https:\/\/www.vitbot.com\/fr\/wp-json\/wp\/v2\/users\/1"}],"replies":[{"embeddable":true,"href":"https:\/\/www.vitbot.com\/fr\/wp-json\/wp\/v2\/comments?post=13894"}],"version-history":[{"count":7,"href":"https:\/\/www.vitbot.com\/fr\/wp-json\/wp\/v2\/pages\/13894\/revisions"}],"predecessor-version":[{"id":18175,"href":"https:\/\/www.vitbot.com\/fr\/wp-json\/wp\/v2\/pages\/13894\/revisions\/18175"}],"wp:attachment":[{"href":"https:\/\/www.vitbot.com\/fr\/wp-json\/wp\/v2\/media?parent=13894"}],"curies":[{"name":"wp","href":"https:\/\/api.w.org\/{rel}","templated":true}]}}