{"id":1059,"date":"2017-05-02T20:55:05","date_gmt":"2017-05-02T18:55:05","guid":{"rendered":"https:\/\/www.vitbot.com\/geometrie-de-la-vie"},"modified":"2017-06-01T12:33:25","modified_gmt":"2017-06-01T10:33:25","slug":"geometrie-de-la-vie","status":"publish","type":"page","link":"https:\/\/www.vitbot.com\/fr\/geometrie-de-la-vie","title":{"rendered":"G\u00e9om\u00e9trie de la vie"},"content":{"rendered":"[vc_row fullwidth=\u00a0\u00bbtrue\u00a0\u00bb][vc_column][mk_revslider id=\u00a0\u00bbgeometriadelavida\u00a0\u00bb][\/vc_column][\/vc_row][vc_row fullwidth=\u00a0\u00bbtrue\u00a0\u00bb equal_columns=\u00a0\u00bbtrue\u00a0\u00bb attached=\u00a0\u00bbtrue\u00a0\u00bb][vc_column width=\u00a0\u00bb1\/2&Prime; css=\u00a0\u00bb.vc_custom_1493282605281{padding-top: 60px !important;padding-right: 60px !important;padding-bottom: 60px !important;padding-left: 60px !important;background-color: #7cc5c9 !important;}\u00a0\u00bb el_class=\u00a0\u00bbhometextcolumn\u00a0\u00bb][vc_column_text disable_pattern=\u00a0\u00bbfalse\u00a0\u00bb el_class=\u00a0\u00bbfont-alternategn2d geometria-tit1&Prime;]\n<h1>BIOMIM\u00c9TISME<\/h1>\n[\/vc_column_text][vc_empty_space height=\u00a0\u00bb40px\u00a0\u00bb][vc_column_text disable_pattern=\u00a0\u00bbfalse\u00a0\u00bb align=\u00a0\u00bbright\u00a0\u00bb el_class=\u00a0\u00bbgeometria-text1&Prime;]\u00abLe Biomim\u00e9tisme, c\u2019est la science qui \u00e9tudie la Nature comme source d\u2019inspiration pour r\u00e9soudre certaines probl\u00e9matiques humaines que la Nature a d\u00e9j\u00e0 r\u00e9solu\u00bb.<br \/>\nAndrea Rinaldi[\/vc_column_text][vc_empty_space height=\u00a0\u00bb60px\u00a0\u00bb][vc_column_text disable_pattern=\u00a0\u00bbfalse\u00a0\u00bb el_class=\u00a0\u00bbgeometria-text1&Prime;]L\u2019id\u00e9e de Vitbot est n\u00e9e de l\u2019observation de la Nature : les bouteilles Vitbot ont une forme ovale de proportion Phi afin que les boissons continuent \u00e0 se mouvoir en vortex \u00e0 l\u2019int\u00e9rieur d\u2019elles.[\/vc_column_text][vc_empty_space height=\u00a0\u00bb149px\u00a0\u00bb el_class=\u00a0\u00bbgeometria-space1&Prime;][vc_btn title=\u00a0\u00bbafficher plus\u00a0\u00bb color=\u00a0\u00bbwhite\u00a0\u00bb el_class=\u00a0\u00bbbtn-home font-alternategn2d bg-color3&Prime; link=\u00a0\u00bburl:https%3A%2F%2Fwww.vitbot.com%2Ffr%2Fbiomimetisme|||\u00a0\u00bb][\/vc_column][vc_column width=\u00a0\u00bb1\/2&Prime; css=\u00a0\u00bb.vc_custom_1493282614486{padding-top: 60px !important;padding-right: 60px !important;padding-bottom: 60px !important;padding-left: 60px !important;background-color: #1e0064 !important;}\u00a0\u00bb el_class=\u00a0\u00bbhometextcolumn\u00a0\u00bb][vc_column_text disable_pattern=\u00a0\u00bbfalse\u00a0\u00bb el_class=\u00a0\u00bbfont-alternategn2d geometria-tit2&Prime;]\n<h1>LA FORME OVO\u00cfDE<\/h1>\n[\/vc_column_text][vc_empty_space height=\u00a0\u00bb40px\u00a0\u00bb][vc_column_text disable_pattern=\u00a0\u00bbfalse\u00a0\u00bb align=\u00a0\u00bbright\u00a0\u00bb el_class=\u00a0\u00bbgeometria-text1&Prime;]\u00abL\u2019\u0153uf est la seule forme ferm\u00e9e qui g\u00e9n\u00e8re<br \/>\nspontan\u00e9ment un mouvement en vortex\u00bb.<br \/>\nViktor Schauberger[\/vc_column_text][vc_empty_space height=\u00a0\u00bb60px\u00a0\u00bb][vc_column_text disable_pattern=\u00a0\u00bbfalse\u00a0\u00bb el_class=\u00a0\u00bbgeometria-text2&Prime;]En observant la nature, nous avons constat\u00e9 que la plupart des fruits et des graines sont de forme ovo\u00efde. Cette forme ovo\u00efde est le contenant naturel de la vie. Les bouteilles Vitbot peuvent avoir diff\u00e9rentes tailles, le goulot et les finitions peuvent en \u00eatre compl\u00e8tement diff\u00e9rents, mais elles conservent toujours leur forme ovo\u00efde.[\/vc_column_text][vc_empty_space height=\u00a0\u00bb125px\u00a0\u00bb el_class=\u00a0\u00bbgeometria-space2&Prime;][vc_btn title=\u00a0\u00bbafficher plus\u00a0\u00bb color=\u00a0\u00bbwhite\u00a0\u00bb el_class=\u00a0\u00bbbtn-home font-alternategn2d bg-color3&Prime; link=\u00a0\u00bburl:https%3A%2F%2Fwww.vitbot.com%2Ffr%2Fforme-ovoide|||\u00a0\u00bb][\/vc_column][\/vc_row][vc_row fullwidth=\u00a0\u00bbtrue\u00a0\u00bb equal_columns=\u00a0\u00bbtrue\u00a0\u00bb attached=\u00a0\u00bbtrue\u00a0\u00bb][vc_column width=\u00a0\u00bb1\/2&Prime; css=\u00a0\u00bb.vc_custom_1493282631822{padding-top: 60px !important;padding-right: 60px !important;padding-bottom: 60px !important;padding-left: 60px !important;background-color: #ffb48c !important;}\u00a0\u00bb el_class=\u00a0\u00bbhometextcolumn\u00a0\u00bb][vc_column_text disable_pattern=\u00a0\u00bbfalse\u00a0\u00bb el_class=\u00a0\u00bbfont-alternategn2d geometria-tit3&Prime;]\n<h1>LE VORTEX<\/h1>\n[\/vc_column_text][vc_empty_space height=\u00a0\u00bb40px\u00a0\u00bb][vc_column_text disable_pattern=\u00a0\u00bbfalse\u00a0\u00bb el_class=\u00a0\u00bbgeometria-text3&Prime;]En 2011, la sonde de la NASA Gravity Probe B (GP-B) a permis de confirmer que notre plan\u00e8te se trouve au sein d\u2019un vortex d\u2019espace-temps, confirmant ainsi la th\u00e9orie formul\u00e9e en 1916 par Albert Einstein. Des atomes aux galaxies, la nature utilise le mouvement du vortex pour obtenir le meilleur rendement \u00e9nerg\u00e9tique. L\u2019ADN, le sang pomp\u00e9 par le c\u0153ur, l\u2019eau des oc\u00e9ans et des rivi\u00e8res, les ouragans, les tornades, notre galaxie et la Voie Lact\u00e9e : toutes ces manifestations de la vie illustrent l\u2019usage du vortex.[\/vc_column_text][vc_empty_space height=\u00a0\u00bb205px\u00a0\u00bb el_class=\u00a0\u00bbgeometria-space3&Prime;][vc_btn title=\u00a0\u00bbafficher plus\u00a0\u00bb color=\u00a0\u00bbwhite\u00a0\u00bb el_class=\u00a0\u00bbbtn-home font-alternategn2d bg-color3&Prime; link=\u00a0\u00bburl:https%3A%2F%2Fwww.vitbot.com%2Ffr%2Fvortex|||\u00a0\u00bb][\/vc_column][vc_column width=\u00a0\u00bb1\/2&Prime; css=\u00a0\u00bb.vc_custom_1493282645763{padding-top: 60px !important;padding-right: 60px !important;padding-bottom: 60px !important;padding-left: 60px !important;background-color: #b8d36e !important;}\u00a0\u00bb el_class=\u00a0\u00bbhometextcolumn\u00a0\u00bb][vc_column_text disable_pattern=\u00a0\u00bbfalse\u00a0\u00bb el_class=\u00a0\u00bbfont-alternategn2d geometria-tit4&Prime;]\n<h1>LA PROPORTION PHI<\/h1>\n[\/vc_column_text][vc_empty_space height=\u00a0\u00bb40px\u00a0\u00bb][vc_column_text disable_pattern=\u00a0\u00bbfalse\u00a0\u00bb el_class=\u00a0\u00bbgeometria-text4&Prime;]La proportion Phi est \u00e0 la base d\u2019un mod\u00e8le d\u2019organisation utilis\u00e9 par la nature. A titre d\u2019exemple, on retrouve ce mod\u00e8le dans la croissance des branches d\u2019arbres, les graines de tournesol, les feuilles des plantes\u2026 Gr\u00e2ce \u00e0 ce mod\u00e8le, branches, feuilles et graines ne se g\u00eanent pas les unes les autres et re\u00e7oivent la m\u00eame quantit\u00e9 d\u2019exposition solaire ou de pluie. Pour ne citer que quelques exemples, la proportion Phi est \u00e9galement pr\u00e9sente dans la structure de l\u2019ADN, dans les os des doigts, dans le rapport de proportion entre les os du bras, de l\u2019avant-bras et de la main, dans l\u2019oreille interne et externe.[\/vc_column_text][vc_empty_space height=\u00a0\u00bb205px\u00a0\u00bb el_class=\u00a0\u00bbgeometria-space4&Prime;][vc_btn title=\u00a0\u00bbafficher plus\u00a0\u00bb color=\u00a0\u00bbwhite\u00a0\u00bb el_class=\u00a0\u00bbbtn-home font-alternategn2d bg-color3&Prime; link=\u00a0\u00bburl:https%3A%2F%2Fwww.vitbot.com%2Ffr%2Fproportion-phi|||\u00a0\u00bb][\/vc_column][\/vc_row]\n","protected":false},"excerpt":{"rendered":"<p>[vc_row fullwidth=\u00a0\u00bbtrue\u00a0\u00bb][vc_column][mk_revslider id=\u00a0\u00bbgeometriadelavida\u00a0\u00bb][\/vc_column][\/vc_row][vc_row fullwidth=\u00a0\u00bbtrue\u00a0\u00bb equal_columns=\u00a0\u00bbtrue\u00a0\u00bb attached=\u00a0\u00bbtrue\u00a0\u00bb][vc_column width=\u00a0\u00bb1\/2&Prime; css=\u00a0\u00bb.vc_custom_1493282605281{padding-top: 60px !important;padding-right: 60px !important;padding-bottom: 60px !important;padding-left: 60px !important;background-color: #7cc5c9 !important;}\u00a0\u00bb el_class=\u00a0\u00bbhometextcolumn\u00a0\u00bb][vc_column_text disable_pattern=\u00a0\u00bbfalse\u00a0\u00bb el_class=\u00a0\u00bbfont-alternategn2d geometria-tit1&Prime;] BIOMIM\u00c9TISME [\/vc_column_text][vc_empty_space height=\u00a0\u00bb40px\u00a0\u00bb][vc_column_text disable_pattern=\u00a0\u00bbfalse\u00a0\u00bb align=\u00a0\u00bbright\u00a0\u00bb el_class=\u00a0\u00bbgeometria-text1&Prime;]\u00abLe Biomim\u00e9tisme, c\u2019est la science qui \u00e9tudie la Nature comme source d\u2019inspiration pour r\u00e9soudre certaines probl\u00e9matiques humaines que la Nature a d\u00e9j\u00e0 r\u00e9solu\u00bb. Andrea Rinaldi[\/vc_column_text][vc_empty_space height=\u00a0\u00bb60px\u00a0\u00bb][vc_column_text disable_pattern=\u00a0\u00bbfalse\u00a0\u00bb el_class=\u00a0\u00bbgeometria-text1&Prime;]L\u2019id\u00e9e [&hellip;]<\/p>\n","protected":false},"author":1,"featured_media":0,"parent":0,"menu_order":4,"comment_status":"closed","ping_status":"closed","template":"","meta":{"_monsterinsights_skip_tracking":false,"_monsterinsights_sitenote_active":false,"_monsterinsights_sitenote_note":"","_monsterinsights_sitenote_category":0},"yoast_head":"<!-- This site is optimized with the Yoast SEO plugin v20.1 - https:\/\/yoast.com\/wordpress\/plugins\/seo\/ -->\n<title>G\u00e9om\u00e9trie de la vie - Vitbot<\/title>\n<meta name=\"robots\" content=\"index, follow, max-snippet:-1, max-image-preview:large, max-video-preview:-1\" \/>\n<link rel=\"canonical\" href=\"https:\/\/www.vitbot.com\/fr\/geometrie-de-la-vie\" \/>\n<meta property=\"og:locale\" content=\"fr_FR\" \/>\n<meta property=\"og:type\" content=\"article\" \/>\n<meta property=\"og:title\" content=\"G\u00e9om\u00e9trie de la vie - Vitbot\" \/>\n<meta property=\"og:description\" content=\"[vc_row fullwidth=\u00a0\u00bbtrue\u00a0\u00bb][vc_column][mk_revslider id=\u00a0\u00bbgeometriadelavida\u00a0\u00bb][\/vc_column][\/vc_row][vc_row fullwidth=\u00a0\u00bbtrue\u00a0\u00bb equal_columns=\u00a0\u00bbtrue\u00a0\u00bb attached=\u00a0\u00bbtrue\u00a0\u00bb][vc_column width=\u00a0\u00bb1\/2&Prime; css=\u00a0\u00bb.vc_custom_1493282605281{padding-top: 60px !important;padding-right: 60px !important;padding-bottom: 60px !important;padding-left: 60px !important;background-color: #7cc5c9 !important;}\u00a0\u00bb el_class=\u00a0\u00bbhometextcolumn\u00a0\u00bb][vc_column_text disable_pattern=\u00a0\u00bbfalse\u00a0\u00bb el_class=\u00a0\u00bbfont-alternategn2d geometria-tit1&Prime;] BIOMIM\u00c9TISME [\/vc_column_text][vc_empty_space height=\u00a0\u00bb40px\u00a0\u00bb][vc_column_text disable_pattern=\u00a0\u00bbfalse\u00a0\u00bb align=\u00a0\u00bbright\u00a0\u00bb el_class=\u00a0\u00bbgeometria-text1&Prime;]\u00abLe Biomim\u00e9tisme, c\u2019est la science qui \u00e9tudie la Nature comme source d\u2019inspiration pour r\u00e9soudre certaines probl\u00e9matiques humaines que la Nature a d\u00e9j\u00e0 r\u00e9solu\u00bb. Andrea Rinaldi[\/vc_column_text][vc_empty_space height=\u00a0\u00bb60px\u00a0\u00bb][vc_column_text disable_pattern=\u00a0\u00bbfalse\u00a0\u00bb el_class=\u00a0\u00bbgeometria-text1&Prime;]L\u2019id\u00e9e [&hellip;]\" \/>\n<meta property=\"og:url\" content=\"https:\/\/www.vitbot.com\/fr\/geometrie-de-la-vie\" \/>\n<meta property=\"og:site_name\" content=\"Vitbot\" \/>\n<meta property=\"article:publisher\" content=\"https:\/\/www.facebook.com\/vitbotbottle\/\" \/>\n<meta property=\"article:modified_time\" content=\"2017-06-01T10:33:25+00:00\" \/>\n<meta name=\"twitter:card\" content=\"summary_large_image\" \/>\n<meta name=\"twitter:label1\" content=\"Dur\u00e9e de lecture estim\u00e9e\" \/>\n\t<meta name=\"twitter:data1\" content=\"4 minutes\" \/>\n<script type=\"application\/ld+json\" class=\"yoast-schema-graph\">{\"@context\":\"https:\/\/schema.org\",\"@graph\":[{\"@type\":\"WebPage\",\"@id\":\"https:\/\/www.vitbot.com\/fr\/geometrie-de-la-vie\",\"url\":\"https:\/\/www.vitbot.com\/fr\/geometrie-de-la-vie\",\"name\":\"G\u00e9om\u00e9trie de la vie - Vitbot\",\"isPartOf\":{\"@id\":\"https:\/\/www.vitbot.com\/fr#website\"},\"datePublished\":\"2017-05-02T18:55:05+00:00\",\"dateModified\":\"2017-06-01T10:33:25+00:00\",\"breadcrumb\":{\"@id\":\"https:\/\/www.vitbot.com\/fr\/geometrie-de-la-vie#breadcrumb\"},\"inLanguage\":\"fr-FR\",\"potentialAction\":[{\"@type\":\"ReadAction\",\"target\":[\"https:\/\/www.vitbot.com\/fr\/geometrie-de-la-vie\"]}]},{\"@type\":\"BreadcrumbList\",\"@id\":\"https:\/\/www.vitbot.com\/fr\/geometrie-de-la-vie#breadcrumb\",\"itemListElement\":[{\"@type\":\"ListItem\",\"position\":1,\"name\":\"Home\",\"item\":\"https:\/\/www.vitbot.com\/fr\"},{\"@type\":\"ListItem\",\"position\":2,\"name\":\"G\u00e9om\u00e9trie de la vie\"}]},{\"@type\":\"WebSite\",\"@id\":\"https:\/\/www.vitbot.com\/fr#website\",\"url\":\"https:\/\/www.vitbot.com\/fr\",\"name\":\"Vitbot\",\"description\":\"Best Reusable Water Bottles | Vortex Bottle | Vitalizer Bottle\",\"publisher\":{\"@id\":\"https:\/\/www.vitbot.com\/fr#organization\"},\"potentialAction\":[{\"@type\":\"SearchAction\",\"target\":{\"@type\":\"EntryPoint\",\"urlTemplate\":\"https:\/\/www.vitbot.com\/fr?s={search_term_string}\"},\"query-input\":\"required name=search_term_string\"}],\"inLanguage\":\"fr-FR\"},{\"@type\":\"Organization\",\"@id\":\"https:\/\/www.vitbot.com\/fr#organization\",\"name\":\"Vitbot Europe,S.L. NIF B66180548 Tel\u00e8fon Correu info@vitbot.com Direcci\u00f3 C\/ Almeria 40 F Poblaci\u00f3 Tarrasa Codi postal 08226 Pa\u00eds Espanya\",\"url\":\"https:\/\/www.vitbot.com\/fr\",\"logo\":{\"@type\":\"ImageObject\",\"inLanguage\":\"fr-FR\",\"@id\":\"https:\/\/www.vitbot.com\/fr#\/schema\/logo\/image\/\",\"url\":\"https:\/\/www.vitbot.com\/wp-content\/uploads\/2017\/03\/vitbot_logo.png\",\"contentUrl\":\"https:\/\/www.vitbot.com\/wp-content\/uploads\/2017\/03\/vitbot_logo.png\",\"width\":84,\"height\":24,\"caption\":\"Vitbot Europe,S.L. NIF B66180548 Tel\u00e8fon Correu info@vitbot.com Direcci\u00f3 C\/ Almeria 40 F Poblaci\u00f3 Tarrasa Codi postal 08226 Pa\u00eds Espanya\"},\"image\":{\"@id\":\"https:\/\/www.vitbot.com\/fr#\/schema\/logo\/image\/\"},\"sameAs\":[\"https:\/\/www.facebook.com\/vitbotbottle\/\",\"https:\/\/www.instagram.com\/vitbotofficial\/\"]}]}<\/script>\n<!-- \/ Yoast SEO plugin. -->","yoast_head_json":{"title":"G\u00e9om\u00e9trie de la vie - Vitbot","robots":{"index":"index","follow":"follow","max-snippet":"max-snippet:-1","max-image-preview":"max-image-preview:large","max-video-preview":"max-video-preview:-1"},"canonical":"https:\/\/www.vitbot.com\/fr\/geometrie-de-la-vie","og_locale":"fr_FR","og_type":"article","og_title":"G\u00e9om\u00e9trie de la vie - Vitbot","og_description":"[vc_row fullwidth=\u00a0\u00bbtrue\u00a0\u00bb][vc_column][mk_revslider id=\u00a0\u00bbgeometriadelavida\u00a0\u00bb][\/vc_column][\/vc_row][vc_row fullwidth=\u00a0\u00bbtrue\u00a0\u00bb equal_columns=\u00a0\u00bbtrue\u00a0\u00bb attached=\u00a0\u00bbtrue\u00a0\u00bb][vc_column width=\u00a0\u00bb1\/2&Prime; css=\u00a0\u00bb.vc_custom_1493282605281{padding-top: 60px !important;padding-right: 60px !important;padding-bottom: 60px !important;padding-left: 60px !important;background-color: #7cc5c9 !important;}\u00a0\u00bb el_class=\u00a0\u00bbhometextcolumn\u00a0\u00bb][vc_column_text disable_pattern=\u00a0\u00bbfalse\u00a0\u00bb el_class=\u00a0\u00bbfont-alternategn2d geometria-tit1&Prime;] BIOMIM\u00c9TISME [\/vc_column_text][vc_empty_space height=\u00a0\u00bb40px\u00a0\u00bb][vc_column_text disable_pattern=\u00a0\u00bbfalse\u00a0\u00bb align=\u00a0\u00bbright\u00a0\u00bb el_class=\u00a0\u00bbgeometria-text1&Prime;]\u00abLe Biomim\u00e9tisme, c\u2019est la science qui \u00e9tudie la Nature comme source d\u2019inspiration pour r\u00e9soudre certaines probl\u00e9matiques humaines que la Nature a d\u00e9j\u00e0 r\u00e9solu\u00bb. Andrea Rinaldi[\/vc_column_text][vc_empty_space height=\u00a0\u00bb60px\u00a0\u00bb][vc_column_text disable_pattern=\u00a0\u00bbfalse\u00a0\u00bb el_class=\u00a0\u00bbgeometria-text1&Prime;]L\u2019id\u00e9e [&hellip;]","og_url":"https:\/\/www.vitbot.com\/fr\/geometrie-de-la-vie","og_site_name":"Vitbot","article_publisher":"https:\/\/www.facebook.com\/vitbotbottle\/","article_modified_time":"2017-06-01T10:33:25+00:00","twitter_card":"summary_large_image","twitter_misc":{"Dur\u00e9e de lecture estim\u00e9e":"4 minutes"},"schema":{"@context":"https:\/\/schema.org","@graph":[{"@type":"WebPage","@id":"https:\/\/www.vitbot.com\/fr\/geometrie-de-la-vie","url":"https:\/\/www.vitbot.com\/fr\/geometrie-de-la-vie","name":"G\u00e9om\u00e9trie de la vie - Vitbot","isPartOf":{"@id":"https:\/\/www.vitbot.com\/fr#website"},"datePublished":"2017-05-02T18:55:05+00:00","dateModified":"2017-06-01T10:33:25+00:00","breadcrumb":{"@id":"https:\/\/www.vitbot.com\/fr\/geometrie-de-la-vie#breadcrumb"},"inLanguage":"fr-FR","potentialAction":[{"@type":"ReadAction","target":["https:\/\/www.vitbot.com\/fr\/geometrie-de-la-vie"]}]},{"@type":"BreadcrumbList","@id":"https:\/\/www.vitbot.com\/fr\/geometrie-de-la-vie#breadcrumb","itemListElement":[{"@type":"ListItem","position":1,"name":"Home","item":"https:\/\/www.vitbot.com\/fr"},{"@type":"ListItem","position":2,"name":"G\u00e9om\u00e9trie de la vie"}]},{"@type":"WebSite","@id":"https:\/\/www.vitbot.com\/fr#website","url":"https:\/\/www.vitbot.com\/fr","name":"Vitbot","description":"Best Reusable Water Bottles | Vortex Bottle | Vitalizer Bottle","publisher":{"@id":"https:\/\/www.vitbot.com\/fr#organization"},"potentialAction":[{"@type":"SearchAction","target":{"@type":"EntryPoint","urlTemplate":"https:\/\/www.vitbot.com\/fr?s={search_term_string}"},"query-input":"required name=search_term_string"}],"inLanguage":"fr-FR"},{"@type":"Organization","@id":"https:\/\/www.vitbot.com\/fr#organization","name":"Vitbot Europe,S.L. NIF B66180548 Tel\u00e8fon Correu info@vitbot.com Direcci\u00f3 C\/ Almeria 40 F Poblaci\u00f3 Tarrasa Codi postal 08226 Pa\u00eds Espanya","url":"https:\/\/www.vitbot.com\/fr","logo":{"@type":"ImageObject","inLanguage":"fr-FR","@id":"https:\/\/www.vitbot.com\/fr#\/schema\/logo\/image\/","url":"https:\/\/www.vitbot.com\/wp-content\/uploads\/2017\/03\/vitbot_logo.png","contentUrl":"https:\/\/www.vitbot.com\/wp-content\/uploads\/2017\/03\/vitbot_logo.png","width":84,"height":24,"caption":"Vitbot Europe,S.L. NIF B66180548 Tel\u00e8fon Correu info@vitbot.com Direcci\u00f3 C\/ Almeria 40 F Poblaci\u00f3 Tarrasa Codi postal 08226 Pa\u00eds Espanya"},"image":{"@id":"https:\/\/www.vitbot.com\/fr#\/schema\/logo\/image\/"},"sameAs":["https:\/\/www.facebook.com\/vitbotbottle\/","https:\/\/www.instagram.com\/vitbotofficial\/"]}]}},"_links":{"self":[{"href":"https:\/\/www.vitbot.com\/fr\/wp-json\/wp\/v2\/pages\/1059"}],"collection":[{"href":"https:\/\/www.vitbot.com\/fr\/wp-json\/wp\/v2\/pages"}],"about":[{"href":"https:\/\/www.vitbot.com\/fr\/wp-json\/wp\/v2\/types\/page"}],"author":[{"embeddable":true,"href":"https:\/\/www.vitbot.com\/fr\/wp-json\/wp\/v2\/users\/1"}],"replies":[{"embeddable":true,"href":"https:\/\/www.vitbot.com\/fr\/wp-json\/wp\/v2\/comments?post=1059"}],"version-history":[{"count":0,"href":"https:\/\/www.vitbot.com\/fr\/wp-json\/wp\/v2\/pages\/1059\/revisions"}],"wp:attachment":[{"href":"https:\/\/www.vitbot.com\/fr\/wp-json\/wp\/v2\/media?parent=1059"}],"curies":[{"name":"wp","href":"https:\/\/api.w.org\/{rel}","templated":true}]}}