{"id":1058,"date":"2017-05-02T20:54:21","date_gmt":"2017-05-02T18:54:21","guid":{"rendered":"https:\/\/www.vitbot.com\/biomimetisme"},"modified":"2018-12-02T06:51:30","modified_gmt":"2018-12-02T04:51:30","slug":"biomimetisme","status":"publish","type":"page","link":"https:\/\/www.vitbot.com\/fr\/biomimetisme","title":{"rendered":"Biomim\u00e9tisme"},"content":{"rendered":"[vc_row fullwidth=\u00a0\u00bbtrue\u00a0\u00bb equal_columns=\u00a0\u00bbtrue\u00a0\u00bb css=\u00a0\u00bb.vc_custom_1490864043520{background-color: #ffffff !important;}\u00a0\u00bb][vc_column][vc_single_image image=\u00a0\u00bb758&Prime; img_size=\u00a0\u00bbfull\u00a0\u00bb css=\u00a0\u00bb.vc_custom_1492795866101{margin-top: 0px !important;margin-right: 0px !important;margin-bottom: 0px !important;margin-left: 0px !important;}\u00a0\u00bb][\/vc_column][\/vc_row][vc_row css=\u00a0\u00bb.vc_custom_1490287549845{background-color: #ffffff !important;}\u00a0\u00bb][vc_column][vc_empty_space height=\u00a0\u00bb45px\u00a0\u00bb][vc_column_text disable_pattern=\u00a0\u00bbfalse\u00a0\u00bb el_class=\u00a0\u00bbbiomimesis-tit1 vitbot-color1 font-din2014-b\u00a0\u00bb]\n<h1>BIOMIM\u00c9TISME<\/h1>\n[\/vc_column_text][\/vc_column][\/vc_row][vc_row css=\u00a0\u00bb.vc_custom_1490287549845{background-color: #ffffff !important;}\u00a0\u00bb][vc_column width=\u00a0\u00bb1\/2&Prime;][vc_column_text disable_pattern=\u00a0\u00bbfalse\u00a0\u00bb el_class=\u00a0\u00bbfont-din2014-l biomimesis-txt\u00a0\u00bb]C\u2019est en observant la nature que l\u2019id\u00e9e de Vitbot est n\u00e9e. En observant la nature, nous avons tout d\u2019abord constat\u00e9 que la plupart des fruits et des graines sont de forme ovo\u00efde, une forme qui appara\u00eet id\u00e9ale pour contenir la vie.<br \/>\nEn second lieu, nous avons aussi constat\u00e9 qu\u2019il existe un sch\u00e9ma d\u2019organisation de la croissance omnipr\u00e9sent dans la nature : le \u00ab nombre d\u2019or \u00bb ou proportion Phi.<br \/>\nEn dernier lieu, nous avons appris que la nature utilise le mouvement vortex parce qu\u2019il est le plus efficace pour contenir et conserver l\u2019\u00e9nergie. Les atomes et les galaxies se meuvent en vortex, les rivi\u00e8res et les oc\u00e9ans font de m\u00eame.<\/p>\n<p>Les bouteilles Vitbot sont le fruit de ces observations : elles ont une forme ovale de proportion Phi afin que les boissons continuent \u00e0 se mouvoir en vortex \u00e0 l\u2019int\u00e9rieur d\u2019elles.[\/vc_column_text][vc_column_text disable_pattern=\u00a0\u00bbfalse\u00a0\u00bb el_class=\u00a0\u00bbbiomimesis-txt2 vitbot-color2 font-din2014-l\u00a0\u00bb]\n<h3>\u00abOn peut regarder la Nature comme un v\u00e9ritable catalogue de produits. Chacun de ces produits a b\u00e9n\u00e9fici\u00e9 d\u2019une p\u00e9riode de 3 800 millions d\u2019ann\u00e9es de recherche et de d\u00e9veloppement\u2026 Vu le niveau d\u2019excellence atteint, il para\u00eet logique de chercher \u00e0 s\u2019en inspirer. \u00bb.<\/h3>\n<h4>MICHAEL PAWLYN<\/h4>\n<h3>\u00abQuand on est \u00e0 la recherche de ce qui est v\u00e9ritablement durable, le seul mod\u00e8le r\u00e9el \u00e0 avoir fait ses preuves sur de tr\u00e8s longues p\u00e9riodes de temps, c\u2019est la Nature\u00bb.<\/h3>\n<h4>JANINE BENYUS<\/h4>\n[\/vc_column_text][vc_empty_space height=\u00a0\u00bb45px\u00a0\u00bb][\/vc_column][vc_column width=\u00a0\u00bb1\/2&Prime;][vc_column_text disable_pattern=\u00a0\u00bbfalse\u00a0\u00bb el_class=\u00a0\u00bbbiomimesis-txt2 vitbot-color2 font-din2014-l\u00a0\u00bb]\n<h3>\u00abLe Biomim\u00e9tisme, c\u2019est la science qui \u00e9tudie la Nature comme source d\u2019inspiration pour r\u00e9soudre certaines probl\u00e9matiques humaines que la Nature a d\u00e9j\u00e0 r\u00e9solu\u00bb.<\/h3>\n<h4>ANDREA RINALDI<\/h4>\n<h3>\u00abNous croyons que l\u2019adoption g\u00e9n\u00e9ralis\u00e9e de solutions inspir\u00e9es de la Nature sera le catalyseur d\u2019une \u00e8re nouvelle dans le design et le commerce dont b\u00e9n\u00e9ficieront aussi bien les personnes que la plan\u00e8te elle-m\u00eame. Faisons-en sorte que le fait de demander conseil \u00e0 la Nature devienne l\u2019attitude normale de la recherche au quotidien\u00bb.<\/h3>\n<p><a href=\"http:\/\/www.biomimicry.org\" target=\"_blank\" rel=\"noopener noreferrer\">www.biomimicry.org<\/a>[\/vc_column_text][\/vc_column][\/vc_row][vc_row][vc_column][vc_empty_space height=\u00a0\u00bb30px\u00a0\u00bb][\/vc_column][\/vc_row][vc_row fullwidth=\u00a0\u00bbtrue\u00a0\u00bb fullwidth_content=\u00a0\u00bbfalse\u00a0\u00bb equal_columns=\u00a0\u00bbtrue\u00a0\u00bb css=\u00a0\u00bb.vc_custom_1491896057741{padding-top: 110px !important;padding-bottom: 90px !important;background-color: #1e0064 !important;}\u00a0\u00bb][vc_column width=\u00a0\u00bb1\/2&Prime;][vc_column_text disable_pattern=\u00a0\u00bbfalse\u00a0\u00bb el_class=\u00a0\u00bbfont-alternategn2d vitbot-color2 vidlink-txt\u00a0\u00bb]\n<h3>Janine Benyus &#8211; L&rsquo;effet du r\u00e9seau Biomim\u00e9tique<\/h3>\n[\/vc_column_text][vc_column_text disable_pattern=\u00a0\u00bbfalse\u00a0\u00bb el_class=\u00a0\u00bbfont-din2014-l vidlink-txt vitbot-color3&Prime;]La c\u00e9l\u00e8bre biologiste, consultant en innovation et auteur Janine Benyus explique comment la communaut\u00e9 biomim\u00e9tique peut travailler avec la nature dans une liste de d\u00e9fis qui ne peuvent pas attendre.[\/vc_column_text][\/vc_column][vc_column width=\u00a0\u00bb1\/2&Prime;][vc_video link=\u00a0\u00bbhttps:\/\/www.youtube.com\/watch?v=lx2hvVIFN_U&amp;vq=1080&Prime; custom_thumbnail=\u00a0\u00bbtrue\u00a0\u00bb thumbnail_image=\u00a0\u00bb3728&Prime;][vc_column_text disable_pattern=\u00a0\u00bbfalse\u00a0\u00bb el_class=\u00a0\u00bbfont-din2014-l vidlink-txt vitbot-color3 fs16&Prime;]Cliquez sur l\u2019ic\u00f4ne des param\u00e8tres pour activer les sous-titres en fran\u00e7ais[\/vc_column_text][\/vc_column][\/vc_row][vc_row fullwidth=\u00a0\u00bbtrue\u00a0\u00bb fullwidth_content=\u00a0\u00bbfalse\u00a0\u00bb equal_columns=\u00a0\u00bbtrue\u00a0\u00bb css=\u00a0\u00bb.vc_custom_1491896265756{padding-top: 110px !important;padding-bottom: 90px !important;background-color: #ffffff !important;}\u00a0\u00bb][vc_column width=\u00a0\u00bb1\/2&Prime;][vc_video link=\u00a0\u00bbhttps:\/\/www.youtube.com\/watch?v=3QZp6smeSQA&amp;vq=1080&Prime;][vc_column_text disable_pattern=\u00a0\u00bbfalse\u00a0\u00bb el_class=\u00a0\u00bbfont-din2014-l vidlink-txt vitbot-color1 fs16&Prime;]Cliquez sur l\u2019ic\u00f4ne des param\u00e8tres pour activer les sous-titres en fran\u00e7ais[\/vc_column_text][\/vc_column][vc_column width=\u00a0\u00bb1\/2&Prime;][vc_column_text disable_pattern=\u00a0\u00bbfalse\u00a0\u00bb el_class=\u00a0\u00bbfont-alternategn2d vitbot-color1 vidlink-txt\u00a0\u00bb]\n<h3>Michael Pawlyn &#8211; Utiliser le g\u00e9nie de la nature dans l&rsquo;architecture<\/h3>\n[\/vc_column_text][vc_column_text disable_pattern=\u00a0\u00bbfalse\u00a0\u00bb el_class=\u00a0\u00bbfont-din2014-l vidlink-txt vitbot-color1&Prime;]Comment les architectes peuvent-ils construire un nouveau monde de beaut\u00e9 durable ? En apprenant de la nature. Lors d\u2019une conf\u00e9rence TED \u00e0 Londres, Michael Pawlyn d\u00e9crit trois habitudes de la nature qui pourraient transformer l&rsquo;architecture et la soci\u00e9t\u00e9.[\/vc_column_text][\/vc_column][\/vc_row][vc_row fullwidth=\u00a0\u00bbtrue\u00a0\u00bb fullwidth_content=\u00a0\u00bbfalse\u00a0\u00bb equal_columns=\u00a0\u00bbtrue\u00a0\u00bb css=\u00a0\u00bb.vc_custom_1491896057741{padding-top: 110px !important;padding-bottom: 90px !important;background-color: #1e0064 !important;}\u00a0\u00bb][vc_column width=\u00a0\u00bb1\/2&Prime;][vc_column_text disable_pattern=\u00a0\u00bbfalse\u00a0\u00bb el_class=\u00a0\u00bbfont-alternategn2d vitbot-color2 vidlink-txt\u00a0\u00bb]\n<h3>Neri Oxman &#8211; La Forme<\/h3>\n[\/vc_column_text][vc_column_text disable_pattern=\u00a0\u00bbfalse\u00a0\u00bb el_class=\u00a0\u00bbfont-din2014-l vidlink-txt vitbot-color3&Prime;]L&rsquo;architecte Neri Oxman est le fondateur de MATERIAL ECOLOGY, une initiative de conception interdisciplinaire \u00e9largissant les limites de la g\u00e9n\u00e9ration de forme et de l&rsquo;ing\u00e9nierie des mat\u00e9riaux. Nomm\u00e9e l&rsquo;une des \u00ab100 personnes les plus cr\u00e9atives en affaires\u00bb, Oxman enqu\u00eate sur la mati\u00e8re et sur les performances de la nature dans la d\u00e9finition m\u00eame des formes.[\/vc_column_text][\/vc_column][vc_column width=\u00a0\u00bb1\/2&Prime;][vc_video link=\u00a0\u00bbhttps:\/\/www.youtube.com\/watch?v=txl4QR0GDnU&amp;vq=1080&Prime;][vc_column_text disable_pattern=\u00a0\u00bbfalse\u00a0\u00bb el_class=\u00a0\u00bbfont-din2014-l vidlink-txt vitbot-color3 fs16&Prime;]Cliquez sur l\u2019ic\u00f4ne des param\u00e8tres pour activer les sous-titres en fran\u00e7ais[\/vc_column_text][\/vc_column][\/vc_row][vc_row fullwidth=\u00a0\u00bbtrue\u00a0\u00bb fullwidth_content=\u00a0\u00bbfalse\u00a0\u00bb equal_columns=\u00a0\u00bbtrue\u00a0\u00bb css=\u00a0\u00bb.vc_custom_1491896265756{padding-top: 110px !important;padding-bottom: 90px !important;background-color: #ffffff !important;}\u00a0\u00bb][vc_column width=\u00a0\u00bb1\/2&Prime;][vc_video link=\u00a0\u00bbhttps:\/\/www.youtube.com\/watch?v=JnBkbaFsZOY&amp;vq=1080&Prime;][vc_column_text disable_pattern=\u00a0\u00bbfalse\u00a0\u00bb el_class=\u00a0\u00bbfont-din2014-l vidlink-txt vitbot-color1 fs16&Prime;]Cliquez sur l\u2019ic\u00f4ne des param\u00e8tres pour activer les sous-titres en fran\u00e7ais[\/vc_column_text][\/vc_column][vc_column width=\u00a0\u00bb1\/2&Prime;][vc_column_text disable_pattern=\u00a0\u00bbfalse\u00a0\u00bb el_class=\u00a0\u00bbfont-alternategn2d vitbot-color1 vidlink-txt\u00a0\u00bb]\n<h3>Bio-Inspiration &#8211; Nature comme Muse<\/h3>\n[\/vc_column_text][vc_column_text disable_pattern=\u00a0\u00bbfalse\u00a0\u00bb el_class=\u00a0\u00bbfont-din2014-l vidlink-txt vitbot-color1&Prime;]Depuis des centaines d\u2019ann\u00e9es, les scientifiques cr\u00e9ent et con\u00e7oivent \u00e0 partir de structures existant dans la nature. Aujourd\u2019hui, biologistes et ing\u00e9nieurs de l\u2019UC de Berkeley travaillent ensemble pour concevoir un large \u00e9ventail de nouveaux produits, tels que les milli-robots \u00ab sauveurs de vies \u00bb et inspir\u00e9s du mode de fonctionnement des blattes ou tels que les adh\u00e9sifs inspir\u00e9s du design incroyable du pied des geckos[\/vc_column_text][\/vc_column][\/vc_row][vc_row fullwidth=\u00a0\u00bbtrue\u00a0\u00bb fullwidth_content=\u00a0\u00bbfalse\u00a0\u00bb equal_columns=\u00a0\u00bbtrue\u00a0\u00bb css=\u00a0\u00bb.vc_custom_1491896057741{padding-top: 110px !important;padding-bottom: 90px !important;background-color: #1e0064 !important;}\u00a0\u00bb][vc_column width=\u00a0\u00bb1\/2&Prime;][vc_column_text disable_pattern=\u00a0\u00bbfalse\u00a0\u00bb el_class=\u00a0\u00bbfont-alternategn2d vitbot-color2 vidlink-txt\u00a0\u00bb]\n<h3>Philippe Starck parle de l&rsquo;eau, du vortex et d&rsquo;une solution biomim\u00e9tique pour les robinets<\/h3>\n[\/vc_column_text][vc_column_text disable_pattern=\u00a0\u00bbfalse\u00a0\u00bb el_class=\u00a0\u00bbfont-din2014-l vidlink-txt vitbot-color3&Prime;]Axor Starck V nous permet d\u2019\u00e9prouver la vitalit\u00e9 de l\u2019eau. Dot\u00e9 d\u2019un vortex puissant, le m\u00e9langeur offre une connexion \u00e9motionnelle avec l\u2019eau. D\u00e9couvrez vous-m\u00eame comment, pour Philippe Starck, ce robinet devient \u00abl\u2019enceinte d\u2019un miracle\u00bb et rend hommage au plus pr\u00e9cieux de tous les \u00e9l\u00e9ments et comprenez pourquoi ce nouvel ajustement Axor Starck V, tel que Starck le voit, constitue une v\u00e9ritable r\u00e9volution.[\/vc_column_text][\/vc_column][vc_column width=\u00a0\u00bb1\/2&Prime;][vc_video link=\u00a0\u00bbhttps:\/\/www.youtube.com\/watch?v=J-mLqUo0ep0&amp;vq=1080&Prime;][vc_column_text disable_pattern=\u00a0\u00bbfalse\u00a0\u00bb el_class=\u00a0\u00bbfont-din2014-l vidlink-txt vitbot-color3 fs16&Prime;]Cliquez sur l\u2019ic\u00f4ne des param\u00e8tres pour activer les sous-titres en fran\u00e7ais[\/vc_column_text][\/vc_column][\/vc_row]\n","protected":false},"excerpt":{"rendered":"<p>[vc_row fullwidth=\u00a0\u00bbtrue\u00a0\u00bb equal_columns=\u00a0\u00bbtrue\u00a0\u00bb css=\u00a0\u00bb.vc_custom_1490864043520{background-color: #ffffff !important;}\u00a0\u00bb][vc_column][vc_single_image image=\u00a0\u00bb758&Prime; img_size=\u00a0\u00bbfull\u00a0\u00bb css=\u00a0\u00bb.vc_custom_1492795866101{margin-top: 0px !important;margin-right: 0px !important;margin-bottom: 0px !important;margin-left: 0px !important;}\u00a0\u00bb][\/vc_column][\/vc_row][vc_row css=\u00a0\u00bb.vc_custom_1490287549845{background-color: #ffffff !important;}\u00a0\u00bb][vc_column][vc_empty_space height=\u00a0\u00bb45px\u00a0\u00bb][vc_column_text disable_pattern=\u00a0\u00bbfalse\u00a0\u00bb el_class=\u00a0\u00bbbiomimesis-tit1 vitbot-color1 font-din2014-b\u00a0\u00bb] BIOMIM\u00c9TISME [\/vc_column_text][\/vc_column][\/vc_row][vc_row css=\u00a0\u00bb.vc_custom_1490287549845{background-color: #ffffff !important;}\u00a0\u00bb][vc_column width=\u00a0\u00bb1\/2&Prime;][vc_column_text disable_pattern=\u00a0\u00bbfalse\u00a0\u00bb el_class=\u00a0\u00bbfont-din2014-l biomimesis-txt\u00a0\u00bb]C\u2019est en observant la nature que l\u2019id\u00e9e de Vitbot est n\u00e9e. En observant la nature, nous avons tout d\u2019abord constat\u00e9 que la [&hellip;]<\/p>\n","protected":false},"author":1,"featured_media":0,"parent":0,"menu_order":5,"comment_status":"closed","ping_status":"closed","template":"","meta":{"_monsterinsights_skip_tracking":false,"_monsterinsights_sitenote_active":false,"_monsterinsights_sitenote_note":"","_monsterinsights_sitenote_category":0},"yoast_head":"<!-- This site is optimized with the Yoast SEO plugin v20.1 - https:\/\/yoast.com\/wordpress\/plugins\/seo\/ -->\n<title>Biomim\u00e9tisme - Vitbot<\/title>\n<meta name=\"robots\" content=\"index, follow, max-snippet:-1, max-image-preview:large, max-video-preview:-1\" \/>\n<link rel=\"canonical\" href=\"https:\/\/www.vitbot.com\/fr\/biomimetisme\" \/>\n<meta property=\"og:locale\" content=\"fr_FR\" \/>\n<meta property=\"og:type\" content=\"article\" \/>\n<meta property=\"og:title\" content=\"Biomim\u00e9tisme - Vitbot\" \/>\n<meta property=\"og:description\" content=\"[vc_row fullwidth=\u00a0\u00bbtrue\u00a0\u00bb equal_columns=\u00a0\u00bbtrue\u00a0\u00bb css=\u00a0\u00bb.vc_custom_1490864043520{background-color: #ffffff !important;}\u00a0\u00bb][vc_column][vc_single_image image=\u00a0\u00bb758&Prime; img_size=\u00a0\u00bbfull\u00a0\u00bb css=\u00a0\u00bb.vc_custom_1492795866101{margin-top: 0px !important;margin-right: 0px !important;margin-bottom: 0px !important;margin-left: 0px !important;}\u00a0\u00bb][\/vc_column][\/vc_row][vc_row css=\u00a0\u00bb.vc_custom_1490287549845{background-color: #ffffff !important;}\u00a0\u00bb][vc_column][vc_empty_space height=\u00a0\u00bb45px\u00a0\u00bb][vc_column_text disable_pattern=\u00a0\u00bbfalse\u00a0\u00bb el_class=\u00a0\u00bbbiomimesis-tit1 vitbot-color1 font-din2014-b\u00a0\u00bb] BIOMIM\u00c9TISME [\/vc_column_text][\/vc_column][\/vc_row][vc_row css=\u00a0\u00bb.vc_custom_1490287549845{background-color: #ffffff !important;}\u00a0\u00bb][vc_column width=\u00a0\u00bb1\/2&Prime;][vc_column_text disable_pattern=\u00a0\u00bbfalse\u00a0\u00bb el_class=\u00a0\u00bbfont-din2014-l biomimesis-txt\u00a0\u00bb]C\u2019est en observant la nature que l\u2019id\u00e9e de Vitbot est n\u00e9e. En observant la nature, nous avons tout d\u2019abord constat\u00e9 que la [&hellip;]\" \/>\n<meta property=\"og:url\" content=\"https:\/\/www.vitbot.com\/fr\/biomimetisme\" \/>\n<meta property=\"og:site_name\" content=\"Vitbot\" \/>\n<meta property=\"article:publisher\" content=\"https:\/\/www.facebook.com\/vitbotbottle\/\" \/>\n<meta property=\"article:modified_time\" content=\"2018-12-02T04:51:30+00:00\" \/>\n<meta name=\"twitter:card\" content=\"summary_large_image\" \/>\n<meta name=\"twitter:label1\" content=\"Dur\u00e9e de lecture estim\u00e9e\" \/>\n\t<meta name=\"twitter:data1\" content=\"7 minutes\" \/>\n<script type=\"application\/ld+json\" class=\"yoast-schema-graph\">{\"@context\":\"https:\/\/schema.org\",\"@graph\":[{\"@type\":\"WebPage\",\"@id\":\"https:\/\/www.vitbot.com\/fr\/biomimetisme\",\"url\":\"https:\/\/www.vitbot.com\/fr\/biomimetisme\",\"name\":\"Biomim\u00e9tisme - Vitbot\",\"isPartOf\":{\"@id\":\"https:\/\/www.vitbot.com\/fr#website\"},\"datePublished\":\"2017-05-02T18:54:21+00:00\",\"dateModified\":\"2018-12-02T04:51:30+00:00\",\"breadcrumb\":{\"@id\":\"https:\/\/www.vitbot.com\/fr\/biomimetisme#breadcrumb\"},\"inLanguage\":\"fr-FR\",\"potentialAction\":[{\"@type\":\"ReadAction\",\"target\":[\"https:\/\/www.vitbot.com\/fr\/biomimetisme\"]}]},{\"@type\":\"BreadcrumbList\",\"@id\":\"https:\/\/www.vitbot.com\/fr\/biomimetisme#breadcrumb\",\"itemListElement\":[{\"@type\":\"ListItem\",\"position\":1,\"name\":\"Home\",\"item\":\"https:\/\/www.vitbot.com\/fr\"},{\"@type\":\"ListItem\",\"position\":2,\"name\":\"Biomim\u00e9tisme\"}]},{\"@type\":\"WebSite\",\"@id\":\"https:\/\/www.vitbot.com\/fr#website\",\"url\":\"https:\/\/www.vitbot.com\/fr\",\"name\":\"Vitbot\",\"description\":\"Best Reusable Water Bottles | Vortex Bottle | Vitalizer Bottle\",\"publisher\":{\"@id\":\"https:\/\/www.vitbot.com\/fr#organization\"},\"potentialAction\":[{\"@type\":\"SearchAction\",\"target\":{\"@type\":\"EntryPoint\",\"urlTemplate\":\"https:\/\/www.vitbot.com\/fr?s={search_term_string}\"},\"query-input\":\"required name=search_term_string\"}],\"inLanguage\":\"fr-FR\"},{\"@type\":\"Organization\",\"@id\":\"https:\/\/www.vitbot.com\/fr#organization\",\"name\":\"Vitbot Europe,S.L. NIF B66180548 Tel\u00e8fon Correu info@vitbot.com Direcci\u00f3 C\/ Almeria 40 F Poblaci\u00f3 Tarrasa Codi postal 08226 Pa\u00eds Espanya\",\"url\":\"https:\/\/www.vitbot.com\/fr\",\"logo\":{\"@type\":\"ImageObject\",\"inLanguage\":\"fr-FR\",\"@id\":\"https:\/\/www.vitbot.com\/fr#\/schema\/logo\/image\/\",\"url\":\"https:\/\/www.vitbot.com\/wp-content\/uploads\/2017\/03\/vitbot_logo.png\",\"contentUrl\":\"https:\/\/www.vitbot.com\/wp-content\/uploads\/2017\/03\/vitbot_logo.png\",\"width\":84,\"height\":24,\"caption\":\"Vitbot Europe,S.L. NIF B66180548 Tel\u00e8fon Correu info@vitbot.com Direcci\u00f3 C\/ Almeria 40 F Poblaci\u00f3 Tarrasa Codi postal 08226 Pa\u00eds Espanya\"},\"image\":{\"@id\":\"https:\/\/www.vitbot.com\/fr#\/schema\/logo\/image\/\"},\"sameAs\":[\"https:\/\/www.facebook.com\/vitbotbottle\/\",\"https:\/\/www.instagram.com\/vitbotofficial\/\"]}]}<\/script>\n<!-- \/ Yoast SEO plugin. -->","yoast_head_json":{"title":"Biomim\u00e9tisme - Vitbot","robots":{"index":"index","follow":"follow","max-snippet":"max-snippet:-1","max-image-preview":"max-image-preview:large","max-video-preview":"max-video-preview:-1"},"canonical":"https:\/\/www.vitbot.com\/fr\/biomimetisme","og_locale":"fr_FR","og_type":"article","og_title":"Biomim\u00e9tisme - Vitbot","og_description":"[vc_row fullwidth=\u00a0\u00bbtrue\u00a0\u00bb equal_columns=\u00a0\u00bbtrue\u00a0\u00bb css=\u00a0\u00bb.vc_custom_1490864043520{background-color: #ffffff !important;}\u00a0\u00bb][vc_column][vc_single_image image=\u00a0\u00bb758&Prime; img_size=\u00a0\u00bbfull\u00a0\u00bb css=\u00a0\u00bb.vc_custom_1492795866101{margin-top: 0px !important;margin-right: 0px !important;margin-bottom: 0px !important;margin-left: 0px !important;}\u00a0\u00bb][\/vc_column][\/vc_row][vc_row css=\u00a0\u00bb.vc_custom_1490287549845{background-color: #ffffff !important;}\u00a0\u00bb][vc_column][vc_empty_space height=\u00a0\u00bb45px\u00a0\u00bb][vc_column_text disable_pattern=\u00a0\u00bbfalse\u00a0\u00bb el_class=\u00a0\u00bbbiomimesis-tit1 vitbot-color1 font-din2014-b\u00a0\u00bb] BIOMIM\u00c9TISME [\/vc_column_text][\/vc_column][\/vc_row][vc_row css=\u00a0\u00bb.vc_custom_1490287549845{background-color: #ffffff !important;}\u00a0\u00bb][vc_column width=\u00a0\u00bb1\/2&Prime;][vc_column_text disable_pattern=\u00a0\u00bbfalse\u00a0\u00bb el_class=\u00a0\u00bbfont-din2014-l biomimesis-txt\u00a0\u00bb]C\u2019est en observant la nature que l\u2019id\u00e9e de Vitbot est n\u00e9e. En observant la nature, nous avons tout d\u2019abord constat\u00e9 que la [&hellip;]","og_url":"https:\/\/www.vitbot.com\/fr\/biomimetisme","og_site_name":"Vitbot","article_publisher":"https:\/\/www.facebook.com\/vitbotbottle\/","article_modified_time":"2018-12-02T04:51:30+00:00","twitter_card":"summary_large_image","twitter_misc":{"Dur\u00e9e de lecture estim\u00e9e":"7 minutes"},"schema":{"@context":"https:\/\/schema.org","@graph":[{"@type":"WebPage","@id":"https:\/\/www.vitbot.com\/fr\/biomimetisme","url":"https:\/\/www.vitbot.com\/fr\/biomimetisme","name":"Biomim\u00e9tisme - Vitbot","isPartOf":{"@id":"https:\/\/www.vitbot.com\/fr#website"},"datePublished":"2017-05-02T18:54:21+00:00","dateModified":"2018-12-02T04:51:30+00:00","breadcrumb":{"@id":"https:\/\/www.vitbot.com\/fr\/biomimetisme#breadcrumb"},"inLanguage":"fr-FR","potentialAction":[{"@type":"ReadAction","target":["https:\/\/www.vitbot.com\/fr\/biomimetisme"]}]},{"@type":"BreadcrumbList","@id":"https:\/\/www.vitbot.com\/fr\/biomimetisme#breadcrumb","itemListElement":[{"@type":"ListItem","position":1,"name":"Home","item":"https:\/\/www.vitbot.com\/fr"},{"@type":"ListItem","position":2,"name":"Biomim\u00e9tisme"}]},{"@type":"WebSite","@id":"https:\/\/www.vitbot.com\/fr#website","url":"https:\/\/www.vitbot.com\/fr","name":"Vitbot","description":"Best Reusable Water Bottles | Vortex Bottle | Vitalizer Bottle","publisher":{"@id":"https:\/\/www.vitbot.com\/fr#organization"},"potentialAction":[{"@type":"SearchAction","target":{"@type":"EntryPoint","urlTemplate":"https:\/\/www.vitbot.com\/fr?s={search_term_string}"},"query-input":"required name=search_term_string"}],"inLanguage":"fr-FR"},{"@type":"Organization","@id":"https:\/\/www.vitbot.com\/fr#organization","name":"Vitbot Europe,S.L. NIF B66180548 Tel\u00e8fon Correu info@vitbot.com Direcci\u00f3 C\/ Almeria 40 F Poblaci\u00f3 Tarrasa Codi postal 08226 Pa\u00eds Espanya","url":"https:\/\/www.vitbot.com\/fr","logo":{"@type":"ImageObject","inLanguage":"fr-FR","@id":"https:\/\/www.vitbot.com\/fr#\/schema\/logo\/image\/","url":"https:\/\/www.vitbot.com\/wp-content\/uploads\/2017\/03\/vitbot_logo.png","contentUrl":"https:\/\/www.vitbot.com\/wp-content\/uploads\/2017\/03\/vitbot_logo.png","width":84,"height":24,"caption":"Vitbot Europe,S.L. NIF B66180548 Tel\u00e8fon Correu info@vitbot.com Direcci\u00f3 C\/ Almeria 40 F Poblaci\u00f3 Tarrasa Codi postal 08226 Pa\u00eds Espanya"},"image":{"@id":"https:\/\/www.vitbot.com\/fr#\/schema\/logo\/image\/"},"sameAs":["https:\/\/www.facebook.com\/vitbotbottle\/","https:\/\/www.instagram.com\/vitbotofficial\/"]}]}},"_links":{"self":[{"href":"https:\/\/www.vitbot.com\/fr\/wp-json\/wp\/v2\/pages\/1058"}],"collection":[{"href":"https:\/\/www.vitbot.com\/fr\/wp-json\/wp\/v2\/pages"}],"about":[{"href":"https:\/\/www.vitbot.com\/fr\/wp-json\/wp\/v2\/types\/page"}],"author":[{"embeddable":true,"href":"https:\/\/www.vitbot.com\/fr\/wp-json\/wp\/v2\/users\/1"}],"replies":[{"embeddable":true,"href":"https:\/\/www.vitbot.com\/fr\/wp-json\/wp\/v2\/comments?post=1058"}],"version-history":[{"count":1,"href":"https:\/\/www.vitbot.com\/fr\/wp-json\/wp\/v2\/pages\/1058\/revisions"}],"predecessor-version":[{"id":3736,"href":"https:\/\/www.vitbot.com\/fr\/wp-json\/wp\/v2\/pages\/1058\/revisions\/3736"}],"wp:attachment":[{"href":"https:\/\/www.vitbot.com\/fr\/wp-json\/wp\/v2\/media?parent=1058"}],"curies":[{"name":"wp","href":"https:\/\/api.w.org\/{rel}","templated":true}]}}