{"id":1053,"date":"2017-05-02T20:52:17","date_gmt":"2017-05-02T18:52:17","guid":{"rendered":"https:\/\/www.vitbot.com\/forme-ovoide"},"modified":"2018-12-02T07:12:09","modified_gmt":"2018-12-02T05:12:09","slug":"forme-ovoide","status":"publish","type":"page","link":"https:\/\/www.vitbot.com\/fr\/forme-ovoide","title":{"rendered":"Forme Ovo\u00efde"},"content":{"rendered":"[vc_row fullwidth=\u00a0\u00bbtrue\u00a0\u00bb equal_columns=\u00a0\u00bbtrue\u00a0\u00bb css=\u00a0\u00bb.vc_custom_1490864043520{background-color: #ffffff !important;}\u00a0\u00bb][vc_column][vc_single_image image=\u00a0\u00bb763&Prime; img_size=\u00a0\u00bbfull\u00a0\u00bb css=\u00a0\u00bb.vc_custom_1492795754412{margin-top: 0px !important;margin-right: 0px !important;margin-bottom: 0px !important;margin-left: 0px !important;}\u00a0\u00bb][\/vc_column][\/vc_row][vc_row css=\u00a0\u00bb.vc_custom_1490287549845{background-color: #ffffff !important;}\u00a0\u00bb][vc_column][vc_empty_space height=\u00a0\u00bb45px\u00a0\u00bb][vc_column_text disable_pattern=\u00a0\u00bbfalse\u00a0\u00bb el_class=\u00a0\u00bbformaovoide-tit1 vitbot-color1 font-din2014-b\u00a0\u00bb]\n<h1>FORME OVO\u00cfDE<\/h1>\n[\/vc_column_text][\/vc_column][\/vc_row][vc_row css=\u00a0\u00bb.vc_custom_1490287549845{background-color: #ffffff !important;}\u00a0\u00bb][vc_column width=\u00a0\u00bb1\/2&Prime;][vc_column_text disable_pattern=\u00a0\u00bbfalse\u00a0\u00bb el_class=\u00a0\u00bbformaovoide-txt vitbot-color2 font-din2014-l\u00a0\u00bb]\n<h3>La vie n\u00e9cessite le mouvement en vortex pour maintenir l\u2019\u00e9nergie qui nourrit la structure m\u00eame de l\u2019existence physique et subtile. La nature utilise la forme ovo\u00efde pour pr\u00e9server ce vortex et maintenir intacte la structure de la vie qu\u2019il g\u00e9n\u00e8re.<\/h3>\n[\/vc_column_text][vc_empty_space height=\u00a0\u00bb20px\u00a0\u00bb][vc_column_text disable_pattern=\u00a0\u00bbfalse\u00a0\u00bb el_class=\u00a0\u00bbfont-din2014-l formaovoide-txt\u00a0\u00bb]Bien qu\u2019invisible \u00e0 nos yeux, l\u2019\u00e9nergie bouge en vortex et perp\u00e9tue la vie \u00e0 l\u2019int\u00e9rieur des graines, des fruits et des ovules tout comme le fait le mouvement des ouragans, des tornades ou de l\u2019eau. Quand la graine trouve les conditions idoines, elle donne naissance \u00e0 une toute nouvelle plante. Ceci est rendu possible gr\u00e2ce au mouvement r\u00e9current du vortex qui maintient la structure et la m\u00e9moire de la plante \u00e0 l\u2019int\u00e9rieur de son contenant : la graine. La forme ovo\u00efde est le contenant naturel qui permet au vortex de se g\u00e9n\u00e9rer spontan\u00e9ment. Cette forme ovo\u00efde est le contenant de la vie.<\/p>\n<h4>La forme compte. La forme informe.<\/h4>\n<p>Sans une forme pour la contenir, l\u2019\u00e9nergie n\u2019est qu\u2019une hypoth\u00e8se. \u00c0 l\u2019int\u00e9rieur d\u2019une graine, la m\u00e9moire de l\u2019arbre qu\u2019elle va devenir demeure vivante. Les scientifiques ont d\u00e9j\u00e0 d\u00e9couvert que les formes de la nature suivent des sch\u00e9mas ordonn\u00e9s. La proportion Phi est un sch\u00e9ma de croissance et de d\u00e9veloppement que l\u2019on retrouve dans la majorit\u00e9 des organismes vivants, y compris l\u2019\u00eatre humain.<\/p>\n<p>Chez Vitbot, nous apprenons de la nature en utilisant la proportion Phi pour nos bouteilles ovo\u00efdes. Contenants en verre et bouteilles Vitbot peuvent avoir diff\u00e9rentes tailles, le goulot et les finitions peuvent en \u00eatre compl\u00e8tement diff\u00e9rents, mais elles gardent toujours leur forme ovo\u00efde de proportion Phi.<br \/>\n[\/vc_column_text][\/vc_column][vc_column width=\u00a0\u00bb1\/2&Prime;][vc_column_text disable_pattern=\u00a0\u00bbfalse\u00a0\u00bb el_class=\u00a0\u00bbfont-din2014-l formaovoide-txt2&Prime;]\n<h4>La structure : pilier de la vie<\/h4>\n<p>Quelle est la principale diff\u00e9rence entre un kilo de farine de bl\u00e9 complet et un kilo de farine de bl\u00e9 ordinaire ? C\u2019est \u00e9videmment sa structure. L\u2019eau, comme tout ce que nous ing\u00e9rons, nous donne de l\u2019\u00e9nergie. La qualit\u00e9 de cette \u00e9nergie change consid\u00e9rablement selon la fa\u00e7on dont nous traitons nourritures et liquides depuis leurs origines ou leurs sources jusqu\u2019au moment o\u00f9 nous les ing\u00e9rons.<\/p>\n<p>Un kilo de bl\u00e9 et un kilo de farine, par exemple, vont tous deux nous rassasier. Mais alors que le grain complet va nous apporter des nutriments et de l\u2019\u00e9nergie, la farine blanche ne fera qu\u2019apaiser notre faim.<br \/>\nQuelles sont les cons\u00e9quences sur notre sant\u00e9 du recours \u00e0 des nourritures et des boissons d\u00e9vitalis\u00e9es et d\u00e9structur\u00e9es ? Pour la farine blanche en particulier, il a \u00e9t\u00e9 prouv\u00e9 dans de nombreuses \u00e9tudes touchant le domaine de la nutrition et de la sant\u00e9 qu\u2019elle fait grossir, donne de la cellulite, retient les liquides et fait que nous avons ensuite plus rapidement faim qu\u2019apr\u00e8s avoir consomm\u00e9 l\u2019\u00e9quivalent en grains de bl\u00e9 entier.<\/p>\n<p>En ce qui concerne la nourriture compl\u00e8te telle que le bl\u00e9, une fois la structure mol\u00e9culaire bris\u00e9e, nous ne pouvons plus la rassembler. Par contre, une boisson traditionnelle ou nutritionnelle peut retrouver sa structure, car elle contient 70 \u00e0 90 % d\u2019eau. Comment ? En utilisant un contenant qui permette au liquide de se mouvoir en un vortex. De cette fa\u00e7on, l\u2019eau, qui est la base de tout jus ou boisson nutritionnelle, retrouve sa structure hexagonale originelle et par voie de cons\u00e9quence sa vitalit\u00e9.<\/p>\n<p>Il n\u2019existe pas de conclusions scientifiques probantes sur l\u2019existence ou non d\u2019une structure hexagonale de l\u2019eau. C\u2019est un sujet hautement controvers\u00e9 et insuffisamment \u00e9tudi\u00e9 mais, chez Vitbot, nous sommes convaincus que la structure mol\u00e9culaire est le pilier sur lequel repose la vitalit\u00e9 de l\u2019eau comme de tout aliment que nous sommes amen\u00e9 \u00e0 ing\u00e9rer. Certaines conditions doivent cependant \u00eatre r\u00e9unies pour pr\u00e9server cette structure. C\u2019est pour cela que nous avons fait le choix de reproduire les conditions que l\u2019on observe dans la nature. En accord avec le biomim\u00e9tisme, nous avons con\u00e7u nos bouteilles selon une forme ovo\u00efde de proportion Phi afin que l\u2019eau, les boissons et la nourriture qu\u2019elles contiennent puissent se mouvoir dans un vortex et pr\u00e9server ainsi leur vitalit\u00e9 jusqu\u2019au moment de leur consommation.[\/vc_column_text][\/vc_column][\/vc_row][vc_row][vc_column][vc_empty_space height=\u00a0\u00bb30px\u00a0\u00bb][\/vc_column][\/vc_row][vc_row fullwidth=\u00a0\u00bbtrue\u00a0\u00bb fullwidth_content=\u00a0\u00bbfalse\u00a0\u00bb equal_columns=\u00a0\u00bbtrue\u00a0\u00bb css=\u00a0\u00bb.vc_custom_1492529026720{padding-top: 110px !important;padding-bottom: 90px !important;background-color: #1e0064 !important;}\u00a0\u00bb][vc_column width=\u00a0\u00bb1\/2&Prime;][vc_column_text disable_pattern=\u00a0\u00bbfalse\u00a0\u00bb el_class=\u00a0\u00bbfont-din2014-l vidlink-txt vitbot-color3&Prime;]L\u2019usine de traitement des eaux r\u00e9siduelles de Newtown Creek \u00e0 Greenpoint, Brooklyn (New York), illustre ce que l\u2019on peut obtenir quand on adopte les technologies les plus r\u00e9centes.[\/vc_column_text][\/vc_column][vc_column width=\u00a0\u00bb1\/2&Prime;][vc_video link=\u00a0\u00bbhttps:\/\/vimeo.com\/34469658&Prime;][vc_column_text disable_pattern=\u00a0\u00bbfalse\u00a0\u00bb el_class=\u00a0\u00bbfont-din2014-l vidlink-txt vitbot-color3 fs16&Prime;]Vid\u00e9o uniquement en anglais[\/vc_column_text][\/vc_column][\/vc_row][vc_row fullwidth=\u00a0\u00bbtrue\u00a0\u00bb fullwidth_content=\u00a0\u00bbfalse\u00a0\u00bb equal_columns=\u00a0\u00bbtrue\u00a0\u00bb css=\u00a0\u00bb.vc_custom_1493111608083{padding-top: 110px !important;padding-bottom: 90px !important;background-color: #ffffff !important;}\u00a0\u00bb][vc_column width=\u00a0\u00bb1\/2&Prime;][vc_video link=\u00a0\u00bbhttps:\/\/youtu.be\/oerxUI9jQuY\u00a0\u00bb][vc_column_text disable_pattern=\u00a0\u00bbfalse\u00a0\u00bb el_class=\u00a0\u00bbfont-din2014-l vidlink-txt vitbot-color1 fs16&Prime;]Cliquez sur l\u2019ic\u00f4ne de param\u00e8tres pour activer les sous-titres en fran\u00e7ais[\/vc_column_text][\/vc_column][vc_column width=\u00a0\u00bb1\/2&Prime;][vc_column_text disable_pattern=\u00a0\u00bbfalse\u00a0\u00bb el_class=\u00a0\u00bbfont-din2014-l vidlink-txt vitbot-color1&Prime;]Sonoma Cast Stone est le premier fabricant de b\u00e9ton sp\u00e9cialis\u00e9 en b\u00e9ton \u00e9cologiquement viable. Situ\u00e9e en Californie, cette compagnie fabriquent des cuves ovo\u00efdes pour la fermentation du vin.[\/vc_column_text][\/vc_column][\/vc_row][vc_row fullwidth=\u00a0\u00bbtrue\u00a0\u00bb fullwidth_content=\u00a0\u00bbfalse\u00a0\u00bb equal_columns=\u00a0\u00bbtrue\u00a0\u00bb css=\u00a0\u00bb.vc_custom_1493111621894{padding-top: 110px !important;padding-bottom: 90px !important;background-color: #1e0064 !important;}\u00a0\u00bb][vc_column width=\u00a0\u00bb1\/2&Prime;][vc_column_text disable_pattern=\u00a0\u00bbfalse\u00a0\u00bb el_class=\u00a0\u00bbfont-din2014-l vidlink-txt vitbot-color3&Prime;]Quels sont les avantages des cuves ovo\u00efdes ? Sebasti\u00e1n Zuccardi se joint \u00e0 Kim Marcus pour parler des cuves et des vignobles. [\/vc_column_text][\/vc_column][vc_column width=\u00a0\u00bb1\/2&Prime;][vc_video link=\u00a0\u00bbhttps:\/\/youtu.be\/fpo8in9Exz8&Prime;][vc_column_text disable_pattern=\u00a0\u00bbfalse\u00a0\u00bb el_class=\u00a0\u00bbfont-din2014-l vidlink-txt vitbot-color3 fs16&Prime;]Cliquez sur l\u2019ic\u00f4ne de param\u00e8tres pour activer les sous-titres en fran\u00e7ais[\/vc_column_text][\/vc_column][\/vc_row][vc_row fullwidth=\u00a0\u00bbtrue\u00a0\u00bb fullwidth_content=\u00a0\u00bbfalse\u00a0\u00bb equal_columns=\u00a0\u00bbtrue\u00a0\u00bb css=\u00a0\u00bb.vc_custom_1493111646827{padding-top: 110px !important;padding-bottom: 90px !important;background-color: #1e0064 !important;}\u00a0\u00bb][vc_column width=\u00a0\u00bb1\/2&Prime;][vc_column_text disable_pattern=\u00a0\u00bbfalse\u00a0\u00bb el_class=\u00a0\u00bbfont-din2014-l vidlink-txt vitbot-color3&Prime;]L\u2019\u0153nologue de Bokisch Vineyards, Elyse Egan Perry, explique la fermentation du vin dans des fermenteurs en forme d\u2019\u0153uf et parle de la convection cr\u00e9\u00e9e par le vortex naturel du processus de fermentation dans ce type de contenant, que de plus en plus de cavistes utilisent pour augmenter la texture de leurs vins.[\/vc_column_text][\/vc_column][vc_column width=\u00a0\u00bb1\/2&Prime;][vc_video link=\u00a0\u00bbhttps:\/\/youtu.be\/1QgtgEnd2-I\u00a0\u00bb][vc_column_text disable_pattern=\u00a0\u00bbfalse\u00a0\u00bb el_class=\u00a0\u00bbfont-din2014-l vidlink-txt vitbot-color3 fs16&Prime;]Cliquez sur l\u2019ic\u00f4ne de param\u00e8tres pour activer les sous-titres en fran\u00e7ais[\/vc_column_text][\/vc_column][\/vc_row][vc_row fullwidth=\u00a0\u00bbtrue\u00a0\u00bb fullwidth_content=\u00a0\u00bbfalse\u00a0\u00bb equal_columns=\u00a0\u00bbtrue\u00a0\u00bb css=\u00a0\u00bb.vc_custom_1493111656887{padding-top: 110px !important;padding-bottom: 90px !important;background-color: #ffffff !important;}\u00a0\u00bb][vc_column width=\u00a0\u00bb1\/2&Prime;][vc_video link=\u00a0\u00bbhttps:\/\/youtu.be\/k-_b-iEWuEY\u00a0\u00bb][vc_column_text disable_pattern=\u00a0\u00bbfalse\u00a0\u00bb el_class=\u00a0\u00bbfont-din2014-l vidlink-txt vitbot-color1 fs16&Prime;]Cliquez sur l\u2019ic\u00f4ne de param\u00e8tres pour activer les sous-titres en fran\u00e7ais[\/vc_column_text][\/vc_column][vc_column width=\u00a0\u00bb1\/2&Prime;][vc_column_text disable_pattern=\u00a0\u00bbfalse\u00a0\u00bb el_class=\u00a0\u00bbfont-din2014-l vidlink-txt vitbot-color1&Prime;]Cette vid\u00e9o est consacr\u00e9e aux contenants dans lesquels sont con\u00e7us les champagnes. On y souligne l\u2019approche tr\u00e8s inhabituelle consistant \u00e0 utiliser des \u00ab\u00a0Amphores\u00a0\u00bb et des \u00ab\u00a0\u0152ufs de B\u00e9ton\u00a0\u00bb comme moyen pour r\u00e9aliser de fa\u00e7on partielle ou totale diff\u00e9rents styles de champagnes.[\/vc_column_text][\/vc_column][\/vc_row][vc_row fullwidth=\u00a0\u00bbtrue\u00a0\u00bb fullwidth_content=\u00a0\u00bbfalse\u00a0\u00bb equal_columns=\u00a0\u00bbtrue\u00a0\u00bb css=\u00a0\u00bb.vc_custom_1493111667066{padding-top: 110px !important;padding-bottom: 90px !important;background-color: #1e0064 !important;}\u00a0\u00bb][vc_column width=\u00a0\u00bb1\/2&Prime;][vc_column_text disable_pattern=\u00a0\u00bbfalse\u00a0\u00bb el_class=\u00a0\u00bbfont-din2014-l vidlink-txt vitbot-color3&Prime;]Un regard sur les nouvelles cuves ovo\u00efdes de Sonoma pour fermenter la bi\u00e8re. Vid\u00e9o enregistr\u00e9e \u00e0 la conf\u00e9rence des brasseurs de 2015 \u00e0 Portland, Oregon.[\/vc_column_text][\/vc_column][vc_column width=\u00a0\u00bb1\/2&Prime;][vc_video link=\u00a0\u00bbhttps:\/\/vimeo.com\/127437267&Prime;][vc_column_text disable_pattern=\u00a0\u00bbfalse\u00a0\u00bb el_class=\u00a0\u00bbfont-din2014-l vidlink-txt vitbot-color3 fs16&Prime;]Vid\u00e9o uniquement en anglais[\/vc_column_text][\/vc_column][\/vc_row]\n","protected":false},"excerpt":{"rendered":"<p>[vc_row fullwidth=\u00a0\u00bbtrue\u00a0\u00bb equal_columns=\u00a0\u00bbtrue\u00a0\u00bb css=\u00a0\u00bb.vc_custom_1490864043520{background-color: #ffffff !important;}\u00a0\u00bb][vc_column][vc_single_image image=\u00a0\u00bb763&Prime; img_size=\u00a0\u00bbfull\u00a0\u00bb css=\u00a0\u00bb.vc_custom_1492795754412{margin-top: 0px !important;margin-right: 0px !important;margin-bottom: 0px !important;margin-left: 0px !important;}\u00a0\u00bb][\/vc_column][\/vc_row][vc_row css=\u00a0\u00bb.vc_custom_1490287549845{background-color: #ffffff !important;}\u00a0\u00bb][vc_column][vc_empty_space height=\u00a0\u00bb45px\u00a0\u00bb][vc_column_text disable_pattern=\u00a0\u00bbfalse\u00a0\u00bb el_class=\u00a0\u00bbformaovoide-tit1 vitbot-color1 font-din2014-b\u00a0\u00bb] FORME OVO\u00cfDE [\/vc_column_text][\/vc_column][\/vc_row][vc_row css=\u00a0\u00bb.vc_custom_1490287549845{background-color: #ffffff !important;}\u00a0\u00bb][vc_column width=\u00a0\u00bb1\/2&Prime;][vc_column_text disable_pattern=\u00a0\u00bbfalse\u00a0\u00bb el_class=\u00a0\u00bbformaovoide-txt vitbot-color2 font-din2014-l\u00a0\u00bb] La vie n\u00e9cessite le mouvement en vortex pour maintenir l\u2019\u00e9nergie qui nourrit la structure m\u00eame de l\u2019existence physique et [&hellip;]<\/p>\n","protected":false},"author":1,"featured_media":0,"parent":0,"menu_order":6,"comment_status":"closed","ping_status":"closed","template":"","meta":{"_monsterinsights_skip_tracking":false,"_monsterinsights_sitenote_active":false,"_monsterinsights_sitenote_note":"","_monsterinsights_sitenote_category":0},"yoast_head":"<!-- This site is optimized with the Yoast SEO plugin v20.1 - https:\/\/yoast.com\/wordpress\/plugins\/seo\/ -->\n<title>Forme Ovo\u00efde - Vitbot<\/title>\n<meta name=\"robots\" content=\"index, follow, max-snippet:-1, max-image-preview:large, max-video-preview:-1\" \/>\n<link rel=\"canonical\" href=\"https:\/\/www.vitbot.com\/fr\/forme-ovoide\" \/>\n<meta property=\"og:locale\" content=\"fr_FR\" \/>\n<meta property=\"og:type\" content=\"article\" \/>\n<meta property=\"og:title\" content=\"Forme Ovo\u00efde - Vitbot\" \/>\n<meta property=\"og:description\" content=\"[vc_row fullwidth=\u00a0\u00bbtrue\u00a0\u00bb equal_columns=\u00a0\u00bbtrue\u00a0\u00bb css=\u00a0\u00bb.vc_custom_1490864043520{background-color: #ffffff !important;}\u00a0\u00bb][vc_column][vc_single_image image=\u00a0\u00bb763&Prime; img_size=\u00a0\u00bbfull\u00a0\u00bb css=\u00a0\u00bb.vc_custom_1492795754412{margin-top: 0px !important;margin-right: 0px !important;margin-bottom: 0px !important;margin-left: 0px !important;}\u00a0\u00bb][\/vc_column][\/vc_row][vc_row css=\u00a0\u00bb.vc_custom_1490287549845{background-color: #ffffff !important;}\u00a0\u00bb][vc_column][vc_empty_space height=\u00a0\u00bb45px\u00a0\u00bb][vc_column_text disable_pattern=\u00a0\u00bbfalse\u00a0\u00bb el_class=\u00a0\u00bbformaovoide-tit1 vitbot-color1 font-din2014-b\u00a0\u00bb] FORME OVO\u00cfDE [\/vc_column_text][\/vc_column][\/vc_row][vc_row css=\u00a0\u00bb.vc_custom_1490287549845{background-color: #ffffff !important;}\u00a0\u00bb][vc_column width=\u00a0\u00bb1\/2&Prime;][vc_column_text disable_pattern=\u00a0\u00bbfalse\u00a0\u00bb el_class=\u00a0\u00bbformaovoide-txt vitbot-color2 font-din2014-l\u00a0\u00bb] La vie n\u00e9cessite le mouvement en vortex pour maintenir l\u2019\u00e9nergie qui nourrit la structure m\u00eame de l\u2019existence physique et [&hellip;]\" \/>\n<meta property=\"og:url\" content=\"https:\/\/www.vitbot.com\/fr\/forme-ovoide\" \/>\n<meta property=\"og:site_name\" content=\"Vitbot\" \/>\n<meta property=\"article:publisher\" content=\"https:\/\/www.facebook.com\/vitbotbottle\/\" \/>\n<meta property=\"article:modified_time\" content=\"2018-12-02T05:12:09+00:00\" \/>\n<meta name=\"twitter:card\" content=\"summary_large_image\" \/>\n<meta name=\"twitter:label1\" content=\"Dur\u00e9e de lecture estim\u00e9e\" \/>\n\t<meta name=\"twitter:data1\" content=\"8 minutes\" \/>\n<script type=\"application\/ld+json\" class=\"yoast-schema-graph\">{\"@context\":\"https:\/\/schema.org\",\"@graph\":[{\"@type\":\"WebPage\",\"@id\":\"https:\/\/www.vitbot.com\/fr\/forme-ovoide\",\"url\":\"https:\/\/www.vitbot.com\/fr\/forme-ovoide\",\"name\":\"Forme Ovo\u00efde - Vitbot\",\"isPartOf\":{\"@id\":\"https:\/\/www.vitbot.com\/fr#website\"},\"datePublished\":\"2017-05-02T18:52:17+00:00\",\"dateModified\":\"2018-12-02T05:12:09+00:00\",\"breadcrumb\":{\"@id\":\"https:\/\/www.vitbot.com\/fr\/forme-ovoide#breadcrumb\"},\"inLanguage\":\"fr-FR\",\"potentialAction\":[{\"@type\":\"ReadAction\",\"target\":[\"https:\/\/www.vitbot.com\/fr\/forme-ovoide\"]}]},{\"@type\":\"BreadcrumbList\",\"@id\":\"https:\/\/www.vitbot.com\/fr\/forme-ovoide#breadcrumb\",\"itemListElement\":[{\"@type\":\"ListItem\",\"position\":1,\"name\":\"Home\",\"item\":\"https:\/\/www.vitbot.com\/fr\"},{\"@type\":\"ListItem\",\"position\":2,\"name\":\"Forme Ovo\u00efde\"}]},{\"@type\":\"WebSite\",\"@id\":\"https:\/\/www.vitbot.com\/fr#website\",\"url\":\"https:\/\/www.vitbot.com\/fr\",\"name\":\"Vitbot\",\"description\":\"Best Reusable Water Bottles | Vortex Bottle | Vitalizer Bottle\",\"publisher\":{\"@id\":\"https:\/\/www.vitbot.com\/fr#organization\"},\"potentialAction\":[{\"@type\":\"SearchAction\",\"target\":{\"@type\":\"EntryPoint\",\"urlTemplate\":\"https:\/\/www.vitbot.com\/fr?s={search_term_string}\"},\"query-input\":\"required name=search_term_string\"}],\"inLanguage\":\"fr-FR\"},{\"@type\":\"Organization\",\"@id\":\"https:\/\/www.vitbot.com\/fr#organization\",\"name\":\"Vitbot Europe,S.L. NIF B66180548 Tel\u00e8fon Correu info@vitbot.com Direcci\u00f3 C\/ Almeria 40 F Poblaci\u00f3 Tarrasa Codi postal 08226 Pa\u00eds Espanya\",\"url\":\"https:\/\/www.vitbot.com\/fr\",\"logo\":{\"@type\":\"ImageObject\",\"inLanguage\":\"fr-FR\",\"@id\":\"https:\/\/www.vitbot.com\/fr#\/schema\/logo\/image\/\",\"url\":\"https:\/\/www.vitbot.com\/wp-content\/uploads\/2017\/03\/vitbot_logo.png\",\"contentUrl\":\"https:\/\/www.vitbot.com\/wp-content\/uploads\/2017\/03\/vitbot_logo.png\",\"width\":84,\"height\":24,\"caption\":\"Vitbot Europe,S.L. NIF B66180548 Tel\u00e8fon Correu info@vitbot.com Direcci\u00f3 C\/ Almeria 40 F Poblaci\u00f3 Tarrasa Codi postal 08226 Pa\u00eds Espanya\"},\"image\":{\"@id\":\"https:\/\/www.vitbot.com\/fr#\/schema\/logo\/image\/\"},\"sameAs\":[\"https:\/\/www.facebook.com\/vitbotbottle\/\",\"https:\/\/www.instagram.com\/vitbotofficial\/\"]}]}<\/script>\n<!-- \/ Yoast SEO plugin. -->","yoast_head_json":{"title":"Forme Ovo\u00efde - Vitbot","robots":{"index":"index","follow":"follow","max-snippet":"max-snippet:-1","max-image-preview":"max-image-preview:large","max-video-preview":"max-video-preview:-1"},"canonical":"https:\/\/www.vitbot.com\/fr\/forme-ovoide","og_locale":"fr_FR","og_type":"article","og_title":"Forme Ovo\u00efde - Vitbot","og_description":"[vc_row fullwidth=\u00a0\u00bbtrue\u00a0\u00bb equal_columns=\u00a0\u00bbtrue\u00a0\u00bb css=\u00a0\u00bb.vc_custom_1490864043520{background-color: #ffffff !important;}\u00a0\u00bb][vc_column][vc_single_image image=\u00a0\u00bb763&Prime; img_size=\u00a0\u00bbfull\u00a0\u00bb css=\u00a0\u00bb.vc_custom_1492795754412{margin-top: 0px !important;margin-right: 0px !important;margin-bottom: 0px !important;margin-left: 0px !important;}\u00a0\u00bb][\/vc_column][\/vc_row][vc_row css=\u00a0\u00bb.vc_custom_1490287549845{background-color: #ffffff !important;}\u00a0\u00bb][vc_column][vc_empty_space height=\u00a0\u00bb45px\u00a0\u00bb][vc_column_text disable_pattern=\u00a0\u00bbfalse\u00a0\u00bb el_class=\u00a0\u00bbformaovoide-tit1 vitbot-color1 font-din2014-b\u00a0\u00bb] FORME OVO\u00cfDE [\/vc_column_text][\/vc_column][\/vc_row][vc_row css=\u00a0\u00bb.vc_custom_1490287549845{background-color: #ffffff !important;}\u00a0\u00bb][vc_column width=\u00a0\u00bb1\/2&Prime;][vc_column_text disable_pattern=\u00a0\u00bbfalse\u00a0\u00bb el_class=\u00a0\u00bbformaovoide-txt vitbot-color2 font-din2014-l\u00a0\u00bb] La vie n\u00e9cessite le mouvement en vortex pour maintenir l\u2019\u00e9nergie qui nourrit la structure m\u00eame de l\u2019existence physique et [&hellip;]","og_url":"https:\/\/www.vitbot.com\/fr\/forme-ovoide","og_site_name":"Vitbot","article_publisher":"https:\/\/www.facebook.com\/vitbotbottle\/","article_modified_time":"2018-12-02T05:12:09+00:00","twitter_card":"summary_large_image","twitter_misc":{"Dur\u00e9e de lecture estim\u00e9e":"8 minutes"},"schema":{"@context":"https:\/\/schema.org","@graph":[{"@type":"WebPage","@id":"https:\/\/www.vitbot.com\/fr\/forme-ovoide","url":"https:\/\/www.vitbot.com\/fr\/forme-ovoide","name":"Forme Ovo\u00efde - Vitbot","isPartOf":{"@id":"https:\/\/www.vitbot.com\/fr#website"},"datePublished":"2017-05-02T18:52:17+00:00","dateModified":"2018-12-02T05:12:09+00:00","breadcrumb":{"@id":"https:\/\/www.vitbot.com\/fr\/forme-ovoide#breadcrumb"},"inLanguage":"fr-FR","potentialAction":[{"@type":"ReadAction","target":["https:\/\/www.vitbot.com\/fr\/forme-ovoide"]}]},{"@type":"BreadcrumbList","@id":"https:\/\/www.vitbot.com\/fr\/forme-ovoide#breadcrumb","itemListElement":[{"@type":"ListItem","position":1,"name":"Home","item":"https:\/\/www.vitbot.com\/fr"},{"@type":"ListItem","position":2,"name":"Forme Ovo\u00efde"}]},{"@type":"WebSite","@id":"https:\/\/www.vitbot.com\/fr#website","url":"https:\/\/www.vitbot.com\/fr","name":"Vitbot","description":"Best Reusable Water Bottles | Vortex Bottle | Vitalizer Bottle","publisher":{"@id":"https:\/\/www.vitbot.com\/fr#organization"},"potentialAction":[{"@type":"SearchAction","target":{"@type":"EntryPoint","urlTemplate":"https:\/\/www.vitbot.com\/fr?s={search_term_string}"},"query-input":"required name=search_term_string"}],"inLanguage":"fr-FR"},{"@type":"Organization","@id":"https:\/\/www.vitbot.com\/fr#organization","name":"Vitbot Europe,S.L. NIF B66180548 Tel\u00e8fon Correu info@vitbot.com Direcci\u00f3 C\/ Almeria 40 F Poblaci\u00f3 Tarrasa Codi postal 08226 Pa\u00eds Espanya","url":"https:\/\/www.vitbot.com\/fr","logo":{"@type":"ImageObject","inLanguage":"fr-FR","@id":"https:\/\/www.vitbot.com\/fr#\/schema\/logo\/image\/","url":"https:\/\/www.vitbot.com\/wp-content\/uploads\/2017\/03\/vitbot_logo.png","contentUrl":"https:\/\/www.vitbot.com\/wp-content\/uploads\/2017\/03\/vitbot_logo.png","width":84,"height":24,"caption":"Vitbot Europe,S.L. NIF B66180548 Tel\u00e8fon Correu info@vitbot.com Direcci\u00f3 C\/ Almeria 40 F Poblaci\u00f3 Tarrasa Codi postal 08226 Pa\u00eds Espanya"},"image":{"@id":"https:\/\/www.vitbot.com\/fr#\/schema\/logo\/image\/"},"sameAs":["https:\/\/www.facebook.com\/vitbotbottle\/","https:\/\/www.instagram.com\/vitbotofficial\/"]}]}},"_links":{"self":[{"href":"https:\/\/www.vitbot.com\/fr\/wp-json\/wp\/v2\/pages\/1053"}],"collection":[{"href":"https:\/\/www.vitbot.com\/fr\/wp-json\/wp\/v2\/pages"}],"about":[{"href":"https:\/\/www.vitbot.com\/fr\/wp-json\/wp\/v2\/types\/page"}],"author":[{"embeddable":true,"href":"https:\/\/www.vitbot.com\/fr\/wp-json\/wp\/v2\/users\/1"}],"replies":[{"embeddable":true,"href":"https:\/\/www.vitbot.com\/fr\/wp-json\/wp\/v2\/comments?post=1053"}],"version-history":[{"count":1,"href":"https:\/\/www.vitbot.com\/fr\/wp-json\/wp\/v2\/pages\/1053\/revisions"}],"predecessor-version":[{"id":3744,"href":"https:\/\/www.vitbot.com\/fr\/wp-json\/wp\/v2\/pages\/1053\/revisions\/3744"}],"wp:attachment":[{"href":"https:\/\/www.vitbot.com\/fr\/wp-json\/wp\/v2\/media?parent=1053"}],"curies":[{"name":"wp","href":"https:\/\/api.w.org\/{rel}","templated":true}]}}