{"id":1048,"date":"2017-05-02T20:49:52","date_gmt":"2017-05-02T18:49:52","guid":{"rendered":"https:\/\/www.vitbot.com\/la-generation-liquide"},"modified":"2017-06-01T14:09:38","modified_gmt":"2017-06-01T12:09:38","slug":"la-generation-liquide","status":"publish","type":"page","link":"https:\/\/www.vitbot.com\/fr\/la-generation-liquide","title":{"rendered":"La G\u00e9n\u00e9ration Liquide"},"content":{"rendered":"[vc_row fullwidth=\u00a0\u00bbtrue\u00a0\u00bb equal_columns=\u00a0\u00bbtrue\u00a0\u00bb css=\u00a0\u00bb.vc_custom_1490864043520{background-color: #ffffff !important;}\u00a0\u00bb][vc_column][vc_single_image image=\u00a0\u00bb768&Prime; img_size=\u00a0\u00bbfull\u00a0\u00bb css=\u00a0\u00bb.vc_custom_1492795674466{margin-top: 0px !important;margin-right: 0px !important;margin-bottom: 0px !important;margin-left: 0px !important;}\u00a0\u00bb][\/vc_column][\/vc_row][vc_row css=\u00a0\u00bb.vc_custom_1490287549845{background-color: #ffffff !important;}\u00a0\u00bb][vc_column][vc_empty_space height=\u00a0\u00bb45px\u00a0\u00bb][vc_column_text disable_pattern=\u00a0\u00bbfalse\u00a0\u00bb el_class=\u00a0\u00bbgenli-tit1 vitbot-color1 font-din2014-b\u00a0\u00bb]\n<h1>LA G\u00c9N\u00c9RATION LIQUIDE<\/h1>\n[\/vc_column_text][\/vc_column][\/vc_row][vc_row css=\u00a0\u00bb.vc_custom_1490287549845{background-color: #ffffff !important;}\u00a0\u00bb][vc_column width=\u00a0\u00bb1\/2&Prime;][vc_column_text disable_pattern=\u00a0\u00bbfalse\u00a0\u00bb el_class=\u00a0\u00bbfont-din2014-l genli-txt\u00a0\u00bb]Le corps humain est compos\u00e9 jusqu\u2019\u00e0 80 % d\u2019eau \u00e0 la naissance et 70 % \u00e0 l\u2019\u00e2ge adulte. Nous sommes des \u00ab \u00eatres liquides \u00bb.<\/p>\n<p>Chez Vitbot, nous croyons que l\u2019eau est plus qu\u2019une simple boisson qui \u00e9tanche notre soif. Elle est notre aliment essentiel, le seul dont nous ne puissions nous passer. Conscients de l\u2019importance de l\u2019eau pour tous les \u00eatres qui habitent notre plan\u00e8te nous avons cr\u00e9\u00e9 le mouvement de \u00ab La G\u00e9n\u00e9ration Liquide \u00bb.<\/p>\n<p>Le mouvement de \u00ab La G\u00e9n\u00e9ration Liquide \u00bb est n\u00e9 de l\u2019id\u00e9e de mettre en r\u00e9seau toutes les personnes, entreprises, institutions et organisations qui, comme nous, connaissent les propri\u00e9t\u00e9s et le potentiel de l\u2019eau pour d\u00e9dier temps, argent et efforts communs \u00e0 sa protection.[\/vc_column_text][\/vc_column][vc_column width=\u00a0\u00bb1\/2&Prime;][vc_column_text disable_pattern=\u00a0\u00bbfalse\u00a0\u00bb el_class=\u00a0\u00bbfont-din2014-l genli-txt\u00a0\u00bb]<strong>Ont leur place au sein du mouvement de \u00ab La G\u00e9n\u00e9ration Liquide \u00bb:<\/strong><\/p>\n<ul>\n<li>Les personnes qui se soucient de l\u2019eau qu\u2019elles boivent et boivent l\u2019eau dont elles se soucient.<\/li>\n<li>Les entit\u00e9s et organisations qui travaillent \u00e0 nettoyer de leurs r\u00e9sidus les cours d\u2019eau, les mers et les oc\u00e9ans.<\/li>\n<li>Les entreprises qui ont fait du recyclage du plastique des oc\u00e9ans le c\u0153ur de leur activit\u00e9.<\/li>\n<li>Les scientifiques qui \u00e9tudient l\u2019eau et mettent \u00e0 jour ses myst\u00e8res et ses caract\u00e9ristiques tant sur le plan physique que subtil.<\/li>\n<\/ul>\n<p>Avec \u00ab La G\u00e9n\u00e9ration Liquide \u00bb nous voulons cr\u00e9er un r\u00e9seau, un lieu de rencontre, une plate-forme qui donne la parole \u00e0 l\u2019eau. Chez Vitbot nous consid\u00e9rons que chacune et chacun d\u2019entre nous est comme une vague \u00e0 la surface du grand oc\u00e9an de la vie. Uni(e)s, nous pouvons g\u00e9n\u00e9rer un grand mouvement de changement positif. Partagez sur notre page Facebook et notre compte Instagram les photos, commentaires et travaux qui, \u00e0 vos yeux, abondent dans ce sens.[\/vc_column_text][\/vc_column][\/vc_row][vc_row][vc_column][vc_empty_space height=\u00a0\u00bb30px\u00a0\u00bb][\/vc_column][\/vc_row][vc_row fullwidth=\u00a0\u00bbtrue\u00a0\u00bb fullwidth_content=\u00a0\u00bbfalse\u00a0\u00bb equal_columns=\u00a0\u00bbtrue\u00a0\u00bb css=\u00a0\u00bb.vc_custom_1491206402978{padding-top: 110px !important;padding-bottom: 90px !important;background-color: #1e0064 !important;}\u00a0\u00bb][vc_column width=\u00a0\u00bb1\/2&Prime;][vc_column_text disable_pattern=\u00a0\u00bbfalse\u00a0\u00bb el_class=\u00a0\u00bbfont-alternategn2d vitbot-color2 vidlink-txt\u00a0\u00bb]\n<h3>Water Memory (Documentaire de 2014 sur le prix Nobel Luc Montagnier)<\/h3>\n[\/vc_column_text][vc_column_text disable_pattern=\u00a0\u00bbfalse\u00a0\u00bb el_class=\u00a0\u00bbfont-din2014-l vidlink-txt vitbot-color3&Prime;]L\u2019eau est l\u2019\u00e9l\u00e9ment cl\u00e9 de la vie, mais cet \u00e9l\u00e9ment que nous croyons bien conna\u00eetre pourrait avoir des propri\u00e9t\u00e9s inattendues et jouer un r\u00f4le plus grand que ce que nous imaginons dans notre arbre de vie. (English)[\/vc_column_text][\/vc_column][vc_column width=\u00a0\u00bb1\/2&Prime;][vc_video link=\u00a0\u00bbhttps:\/\/www.youtube.com\/watch?v=R8VyUsVOic0&amp;vq=1080&Prime;][\/vc_column][\/vc_row][vc_row][vc_column][vc_empty_space height=\u00a0\u00bb90px\u00a0\u00bb][\/vc_column][\/vc_row][vc_row fullwidth=\u00a0\u00bbtrue\u00a0\u00bb fullwidth_content=\u00a0\u00bbfalse\u00a0\u00bb equal_columns=\u00a0\u00bbtrue\u00a0\u00bb][vc_column width=\u00a0\u00bb1\/2&Prime;][vc_column_text disable_pattern=\u00a0\u00bbfalse\u00a0\u00bb el_class=\u00a0\u00bbfont-alternategn2d vitbot-color2 vidlink-txt\u00a0\u00bb]\n<h3>Parley for the Oceans<\/h3>\n[\/vc_column_text][vc_column_text disable_pattern=\u00a0\u00bbfalse\u00a0\u00bb el_class=\u00a0\u00bbfont-din2014-l vidlink-txt\u00a0\u00bb]Aborde les principales menaces qui p\u00e8sent sur nos oc\u00e9ans, l&rsquo;\u00e9cosyst\u00e8me le plus important de notre plan\u00e8te. (English) <a href=\"http:\/\/www.parley.tv\/talks\/#parley-talks1\" target=\"_blank\" rel=\"noopener noreferrer\">http:\/\/www.parley.tv\/talks\/#parley-talks1<\/a>[\/vc_column_text][vc_column_text disable_pattern=\u00a0\u00bbfalse\u00a0\u00bb el_class=\u00a0\u00bbfont-alternategn2d vitbot-color2 genli-txt vidlink-txt\u00a0\u00bb]\n<h3>Ocean Cleanup<\/h3>\n[\/vc_column_text][vc_column_text disable_pattern=\u00a0\u00bbfalse\u00a0\u00bb el_class=\u00a0\u00bbfont-din2014-l vidlink-txt\u00a0\u00bb]D\u00e9veloppe des technologies de pointe pour \u00e9liminer le plastique des oc\u00e9ans. Son syst\u00e8me passif pourrait th\u00e9oriquement \u00e9liminer environ la moiti\u00e9 des d\u00e9chets de l&rsquo;oc\u00e9an Pacifique en 10 ans. <a href=\"https:\/\/www.theoceancleanup.com\" target=\"_blank\" rel=\"noopener noreferrer\">https:\/\/www.theoceancleanup.com<\/a>[\/vc_column_text][vc_column_text disable_pattern=\u00a0\u00bbfalse\u00a0\u00bb el_class=\u00a0\u00bbfont-alternategn2d vitbot-color2 vidlink-txt\u00a0\u00bb]\n<h3>Ocean Conservancy<\/h3>\n[\/vc_column_text][vc_column_text disable_pattern=\u00a0\u00bbfalse\u00a0\u00bb el_class=\u00a0\u00bbfont-din2014-l vidlink-txt\u00a0\u00bb]Mobilise les citoyens pour faciliter le changement et prot\u00e9ger l&rsquo;oc\u00e9an pour les g\u00e9n\u00e9rations futures.\u00a0<a href=\"http:\/\/www.oceanconservancy.org\/our-work\/marine-debris\/\" target=\"_blank\" rel=\"noopener noreferrer\">http:\/\/www.oceanconservancy.org\/our-work\/marine-debris\/<\/a>[\/vc_column_text][\/vc_column][vc_column width=\u00a0\u00bb1\/2&Prime;][vc_column_text disable_pattern=\u00a0\u00bbfalse\u00a0\u00bb el_class=\u00a0\u00bbfont-alternategn2d vitbot-color2 vidlink-txt\u00a0\u00bb]\n<h3>ECOALF<\/h3>\n[\/vc_column_text][vc_column_text disable_pattern=\u00a0\u00bbfalse\u00a0\u00bb el_class=\u00a0\u00bbfont-din2014-l vidlink-txt\u00a0\u00bb]Marque qui con\u00e7oit des v\u00eatements et des accessoires fonctionnels fabriqu\u00e9s \u00e0 partir de mat\u00e9riaux recycl\u00e9s des oc\u00e9ans. <a href=\"http:\/\/www.oceanconservancy.org\/our-work\/marine-debris\/\" target=\"_blank\" rel=\"noopener noreferrer\">http:\/\/www.oceanconservancy.org\/our-work\/marine-debris\/<\/a>[\/vc_column_text][vc_column_text disable_pattern=\u00a0\u00bbfalse\u00a0\u00bb el_class=\u00a0\u00bbfont-alternategn2d vitbot-color2 vidlink-txt\u00a0\u00bb]\n<h3>Sustainable architecture<\/h3>\n[\/vc_column_text][vc_column_text disable_pattern=\u00a0\u00bbfalse\u00a0\u00bb el_class=\u00a0\u00bbfont-din2014-l vidlink-txt\u00a0\u00bb]Utilisation des mat\u00e9riaux recycl\u00e9s des oc\u00e9ans. <a href=\"http:\/\/www.sparkarchitects.com\" target=\"_blank\" rel=\"noopener noreferrer\">http:\/\/www.sparkarchitects.com<\/a>[\/vc_column_text][\/vc_column][\/vc_row][vc_row][vc_column width=\u00a0\u00bb1\/2&Prime;][vc_empty_space height=\u00a0\u00bb90px\u00a0\u00bb][\/vc_column][vc_column width=\u00a0\u00bb1\/2&Prime;][\/vc_column][\/vc_row]\n","protected":false},"excerpt":{"rendered":"<p>[vc_row fullwidth=\u00a0\u00bbtrue\u00a0\u00bb equal_columns=\u00a0\u00bbtrue\u00a0\u00bb css=\u00a0\u00bb.vc_custom_1490864043520{background-color: #ffffff !important;}\u00a0\u00bb][vc_column][vc_single_image image=\u00a0\u00bb768&Prime; img_size=\u00a0\u00bbfull\u00a0\u00bb css=\u00a0\u00bb.vc_custom_1492795674466{margin-top: 0px !important;margin-right: 0px !important;margin-bottom: 0px !important;margin-left: 0px !important;}\u00a0\u00bb][\/vc_column][\/vc_row][vc_row css=\u00a0\u00bb.vc_custom_1490287549845{background-color: #ffffff !important;}\u00a0\u00bb][vc_column][vc_empty_space height=\u00a0\u00bb45px\u00a0\u00bb][vc_column_text disable_pattern=\u00a0\u00bbfalse\u00a0\u00bb el_class=\u00a0\u00bbgenli-tit1 vitbot-color1 font-din2014-b\u00a0\u00bb] LA G\u00c9N\u00c9RATION LIQUIDE [\/vc_column_text][\/vc_column][\/vc_row][vc_row css=\u00a0\u00bb.vc_custom_1490287549845{background-color: #ffffff !important;}\u00a0\u00bb][vc_column width=\u00a0\u00bb1\/2&Prime;][vc_column_text disable_pattern=\u00a0\u00bbfalse\u00a0\u00bb el_class=\u00a0\u00bbfont-din2014-l genli-txt\u00a0\u00bb]Le corps humain est compos\u00e9 jusqu\u2019\u00e0 80 % d\u2019eau \u00e0 la naissance et 70 % \u00e0 l\u2019\u00e2ge adulte. Nous sommes [&hellip;]<\/p>\n","protected":false},"author":1,"featured_media":0,"parent":0,"menu_order":11,"comment_status":"closed","ping_status":"closed","template":"","meta":{"_monsterinsights_skip_tracking":false,"_monsterinsights_sitenote_active":false,"_monsterinsights_sitenote_note":"","_monsterinsights_sitenote_category":0},"yoast_head":"<!-- This site is optimized with the Yoast SEO plugin v20.1 - https:\/\/yoast.com\/wordpress\/plugins\/seo\/ -->\n<title>La G\u00e9n\u00e9ration Liquide - Vitbot<\/title>\n<meta name=\"robots\" content=\"index, follow, max-snippet:-1, max-image-preview:large, max-video-preview:-1\" \/>\n<link rel=\"canonical\" href=\"https:\/\/www.vitbot.com\/fr\/la-generation-liquide\" \/>\n<meta property=\"og:locale\" content=\"fr_FR\" \/>\n<meta property=\"og:type\" content=\"article\" \/>\n<meta property=\"og:title\" content=\"La G\u00e9n\u00e9ration Liquide - Vitbot\" \/>\n<meta property=\"og:description\" content=\"[vc_row fullwidth=\u00a0\u00bbtrue\u00a0\u00bb equal_columns=\u00a0\u00bbtrue\u00a0\u00bb css=\u00a0\u00bb.vc_custom_1490864043520{background-color: #ffffff !important;}\u00a0\u00bb][vc_column][vc_single_image image=\u00a0\u00bb768&Prime; img_size=\u00a0\u00bbfull\u00a0\u00bb css=\u00a0\u00bb.vc_custom_1492795674466{margin-top: 0px !important;margin-right: 0px !important;margin-bottom: 0px !important;margin-left: 0px !important;}\u00a0\u00bb][\/vc_column][\/vc_row][vc_row css=\u00a0\u00bb.vc_custom_1490287549845{background-color: #ffffff !important;}\u00a0\u00bb][vc_column][vc_empty_space height=\u00a0\u00bb45px\u00a0\u00bb][vc_column_text disable_pattern=\u00a0\u00bbfalse\u00a0\u00bb el_class=\u00a0\u00bbgenli-tit1 vitbot-color1 font-din2014-b\u00a0\u00bb] LA G\u00c9N\u00c9RATION LIQUIDE [\/vc_column_text][\/vc_column][\/vc_row][vc_row css=\u00a0\u00bb.vc_custom_1490287549845{background-color: #ffffff !important;}\u00a0\u00bb][vc_column width=\u00a0\u00bb1\/2&Prime;][vc_column_text disable_pattern=\u00a0\u00bbfalse\u00a0\u00bb el_class=\u00a0\u00bbfont-din2014-l genli-txt\u00a0\u00bb]Le corps humain est compos\u00e9 jusqu\u2019\u00e0 80 % d\u2019eau \u00e0 la naissance et 70 % \u00e0 l\u2019\u00e2ge adulte. Nous sommes [&hellip;]\" \/>\n<meta property=\"og:url\" content=\"https:\/\/www.vitbot.com\/fr\/la-generation-liquide\" \/>\n<meta property=\"og:site_name\" content=\"Vitbot\" \/>\n<meta property=\"article:publisher\" content=\"https:\/\/www.facebook.com\/vitbotbottle\/\" \/>\n<meta property=\"article:modified_time\" content=\"2017-06-01T12:09:38+00:00\" \/>\n<meta name=\"twitter:card\" content=\"summary_large_image\" \/>\n<meta name=\"twitter:label1\" content=\"Dur\u00e9e de lecture estim\u00e9e\" \/>\n\t<meta name=\"twitter:data1\" content=\"5 minutes\" \/>\n<script type=\"application\/ld+json\" class=\"yoast-schema-graph\">{\"@context\":\"https:\/\/schema.org\",\"@graph\":[{\"@type\":\"WebPage\",\"@id\":\"https:\/\/www.vitbot.com\/fr\/la-generation-liquide\",\"url\":\"https:\/\/www.vitbot.com\/fr\/la-generation-liquide\",\"name\":\"La G\u00e9n\u00e9ration Liquide - Vitbot\",\"isPartOf\":{\"@id\":\"https:\/\/www.vitbot.com\/fr#website\"},\"datePublished\":\"2017-05-02T18:49:52+00:00\",\"dateModified\":\"2017-06-01T12:09:38+00:00\",\"breadcrumb\":{\"@id\":\"https:\/\/www.vitbot.com\/fr\/la-generation-liquide#breadcrumb\"},\"inLanguage\":\"fr-FR\",\"potentialAction\":[{\"@type\":\"ReadAction\",\"target\":[\"https:\/\/www.vitbot.com\/fr\/la-generation-liquide\"]}]},{\"@type\":\"BreadcrumbList\",\"@id\":\"https:\/\/www.vitbot.com\/fr\/la-generation-liquide#breadcrumb\",\"itemListElement\":[{\"@type\":\"ListItem\",\"position\":1,\"name\":\"Home\",\"item\":\"https:\/\/www.vitbot.com\/fr\"},{\"@type\":\"ListItem\",\"position\":2,\"name\":\"La G\u00e9n\u00e9ration Liquide\"}]},{\"@type\":\"WebSite\",\"@id\":\"https:\/\/www.vitbot.com\/fr#website\",\"url\":\"https:\/\/www.vitbot.com\/fr\",\"name\":\"Vitbot\",\"description\":\"Best Reusable Water Bottles | Vortex Bottle | Vitalizer Bottle\",\"publisher\":{\"@id\":\"https:\/\/www.vitbot.com\/fr#organization\"},\"potentialAction\":[{\"@type\":\"SearchAction\",\"target\":{\"@type\":\"EntryPoint\",\"urlTemplate\":\"https:\/\/www.vitbot.com\/fr?s={search_term_string}\"},\"query-input\":\"required name=search_term_string\"}],\"inLanguage\":\"fr-FR\"},{\"@type\":\"Organization\",\"@id\":\"https:\/\/www.vitbot.com\/fr#organization\",\"name\":\"Vitbot Europe,S.L. NIF B66180548 Tel\u00e8fon Correu info@vitbot.com Direcci\u00f3 C\/ Almeria 40 F Poblaci\u00f3 Tarrasa Codi postal 08226 Pa\u00eds Espanya\",\"url\":\"https:\/\/www.vitbot.com\/fr\",\"logo\":{\"@type\":\"ImageObject\",\"inLanguage\":\"fr-FR\",\"@id\":\"https:\/\/www.vitbot.com\/fr#\/schema\/logo\/image\/\",\"url\":\"https:\/\/www.vitbot.com\/wp-content\/uploads\/2017\/03\/vitbot_logo.png\",\"contentUrl\":\"https:\/\/www.vitbot.com\/wp-content\/uploads\/2017\/03\/vitbot_logo.png\",\"width\":84,\"height\":24,\"caption\":\"Vitbot Europe,S.L. NIF B66180548 Tel\u00e8fon Correu info@vitbot.com Direcci\u00f3 C\/ Almeria 40 F Poblaci\u00f3 Tarrasa Codi postal 08226 Pa\u00eds Espanya\"},\"image\":{\"@id\":\"https:\/\/www.vitbot.com\/fr#\/schema\/logo\/image\/\"},\"sameAs\":[\"https:\/\/www.facebook.com\/vitbotbottle\/\",\"https:\/\/www.instagram.com\/vitbotofficial\/\"]}]}<\/script>\n<!-- \/ Yoast SEO plugin. -->","yoast_head_json":{"title":"La G\u00e9n\u00e9ration Liquide - Vitbot","robots":{"index":"index","follow":"follow","max-snippet":"max-snippet:-1","max-image-preview":"max-image-preview:large","max-video-preview":"max-video-preview:-1"},"canonical":"https:\/\/www.vitbot.com\/fr\/la-generation-liquide","og_locale":"fr_FR","og_type":"article","og_title":"La G\u00e9n\u00e9ration Liquide - Vitbot","og_description":"[vc_row fullwidth=\u00a0\u00bbtrue\u00a0\u00bb equal_columns=\u00a0\u00bbtrue\u00a0\u00bb css=\u00a0\u00bb.vc_custom_1490864043520{background-color: #ffffff !important;}\u00a0\u00bb][vc_column][vc_single_image image=\u00a0\u00bb768&Prime; img_size=\u00a0\u00bbfull\u00a0\u00bb css=\u00a0\u00bb.vc_custom_1492795674466{margin-top: 0px !important;margin-right: 0px !important;margin-bottom: 0px !important;margin-left: 0px !important;}\u00a0\u00bb][\/vc_column][\/vc_row][vc_row css=\u00a0\u00bb.vc_custom_1490287549845{background-color: #ffffff !important;}\u00a0\u00bb][vc_column][vc_empty_space height=\u00a0\u00bb45px\u00a0\u00bb][vc_column_text disable_pattern=\u00a0\u00bbfalse\u00a0\u00bb el_class=\u00a0\u00bbgenli-tit1 vitbot-color1 font-din2014-b\u00a0\u00bb] LA G\u00c9N\u00c9RATION LIQUIDE [\/vc_column_text][\/vc_column][\/vc_row][vc_row css=\u00a0\u00bb.vc_custom_1490287549845{background-color: #ffffff !important;}\u00a0\u00bb][vc_column width=\u00a0\u00bb1\/2&Prime;][vc_column_text disable_pattern=\u00a0\u00bbfalse\u00a0\u00bb el_class=\u00a0\u00bbfont-din2014-l genli-txt\u00a0\u00bb]Le corps humain est compos\u00e9 jusqu\u2019\u00e0 80 % d\u2019eau \u00e0 la naissance et 70 % \u00e0 l\u2019\u00e2ge adulte. Nous sommes [&hellip;]","og_url":"https:\/\/www.vitbot.com\/fr\/la-generation-liquide","og_site_name":"Vitbot","article_publisher":"https:\/\/www.facebook.com\/vitbotbottle\/","article_modified_time":"2017-06-01T12:09:38+00:00","twitter_card":"summary_large_image","twitter_misc":{"Dur\u00e9e de lecture estim\u00e9e":"5 minutes"},"schema":{"@context":"https:\/\/schema.org","@graph":[{"@type":"WebPage","@id":"https:\/\/www.vitbot.com\/fr\/la-generation-liquide","url":"https:\/\/www.vitbot.com\/fr\/la-generation-liquide","name":"La G\u00e9n\u00e9ration Liquide - Vitbot","isPartOf":{"@id":"https:\/\/www.vitbot.com\/fr#website"},"datePublished":"2017-05-02T18:49:52+00:00","dateModified":"2017-06-01T12:09:38+00:00","breadcrumb":{"@id":"https:\/\/www.vitbot.com\/fr\/la-generation-liquide#breadcrumb"},"inLanguage":"fr-FR","potentialAction":[{"@type":"ReadAction","target":["https:\/\/www.vitbot.com\/fr\/la-generation-liquide"]}]},{"@type":"BreadcrumbList","@id":"https:\/\/www.vitbot.com\/fr\/la-generation-liquide#breadcrumb","itemListElement":[{"@type":"ListItem","position":1,"name":"Home","item":"https:\/\/www.vitbot.com\/fr"},{"@type":"ListItem","position":2,"name":"La G\u00e9n\u00e9ration Liquide"}]},{"@type":"WebSite","@id":"https:\/\/www.vitbot.com\/fr#website","url":"https:\/\/www.vitbot.com\/fr","name":"Vitbot","description":"Best Reusable Water Bottles | Vortex Bottle | Vitalizer Bottle","publisher":{"@id":"https:\/\/www.vitbot.com\/fr#organization"},"potentialAction":[{"@type":"SearchAction","target":{"@type":"EntryPoint","urlTemplate":"https:\/\/www.vitbot.com\/fr?s={search_term_string}"},"query-input":"required name=search_term_string"}],"inLanguage":"fr-FR"},{"@type":"Organization","@id":"https:\/\/www.vitbot.com\/fr#organization","name":"Vitbot Europe,S.L. NIF B66180548 Tel\u00e8fon Correu info@vitbot.com Direcci\u00f3 C\/ Almeria 40 F Poblaci\u00f3 Tarrasa Codi postal 08226 Pa\u00eds Espanya","url":"https:\/\/www.vitbot.com\/fr","logo":{"@type":"ImageObject","inLanguage":"fr-FR","@id":"https:\/\/www.vitbot.com\/fr#\/schema\/logo\/image\/","url":"https:\/\/www.vitbot.com\/wp-content\/uploads\/2017\/03\/vitbot_logo.png","contentUrl":"https:\/\/www.vitbot.com\/wp-content\/uploads\/2017\/03\/vitbot_logo.png","width":84,"height":24,"caption":"Vitbot Europe,S.L. NIF B66180548 Tel\u00e8fon Correu info@vitbot.com Direcci\u00f3 C\/ Almeria 40 F Poblaci\u00f3 Tarrasa Codi postal 08226 Pa\u00eds Espanya"},"image":{"@id":"https:\/\/www.vitbot.com\/fr#\/schema\/logo\/image\/"},"sameAs":["https:\/\/www.facebook.com\/vitbotbottle\/","https:\/\/www.instagram.com\/vitbotofficial\/"]}]}},"_links":{"self":[{"href":"https:\/\/www.vitbot.com\/fr\/wp-json\/wp\/v2\/pages\/1048"}],"collection":[{"href":"https:\/\/www.vitbot.com\/fr\/wp-json\/wp\/v2\/pages"}],"about":[{"href":"https:\/\/www.vitbot.com\/fr\/wp-json\/wp\/v2\/types\/page"}],"author":[{"embeddable":true,"href":"https:\/\/www.vitbot.com\/fr\/wp-json\/wp\/v2\/users\/1"}],"replies":[{"embeddable":true,"href":"https:\/\/www.vitbot.com\/fr\/wp-json\/wp\/v2\/comments?post=1048"}],"version-history":[{"count":0,"href":"https:\/\/www.vitbot.com\/fr\/wp-json\/wp\/v2\/pages\/1048\/revisions"}],"wp:attachment":[{"href":"https:\/\/www.vitbot.com\/fr\/wp-json\/wp\/v2\/media?parent=1048"}],"curies":[{"name":"wp","href":"https:\/\/api.w.org\/{rel}","templated":true}]}}