{"id":1045,"date":"2017-05-02T20:48:11","date_gmt":"2017-05-02T18:48:11","guid":{"rendered":"https:\/\/www.vitbot.com\/qui-sommes-nous"},"modified":"2018-11-29T09:17:48","modified_gmt":"2018-11-29T07:17:48","slug":"qui-sommes-nous","status":"publish","type":"page","link":"https:\/\/www.vitbot.com\/fr\/qui-sommes-nous","title":{"rendered":"Qui sommes-nous?"},"content":{"rendered":"[vc_row fullwidth=\u00a0\u00bbtrue\u00a0\u00bb equal_columns=\u00a0\u00bbtrue\u00a0\u00bb css=\u00a0\u00bb.vc_custom_1490864043520{background-color: #ffffff !important;}\u00a0\u00bb][vc_column][vc_single_image image=\u00a0\u00bb186&Prime; img_size=\u00a0\u00bbfull\u00a0\u00bb css=\u00a0\u00bb.vc_custom_1490287995717{margin: 0px !important;}\u00a0\u00bb][\/vc_column][\/vc_row][vc_row css=\u00a0\u00bb.vc_custom_1490287549845{background-color: #ffffff !important;}\u00a0\u00bb][vc_column width=\u00a0\u00bb1\/2&Prime;][vc_empty_space height=\u00a0\u00bb45px\u00a0\u00bb][vc_column_text disable_pattern=\u00a0\u00bbfalse\u00a0\u00bb el_class=\u00a0\u00bbnosotros-titfun vitbot-color1 font-din2014-b\u00a0\u00bb]\n<h1>LES FONDATEURS<\/h1>\n[\/vc_column_text][vc_column_text disable_pattern=\u00a0\u00bbfalse\u00a0\u00bb el_class=\u00a0\u00bbnosotros-subtitnom vitbot-color2 font-din2014-l\u00a0\u00bb]\n<h3><strong>ANTONIO LOZANO DOM\u00c8NECH, Ph.D.<\/strong> &#8211; Docteur \u00e8s Sciences Politiques et Sociales de l\u2019Universit\u00e9 Complutense de Madrid. Dipl\u00f4m\u00e9 d\u2019un Master en Direction des Entreprises de l\u2019Ecole d\u2019Ing\u00e9nieurs de l\u2019Universit\u00e9 Polytechnique de Catalogne.<\/h3>\n<h3><strong>DOLORS MARTORELL REYES<\/strong> &#8211; Licenci\u00e9 en Sciences de l\u2019Information de l\u2019Universit\u00e9 Autonome de Barcelone. Dipl\u00f4m\u00e9 d\u2019un Master en P\u00e9dagogie Th\u00e9rapeutique de l\u2019Universit\u00e9 Autonome de Barcelone.<\/h3>\n[\/vc_column_text][vc_empty_space height=\u00a0\u00bb45px\u00a0\u00bb el_class=\u00a0\u00bbnosotros-space1&Prime;][\/vc_column][vc_column width=\u00a0\u00bb1\/2&Prime;][\/vc_column][\/vc_row][vc_row][vc_column width=\u00a0\u00bb1\/2&Prime;][vc_column_text disable_pattern=\u00a0\u00bbfalse\u00a0\u00bb el_class=\u00a0\u00bbfont-din2014-l nosotros-txt\u00a0\u00bb]Ce qui a commenc\u00e9 pour nous comme une affaire, une entreprise dans le secteur du traitement de l\u2019eau, nous a amen\u00e9 \u00e0 d\u00e9couvrir une mani\u00e8re nouvelle de voir le monde. Passionn\u00e9s par ce liquide fascinant qu\u2019est l\u2019eau dont les myst\u00e8res ont captiv\u00e9 tant de scientifiques nous avons d\u00e9couvert le langage de la nature et nous sommes rendu compte que cette nature cherchait \u00e0 g\u00e9n\u00e9rer, pr\u00e9server et maintenir la vie avec le maximum d\u2019efficacit\u00e9. Et pour ce faire, elle utilise formes, mouvements et mod\u00e8les de croissance.<\/p>\n<p>Durant une longue p\u00e9riode, nous avons v\u00e9cu dans une ferme agricole entour\u00e9e de for\u00eats o\u00f9 nous avons cultiv\u00e9 notre petit verger. Au contact de la nature, nous avons observ\u00e9 le cycle de la vie : le mouvement en vortex du ciel, du vent, de l\u2019eau de pluie qui tombe, de l\u2019eau de source, de la rivi\u00e8re, de la mer. Nous avons observ\u00e9 la forme des graines capables de conserver \u00e0 l\u2019int\u00e9rieur d\u2019elles la m\u00e9moire de la plante jusqu\u2019au moment o\u00f9 on les met en terre. Nous avons observ\u00e9 la forme ovale des \u0153ufs r\u00e9ceptacles de la vie de vert\u00e9br\u00e9s et d\u2019invert\u00e9br\u00e9s. Nous avons observ\u00e9 la croissance de la branche des arbres et des plantes, qui toutes se superposent et s\u2019intercalent suivant un mod\u00e8le de d\u00e9veloppement \u00e0 la proportion Phi afin de recevoir le plus efficacement possible le maximum de lumi\u00e8re du soleil et d\u2019eau de pluie. [\/vc_column_text][vc_empty_space height=\u00a0\u00bb90px\u00a0\u00bb el_class=\u00a0\u00bbnosotros-space2&Prime;][\/vc_column][vc_column width=\u00a0\u00bb1\/2&Prime;][vc_column_text disable_pattern=\u00a0\u00bbfalse\u00a0\u00bb el_class=\u00a0\u00bbfont-din2014-l nosotros-txt\u00a0\u00bb css=\u00a0\u00bb.vc_custom_1543475864512{margin-bottom: 0px !important;}\u00a0\u00bb]Fruit de cette exp\u00e9rience, nous avons pris en 2014 la d\u00e9cision de d\u00e9m\u00e9nager en Californie pour concevoir et d\u00e9velopper les bouteilles Vitbot. L\u2019entreprise Vitbot est n\u00e9 du d\u00e9sir de concevoir un produit, la bouteille Vitbot, en m\u00eame temps que de d\u00e9livrer un message : la forme du contenant est un facteur cl\u00e9 pour permettre le mouvement en vortex des liquides et gr\u00e2ce \u00e0 lui pour maintenir la vitalit\u00e9 des breuvages.<\/p>\n<p>Notre soci\u00e9t\u00e9, a permis de faire un grand bond en avant concernant l\u2019offre et la demande dans le domaine de la nutrition. Un nombre de plus en plus grand de consommateurs exige des produits qui ne soient pas nuisibles \u00e0 l\u2019environnement et de plus en plus de fabricants utilisent des proc\u00e9d\u00e9s de fabrication respectueux de ces principes, au sens le plus large du terme. Nous avons contribu\u00e9 \u00e0 am\u00e9liorer toute la cha\u00eene d\u2019alimentation, de la mati\u00e8re premi\u00e8re \u00e0 l\u2019emballage. Force est de constater que dans le domaine de l\u2019emballage et de la mise en bouteille, \u00e0 part un retour au verre et une am\u00e9lioration de son usage, il n\u2019y a gu\u00e8re eu de proposition innovante en phase avec les changements profonds que nous vivons actuellement.<\/p>\n<p>Avec Vitbot, nous voulons aider \u00e0 faire \u00e9voluer la forme des contenants dans lesquels nous embouteillons l\u2019eau et tous les liquides et apporter ainsi un b\u00e9n\u00e9fice pour les boissons, pour les personnes et pour la plan\u00e8te.[\/vc_column_text][\/vc_column][\/vc_row][vc_row][vc_column][vc_empty_space el_class=\u00a0\u00bbnosotros-space3&Prime;][\/vc_column][\/vc_row]\n","protected":false},"excerpt":{"rendered":"<p>[vc_row fullwidth=\u00a0\u00bbtrue\u00a0\u00bb equal_columns=\u00a0\u00bbtrue\u00a0\u00bb css=\u00a0\u00bb.vc_custom_1490864043520{background-color: #ffffff !important;}\u00a0\u00bb][vc_column][vc_single_image image=\u00a0\u00bb186&Prime; img_size=\u00a0\u00bbfull\u00a0\u00bb css=\u00a0\u00bb.vc_custom_1490287995717{margin: 0px !important;}\u00a0\u00bb][\/vc_column][\/vc_row][vc_row css=\u00a0\u00bb.vc_custom_1490287549845{background-color: #ffffff !important;}\u00a0\u00bb][vc_column width=\u00a0\u00bb1\/2&Prime;][vc_empty_space height=\u00a0\u00bb45px\u00a0\u00bb][vc_column_text disable_pattern=\u00a0\u00bbfalse\u00a0\u00bb el_class=\u00a0\u00bbnosotros-titfun vitbot-color1 font-din2014-b\u00a0\u00bb] LES FONDATEURS [\/vc_column_text][vc_column_text disable_pattern=\u00a0\u00bbfalse\u00a0\u00bb el_class=\u00a0\u00bbnosotros-subtitnom vitbot-color2 font-din2014-l\u00a0\u00bb] ANTONIO LOZANO DOM\u00c8NECH, Ph.D. &#8211; Docteur \u00e8s Sciences Politiques et Sociales de l\u2019Universit\u00e9 Complutense de Madrid. Dipl\u00f4m\u00e9 d\u2019un Master en Direction des Entreprises de l\u2019Ecole d\u2019Ing\u00e9nieurs de l\u2019Universit\u00e9 [&hellip;]<\/p>\n","protected":false},"author":1,"featured_media":0,"parent":0,"menu_order":6,"comment_status":"closed","ping_status":"closed","template":"","meta":{"_monsterinsights_skip_tracking":false,"_monsterinsights_sitenote_active":false,"_monsterinsights_sitenote_note":"","_monsterinsights_sitenote_category":0},"yoast_head":"<!-- This site is optimized with the Yoast SEO plugin v20.1 - https:\/\/yoast.com\/wordpress\/plugins\/seo\/ -->\n<title>Qui sommes-nous? - Vitbot<\/title>\n<meta name=\"robots\" content=\"index, follow, max-snippet:-1, max-image-preview:large, max-video-preview:-1\" \/>\n<link rel=\"canonical\" href=\"https:\/\/www.vitbot.com\/fr\/qui-sommes-nous\" \/>\n<meta property=\"og:locale\" content=\"fr_FR\" \/>\n<meta property=\"og:type\" content=\"article\" \/>\n<meta property=\"og:title\" content=\"Qui sommes-nous? - Vitbot\" \/>\n<meta property=\"og:description\" content=\"[vc_row fullwidth=\u00a0\u00bbtrue\u00a0\u00bb equal_columns=\u00a0\u00bbtrue\u00a0\u00bb css=\u00a0\u00bb.vc_custom_1490864043520{background-color: #ffffff !important;}\u00a0\u00bb][vc_column][vc_single_image image=\u00a0\u00bb186&Prime; img_size=\u00a0\u00bbfull\u00a0\u00bb css=\u00a0\u00bb.vc_custom_1490287995717{margin: 0px !important;}\u00a0\u00bb][\/vc_column][\/vc_row][vc_row css=\u00a0\u00bb.vc_custom_1490287549845{background-color: #ffffff !important;}\u00a0\u00bb][vc_column width=\u00a0\u00bb1\/2&Prime;][vc_empty_space height=\u00a0\u00bb45px\u00a0\u00bb][vc_column_text disable_pattern=\u00a0\u00bbfalse\u00a0\u00bb el_class=\u00a0\u00bbnosotros-titfun vitbot-color1 font-din2014-b\u00a0\u00bb] LES FONDATEURS [\/vc_column_text][vc_column_text disable_pattern=\u00a0\u00bbfalse\u00a0\u00bb el_class=\u00a0\u00bbnosotros-subtitnom vitbot-color2 font-din2014-l\u00a0\u00bb] ANTONIO LOZANO DOM\u00c8NECH, Ph.D. &#8211; Docteur \u00e8s Sciences Politiques et Sociales de l\u2019Universit\u00e9 Complutense de Madrid. Dipl\u00f4m\u00e9 d\u2019un Master en Direction des Entreprises de l\u2019Ecole d\u2019Ing\u00e9nieurs de l\u2019Universit\u00e9 [&hellip;]\" \/>\n<meta property=\"og:url\" content=\"https:\/\/www.vitbot.com\/fr\/qui-sommes-nous\" \/>\n<meta property=\"og:site_name\" content=\"Vitbot\" \/>\n<meta property=\"article:publisher\" content=\"https:\/\/www.facebook.com\/vitbotbottle\/\" \/>\n<meta property=\"article:modified_time\" content=\"2018-11-29T07:17:48+00:00\" \/>\n<meta name=\"twitter:card\" content=\"summary_large_image\" \/>\n<meta name=\"twitter:label1\" content=\"Dur\u00e9e de lecture estim\u00e9e\" \/>\n\t<meta name=\"twitter:data1\" content=\"4 minutes\" \/>\n<script type=\"application\/ld+json\" class=\"yoast-schema-graph\">{\"@context\":\"https:\/\/schema.org\",\"@graph\":[{\"@type\":\"WebPage\",\"@id\":\"https:\/\/www.vitbot.com\/fr\/qui-sommes-nous\",\"url\":\"https:\/\/www.vitbot.com\/fr\/qui-sommes-nous\",\"name\":\"Qui sommes-nous? - Vitbot\",\"isPartOf\":{\"@id\":\"https:\/\/www.vitbot.com\/fr#website\"},\"datePublished\":\"2017-05-02T18:48:11+00:00\",\"dateModified\":\"2018-11-29T07:17:48+00:00\",\"breadcrumb\":{\"@id\":\"https:\/\/www.vitbot.com\/fr\/qui-sommes-nous#breadcrumb\"},\"inLanguage\":\"fr-FR\",\"potentialAction\":[{\"@type\":\"ReadAction\",\"target\":[\"https:\/\/www.vitbot.com\/fr\/qui-sommes-nous\"]}]},{\"@type\":\"BreadcrumbList\",\"@id\":\"https:\/\/www.vitbot.com\/fr\/qui-sommes-nous#breadcrumb\",\"itemListElement\":[{\"@type\":\"ListItem\",\"position\":1,\"name\":\"Home\",\"item\":\"https:\/\/www.vitbot.com\/fr\"},{\"@type\":\"ListItem\",\"position\":2,\"name\":\"Qui sommes-nous?\"}]},{\"@type\":\"WebSite\",\"@id\":\"https:\/\/www.vitbot.com\/fr#website\",\"url\":\"https:\/\/www.vitbot.com\/fr\",\"name\":\"Vitbot\",\"description\":\"Best Reusable Water Bottles | Vortex Bottle | Vitalizer Bottle\",\"publisher\":{\"@id\":\"https:\/\/www.vitbot.com\/fr#organization\"},\"potentialAction\":[{\"@type\":\"SearchAction\",\"target\":{\"@type\":\"EntryPoint\",\"urlTemplate\":\"https:\/\/www.vitbot.com\/fr?s={search_term_string}\"},\"query-input\":\"required name=search_term_string\"}],\"inLanguage\":\"fr-FR\"},{\"@type\":\"Organization\",\"@id\":\"https:\/\/www.vitbot.com\/fr#organization\",\"name\":\"Vitbot Europe,S.L. NIF B66180548 Tel\u00e8fon Correu info@vitbot.com Direcci\u00f3 C\/ Almeria 40 F Poblaci\u00f3 Tarrasa Codi postal 08226 Pa\u00eds Espanya\",\"url\":\"https:\/\/www.vitbot.com\/fr\",\"logo\":{\"@type\":\"ImageObject\",\"inLanguage\":\"fr-FR\",\"@id\":\"https:\/\/www.vitbot.com\/fr#\/schema\/logo\/image\/\",\"url\":\"https:\/\/www.vitbot.com\/wp-content\/uploads\/2017\/03\/vitbot_logo.png\",\"contentUrl\":\"https:\/\/www.vitbot.com\/wp-content\/uploads\/2017\/03\/vitbot_logo.png\",\"width\":84,\"height\":24,\"caption\":\"Vitbot Europe,S.L. NIF B66180548 Tel\u00e8fon Correu info@vitbot.com Direcci\u00f3 C\/ Almeria 40 F Poblaci\u00f3 Tarrasa Codi postal 08226 Pa\u00eds Espanya\"},\"image\":{\"@id\":\"https:\/\/www.vitbot.com\/fr#\/schema\/logo\/image\/\"},\"sameAs\":[\"https:\/\/www.facebook.com\/vitbotbottle\/\",\"https:\/\/www.instagram.com\/vitbotofficial\/\"]}]}<\/script>\n<!-- \/ Yoast SEO plugin. -->","yoast_head_json":{"title":"Qui sommes-nous? - Vitbot","robots":{"index":"index","follow":"follow","max-snippet":"max-snippet:-1","max-image-preview":"max-image-preview:large","max-video-preview":"max-video-preview:-1"},"canonical":"https:\/\/www.vitbot.com\/fr\/qui-sommes-nous","og_locale":"fr_FR","og_type":"article","og_title":"Qui sommes-nous? - Vitbot","og_description":"[vc_row fullwidth=\u00a0\u00bbtrue\u00a0\u00bb equal_columns=\u00a0\u00bbtrue\u00a0\u00bb css=\u00a0\u00bb.vc_custom_1490864043520{background-color: #ffffff !important;}\u00a0\u00bb][vc_column][vc_single_image image=\u00a0\u00bb186&Prime; img_size=\u00a0\u00bbfull\u00a0\u00bb css=\u00a0\u00bb.vc_custom_1490287995717{margin: 0px !important;}\u00a0\u00bb][\/vc_column][\/vc_row][vc_row css=\u00a0\u00bb.vc_custom_1490287549845{background-color: #ffffff !important;}\u00a0\u00bb][vc_column width=\u00a0\u00bb1\/2&Prime;][vc_empty_space height=\u00a0\u00bb45px\u00a0\u00bb][vc_column_text disable_pattern=\u00a0\u00bbfalse\u00a0\u00bb el_class=\u00a0\u00bbnosotros-titfun vitbot-color1 font-din2014-b\u00a0\u00bb] LES FONDATEURS [\/vc_column_text][vc_column_text disable_pattern=\u00a0\u00bbfalse\u00a0\u00bb el_class=\u00a0\u00bbnosotros-subtitnom vitbot-color2 font-din2014-l\u00a0\u00bb] ANTONIO LOZANO DOM\u00c8NECH, Ph.D. &#8211; Docteur \u00e8s Sciences Politiques et Sociales de l\u2019Universit\u00e9 Complutense de Madrid. Dipl\u00f4m\u00e9 d\u2019un Master en Direction des Entreprises de l\u2019Ecole d\u2019Ing\u00e9nieurs de l\u2019Universit\u00e9 [&hellip;]","og_url":"https:\/\/www.vitbot.com\/fr\/qui-sommes-nous","og_site_name":"Vitbot","article_publisher":"https:\/\/www.facebook.com\/vitbotbottle\/","article_modified_time":"2018-11-29T07:17:48+00:00","twitter_card":"summary_large_image","twitter_misc":{"Dur\u00e9e de lecture estim\u00e9e":"4 minutes"},"schema":{"@context":"https:\/\/schema.org","@graph":[{"@type":"WebPage","@id":"https:\/\/www.vitbot.com\/fr\/qui-sommes-nous","url":"https:\/\/www.vitbot.com\/fr\/qui-sommes-nous","name":"Qui sommes-nous? - Vitbot","isPartOf":{"@id":"https:\/\/www.vitbot.com\/fr#website"},"datePublished":"2017-05-02T18:48:11+00:00","dateModified":"2018-11-29T07:17:48+00:00","breadcrumb":{"@id":"https:\/\/www.vitbot.com\/fr\/qui-sommes-nous#breadcrumb"},"inLanguage":"fr-FR","potentialAction":[{"@type":"ReadAction","target":["https:\/\/www.vitbot.com\/fr\/qui-sommes-nous"]}]},{"@type":"BreadcrumbList","@id":"https:\/\/www.vitbot.com\/fr\/qui-sommes-nous#breadcrumb","itemListElement":[{"@type":"ListItem","position":1,"name":"Home","item":"https:\/\/www.vitbot.com\/fr"},{"@type":"ListItem","position":2,"name":"Qui sommes-nous?"}]},{"@type":"WebSite","@id":"https:\/\/www.vitbot.com\/fr#website","url":"https:\/\/www.vitbot.com\/fr","name":"Vitbot","description":"Best Reusable Water Bottles | Vortex Bottle | Vitalizer Bottle","publisher":{"@id":"https:\/\/www.vitbot.com\/fr#organization"},"potentialAction":[{"@type":"SearchAction","target":{"@type":"EntryPoint","urlTemplate":"https:\/\/www.vitbot.com\/fr?s={search_term_string}"},"query-input":"required name=search_term_string"}],"inLanguage":"fr-FR"},{"@type":"Organization","@id":"https:\/\/www.vitbot.com\/fr#organization","name":"Vitbot Europe,S.L. NIF B66180548 Tel\u00e8fon Correu info@vitbot.com Direcci\u00f3 C\/ Almeria 40 F Poblaci\u00f3 Tarrasa Codi postal 08226 Pa\u00eds Espanya","url":"https:\/\/www.vitbot.com\/fr","logo":{"@type":"ImageObject","inLanguage":"fr-FR","@id":"https:\/\/www.vitbot.com\/fr#\/schema\/logo\/image\/","url":"https:\/\/www.vitbot.com\/wp-content\/uploads\/2017\/03\/vitbot_logo.png","contentUrl":"https:\/\/www.vitbot.com\/wp-content\/uploads\/2017\/03\/vitbot_logo.png","width":84,"height":24,"caption":"Vitbot Europe,S.L. NIF B66180548 Tel\u00e8fon Correu info@vitbot.com Direcci\u00f3 C\/ Almeria 40 F Poblaci\u00f3 Tarrasa Codi postal 08226 Pa\u00eds Espanya"},"image":{"@id":"https:\/\/www.vitbot.com\/fr#\/schema\/logo\/image\/"},"sameAs":["https:\/\/www.facebook.com\/vitbotbottle\/","https:\/\/www.instagram.com\/vitbotofficial\/"]}]}},"_links":{"self":[{"href":"https:\/\/www.vitbot.com\/fr\/wp-json\/wp\/v2\/pages\/1045"}],"collection":[{"href":"https:\/\/www.vitbot.com\/fr\/wp-json\/wp\/v2\/pages"}],"about":[{"href":"https:\/\/www.vitbot.com\/fr\/wp-json\/wp\/v2\/types\/page"}],"author":[{"embeddable":true,"href":"https:\/\/www.vitbot.com\/fr\/wp-json\/wp\/v2\/users\/1"}],"replies":[{"embeddable":true,"href":"https:\/\/www.vitbot.com\/fr\/wp-json\/wp\/v2\/comments?post=1045"}],"version-history":[{"count":1,"href":"https:\/\/www.vitbot.com\/fr\/wp-json\/wp\/v2\/pages\/1045\/revisions"}],"predecessor-version":[{"id":3526,"href":"https:\/\/www.vitbot.com\/fr\/wp-json\/wp\/v2\/pages\/1045\/revisions\/3526"}],"wp:attachment":[{"href":"https:\/\/www.vitbot.com\/fr\/wp-json\/wp\/v2\/media?parent=1045"}],"curies":[{"name":"wp","href":"https:\/\/api.w.org\/{rel}","templated":true}]}}