{"id":1044,"date":"2017-05-02T20:47:19","date_gmt":"2017-05-02T18:47:19","guid":{"rendered":"https:\/\/www.vitbot.com\/notre-mission"},"modified":"2017-06-01T14:00:59","modified_gmt":"2017-06-01T12:00:59","slug":"notre-mission","status":"publish","type":"page","link":"https:\/\/www.vitbot.com\/fr\/notre-mission","title":{"rendered":"Notre Mission"},"content":{"rendered":"[vc_row fullwidth=\u00a0\u00bbtrue\u00a0\u00bb equal_columns=\u00a0\u00bbtrue\u00a0\u00bb attached=\u00a0\u00bbtrue\u00a0\u00bb css=\u00a0\u00bb.vc_custom_1492592768654{padding-top: 35px !important;padding-bottom: 10px !important;background-color: #322882 !important;}\u00a0\u00bb][vc_column][vc_column_text disable_pattern=\u00a0\u00bbfalse\u00a0\u00bb align=\u00a0\u00bbcenter\u00a0\u00bb el_class=\u00a0\u00bbvitbot-color3 font-alternategn2d nuestramision-tit1&Prime;]\n<h1>NOTRE MISSION:<br \/>\nUN MESSAGE DANS CHAQUE BOUTEILLE<\/h1>\n[\/vc_column_text][\/vc_column][\/vc_row][vc_row css=\u00a0\u00bb.vc_custom_1491157905840{margin-top: 50px !important;}\u00a0\u00bb][vc_column width=\u00a0\u00bb1\/2&Prime;][vc_column_text disable_pattern=\u00a0\u00bbfalse\u00a0\u00bb el_class=\u00a0\u00bbfont-din2014-l vitbot-color1 nuestramision-txt\u00a0\u00bb]Pendant notre enfance nous regardions une s\u00e9rie pour enfant dont le h\u00e9ros \u00e9tait un super-h\u00e9ros habill\u00e9 en vert qui s\u2019appelait le \u201cCapitaine Laitue\u201d. Le Capitaine Laitue apparaissait \u00e0 la fin de chaque \u00e9pisode et avec les deux bras crois\u00e9s sur la poitrine s\u2019exclamait : \u201cLes petits changements sont puissants\u201d. La mission Vitbot est, en plus de provoquer un puissant changement dans le secteur de la mise en bouteille des boissons et liquides alimentaires, de diffuser \u00ab La G\u00e9om\u00e9trie de la Vie \u00bb.<\/p>\n<p>Nos bouteilles sont plus que de simples emballages, chacune d\u2019entre elles porte en elle un message qui nous parle de la technologie de la nature.<br \/>\nLa forme des Vitbot nous rappelle que la nature utilise l\u2019ovo\u00efde pour garder et pr\u00e9server la vie. Elle nous rappelle la forme des graines, des fruits, des \u0153ufs, de la matrice\u2026<\/p>\n<p>Les proportions dans lesquelles sont con\u00e7ues les Vitbot, nous renvoie au mod\u00e8le de croissance Phi, pr\u00e9sent dans la croissance des branches des arbres, les graines des tournesols, la distribution des feuilles de beaucoup de cactus, la coquille de certains escargots, les os des mains, la forme de l\u2019oreille interne et externe\u2026[\/vc_column_text][\/vc_column][vc_column width=\u00a0\u00bb1\/2&Prime;][vc_column_text disable_pattern=\u00a0\u00bbfalse\u00a0\u00bb el_class=\u00a0\u00bbfont-din2014-l vitbot-color1 nuestramision-txt\u00a0\u00bb]Le mouvement en vortex que les bouteilles Vitbot permettent dans leur int\u00e9rieur, nous \u00e9voque le tournoiement des ouragans, les tornades, le vent, l\u2019eau dans les sources, les rivi\u00e8res et les oc\u00e9ans. Il nous dit que la vie a besoin de mouvement pour conserver et optimiser l\u2019\u00e9nergie, pour alimenter la vie. La vie ne peut exister sans mouvement.<\/p>\n<p>Les bouteilles Vitbot sont n\u00e9es de l\u2019observation de la nature. C\u2019est pourquoi nous destinons 5% de nos b\u00e9n\u00e9fices \u00e0 diffuser tout ce qu\u2019elle nous a appris, en particulier aux enfants et aux jeunes, pour qu\u2019ils ouvrent les yeux. Nous sommes convaincus que connaitre mieux les caract\u00e9ristiques de l\u2019univers dans lequel nous vivons, fait de nous des personnes plus sages et respectueuses.<\/p>\n<p>Avec les bouteilles Vitbot nous avons transform\u00e9 le simple fait de boire en un acte de vie. Nous sommes persuad\u00e9s que les petits gestes de notre vie quotidienne sont ceux qui ont r\u00e9ellement le pouvoir de changer le monde.[\/vc_column_text][\/vc_column][\/vc_row][vc_row][vc_column][vc_empty_space height=\u00a0\u00bb75px\u00a0\u00bb][\/vc_column][\/vc_row]\n","protected":false},"excerpt":{"rendered":"<p>[vc_row fullwidth=\u00a0\u00bbtrue\u00a0\u00bb equal_columns=\u00a0\u00bbtrue\u00a0\u00bb attached=\u00a0\u00bbtrue\u00a0\u00bb css=\u00a0\u00bb.vc_custom_1492592768654{padding-top: 35px !important;padding-bottom: 10px !important;background-color: #322882 !important;}\u00a0\u00bb][vc_column][vc_column_text disable_pattern=\u00a0\u00bbfalse\u00a0\u00bb align=\u00a0\u00bbcenter\u00a0\u00bb el_class=\u00a0\u00bbvitbot-color3 font-alternategn2d nuestramision-tit1&Prime;] NOTRE MISSION: UN MESSAGE DANS CHAQUE BOUTEILLE [\/vc_column_text][\/vc_column][\/vc_row][vc_row css=\u00a0\u00bb.vc_custom_1491157905840{margin-top: 50px !important;}\u00a0\u00bb][vc_column width=\u00a0\u00bb1\/2&Prime;][vc_column_text disable_pattern=\u00a0\u00bbfalse\u00a0\u00bb el_class=\u00a0\u00bbfont-din2014-l vitbot-color1 nuestramision-txt\u00a0\u00bb]Pendant notre enfance nous regardions une s\u00e9rie pour enfant dont le h\u00e9ros \u00e9tait un super-h\u00e9ros habill\u00e9 en vert qui s\u2019appelait le \u201cCapitaine Laitue\u201d. Le [&hellip;]<\/p>\n","protected":false},"author":1,"featured_media":0,"parent":0,"menu_order":31,"comment_status":"closed","ping_status":"closed","template":"","meta":{"_monsterinsights_skip_tracking":false,"_monsterinsights_sitenote_active":false,"_monsterinsights_sitenote_note":"","_monsterinsights_sitenote_category":0},"yoast_head":"<!-- This site is optimized with the Yoast SEO plugin v20.1 - https:\/\/yoast.com\/wordpress\/plugins\/seo\/ -->\n<title>Notre Mission - Vitbot<\/title>\n<meta name=\"robots\" content=\"index, follow, max-snippet:-1, max-image-preview:large, max-video-preview:-1\" \/>\n<link rel=\"canonical\" href=\"https:\/\/www.vitbot.com\/fr\/notre-mission\" \/>\n<meta property=\"og:locale\" content=\"fr_FR\" \/>\n<meta property=\"og:type\" content=\"article\" \/>\n<meta property=\"og:title\" content=\"Notre Mission - Vitbot\" \/>\n<meta property=\"og:description\" content=\"[vc_row fullwidth=\u00a0\u00bbtrue\u00a0\u00bb equal_columns=\u00a0\u00bbtrue\u00a0\u00bb attached=\u00a0\u00bbtrue\u00a0\u00bb css=\u00a0\u00bb.vc_custom_1492592768654{padding-top: 35px !important;padding-bottom: 10px !important;background-color: #322882 !important;}\u00a0\u00bb][vc_column][vc_column_text disable_pattern=\u00a0\u00bbfalse\u00a0\u00bb align=\u00a0\u00bbcenter\u00a0\u00bb el_class=\u00a0\u00bbvitbot-color3 font-alternategn2d nuestramision-tit1&Prime;] NOTRE MISSION: UN MESSAGE DANS CHAQUE BOUTEILLE [\/vc_column_text][\/vc_column][\/vc_row][vc_row css=\u00a0\u00bb.vc_custom_1491157905840{margin-top: 50px !important;}\u00a0\u00bb][vc_column width=\u00a0\u00bb1\/2&Prime;][vc_column_text disable_pattern=\u00a0\u00bbfalse\u00a0\u00bb el_class=\u00a0\u00bbfont-din2014-l vitbot-color1 nuestramision-txt\u00a0\u00bb]Pendant notre enfance nous regardions une s\u00e9rie pour enfant dont le h\u00e9ros \u00e9tait un super-h\u00e9ros habill\u00e9 en vert qui s\u2019appelait le \u201cCapitaine Laitue\u201d. Le [&hellip;]\" \/>\n<meta property=\"og:url\" content=\"https:\/\/www.vitbot.com\/fr\/notre-mission\" \/>\n<meta property=\"og:site_name\" content=\"Vitbot\" \/>\n<meta property=\"article:publisher\" content=\"https:\/\/www.facebook.com\/vitbotbottle\/\" \/>\n<meta property=\"article:modified_time\" content=\"2017-06-01T12:00:59+00:00\" \/>\n<meta name=\"twitter:card\" content=\"summary_large_image\" \/>\n<meta name=\"twitter:label1\" content=\"Dur\u00e9e de lecture estim\u00e9e\" \/>\n\t<meta name=\"twitter:data1\" content=\"2 minutes\" \/>\n<script type=\"application\/ld+json\" class=\"yoast-schema-graph\">{\"@context\":\"https:\/\/schema.org\",\"@graph\":[{\"@type\":\"WebPage\",\"@id\":\"https:\/\/www.vitbot.com\/fr\/notre-mission\",\"url\":\"https:\/\/www.vitbot.com\/fr\/notre-mission\",\"name\":\"Notre Mission - Vitbot\",\"isPartOf\":{\"@id\":\"https:\/\/www.vitbot.com\/fr#website\"},\"datePublished\":\"2017-05-02T18:47:19+00:00\",\"dateModified\":\"2017-06-01T12:00:59+00:00\",\"breadcrumb\":{\"@id\":\"https:\/\/www.vitbot.com\/fr\/notre-mission#breadcrumb\"},\"inLanguage\":\"fr-FR\",\"potentialAction\":[{\"@type\":\"ReadAction\",\"target\":[\"https:\/\/www.vitbot.com\/fr\/notre-mission\"]}]},{\"@type\":\"BreadcrumbList\",\"@id\":\"https:\/\/www.vitbot.com\/fr\/notre-mission#breadcrumb\",\"itemListElement\":[{\"@type\":\"ListItem\",\"position\":1,\"name\":\"Home\",\"item\":\"https:\/\/www.vitbot.com\/fr\"},{\"@type\":\"ListItem\",\"position\":2,\"name\":\"Notre Mission\"}]},{\"@type\":\"WebSite\",\"@id\":\"https:\/\/www.vitbot.com\/fr#website\",\"url\":\"https:\/\/www.vitbot.com\/fr\",\"name\":\"Vitbot\",\"description\":\"Best Reusable Water Bottles | Vortex Bottle | Vitalizer Bottle\",\"publisher\":{\"@id\":\"https:\/\/www.vitbot.com\/fr#organization\"},\"potentialAction\":[{\"@type\":\"SearchAction\",\"target\":{\"@type\":\"EntryPoint\",\"urlTemplate\":\"https:\/\/www.vitbot.com\/fr?s={search_term_string}\"},\"query-input\":\"required name=search_term_string\"}],\"inLanguage\":\"fr-FR\"},{\"@type\":\"Organization\",\"@id\":\"https:\/\/www.vitbot.com\/fr#organization\",\"name\":\"Vitbot Europe,S.L. NIF B66180548 Tel\u00e8fon Correu info@vitbot.com Direcci\u00f3 C\/ Almeria 40 F Poblaci\u00f3 Tarrasa Codi postal 08226 Pa\u00eds Espanya\",\"url\":\"https:\/\/www.vitbot.com\/fr\",\"logo\":{\"@type\":\"ImageObject\",\"inLanguage\":\"fr-FR\",\"@id\":\"https:\/\/www.vitbot.com\/fr#\/schema\/logo\/image\/\",\"url\":\"https:\/\/www.vitbot.com\/wp-content\/uploads\/2017\/03\/vitbot_logo.png\",\"contentUrl\":\"https:\/\/www.vitbot.com\/wp-content\/uploads\/2017\/03\/vitbot_logo.png\",\"width\":84,\"height\":24,\"caption\":\"Vitbot Europe,S.L. NIF B66180548 Tel\u00e8fon Correu info@vitbot.com Direcci\u00f3 C\/ Almeria 40 F Poblaci\u00f3 Tarrasa Codi postal 08226 Pa\u00eds Espanya\"},\"image\":{\"@id\":\"https:\/\/www.vitbot.com\/fr#\/schema\/logo\/image\/\"},\"sameAs\":[\"https:\/\/www.facebook.com\/vitbotbottle\/\",\"https:\/\/www.instagram.com\/vitbotofficial\/\"]}]}<\/script>\n<!-- \/ Yoast SEO plugin. -->","yoast_head_json":{"title":"Notre Mission - Vitbot","robots":{"index":"index","follow":"follow","max-snippet":"max-snippet:-1","max-image-preview":"max-image-preview:large","max-video-preview":"max-video-preview:-1"},"canonical":"https:\/\/www.vitbot.com\/fr\/notre-mission","og_locale":"fr_FR","og_type":"article","og_title":"Notre Mission - Vitbot","og_description":"[vc_row fullwidth=\u00a0\u00bbtrue\u00a0\u00bb equal_columns=\u00a0\u00bbtrue\u00a0\u00bb attached=\u00a0\u00bbtrue\u00a0\u00bb css=\u00a0\u00bb.vc_custom_1492592768654{padding-top: 35px !important;padding-bottom: 10px !important;background-color: #322882 !important;}\u00a0\u00bb][vc_column][vc_column_text disable_pattern=\u00a0\u00bbfalse\u00a0\u00bb align=\u00a0\u00bbcenter\u00a0\u00bb el_class=\u00a0\u00bbvitbot-color3 font-alternategn2d nuestramision-tit1&Prime;] NOTRE MISSION: UN MESSAGE DANS CHAQUE BOUTEILLE [\/vc_column_text][\/vc_column][\/vc_row][vc_row css=\u00a0\u00bb.vc_custom_1491157905840{margin-top: 50px !important;}\u00a0\u00bb][vc_column width=\u00a0\u00bb1\/2&Prime;][vc_column_text disable_pattern=\u00a0\u00bbfalse\u00a0\u00bb el_class=\u00a0\u00bbfont-din2014-l vitbot-color1 nuestramision-txt\u00a0\u00bb]Pendant notre enfance nous regardions une s\u00e9rie pour enfant dont le h\u00e9ros \u00e9tait un super-h\u00e9ros habill\u00e9 en vert qui s\u2019appelait le \u201cCapitaine Laitue\u201d. Le [&hellip;]","og_url":"https:\/\/www.vitbot.com\/fr\/notre-mission","og_site_name":"Vitbot","article_publisher":"https:\/\/www.facebook.com\/vitbotbottle\/","article_modified_time":"2017-06-01T12:00:59+00:00","twitter_card":"summary_large_image","twitter_misc":{"Dur\u00e9e de lecture estim\u00e9e":"2 minutes"},"schema":{"@context":"https:\/\/schema.org","@graph":[{"@type":"WebPage","@id":"https:\/\/www.vitbot.com\/fr\/notre-mission","url":"https:\/\/www.vitbot.com\/fr\/notre-mission","name":"Notre Mission - Vitbot","isPartOf":{"@id":"https:\/\/www.vitbot.com\/fr#website"},"datePublished":"2017-05-02T18:47:19+00:00","dateModified":"2017-06-01T12:00:59+00:00","breadcrumb":{"@id":"https:\/\/www.vitbot.com\/fr\/notre-mission#breadcrumb"},"inLanguage":"fr-FR","potentialAction":[{"@type":"ReadAction","target":["https:\/\/www.vitbot.com\/fr\/notre-mission"]}]},{"@type":"BreadcrumbList","@id":"https:\/\/www.vitbot.com\/fr\/notre-mission#breadcrumb","itemListElement":[{"@type":"ListItem","position":1,"name":"Home","item":"https:\/\/www.vitbot.com\/fr"},{"@type":"ListItem","position":2,"name":"Notre Mission"}]},{"@type":"WebSite","@id":"https:\/\/www.vitbot.com\/fr#website","url":"https:\/\/www.vitbot.com\/fr","name":"Vitbot","description":"Best Reusable Water Bottles | Vortex Bottle | Vitalizer Bottle","publisher":{"@id":"https:\/\/www.vitbot.com\/fr#organization"},"potentialAction":[{"@type":"SearchAction","target":{"@type":"EntryPoint","urlTemplate":"https:\/\/www.vitbot.com\/fr?s={search_term_string}"},"query-input":"required name=search_term_string"}],"inLanguage":"fr-FR"},{"@type":"Organization","@id":"https:\/\/www.vitbot.com\/fr#organization","name":"Vitbot Europe,S.L. NIF B66180548 Tel\u00e8fon Correu info@vitbot.com Direcci\u00f3 C\/ Almeria 40 F Poblaci\u00f3 Tarrasa Codi postal 08226 Pa\u00eds Espanya","url":"https:\/\/www.vitbot.com\/fr","logo":{"@type":"ImageObject","inLanguage":"fr-FR","@id":"https:\/\/www.vitbot.com\/fr#\/schema\/logo\/image\/","url":"https:\/\/www.vitbot.com\/wp-content\/uploads\/2017\/03\/vitbot_logo.png","contentUrl":"https:\/\/www.vitbot.com\/wp-content\/uploads\/2017\/03\/vitbot_logo.png","width":84,"height":24,"caption":"Vitbot Europe,S.L. NIF B66180548 Tel\u00e8fon Correu info@vitbot.com Direcci\u00f3 C\/ Almeria 40 F Poblaci\u00f3 Tarrasa Codi postal 08226 Pa\u00eds Espanya"},"image":{"@id":"https:\/\/www.vitbot.com\/fr#\/schema\/logo\/image\/"},"sameAs":["https:\/\/www.facebook.com\/vitbotbottle\/","https:\/\/www.instagram.com\/vitbotofficial\/"]}]}},"_links":{"self":[{"href":"https:\/\/www.vitbot.com\/fr\/wp-json\/wp\/v2\/pages\/1044"}],"collection":[{"href":"https:\/\/www.vitbot.com\/fr\/wp-json\/wp\/v2\/pages"}],"about":[{"href":"https:\/\/www.vitbot.com\/fr\/wp-json\/wp\/v2\/types\/page"}],"author":[{"embeddable":true,"href":"https:\/\/www.vitbot.com\/fr\/wp-json\/wp\/v2\/users\/1"}],"replies":[{"embeddable":true,"href":"https:\/\/www.vitbot.com\/fr\/wp-json\/wp\/v2\/comments?post=1044"}],"version-history":[{"count":0,"href":"https:\/\/www.vitbot.com\/fr\/wp-json\/wp\/v2\/pages\/1044\/revisions"}],"wp:attachment":[{"href":"https:\/\/www.vitbot.com\/fr\/wp-json\/wp\/v2\/media?parent=1044"}],"curies":[{"name":"wp","href":"https:\/\/api.w.org\/{rel}","templated":true}]}}