{"id":1043,"date":"2017-05-02T20:46:54","date_gmt":"2017-05-02T18:46:54","guid":{"rendered":"https:\/\/www.vitbot.com\/utilisation-et-nettoyage"},"modified":"2017-05-17T18:29:00","modified_gmt":"2017-05-17T16:29:00","slug":"utilisation-et-nettoyage","status":"publish","type":"page","link":"https:\/\/www.vitbot.com\/fr\/utilisation-et-nettoyage","title":{"rendered":"Recommandations, utilisation et nettoyage"},"content":{"rendered":"[vc_row fullwidth=\u00a0\u00bbtrue\u00a0\u00bb fullwidth_content=\u00a0\u00bbfalse\u00a0\u00bb css=\u00a0\u00bb.vc_custom_1492592312798{padding-top: 35px !important;padding-bottom: 10px !important;background-color: #ffb48c !important;}\u00a0\u00bb][vc_column][vc_column_text disable_pattern=\u00a0\u00bbfalse\u00a0\u00bb align=\u00a0\u00bbcenter\u00a0\u00bb el_class=\u00a0\u00bbfont-alternategn2d vitbot-color3 nuestrosprod-tit1&Prime;]\n<h1>Recommandations, utilisation et nettoyage<\/h1>\n[\/vc_column_text][\/vc_column][\/vc_row][vc_row][vc_column][vc_empty_space][vc_column_text disable_pattern=\u00a0\u00bbfalse\u00a0\u00bb el_class=\u00a0\u00bbfont-din2014-l vitbot-color1 usolimpieza-txt\u00a0\u00bb]Les m\u00e9decins et les naturopathes, entre autres les praticiens de macrobiotique et m\u00e9decine Ayurveda, recommandent de boire l\u2019eau \u00e0 temp\u00e9rature ambiante, entre 10 et 22\u00ba C. Les motifs sont divers : meilleure hydratation, meilleur fonctionnement du syst\u00e8me immunitaire, moindre d\u00e9pense d\u2019\u00e9nergie dans la r\u00e9gulation de la temp\u00e9rature corporelle, meilleure \u00e9limination des mucosit\u00e9s, etc.<\/p>\n<p>&nbsp;<\/p>\n<p><strong>Mode d\u2019utilisation<\/strong><br \/>\nNous conseillons de remplir les bouteilles et bocaux Vitbot jusqu\u2019\u00e0 la base du col et pas au-del\u00e0. De par sa conception particuli\u00e8re ovo\u00efde, d\u00e8s que la bouteille est remplie l\u2019eau contenue commence \u00e0 se revitaliser.<br \/>\nPour profiter au maximum des avantages du concept Vitbot, conservez les liquides \u00e0 l\u2019int\u00e9rieur de la bouteille pendant un minimum de cinq minutes. Si vous ne souhaitez pas attendre pour boire, nous vous sugg\u00e9rons alors de remuer l\u00e9g\u00e8rement le r\u00e9cipient en cercles pour provoquer un tourbillon visible.<\/p>\n<p>&nbsp;<\/p>\n<p><strong>Nettoyage de bouteilles et bocaux<\/strong><br \/>\nLavage \u00e0 la main ou en machine. Les bouchons doivent \u00eatre lav\u00e9s \u00e0 la main.<\/p>\n<p>&nbsp;<\/p>\n<p><strong>Nettoyage du mod\u00e8le Sport, Kids &amp; Travel<\/strong><br \/>\nAvant d\u2019utiliser pour la premi\u00e8re fois la bouteille Sport, Kids &amp; Travel, nous recommandons d\u2019effectuer le processus suivant : mettre une casserole d\u2019eau \u00e0 bouillir, \u00e9teindre le feu, incorporer deux cuill\u00e8res \u00e0 soupe de bicarbonate et immerger la bouteille dans l\u2019eau, sans le bouchon, pendant dix minutes. Si il vous arrive de remplir la bouteille avec un jus de fruit, du th\u00e9 ou une boisson ayant une forte saveur, vous pouvez, r\u00e9p\u00e9ter le m\u00eame processus pour \u00e9liminer les restes de l\u2019odeur que ladite boisson pourrait laisser dans la bouteille.<\/p>\n<p>&nbsp;<\/p>\n<p><strong>Fabrication<\/strong><br \/>\nToutes nos bouteilles sont recyclables, r\u00e9utilisables et sont fabriqu\u00e9es de mani\u00e8re responsable. Nos carafes et bouteilles en verre sont fabriqu\u00e9es dans la CEE (Europe).[\/vc_column_text][vc_empty_space][\/vc_column][\/vc_row]\n","protected":false},"excerpt":{"rendered":"<p>[vc_row fullwidth=\u00a0\u00bbtrue\u00a0\u00bb fullwidth_content=\u00a0\u00bbfalse\u00a0\u00bb css=\u00a0\u00bb.vc_custom_1492592312798{padding-top: 35px !important;padding-bottom: 10px !important;background-color: #ffb48c !important;}\u00a0\u00bb][vc_column][vc_column_text disable_pattern=\u00a0\u00bbfalse\u00a0\u00bb align=\u00a0\u00bbcenter\u00a0\u00bb el_class=\u00a0\u00bbfont-alternategn2d vitbot-color3 nuestrosprod-tit1&Prime;] Recommandations, utilisation et nettoyage [\/vc_column_text][\/vc_column][\/vc_row][vc_row][vc_column][vc_empty_space][vc_column_text disable_pattern=\u00a0\u00bbfalse\u00a0\u00bb el_class=\u00a0\u00bbfont-din2014-l vitbot-color1 usolimpieza-txt\u00a0\u00bb]Les m\u00e9decins et les naturopathes, entre autres les praticiens de macrobiotique et m\u00e9decine Ayurveda, recommandent de boire l\u2019eau \u00e0 temp\u00e9rature ambiante, entre 10 et 22\u00ba C. Les motifs sont divers : meilleure [&hellip;]<\/p>\n","protected":false},"author":1,"featured_media":0,"parent":0,"menu_order":32,"comment_status":"closed","ping_status":"closed","template":"","meta":{"_monsterinsights_skip_tracking":false,"_monsterinsights_sitenote_active":false,"_monsterinsights_sitenote_note":"","_monsterinsights_sitenote_category":0},"yoast_head":"<!-- This site is optimized with the Yoast SEO plugin v20.1 - https:\/\/yoast.com\/wordpress\/plugins\/seo\/ -->\n<title>Recommandations, utilisation et nettoyage - Vitbot<\/title>\n<meta name=\"robots\" content=\"index, follow, max-snippet:-1, max-image-preview:large, max-video-preview:-1\" \/>\n<link rel=\"canonical\" href=\"https:\/\/www.vitbot.com\/fr\/utilisation-et-nettoyage\" \/>\n<meta property=\"og:locale\" content=\"fr_FR\" \/>\n<meta property=\"og:type\" content=\"article\" \/>\n<meta property=\"og:title\" content=\"Recommandations, utilisation et nettoyage - Vitbot\" \/>\n<meta property=\"og:description\" content=\"[vc_row fullwidth=\u00a0\u00bbtrue\u00a0\u00bb fullwidth_content=\u00a0\u00bbfalse\u00a0\u00bb css=\u00a0\u00bb.vc_custom_1492592312798{padding-top: 35px !important;padding-bottom: 10px !important;background-color: #ffb48c !important;}\u00a0\u00bb][vc_column][vc_column_text disable_pattern=\u00a0\u00bbfalse\u00a0\u00bb align=\u00a0\u00bbcenter\u00a0\u00bb el_class=\u00a0\u00bbfont-alternategn2d vitbot-color3 nuestrosprod-tit1&Prime;] Recommandations, utilisation et nettoyage [\/vc_column_text][\/vc_column][\/vc_row][vc_row][vc_column][vc_empty_space][vc_column_text disable_pattern=\u00a0\u00bbfalse\u00a0\u00bb el_class=\u00a0\u00bbfont-din2014-l vitbot-color1 usolimpieza-txt\u00a0\u00bb]Les m\u00e9decins et les naturopathes, entre autres les praticiens de macrobiotique et m\u00e9decine Ayurveda, recommandent de boire l\u2019eau \u00e0 temp\u00e9rature ambiante, entre 10 et 22\u00ba C. Les motifs sont divers : meilleure [&hellip;]\" \/>\n<meta property=\"og:url\" content=\"https:\/\/www.vitbot.com\/fr\/utilisation-et-nettoyage\" \/>\n<meta property=\"og:site_name\" content=\"Vitbot\" \/>\n<meta property=\"article:publisher\" content=\"https:\/\/www.facebook.com\/vitbotbottle\/\" \/>\n<meta property=\"article:modified_time\" content=\"2017-05-17T16:29:00+00:00\" \/>\n<meta name=\"twitter:card\" content=\"summary_large_image\" \/>\n<meta name=\"twitter:label1\" content=\"Dur\u00e9e de lecture estim\u00e9e\" \/>\n\t<meta name=\"twitter:data1\" content=\"2 minutes\" \/>\n<script type=\"application\/ld+json\" class=\"yoast-schema-graph\">{\"@context\":\"https:\/\/schema.org\",\"@graph\":[{\"@type\":\"WebPage\",\"@id\":\"https:\/\/www.vitbot.com\/fr\/utilisation-et-nettoyage\",\"url\":\"https:\/\/www.vitbot.com\/fr\/utilisation-et-nettoyage\",\"name\":\"Recommandations, utilisation et nettoyage - Vitbot\",\"isPartOf\":{\"@id\":\"https:\/\/www.vitbot.com\/fr#website\"},\"datePublished\":\"2017-05-02T18:46:54+00:00\",\"dateModified\":\"2017-05-17T16:29:00+00:00\",\"breadcrumb\":{\"@id\":\"https:\/\/www.vitbot.com\/fr\/utilisation-et-nettoyage#breadcrumb\"},\"inLanguage\":\"fr-FR\",\"potentialAction\":[{\"@type\":\"ReadAction\",\"target\":[\"https:\/\/www.vitbot.com\/fr\/utilisation-et-nettoyage\"]}]},{\"@type\":\"BreadcrumbList\",\"@id\":\"https:\/\/www.vitbot.com\/fr\/utilisation-et-nettoyage#breadcrumb\",\"itemListElement\":[{\"@type\":\"ListItem\",\"position\":1,\"name\":\"Home\",\"item\":\"https:\/\/www.vitbot.com\/fr\"},{\"@type\":\"ListItem\",\"position\":2,\"name\":\"Recommandations, utilisation et nettoyage\"}]},{\"@type\":\"WebSite\",\"@id\":\"https:\/\/www.vitbot.com\/fr#website\",\"url\":\"https:\/\/www.vitbot.com\/fr\",\"name\":\"Vitbot\",\"description\":\"Best Reusable Water Bottles | Vortex Bottle | Vitalizer Bottle\",\"publisher\":{\"@id\":\"https:\/\/www.vitbot.com\/fr#organization\"},\"potentialAction\":[{\"@type\":\"SearchAction\",\"target\":{\"@type\":\"EntryPoint\",\"urlTemplate\":\"https:\/\/www.vitbot.com\/fr?s={search_term_string}\"},\"query-input\":\"required name=search_term_string\"}],\"inLanguage\":\"fr-FR\"},{\"@type\":\"Organization\",\"@id\":\"https:\/\/www.vitbot.com\/fr#organization\",\"name\":\"Vitbot Europe,S.L. NIF B66180548 Tel\u00e8fon Correu info@vitbot.com Direcci\u00f3 C\/ Almeria 40 F Poblaci\u00f3 Tarrasa Codi postal 08226 Pa\u00eds Espanya\",\"url\":\"https:\/\/www.vitbot.com\/fr\",\"logo\":{\"@type\":\"ImageObject\",\"inLanguage\":\"fr-FR\",\"@id\":\"https:\/\/www.vitbot.com\/fr#\/schema\/logo\/image\/\",\"url\":\"https:\/\/www.vitbot.com\/wp-content\/uploads\/2017\/03\/vitbot_logo.png\",\"contentUrl\":\"https:\/\/www.vitbot.com\/wp-content\/uploads\/2017\/03\/vitbot_logo.png\",\"width\":84,\"height\":24,\"caption\":\"Vitbot Europe,S.L. NIF B66180548 Tel\u00e8fon Correu info@vitbot.com Direcci\u00f3 C\/ Almeria 40 F Poblaci\u00f3 Tarrasa Codi postal 08226 Pa\u00eds Espanya\"},\"image\":{\"@id\":\"https:\/\/www.vitbot.com\/fr#\/schema\/logo\/image\/\"},\"sameAs\":[\"https:\/\/www.facebook.com\/vitbotbottle\/\",\"https:\/\/www.instagram.com\/vitbotofficial\/\"]}]}<\/script>\n<!-- \/ Yoast SEO plugin. -->","yoast_head_json":{"title":"Recommandations, utilisation et nettoyage - Vitbot","robots":{"index":"index","follow":"follow","max-snippet":"max-snippet:-1","max-image-preview":"max-image-preview:large","max-video-preview":"max-video-preview:-1"},"canonical":"https:\/\/www.vitbot.com\/fr\/utilisation-et-nettoyage","og_locale":"fr_FR","og_type":"article","og_title":"Recommandations, utilisation et nettoyage - Vitbot","og_description":"[vc_row fullwidth=\u00a0\u00bbtrue\u00a0\u00bb fullwidth_content=\u00a0\u00bbfalse\u00a0\u00bb css=\u00a0\u00bb.vc_custom_1492592312798{padding-top: 35px !important;padding-bottom: 10px !important;background-color: #ffb48c !important;}\u00a0\u00bb][vc_column][vc_column_text disable_pattern=\u00a0\u00bbfalse\u00a0\u00bb align=\u00a0\u00bbcenter\u00a0\u00bb el_class=\u00a0\u00bbfont-alternategn2d vitbot-color3 nuestrosprod-tit1&Prime;] Recommandations, utilisation et nettoyage [\/vc_column_text][\/vc_column][\/vc_row][vc_row][vc_column][vc_empty_space][vc_column_text disable_pattern=\u00a0\u00bbfalse\u00a0\u00bb el_class=\u00a0\u00bbfont-din2014-l vitbot-color1 usolimpieza-txt\u00a0\u00bb]Les m\u00e9decins et les naturopathes, entre autres les praticiens de macrobiotique et m\u00e9decine Ayurveda, recommandent de boire l\u2019eau \u00e0 temp\u00e9rature ambiante, entre 10 et 22\u00ba C. Les motifs sont divers : meilleure [&hellip;]","og_url":"https:\/\/www.vitbot.com\/fr\/utilisation-et-nettoyage","og_site_name":"Vitbot","article_publisher":"https:\/\/www.facebook.com\/vitbotbottle\/","article_modified_time":"2017-05-17T16:29:00+00:00","twitter_card":"summary_large_image","twitter_misc":{"Dur\u00e9e de lecture estim\u00e9e":"2 minutes"},"schema":{"@context":"https:\/\/schema.org","@graph":[{"@type":"WebPage","@id":"https:\/\/www.vitbot.com\/fr\/utilisation-et-nettoyage","url":"https:\/\/www.vitbot.com\/fr\/utilisation-et-nettoyage","name":"Recommandations, utilisation et nettoyage - Vitbot","isPartOf":{"@id":"https:\/\/www.vitbot.com\/fr#website"},"datePublished":"2017-05-02T18:46:54+00:00","dateModified":"2017-05-17T16:29:00+00:00","breadcrumb":{"@id":"https:\/\/www.vitbot.com\/fr\/utilisation-et-nettoyage#breadcrumb"},"inLanguage":"fr-FR","potentialAction":[{"@type":"ReadAction","target":["https:\/\/www.vitbot.com\/fr\/utilisation-et-nettoyage"]}]},{"@type":"BreadcrumbList","@id":"https:\/\/www.vitbot.com\/fr\/utilisation-et-nettoyage#breadcrumb","itemListElement":[{"@type":"ListItem","position":1,"name":"Home","item":"https:\/\/www.vitbot.com\/fr"},{"@type":"ListItem","position":2,"name":"Recommandations, utilisation et nettoyage"}]},{"@type":"WebSite","@id":"https:\/\/www.vitbot.com\/fr#website","url":"https:\/\/www.vitbot.com\/fr","name":"Vitbot","description":"Best Reusable Water Bottles | Vortex Bottle | Vitalizer Bottle","publisher":{"@id":"https:\/\/www.vitbot.com\/fr#organization"},"potentialAction":[{"@type":"SearchAction","target":{"@type":"EntryPoint","urlTemplate":"https:\/\/www.vitbot.com\/fr?s={search_term_string}"},"query-input":"required name=search_term_string"}],"inLanguage":"fr-FR"},{"@type":"Organization","@id":"https:\/\/www.vitbot.com\/fr#organization","name":"Vitbot Europe,S.L. NIF B66180548 Tel\u00e8fon Correu info@vitbot.com Direcci\u00f3 C\/ Almeria 40 F Poblaci\u00f3 Tarrasa Codi postal 08226 Pa\u00eds Espanya","url":"https:\/\/www.vitbot.com\/fr","logo":{"@type":"ImageObject","inLanguage":"fr-FR","@id":"https:\/\/www.vitbot.com\/fr#\/schema\/logo\/image\/","url":"https:\/\/www.vitbot.com\/wp-content\/uploads\/2017\/03\/vitbot_logo.png","contentUrl":"https:\/\/www.vitbot.com\/wp-content\/uploads\/2017\/03\/vitbot_logo.png","width":84,"height":24,"caption":"Vitbot Europe,S.L. NIF B66180548 Tel\u00e8fon Correu info@vitbot.com Direcci\u00f3 C\/ Almeria 40 F Poblaci\u00f3 Tarrasa Codi postal 08226 Pa\u00eds Espanya"},"image":{"@id":"https:\/\/www.vitbot.com\/fr#\/schema\/logo\/image\/"},"sameAs":["https:\/\/www.facebook.com\/vitbotbottle\/","https:\/\/www.instagram.com\/vitbotofficial\/"]}]}},"_links":{"self":[{"href":"https:\/\/www.vitbot.com\/fr\/wp-json\/wp\/v2\/pages\/1043"}],"collection":[{"href":"https:\/\/www.vitbot.com\/fr\/wp-json\/wp\/v2\/pages"}],"about":[{"href":"https:\/\/www.vitbot.com\/fr\/wp-json\/wp\/v2\/types\/page"}],"author":[{"embeddable":true,"href":"https:\/\/www.vitbot.com\/fr\/wp-json\/wp\/v2\/users\/1"}],"replies":[{"embeddable":true,"href":"https:\/\/www.vitbot.com\/fr\/wp-json\/wp\/v2\/comments?post=1043"}],"version-history":[{"count":0,"href":"https:\/\/www.vitbot.com\/fr\/wp-json\/wp\/v2\/pages\/1043\/revisions"}],"wp:attachment":[{"href":"https:\/\/www.vitbot.com\/fr\/wp-json\/wp\/v2\/media?parent=1043"}],"curies":[{"name":"wp","href":"https:\/\/api.w.org\/{rel}","templated":true}]}}