{"id":1042,"date":"2017-05-02T20:46:23","date_gmt":"2017-05-02T18:46:23","guid":{"rendered":"https:\/\/www.vitbot.com\/distributeurs"},"modified":"2017-05-03T09:37:16","modified_gmt":"2017-05-03T07:37:16","slug":"distributeurs","status":"publish","type":"page","link":"https:\/\/www.vitbot.com\/fr\/distributeurs","title":{"rendered":"Distributeurs"},"content":{"rendered":"[vc_row fullwidth=\u00a0\u00bbtrue\u00a0\u00bb css=\u00a0\u00bb.vc_custom_1492599920359{padding-top: 35px !important;padding-bottom: 10px !important;background-color: #50bedc !important;}\u00a0\u00bb][vc_column][vc_column_text disable_pattern=\u00a0\u00bbfalse\u00a0\u00bb align=\u00a0\u00bbcenter\u00a0\u00bb el_class=\u00a0\u00bbfont-alternategn2d vitbot-color3 distribuidores-tit1&Prime;]\n<h1>Distributeurs<\/h1>\n[\/vc_column_text][\/vc_column][\/vc_row][vc_row][vc_column][vc_empty_space][vc_column_text disable_pattern=\u00a0\u00bbfalse\u00a0\u00bb el_class=\u00a0\u00bbfont-din2014-l vitbot-color1 distri-txt\u00a0\u00bb]Devenir distributeur des produits Vitbot vous int\u00e9resse ?<br \/>\nVeuillez remplir le questionnaire de demande ci-joint ![\/vc_column_text][vc_column_text disable_pattern=\u00a0\u00bbfalse\u00a0\u00bb el_class=\u00a0\u00bbfont-alternategn2d vitbot-color1 distribuidores-tit2&Prime;]\n<h1>Questionnaire de demande de distribution<\/h1>\n[\/vc_column_text][vc_column_text disable_pattern=\u00a0\u00bbfalse\u00a0\u00bb el_class=\u00a0\u00bbfont-din2014-l vitbot-color1 distri-txt\u00a0\u00bb]Nous vous remercions de l\u2019int\u00e9r\u00eat que vous portez \u00e0 Vitbot et \u00e0 la distribution de ses bouteilles ! A r\u00e9ception de votre demande, nous vous contacterons dans la semaine suivante pour vous donner une r\u00e9ponse conforme \u00e0 votre demande et adapt\u00e9e \u00e0 vos besoins.<\/p>\n<p>Les champs marqu\u00e9s d\u2019un ast\u00e9risque sont obligatoires.[\/vc_column_text][\/vc_column][\/vc_row][vc_row][vc_column][vc_column_text disable_pattern=\u00a0\u00bbfalse\u00a0\u00bb el_class=\u00a0\u00bbdistribuidores-txt distri-txt\u00a0\u00bb]\n<div class=\"wpcf7 no-js\" id=\"wpcf7-f1249-o1\" lang=\"en-US\" dir=\"ltr\">\n<div class=\"screen-reader-response\"><p role=\"status\" aria-live=\"polite\" aria-atomic=\"true\"><\/p> <ul><\/ul><\/div>\n<form action=\"\/fr\/wp-json\/wp\/v2\/pages\/1042#wpcf7-f1249-o1\" method=\"post\" class=\"wpcf7-form init\" aria-label=\"Contact form\" novalidate=\"novalidate\" data-status=\"init\">\n<div style=\"display: none;\">\n<input type=\"hidden\" name=\"_wpcf7\" value=\"1249\" \/>\n<input type=\"hidden\" name=\"_wpcf7_version\" value=\"5.7.3\" \/>\n<input type=\"hidden\" name=\"_wpcf7_locale\" value=\"en_US\" \/>\n<input type=\"hidden\" name=\"_wpcf7_unit_tag\" value=\"wpcf7-f1249-o1\" \/>\n<input type=\"hidden\" name=\"_wpcf7_container_post\" value=\"0\" \/>\n<input type=\"hidden\" name=\"_wpcf7_posted_data_hash\" value=\"\" \/>\n<\/div>\n<div class=\"contacta-left\">\n\t<p><label> S\u2019agit-il d\u2019un magasin ouvert au public?*<\/label><br \/>\n<span class=\"wpcf7-form-control-wrap\" data-name=\"checkbox-abierta\"><span class=\"wpcf7-form-control wpcf7-checkbox wpcf7-validates-as-required wpcf7-exclusive-checkbox\"><span class=\"wpcf7-list-item first\"><label><input type=\"checkbox\" name=\"checkbox-abierta\" value=\"Oui\" tabindex=\"\" \/><span class=\"wpcf7-list-item-label\">Oui<\/span><\/label><\/span><span class=\"wpcf7-list-item last\"><label><input type=\"checkbox\" name=\"checkbox-abierta\" value=\"Non\" tabindex=\"\" \/><span class=\"wpcf7-list-item-label\">Non<\/span><\/label><\/span><\/span><\/span>\n\t<\/p>\n\t<p><label> Nom du magasin*<br \/>\n<span class=\"wpcf7-form-control-wrap\" data-name=\"establecimiento-nombre\"><input size=\"40\" class=\"wpcf7-form-control wpcf7-text wpcf7-validates-as-required\" aria-required=\"true\" aria-invalid=\"false\" value=\"\" type=\"text\" name=\"establecimiento-nombre\" \/><\/span> <\/label>\n\t<\/p>\n\t<p><label> Ville<br \/>\n<span class=\"wpcf7-form-control-wrap\" data-name=\"establecimiento-city\"><input size=\"40\" class=\"wpcf7-form-control wpcf7-text wpcf7-validates-as-required\" aria-required=\"true\" aria-invalid=\"false\" value=\"\" type=\"text\" name=\"establecimiento-city\" \/><\/span> <\/label>\n\t<\/p>\n\t<p><label> Pays*<br \/>\n<span class=\"wpcf7-form-control-wrap\" data-name=\"establecimiento-pais\"><input size=\"40\" class=\"wpcf7-form-control wpcf7-text wpcf7-validates-as-required\" aria-required=\"true\" aria-invalid=\"false\" value=\"\" type=\"text\" name=\"establecimiento-pais\" \/><\/span> <\/label>\n\t<\/p>\n\t<p><label> Web<br \/>\n<span class=\"wpcf7-form-control-wrap\" data-name=\"establecimiento-web\"><input size=\"40\" class=\"wpcf7-form-control wpcf7-text wpcf7-validates-as-required\" aria-required=\"true\" aria-invalid=\"false\" value=\"\" type=\"text\" name=\"establecimiento-web\" \/><\/span> <\/label>\n\t<\/p>\n\t<p><label> Vendez-vous actuellement d\u2019autres types de bouteilles r\u00e9utilisables? * <\/label><br \/>\n<span class=\"wpcf7-form-control-wrap\" data-name=\"checkbox-sibotella\"><span class=\"wpcf7-form-control wpcf7-checkbox wpcf7-validates-as-required wpcf7-exclusive-checkbox\"><span class=\"wpcf7-list-item first\"><label><input type=\"checkbox\" name=\"checkbox-sibotella\" value=\"Oui\" tabindex=\"\" \/><span class=\"wpcf7-list-item-label\">Oui<\/span><\/label><\/span><span class=\"wpcf7-list-item last\"><label><input type=\"checkbox\" name=\"checkbox-sibotella\" value=\"Non\" tabindex=\"\" \/><span class=\"wpcf7-list-item-label\">Non<\/span><\/label><\/span><\/span><\/span>\n\t<\/p>\n<\/div>\n<div class=\"contacta-right\">\n\t<p><label> Genre de magasin ouvert au public*<\/label><br \/>\n<span class=\"wpcf7-form-control-wrap\" data-name=\"checkbox-tipo\"><span class=\"wpcf7-form-control wpcf7-checkbox wpcf7-validates-as-required wpcf7-exclusive-checkbox\"><span class=\"wpcf7-list-item first\"><label><input type=\"checkbox\" name=\"checkbox-tipo\" value=\"Magasin d\u2019articles de sports\" tabindex=\"\" \/><span class=\"wpcf7-list-item-label\">Magasin d\u2019articles de sports<\/span><\/label><\/span><span class=\"wpcf7-list-item\"><label><input type=\"checkbox\" name=\"checkbox-tipo\" value=\"Magasin d\u2019articles de maison\" tabindex=\"\" \/><span class=\"wpcf7-list-item-label\">Magasin d\u2019articles de maison<\/span><\/label><\/span><span class=\"wpcf7-list-item\"><label><input type=\"checkbox\" name=\"checkbox-tipo\" value=\"Magasin d\u2019articles pour la pu\u00e9riculture enfants et b\u00e9b\u00e9s\" tabindex=\"\" \/><span class=\"wpcf7-list-item-label\">Magasin d\u2019articles pour la pu\u00e9riculture enfants et b\u00e9b\u00e9s<\/span><\/label><\/span><span class=\"wpcf7-list-item\"><label><input type=\"checkbox\" name=\"checkbox-tipo\" value=\"Magasins d&#039;herboristerie\" tabindex=\"\" \/><span class=\"wpcf7-list-item-label\">Magasins d&#039;herboristerie<\/span><\/label><\/span><span class=\"wpcf7-list-item\"><label><input type=\"checkbox\" name=\"checkbox-tipo\" value=\"Magasins de di\u00e9t\u00e9tique et\/ou nutrition\" tabindex=\"\" \/><span class=\"wpcf7-list-item-label\">Magasins de di\u00e9t\u00e9tique et\/ou nutrition<\/span><\/label><\/span><span class=\"wpcf7-list-item\"><label><input type=\"checkbox\" name=\"checkbox-tipo\" value=\"Magasins de cadeaux\" tabindex=\"\" \/><span class=\"wpcf7-list-item-label\">Magasins de cadeaux<\/span><\/label><\/span><span class=\"wpcf7-list-item\"><label><input type=\"checkbox\" name=\"checkbox-tipo\" value=\"Magasins de bagages\" tabindex=\"\" \/><span class=\"wpcf7-list-item-label\">Magasins de bagages<\/span><\/label><\/span><span class=\"wpcf7-list-item\"><label><input type=\"checkbox\" name=\"checkbox-tipo\" value=\"Magasins de fournitures pour la restauration\" tabindex=\"\" \/><span class=\"wpcf7-list-item-label\">Magasins de fournitures pour la restauration<\/span><\/label><\/span><span class=\"wpcf7-list-item\"><label><input type=\"checkbox\" name=\"checkbox-tipo\" value=\"Magasins de fournitures pour l\u2019h\u00f4tellerie\" tabindex=\"\" \/><span class=\"wpcf7-list-item-label\">Magasins de fournitures pour l\u2019h\u00f4tellerie<\/span><\/label><\/span><span class=\"wpcf7-list-item\"><label><input type=\"checkbox\" name=\"checkbox-tipo\" value=\"Studios de Yoga\" tabindex=\"\" \/><span class=\"wpcf7-list-item-label\">Studios de Yoga<\/span><\/label><\/span><span class=\"wpcf7-list-item last\"><label><input type=\"checkbox\" name=\"checkbox-tipo\" value=\"Autres (veuillez pr\u00e9ciser)\" tabindex=\"\" \/><span class=\"wpcf7-list-item-label\">Autres (veuillez pr\u00e9ciser)<\/span><\/label><\/span><\/span><\/span>\n\t<\/p>\n\t<p><label> Autres<br \/>\n<span class=\"wpcf7-form-control-wrap\" data-name=\"tipo-otro\"><input size=\"40\" class=\"wpcf7-form-control wpcf7-text wpcf7-validates-as-required\" aria-required=\"true\" aria-invalid=\"false\" value=\"\" type=\"text\" name=\"tipo-otro\" \/><\/span> <\/label>\n\t<\/p>\n\t<p><label> Nom et Pr\u00e9nom*<br \/>\n<span class=\"wpcf7-form-control-wrap\" data-name=\"your-name\"><input size=\"40\" class=\"wpcf7-form-control wpcf7-text wpcf7-validates-as-required\" aria-required=\"true\" aria-invalid=\"false\" value=\"\" type=\"text\" name=\"your-name\" \/><\/span> <\/label>\n\t<\/p>\n\t<p><label> Email*<br \/>\n<span class=\"wpcf7-form-control-wrap\" data-name=\"your-email\"><input size=\"40\" class=\"wpcf7-form-control wpcf7-text wpcf7-email wpcf7-validates-as-required wpcf7-validates-as-email\" aria-required=\"true\" aria-invalid=\"false\" value=\"\" type=\"email\" name=\"your-email\" \/><\/span> <\/label><br \/>\n<label><br \/>\n<span class=\"wpcf7-form-control-wrap\" data-name=\"acceptance-231\"><span class=\"wpcf7-form-control wpcf7-acceptance\"><span class=\"wpcf7-list-item\"><input type=\"checkbox\" name=\"acceptance-231\" value=\"1\" aria-invalid=\"false\" \/><\/span><\/span><\/span> <span>J'ai lu et accepte la <a href=\"https:\/\/www.vitbot.com\/fr\/confidentialite\" target=\"_blank\">politique de confidentialit\u00e9<\/a><\/span><br \/>\n<\/label><br \/>\n<label><br \/>\n<\/label>\n\t<\/p>\n\t<ol>\n\t\t<li>\n\t\t\t<p>Responsable des donn\u00e9es: Vitbot Europe, S.L.\n\t\t\t<\/p>\n\t\t<\/li>\n\t\t<li>\n\t\t\t<p>Objet des donn\u00e9es: communication avec le client.\n\t\t\t<\/p>\n\t\t<\/li>\n\t\t<li>\n\t\t\t<p>Stockage de donn\u00e9es: base de donn\u00e9es h\u00e9berg\u00e9e sur Go Daddy Operating Company, LLC\n\t\t\t<\/p>\n\t\t<\/li>\n\t\t<li>\n\t\t\t<p>Droits: Vous pouvez \u00e0 tout moment <a href=\"https:\/\/www.vitbot.com\/fr\/confidentialite\">limiter, r\u00e9cup\u00e9rer et effacer vos informations<\/a>.\n\t\t\t<\/p>\n\t\t<\/li>\n\t<\/ol>\n\t<p><input class=\"wpcf7-form-control has-spinner wpcf7-submit\" type=\"submit\" value=\"ENVOYER\" \/>\n\t<\/p>\n<\/div><div class=\"wpcf7-response-output\" aria-hidden=\"true\"><\/div>\n<\/form>\n<\/div>\n[\/vc_column_text][\/vc_column][\/vc_row][vc_row][vc_column][vc_empty_space height=\u00a0\u00bb60px\u00a0\u00bb][\/vc_column][\/vc_row]\n","protected":false},"excerpt":{"rendered":"<p>[vc_row fullwidth=\u00a0\u00bbtrue\u00a0\u00bb css=\u00a0\u00bb.vc_custom_1492599920359{padding-top: 35px !important;padding-bottom: 10px !important;background-color: #50bedc !important;}\u00a0\u00bb][vc_column][vc_column_text disable_pattern=\u00a0\u00bbfalse\u00a0\u00bb align=\u00a0\u00bbcenter\u00a0\u00bb el_class=\u00a0\u00bbfont-alternategn2d vitbot-color3 distribuidores-tit1&Prime;] Distributeurs [\/vc_column_text][\/vc_column][\/vc_row][vc_row][vc_column][vc_empty_space][vc_column_text disable_pattern=\u00a0\u00bbfalse\u00a0\u00bb el_class=\u00a0\u00bbfont-din2014-l vitbot-color1 distri-txt\u00a0\u00bb]Devenir distributeur des produits Vitbot vous int\u00e9resse ? Veuillez remplir le questionnaire de demande ci-joint ![\/vc_column_text][vc_column_text disable_pattern=\u00a0\u00bbfalse\u00a0\u00bb el_class=\u00a0\u00bbfont-alternategn2d vitbot-color1 distribuidores-tit2&Prime;] Questionnaire de demande de distribution [\/vc_column_text][vc_column_text disable_pattern=\u00a0\u00bbfalse\u00a0\u00bb el_class=\u00a0\u00bbfont-din2014-l vitbot-color1 distri-txt\u00a0\u00bb]Nous vous remercions de l\u2019int\u00e9r\u00eat que vous [&hellip;]<\/p>\n","protected":false},"author":1,"featured_media":0,"parent":0,"menu_order":33,"comment_status":"closed","ping_status":"closed","template":"","meta":{"_monsterinsights_skip_tracking":false,"_monsterinsights_sitenote_active":false,"_monsterinsights_sitenote_note":"","_monsterinsights_sitenote_category":0},"yoast_head":"<!-- This site is optimized with the Yoast SEO plugin v20.1 - https:\/\/yoast.com\/wordpress\/plugins\/seo\/ -->\n<title>Distributeurs - Vitbot<\/title>\n<meta name=\"robots\" content=\"index, follow, max-snippet:-1, max-image-preview:large, max-video-preview:-1\" \/>\n<link rel=\"canonical\" href=\"https:\/\/www.vitbot.com\/fr\/distributeurs\" \/>\n<meta property=\"og:locale\" content=\"fr_FR\" \/>\n<meta property=\"og:type\" content=\"article\" \/>\n<meta property=\"og:title\" content=\"Distributeurs - Vitbot\" \/>\n<meta property=\"og:description\" content=\"[vc_row fullwidth=\u00a0\u00bbtrue\u00a0\u00bb css=\u00a0\u00bb.vc_custom_1492599920359{padding-top: 35px !important;padding-bottom: 10px !important;background-color: #50bedc !important;}\u00a0\u00bb][vc_column][vc_column_text disable_pattern=\u00a0\u00bbfalse\u00a0\u00bb align=\u00a0\u00bbcenter\u00a0\u00bb el_class=\u00a0\u00bbfont-alternategn2d vitbot-color3 distribuidores-tit1&Prime;] Distributeurs [\/vc_column_text][\/vc_column][\/vc_row][vc_row][vc_column][vc_empty_space][vc_column_text disable_pattern=\u00a0\u00bbfalse\u00a0\u00bb el_class=\u00a0\u00bbfont-din2014-l vitbot-color1 distri-txt\u00a0\u00bb]Devenir distributeur des produits Vitbot vous int\u00e9resse ? Veuillez remplir le questionnaire de demande ci-joint ![\/vc_column_text][vc_column_text disable_pattern=\u00a0\u00bbfalse\u00a0\u00bb el_class=\u00a0\u00bbfont-alternategn2d vitbot-color1 distribuidores-tit2&Prime;] Questionnaire de demande de distribution [\/vc_column_text][vc_column_text disable_pattern=\u00a0\u00bbfalse\u00a0\u00bb el_class=\u00a0\u00bbfont-din2014-l vitbot-color1 distri-txt\u00a0\u00bb]Nous vous remercions de l\u2019int\u00e9r\u00eat que vous [&hellip;]\" \/>\n<meta property=\"og:url\" content=\"https:\/\/www.vitbot.com\/fr\/distributeurs\" \/>\n<meta property=\"og:site_name\" content=\"Vitbot\" \/>\n<meta property=\"article:publisher\" content=\"https:\/\/www.facebook.com\/vitbotbottle\/\" \/>\n<meta property=\"article:modified_time\" content=\"2017-05-03T07:37:16+00:00\" \/>\n<meta name=\"twitter:card\" content=\"summary_large_image\" \/>\n<meta name=\"twitter:label1\" content=\"Dur\u00e9e de lecture estim\u00e9e\" \/>\n\t<meta name=\"twitter:data1\" content=\"1 minute\" \/>\n<script type=\"application\/ld+json\" class=\"yoast-schema-graph\">{\"@context\":\"https:\/\/schema.org\",\"@graph\":[{\"@type\":\"WebPage\",\"@id\":\"https:\/\/www.vitbot.com\/fr\/distributeurs\",\"url\":\"https:\/\/www.vitbot.com\/fr\/distributeurs\",\"name\":\"Distributeurs - Vitbot\",\"isPartOf\":{\"@id\":\"https:\/\/www.vitbot.com\/fr#website\"},\"datePublished\":\"2017-05-02T18:46:23+00:00\",\"dateModified\":\"2017-05-03T07:37:16+00:00\",\"breadcrumb\":{\"@id\":\"https:\/\/www.vitbot.com\/fr\/distributeurs#breadcrumb\"},\"inLanguage\":\"fr-FR\",\"potentialAction\":[{\"@type\":\"ReadAction\",\"target\":[\"https:\/\/www.vitbot.com\/fr\/distributeurs\"]}]},{\"@type\":\"BreadcrumbList\",\"@id\":\"https:\/\/www.vitbot.com\/fr\/distributeurs#breadcrumb\",\"itemListElement\":[{\"@type\":\"ListItem\",\"position\":1,\"name\":\"Home\",\"item\":\"https:\/\/www.vitbot.com\/fr\"},{\"@type\":\"ListItem\",\"position\":2,\"name\":\"Distributeurs\"}]},{\"@type\":\"WebSite\",\"@id\":\"https:\/\/www.vitbot.com\/fr#website\",\"url\":\"https:\/\/www.vitbot.com\/fr\",\"name\":\"Vitbot\",\"description\":\"Best Reusable Water Bottles | Vortex Bottle | Vitalizer Bottle\",\"publisher\":{\"@id\":\"https:\/\/www.vitbot.com\/fr#organization\"},\"potentialAction\":[{\"@type\":\"SearchAction\",\"target\":{\"@type\":\"EntryPoint\",\"urlTemplate\":\"https:\/\/www.vitbot.com\/fr?s={search_term_string}\"},\"query-input\":\"required name=search_term_string\"}],\"inLanguage\":\"fr-FR\"},{\"@type\":\"Organization\",\"@id\":\"https:\/\/www.vitbot.com\/fr#organization\",\"name\":\"Vitbot Europe,S.L. NIF B66180548 Tel\u00e8fon Correu info@vitbot.com Direcci\u00f3 C\/ Almeria 40 F Poblaci\u00f3 Tarrasa Codi postal 08226 Pa\u00eds Espanya\",\"url\":\"https:\/\/www.vitbot.com\/fr\",\"logo\":{\"@type\":\"ImageObject\",\"inLanguage\":\"fr-FR\",\"@id\":\"https:\/\/www.vitbot.com\/fr#\/schema\/logo\/image\/\",\"url\":\"https:\/\/www.vitbot.com\/wp-content\/uploads\/2017\/03\/vitbot_logo.png\",\"contentUrl\":\"https:\/\/www.vitbot.com\/wp-content\/uploads\/2017\/03\/vitbot_logo.png\",\"width\":84,\"height\":24,\"caption\":\"Vitbot Europe,S.L. NIF B66180548 Tel\u00e8fon Correu info@vitbot.com Direcci\u00f3 C\/ Almeria 40 F Poblaci\u00f3 Tarrasa Codi postal 08226 Pa\u00eds Espanya\"},\"image\":{\"@id\":\"https:\/\/www.vitbot.com\/fr#\/schema\/logo\/image\/\"},\"sameAs\":[\"https:\/\/www.facebook.com\/vitbotbottle\/\",\"https:\/\/www.instagram.com\/vitbotofficial\/\"]}]}<\/script>\n<!-- \/ Yoast SEO plugin. -->","yoast_head_json":{"title":"Distributeurs - Vitbot","robots":{"index":"index","follow":"follow","max-snippet":"max-snippet:-1","max-image-preview":"max-image-preview:large","max-video-preview":"max-video-preview:-1"},"canonical":"https:\/\/www.vitbot.com\/fr\/distributeurs","og_locale":"fr_FR","og_type":"article","og_title":"Distributeurs - Vitbot","og_description":"[vc_row fullwidth=\u00a0\u00bbtrue\u00a0\u00bb css=\u00a0\u00bb.vc_custom_1492599920359{padding-top: 35px !important;padding-bottom: 10px !important;background-color: #50bedc !important;}\u00a0\u00bb][vc_column][vc_column_text disable_pattern=\u00a0\u00bbfalse\u00a0\u00bb align=\u00a0\u00bbcenter\u00a0\u00bb el_class=\u00a0\u00bbfont-alternategn2d vitbot-color3 distribuidores-tit1&Prime;] Distributeurs [\/vc_column_text][\/vc_column][\/vc_row][vc_row][vc_column][vc_empty_space][vc_column_text disable_pattern=\u00a0\u00bbfalse\u00a0\u00bb el_class=\u00a0\u00bbfont-din2014-l vitbot-color1 distri-txt\u00a0\u00bb]Devenir distributeur des produits Vitbot vous int\u00e9resse ? Veuillez remplir le questionnaire de demande ci-joint ![\/vc_column_text][vc_column_text disable_pattern=\u00a0\u00bbfalse\u00a0\u00bb el_class=\u00a0\u00bbfont-alternategn2d vitbot-color1 distribuidores-tit2&Prime;] Questionnaire de demande de distribution [\/vc_column_text][vc_column_text disable_pattern=\u00a0\u00bbfalse\u00a0\u00bb el_class=\u00a0\u00bbfont-din2014-l vitbot-color1 distri-txt\u00a0\u00bb]Nous vous remercions de l\u2019int\u00e9r\u00eat que vous [&hellip;]","og_url":"https:\/\/www.vitbot.com\/fr\/distributeurs","og_site_name":"Vitbot","article_publisher":"https:\/\/www.facebook.com\/vitbotbottle\/","article_modified_time":"2017-05-03T07:37:16+00:00","twitter_card":"summary_large_image","twitter_misc":{"Dur\u00e9e de lecture estim\u00e9e":"1 minute"},"schema":{"@context":"https:\/\/schema.org","@graph":[{"@type":"WebPage","@id":"https:\/\/www.vitbot.com\/fr\/distributeurs","url":"https:\/\/www.vitbot.com\/fr\/distributeurs","name":"Distributeurs - Vitbot","isPartOf":{"@id":"https:\/\/www.vitbot.com\/fr#website"},"datePublished":"2017-05-02T18:46:23+00:00","dateModified":"2017-05-03T07:37:16+00:00","breadcrumb":{"@id":"https:\/\/www.vitbot.com\/fr\/distributeurs#breadcrumb"},"inLanguage":"fr-FR","potentialAction":[{"@type":"ReadAction","target":["https:\/\/www.vitbot.com\/fr\/distributeurs"]}]},{"@type":"BreadcrumbList","@id":"https:\/\/www.vitbot.com\/fr\/distributeurs#breadcrumb","itemListElement":[{"@type":"ListItem","position":1,"name":"Home","item":"https:\/\/www.vitbot.com\/fr"},{"@type":"ListItem","position":2,"name":"Distributeurs"}]},{"@type":"WebSite","@id":"https:\/\/www.vitbot.com\/fr#website","url":"https:\/\/www.vitbot.com\/fr","name":"Vitbot","description":"Best Reusable Water Bottles | Vortex Bottle | Vitalizer Bottle","publisher":{"@id":"https:\/\/www.vitbot.com\/fr#organization"},"potentialAction":[{"@type":"SearchAction","target":{"@type":"EntryPoint","urlTemplate":"https:\/\/www.vitbot.com\/fr?s={search_term_string}"},"query-input":"required name=search_term_string"}],"inLanguage":"fr-FR"},{"@type":"Organization","@id":"https:\/\/www.vitbot.com\/fr#organization","name":"Vitbot Europe,S.L. NIF B66180548 Tel\u00e8fon Correu info@vitbot.com Direcci\u00f3 C\/ Almeria 40 F Poblaci\u00f3 Tarrasa Codi postal 08226 Pa\u00eds Espanya","url":"https:\/\/www.vitbot.com\/fr","logo":{"@type":"ImageObject","inLanguage":"fr-FR","@id":"https:\/\/www.vitbot.com\/fr#\/schema\/logo\/image\/","url":"https:\/\/www.vitbot.com\/wp-content\/uploads\/2017\/03\/vitbot_logo.png","contentUrl":"https:\/\/www.vitbot.com\/wp-content\/uploads\/2017\/03\/vitbot_logo.png","width":84,"height":24,"caption":"Vitbot Europe,S.L. NIF B66180548 Tel\u00e8fon Correu info@vitbot.com Direcci\u00f3 C\/ Almeria 40 F Poblaci\u00f3 Tarrasa Codi postal 08226 Pa\u00eds Espanya"},"image":{"@id":"https:\/\/www.vitbot.com\/fr#\/schema\/logo\/image\/"},"sameAs":["https:\/\/www.facebook.com\/vitbotbottle\/","https:\/\/www.instagram.com\/vitbotofficial\/"]}]}},"_links":{"self":[{"href":"https:\/\/www.vitbot.com\/fr\/wp-json\/wp\/v2\/pages\/1042"}],"collection":[{"href":"https:\/\/www.vitbot.com\/fr\/wp-json\/wp\/v2\/pages"}],"about":[{"href":"https:\/\/www.vitbot.com\/fr\/wp-json\/wp\/v2\/types\/page"}],"author":[{"embeddable":true,"href":"https:\/\/www.vitbot.com\/fr\/wp-json\/wp\/v2\/users\/1"}],"replies":[{"embeddable":true,"href":"https:\/\/www.vitbot.com\/fr\/wp-json\/wp\/v2\/comments?post=1042"}],"version-history":[{"count":0,"href":"https:\/\/www.vitbot.com\/fr\/wp-json\/wp\/v2\/pages\/1042\/revisions"}],"wp:attachment":[{"href":"https:\/\/www.vitbot.com\/fr\/wp-json\/wp\/v2\/media?parent=1042"}],"curies":[{"name":"wp","href":"https:\/\/api.w.org\/{rel}","templated":true}]}}