{"id":1041,"date":"2017-05-02T20:46:00","date_gmt":"2017-05-02T18:46:00","guid":{"rendered":"https:\/\/www.vitbot.com\/garantie-et-conditions-de-retour"},"modified":"2017-06-01T14:02:26","modified_gmt":"2017-06-01T12:02:26","slug":"garantie-et-conditions-de-retour","status":"publish","type":"page","link":"https:\/\/www.vitbot.com\/fr\/garantie-et-conditions-de-retour","title":{"rendered":"Conditions d\u2019achat, garantie et remboursements"},"content":{"rendered":"[vc_row fullwidth=\u00a0\u00bbtrue\u00a0\u00bb css=\u00a0\u00bb.vc_custom_1492592458920{padding-top: 35px !important;padding-bottom: 10px !important;background-color: #7cc5c9 !important;}\u00a0\u00bb][vc_column][vc_column_text disable_pattern=\u00a0\u00bbfalse\u00a0\u00bb align=\u00a0\u00bbcenter\u00a0\u00bb el_class=\u00a0\u00bbfont-alternategn2d vitbot-color3 poldevo-tit1&Prime;]\n<h1>Conditions d\u2019achat, garantie et remboursements<\/h1>\n[\/vc_column_text][\/vc_column][\/vc_row][vc_row][vc_column][vc_empty_space][vc_column_text disable_pattern=\u00a0\u00bbfalse\u00a0\u00bb el_class=\u00a0\u00bbfont-din2014-l vitbot-color1 devo-txt\u00a0\u00bb]Toutes les commandes et ventes effectu\u00e9es au travers de la boutique web de Vitbot sont soumis aux conditions suivantes :<\/p>\n<p>Vitbot se r\u00e9serve le droit de modifier ou adapter les termes et conditions g\u00e9n\u00e9rales de livraison et de vente \u00e0 tout moment. Il incombe au client de consulter ces conditions r\u00e9guli\u00e8rement.<\/p>\n<p>Vitbot garantit que ses produits sont conformes aux sp\u00e9cifications indiqu\u00e9es sur chacun de ses articles.<\/p>\n<p>&nbsp;<\/p>\n<p><strong>Achats<\/strong><\/p>\n<p>Quand le client effectue un achat, cela signifie qu\u2019il accepte les termes et conditions \u00e9num\u00e9r\u00e9s dans le pr\u00e9sent document. Une fois l\u2019achat effectu\u00e9, le client recevra une confirmation de sa commande par courrier \u00e9lectronique.<\/p>\n<p>Vitbot enverra cette confirmation d\u2019achat, une fois que le client aura effectu\u00e9 le paiement du produit. Vitbot se r\u00e9serve le droit de refuser des commandes dans le cas de conditions anormales.<\/p>\n<p>&nbsp;<\/p>\n<p><strong>Envoi postal et r\u00e9ception<\/strong><\/p>\n<p>Vitbot fournira ses produits dans la limite de son stock. Les produits ne sont disponibles que dans les pays indiqu\u00e9s sur le site web.<\/p>\n<p>Les erreurs d\u2019adresse donn\u00e9e sont de la responsabilit\u00e9 du client, et peuvent entrainer des co\u00fbts additionnels.<\/p>\n<p>Les prix n\u2019incluent ni le transport ni la livraison du produit au client. Les co\u00fbts de transport et de livraison seront indiqu\u00e9s s\u00e9par\u00e9ment.<\/p>\n<p>Un retard dans la livraison ne signifie pas une violation de l\u2019achat ou du paiement, et par cons\u00e9quent, ils ne pourront donner lieu \u00e0 un remboursement en faveur du client.<\/p>\n<p>Le d\u00e9lai de livraison ne sera pas sup\u00e9rieur \u00e0 15 jours ouvrables, \u00e0 compter de la date \u00e0 laquelle le client a effectu\u00e9 le paiement.<\/p>\n<p>En cas de d\u00e9faut de livraison des marchandises, le client peut obtenir un remboursement complet de la Somme pay\u00e9e, sans int\u00e9r\u00eats ni autres modes de remboursement.<\/p>\n<p>Le transporteur proposera la distribution du paquet \u00e0 deux reprises. Si le client n\u2019est pr\u00e9sent en aucune de ces deux occasions, les produits seront retourn\u00e9s au si\u00e8ge central de Vitbot. Si tel \u00e9tait le cas, le client serait responsable \u00e0 nouveau des frais d\u2019exp\u00e9dition.<\/p>\n<p>Les co\u00fbts d\u2019exp\u00e9dition varient suivant le pays. Actuellement, nous pouvons seulement livrer dans les pays inclus dans la liste. (Liste disponible dans la boutique web).<\/p>\n<p>&nbsp;<\/p>\n<p><strong>Prix et modes de paiement<\/strong><\/p>\n<p>Les prix des produits Vitbot ne comprennent pas les frais d\u2019envoi. Ceux-ci seront factur\u00e9s s\u00e9par\u00e9ment une fois la commande compl\u00e9t\u00e9e. Tous les prix sont par unit\u00e9, sauf mention contraire.<\/p>\n<p>En cas de remise ou de promotion d\u2019un produit d\u00e9termin\u00e9, le client devra s\u2019ajuster aux jours indiqu\u00e9s. Si le consommateur ach\u00e8te le produit avant ou apr\u00e8s la promotion, il ne pourra r\u00e9clamer que lui soit vers\u00e9e la diff\u00e9rence de prix.<\/p>\n<p>&nbsp;<\/p>\n<p><strong>Garantie et remboursements<\/strong><\/p>\n<p>Las bouteilles, carafes et verres Vitbot sont fabriqu\u00e9s avec du verre de qualit\u00e9 alimentaire. Les bouteilles Sport, Kids &amp; Travel sont en silicone m\u00e9dicale, avec certification FDA et LFGB.<\/p>\n<p>Si vous avez achet\u00e9 un produit Vitbot par le biais de notre site web, et que vous avez un probl\u00e8me d\u00fb \u00e0 des d\u00e9fauts de fabrication ou \u00e0 de la casse durant le transport d\u2019exp\u00e9dition, vous disposez d\u2019un d\u00e9lai de 30 jours, \u00e0 compter de la date d\u2019achat, pour solliciter le remboursement ou le remplacement du produit. Si vous avez acquis le produit Vitbot chez un distributeur, vous devez vous adresser \u00e0 lui pour solliciter le remboursement ou le remplacement. Dans ce cas, vous disposez \u00e9galement d\u2019un d\u00e9lai maximum de 30 jours \u00e0 compter de la date d\u2019achat. Cette garantie n\u2019inclut pas usure, rayures, griffures, coups, etc\u2026, ou les bris dus \u00e0 des coups et\/ou des chutes.<\/p>\n<p>Les frais d\u2019envoi originaux restent \u00e0 charge du client, ainsi que les frais de retour. Pour une meilleure protection, nous sugg\u00e9rons que tous les retours soient effectu\u00e9s par le biais d\u2019un transporteur tra\u00e7able. Cela permet que les deux parties sachent o\u00f9 se trouve le produit \u00e0 tout moment.<\/p>\n<p>La responsabilit\u00e9 totale de Vitbot pour toute perte ou d\u00e9g\u00e2t, ne pourra exc\u00e9der le prix d\u2019achat du produit. En aucun cas Vitbot ne sera responsable pour des d\u00e9g\u00e2ts indirects, collat\u00e9raux ou sp\u00e9ciaux de n\u2019importe que type. Pour toute incertitude concernant la garantie des produits Vitbot, vous pouvez vous adresser \u00e0 nos distributeurs ou bien directement \u00e0\u00a0<a href=\"mailto:warranty@vitbot.com\">warranty@vitbot.com<\/a>.[\/vc_column_text][vc_empty_space][\/vc_column][\/vc_row]\n","protected":false},"excerpt":{"rendered":"<p>[vc_row fullwidth=\u00a0\u00bbtrue\u00a0\u00bb css=\u00a0\u00bb.vc_custom_1492592458920{padding-top: 35px !important;padding-bottom: 10px !important;background-color: #7cc5c9 !important;}\u00a0\u00bb][vc_column][vc_column_text disable_pattern=\u00a0\u00bbfalse\u00a0\u00bb align=\u00a0\u00bbcenter\u00a0\u00bb el_class=\u00a0\u00bbfont-alternategn2d vitbot-color3 poldevo-tit1&Prime;] Conditions d\u2019achat, garantie et remboursements [\/vc_column_text][\/vc_column][\/vc_row][vc_row][vc_column][vc_empty_space][vc_column_text disable_pattern=\u00a0\u00bbfalse\u00a0\u00bb el_class=\u00a0\u00bbfont-din2014-l vitbot-color1 devo-txt\u00a0\u00bb]Toutes les commandes et ventes effectu\u00e9es au travers de la boutique web de Vitbot sont soumis aux conditions suivantes : Vitbot se r\u00e9serve le droit de modifier ou adapter les termes et [&hellip;]<\/p>\n","protected":false},"author":1,"featured_media":0,"parent":0,"menu_order":34,"comment_status":"closed","ping_status":"closed","template":"","meta":{"_monsterinsights_skip_tracking":false,"_monsterinsights_sitenote_active":false,"_monsterinsights_sitenote_note":"","_monsterinsights_sitenote_category":0},"yoast_head":"<!-- This site is optimized with the Yoast SEO plugin v20.1 - https:\/\/yoast.com\/wordpress\/plugins\/seo\/ -->\n<title>Conditions d\u2019achat, garantie et remboursements - Vitbot<\/title>\n<meta name=\"robots\" content=\"index, follow, max-snippet:-1, max-image-preview:large, max-video-preview:-1\" \/>\n<link rel=\"canonical\" href=\"https:\/\/www.vitbot.com\/fr\/garantie-et-conditions-de-retour\" \/>\n<meta property=\"og:locale\" content=\"fr_FR\" \/>\n<meta property=\"og:type\" content=\"article\" \/>\n<meta property=\"og:title\" content=\"Conditions d\u2019achat, garantie et remboursements - Vitbot\" \/>\n<meta property=\"og:description\" content=\"[vc_row fullwidth=\u00a0\u00bbtrue\u00a0\u00bb css=\u00a0\u00bb.vc_custom_1492592458920{padding-top: 35px !important;padding-bottom: 10px !important;background-color: #7cc5c9 !important;}\u00a0\u00bb][vc_column][vc_column_text disable_pattern=\u00a0\u00bbfalse\u00a0\u00bb align=\u00a0\u00bbcenter\u00a0\u00bb el_class=\u00a0\u00bbfont-alternategn2d vitbot-color3 poldevo-tit1&Prime;] Conditions d\u2019achat, garantie et remboursements [\/vc_column_text][\/vc_column][\/vc_row][vc_row][vc_column][vc_empty_space][vc_column_text disable_pattern=\u00a0\u00bbfalse\u00a0\u00bb el_class=\u00a0\u00bbfont-din2014-l vitbot-color1 devo-txt\u00a0\u00bb]Toutes les commandes et ventes effectu\u00e9es au travers de la boutique web de Vitbot sont soumis aux conditions suivantes : Vitbot se r\u00e9serve le droit de modifier ou adapter les termes et [&hellip;]\" \/>\n<meta property=\"og:url\" content=\"https:\/\/www.vitbot.com\/fr\/garantie-et-conditions-de-retour\" \/>\n<meta property=\"og:site_name\" content=\"Vitbot\" \/>\n<meta property=\"article:publisher\" content=\"https:\/\/www.facebook.com\/vitbotbottle\/\" \/>\n<meta property=\"article:modified_time\" content=\"2017-06-01T12:02:26+00:00\" \/>\n<meta name=\"twitter:card\" content=\"summary_large_image\" \/>\n<meta name=\"twitter:label1\" content=\"Dur\u00e9e de lecture estim\u00e9e\" \/>\n\t<meta name=\"twitter:data1\" content=\"4 minutes\" \/>\n<script type=\"application\/ld+json\" class=\"yoast-schema-graph\">{\"@context\":\"https:\/\/schema.org\",\"@graph\":[{\"@type\":\"WebPage\",\"@id\":\"https:\/\/www.vitbot.com\/fr\/garantie-et-conditions-de-retour\",\"url\":\"https:\/\/www.vitbot.com\/fr\/garantie-et-conditions-de-retour\",\"name\":\"Conditions d\u2019achat, garantie et remboursements - Vitbot\",\"isPartOf\":{\"@id\":\"https:\/\/www.vitbot.com\/fr#website\"},\"datePublished\":\"2017-05-02T18:46:00+00:00\",\"dateModified\":\"2017-06-01T12:02:26+00:00\",\"breadcrumb\":{\"@id\":\"https:\/\/www.vitbot.com\/fr\/garantie-et-conditions-de-retour#breadcrumb\"},\"inLanguage\":\"fr-FR\",\"potentialAction\":[{\"@type\":\"ReadAction\",\"target\":[\"https:\/\/www.vitbot.com\/fr\/garantie-et-conditions-de-retour\"]}]},{\"@type\":\"BreadcrumbList\",\"@id\":\"https:\/\/www.vitbot.com\/fr\/garantie-et-conditions-de-retour#breadcrumb\",\"itemListElement\":[{\"@type\":\"ListItem\",\"position\":1,\"name\":\"Home\",\"item\":\"https:\/\/www.vitbot.com\/fr\"},{\"@type\":\"ListItem\",\"position\":2,\"name\":\"Conditions d\u2019achat, garantie et remboursements\"}]},{\"@type\":\"WebSite\",\"@id\":\"https:\/\/www.vitbot.com\/fr#website\",\"url\":\"https:\/\/www.vitbot.com\/fr\",\"name\":\"Vitbot\",\"description\":\"Best Reusable Water Bottles | Vortex Bottle | Vitalizer Bottle\",\"publisher\":{\"@id\":\"https:\/\/www.vitbot.com\/fr#organization\"},\"potentialAction\":[{\"@type\":\"SearchAction\",\"target\":{\"@type\":\"EntryPoint\",\"urlTemplate\":\"https:\/\/www.vitbot.com\/fr?s={search_term_string}\"},\"query-input\":\"required name=search_term_string\"}],\"inLanguage\":\"fr-FR\"},{\"@type\":\"Organization\",\"@id\":\"https:\/\/www.vitbot.com\/fr#organization\",\"name\":\"Vitbot Europe,S.L. NIF B66180548 Tel\u00e8fon Correu info@vitbot.com Direcci\u00f3 C\/ Almeria 40 F Poblaci\u00f3 Tarrasa Codi postal 08226 Pa\u00eds Espanya\",\"url\":\"https:\/\/www.vitbot.com\/fr\",\"logo\":{\"@type\":\"ImageObject\",\"inLanguage\":\"fr-FR\",\"@id\":\"https:\/\/www.vitbot.com\/fr#\/schema\/logo\/image\/\",\"url\":\"https:\/\/www.vitbot.com\/wp-content\/uploads\/2017\/03\/vitbot_logo.png\",\"contentUrl\":\"https:\/\/www.vitbot.com\/wp-content\/uploads\/2017\/03\/vitbot_logo.png\",\"width\":84,\"height\":24,\"caption\":\"Vitbot Europe,S.L. NIF B66180548 Tel\u00e8fon Correu info@vitbot.com Direcci\u00f3 C\/ Almeria 40 F Poblaci\u00f3 Tarrasa Codi postal 08226 Pa\u00eds Espanya\"},\"image\":{\"@id\":\"https:\/\/www.vitbot.com\/fr#\/schema\/logo\/image\/\"},\"sameAs\":[\"https:\/\/www.facebook.com\/vitbotbottle\/\",\"https:\/\/www.instagram.com\/vitbotofficial\/\"]}]}<\/script>\n<!-- \/ Yoast SEO plugin. -->","yoast_head_json":{"title":"Conditions d\u2019achat, garantie et remboursements - Vitbot","robots":{"index":"index","follow":"follow","max-snippet":"max-snippet:-1","max-image-preview":"max-image-preview:large","max-video-preview":"max-video-preview:-1"},"canonical":"https:\/\/www.vitbot.com\/fr\/garantie-et-conditions-de-retour","og_locale":"fr_FR","og_type":"article","og_title":"Conditions d\u2019achat, garantie et remboursements - Vitbot","og_description":"[vc_row fullwidth=\u00a0\u00bbtrue\u00a0\u00bb css=\u00a0\u00bb.vc_custom_1492592458920{padding-top: 35px !important;padding-bottom: 10px !important;background-color: #7cc5c9 !important;}\u00a0\u00bb][vc_column][vc_column_text disable_pattern=\u00a0\u00bbfalse\u00a0\u00bb align=\u00a0\u00bbcenter\u00a0\u00bb el_class=\u00a0\u00bbfont-alternategn2d vitbot-color3 poldevo-tit1&Prime;] Conditions d\u2019achat, garantie et remboursements [\/vc_column_text][\/vc_column][\/vc_row][vc_row][vc_column][vc_empty_space][vc_column_text disable_pattern=\u00a0\u00bbfalse\u00a0\u00bb el_class=\u00a0\u00bbfont-din2014-l vitbot-color1 devo-txt\u00a0\u00bb]Toutes les commandes et ventes effectu\u00e9es au travers de la boutique web de Vitbot sont soumis aux conditions suivantes : Vitbot se r\u00e9serve le droit de modifier ou adapter les termes et [&hellip;]","og_url":"https:\/\/www.vitbot.com\/fr\/garantie-et-conditions-de-retour","og_site_name":"Vitbot","article_publisher":"https:\/\/www.facebook.com\/vitbotbottle\/","article_modified_time":"2017-06-01T12:02:26+00:00","twitter_card":"summary_large_image","twitter_misc":{"Dur\u00e9e de lecture estim\u00e9e":"4 minutes"},"schema":{"@context":"https:\/\/schema.org","@graph":[{"@type":"WebPage","@id":"https:\/\/www.vitbot.com\/fr\/garantie-et-conditions-de-retour","url":"https:\/\/www.vitbot.com\/fr\/garantie-et-conditions-de-retour","name":"Conditions d\u2019achat, garantie et remboursements - Vitbot","isPartOf":{"@id":"https:\/\/www.vitbot.com\/fr#website"},"datePublished":"2017-05-02T18:46:00+00:00","dateModified":"2017-06-01T12:02:26+00:00","breadcrumb":{"@id":"https:\/\/www.vitbot.com\/fr\/garantie-et-conditions-de-retour#breadcrumb"},"inLanguage":"fr-FR","potentialAction":[{"@type":"ReadAction","target":["https:\/\/www.vitbot.com\/fr\/garantie-et-conditions-de-retour"]}]},{"@type":"BreadcrumbList","@id":"https:\/\/www.vitbot.com\/fr\/garantie-et-conditions-de-retour#breadcrumb","itemListElement":[{"@type":"ListItem","position":1,"name":"Home","item":"https:\/\/www.vitbot.com\/fr"},{"@type":"ListItem","position":2,"name":"Conditions d\u2019achat, garantie et remboursements"}]},{"@type":"WebSite","@id":"https:\/\/www.vitbot.com\/fr#website","url":"https:\/\/www.vitbot.com\/fr","name":"Vitbot","description":"Best Reusable Water Bottles | Vortex Bottle | Vitalizer Bottle","publisher":{"@id":"https:\/\/www.vitbot.com\/fr#organization"},"potentialAction":[{"@type":"SearchAction","target":{"@type":"EntryPoint","urlTemplate":"https:\/\/www.vitbot.com\/fr?s={search_term_string}"},"query-input":"required name=search_term_string"}],"inLanguage":"fr-FR"},{"@type":"Organization","@id":"https:\/\/www.vitbot.com\/fr#organization","name":"Vitbot Europe,S.L. NIF B66180548 Tel\u00e8fon Correu info@vitbot.com Direcci\u00f3 C\/ Almeria 40 F Poblaci\u00f3 Tarrasa Codi postal 08226 Pa\u00eds Espanya","url":"https:\/\/www.vitbot.com\/fr","logo":{"@type":"ImageObject","inLanguage":"fr-FR","@id":"https:\/\/www.vitbot.com\/fr#\/schema\/logo\/image\/","url":"https:\/\/www.vitbot.com\/wp-content\/uploads\/2017\/03\/vitbot_logo.png","contentUrl":"https:\/\/www.vitbot.com\/wp-content\/uploads\/2017\/03\/vitbot_logo.png","width":84,"height":24,"caption":"Vitbot Europe,S.L. NIF B66180548 Tel\u00e8fon Correu info@vitbot.com Direcci\u00f3 C\/ Almeria 40 F Poblaci\u00f3 Tarrasa Codi postal 08226 Pa\u00eds Espanya"},"image":{"@id":"https:\/\/www.vitbot.com\/fr#\/schema\/logo\/image\/"},"sameAs":["https:\/\/www.facebook.com\/vitbotbottle\/","https:\/\/www.instagram.com\/vitbotofficial\/"]}]}},"_links":{"self":[{"href":"https:\/\/www.vitbot.com\/fr\/wp-json\/wp\/v2\/pages\/1041"}],"collection":[{"href":"https:\/\/www.vitbot.com\/fr\/wp-json\/wp\/v2\/pages"}],"about":[{"href":"https:\/\/www.vitbot.com\/fr\/wp-json\/wp\/v2\/types\/page"}],"author":[{"embeddable":true,"href":"https:\/\/www.vitbot.com\/fr\/wp-json\/wp\/v2\/users\/1"}],"replies":[{"embeddable":true,"href":"https:\/\/www.vitbot.com\/fr\/wp-json\/wp\/v2\/comments?post=1041"}],"version-history":[{"count":0,"href":"https:\/\/www.vitbot.com\/fr\/wp-json\/wp\/v2\/pages\/1041\/revisions"}],"wp:attachment":[{"href":"https:\/\/www.vitbot.com\/fr\/wp-json\/wp\/v2\/media?parent=1041"}],"curies":[{"name":"wp","href":"https:\/\/api.w.org\/{rel}","templated":true}]}}