{"id":1034,"date":"2017-05-02T20:43:55","date_gmt":"2017-05-02T18:43:55","guid":{"rendered":"https:\/\/www.vitbot.com\/accueil"},"modified":"2021-04-25T11:31:34","modified_gmt":"2021-04-25T09:31:34","slug":"accueil","status":"publish","type":"page","link":"https:\/\/www.vitbot.com\/fr","title":{"rendered":"Accueil"},"content":{"rendered":"[vc_row fullwidth=\u00a0\u00bbtrue\u00a0\u00bb][vc_column el_class=\u00a0\u00bbtop-banner-img\u00a0\u00bb][mk_revslider id=\u00a0\u00bbhome2019&Prime;][\/vc_column][\/vc_row][vc_row fullwidth=\u00a0\u00bbtrue\u00a0\u00bb equal_columns=\u00a0\u00bbtrue\u00a0\u00bb attached=\u00a0\u00bbtrue\u00a0\u00bb][vc_column width=\u00a0\u00bb1\/2&Prime; css=\u00a0\u00bb.vc_custom_1493199366226{padding-top: 60px !important;padding-right: 60px !important;padding-bottom: 60px !important;padding-left: 60px !important;background-color: #1e0064 !important;}\u00a0\u00bb el_class=\u00a0\u00bbhometextcolumn\u00a0\u00bb][vc_column_text disable_pattern=\u00a0\u00bbfalse\u00a0\u00bb el_class=\u00a0\u00bbvitbot-color3 font-alternategn2d tithome\u00a0\u00bb css=\u00a0\u00bb.vc_custom_1543050440672{margin-bottom: 0px !important;}\u00a0\u00bb]\n<h1><strong>LIGNE INDUSTRIELLE <\/strong><\/h1>\n[\/vc_column_text][vc_column_text disable_pattern=\u00a0\u00bbfalse\u00a0\u00bb el_class=\u00a0\u00bbvitbot-color3 texthome\u00a0\u00bb css=\u00a0\u00bb.vc_custom_1619343087047{margin-bottom: 0px !important;}\u00a0\u00bb]\n<p id=\"tw-target-text\" class=\"tw-data-text tw-text-large XcVN5d tw-ta\" dir=\"ltr\" data-placeholder=\"Traducci\u00f3n\"><strong><span class=\"Y2IQFc\" lang=\"fr\">ACCORDS DE CO-BRANDING AVEC LES PRODUCTEURS DE BOISSONS ET DE COSM\u00c9TIQUES LIQUIDES. <\/span><\/strong><\/p>\n<p class=\"tw-data-text tw-text-large XcVN5d tw-ta\" dir=\"ltr\" data-placeholder=\"Traducci\u00f3n\"><span class=\"Y2IQFc\" lang=\"fr\"><strong>QUELS SONT LES AVANTAGES LES BOUTEILLES VITBOT? <\/strong>Ils conservent intactes la qualit\u00e9 et les propri\u00e9t\u00e9s d&rsquo;origine des boissons et des cosm\u00e9tiques liquides. Ils augmentent la valeur ajout\u00e9e. Ils diff\u00e9rencient les produits et promeuvent des lignes premium. Les boissons ferment\u00e9es ont une maturation uniforme et optimale.<\/span><\/p>\n<p>Elles permettent de nouvelles activit\u00e9s[\/vc_column_text][vc_empty_space height=\u00a0\u00bb15px\u00a0\u00bb][vc_btn title=\u00a0\u00bbafficher plus\u00a0\u00bb color=\u00a0\u00bbwhite\u00a0\u00bb el_class=\u00a0\u00bbbtn-home font-alternategn2d\u00a0\u00bb link=\u00a0\u00bburl:https%3A%2F%2Fwww.vitbot.com%2Ffr%2Fvitbot-industrial|||\u00a0\u00bb][\/vc_column][vc_column width=\u00a0\u00bb1\/2&Prime; el_class=\u00a0\u00bbmobile-view-img\u00a0\u00bb css=\u00a0\u00bb.vc_custom_1544380550950{background-image: url(https:\/\/www.vitbot.com\/wp-content\/uploads\/2018\/10\/industrial-set.jpg?id=3073) !important;}\u00a0\u00bb][vc_single_image image=\u00a0\u00bb3073&Prime; img_size=\u00a0\u00bbfull\u00a0\u00bb alignment=\u00a0\u00bbcenter\u00a0\u00bb css=\u00a0\u00bb.vc_custom_1542632223243{margin-top: 0px !important;margin-right: 0px !important;margin-bottom: 0px !important;margin-left: 0px !important;border-top-width: 0px !important;border-right-width: 0px !important;border-bottom-width: 0px !important;border-left-width: 0px !important;padding-top: 0px !important;padding-right: 0px !important;padding-bottom: 0px !important;padding-left: 0px !important;}\u00a0\u00bb][\/vc_column][\/vc_row][vc_row fullwidth=\u00a0\u00bbtrue\u00a0\u00bb equal_columns=\u00a0\u00bbtrue\u00a0\u00bb attached=\u00a0\u00bbtrue\u00a0\u00bb][vc_column width=\u00a0\u00bb1\/2&Prime; el_class=\u00a0\u00bbmobile-view-img\u00a0\u00bb css=\u00a0\u00bb.vc_custom_1544380661962{background-image: url(https:\/\/www.vitbot.com\/wp-content\/uploads\/2017\/03\/home_hd_productos.jpg?id=682) !important;}\u00a0\u00bb][vc_single_image image=\u00a0\u00bb679&Prime; img_size=\u00a0\u00bbfull\u00a0\u00bb alignment=\u00a0\u00bbcenter\u00a0\u00bb css=\u00a0\u00bb.vc_custom_1492701952234{margin-top: 0px !important;margin-right: 0px !important;margin-bottom: 0px !important;margin-left: 0px !important;border-top-width: 0px !important;border-right-width: 0px !important;border-bottom-width: 0px !important;border-left-width: 0px !important;padding-top: 0px !important;padding-right: 0px !important;padding-bottom: 0px !important;padding-left: 0px !important;}\u00a0\u00bb][\/vc_column][vc_column width=\u00a0\u00bb1\/2&Prime; css=\u00a0\u00bb.vc_custom_1493199376130{padding-top: 60px !important;padding-right: 60px !important;padding-bottom: 60px !important;padding-left: 60px !important;background-color: #50bedc !important;}\u00a0\u00bb el_class=\u00a0\u00bbhometextcolumn\u00a0\u00bb][vc_column_text disable_pattern=\u00a0\u00bbfalse\u00a0\u00bb el_class=\u00a0\u00bbvitbot-color3 font-alternategn2d tithome2&Prime; css=\u00a0\u00bb.vc_custom_1542632514227{margin-bottom: 0px !important;}\u00a0\u00bb]\n<h1><strong>LIGNE PERSONNELLE<\/strong><\/h1>\n[\/vc_column_text][vc_column_text disable_pattern=\u00a0\u00bbfalse\u00a0\u00bb el_class=\u00a0\u00bbvitbot-color1 texthome\u00a0\u00bb css=\u00a0\u00bb.vc_custom_1544256630586{margin-bottom: 0px !important;}\u00a0\u00bb]Pour concevoir Vitbot, nous nous sommes inspir\u00e9s de la science de la nature (biomim\u00e9tisme). C&rsquo;est la raison pour laquelle nos bouteilles sont en forme d&rsquo;oeuf. Gr\u00e2ce \u00e0 cette forme ovo\u00efde, les liquides tournent naturellement en tourbillon (vitalisation) \u00e0 l&rsquo;int\u00e9rieur des Vitbot, g\u00e9n\u00e9rant une dissolution uniforme des min\u00e9raux, des \u00e9lectrolytes, etc. pr\u00e9sents dans les boissons. Ainsi, le corps humain assimile de mani\u00e8re plus efficace les propri\u00e9t\u00e9s de l&rsquo;eau, des jus, du th\u00e9, des boissons v\u00e9g\u00e9tales, etc.[\/vc_column_text][vc_empty_space height=\u00a0\u00bb15px\u00a0\u00bb][vc_btn title=\u00a0\u00bbafficher plus\u00a0\u00bb color=\u00a0\u00bbwhite\u00a0\u00bb el_class=\u00a0\u00bbbtn-home font-alternategn2d bg-color3&Prime; link=\u00a0\u00bburl:https%3A%2F%2Fwww.vitbot.com%2Ffr%2Fproduits|||\u00a0\u00bb][\/vc_column][\/vc_row][vc_row fullwidth=\u00a0\u00bbtrue\u00a0\u00bb equal_columns=\u00a0\u00bbtrue\u00a0\u00bb attached=\u00a0\u00bbtrue\u00a0\u00bb][vc_column width=\u00a0\u00bb1\/2&Prime; css=\u00a0\u00bb.vc_custom_1493199384029{padding-top: 60px !important;padding-right: 60px !important;padding-bottom: 60px !important;padding-left: 60px !important;background-color: #1e0064 !important;}\u00a0\u00bb el_class=\u00a0\u00bbhometextcolumn\u00a0\u00bb][vc_column_text disable_pattern=\u00a0\u00bbfalse\u00a0\u00bb el_class=\u00a0\u00bbvitbot-color2 font-alternategn2d tithome\u00a0\u00bb]\n<h1>LA G\u00c9OM\u00c9TRIE<br \/>\nDE LA VIE<\/h1>\n[\/vc_column_text][vc_column_text disable_pattern=\u00a0\u00bbfalse\u00a0\u00bb el_class=\u00a0\u00bbvitbot-color3 texthome\u00a0\u00bb]Mouvement vortex, forme ovo\u00efde et proportion Phi (le \u00ab Nombre d\u2019Or \u00bb) constituent des fondamentaux de la g\u00e9om\u00e9trie de la vie. Le vortex, est le plus efficace mouvement pour contenir et maintenir l\u2019\u00e9nergie. La forme ovo\u00efde, est le conteneur o\u00f9 la m\u00e9moire de la vie se pr\u00e9serve intacte. La proportion Phi est un mod\u00e8le d&rsquo;ordre et de croissance.[\/vc_column_text][vc_empty_space height=\u00a0\u00bb15px\u00a0\u00bb][vc_btn title=\u00a0\u00bbafficher plus\u00a0\u00bb color=\u00a0\u00bbwhite\u00a0\u00bb el_class=\u00a0\u00bbbtn-home font-alternategn2d\u00a0\u00bb link=\u00a0\u00bburl:https%3A%2F%2Fwww.vitbot.com%2Ffr%2Fgeometrie-de-la-vie|||\u00a0\u00bb][\/vc_column][vc_column width=\u00a0\u00bb1\/2&Prime; el_class=\u00a0\u00bbmobile-view-img\u00a0\u00bb css=\u00a0\u00bb.vc_custom_1544380738260{background-image: url(https:\/\/www.vitbot.com\/wp-content\/uploads\/2017\/03\/home_hd_geometria.jpg?id=677) !important;}\u00a0\u00bb][vc_single_image image=\u00a0\u00bb674&Prime; img_size=\u00a0\u00bbfull\u00a0\u00bb alignment=\u00a0\u00bbcenter\u00a0\u00bb css=\u00a0\u00bb.vc_custom_1492701975321{margin-top: 0px !important;margin-right: 0px !important;margin-bottom: 0px !important;margin-left: 0px !important;border-top-width: 0px !important;border-right-width: 0px !important;border-bottom-width: 0px !important;border-left-width: 0px !important;padding-top: 0px !important;padding-right: 0px !important;padding-bottom: 0px !important;padding-left: 0px !important;}\u00a0\u00bb][\/vc_column][\/vc_row][vc_row fullwidth=\u00a0\u00bbtrue\u00a0\u00bb equal_columns=\u00a0\u00bbtrue\u00a0\u00bb attached=\u00a0\u00bbtrue\u00a0\u00bb][vc_column width=\u00a0\u00bb1\/2&Prime; el_class=\u00a0\u00bbmobile-view-img\u00a0\u00bb css=\u00a0\u00bb.vc_custom_1544380830200{background-image: url(https:\/\/www.vitbot.com\/wp-content\/uploads\/2017\/03\/home_hd_somosseresliquidos.jpg?id=692) !important;}\u00a0\u00bb][vc_single_image image=\u00a0\u00bb689&Prime; img_size=\u00a0\u00bbfull\u00a0\u00bb alignment=\u00a0\u00bbcenter\u00a0\u00bb css=\u00a0\u00bb.vc_custom_1492701995157{margin-top: 0px !important;margin-right: 0px !important;margin-bottom: 0px !important;margin-left: 0px !important;border-top-width: 0px !important;border-right-width: 0px !important;border-bottom-width: 0px !important;border-left-width: 0px !important;padding-top: 0px !important;padding-right: 0px !important;padding-bottom: 0px !important;padding-left: 0px !important;}\u00a0\u00bb][\/vc_column][vc_column width=\u00a0\u00bb1\/2&Prime; css=\u00a0\u00bb.vc_custom_1493199390358{padding-top: 60px !important;padding-right: 60px !important;padding-bottom: 60px !important;padding-left: 60px !important;background-color: #50bedc !important;}\u00a0\u00bb el_class=\u00a0\u00bbhometextcolumn\u00a0\u00bb][vc_column_text disable_pattern=\u00a0\u00bbfalse\u00a0\u00bb el_class=\u00a0\u00bbvitbot-color3 font-alternategn2d tithome3&Prime;]\n<h1>NOUS SOMMES DES \u00caTRES LIQUIDES<\/h1>\n[\/vc_column_text][vc_column_text disable_pattern=\u00a0\u00bbfalse\u00a0\u00bb el_class=\u00a0\u00bbvitbot-color1 texthome\u00a0\u00bb]Chez Vitbot, nous croyons que l\u2019eau est plus qu\u2019une simple boisson qui \u00e9tanche notre soif. Elle est notre aliment essentiel, le seul dont nous ne puissions-nous passer. Le corps humain est compos\u00e9 jusqu\u2019\u00e0 80 % d\u2019eau \u00e0 la naissance et 70 % \u00e0 l\u2019\u00e2ge adulte. Nous sommes des \u00ab \u00eatres liquides \u00bb.[\/vc_column_text][vc_empty_space height=\u00a0\u00bb15px\u00a0\u00bb][vc_btn title=\u00a0\u00bbafficher plus\u00a0\u00bb color=\u00a0\u00bbwhite\u00a0\u00bb el_class=\u00a0\u00bbbtn-home font-alternategn2d bg-color3&Prime; link=\u00a0\u00bburl:https%3A%2F%2Fwww.vitbot.com%2Ffr%2Fnous-sommes-des-etres-liquides|||\u00a0\u00bb][\/vc_column][\/vc_row]\n","protected":false},"excerpt":{"rendered":"<p>[vc_row fullwidth=\u00a0\u00bbtrue\u00a0\u00bb][vc_column el_class=\u00a0\u00bbtop-banner-img\u00a0\u00bb][mk_revslider id=\u00a0\u00bbhome2019&Prime;][\/vc_column][\/vc_row][vc_row fullwidth=\u00a0\u00bbtrue\u00a0\u00bb equal_columns=\u00a0\u00bbtrue\u00a0\u00bb attached=\u00a0\u00bbtrue\u00a0\u00bb][vc_column width=\u00a0\u00bb1\/2&Prime; css=\u00a0\u00bb.vc_custom_1493199366226{padding-top: 60px !important;padding-right: 60px !important;padding-bottom: 60px !important;padding-left: 60px !important;background-color: #1e0064 !important;}\u00a0\u00bb el_class=\u00a0\u00bbhometextcolumn\u00a0\u00bb][vc_column_text disable_pattern=\u00a0\u00bbfalse\u00a0\u00bb el_class=\u00a0\u00bbvitbot-color3 font-alternategn2d tithome\u00a0\u00bb css=\u00a0\u00bb.vc_custom_1543050440672{margin-bottom: 0px !important;}\u00a0\u00bb] LIGNE INDUSTRIELLE [\/vc_column_text][vc_column_text disable_pattern=\u00a0\u00bbfalse\u00a0\u00bb el_class=\u00a0\u00bbvitbot-color3 texthome\u00a0\u00bb css=\u00a0\u00bb.vc_custom_1619343087047{margin-bottom: 0px !important;}\u00a0\u00bb] ACCORDS DE CO-BRANDING AVEC LES PRODUCTEURS DE BOISSONS ET DE COSM\u00c9TIQUES LIQUIDES. QUELS SONT LES AVANTAGES LES BOUTEILLES VITBOT? [&hellip;]<\/p>\n","protected":false},"author":1,"featured_media":0,"parent":0,"menu_order":1,"comment_status":"closed","ping_status":"closed","template":"","meta":{"_monsterinsights_skip_tracking":false,"_monsterinsights_sitenote_active":false,"_monsterinsights_sitenote_note":"","_monsterinsights_sitenote_category":0},"yoast_head":"<!-- This site is optimized with the Yoast SEO plugin v20.1 - https:\/\/yoast.com\/wordpress\/plugins\/seo\/ -->\n<title>Accueil - Vitbot<\/title>\n<meta name=\"robots\" content=\"index, follow, max-snippet:-1, max-image-preview:large, max-video-preview:-1\" \/>\n<link rel=\"canonical\" href=\"https:\/\/www.vitbot.com\/fr\" \/>\n<meta property=\"og:locale\" content=\"fr_FR\" \/>\n<meta property=\"og:type\" content=\"article\" \/>\n<meta property=\"og:title\" content=\"Accueil - Vitbot\" \/>\n<meta property=\"og:description\" content=\"[vc_row fullwidth=\u00a0\u00bbtrue\u00a0\u00bb][vc_column el_class=\u00a0\u00bbtop-banner-img\u00a0\u00bb][mk_revslider id=\u00a0\u00bbhome2019&Prime;][\/vc_column][\/vc_row][vc_row fullwidth=\u00a0\u00bbtrue\u00a0\u00bb equal_columns=\u00a0\u00bbtrue\u00a0\u00bb attached=\u00a0\u00bbtrue\u00a0\u00bb][vc_column width=\u00a0\u00bb1\/2&Prime; css=\u00a0\u00bb.vc_custom_1493199366226{padding-top: 60px !important;padding-right: 60px !important;padding-bottom: 60px !important;padding-left: 60px !important;background-color: #1e0064 !important;}\u00a0\u00bb el_class=\u00a0\u00bbhometextcolumn\u00a0\u00bb][vc_column_text disable_pattern=\u00a0\u00bbfalse\u00a0\u00bb el_class=\u00a0\u00bbvitbot-color3 font-alternategn2d tithome\u00a0\u00bb css=\u00a0\u00bb.vc_custom_1543050440672{margin-bottom: 0px !important;}\u00a0\u00bb] LIGNE INDUSTRIELLE [\/vc_column_text][vc_column_text disable_pattern=\u00a0\u00bbfalse\u00a0\u00bb el_class=\u00a0\u00bbvitbot-color3 texthome\u00a0\u00bb css=\u00a0\u00bb.vc_custom_1619343087047{margin-bottom: 0px !important;}\u00a0\u00bb] ACCORDS DE CO-BRANDING AVEC LES PRODUCTEURS DE BOISSONS ET DE COSM\u00c9TIQUES LIQUIDES. QUELS SONT LES AVANTAGES LES BOUTEILLES VITBOT? [&hellip;]\" \/>\n<meta property=\"og:url\" content=\"https:\/\/www.vitbot.com\/fr\" \/>\n<meta property=\"og:site_name\" content=\"Vitbot\" \/>\n<meta property=\"article:publisher\" content=\"https:\/\/www.facebook.com\/vitbotbottle\/\" \/>\n<meta property=\"article:modified_time\" content=\"2021-04-25T09:31:34+00:00\" \/>\n<meta name=\"twitter:card\" content=\"summary_large_image\" \/>\n<meta name=\"twitter:label1\" content=\"Dur\u00e9e de lecture estim\u00e9e\" \/>\n\t<meta name=\"twitter:data1\" content=\"3 minutes\" \/>\n<script type=\"application\/ld+json\" class=\"yoast-schema-graph\">{\"@context\":\"https:\/\/schema.org\",\"@graph\":[{\"@type\":\"WebPage\",\"@id\":\"https:\/\/www.vitbot.com\/fr\",\"url\":\"https:\/\/www.vitbot.com\/fr\",\"name\":\"Accueil - Vitbot\",\"isPartOf\":{\"@id\":\"https:\/\/www.vitbot.com\/fr#website\"},\"datePublished\":\"2017-05-02T18:43:55+00:00\",\"dateModified\":\"2021-04-25T09:31:34+00:00\",\"breadcrumb\":{\"@id\":\"https:\/\/www.vitbot.com\/fr#breadcrumb\"},\"inLanguage\":\"fr-FR\",\"potentialAction\":[{\"@type\":\"ReadAction\",\"target\":[\"https:\/\/www.vitbot.com\/fr\"]}]},{\"@type\":\"BreadcrumbList\",\"@id\":\"https:\/\/www.vitbot.com\/fr#breadcrumb\",\"itemListElement\":[{\"@type\":\"ListItem\",\"position\":1,\"name\":\"Home\",\"item\":\"https:\/\/www.vitbot.com\/fr\"},{\"@type\":\"ListItem\",\"position\":2,\"name\":\"Accueil\"}]},{\"@type\":\"WebSite\",\"@id\":\"https:\/\/www.vitbot.com\/fr#website\",\"url\":\"https:\/\/www.vitbot.com\/fr\",\"name\":\"Vitbot\",\"description\":\"Best Reusable Water Bottles | Vortex Bottle | Vitalizer Bottle\",\"publisher\":{\"@id\":\"https:\/\/www.vitbot.com\/fr#organization\"},\"potentialAction\":[{\"@type\":\"SearchAction\",\"target\":{\"@type\":\"EntryPoint\",\"urlTemplate\":\"https:\/\/www.vitbot.com\/fr?s={search_term_string}\"},\"query-input\":\"required name=search_term_string\"}],\"inLanguage\":\"fr-FR\"},{\"@type\":\"Organization\",\"@id\":\"https:\/\/www.vitbot.com\/fr#organization\",\"name\":\"Vitbot Europe,S.L. NIF B66180548 Tel\u00e8fon Correu info@vitbot.com Direcci\u00f3 C\/ Almeria 40 F Poblaci\u00f3 Tarrasa Codi postal 08226 Pa\u00eds Espanya\",\"url\":\"https:\/\/www.vitbot.com\/fr\",\"logo\":{\"@type\":\"ImageObject\",\"inLanguage\":\"fr-FR\",\"@id\":\"https:\/\/www.vitbot.com\/fr#\/schema\/logo\/image\/\",\"url\":\"https:\/\/www.vitbot.com\/wp-content\/uploads\/2017\/03\/vitbot_logo.png\",\"contentUrl\":\"https:\/\/www.vitbot.com\/wp-content\/uploads\/2017\/03\/vitbot_logo.png\",\"width\":84,\"height\":24,\"caption\":\"Vitbot Europe,S.L. NIF B66180548 Tel\u00e8fon Correu info@vitbot.com Direcci\u00f3 C\/ Almeria 40 F Poblaci\u00f3 Tarrasa Codi postal 08226 Pa\u00eds Espanya\"},\"image\":{\"@id\":\"https:\/\/www.vitbot.com\/fr#\/schema\/logo\/image\/\"},\"sameAs\":[\"https:\/\/www.facebook.com\/vitbotbottle\/\",\"https:\/\/www.instagram.com\/vitbotofficial\/\"]}]}<\/script>\n<!-- \/ Yoast SEO plugin. -->","yoast_head_json":{"title":"Accueil - Vitbot","robots":{"index":"index","follow":"follow","max-snippet":"max-snippet:-1","max-image-preview":"max-image-preview:large","max-video-preview":"max-video-preview:-1"},"canonical":"https:\/\/www.vitbot.com\/fr","og_locale":"fr_FR","og_type":"article","og_title":"Accueil - Vitbot","og_description":"[vc_row fullwidth=\u00a0\u00bbtrue\u00a0\u00bb][vc_column el_class=\u00a0\u00bbtop-banner-img\u00a0\u00bb][mk_revslider id=\u00a0\u00bbhome2019&Prime;][\/vc_column][\/vc_row][vc_row fullwidth=\u00a0\u00bbtrue\u00a0\u00bb equal_columns=\u00a0\u00bbtrue\u00a0\u00bb attached=\u00a0\u00bbtrue\u00a0\u00bb][vc_column width=\u00a0\u00bb1\/2&Prime; css=\u00a0\u00bb.vc_custom_1493199366226{padding-top: 60px !important;padding-right: 60px !important;padding-bottom: 60px !important;padding-left: 60px !important;background-color: #1e0064 !important;}\u00a0\u00bb el_class=\u00a0\u00bbhometextcolumn\u00a0\u00bb][vc_column_text disable_pattern=\u00a0\u00bbfalse\u00a0\u00bb el_class=\u00a0\u00bbvitbot-color3 font-alternategn2d tithome\u00a0\u00bb css=\u00a0\u00bb.vc_custom_1543050440672{margin-bottom: 0px !important;}\u00a0\u00bb] LIGNE INDUSTRIELLE [\/vc_column_text][vc_column_text disable_pattern=\u00a0\u00bbfalse\u00a0\u00bb el_class=\u00a0\u00bbvitbot-color3 texthome\u00a0\u00bb css=\u00a0\u00bb.vc_custom_1619343087047{margin-bottom: 0px !important;}\u00a0\u00bb] ACCORDS DE CO-BRANDING AVEC LES PRODUCTEURS DE BOISSONS ET DE COSM\u00c9TIQUES LIQUIDES. QUELS SONT LES AVANTAGES LES BOUTEILLES VITBOT? [&hellip;]","og_url":"https:\/\/www.vitbot.com\/fr","og_site_name":"Vitbot","article_publisher":"https:\/\/www.facebook.com\/vitbotbottle\/","article_modified_time":"2021-04-25T09:31:34+00:00","twitter_card":"summary_large_image","twitter_misc":{"Dur\u00e9e de lecture estim\u00e9e":"3 minutes"},"schema":{"@context":"https:\/\/schema.org","@graph":[{"@type":"WebPage","@id":"https:\/\/www.vitbot.com\/fr","url":"https:\/\/www.vitbot.com\/fr","name":"Accueil - Vitbot","isPartOf":{"@id":"https:\/\/www.vitbot.com\/fr#website"},"datePublished":"2017-05-02T18:43:55+00:00","dateModified":"2021-04-25T09:31:34+00:00","breadcrumb":{"@id":"https:\/\/www.vitbot.com\/fr#breadcrumb"},"inLanguage":"fr-FR","potentialAction":[{"@type":"ReadAction","target":["https:\/\/www.vitbot.com\/fr"]}]},{"@type":"BreadcrumbList","@id":"https:\/\/www.vitbot.com\/fr#breadcrumb","itemListElement":[{"@type":"ListItem","position":1,"name":"Home","item":"https:\/\/www.vitbot.com\/fr"},{"@type":"ListItem","position":2,"name":"Accueil"}]},{"@type":"WebSite","@id":"https:\/\/www.vitbot.com\/fr#website","url":"https:\/\/www.vitbot.com\/fr","name":"Vitbot","description":"Best Reusable Water Bottles | Vortex Bottle | Vitalizer Bottle","publisher":{"@id":"https:\/\/www.vitbot.com\/fr#organization"},"potentialAction":[{"@type":"SearchAction","target":{"@type":"EntryPoint","urlTemplate":"https:\/\/www.vitbot.com\/fr?s={search_term_string}"},"query-input":"required name=search_term_string"}],"inLanguage":"fr-FR"},{"@type":"Organization","@id":"https:\/\/www.vitbot.com\/fr#organization","name":"Vitbot Europe,S.L. NIF B66180548 Tel\u00e8fon Correu info@vitbot.com Direcci\u00f3 C\/ Almeria 40 F Poblaci\u00f3 Tarrasa Codi postal 08226 Pa\u00eds Espanya","url":"https:\/\/www.vitbot.com\/fr","logo":{"@type":"ImageObject","inLanguage":"fr-FR","@id":"https:\/\/www.vitbot.com\/fr#\/schema\/logo\/image\/","url":"https:\/\/www.vitbot.com\/wp-content\/uploads\/2017\/03\/vitbot_logo.png","contentUrl":"https:\/\/www.vitbot.com\/wp-content\/uploads\/2017\/03\/vitbot_logo.png","width":84,"height":24,"caption":"Vitbot Europe,S.L. NIF B66180548 Tel\u00e8fon Correu info@vitbot.com Direcci\u00f3 C\/ Almeria 40 F Poblaci\u00f3 Tarrasa Codi postal 08226 Pa\u00eds Espanya"},"image":{"@id":"https:\/\/www.vitbot.com\/fr#\/schema\/logo\/image\/"},"sameAs":["https:\/\/www.facebook.com\/vitbotbottle\/","https:\/\/www.instagram.com\/vitbotofficial\/"]}]}},"_links":{"self":[{"href":"https:\/\/www.vitbot.com\/fr\/wp-json\/wp\/v2\/pages\/1034"}],"collection":[{"href":"https:\/\/www.vitbot.com\/fr\/wp-json\/wp\/v2\/pages"}],"about":[{"href":"https:\/\/www.vitbot.com\/fr\/wp-json\/wp\/v2\/types\/page"}],"author":[{"embeddable":true,"href":"https:\/\/www.vitbot.com\/fr\/wp-json\/wp\/v2\/users\/1"}],"replies":[{"embeddable":true,"href":"https:\/\/www.vitbot.com\/fr\/wp-json\/wp\/v2\/comments?post=1034"}],"version-history":[{"count":14,"href":"https:\/\/www.vitbot.com\/fr\/wp-json\/wp\/v2\/pages\/1034\/revisions"}],"predecessor-version":[{"id":21185,"href":"https:\/\/www.vitbot.com\/fr\/wp-json\/wp\/v2\/pages\/1034\/revisions\/21185"}],"wp:attachment":[{"href":"https:\/\/www.vitbot.com\/fr\/wp-json\/wp\/v2\/media?parent=1034"}],"curies":[{"name":"wp","href":"https:\/\/api.w.org\/{rel}","templated":true}]}}