{"id":3852,"date":"2018-12-04T20:11:37","date_gmt":"2018-12-04T18:11:37","guid":{"rendered":"https:\/\/www.vitbot.com\/?page_id=3852"},"modified":"2022-05-08T07:46:33","modified_gmt":"2022-05-08T05:46:33","slug":"tapon-egg-of-life","status":"publish","type":"page","link":"https:\/\/www.vitbot.com\/es\/tapon-egg-of-life","title":{"rendered":"Tap\u00f3n Egg of Life"},"content":{"rendered":"[vc_row][vc_column][vc_empty_space height=\u00bb30px\u00bb el_class=\u00bbprod-space9&#8243;][\/vc_column][\/vc_row][vc_row fullwidth=\u00bbtrue\u00bb equal_columns=\u00bbtrue\u00bb][vc_column width=\u00bb1\/2&#8243; css=\u00bb.vc_custom_1492591143501{background-color: #ffffff !important;background-position: center !important;background-repeat: no-repeat !important;background-size: cover !important;}\u00bb][vc_row_inner][vc_column_inner][vc_single_image image=\u00bb3788&#8243; img_size=\u00bbfull\u00bb alignment=\u00bbcenter\u00bb][\/vc_column_inner][\/vc_row_inner][\/vc_column][vc_column width=\u00bb1\/2&#8243; css=\u00bb.vc_custom_1492591132776{background-color: #ffffff !important;background-position: center !important;background-repeat: no-repeat !important;background-size: cover !important;}\u00bb][vc_row_inner][vc_column_inner][vc_column_text disable_pattern=\u00bbfalse\u00bb el_class=\u00bbfont-alternategn2d vitbot-color1 prod-tit1&#8243; css=\u00bb.vc_custom_1543946937157{margin-bottom: 0px !important;}\u00bb]\n<h2>Tap\u00f3n Egg of Life<\/h2>\n[\/vc_column_text][vc_column_text disable_pattern=\u00bbfalse\u00bb el_class=\u00bbprod-price\u00bb css=\u00bb.vc_custom_1651988789797{margin-bottom: 0px !important;}\u00bb][\/vc_column_text][vc_empty_space height=\u00bb50px\u00bb el_class=\u00bbprod-space1&#8243;][vc_column_text disable_pattern=\u00bbfalse\u00bb el_class=\u00bbfont-din2014-l vitbot-color1 prod-desc\u00bb css=\u00bb.vc_custom_1543946981782{margin-bottom: 0px !important;}\u00bb]Tap\u00f3n de acero inoxidable 18\/8.<br \/>\nEl pl\u00e1stico de la rosca est\u00e1 libre de BPA. Gracias al bot\u00f3n central, el agua solo entra en contacto con el acero inoxidable.<br \/>\nDebe lavarse a mano.<br \/>\nFabricado en Europa.<br \/>\n[\/vc_column_text][vc_empty_space height=\u00bb50px\u00bb el_class=\u00bbprod-space2&#8243;][vc_column_text disable_pattern=\u00bbfalse\u00bb el_class=\u00bbprod-add\u00bb css=\u00bb.vc_custom_1543947057656{margin-bottom: 0px !important;}\u00bb]<p class=\"product woocommerce add_to_cart_inline \" style=\"border:4px solid #ccc; padding: 12px;\"><a rel=\"nofollow\" href=\"https:\/\/www.vitbot.com\/es\/producto\/tapon-egg-of-life\" data-quantity=\"1\" data-product_id=\"3850\" data-product_sku=\"\" class=\"product_loop_button product_type_simple  ajax_add_to_cart\" data-product_id=\"3850\" data-product_sku=\"\" aria-label=\"Lee m\u00e1s sobre &ldquo;Tap\u00f3n Egg of Life&rdquo;\" rel=\"nofollow\"><svg  class=\"mk-svg-icon\" data-name=\"mk-moon-search-3\" data-cacheid=\"icon-69e1e14fc246b\" style=\" height:16px; width: 16px; \"  xmlns=\"http:\/\/www.w3.org\/2000\/svg\" viewBox=\"0 0 512 512\"><path d=\"M496.131 435.698l-121.276-103.147c-12.537-11.283-25.945-16.463-36.776-15.963 28.628-33.534 45.921-77.039 45.921-124.588 0-106.039-85.961-192-192-192-106.038 0-192 85.961-192 192s85.961 192 192 192c47.549 0 91.054-17.293 124.588-45.922-.5 10.831 4.68 24.239 15.963 36.776l103.147 121.276c17.661 19.623 46.511 21.277 64.11 3.678s15.946-46.449-3.677-64.11zm-304.131-115.698c-70.692 0-128-57.308-128-128s57.308-128 128-128 128 57.308 128 128-57.307 128-128 128z\"\/><\/svg><span class=\"product_loop_button_text\">Leer m\u00e1s<\/a><\/p>[\/vc_column_text][\/vc_column_inner][\/vc_row_inner][\/vc_column][\/vc_row][vc_row][vc_column][vc_empty_space height=\u00bb50px\u00bb el_class=\u00bbprod-space2&#8243;][\/vc_column][\/vc_row][vc_row fullwidth=\u00bbtrue\u00bb equal_columns=\u00bbtrue\u00bb attached=\u00bbtrue\u00bb css=\u00bb.vc_custom_1513177667356{margin-top: -34px !important;}\u00bb][vc_column][\/vc_column][\/vc_row][vc_row][vc_column][\/vc_column][\/vc_row][vc_row][vc_column][vc_empty_space height=\u00bb60px\u00bb el_class=\u00bbprod-space9&#8243;][\/vc_column][\/vc_row]\n","protected":false},"excerpt":{"rendered":"<p>[vc_row][vc_column][vc_empty_space height=\u00bb30px\u00bb el_class=\u00bbprod-space9&#8243;][\/vc_column][\/vc_row][vc_row fullwidth=\u00bbtrue\u00bb equal_columns=\u00bbtrue\u00bb][vc_column width=\u00bb1\/2&#8243; css=\u00bb.vc_custom_1492591143501{background-color: #ffffff !important;background-position: center !important;background-repeat: no-repeat !important;background-size: cover !important;}\u00bb][vc_row_inner][vc_column_inner][vc_single_image image=\u00bb3788&#8243; img_size=\u00bbfull\u00bb alignment=\u00bbcenter\u00bb][\/vc_column_inner][\/vc_row_inner][\/vc_column][vc_column width=\u00bb1\/2&#8243; css=\u00bb.vc_custom_1492591132776{background-color: #ffffff !important;background-position: center !important;background-repeat: no-repeat !important;background-size: cover !important;}\u00bb][vc_row_inner][vc_column_inner][vc_column_text disable_pattern=\u00bbfalse\u00bb el_class=\u00bbfont-alternategn2d vitbot-color1 prod-tit1&#8243; css=\u00bb.vc_custom_1543946937157{margin-bottom: 0px !important;}\u00bb] Tap\u00f3n Egg of Life [\/vc_column_text][vc_column_text disable_pattern=\u00bbfalse\u00bb el_class=\u00bbprod-price\u00bb css=\u00bb.vc_custom_1651988789797{margin-bottom: 0px !important;}\u00bb][\/vc_column_text][vc_empty_space height=\u00bb50px\u00bb el_class=\u00bbprod-space1&#8243;][vc_column_text disable_pattern=\u00bbfalse\u00bb el_class=\u00bbfont-din2014-l vitbot-color1 prod-desc\u00bb css=\u00bb.vc_custom_1543946981782{margin-bottom: 0px !important;}\u00bb]Tap\u00f3n de [&hellip;]<\/p>\n","protected":false},"author":38,"featured_media":0,"parent":0,"menu_order":3,"comment_status":"closed","ping_status":"closed","template":"","meta":{"_monsterinsights_skip_tracking":false,"_monsterinsights_sitenote_active":false,"_monsterinsights_sitenote_note":"","_monsterinsights_sitenote_category":0},"yoast_head":"<!-- This site is optimized with the Yoast SEO plugin v20.1 - https:\/\/yoast.com\/wordpress\/plugins\/seo\/ -->\n<title>Botella de vidrio Egg of Life: vitaliza los l\u00edquidos | Vitbot<\/title>\n<meta name=\"description\" content=\"Botella de vidrio reutilizable para agua u otros l\u00edquidos ideal para la oficina o el hogar. Fabricada en EU. Capacidad 500ml.\" \/>\n<meta name=\"robots\" content=\"index, follow, max-snippet:-1, max-image-preview:large, max-video-preview:-1\" \/>\n<link rel=\"canonical\" href=\"https:\/\/www.vitbot.com\/es\/tapon-egg-of-life\" \/>\n<meta property=\"og:locale\" content=\"es_ES\" \/>\n<meta property=\"og:type\" content=\"article\" \/>\n<meta property=\"og:title\" content=\"Botella de vidrio Egg of Life: vitaliza los l\u00edquidos | Vitbot\" \/>\n<meta property=\"og:description\" content=\"Botella de vidrio reutilizable para agua u otros l\u00edquidos ideal para la oficina o el hogar. Fabricada en EU. Capacidad 500ml.\" \/>\n<meta property=\"og:url\" content=\"https:\/\/www.vitbot.com\/es\/tapon-egg-of-life\" \/>\n<meta property=\"og:site_name\" content=\"Vitbot\" \/>\n<meta property=\"article:publisher\" content=\"https:\/\/www.facebook.com\/vitbotbottle\/\" \/>\n<meta property=\"article:modified_time\" content=\"2022-05-08T05:46:33+00:00\" \/>\n<meta name=\"twitter:card\" content=\"summary_large_image\" \/>\n<meta name=\"twitter:label1\" content=\"Tiempo de lectura\" \/>\n\t<meta name=\"twitter:data1\" content=\"1 minuto\" \/>\n<script type=\"application\/ld+json\" class=\"yoast-schema-graph\">{\"@context\":\"https:\/\/schema.org\",\"@graph\":[{\"@type\":\"WebPage\",\"@id\":\"https:\/\/www.vitbot.com\/es\/tapon-egg-of-life\",\"url\":\"https:\/\/www.vitbot.com\/es\/tapon-egg-of-life\",\"name\":\"Botella de vidrio Egg of Life: vitaliza los l\u00edquidos | Vitbot\",\"isPartOf\":{\"@id\":\"https:\/\/www.vitbot.com\/es#website\"},\"datePublished\":\"2018-12-04T18:11:37+00:00\",\"dateModified\":\"2022-05-08T05:46:33+00:00\",\"description\":\"Botella de vidrio reutilizable para agua u otros l\u00edquidos ideal para la oficina o el hogar. Fabricada en EU. Capacidad 500ml.\",\"breadcrumb\":{\"@id\":\"https:\/\/www.vitbot.com\/es\/tapon-egg-of-life#breadcrumb\"},\"inLanguage\":\"es\",\"potentialAction\":[{\"@type\":\"ReadAction\",\"target\":[\"https:\/\/www.vitbot.com\/es\/tapon-egg-of-life\"]}]},{\"@type\":\"BreadcrumbList\",\"@id\":\"https:\/\/www.vitbot.com\/es\/tapon-egg-of-life#breadcrumb\",\"itemListElement\":[{\"@type\":\"ListItem\",\"position\":1,\"name\":\"Home\",\"item\":\"https:\/\/www.vitbot.com\/es\"},{\"@type\":\"ListItem\",\"position\":2,\"name\":\"Tap\u00f3n Egg of Life\"}]},{\"@type\":\"WebSite\",\"@id\":\"https:\/\/www.vitbot.com\/es#website\",\"url\":\"https:\/\/www.vitbot.com\/es\",\"name\":\"Vitbot\",\"description\":\"Best Reusable Water Bottles\",\"publisher\":{\"@id\":\"https:\/\/www.vitbot.com\/es#organization\"},\"potentialAction\":[{\"@type\":\"SearchAction\",\"target\":{\"@type\":\"EntryPoint\",\"urlTemplate\":\"https:\/\/www.vitbot.com\/es?s={search_term_string}\"},\"query-input\":\"required name=search_term_string\"}],\"inLanguage\":\"es\"},{\"@type\":\"Organization\",\"@id\":\"https:\/\/www.vitbot.com\/es#organization\",\"name\":\"Vitbot Europe,S.L. NIF B66180548 Tel\u00e8fon Correu info@vitbot.com Direcci\u00f3 C\/ Almeria 40 F Poblaci\u00f3 Tarrasa Codi postal 08226 Pa\u00eds Espanya\",\"url\":\"https:\/\/www.vitbot.com\/es\",\"logo\":{\"@type\":\"ImageObject\",\"inLanguage\":\"es\",\"@id\":\"https:\/\/www.vitbot.com\/es#\/schema\/logo\/image\/\",\"url\":\"https:\/\/www.vitbot.com\/wp-content\/uploads\/2017\/03\/vitbot_logo.png\",\"contentUrl\":\"https:\/\/www.vitbot.com\/wp-content\/uploads\/2017\/03\/vitbot_logo.png\",\"width\":84,\"height\":24,\"caption\":\"Vitbot Europe,S.L. NIF B66180548 Tel\u00e8fon Correu info@vitbot.com Direcci\u00f3 C\/ Almeria 40 F Poblaci\u00f3 Tarrasa Codi postal 08226 Pa\u00eds Espanya\"},\"image\":{\"@id\":\"https:\/\/www.vitbot.com\/es#\/schema\/logo\/image\/\"},\"sameAs\":[\"https:\/\/www.facebook.com\/vitbotbottle\/\",\"https:\/\/www.instagram.com\/vitbotofficial\/\"]}]}<\/script>\n<!-- \/ Yoast SEO plugin. -->","yoast_head_json":{"title":"Botella de vidrio Egg of Life: vitaliza los l\u00edquidos | Vitbot","description":"Botella de vidrio reutilizable para agua u otros l\u00edquidos ideal para la oficina o el hogar. Fabricada en EU. Capacidad 500ml.","robots":{"index":"index","follow":"follow","max-snippet":"max-snippet:-1","max-image-preview":"max-image-preview:large","max-video-preview":"max-video-preview:-1"},"canonical":"https:\/\/www.vitbot.com\/es\/tapon-egg-of-life","og_locale":"es_ES","og_type":"article","og_title":"Botella de vidrio Egg of Life: vitaliza los l\u00edquidos | Vitbot","og_description":"Botella de vidrio reutilizable para agua u otros l\u00edquidos ideal para la oficina o el hogar. Fabricada en EU. Capacidad 500ml.","og_url":"https:\/\/www.vitbot.com\/es\/tapon-egg-of-life","og_site_name":"Vitbot","article_publisher":"https:\/\/www.facebook.com\/vitbotbottle\/","article_modified_time":"2022-05-08T05:46:33+00:00","twitter_card":"summary_large_image","twitter_misc":{"Tiempo de lectura":"1 minuto"},"schema":{"@context":"https:\/\/schema.org","@graph":[{"@type":"WebPage","@id":"https:\/\/www.vitbot.com\/es\/tapon-egg-of-life","url":"https:\/\/www.vitbot.com\/es\/tapon-egg-of-life","name":"Botella de vidrio Egg of Life: vitaliza los l\u00edquidos | Vitbot","isPartOf":{"@id":"https:\/\/www.vitbot.com\/es#website"},"datePublished":"2018-12-04T18:11:37+00:00","dateModified":"2022-05-08T05:46:33+00:00","description":"Botella de vidrio reutilizable para agua u otros l\u00edquidos ideal para la oficina o el hogar. Fabricada en EU. Capacidad 500ml.","breadcrumb":{"@id":"https:\/\/www.vitbot.com\/es\/tapon-egg-of-life#breadcrumb"},"inLanguage":"es","potentialAction":[{"@type":"ReadAction","target":["https:\/\/www.vitbot.com\/es\/tapon-egg-of-life"]}]},{"@type":"BreadcrumbList","@id":"https:\/\/www.vitbot.com\/es\/tapon-egg-of-life#breadcrumb","itemListElement":[{"@type":"ListItem","position":1,"name":"Home","item":"https:\/\/www.vitbot.com\/es"},{"@type":"ListItem","position":2,"name":"Tap\u00f3n Egg of Life"}]},{"@type":"WebSite","@id":"https:\/\/www.vitbot.com\/es#website","url":"https:\/\/www.vitbot.com\/es","name":"Vitbot","description":"Best Reusable Water Bottles","publisher":{"@id":"https:\/\/www.vitbot.com\/es#organization"},"potentialAction":[{"@type":"SearchAction","target":{"@type":"EntryPoint","urlTemplate":"https:\/\/www.vitbot.com\/es?s={search_term_string}"},"query-input":"required name=search_term_string"}],"inLanguage":"es"},{"@type":"Organization","@id":"https:\/\/www.vitbot.com\/es#organization","name":"Vitbot Europe,S.L. NIF B66180548 Tel\u00e8fon Correu info@vitbot.com Direcci\u00f3 C\/ Almeria 40 F Poblaci\u00f3 Tarrasa Codi postal 08226 Pa\u00eds Espanya","url":"https:\/\/www.vitbot.com\/es","logo":{"@type":"ImageObject","inLanguage":"es","@id":"https:\/\/www.vitbot.com\/es#\/schema\/logo\/image\/","url":"https:\/\/www.vitbot.com\/wp-content\/uploads\/2017\/03\/vitbot_logo.png","contentUrl":"https:\/\/www.vitbot.com\/wp-content\/uploads\/2017\/03\/vitbot_logo.png","width":84,"height":24,"caption":"Vitbot Europe,S.L. NIF B66180548 Tel\u00e8fon Correu info@vitbot.com Direcci\u00f3 C\/ Almeria 40 F Poblaci\u00f3 Tarrasa Codi postal 08226 Pa\u00eds Espanya"},"image":{"@id":"https:\/\/www.vitbot.com\/es#\/schema\/logo\/image\/"},"sameAs":["https:\/\/www.facebook.com\/vitbotbottle\/","https:\/\/www.instagram.com\/vitbotofficial\/"]}]}},"_links":{"self":[{"href":"https:\/\/www.vitbot.com\/es\/wp-json\/wp\/v2\/pages\/3852"}],"collection":[{"href":"https:\/\/www.vitbot.com\/es\/wp-json\/wp\/v2\/pages"}],"about":[{"href":"https:\/\/www.vitbot.com\/es\/wp-json\/wp\/v2\/types\/page"}],"author":[{"embeddable":true,"href":"https:\/\/www.vitbot.com\/es\/wp-json\/wp\/v2\/users\/38"}],"replies":[{"embeddable":true,"href":"https:\/\/www.vitbot.com\/es\/wp-json\/wp\/v2\/comments?post=3852"}],"version-history":[{"count":3,"href":"https:\/\/www.vitbot.com\/es\/wp-json\/wp\/v2\/pages\/3852\/revisions"}],"predecessor-version":[{"id":26364,"href":"https:\/\/www.vitbot.com\/es\/wp-json\/wp\/v2\/pages\/3852\/revisions\/26364"}],"wp:attachment":[{"href":"https:\/\/www.vitbot.com\/es\/wp-json\/wp\/v2\/media?parent=3852"}],"curies":[{"name":"wp","href":"https:\/\/api.w.org\/{rel}","templated":true}]}}