{"id":376,"date":"2017-04-03T07:00:12","date_gmt":"2017-04-03T07:00:12","guid":{"rendered":"https:\/\/www.vitbot.com\/?page_id=376"},"modified":"2017-06-14T12:56:22","modified_gmt":"2017-06-14T10:56:22","slug":"la-generacion-liquida","status":"publish","type":"page","link":"https:\/\/www.vitbot.com\/es\/la-generacion-liquida","title":{"rendered":"La generaci\u00f3n l\u00edquida"},"content":{"rendered":"[vc_row fullwidth=\u00bbtrue\u00bb equal_columns=\u00bbtrue\u00bb css=\u00bb.vc_custom_1490864043520{background-color: #ffffff !important;}\u00bb][vc_column][vc_single_image image=\u00bb768&#8243; img_size=\u00bbfull\u00bb css=\u00bb.vc_custom_1492795674466{margin-top: 0px !important;margin-right: 0px !important;margin-bottom: 0px !important;margin-left: 0px !important;}\u00bb][\/vc_column][\/vc_row][vc_row css=\u00bb.vc_custom_1490287549845{background-color: #ffffff !important;}\u00bb][vc_column][vc_empty_space height=\u00bb45px\u00bb][vc_column_text disable_pattern=\u00bbfalse\u00bb el_class=\u00bbgenli-tit1 vitbot-color1 font-din2014-b\u00bb]\n<h1>LA GENERACI\u00d3N L\u00cdQUIDA<\/h1>\n[\/vc_column_text][\/vc_column][\/vc_row][vc_row css=\u00bb.vc_custom_1490287549845{background-color: #ffffff !important;}\u00bb][vc_column width=\u00bb1\/2&#8243;][vc_column_text disable_pattern=\u00bbfalse\u00bb el_class=\u00bbfont-din2014-l genli-txt\u00bb]El cuerpo de los seres humanos es agua de un ochenta, al nacer, a un setenta por ciento en la adultez. Somos \u00abseres l\u00edquidos\u00bb.<\/p>\n<p>En Vitbot creemos que el agua es m\u00e1s que una bebida que nos quita la sed, es nuestro alimento esencial, el \u00fanico del que no podemos prescindir.<br \/>\nConvencidos del valor que tiene el agua para todos los seres que habitamos el planeta Tierra, hemos creado el movimiento de la Generaci\u00f3n L\u00edquida.<\/p>\n<p>El movimiento de la Generaci\u00f3n L\u00edquida nace con la idea de conectar a todas las personas, empresas, entidades y organizaciones que, como nosotros, conocen las propiedades y los potenciales del agua y dedican su tiempo, dinero y\/o esfuerzo a protegerla.[\/vc_column_text][\/vc_column][vc_column width=\u00bb1\/2&#8243;][vc_column_text disable_pattern=\u00bbfalse\u00bb el_class=\u00bbfont-din2014-l genli-txt\u00bb]<strong>En el movimiento de la Generaci\u00f3n L\u00edquida tienen cabida:<\/strong><\/p>\n<ul>\n<li>Las personas que cuidan el agua que beben y beben el agua que cuidan.<\/li>\n<li>Las entidades y organismos que trabajan para limpiar de residuos los r\u00edos, mares y oc\u00e9anos.<\/li>\n<li>Las empresas que han hecho del reciclaje del pl\u00e1stico de los oc\u00e9anos el centro de su negocio.<\/li>\n<li>Los cient\u00edficos que estudian y divulgan los misterios y las caracter\u00edsticas del agua, tanto a nivel f\u00edsico como sutil.<\/li>\n<\/ul>\n<p>Con la Generaci\u00f3n L\u00edquida queremos crear una red, un lugar de encuentro, una plataforma para dar voz al agua.<\/p>\n<p>En Vitbot creemos que cada uno de nosotros es como una ola dentro del gran oc\u00e9ano de la vida. Unidos podemos generar un poderoso movimiento de cambio positivo.<\/p>\n<p>Comparte en nuestro Instagram y Facebook las fotograf\u00edas, comentarios o trabajos que consideres relevantes en este sentido.[\/vc_column_text][\/vc_column][\/vc_row][vc_row][vc_column][vc_empty_space height=\u00bb30px\u00bb][\/vc_column][\/vc_row][vc_row fullwidth=\u00bbtrue\u00bb fullwidth_content=\u00bbfalse\u00bb equal_columns=\u00bbtrue\u00bb css=\u00bb.vc_custom_1491206402978{padding-top: 110px !important;padding-bottom: 90px !important;background-color: #1e0064 !important;}\u00bb][vc_column width=\u00bb1\/2&#8243;][vc_column_text disable_pattern=\u00bbfalse\u00bb el_class=\u00bbfont-alternategn2d vitbot-color2 vidlink-txt\u00bb]\n<h3>Luc Montagnier (Premio Nobel de Medicina): La memoria del agua<\/h3>\n[\/vc_column_text][vc_column_text disable_pattern=\u00bbfalse\u00bb el_class=\u00bbfont-din2014-l vidlink-txt vitbot-color3&#8243;]El agua es el elemento clave de la vida, pero este elemento que pensamos que conoc\u00edamos bien, puede tener propiedades inesperadas y podr\u00eda desempe\u00f1ar un papel mayor de lo que podr\u00edamos imaginar en nuestro \u00e1rbol de la vida.[\/vc_column_text][\/vc_column][vc_column width=\u00bb1\/2&#8243;][vc_video link=\u00bbhttps:\/\/www.youtube.com\/watch?v=XiwRvYdB76E&amp;vq=1080&#8243;][\/vc_column][\/vc_row][vc_row][vc_column][vc_empty_space height=\u00bb90px\u00bb][\/vc_column][\/vc_row][vc_row fullwidth=\u00bbtrue\u00bb fullwidth_content=\u00bbfalse\u00bb equal_columns=\u00bbtrue\u00bb][vc_column width=\u00bb1\/2&#8243;][vc_column_text disable_pattern=\u00bbfalse\u00bb el_class=\u00bbfont-alternategn2d vitbot-color2 vidlink-txt\u00bb]\n<h3>Parley for the Oceans<\/h3>\n[\/vc_column_text][vc_column_text disable_pattern=\u00bbfalse\u00bb el_class=\u00bbfont-din2014-l vidlink-txt\u00bb]Aborda las principales amenazas a nuestros oc\u00e9anos, el ecosistema m\u00e1s importante de nuestro planeta.<\/p>\n<p><a href=\"http:\/\/www.parley.tv\/talks\/#parley-talks1\" target=\"_blank\" rel=\"noopener noreferrer\">http:\/\/www.parley.tv\/talks\/#parley-talks1<\/a>[\/vc_column_text][vc_column_text disable_pattern=\u00bbfalse\u00bb el_class=\u00bbfont-alternategn2d vitbot-color2 genli-txt vidlink-txt\u00bb]\n<h3>Ocean Cleanup<\/h3>\n[\/vc_column_text][vc_column_text disable_pattern=\u00bbfalse\u00bb el_class=\u00bbfont-din2014-l vidlink-txt\u00bb]Desarrolla tecnolog\u00edas avanzadas para eliminar los oc\u00e9anos del mundo de pl\u00e1stico. Su sistema pasivo podr\u00eda eliminar te\u00f3ricamente alrededor de la mitad de la basura del Oc\u00e9ano Pacifico en 10 a\u00f1os.<\/p>\n<p><a href=\"https:\/\/www.theoceancleanup.com\" target=\"_blank\" rel=\"noopener noreferrer\">https:\/\/www.theoceancleanup.com<\/a>[\/vc_column_text][vc_column_text disable_pattern=\u00bbfalse\u00bb el_class=\u00bbfont-alternategn2d vitbot-color2 vidlink-txt\u00bb]\n<h3>Ocean Conservancy<\/h3>\n[\/vc_column_text][vc_column_text disable_pattern=\u00bbfalse\u00bb el_class=\u00bbfont-din2014-l vidlink-txt\u00bb]Moviliza a ciudadanos para facilitar el cambio y proteger el oc\u00e9ano para las generaciones futuras.<\/p>\n<p><a href=\"http:\/\/www.oceanconservancy.org\/our-work\/marine-debris\/\" target=\"_blank\" rel=\"noopener noreferrer\">http:\/\/www.oceanconservancy.org\/our-work\/marine-debris\/<\/a>[\/vc_column_text][\/vc_column][vc_column width=\u00bb1\/2&#8243;][vc_column_text disable_pattern=\u00bbfalse\u00bb el_class=\u00bbfont-alternategn2d vitbot-color2 vidlink-txt\u00bb]\n<h3>ECOALF<\/h3>\n[\/vc_column_text][vc_column_text disable_pattern=\u00bbfalse\u00bb el_class=\u00bbfont-din2014-l vidlink-txt\u00bb]Moviliza a ciudadanos para facilitar el cambio y proteger el oc\u00e9ano para las generaciones futuras.<\/p>\n<p><a href=\"http:\/\/www.oceanconservancy.org\/our-work\/marine-debris\/\" target=\"_blank\" rel=\"noopener noreferrer\">http:\/\/www.oceanconservancy.org\/our-work\/marine-debris\/<\/a>[\/vc_column_text][vc_column_text disable_pattern=\u00bbfalse\u00bb el_class=\u00bbfont-alternategn2d vitbot-color2 vidlink-txt\u00bb]\n<h3>Arquitectura sostenible<\/h3>\n[\/vc_column_text][vc_column_text disable_pattern=\u00bbfalse\u00bb el_class=\u00bbfont-din2014-l vidlink-txt\u00bb]Utilizan materiales reciclados de los oc\u00e9anos.<\/p>\n<p><a href=\"http:\/\/www.sparkarchitects.com\" target=\"_blank\" rel=\"noopener noreferrer\">http:\/\/www.sparkarchitects.com<\/a>[\/vc_column_text][\/vc_column][\/vc_row][vc_row][vc_column width=\u00bb1\/2&#8243;][vc_empty_space height=\u00bb90px\u00bb][\/vc_column][vc_column width=\u00bb1\/2&#8243;][\/vc_column][\/vc_row]\n","protected":false},"excerpt":{"rendered":"<p>[vc_row fullwidth=\u00bbtrue\u00bb equal_columns=\u00bbtrue\u00bb css=\u00bb.vc_custom_1490864043520{background-color: #ffffff !important;}\u00bb][vc_column][vc_single_image image=\u00bb768&#8243; img_size=\u00bbfull\u00bb css=\u00bb.vc_custom_1492795674466{margin-top: 0px !important;margin-right: 0px !important;margin-bottom: 0px !important;margin-left: 0px !important;}\u00bb][\/vc_column][\/vc_row][vc_row css=\u00bb.vc_custom_1490287549845{background-color: #ffffff !important;}\u00bb][vc_column][vc_empty_space height=\u00bb45px\u00bb][vc_column_text disable_pattern=\u00bbfalse\u00bb el_class=\u00bbgenli-tit1 vitbot-color1 font-din2014-b\u00bb] LA GENERACI\u00d3N L\u00cdQUIDA [\/vc_column_text][\/vc_column][\/vc_row][vc_row css=\u00bb.vc_custom_1490287549845{background-color: #ffffff !important;}\u00bb][vc_column width=\u00bb1\/2&#8243;][vc_column_text disable_pattern=\u00bbfalse\u00bb el_class=\u00bbfont-din2014-l genli-txt\u00bb]El cuerpo de los seres humanos es agua de un ochenta, al nacer, a un setenta por ciento en la [&hellip;]<\/p>\n","protected":false},"author":1,"featured_media":0,"parent":0,"menu_order":11,"comment_status":"closed","ping_status":"closed","template":"","meta":{"_monsterinsights_skip_tracking":false,"_monsterinsights_sitenote_active":false,"_monsterinsights_sitenote_note":"","_monsterinsights_sitenote_category":0},"yoast_head":"<!-- This site is optimized with the Yoast SEO plugin v20.1 - https:\/\/yoast.com\/wordpress\/plugins\/seo\/ -->\n<title>La Generaci\u00f3n L\u00edquida: plataforma para la protecci\u00f3n del agua | Vitbot<\/title>\n<meta name=\"description\" content=\"Convencidos del valor que tiene el agua para todos los seres que habitamos la Tierra, hemos creado el movimiento de la Generaci\u00f3n L\u00edquida. \u00a1\u00danete a \u00e9l!\" \/>\n<meta name=\"robots\" content=\"index, follow, max-snippet:-1, max-image-preview:large, max-video-preview:-1\" \/>\n<link rel=\"canonical\" href=\"https:\/\/www.vitbot.com\/es\/la-generacion-liquida\" \/>\n<meta property=\"og:locale\" content=\"es_ES\" \/>\n<meta property=\"og:type\" content=\"article\" \/>\n<meta property=\"og:title\" content=\"La Generaci\u00f3n L\u00edquida: plataforma para la protecci\u00f3n del agua | Vitbot\" \/>\n<meta property=\"og:description\" content=\"Convencidos del valor que tiene el agua para todos los seres que habitamos la Tierra, hemos creado el movimiento de la Generaci\u00f3n L\u00edquida. \u00a1\u00danete a \u00e9l!\" \/>\n<meta property=\"og:url\" content=\"https:\/\/www.vitbot.com\/es\/la-generacion-liquida\" \/>\n<meta property=\"og:site_name\" content=\"Vitbot\" \/>\n<meta property=\"article:publisher\" content=\"https:\/\/www.facebook.com\/vitbotbottle\/\" \/>\n<meta property=\"article:modified_time\" content=\"2017-06-14T10:56:22+00:00\" \/>\n<meta name=\"twitter:card\" content=\"summary_large_image\" \/>\n<meta name=\"twitter:label1\" content=\"Tiempo de lectura\" \/>\n\t<meta name=\"twitter:data1\" content=\"4 minutos\" \/>\n<script type=\"application\/ld+json\" class=\"yoast-schema-graph\">{\"@context\":\"https:\/\/schema.org\",\"@graph\":[{\"@type\":\"WebPage\",\"@id\":\"https:\/\/www.vitbot.com\/es\/la-generacion-liquida\",\"url\":\"https:\/\/www.vitbot.com\/es\/la-generacion-liquida\",\"name\":\"La Generaci\u00f3n L\u00edquida: plataforma para la protecci\u00f3n del agua | Vitbot\",\"isPartOf\":{\"@id\":\"https:\/\/www.vitbot.com\/es#website\"},\"datePublished\":\"2017-04-03T07:00:12+00:00\",\"dateModified\":\"2017-06-14T10:56:22+00:00\",\"description\":\"Convencidos del valor que tiene el agua para todos los seres que habitamos la Tierra, hemos creado el movimiento de la Generaci\u00f3n L\u00edquida. \u00a1\u00danete a \u00e9l!\",\"breadcrumb\":{\"@id\":\"https:\/\/www.vitbot.com\/es\/la-generacion-liquida#breadcrumb\"},\"inLanguage\":\"es\",\"potentialAction\":[{\"@type\":\"ReadAction\",\"target\":[\"https:\/\/www.vitbot.com\/es\/la-generacion-liquida\"]}]},{\"@type\":\"BreadcrumbList\",\"@id\":\"https:\/\/www.vitbot.com\/es\/la-generacion-liquida#breadcrumb\",\"itemListElement\":[{\"@type\":\"ListItem\",\"position\":1,\"name\":\"Home\",\"item\":\"https:\/\/www.vitbot.com\/es\"},{\"@type\":\"ListItem\",\"position\":2,\"name\":\"La generaci\u00f3n l\u00edquida\"}]},{\"@type\":\"WebSite\",\"@id\":\"https:\/\/www.vitbot.com\/es#website\",\"url\":\"https:\/\/www.vitbot.com\/es\",\"name\":\"Vitbot\",\"description\":\"Best Reusable Water Bottles\",\"publisher\":{\"@id\":\"https:\/\/www.vitbot.com\/es#organization\"},\"potentialAction\":[{\"@type\":\"SearchAction\",\"target\":{\"@type\":\"EntryPoint\",\"urlTemplate\":\"https:\/\/www.vitbot.com\/es?s={search_term_string}\"},\"query-input\":\"required name=search_term_string\"}],\"inLanguage\":\"es\"},{\"@type\":\"Organization\",\"@id\":\"https:\/\/www.vitbot.com\/es#organization\",\"name\":\"Vitbot Europe,S.L. NIF B66180548 Tel\u00e8fon Correu info@vitbot.com Direcci\u00f3 C\/ Almeria 40 F Poblaci\u00f3 Tarrasa Codi postal 08226 Pa\u00eds Espanya\",\"url\":\"https:\/\/www.vitbot.com\/es\",\"logo\":{\"@type\":\"ImageObject\",\"inLanguage\":\"es\",\"@id\":\"https:\/\/www.vitbot.com\/es#\/schema\/logo\/image\/\",\"url\":\"https:\/\/www.vitbot.com\/wp-content\/uploads\/2017\/03\/vitbot_logo.png\",\"contentUrl\":\"https:\/\/www.vitbot.com\/wp-content\/uploads\/2017\/03\/vitbot_logo.png\",\"width\":84,\"height\":24,\"caption\":\"Vitbot Europe,S.L. NIF B66180548 Tel\u00e8fon Correu info@vitbot.com Direcci\u00f3 C\/ Almeria 40 F Poblaci\u00f3 Tarrasa Codi postal 08226 Pa\u00eds Espanya\"},\"image\":{\"@id\":\"https:\/\/www.vitbot.com\/es#\/schema\/logo\/image\/\"},\"sameAs\":[\"https:\/\/www.facebook.com\/vitbotbottle\/\",\"https:\/\/www.instagram.com\/vitbotofficial\/\"]}]}<\/script>\n<!-- \/ Yoast SEO plugin. -->","yoast_head_json":{"title":"La Generaci\u00f3n L\u00edquida: plataforma para la protecci\u00f3n del agua | Vitbot","description":"Convencidos del valor que tiene el agua para todos los seres que habitamos la Tierra, hemos creado el movimiento de la Generaci\u00f3n L\u00edquida. \u00a1\u00danete a \u00e9l!","robots":{"index":"index","follow":"follow","max-snippet":"max-snippet:-1","max-image-preview":"max-image-preview:large","max-video-preview":"max-video-preview:-1"},"canonical":"https:\/\/www.vitbot.com\/es\/la-generacion-liquida","og_locale":"es_ES","og_type":"article","og_title":"La Generaci\u00f3n L\u00edquida: plataforma para la protecci\u00f3n del agua | Vitbot","og_description":"Convencidos del valor que tiene el agua para todos los seres que habitamos la Tierra, hemos creado el movimiento de la Generaci\u00f3n L\u00edquida. \u00a1\u00danete a \u00e9l!","og_url":"https:\/\/www.vitbot.com\/es\/la-generacion-liquida","og_site_name":"Vitbot","article_publisher":"https:\/\/www.facebook.com\/vitbotbottle\/","article_modified_time":"2017-06-14T10:56:22+00:00","twitter_card":"summary_large_image","twitter_misc":{"Tiempo de lectura":"4 minutos"},"schema":{"@context":"https:\/\/schema.org","@graph":[{"@type":"WebPage","@id":"https:\/\/www.vitbot.com\/es\/la-generacion-liquida","url":"https:\/\/www.vitbot.com\/es\/la-generacion-liquida","name":"La Generaci\u00f3n L\u00edquida: plataforma para la protecci\u00f3n del agua | Vitbot","isPartOf":{"@id":"https:\/\/www.vitbot.com\/es#website"},"datePublished":"2017-04-03T07:00:12+00:00","dateModified":"2017-06-14T10:56:22+00:00","description":"Convencidos del valor que tiene el agua para todos los seres que habitamos la Tierra, hemos creado el movimiento de la Generaci\u00f3n L\u00edquida. \u00a1\u00danete a \u00e9l!","breadcrumb":{"@id":"https:\/\/www.vitbot.com\/es\/la-generacion-liquida#breadcrumb"},"inLanguage":"es","potentialAction":[{"@type":"ReadAction","target":["https:\/\/www.vitbot.com\/es\/la-generacion-liquida"]}]},{"@type":"BreadcrumbList","@id":"https:\/\/www.vitbot.com\/es\/la-generacion-liquida#breadcrumb","itemListElement":[{"@type":"ListItem","position":1,"name":"Home","item":"https:\/\/www.vitbot.com\/es"},{"@type":"ListItem","position":2,"name":"La generaci\u00f3n l\u00edquida"}]},{"@type":"WebSite","@id":"https:\/\/www.vitbot.com\/es#website","url":"https:\/\/www.vitbot.com\/es","name":"Vitbot","description":"Best Reusable Water Bottles","publisher":{"@id":"https:\/\/www.vitbot.com\/es#organization"},"potentialAction":[{"@type":"SearchAction","target":{"@type":"EntryPoint","urlTemplate":"https:\/\/www.vitbot.com\/es?s={search_term_string}"},"query-input":"required name=search_term_string"}],"inLanguage":"es"},{"@type":"Organization","@id":"https:\/\/www.vitbot.com\/es#organization","name":"Vitbot Europe,S.L. NIF B66180548 Tel\u00e8fon Correu info@vitbot.com Direcci\u00f3 C\/ Almeria 40 F Poblaci\u00f3 Tarrasa Codi postal 08226 Pa\u00eds Espanya","url":"https:\/\/www.vitbot.com\/es","logo":{"@type":"ImageObject","inLanguage":"es","@id":"https:\/\/www.vitbot.com\/es#\/schema\/logo\/image\/","url":"https:\/\/www.vitbot.com\/wp-content\/uploads\/2017\/03\/vitbot_logo.png","contentUrl":"https:\/\/www.vitbot.com\/wp-content\/uploads\/2017\/03\/vitbot_logo.png","width":84,"height":24,"caption":"Vitbot Europe,S.L. NIF B66180548 Tel\u00e8fon Correu info@vitbot.com Direcci\u00f3 C\/ Almeria 40 F Poblaci\u00f3 Tarrasa Codi postal 08226 Pa\u00eds Espanya"},"image":{"@id":"https:\/\/www.vitbot.com\/es#\/schema\/logo\/image\/"},"sameAs":["https:\/\/www.facebook.com\/vitbotbottle\/","https:\/\/www.instagram.com\/vitbotofficial\/"]}]}},"_links":{"self":[{"href":"https:\/\/www.vitbot.com\/es\/wp-json\/wp\/v2\/pages\/376"}],"collection":[{"href":"https:\/\/www.vitbot.com\/es\/wp-json\/wp\/v2\/pages"}],"about":[{"href":"https:\/\/www.vitbot.com\/es\/wp-json\/wp\/v2\/types\/page"}],"author":[{"embeddable":true,"href":"https:\/\/www.vitbot.com\/es\/wp-json\/wp\/v2\/users\/1"}],"replies":[{"embeddable":true,"href":"https:\/\/www.vitbot.com\/es\/wp-json\/wp\/v2\/comments?post=376"}],"version-history":[{"count":0,"href":"https:\/\/www.vitbot.com\/es\/wp-json\/wp\/v2\/pages\/376\/revisions"}],"wp:attachment":[{"href":"https:\/\/www.vitbot.com\/es\/wp-json\/wp\/v2\/media?parent=376"}],"curies":[{"name":"wp","href":"https:\/\/api.w.org\/{rel}","templated":true}]}}