{"id":327,"date":"2017-04-03T06:01:28","date_gmt":"2017-04-03T06:01:28","guid":{"rendered":"https:\/\/www.vitbot.com\/?page_id=327"},"modified":"2018-12-02T06:57:56","modified_gmt":"2018-12-02T04:57:56","slug":"la-forma-ovoide","status":"publish","type":"page","link":"https:\/\/www.vitbot.com\/es\/la-forma-ovoide","title":{"rendered":"La forma ovoide"},"content":{"rendered":"[vc_row fullwidth=\u00bbtrue\u00bb equal_columns=\u00bbtrue\u00bb css=\u00bb.vc_custom_1490864043520{background-color: #ffffff !important;}\u00bb][vc_column][vc_single_image image=\u00bb763&#8243; img_size=\u00bbfull\u00bb css=\u00bb.vc_custom_1492795754412{margin-top: 0px !important;margin-right: 0px !important;margin-bottom: 0px !important;margin-left: 0px !important;}\u00bb][\/vc_column][\/vc_row][vc_row css=\u00bb.vc_custom_1490287549845{background-color: #ffffff !important;}\u00bb][vc_column][vc_empty_space height=\u00bb45px\u00bb][vc_column_text disable_pattern=\u00bbfalse\u00bb el_class=\u00bbformaovoide-tit1 vitbot-color1 font-din2014-b\u00bb]\n<h1>LA FORMA OVOIDE<\/h1>\n[\/vc_column_text][\/vc_column][\/vc_row][vc_row css=\u00bb.vc_custom_1490287549845{background-color: #ffffff !important;}\u00bb][vc_column width=\u00bb1\/2&#8243;][vc_column_text disable_pattern=\u00bbfalse\u00bb el_class=\u00bbformaovoide-txt vitbot-color2 font-din2014-l\u00bb]\n<h3>La vida necesita el movimiento en v\u00f3rtice para sostener la energ\u00eda que alimenta la estructura de la existencia f\u00edsica y sutil. Para que el movimiento en v\u00f3rtice se mantenga y la estructura de la vida siga intacta, la naturaleza utiliza la forma ovoide.<\/h3>\n[\/vc_column_text][vc_empty_space height=\u00bb20px\u00bb][vc_column_text disable_pattern=\u00bbfalse\u00bb el_class=\u00bbfont-din2014-l formaovoide-txt\u00bb]En el interior de las semillas, las frutas, los \u00f3vulos, etc., aunque no sea visible a nuestros ojos, como puede ser el movimiento de los huracanes o los tornados, o el movimiento del agua, la energ\u00eda se mueve en v\u00f3rtice y mantiene la vida. Cuando la semilla encuentra las condiciones id\u00f3neas, da lugar al nacimiento de una planta completa. La forma ovoide es el envase natural para que el v\u00f3rtice se genere de manera espont\u00e1nea. La forma ovoide es el envase de la vida.<\/p>\n<h4>La Forma Importa. La Forma Informa.<\/h4>\n<p>La energ\u00eda, sin una forma que la contenga es solo una posibilidad. En el interior de una semilla la memoria del \u00e1rbol o de la planta que es, se mantiene viva.<\/p>\n<p>Los cient\u00edficos ya han descubierto que las formas de la naturaleza siguen patrones de orden. La proporci\u00f3n Phi, es un patr\u00f3n de crecimiento y desarrollo que se repite en la mayor\u00eda de los organismos vivos, incluyendo el ser humano.<br \/>\nEn Vitbot aprendimos de la naturaleza al incorporar la proporci\u00f3n Phi a la forma ovoide de nuestras botellas. Los envases y botellas Vitbot pueden tener diferentes tama\u00f1os, el cuello y los acabados pueden ser completamente diferentes, pero su forma ovoide en proporci\u00f3n phi, nunca se pierde.[\/vc_column_text][\/vc_column][vc_column width=\u00bb1\/2&#8243;][vc_column_text disable_pattern=\u00bbfalse\u00bb el_class=\u00bbfont-din2014-l formaovoide-txt2&#8243;]\n<h4>La Estructura, el Sost\u00e9n de la Vida<\/h4>\n<p>\u00bfQu\u00e9 diferencia b\u00e1sica existe entre un kilo de arroz entero y un kilo de harina de arroz?<\/p>\n<p>Est\u00e1 claro, su estructura. El agua, al igual que el resto de los alimentos que ingerimos, nos aporta energ\u00eda. La calidad de esa energ\u00eda cambia completamente, seg\u00fan tratamos ese alimento o fluido desde su origen hasta que lo comemos o bebemos. Por ejemplo, un kilo de arroz y un kilo de harina, ambos nos van a quitar el hambre, pero mientras el arroz entero nos alimenta y nos da energ\u00eda, la harina solo nos sacia, solo nos quita el apetito.<\/p>\n<p>\u00bfC\u00f3mo afectan a nuestro organismo y a nuestra salud los alimentos y bebidas sin estructura, desvitalizados? Como ya se ha demostrado en numerosos estudios realizados en el sector de la alimentaci\u00f3n y la salud, concretamente en el caso de la harina, sabemos que nos engorda, genera celulitis, retenci\u00f3n de l\u00edquidos y hace que tengamos hambre mucho antes que si comemos el arroz entero.<\/p>\n<p>En el caso de los alimentos enteros, como es el arroz, una vez hemos roto su estructura molecular ya no podemos \u201cpegarla\u201d. Sin embargo, una bebida o un l\u00edquido alimentario puede recuperar su estructura gracias a que en un 70-90% es agua.<\/p>\n<p>\u00bfC\u00f3mo? Utilizando un envase que le permita al l\u00edquido moverse en v\u00f3rtice, de esta manera, el agua, que es la base de la bebida, jugo o l\u00edquido alimentario, puede recobrar su estructura hexagonal original y, como consecuencia, su vitalidad.<\/p>\n<p>No hay pruebas cient\u00edficas concluyentes sobre la existencia o inexistencia de estructura hexagonal en el agua. Es un tema muy controvertido e insuficientemente investigado. En Vitbot creemos que la estructura molecular es la base que sostiene la vitalidad del agua y de cada uno de los alimentos que ingerimos. Pero para que esta estructura se mantenga necesita unas condiciones que lo hagan posible. Para ello hemos replicado las condiciones que se dan en la naturaleza. Hemos dise\u00f1ado unas botellas en forma ovoide y proporci\u00f3n phi para que el agua, las bebidas y los alimentos que se envasen en su interior puedan moverse en v\u00f3rtice y, como consecuencia, mantengan su vitalidad hasta el momento de ser consumidos.[\/vc_column_text][\/vc_column][\/vc_row][vc_row][vc_column][vc_empty_space height=\u00bb30px\u00bb][\/vc_column][\/vc_row][vc_row fullwidth=\u00bbtrue\u00bb fullwidth_content=\u00bbfalse\u00bb equal_columns=\u00bbtrue\u00bb css=\u00bb.vc_custom_1492529026720{padding-top: 110px !important;padding-bottom: 90px !important;background-color: #1e0064 !important;}\u00bb][vc_column width=\u00bb1\/2&#8243;][vc_column_text disable_pattern=\u00bbfalse\u00bb el_class=\u00bbfont-din2014-l vidlink-txt vitbot-color3&#8243;]La planta de tratamiento de aguas residuales de Newtown Creek en Greenpoint, Brooklyn (New York), resume lo que se puede lograr trabajando para adoptar la \u00faltima tecnolog\u00eda.[\/vc_column_text][\/vc_column][vc_column width=\u00bb1\/2&#8243;][vc_video link=\u00bbhttps:\/\/vimeo.com\/34469658&#8243;][vc_column_text disable_pattern=\u00bbfalse\u00bb el_class=\u00bbfont-din2014-l vidlink-txt vitbot-color3 fs16&#8243;]V\u00eddeo \u00fanicamente en Ingles[\/vc_column_text][\/vc_column][\/vc_row][vc_row fullwidth=\u00bbtrue\u00bb fullwidth_content=\u00bbfalse\u00bb equal_columns=\u00bbtrue\u00bb css=\u00bb.vc_custom_1493111608083{padding-top: 110px !important;padding-bottom: 90px !important;background-color: #ffffff !important;}\u00bb][vc_column width=\u00bb1\/2&#8243;][vc_video link=\u00bbhttps:\/\/youtu.be\/oerxUI9jQuY\u00bb][vc_column_text disable_pattern=\u00bbfalse\u00bb el_class=\u00bbfont-din2014-l vidlink-txt vitbot-color1 fs16&#8243;]Clica en el icono de settings para activar los subtitulos en Spanish[\/vc_column_text][\/vc_column][vc_column width=\u00bb1\/2&#8243;][vc_column_text disable_pattern=\u00bbfalse\u00bb el_class=\u00bbfont-din2014-l vidlink-txt vitbot-color1&#8243;]Sonoma Cast Stone es el primer fabricante de hormig\u00f3n, especializado en concreto ambientalmente sostenible. Est\u00e1n en California, y construyen tanques ovoides para la fermentaci\u00f3n del vino.[\/vc_column_text][\/vc_column][\/vc_row][vc_row fullwidth=\u00bbtrue\u00bb fullwidth_content=\u00bbfalse\u00bb equal_columns=\u00bbtrue\u00bb css=\u00bb.vc_custom_1493111621894{padding-top: 110px !important;padding-bottom: 90px !important;background-color: #1e0064 !important;}\u00bb][vc_column width=\u00bb1\/2&#8243;][vc_column_text disable_pattern=\u00bbfalse\u00bb el_class=\u00bbfont-din2014-l vidlink-txt vitbot-color3&#8243;]\u00bfCu\u00e1les son las ventajas de los tanques ovoides? Sebasti\u00e1n Zuccardi se une a Kim Marcus para hablar de los tanques y los vi\u00f1edos.[\/vc_column_text][\/vc_column][vc_column width=\u00bb1\/2&#8243;][vc_video link=\u00bbhttps:\/\/youtu.be\/fpo8in9Exz8&#8243;][vc_column_text disable_pattern=\u00bbfalse\u00bb el_class=\u00bbfont-din2014-l vidlink-txt vitbot-color3 fs16&#8243;]Clica en el icono de settings para activar los subtitulos en Spanish[\/vc_column_text][\/vc_column][\/vc_row][vc_row fullwidth=\u00bbtrue\u00bb fullwidth_content=\u00bbfalse\u00bb equal_columns=\u00bbtrue\u00bb css=\u00bb.vc_custom_1493111632679{padding-top: 110px !important;padding-bottom: 90px !important;background-color: #ffffff !important;}\u00bb][vc_column width=\u00bb1\/2&#8243;][vc_video link=\u00bbhttps:\/\/youtu.be\/Z92rDoHP-e8&#8243;][vc_column_text disable_pattern=\u00bbfalse\u00bb el_class=\u00bbfont-din2014-l vidlink-txt vitbot-color1 fs16&#8243;]Clica en el icono de settings para activar los subtitulos en Spanish[\/vc_column_text][\/vc_column][vc_column width=\u00bb1\/2&#8243;][vc_column_text disable_pattern=\u00bbfalse\u00bb el_class=\u00bbfont-din2014-l vidlink-txt vitbot-color1&#8243;]En este video el productor de vino Darryl Booker habla un poco sobre la complejidad que su tanque ovoide aporta a su vino Platinum Viognier de 2011.[\/vc_column_text][\/vc_column][\/vc_row][vc_row fullwidth=\u00bbtrue\u00bb fullwidth_content=\u00bbfalse\u00bb equal_columns=\u00bbtrue\u00bb css=\u00bb.vc_custom_1493111646827{padding-top: 110px !important;padding-bottom: 90px !important;background-color: #1e0064 !important;}\u00bb][vc_column width=\u00bb1\/2&#8243;][vc_column_text disable_pattern=\u00bbfalse\u00bb el_class=\u00bbfont-din2014-l vidlink-txt vitbot-color3&#8243;]El en\u00f3logo de Bokisch Vineyards, Elyse Egan Perry, explica la fermentaci\u00f3n del vino en fermentadores en forma de huevo y habla sobre la convecci\u00f3n creada por el v\u00f3rtice natural del proceso de fermentaci\u00f3n en estos tipos de envases, que cada vez m\u00e1s bodegueros est\u00e1n utilizando para aumentar la textura de sus vinos.[\/vc_column_text][\/vc_column][vc_column width=\u00bb1\/2&#8243;][vc_video link=\u00bbhttps:\/\/youtu.be\/1QgtgEnd2-I\u00bb][vc_column_text disable_pattern=\u00bbfalse\u00bb el_class=\u00bbfont-din2014-l vidlink-txt vitbot-color3 fs16&#8243;]Clica en el icono de settings para activar los subtitulos en Spanish[\/vc_column_text][\/vc_column][\/vc_row][vc_row fullwidth=\u00bbtrue\u00bb fullwidth_content=\u00bbfalse\u00bb equal_columns=\u00bbtrue\u00bb css=\u00bb.vc_custom_1493111667066{padding-top: 110px !important;padding-bottom: 90px !important;background-color: #1e0064 !important;}\u00bb][vc_column width=\u00bb1\/2&#8243;][vc_column_text disable_pattern=\u00bbfalse\u00bb el_class=\u00bbfont-din2014-l vidlink-txt vitbot-color3&#8243;]Una mirada en los nuevos tanques ovoides de Sonoma para fermentar cerveza. Video grabado en la conferencia de los cerveceros de 2015 en Portland, Oregon.[\/vc_column_text][\/vc_column][vc_column width=\u00bb1\/2&#8243;][vc_video link=\u00bbhttps:\/\/vimeo.com\/127437267&#8243;][vc_column_text disable_pattern=\u00bbfalse\u00bb el_class=\u00bbfont-din2014-l vidlink-txt vitbot-color3 fs16&#8243;]Video \u00fanicamente en Ingles[\/vc_column_text][\/vc_column][\/vc_row]\n","protected":false},"excerpt":{"rendered":"<p>[vc_row fullwidth=\u00bbtrue\u00bb equal_columns=\u00bbtrue\u00bb css=\u00bb.vc_custom_1490864043520{background-color: #ffffff !important;}\u00bb][vc_column][vc_single_image image=\u00bb763&#8243; img_size=\u00bbfull\u00bb css=\u00bb.vc_custom_1492795754412{margin-top: 0px !important;margin-right: 0px !important;margin-bottom: 0px !important;margin-left: 0px !important;}\u00bb][\/vc_column][\/vc_row][vc_row css=\u00bb.vc_custom_1490287549845{background-color: #ffffff !important;}\u00bb][vc_column][vc_empty_space height=\u00bb45px\u00bb][vc_column_text disable_pattern=\u00bbfalse\u00bb el_class=\u00bbformaovoide-tit1 vitbot-color1 font-din2014-b\u00bb] LA FORMA OVOIDE [\/vc_column_text][\/vc_column][\/vc_row][vc_row css=\u00bb.vc_custom_1490287549845{background-color: #ffffff !important;}\u00bb][vc_column width=\u00bb1\/2&#8243;][vc_column_text disable_pattern=\u00bbfalse\u00bb el_class=\u00bbformaovoide-txt vitbot-color2 font-din2014-l\u00bb] La vida necesita el movimiento en v\u00f3rtice para sostener la energ\u00eda que alimenta la estructura de la existencia [&hellip;]<\/p>\n","protected":false},"author":1,"featured_media":0,"parent":0,"menu_order":6,"comment_status":"closed","ping_status":"closed","template":"","meta":{"_monsterinsights_skip_tracking":false,"_monsterinsights_sitenote_active":false,"_monsterinsights_sitenote_note":"","_monsterinsights_sitenote_category":0},"yoast_head":"<!-- This site is optimized with the Yoast SEO plugin v20.1 - https:\/\/yoast.com\/wordpress\/plugins\/seo\/ -->\n<title>La Forma Ovoide, el elemento com\u00fan de nuestros envases | Vitbot<\/title>\n<meta name=\"description\" content=\"La forma ovoide es el envase de la vida. La mayor\u00eda de frutos, semillas, etc. tienen esta forma para conservar la vida. Los envases Vitbot tambi\u00e9n.\" \/>\n<meta name=\"robots\" content=\"index, follow, max-snippet:-1, max-image-preview:large, max-video-preview:-1\" \/>\n<link rel=\"canonical\" href=\"https:\/\/www.vitbot.com\/es\/la-forma-ovoide\" \/>\n<meta property=\"og:locale\" content=\"es_ES\" \/>\n<meta property=\"og:type\" content=\"article\" \/>\n<meta property=\"og:title\" content=\"La Forma Ovoide, el elemento com\u00fan de nuestros envases | Vitbot\" \/>\n<meta property=\"og:description\" content=\"La forma ovoide es el envase de la vida. La mayor\u00eda de frutos, semillas, etc. tienen esta forma para conservar la vida. Los envases Vitbot tambi\u00e9n.\" \/>\n<meta property=\"og:url\" content=\"https:\/\/www.vitbot.com\/es\/la-forma-ovoide\" \/>\n<meta property=\"og:site_name\" content=\"Vitbot\" \/>\n<meta property=\"article:publisher\" content=\"https:\/\/www.facebook.com\/vitbotbottle\/\" \/>\n<meta property=\"article:modified_time\" content=\"2018-12-02T04:57:56+00:00\" \/>\n<meta name=\"twitter:card\" content=\"summary_large_image\" \/>\n<meta name=\"twitter:label1\" content=\"Tiempo de lectura\" \/>\n\t<meta name=\"twitter:data1\" content=\"7 minutos\" \/>\n<script type=\"application\/ld+json\" class=\"yoast-schema-graph\">{\"@context\":\"https:\/\/schema.org\",\"@graph\":[{\"@type\":\"WebPage\",\"@id\":\"https:\/\/www.vitbot.com\/es\/la-forma-ovoide\",\"url\":\"https:\/\/www.vitbot.com\/es\/la-forma-ovoide\",\"name\":\"La Forma Ovoide, el elemento com\u00fan de nuestros envases | Vitbot\",\"isPartOf\":{\"@id\":\"https:\/\/www.vitbot.com\/es#website\"},\"datePublished\":\"2017-04-03T06:01:28+00:00\",\"dateModified\":\"2018-12-02T04:57:56+00:00\",\"description\":\"La forma ovoide es el envase de la vida. La mayor\u00eda de frutos, semillas, etc. tienen esta forma para conservar la vida. Los envases Vitbot tambi\u00e9n.\",\"breadcrumb\":{\"@id\":\"https:\/\/www.vitbot.com\/es\/la-forma-ovoide#breadcrumb\"},\"inLanguage\":\"es\",\"potentialAction\":[{\"@type\":\"ReadAction\",\"target\":[\"https:\/\/www.vitbot.com\/es\/la-forma-ovoide\"]}]},{\"@type\":\"BreadcrumbList\",\"@id\":\"https:\/\/www.vitbot.com\/es\/la-forma-ovoide#breadcrumb\",\"itemListElement\":[{\"@type\":\"ListItem\",\"position\":1,\"name\":\"Home\",\"item\":\"https:\/\/www.vitbot.com\/es\"},{\"@type\":\"ListItem\",\"position\":2,\"name\":\"La forma ovoide\"}]},{\"@type\":\"WebSite\",\"@id\":\"https:\/\/www.vitbot.com\/es#website\",\"url\":\"https:\/\/www.vitbot.com\/es\",\"name\":\"Vitbot\",\"description\":\"Best Reusable Water Bottles\",\"publisher\":{\"@id\":\"https:\/\/www.vitbot.com\/es#organization\"},\"potentialAction\":[{\"@type\":\"SearchAction\",\"target\":{\"@type\":\"EntryPoint\",\"urlTemplate\":\"https:\/\/www.vitbot.com\/es?s={search_term_string}\"},\"query-input\":\"required name=search_term_string\"}],\"inLanguage\":\"es\"},{\"@type\":\"Organization\",\"@id\":\"https:\/\/www.vitbot.com\/es#organization\",\"name\":\"Vitbot Europe,S.L. NIF B66180548 Tel\u00e8fon Correu info@vitbot.com Direcci\u00f3 C\/ Almeria 40 F Poblaci\u00f3 Tarrasa Codi postal 08226 Pa\u00eds Espanya\",\"url\":\"https:\/\/www.vitbot.com\/es\",\"logo\":{\"@type\":\"ImageObject\",\"inLanguage\":\"es\",\"@id\":\"https:\/\/www.vitbot.com\/es#\/schema\/logo\/image\/\",\"url\":\"https:\/\/www.vitbot.com\/wp-content\/uploads\/2017\/03\/vitbot_logo.png\",\"contentUrl\":\"https:\/\/www.vitbot.com\/wp-content\/uploads\/2017\/03\/vitbot_logo.png\",\"width\":84,\"height\":24,\"caption\":\"Vitbot Europe,S.L. NIF B66180548 Tel\u00e8fon Correu info@vitbot.com Direcci\u00f3 C\/ Almeria 40 F Poblaci\u00f3 Tarrasa Codi postal 08226 Pa\u00eds Espanya\"},\"image\":{\"@id\":\"https:\/\/www.vitbot.com\/es#\/schema\/logo\/image\/\"},\"sameAs\":[\"https:\/\/www.facebook.com\/vitbotbottle\/\",\"https:\/\/www.instagram.com\/vitbotofficial\/\"]}]}<\/script>\n<!-- \/ Yoast SEO plugin. -->","yoast_head_json":{"title":"La Forma Ovoide, el elemento com\u00fan de nuestros envases | Vitbot","description":"La forma ovoide es el envase de la vida. La mayor\u00eda de frutos, semillas, etc. tienen esta forma para conservar la vida. Los envases Vitbot tambi\u00e9n.","robots":{"index":"index","follow":"follow","max-snippet":"max-snippet:-1","max-image-preview":"max-image-preview:large","max-video-preview":"max-video-preview:-1"},"canonical":"https:\/\/www.vitbot.com\/es\/la-forma-ovoide","og_locale":"es_ES","og_type":"article","og_title":"La Forma Ovoide, el elemento com\u00fan de nuestros envases | Vitbot","og_description":"La forma ovoide es el envase de la vida. La mayor\u00eda de frutos, semillas, etc. tienen esta forma para conservar la vida. Los envases Vitbot tambi\u00e9n.","og_url":"https:\/\/www.vitbot.com\/es\/la-forma-ovoide","og_site_name":"Vitbot","article_publisher":"https:\/\/www.facebook.com\/vitbotbottle\/","article_modified_time":"2018-12-02T04:57:56+00:00","twitter_card":"summary_large_image","twitter_misc":{"Tiempo de lectura":"7 minutos"},"schema":{"@context":"https:\/\/schema.org","@graph":[{"@type":"WebPage","@id":"https:\/\/www.vitbot.com\/es\/la-forma-ovoide","url":"https:\/\/www.vitbot.com\/es\/la-forma-ovoide","name":"La Forma Ovoide, el elemento com\u00fan de nuestros envases | Vitbot","isPartOf":{"@id":"https:\/\/www.vitbot.com\/es#website"},"datePublished":"2017-04-03T06:01:28+00:00","dateModified":"2018-12-02T04:57:56+00:00","description":"La forma ovoide es el envase de la vida. La mayor\u00eda de frutos, semillas, etc. tienen esta forma para conservar la vida. Los envases Vitbot tambi\u00e9n.","breadcrumb":{"@id":"https:\/\/www.vitbot.com\/es\/la-forma-ovoide#breadcrumb"},"inLanguage":"es","potentialAction":[{"@type":"ReadAction","target":["https:\/\/www.vitbot.com\/es\/la-forma-ovoide"]}]},{"@type":"BreadcrumbList","@id":"https:\/\/www.vitbot.com\/es\/la-forma-ovoide#breadcrumb","itemListElement":[{"@type":"ListItem","position":1,"name":"Home","item":"https:\/\/www.vitbot.com\/es"},{"@type":"ListItem","position":2,"name":"La forma ovoide"}]},{"@type":"WebSite","@id":"https:\/\/www.vitbot.com\/es#website","url":"https:\/\/www.vitbot.com\/es","name":"Vitbot","description":"Best Reusable Water Bottles","publisher":{"@id":"https:\/\/www.vitbot.com\/es#organization"},"potentialAction":[{"@type":"SearchAction","target":{"@type":"EntryPoint","urlTemplate":"https:\/\/www.vitbot.com\/es?s={search_term_string}"},"query-input":"required name=search_term_string"}],"inLanguage":"es"},{"@type":"Organization","@id":"https:\/\/www.vitbot.com\/es#organization","name":"Vitbot Europe,S.L. NIF B66180548 Tel\u00e8fon Correu info@vitbot.com Direcci\u00f3 C\/ Almeria 40 F Poblaci\u00f3 Tarrasa Codi postal 08226 Pa\u00eds Espanya","url":"https:\/\/www.vitbot.com\/es","logo":{"@type":"ImageObject","inLanguage":"es","@id":"https:\/\/www.vitbot.com\/es#\/schema\/logo\/image\/","url":"https:\/\/www.vitbot.com\/wp-content\/uploads\/2017\/03\/vitbot_logo.png","contentUrl":"https:\/\/www.vitbot.com\/wp-content\/uploads\/2017\/03\/vitbot_logo.png","width":84,"height":24,"caption":"Vitbot Europe,S.L. NIF B66180548 Tel\u00e8fon Correu info@vitbot.com Direcci\u00f3 C\/ Almeria 40 F Poblaci\u00f3 Tarrasa Codi postal 08226 Pa\u00eds Espanya"},"image":{"@id":"https:\/\/www.vitbot.com\/es#\/schema\/logo\/image\/"},"sameAs":["https:\/\/www.facebook.com\/vitbotbottle\/","https:\/\/www.instagram.com\/vitbotofficial\/"]}]}},"_links":{"self":[{"href":"https:\/\/www.vitbot.com\/es\/wp-json\/wp\/v2\/pages\/327"}],"collection":[{"href":"https:\/\/www.vitbot.com\/es\/wp-json\/wp\/v2\/pages"}],"about":[{"href":"https:\/\/www.vitbot.com\/es\/wp-json\/wp\/v2\/types\/page"}],"author":[{"embeddable":true,"href":"https:\/\/www.vitbot.com\/es\/wp-json\/wp\/v2\/users\/1"}],"replies":[{"embeddable":true,"href":"https:\/\/www.vitbot.com\/es\/wp-json\/wp\/v2\/comments?post=327"}],"version-history":[{"count":1,"href":"https:\/\/www.vitbot.com\/es\/wp-json\/wp\/v2\/pages\/327\/revisions"}],"predecessor-version":[{"id":3738,"href":"https:\/\/www.vitbot.com\/es\/wp-json\/wp\/v2\/pages\/327\/revisions\/3738"}],"wp:attachment":[{"href":"https:\/\/www.vitbot.com\/es\/wp-json\/wp\/v2\/media?parent=327"}],"curies":[{"name":"wp","href":"https:\/\/api.w.org\/{rel}","templated":true}]}}