{"id":296,"date":"2017-04-02T18:51:03","date_gmt":"2017-04-02T16:51:03","guid":{"rendered":"https:\/\/www.vitbot.com\/?page_id=296"},"modified":"2017-09-06T12:16:13","modified_gmt":"2017-09-06T10:16:13","slug":"garantia-politica-devoluciones","status":"publish","type":"page","link":"https:\/\/www.vitbot.com\/es\/garantia-politica-devoluciones","title":{"rendered":"T\u00e9rminos de compra, garant\u00eda y devoluciones"},"content":{"rendered":"[vc_row fullwidth=\u00bbtrue\u00bb css=\u00bb.vc_custom_1492592458920{padding-top: 35px !important;padding-bottom: 10px !important;background-color: #7cc5c9 !important;}\u00bb][vc_column][vc_column_text disable_pattern=\u00bbfalse\u00bb align=\u00bbcenter\u00bb el_class=\u00bbfont-alternategn2d vitbot-color3 poldevo-tit1&#8243;]\n<h1>T\u00c9RMINOS DE COMPRA, GARANT\u00cdA Y DEVOLUCIONES<\/h1>\n[\/vc_column_text][\/vc_column][\/vc_row][vc_row][vc_column][vc_empty_space][vc_column_text disable_pattern=\u00bbfalse\u00bb el_class=\u00bbfont-din2014-l vitbot-color1 devo-txt\u00bb]Todos los pedidos y ventas realizadas a trav\u00e9s de la tienda web de Vitbot, est\u00e1n sujetos a las siguientes condiciones:<\/p>\n<p>Vitbot tiene derecho a modificar o adaptar los t\u00e9rminos y condiciones generales de entrega y venta, en cualquier momento. Es responsabilidad del cliente consultar estas condiciones con regularidad.<\/p>\n<p>Vitbot garantiza que sus productos cumplen con las especificaciones que figuran en cada uno de sus art\u00edculos.<\/p>\n<p>&nbsp;<\/p>\n<p><strong>Compras<\/strong><\/p>\n<p>Cuando el cliente hace una compra, significa que est\u00e1 conforme con los t\u00e9rminos y condiciones que aqu\u00ed se detallan.<\/p>\n<p>Una vez realizada la compra, el cliente recibir\u00e1 por correo electr\u00f3nico una confirmaci\u00f3n de su pedido.<\/p>\n<p>Vitbot enviar\u00e1 dicha confirmaci\u00f3n de compra, una vez el cliente haya realizado el pago del producto.<\/p>\n<p>Vitbot se reserva el derecho de rechazar pedidos, si se dieran a condiciones an\u00f3malas.<\/p>\n<p>&nbsp;<\/p>\n<p><strong>Env\u00edo y entrega<\/strong><\/p>\n<p>Los productos s\u00f3lo estar\u00e1n disponibles en los pa\u00edses que indique el sitio web.<\/p>\n<p>Los errores en la direcci\u00f3n dada son responsabilidad del cliente, y pueden acarrear costes adicionales.<\/p>\n<p>Los precios no incluyen el transporte ni la entrega de los productos al cliente. Los costes del transporte y de la entrega se mencionar\u00e1n por separado.<\/p>\n<p>El plazo de entrega no ser\u00e1 superior a los 15 d\u00edas laborables, a contar desde la fecha en que el cliente efectu\u00f3 el pago.<\/p>\n<p>En caso de que las mercanc\u00edas no fueran entregadas, el cliente puede obtener un reembolso completo de la cantidad pagada, sin intereses ni otras formas de reembolso.<\/p>\n<p>El transportista ofrecer\u00e1 al cliente la entrega del paquete en dos ocasiones. Si el cliente no est\u00e1 presente ninguna de las dos veces, los productos ser\u00e1n devueltos a la sede central de Vitbot. Si este fuera el caso, el cliente ser\u00e1 responsable del pago del coste de env\u00edo por una segunda vez.<\/p>\n<p>Los costes de env\u00edo var\u00edan seg\u00fan el pa\u00eds.<\/p>\n<p>Actualmente, s\u00f3lo podemos enviar a aquellos pa\u00edses incluidos en la lista.<\/p>\n<p>(Lista disponible en la tienda web).<\/p>\n<p>&nbsp;<\/p>\n<p><strong>\u00bfCu\u00e1les son los gastos de env\u00edo?<\/strong><\/p>\n<p>Para pedidos a Pen\u00ednsula (Espa\u00f1a) y Baleares que superen los 75\u20ac los gastos de env\u00edo son gratuitos. Para los pedidos que no lleguen a esta cantidad, los gastos de env\u00edo supondr\u00edan un incremento de 2,99\u20ac para los pedidos de los productos \u00abEgg of Life\u00bb y \u00abFruit of Life\u00bb. Estos env\u00edos se realizan a trav\u00e9s de Amazon.<\/p>\n<p>En el caso del producto \u00abSport, Kids &amp; Travel\u00bb los precios del env\u00edo oscilan entre los 3,36 \u20ac o los 7,47\u20ac en funci\u00f3n del peso del paquete. En el caso que el paquete exceda de los 15 Kg, se aplicar\u00e1 un recargo de 0,47\u20ac por cada kg. adicional.<\/p>\n<p>Para los env\u00edos a Canarias u otras regiones europeas, escribe un e-mail a info@vitbot.com con los productos que deseas recibir (con el nombre tal cual aparecen en nuestra web), indic\u00e1ndonos el C\u00f3digo postal del lugar, tu direcci\u00f3n de e-mail y tu tel\u00e9fono, y nos pondremos en contacto contigo en breve para darte un presupuesto sin compromiso.<\/p>\n<p>&nbsp;<\/p>\n<p><strong>Precios y m\u00e9todos de pago<\/strong><\/p>\n<p>Los precios de los productos Vitbot no incluyen los costes de env\u00edo. \u00c9stos se cargar\u00e1n por separado una vez completado el pedido.<\/p>\n<p>Todos los precios son por unidad, a menos que se indique lo contrario.<\/p>\n<p>En caso de descuento o promoci\u00f3n de un producto determinado, el cliente deber\u00e1 ajustarse a los d\u00edas indicados. Si el consumidor compra el producto antes o despu\u00e9s de esta promoci\u00f3n, no podr\u00e1 reclamar que se le abone la diferencia de precio.<\/p>\n<p>El pago de las compras se efect\u00faa por tarjeta bancaria o por PayPal. Las tarjetas bancarias aceptadas son: Visa, MasterCard y American Express.<\/p>\n<p>En el caso de que el TPV (Terminal Punto de Venta) informara de la denegaci\u00f3n de la tarjeta, se cancelar\u00e1 autom\u00e1ticamente el pedido.<\/p>\n<p>&nbsp;<\/p>\n<p><strong>Garant\u00eda y Devoluciones<\/strong><\/p>\n<p>Las botellas, jarras y vasos Vitbot est\u00e1n fabricados con vidrio de calidad alimentaria. Las botellas Sport, Kids &amp; Travel son de silicona m\u00e9dica, con certificaci\u00f3n FDA y LFGB.<\/p>\n<p>En el caso de que la devoluci\u00f3n sea ajeno a un desperfecto o error en el producto, aceptamos devoluciones dentro de los primeros<strong>\u00a014 d\u00edas naturales\u00a0<\/strong>desde la fecha de recepci\u00f3n, siempre que se cumplan las condiciones que regula la Ley 3\/2014 de 27 de marzo, art\u00edculo 71 de ordenaci\u00f3n de comercio la cual indica que el producto tiene que ser devuelto en las mismas condiciones que lleg\u00f3 y no haber sido usado m\u00e1s all\u00e1 de la comprobaci\u00f3n del funcionamiento y buen estado del mismo. As\u00ed como contener el embalaje original y protegerlo con alguna otra caja.<\/p>\n<p>En el caso que el producto sea devuelto sin el embalaje original el bien podr\u00e1 sufrir una depreciaci\u00f3n del valor original.<\/p>\n<p>El usuario debe rellenar el <a href=\"https:\/\/www.vitbot.com\/formulario-desistimiento-contrato-vitbot.pdf\"><strong>siguiente formulario de desistimiento<\/strong><\/a> debidamente rellenado y firmado y mandarlo por correo electr\u00f3nico a info@vitbot.com.<\/p>\n<p>El reembolso del valor de la mercanc\u00eda se realizar\u00e1 una vez comprobemos en nuestro almac\u00e9n el buen estado de la misma (incluido el embalaje original).<\/p>\n<p>Si adquiri\u00f3 el producto Vitbot a un distribuidor, tiene que dirigirse a \u00e9l para solicitar la devoluci\u00f3n o el cambio. En ese caso, tambi\u00e9n dispone de un plazo m\u00e1ximo de 14 d\u00edas desde la fecha de compra.<\/p>\n<p>Los gastos de env\u00edo para la devoluci\u00f3n de los productos corren a cargo del consumidor. Para mayor protecci\u00f3n, sugerimos que todas las devoluciones se env\u00eden a trav\u00e9s de un transportista rastreable. Esto hace que sea m\u00e1s f\u00e1cil que ambas partes sepan d\u00f3nde se encuentra el producto en todo momento.<\/p>\n<p>En caso de producto defectuoso, el vendedor deber\u00e1 proceder, seg\u00fan corresponda, a la reparaci\u00f3n, sustituci\u00f3n, rebaja del precio o resoluci\u00f3n del contrato, gestiones que ser\u00e1n gratuitas para el consumidor y usuario.<\/p>\n<p>El vendedor responde de las faltas de conformidad que se manifiesten en un plazo de dos a\u00f1os desde la entrega.<\/p>\n<p>El consumidor y usuario deber\u00e1 informar al vendedor de la falta de conformidad en el plazo de dos meses desde que tuvo conocimiento de ella.<br \/>\nAdem\u00e1s de esta informaci\u00f3n, deber\u00e9is proporcionar al consumidor informaci\u00f3n sobre la existencia y las condiciones de los servicios posventa y las garant\u00edas comerciales si las hubiese.<\/p>\n<p>&nbsp;<\/p>\n<p>Para cualquier duda respecto a la garant\u00eda de los productos Vitbot, puede dirigirse a nuestros distribuidores, directamente a\u00a0<a href=\"mailto:warranty@vitbot.com\">warranty@vitbot.com<\/a> o mediante el tel\u00e9fono 93 781 78 77.<\/p>\n<p>Es responsabilidad del cliente enviar el (los) art\u00edculo(s) a la siguiente direcci\u00f3n:<br \/>\nVitbot\u00a0Europe<br \/>\nC\/ Almeria 40 F<br \/>\n08226 Terrassa (Barcelona)<br \/>\nEspa\u00f1a[\/vc_column_text][vc_empty_space][\/vc_column][\/vc_row]\n","protected":false},"excerpt":{"rendered":"<p>[vc_row fullwidth=\u00bbtrue\u00bb css=\u00bb.vc_custom_1492592458920{padding-top: 35px !important;padding-bottom: 10px !important;background-color: #7cc5c9 !important;}\u00bb][vc_column][vc_column_text disable_pattern=\u00bbfalse\u00bb align=\u00bbcenter\u00bb el_class=\u00bbfont-alternategn2d vitbot-color3 poldevo-tit1&#8243;] T\u00c9RMINOS DE COMPRA, GARANT\u00cdA Y DEVOLUCIONES [\/vc_column_text][\/vc_column][\/vc_row][vc_row][vc_column][vc_empty_space][vc_column_text disable_pattern=\u00bbfalse\u00bb el_class=\u00bbfont-din2014-l vitbot-color1 devo-txt\u00bb]Todos los pedidos y ventas realizadas a trav\u00e9s de la tienda web de Vitbot, est\u00e1n sujetos a las siguientes condiciones: Vitbot tiene derecho a modificar o adaptar los t\u00e9rminos y condiciones [&hellip;]<\/p>\n","protected":false},"author":1,"featured_media":0,"parent":0,"menu_order":34,"comment_status":"closed","ping_status":"closed","template":"","meta":{"_monsterinsights_skip_tracking":false,"_monsterinsights_sitenote_active":false,"_monsterinsights_sitenote_note":"","_monsterinsights_sitenote_category":0},"yoast_head":"<!-- This site is optimized with the Yoast SEO plugin v20.1 - https:\/\/yoast.com\/wordpress\/plugins\/seo\/ -->\n<title>T\u00e9rminos de compra, garant\u00eda y devoluciones | Vitbot<\/title>\n<meta name=\"description\" content=\"Condiciones de compra, garant\u00eda y devoluciones de los productos Vitbot para los pedidos realizados a trav\u00e9s de la web.\" \/>\n<meta name=\"robots\" content=\"index, follow, max-snippet:-1, max-image-preview:large, max-video-preview:-1\" \/>\n<link rel=\"canonical\" href=\"https:\/\/www.vitbot.com\/es\/garantia-politica-devoluciones\" \/>\n<meta property=\"og:locale\" content=\"es_ES\" \/>\n<meta property=\"og:type\" content=\"article\" \/>\n<meta property=\"og:title\" content=\"T\u00e9rminos de compra, garant\u00eda y devoluciones | Vitbot\" \/>\n<meta property=\"og:description\" content=\"Condiciones de compra, garant\u00eda y devoluciones de los productos Vitbot para los pedidos realizados a trav\u00e9s de la web.\" \/>\n<meta property=\"og:url\" content=\"https:\/\/www.vitbot.com\/es\/garantia-politica-devoluciones\" \/>\n<meta property=\"og:site_name\" content=\"Vitbot\" \/>\n<meta property=\"article:publisher\" content=\"https:\/\/www.facebook.com\/vitbotbottle\/\" \/>\n<meta property=\"article:modified_time\" content=\"2017-09-06T10:16:13+00:00\" \/>\n<meta name=\"twitter:card\" content=\"summary_large_image\" \/>\n<meta name=\"twitter:label1\" content=\"Tiempo de lectura\" \/>\n\t<meta name=\"twitter:data1\" content=\"6 minutos\" \/>\n<script type=\"application\/ld+json\" class=\"yoast-schema-graph\">{\"@context\":\"https:\/\/schema.org\",\"@graph\":[{\"@type\":\"WebPage\",\"@id\":\"https:\/\/www.vitbot.com\/es\/garantia-politica-devoluciones\",\"url\":\"https:\/\/www.vitbot.com\/es\/garantia-politica-devoluciones\",\"name\":\"T\u00e9rminos de compra, garant\u00eda y devoluciones | Vitbot\",\"isPartOf\":{\"@id\":\"https:\/\/www.vitbot.com\/es#website\"},\"datePublished\":\"2017-04-02T16:51:03+00:00\",\"dateModified\":\"2017-09-06T10:16:13+00:00\",\"description\":\"Condiciones de compra, garant\u00eda y devoluciones de los productos Vitbot para los pedidos realizados a trav\u00e9s de la web.\",\"breadcrumb\":{\"@id\":\"https:\/\/www.vitbot.com\/es\/garantia-politica-devoluciones#breadcrumb\"},\"inLanguage\":\"es\",\"potentialAction\":[{\"@type\":\"ReadAction\",\"target\":[\"https:\/\/www.vitbot.com\/es\/garantia-politica-devoluciones\"]}]},{\"@type\":\"BreadcrumbList\",\"@id\":\"https:\/\/www.vitbot.com\/es\/garantia-politica-devoluciones#breadcrumb\",\"itemListElement\":[{\"@type\":\"ListItem\",\"position\":1,\"name\":\"Home\",\"item\":\"https:\/\/www.vitbot.com\/es\"},{\"@type\":\"ListItem\",\"position\":2,\"name\":\"T\u00e9rminos de compra, garant\u00eda y devoluciones\"}]},{\"@type\":\"WebSite\",\"@id\":\"https:\/\/www.vitbot.com\/es#website\",\"url\":\"https:\/\/www.vitbot.com\/es\",\"name\":\"Vitbot\",\"description\":\"Best Reusable Water Bottles\",\"publisher\":{\"@id\":\"https:\/\/www.vitbot.com\/es#organization\"},\"potentialAction\":[{\"@type\":\"SearchAction\",\"target\":{\"@type\":\"EntryPoint\",\"urlTemplate\":\"https:\/\/www.vitbot.com\/es?s={search_term_string}\"},\"query-input\":\"required name=search_term_string\"}],\"inLanguage\":\"es\"},{\"@type\":\"Organization\",\"@id\":\"https:\/\/www.vitbot.com\/es#organization\",\"name\":\"Vitbot Europe,S.L. NIF B66180548 Tel\u00e8fon Correu info@vitbot.com Direcci\u00f3 C\/ Almeria 40 F Poblaci\u00f3 Tarrasa Codi postal 08226 Pa\u00eds Espanya\",\"url\":\"https:\/\/www.vitbot.com\/es\",\"logo\":{\"@type\":\"ImageObject\",\"inLanguage\":\"es\",\"@id\":\"https:\/\/www.vitbot.com\/es#\/schema\/logo\/image\/\",\"url\":\"https:\/\/www.vitbot.com\/wp-content\/uploads\/2017\/03\/vitbot_logo.png\",\"contentUrl\":\"https:\/\/www.vitbot.com\/wp-content\/uploads\/2017\/03\/vitbot_logo.png\",\"width\":84,\"height\":24,\"caption\":\"Vitbot Europe,S.L. NIF B66180548 Tel\u00e8fon Correu info@vitbot.com Direcci\u00f3 C\/ Almeria 40 F Poblaci\u00f3 Tarrasa Codi postal 08226 Pa\u00eds Espanya\"},\"image\":{\"@id\":\"https:\/\/www.vitbot.com\/es#\/schema\/logo\/image\/\"},\"sameAs\":[\"https:\/\/www.facebook.com\/vitbotbottle\/\",\"https:\/\/www.instagram.com\/vitbotofficial\/\"]}]}<\/script>\n<!-- \/ Yoast SEO plugin. -->","yoast_head_json":{"title":"T\u00e9rminos de compra, garant\u00eda y devoluciones | Vitbot","description":"Condiciones de compra, garant\u00eda y devoluciones de los productos Vitbot para los pedidos realizados a trav\u00e9s de la web.","robots":{"index":"index","follow":"follow","max-snippet":"max-snippet:-1","max-image-preview":"max-image-preview:large","max-video-preview":"max-video-preview:-1"},"canonical":"https:\/\/www.vitbot.com\/es\/garantia-politica-devoluciones","og_locale":"es_ES","og_type":"article","og_title":"T\u00e9rminos de compra, garant\u00eda y devoluciones | Vitbot","og_description":"Condiciones de compra, garant\u00eda y devoluciones de los productos Vitbot para los pedidos realizados a trav\u00e9s de la web.","og_url":"https:\/\/www.vitbot.com\/es\/garantia-politica-devoluciones","og_site_name":"Vitbot","article_publisher":"https:\/\/www.facebook.com\/vitbotbottle\/","article_modified_time":"2017-09-06T10:16:13+00:00","twitter_card":"summary_large_image","twitter_misc":{"Tiempo de lectura":"6 minutos"},"schema":{"@context":"https:\/\/schema.org","@graph":[{"@type":"WebPage","@id":"https:\/\/www.vitbot.com\/es\/garantia-politica-devoluciones","url":"https:\/\/www.vitbot.com\/es\/garantia-politica-devoluciones","name":"T\u00e9rminos de compra, garant\u00eda y devoluciones | Vitbot","isPartOf":{"@id":"https:\/\/www.vitbot.com\/es#website"},"datePublished":"2017-04-02T16:51:03+00:00","dateModified":"2017-09-06T10:16:13+00:00","description":"Condiciones de compra, garant\u00eda y devoluciones de los productos Vitbot para los pedidos realizados a trav\u00e9s de la web.","breadcrumb":{"@id":"https:\/\/www.vitbot.com\/es\/garantia-politica-devoluciones#breadcrumb"},"inLanguage":"es","potentialAction":[{"@type":"ReadAction","target":["https:\/\/www.vitbot.com\/es\/garantia-politica-devoluciones"]}]},{"@type":"BreadcrumbList","@id":"https:\/\/www.vitbot.com\/es\/garantia-politica-devoluciones#breadcrumb","itemListElement":[{"@type":"ListItem","position":1,"name":"Home","item":"https:\/\/www.vitbot.com\/es"},{"@type":"ListItem","position":2,"name":"T\u00e9rminos de compra, garant\u00eda y devoluciones"}]},{"@type":"WebSite","@id":"https:\/\/www.vitbot.com\/es#website","url":"https:\/\/www.vitbot.com\/es","name":"Vitbot","description":"Best Reusable Water Bottles","publisher":{"@id":"https:\/\/www.vitbot.com\/es#organization"},"potentialAction":[{"@type":"SearchAction","target":{"@type":"EntryPoint","urlTemplate":"https:\/\/www.vitbot.com\/es?s={search_term_string}"},"query-input":"required name=search_term_string"}],"inLanguage":"es"},{"@type":"Organization","@id":"https:\/\/www.vitbot.com\/es#organization","name":"Vitbot Europe,S.L. NIF B66180548 Tel\u00e8fon Correu info@vitbot.com Direcci\u00f3 C\/ Almeria 40 F Poblaci\u00f3 Tarrasa Codi postal 08226 Pa\u00eds Espanya","url":"https:\/\/www.vitbot.com\/es","logo":{"@type":"ImageObject","inLanguage":"es","@id":"https:\/\/www.vitbot.com\/es#\/schema\/logo\/image\/","url":"https:\/\/www.vitbot.com\/wp-content\/uploads\/2017\/03\/vitbot_logo.png","contentUrl":"https:\/\/www.vitbot.com\/wp-content\/uploads\/2017\/03\/vitbot_logo.png","width":84,"height":24,"caption":"Vitbot Europe,S.L. NIF B66180548 Tel\u00e8fon Correu info@vitbot.com Direcci\u00f3 C\/ Almeria 40 F Poblaci\u00f3 Tarrasa Codi postal 08226 Pa\u00eds Espanya"},"image":{"@id":"https:\/\/www.vitbot.com\/es#\/schema\/logo\/image\/"},"sameAs":["https:\/\/www.facebook.com\/vitbotbottle\/","https:\/\/www.instagram.com\/vitbotofficial\/"]}]}},"_links":{"self":[{"href":"https:\/\/www.vitbot.com\/es\/wp-json\/wp\/v2\/pages\/296"}],"collection":[{"href":"https:\/\/www.vitbot.com\/es\/wp-json\/wp\/v2\/pages"}],"about":[{"href":"https:\/\/www.vitbot.com\/es\/wp-json\/wp\/v2\/types\/page"}],"author":[{"embeddable":true,"href":"https:\/\/www.vitbot.com\/es\/wp-json\/wp\/v2\/users\/1"}],"replies":[{"embeddable":true,"href":"https:\/\/www.vitbot.com\/es\/wp-json\/wp\/v2\/comments?post=296"}],"version-history":[{"count":0,"href":"https:\/\/www.vitbot.com\/es\/wp-json\/wp\/v2\/pages\/296\/revisions"}],"wp:attachment":[{"href":"https:\/\/www.vitbot.com\/es\/wp-json\/wp\/v2\/media?parent=296"}],"curies":[{"name":"wp","href":"https:\/\/api.w.org\/{rel}","templated":true}]}}