{"id":291,"date":"2017-04-02T18:43:22","date_gmt":"2017-04-02T18:43:22","guid":{"rendered":"https:\/\/www.vitbot.com\/?page_id=291"},"modified":"2017-06-14T17:17:54","modified_gmt":"2017-06-14T15:17:54","slug":"distribuidores-productos-vitbot","status":"publish","type":"page","link":"https:\/\/www.vitbot.com\/es\/distribuidores-productos-vitbot","title":{"rendered":"Distribuidores"},"content":{"rendered":"[vc_row fullwidth=\u00bbtrue\u00bb css=\u00bb.vc_custom_1492599920359{padding-top: 35px !important;padding-bottom: 10px !important;background-color: #50bedc !important;}\u00bb][vc_column][vc_column_text disable_pattern=\u00bbfalse\u00bb align=\u00bbcenter\u00bb el_class=\u00bbfont-alternategn2d vitbot-color3 distribuidores-tit1&#8243;]\n<h1>DISTRIBUIDORES<\/h1>\n[\/vc_column_text][\/vc_column][\/vc_row][vc_row][vc_column][vc_empty_space][vc_column_text disable_pattern=\u00bbfalse\u00bb el_class=\u00bbfont-din2014-l vitbot-color1 distri-txt\u00bb]Si te interesa ser un distribuidor de las botellas Vitbot para uso personal, por favor, rellena el cuestionario de solicitud.[\/vc_column_text][vc_column_text disable_pattern=\u00bbfalse\u00bb el_class=\u00bbfont-alternategn2d vitbot-color1 distribuidores-tit2&#8243;]\n<h1>CUESTIONARIO DE SOLICITUD DE DISTRIBUCI\u00d3N<\/h1>\n[\/vc_column_text][vc_column_text disable_pattern=\u00bbfalse\u00bb el_class=\u00bbfont-din2014-l vitbot-color1 distri-txt\u00bb]Gracias por tu inter\u00e9s en la distribuci\u00f3n de las botellas Vitbot. En cuanto recibamos tu solicitud nos pondremos en contacto contigo, en el plazo m\u00e1ximo de una semana, para darte una respuesta que se adapte a tus intereses. Los campos que llevan un asterisco son imprescindibles.<\/p>\n<p>Los campos que llevan un asterisco son imprescindibles.[\/vc_column_text][\/vc_column][\/vc_row][vc_row][vc_column][vc_column_text disable_pattern=\u00bbfalse\u00bb el_class=\u00bbdistribuidores-txt distri-txt\u00bb]\n<div class=\"wpcf7 no-js\" id=\"wpcf7-f453-o1\" lang=\"en-US\" dir=\"ltr\">\n<div class=\"screen-reader-response\"><p role=\"status\" aria-live=\"polite\" aria-atomic=\"true\"><\/p> <ul><\/ul><\/div>\n<form action=\"\/es\/wp-json\/wp\/v2\/pages\/291#wpcf7-f453-o1\" method=\"post\" class=\"wpcf7-form init\" aria-label=\"Contact form\" novalidate=\"novalidate\" data-status=\"init\">\n<div style=\"display: none;\">\n<input type=\"hidden\" name=\"_wpcf7\" value=\"453\" \/>\n<input type=\"hidden\" name=\"_wpcf7_version\" value=\"5.7.3\" \/>\n<input type=\"hidden\" name=\"_wpcf7_locale\" value=\"en_US\" \/>\n<input type=\"hidden\" name=\"_wpcf7_unit_tag\" value=\"wpcf7-f453-o1\" \/>\n<input type=\"hidden\" name=\"_wpcf7_container_post\" value=\"0\" \/>\n<input type=\"hidden\" name=\"_wpcf7_posted_data_hash\" value=\"\" \/>\n<\/div>\n<div class=\"contacta-left\">\n\t<p><label> \u00bfEs una tienda abierta al p\u00fablico?*<\/label><br \/>\n<span class=\"wpcf7-form-control-wrap\" data-name=\"checkbox-abierta\"><span class=\"wpcf7-form-control wpcf7-checkbox wpcf7-validates-as-required wpcf7-exclusive-checkbox\"><span class=\"wpcf7-list-item first\"><label><input type=\"checkbox\" name=\"checkbox-abierta\" value=\"Si\" tabindex=\"\" \/><span class=\"wpcf7-list-item-label\">Si<\/span><\/label><\/span><span class=\"wpcf7-list-item last\"><label><input type=\"checkbox\" name=\"checkbox-abierta\" value=\"No\" tabindex=\"\" \/><span class=\"wpcf7-list-item-label\">No<\/span><\/label><\/span><\/span><\/span>\n\t<\/p>\n\t<p><label> Nombre del establecimiento*<br \/>\n<span class=\"wpcf7-form-control-wrap\" data-name=\"establecimiento-nombre\"><input size=\"40\" class=\"wpcf7-form-control wpcf7-text wpcf7-validates-as-required\" aria-required=\"true\" aria-invalid=\"false\" value=\"\" type=\"text\" name=\"establecimiento-nombre\" \/><\/span> <\/label>\n\t<\/p>\n\t<p><label> Ciudad<br \/>\n<span class=\"wpcf7-form-control-wrap\" data-name=\"establecimiento-city\"><input size=\"40\" class=\"wpcf7-form-control wpcf7-text wpcf7-validates-as-required\" aria-required=\"true\" aria-invalid=\"false\" value=\"\" type=\"text\" name=\"establecimiento-city\" \/><\/span> <\/label>\n\t<\/p>\n\t<p><label> Pa\u00eds*<br \/>\n<span class=\"wpcf7-form-control-wrap\" data-name=\"establecimiento-pais\"><input size=\"40\" class=\"wpcf7-form-control wpcf7-text wpcf7-validates-as-required\" aria-required=\"true\" aria-invalid=\"false\" value=\"\" type=\"text\" name=\"establecimiento-pais\" \/><\/span> <\/label>\n\t<\/p>\n\t<p><label> Sitio Web<br \/>\n<span class=\"wpcf7-form-control-wrap\" data-name=\"establecimiento-web\"><input size=\"40\" class=\"wpcf7-form-control wpcf7-text wpcf7-validates-as-required\" aria-required=\"true\" aria-invalid=\"false\" value=\"\" type=\"text\" name=\"establecimiento-web\" \/><\/span> <\/label>\n\t<\/p>\n\t<p><label> \u00bfVendes actualmente alg\u00fan tipo de botella reutilizable?* <\/label><br \/>\n<span class=\"wpcf7-form-control-wrap\" data-name=\"checkbox-sibotella\"><span class=\"wpcf7-form-control wpcf7-checkbox wpcf7-validates-as-required wpcf7-exclusive-checkbox\"><span class=\"wpcf7-list-item first\"><label><input type=\"checkbox\" name=\"checkbox-sibotella\" value=\"Si\" tabindex=\"\" \/><span class=\"wpcf7-list-item-label\">Si<\/span><\/label><\/span><span class=\"wpcf7-list-item last\"><label><input type=\"checkbox\" name=\"checkbox-sibotella\" value=\"No\" tabindex=\"\" \/><span class=\"wpcf7-list-item-label\">No<\/span><\/label><\/span><\/span><\/span>\n\t<\/p>\n<\/div>\n<div class=\"contacta-right\">\n\t<p><label> Tipo de Establecimiento abierto al p\u00fablico*<\/label><br \/>\n<span class=\"wpcf7-form-control-wrap\" data-name=\"checkbox-tipo\"><span class=\"wpcf7-form-control wpcf7-checkbox wpcf7-validates-as-required wpcf7-exclusive-checkbox\"><span class=\"wpcf7-list-item first\"><label><input type=\"checkbox\" name=\"checkbox-tipo\" value=\"Art\u00edculos para el hogar\" tabindex=\"\" \/><span class=\"wpcf7-list-item-label\">Art\u00edculos para el hogar<\/span><\/label><\/span><span class=\"wpcf7-list-item\"><label><input type=\"checkbox\" name=\"checkbox-tipo\" value=\"Art\u00edculos para regalo \/ viaje\" tabindex=\"\" \/><span class=\"wpcf7-list-item-label\">Art\u00edculos para regalo \/ viaje<\/span><\/label><\/span><span class=\"wpcf7-list-item\"><label><input type=\"checkbox\" name=\"checkbox-tipo\" value=\"Herbolario \/ Nutricionista\/ Diet\u00e9tica\" tabindex=\"\" \/><span class=\"wpcf7-list-item-label\">Herbolario \/ Nutricionista\/ Diet\u00e9tica<\/span><\/label><\/span><span class=\"wpcf7-list-item\"><label><input type=\"checkbox\" name=\"checkbox-tipo\" value=\"Restaurante \/ Hotel\" tabindex=\"\" \/><span class=\"wpcf7-list-item-label\">Restaurante \/ Hotel<\/span><\/label><\/span><span class=\"wpcf7-list-item\"><label><input type=\"checkbox\" name=\"checkbox-tipo\" value=\"Club deportivo \/Gimnasio\" tabindex=\"\" \/><span class=\"wpcf7-list-item-label\">Club deportivo \/Gimnasio<\/span><\/label><\/span><span class=\"wpcf7-list-item\"><label><input type=\"checkbox\" name=\"checkbox-tipo\" value=\"Centro de Yoga \/ Meditaci\u00f3n\" tabindex=\"\" \/><span class=\"wpcf7-list-item-label\">Centro de Yoga \/ Meditaci\u00f3n<\/span><\/label><\/span><span class=\"wpcf7-list-item last\"><label><input type=\"checkbox\" name=\"checkbox-tipo\" value=\"Otro (Especificar)\" tabindex=\"\" \/><span class=\"wpcf7-list-item-label\">Otro (Especificar)<\/span><\/label><\/span><\/span><\/span>\n\t<\/p>\n\t<p><label> Otro<br \/>\n<span class=\"wpcf7-form-control-wrap\" data-name=\"tipo-otro\"><input size=\"40\" class=\"wpcf7-form-control wpcf7-text wpcf7-validates-as-required\" aria-required=\"true\" aria-invalid=\"false\" value=\"\" type=\"text\" name=\"tipo-otro\" \/><\/span> <\/label>\n\t<\/p>\n\t<p><label> Nombre y apellidos*<br \/>\n<span class=\"wpcf7-form-control-wrap\" data-name=\"your-name\"><input size=\"40\" class=\"wpcf7-form-control wpcf7-text wpcf7-validates-as-required\" aria-required=\"true\" aria-invalid=\"false\" value=\"\" type=\"text\" name=\"your-name\" \/><\/span> <\/label>\n\t<\/p>\n\t<p><label> Email*<br \/>\n<span class=\"wpcf7-form-control-wrap\" data-name=\"your-email\"><input size=\"40\" class=\"wpcf7-form-control wpcf7-text wpcf7-email wpcf7-validates-as-required wpcf7-validates-as-email\" aria-required=\"true\" aria-invalid=\"false\" value=\"\" type=\"email\" name=\"your-email\" \/><\/span> <\/label><br \/>\n<label><br \/>\n<span class=\"wpcf7-form-control-wrap\" data-name=\"acceptance-231\"><span class=\"wpcf7-form-control wpcf7-acceptance\"><span class=\"wpcf7-list-item\"><input type=\"checkbox\" name=\"acceptance-231\" value=\"1\" aria-invalid=\"false\" \/><\/span><\/span><\/span> <span>He le\u00eddo y acepto la <a href=\"https:\/\/www.vitbot.com\/es\/privacidad\" target=\"_blank\">pol\u00edtica de privacidad<\/a><\/span><br \/>\n<\/label><br \/>\n<label><br \/>\n<\/label>\n\t<\/p>\n\t<ol>\n\t\t<li>\n\t\t\t<p>Responsable de los datos: Vitbot Europe, S.L.\n\t\t\t<\/p>\n\t\t<\/li>\n\t\t<li>\n\t\t\t<p>Finalidad de los datos: Comunicaci\u00f3n con el cliente.\n\t\t\t<\/p>\n\t\t<\/li>\n\t\t<li>\n\t\t\t<p>Almacenamiento de los datos: Base de datos alojada en Go Daddy Operating Company, LLC\n\t\t\t<\/p>\n\t\t<\/li>\n\t\t<li>\n\t\t\t<p>Derechos: En cualquier momento puedes <a href=\"https:\/\/www.vitbot.com\/es\/privacidad\">limitar, recuperar y borrar tu informaci\u00f3n<\/a>.\n\t\t\t<\/p>\n\t\t<\/li>\n\t<\/ol>\n\t<p><input class=\"wpcf7-form-control has-spinner wpcf7-submit\" type=\"submit\" value=\"ENVIAR\" \/>\n\t<\/p>\n<\/div><div class=\"wpcf7-response-output\" aria-hidden=\"true\"><\/div>\n<\/form>\n<\/div>\n[\/vc_column_text][\/vc_column][\/vc_row][vc_row][vc_column][vc_empty_space height=\u00bb60px\u00bb][\/vc_column][\/vc_row]\n","protected":false},"excerpt":{"rendered":"<p>[vc_row fullwidth=\u00bbtrue\u00bb css=\u00bb.vc_custom_1492599920359{padding-top: 35px !important;padding-bottom: 10px !important;background-color: #50bedc !important;}\u00bb][vc_column][vc_column_text disable_pattern=\u00bbfalse\u00bb align=\u00bbcenter\u00bb el_class=\u00bbfont-alternategn2d vitbot-color3 distribuidores-tit1&#8243;] DISTRIBUIDORES [\/vc_column_text][\/vc_column][\/vc_row][vc_row][vc_column][vc_empty_space][vc_column_text disable_pattern=\u00bbfalse\u00bb el_class=\u00bbfont-din2014-l vitbot-color1 distri-txt\u00bb]Si te interesa ser un distribuidor de las botellas Vitbot para uso personal, por favor, rellena el cuestionario de solicitud.[\/vc_column_text][vc_column_text disable_pattern=\u00bbfalse\u00bb el_class=\u00bbfont-alternategn2d vitbot-color1 distribuidores-tit2&#8243;] CUESTIONARIO DE SOLICITUD DE DISTRIBUCI\u00d3N [\/vc_column_text][vc_column_text disable_pattern=\u00bbfalse\u00bb el_class=\u00bbfont-din2014-l vitbot-color1 distri-txt\u00bb]Gracias por tu [&hellip;]<\/p>\n","protected":false},"author":1,"featured_media":0,"parent":0,"menu_order":33,"comment_status":"closed","ping_status":"closed","template":"","meta":{"_monsterinsights_skip_tracking":false,"_monsterinsights_sitenote_active":false,"_monsterinsights_sitenote_note":"","_monsterinsights_sitenote_category":0},"yoast_head":"<!-- This site is optimized with the Yoast SEO plugin v20.1 - https:\/\/yoast.com\/wordpress\/plugins\/seo\/ -->\n<title>Distribuidores de productos reutilizables y ecol\u00f3gicos | Vitbot<\/title>\n<meta name=\"description\" content=\"Si te interesa ser un distribuidor de las botellas y jarras de vidrio Vitbot para uso personal, por favor, rellena el cuestionario de solicitud.\" \/>\n<meta name=\"robots\" content=\"index, follow, max-snippet:-1, max-image-preview:large, max-video-preview:-1\" \/>\n<link rel=\"canonical\" href=\"https:\/\/www.vitbot.com\/es\/distribuidores-productos-vitbot\" \/>\n<meta property=\"og:locale\" content=\"es_ES\" \/>\n<meta property=\"og:type\" content=\"article\" \/>\n<meta property=\"og:title\" content=\"Distribuidores de productos reutilizables y ecol\u00f3gicos | Vitbot\" \/>\n<meta property=\"og:description\" content=\"Si te interesa ser un distribuidor de las botellas y jarras de vidrio Vitbot para uso personal, por favor, rellena el cuestionario de solicitud.\" \/>\n<meta property=\"og:url\" content=\"https:\/\/www.vitbot.com\/es\/distribuidores-productos-vitbot\" \/>\n<meta property=\"og:site_name\" content=\"Vitbot\" \/>\n<meta property=\"article:publisher\" content=\"https:\/\/www.facebook.com\/vitbotbottle\/\" \/>\n<meta property=\"article:modified_time\" content=\"2017-06-14T15:17:54+00:00\" \/>\n<meta name=\"twitter:card\" content=\"summary_large_image\" \/>\n<meta name=\"twitter:label1\" content=\"Tiempo de lectura\" \/>\n\t<meta name=\"twitter:data1\" content=\"1 minuto\" \/>\n<script type=\"application\/ld+json\" class=\"yoast-schema-graph\">{\"@context\":\"https:\/\/schema.org\",\"@graph\":[{\"@type\":\"WebPage\",\"@id\":\"https:\/\/www.vitbot.com\/es\/distribuidores-productos-vitbot\",\"url\":\"https:\/\/www.vitbot.com\/es\/distribuidores-productos-vitbot\",\"name\":\"Distribuidores de productos reutilizables y ecol\u00f3gicos | Vitbot\",\"isPartOf\":{\"@id\":\"https:\/\/www.vitbot.com\/es#website\"},\"datePublished\":\"2017-04-02T18:43:22+00:00\",\"dateModified\":\"2017-06-14T15:17:54+00:00\",\"description\":\"Si te interesa ser un distribuidor de las botellas y jarras de vidrio Vitbot para uso personal, por favor, rellena el cuestionario de solicitud.\",\"breadcrumb\":{\"@id\":\"https:\/\/www.vitbot.com\/es\/distribuidores-productos-vitbot#breadcrumb\"},\"inLanguage\":\"es\",\"potentialAction\":[{\"@type\":\"ReadAction\",\"target\":[\"https:\/\/www.vitbot.com\/es\/distribuidores-productos-vitbot\"]}]},{\"@type\":\"BreadcrumbList\",\"@id\":\"https:\/\/www.vitbot.com\/es\/distribuidores-productos-vitbot#breadcrumb\",\"itemListElement\":[{\"@type\":\"ListItem\",\"position\":1,\"name\":\"Home\",\"item\":\"https:\/\/www.vitbot.com\/es\"},{\"@type\":\"ListItem\",\"position\":2,\"name\":\"Distribuidores\"}]},{\"@type\":\"WebSite\",\"@id\":\"https:\/\/www.vitbot.com\/es#website\",\"url\":\"https:\/\/www.vitbot.com\/es\",\"name\":\"Vitbot\",\"description\":\"Best Reusable Water Bottles\",\"publisher\":{\"@id\":\"https:\/\/www.vitbot.com\/es#organization\"},\"potentialAction\":[{\"@type\":\"SearchAction\",\"target\":{\"@type\":\"EntryPoint\",\"urlTemplate\":\"https:\/\/www.vitbot.com\/es?s={search_term_string}\"},\"query-input\":\"required name=search_term_string\"}],\"inLanguage\":\"es\"},{\"@type\":\"Organization\",\"@id\":\"https:\/\/www.vitbot.com\/es#organization\",\"name\":\"Vitbot Europe,S.L. NIF B66180548 Tel\u00e8fon Correu info@vitbot.com Direcci\u00f3 C\/ Almeria 40 F Poblaci\u00f3 Tarrasa Codi postal 08226 Pa\u00eds Espanya\",\"url\":\"https:\/\/www.vitbot.com\/es\",\"logo\":{\"@type\":\"ImageObject\",\"inLanguage\":\"es\",\"@id\":\"https:\/\/www.vitbot.com\/es#\/schema\/logo\/image\/\",\"url\":\"https:\/\/www.vitbot.com\/wp-content\/uploads\/2017\/03\/vitbot_logo.png\",\"contentUrl\":\"https:\/\/www.vitbot.com\/wp-content\/uploads\/2017\/03\/vitbot_logo.png\",\"width\":84,\"height\":24,\"caption\":\"Vitbot Europe,S.L. NIF B66180548 Tel\u00e8fon Correu info@vitbot.com Direcci\u00f3 C\/ Almeria 40 F Poblaci\u00f3 Tarrasa Codi postal 08226 Pa\u00eds Espanya\"},\"image\":{\"@id\":\"https:\/\/www.vitbot.com\/es#\/schema\/logo\/image\/\"},\"sameAs\":[\"https:\/\/www.facebook.com\/vitbotbottle\/\",\"https:\/\/www.instagram.com\/vitbotofficial\/\"]}]}<\/script>\n<!-- \/ Yoast SEO plugin. -->","yoast_head_json":{"title":"Distribuidores de productos reutilizables y ecol\u00f3gicos | Vitbot","description":"Si te interesa ser un distribuidor de las botellas y jarras de vidrio Vitbot para uso personal, por favor, rellena el cuestionario de solicitud.","robots":{"index":"index","follow":"follow","max-snippet":"max-snippet:-1","max-image-preview":"max-image-preview:large","max-video-preview":"max-video-preview:-1"},"canonical":"https:\/\/www.vitbot.com\/es\/distribuidores-productos-vitbot","og_locale":"es_ES","og_type":"article","og_title":"Distribuidores de productos reutilizables y ecol\u00f3gicos | Vitbot","og_description":"Si te interesa ser un distribuidor de las botellas y jarras de vidrio Vitbot para uso personal, por favor, rellena el cuestionario de solicitud.","og_url":"https:\/\/www.vitbot.com\/es\/distribuidores-productos-vitbot","og_site_name":"Vitbot","article_publisher":"https:\/\/www.facebook.com\/vitbotbottle\/","article_modified_time":"2017-06-14T15:17:54+00:00","twitter_card":"summary_large_image","twitter_misc":{"Tiempo de lectura":"1 minuto"},"schema":{"@context":"https:\/\/schema.org","@graph":[{"@type":"WebPage","@id":"https:\/\/www.vitbot.com\/es\/distribuidores-productos-vitbot","url":"https:\/\/www.vitbot.com\/es\/distribuidores-productos-vitbot","name":"Distribuidores de productos reutilizables y ecol\u00f3gicos | Vitbot","isPartOf":{"@id":"https:\/\/www.vitbot.com\/es#website"},"datePublished":"2017-04-02T18:43:22+00:00","dateModified":"2017-06-14T15:17:54+00:00","description":"Si te interesa ser un distribuidor de las botellas y jarras de vidrio Vitbot para uso personal, por favor, rellena el cuestionario de solicitud.","breadcrumb":{"@id":"https:\/\/www.vitbot.com\/es\/distribuidores-productos-vitbot#breadcrumb"},"inLanguage":"es","potentialAction":[{"@type":"ReadAction","target":["https:\/\/www.vitbot.com\/es\/distribuidores-productos-vitbot"]}]},{"@type":"BreadcrumbList","@id":"https:\/\/www.vitbot.com\/es\/distribuidores-productos-vitbot#breadcrumb","itemListElement":[{"@type":"ListItem","position":1,"name":"Home","item":"https:\/\/www.vitbot.com\/es"},{"@type":"ListItem","position":2,"name":"Distribuidores"}]},{"@type":"WebSite","@id":"https:\/\/www.vitbot.com\/es#website","url":"https:\/\/www.vitbot.com\/es","name":"Vitbot","description":"Best Reusable Water Bottles","publisher":{"@id":"https:\/\/www.vitbot.com\/es#organization"},"potentialAction":[{"@type":"SearchAction","target":{"@type":"EntryPoint","urlTemplate":"https:\/\/www.vitbot.com\/es?s={search_term_string}"},"query-input":"required name=search_term_string"}],"inLanguage":"es"},{"@type":"Organization","@id":"https:\/\/www.vitbot.com\/es#organization","name":"Vitbot Europe,S.L. NIF B66180548 Tel\u00e8fon Correu info@vitbot.com Direcci\u00f3 C\/ Almeria 40 F Poblaci\u00f3 Tarrasa Codi postal 08226 Pa\u00eds Espanya","url":"https:\/\/www.vitbot.com\/es","logo":{"@type":"ImageObject","inLanguage":"es","@id":"https:\/\/www.vitbot.com\/es#\/schema\/logo\/image\/","url":"https:\/\/www.vitbot.com\/wp-content\/uploads\/2017\/03\/vitbot_logo.png","contentUrl":"https:\/\/www.vitbot.com\/wp-content\/uploads\/2017\/03\/vitbot_logo.png","width":84,"height":24,"caption":"Vitbot Europe,S.L. NIF B66180548 Tel\u00e8fon Correu info@vitbot.com Direcci\u00f3 C\/ Almeria 40 F Poblaci\u00f3 Tarrasa Codi postal 08226 Pa\u00eds Espanya"},"image":{"@id":"https:\/\/www.vitbot.com\/es#\/schema\/logo\/image\/"},"sameAs":["https:\/\/www.facebook.com\/vitbotbottle\/","https:\/\/www.instagram.com\/vitbotofficial\/"]}]}},"_links":{"self":[{"href":"https:\/\/www.vitbot.com\/es\/wp-json\/wp\/v2\/pages\/291"}],"collection":[{"href":"https:\/\/www.vitbot.com\/es\/wp-json\/wp\/v2\/pages"}],"about":[{"href":"https:\/\/www.vitbot.com\/es\/wp-json\/wp\/v2\/types\/page"}],"author":[{"embeddable":true,"href":"https:\/\/www.vitbot.com\/es\/wp-json\/wp\/v2\/users\/1"}],"replies":[{"embeddable":true,"href":"https:\/\/www.vitbot.com\/es\/wp-json\/wp\/v2\/comments?post=291"}],"version-history":[{"count":0,"href":"https:\/\/www.vitbot.com\/es\/wp-json\/wp\/v2\/pages\/291\/revisions"}],"wp:attachment":[{"href":"https:\/\/www.vitbot.com\/es\/wp-json\/wp\/v2\/media?parent=291"}],"curies":[{"name":"wp","href":"https:\/\/api.w.org\/{rel}","templated":true}]}}