{"id":1521,"date":"2017-05-15T17:22:11","date_gmt":"2017-05-15T15:22:11","guid":{"rendered":"https:\/\/www.vitbot.com\/botella-sport-kids-travel"},"modified":"2020-12-19T14:52:02","modified_gmt":"2020-12-19T12:52:02","slug":"botella-silicona-sport-kids-travel","status":"publish","type":"page","link":"https:\/\/www.vitbot.com\/es\/botella-silicona-sport-kids-travel","title":{"rendered":"Botella Triskel Sport, Kids &#038; Travel"},"content":{"rendered":"[vc_row][vc_column][vc_empty_space height=\u00bb30px\u00bb el_class=\u00bbprod-space9&#8243;][\/vc_column][\/vc_row][vc_row fullwidth=\u00bbtrue\u00bb equal_columns=\u00bbtrue\u00bb][vc_column width=\u00bb1\/2&#8243; css=\u00bb.vc_custom_1492591143501{background-color: #ffffff !important;background-position: center !important;background-repeat: no-repeat !important;background-size: cover !important;}\u00bb][vc_row_inner][vc_column_inner][vc_single_image image=\u00bb11624&#8243; img_size=\u00bbfull\u00bb alignment=\u00bbcenter\u00bb][vc_single_image image=\u00bb17719&#8243; img_size=\u00bbfull\u00bb][vc_single_image image=\u00bb17727&#8243; img_size=\u00bbfull\u00bb][\/vc_column_inner][\/vc_row_inner][\/vc_column][vc_column width=\u00bb1\/2&#8243; css=\u00bb.vc_custom_1492591132776{background-color: #ffffff !important;background-position: center !important;background-repeat: no-repeat !important;background-size: cover !important;}\u00bb][vc_row_inner][vc_column_inner][vc_column_text disable_pattern=\u00bbfalse\u00bb el_class=\u00bbfont-alternategn2d vitbot-color1 prod-tit1&#8243; css=\u00bb.vc_custom_1608382303968{margin-bottom: 0px !important;}\u00bb]\n<h2>Botella Triskel\u00a0Sport, Kids &amp; Travel<\/h2>\n<h3>Botella resusable de silicona de grado m\u00e9dico par agua u otros l\u00edquidos<\/h3>\n[\/vc_column_text][vc_column_text disable_pattern=\u00bbfalse\u00bb el_class=\u00bbprod-price\u00bb]0&euro;[\/vc_column_text][vc_empty_space height=\u00bb50px\u00bb el_class=\u00bbprod-space1&#8243;][vc_column_text disable_pattern=\u00bbfalse\u00bb el_class=\u00bbfont-din2014-l vitbot-color1 prod-desc\u00bb css=\u00bb.vc_custom_1608362683536{margin-bottom: 0px !important;}\u00bb]Busc\u00e1bamos una botella multiusos, por eso fabricamos nuestra botella <strong>Vitbot Triskel, Sport, Kids &amp; Travel, <\/strong>que tiene muchas cualidades\u00a0y te vamos a contar cu\u00e1les son:<\/p>\n<p>La Vitbot Triskel, Sport, Kids &amp; Travel, fabricada en China, tiene la certificaci\u00f3n de\u00a0<strong>fabricaci\u00f3n responsable<\/strong>*.<\/p>\n<p>El cuerpo de la botella es de <strong>silicona l\u00edquida de grado m\u00e9dico<\/strong>, la silicona de mayor calidad que existe en estos momentos en el mercado,\u00a0y el tap\u00f3n es de polipropileno libre de BPA.<\/p>\n<p>La geometr\u00eda del \u00abTriskel\u00bb, grabada en la botella, nos recuerda que <strong>la energ\u00eda necesita el movimiento en v\u00f3rtice para crear y recrear la vida<\/strong> uno de los principios fundamentales que rigen el universo junto con la forma ovoide y la proporci\u00f3n.<\/p>\n<p><strong>La <\/strong><strong>Vitbot Sport, Triskel, Kids &amp; Travel es<\/strong><strong>:<\/strong><\/p>\n<p style=\"text-align: center;\"><strong>Biomim\u00e9tica:<\/strong> Copiada de la naturaleza. Forma ovoide en proporci\u00f3n phi.<\/p>\n<p style=\"text-align: center;\"><strong>Activa:<\/strong> Aporta beneficios medibles.<\/p>\n<p style=\"text-align: center;\"><strong>Sostenible:<\/strong> Fabricada con criterios de econom\u00eda circular.<\/p>\n<p style=\"text-align: center;\"><strong>Reciclable<\/strong><\/p>\n<p style=\"text-align: center;\"><strong>Ligera:<\/strong> aprox. 100 g.<\/p>\n<p style=\"text-align: center;\"><strong>Reusable:<\/strong> 500 ml.<\/p>\n<p style=\"text-align: center;\"><strong>Vers\u00e1til:<\/strong> Puede contener bebidas fr\u00edas (-10\u00ba C) y calientes (100\u00baC), y las mantiene\u00a0(2 h. aprox. en el caso de las fr\u00edas, y 1 h. aprox. las calientes).<\/p>\n<p style=\"text-align: center;\"><strong>Confiable: <\/strong>No hay migraci\u00f3n. La silicona de grado m\u00e9dico es un material inerte que\u00a0impide el desarrollo bacteriano.<\/p>\n<p>* Disponemos de todos los certificados que avalan el origen de los materiales que utilizamos.<\/p>\n<p>* La botella puede lavarse en el lavavajillas. El tap\u00f3n debe lavarse a mano. Antes de usar la botella por primera vez recomendamos sumergirla (no el tap\u00f3n) durante 10 minutos en una olla con agua en ebullici\u00f3n y un par de cucharadas de bicarbonato. Si alguna vez se llena la botella con alg\u00fan \u00a0\u00a0zumo, te o bebida de sabor fuerte, se puede repetir el mismo proceso para limpiarla y evitar olores o sabores.[\/vc_column_text][vc_empty_space height=\u00bb50px\u00bb el_class=\u00bbprod-space2&#8243;][vc_column_text disable_pattern=\u00bbfalse\u00bb el_class=\u00bbprod-add\u00bb]<p class=\"product woocommerce add_to_cart_inline \" style=\"border:4px solid #ccc; padding: 12px;\"><a rel=\"nofollow\" href=\"https:\/\/www.vitbot.com\/es\/producto\/sport-kids-travel\" data-quantity=\"1\" data-product_id=\"448\" data-product_sku=\"00851746007026\" class=\"product_loop_button product_type_simple  ajax_add_to_cart\" data-product_id=\"448\" data-product_sku=\"00851746007026\" aria-label=\"Lee m\u00e1s sobre &ldquo;Botella Triskel Sport, Kids &amp; Travel&rdquo;\" rel=\"nofollow\"><svg  class=\"mk-svg-icon\" data-name=\"mk-moon-search-3\" data-cacheid=\"icon-69f360ffb4ab8\" style=\" height:16px; width: 16px; \"  xmlns=\"http:\/\/www.w3.org\/2000\/svg\" viewBox=\"0 0 512 512\"><path d=\"M496.131 435.698l-121.276-103.147c-12.537-11.283-25.945-16.463-36.776-15.963 28.628-33.534 45.921-77.039 45.921-124.588 0-106.039-85.961-192-192-192-106.038 0-192 85.961-192 192s85.961 192 192 192c47.549 0 91.054-17.293 124.588-45.922-.5 10.831 4.68 24.239 15.963 36.776l103.147 121.276c17.661 19.623 46.511 21.277 64.11 3.678s15.946-46.449-3.677-64.11zm-304.131-115.698c-70.692 0-128-57.308-128-128s57.308-128 128-128 128 57.308 128 128-57.307 128-128 128z\"\/><\/svg><span class=\"product_loop_button_text\">Leer m\u00e1s<\/a><\/p>[\/vc_column_text][\/vc_column_inner][\/vc_row_inner][\/vc_column][\/vc_row][vc_row][vc_column][vc_empty_space height=\u00bb50px\u00bb el_class=\u00bbprod-space2&#8243;][\/vc_column][\/vc_row][vc_row fullwidth=\u00bbtrue\u00bb][vc_column][vc_row_inner][vc_column_inner][vc_column_text disable_pattern=\u00bbfalse\u00bb css=\u00bb.vc_custom_1608361936019{margin-bottom: 0px !important;}\u00bb]Al ser un material irrompible, es ideal para deportistas y ni\u00f1os. La botella se ha dise\u00f1ado para poderse plegar cuando no se usa, por lo que es ideal en viajes o excursiones. Con las mismas propiedades que los dem\u00e1s productos Vitbot, gracias al v\u00f3rtice que se genera en el interior de la botella, se obtiene una disoluci\u00f3n uniforme de los electrolitos, minerales, vitaminas, etc. que hay en las bebidas. Gracias a esta disoluci\u00f3n uniforme, el cuerpo humano asimila las propiedades del agua, jugos, fermentados, etc. de manera m\u00e1s eficiente.[\/vc_column_text][\/vc_column_inner][\/vc_row_inner][\/vc_column][\/vc_row][vc_row fullwidth=\u00bbtrue\u00bb equal_columns=\u00bbtrue\u00bb attached=\u00bbtrue\u00bb css=\u00bb.vc_custom_1513244391986{margin-top: 0px !important;margin-bottom: 0px !important;}\u00bb][vc_column width=\u00bb1\/2&#8243;][vc_single_image image=\u00bb2313&#8243; img_size=\u00bbfull\u00bb css=\u00bb.vc_custom_1513244333665{margin-top: 0px !important;margin-bottom: 0px !important;}\u00bb][\/vc_column][vc_column width=\u00bb1\/2&#8243;][vc_single_image image=\u00bb2303&#8243; img_size=\u00bbfull\u00bb css=\u00bb.vc_custom_1513244375670{margin-top: 0px !important;margin-bottom: 0px !important;}\u00bb][\/vc_column][\/vc_row][vc_row fullwidth=\u00bbtrue\u00bb equal_columns=\u00bbtrue\u00bb attached=\u00bbtrue\u00bb css=\u00bb.vc_custom_1513244391986{margin-top: 0px !important;margin-bottom: 0px !important;}\u00bb][vc_column width=\u00bb1\/2&#8243;][vc_single_image image=\u00bb2318&#8243; img_size=\u00bbfull\u00bb css=\u00bb.vc_custom_1513244500576{margin-top: 0px !important;margin-bottom: 0px !important;}\u00bb][\/vc_column][vc_column width=\u00bb1\/2&#8243;][vc_single_image image=\u00bb2308&#8243; img_size=\u00bbfull\u00bb css=\u00bb.vc_custom_1513244528744{margin-top: 0px !important;margin-bottom: 0px !important;}\u00bb][\/vc_column][\/vc_row][vc_row][vc_column][vc_empty_space height=\u00bb60px\u00bb el_class=\u00bbprod-space9&#8243;][vc_column_text disable_pattern=\u00bbfalse\u00bb css=\u00bb.vc_custom_1599637719223{margin-bottom: 0px !important;}\u00bb][\/vc_column_text][\/vc_column][\/vc_row][vc_row][vc_column][vc_empty_space height=\u00bb60px\u00bb el_class=\u00bbprod-space9&#8243;][\/vc_column][\/vc_row]\n","protected":false},"excerpt":{"rendered":"<p>[vc_row][vc_column][vc_empty_space height=\u00bb30px\u00bb el_class=\u00bbprod-space9&#8243;][\/vc_column][\/vc_row][vc_row fullwidth=\u00bbtrue\u00bb equal_columns=\u00bbtrue\u00bb][vc_column width=\u00bb1\/2&#8243; css=\u00bb.vc_custom_1492591143501{background-color: #ffffff !important;background-position: center !important;background-repeat: no-repeat !important;background-size: cover !important;}\u00bb][vc_row_inner][vc_column_inner][vc_single_image image=\u00bb11624&#8243; img_size=\u00bbfull\u00bb alignment=\u00bbcenter\u00bb][vc_single_image image=\u00bb17719&#8243; img_size=\u00bbfull\u00bb][vc_single_image image=\u00bb17727&#8243; img_size=\u00bbfull\u00bb][\/vc_column_inner][\/vc_row_inner][\/vc_column][vc_column width=\u00bb1\/2&#8243; css=\u00bb.vc_custom_1492591132776{background-color: #ffffff !important;background-position: center !important;background-repeat: no-repeat !important;background-size: cover !important;}\u00bb][vc_row_inner][vc_column_inner][vc_column_text disable_pattern=\u00bbfalse\u00bb el_class=\u00bbfont-alternategn2d vitbot-color1 prod-tit1&#8243; css=\u00bb.vc_custom_1608382303968{margin-bottom: 0px !important;}\u00bb] Botella Triskel\u00a0Sport, Kids &amp; Travel Botella resusable de silicona de grado m\u00e9dico par agua u otros [&hellip;]<\/p>\n","protected":false},"author":1,"featured_media":0,"parent":0,"menu_order":3,"comment_status":"closed","ping_status":"closed","template":"","meta":{"_monsterinsights_skip_tracking":false,"_monsterinsights_sitenote_active":false,"_monsterinsights_sitenote_note":"","_monsterinsights_sitenote_category":0},"yoast_head":"<!-- This site is optimized with the Yoast SEO plugin v20.1 - https:\/\/yoast.com\/wordpress\/plugins\/seo\/ -->\n<title>Botella Triskel Sport, Kids &amp; Travel - Vitbot<\/title>\n<meta name=\"robots\" content=\"index, follow, max-snippet:-1, max-image-preview:large, max-video-preview:-1\" \/>\n<link rel=\"canonical\" href=\"https:\/\/www.vitbot.com\/es\/botella-silicona-sport-kids-travel\" \/>\n<meta property=\"og:locale\" content=\"es_ES\" \/>\n<meta property=\"og:type\" content=\"article\" \/>\n<meta property=\"og:title\" content=\"Botella Triskel Sport, Kids &amp; Travel - Vitbot\" \/>\n<meta property=\"og:description\" content=\"[vc_row][vc_column][vc_empty_space height=\u00bb30px\u00bb el_class=\u00bbprod-space9&#8243;][\/vc_column][\/vc_row][vc_row fullwidth=\u00bbtrue\u00bb equal_columns=\u00bbtrue\u00bb][vc_column width=\u00bb1\/2&#8243; css=\u00bb.vc_custom_1492591143501{background-color: #ffffff !important;background-position: center !important;background-repeat: no-repeat !important;background-size: cover !important;}\u00bb][vc_row_inner][vc_column_inner][vc_single_image image=\u00bb11624&#8243; img_size=\u00bbfull\u00bb alignment=\u00bbcenter\u00bb][vc_single_image image=\u00bb17719&#8243; img_size=\u00bbfull\u00bb][vc_single_image image=\u00bb17727&#8243; img_size=\u00bbfull\u00bb][\/vc_column_inner][\/vc_row_inner][\/vc_column][vc_column width=\u00bb1\/2&#8243; css=\u00bb.vc_custom_1492591132776{background-color: #ffffff !important;background-position: center !important;background-repeat: no-repeat !important;background-size: cover !important;}\u00bb][vc_row_inner][vc_column_inner][vc_column_text disable_pattern=\u00bbfalse\u00bb el_class=\u00bbfont-alternategn2d vitbot-color1 prod-tit1&#8243; css=\u00bb.vc_custom_1608382303968{margin-bottom: 0px !important;}\u00bb] Botella Triskel\u00a0Sport, Kids &amp; Travel Botella resusable de silicona de grado m\u00e9dico par agua u otros [&hellip;]\" \/>\n<meta property=\"og:url\" content=\"https:\/\/www.vitbot.com\/es\/botella-silicona-sport-kids-travel\" \/>\n<meta property=\"og:site_name\" content=\"Vitbot\" \/>\n<meta property=\"article:publisher\" content=\"https:\/\/www.facebook.com\/vitbotbottle\/\" \/>\n<meta property=\"article:modified_time\" content=\"2020-12-19T12:52:02+00:00\" \/>\n<meta name=\"twitter:card\" content=\"summary_large_image\" \/>\n<meta name=\"twitter:label1\" content=\"Tiempo de lectura\" \/>\n\t<meta name=\"twitter:data1\" content=\"4 minutos\" \/>\n<script type=\"application\/ld+json\" class=\"yoast-schema-graph\">{\"@context\":\"https:\/\/schema.org\",\"@graph\":[{\"@type\":\"WebPage\",\"@id\":\"https:\/\/www.vitbot.com\/es\/botella-silicona-sport-kids-travel\",\"url\":\"https:\/\/www.vitbot.com\/es\/botella-silicona-sport-kids-travel\",\"name\":\"Botella Triskel Sport, Kids & Travel - Vitbot\",\"isPartOf\":{\"@id\":\"https:\/\/www.vitbot.com\/es#website\"},\"datePublished\":\"2017-05-15T15:22:11+00:00\",\"dateModified\":\"2020-12-19T12:52:02+00:00\",\"breadcrumb\":{\"@id\":\"https:\/\/www.vitbot.com\/es\/botella-silicona-sport-kids-travel#breadcrumb\"},\"inLanguage\":\"es\",\"potentialAction\":[{\"@type\":\"ReadAction\",\"target\":[\"https:\/\/www.vitbot.com\/es\/botella-silicona-sport-kids-travel\"]}]},{\"@type\":\"BreadcrumbList\",\"@id\":\"https:\/\/www.vitbot.com\/es\/botella-silicona-sport-kids-travel#breadcrumb\",\"itemListElement\":[{\"@type\":\"ListItem\",\"position\":1,\"name\":\"Home\",\"item\":\"https:\/\/www.vitbot.com\/es\"},{\"@type\":\"ListItem\",\"position\":2,\"name\":\"Botella Triskel Sport, Kids &#038; Travel\"}]},{\"@type\":\"WebSite\",\"@id\":\"https:\/\/www.vitbot.com\/es#website\",\"url\":\"https:\/\/www.vitbot.com\/es\",\"name\":\"Vitbot\",\"description\":\"Best Reusable Water Bottles\",\"publisher\":{\"@id\":\"https:\/\/www.vitbot.com\/es#organization\"},\"potentialAction\":[{\"@type\":\"SearchAction\",\"target\":{\"@type\":\"EntryPoint\",\"urlTemplate\":\"https:\/\/www.vitbot.com\/es?s={search_term_string}\"},\"query-input\":\"required name=search_term_string\"}],\"inLanguage\":\"es\"},{\"@type\":\"Organization\",\"@id\":\"https:\/\/www.vitbot.com\/es#organization\",\"name\":\"Vitbot Europe,S.L. NIF B66180548 Tel\u00e8fon Correu info@vitbot.com Direcci\u00f3 C\/ Almeria 40 F Poblaci\u00f3 Tarrasa Codi postal 08226 Pa\u00eds Espanya\",\"url\":\"https:\/\/www.vitbot.com\/es\",\"logo\":{\"@type\":\"ImageObject\",\"inLanguage\":\"es\",\"@id\":\"https:\/\/www.vitbot.com\/es#\/schema\/logo\/image\/\",\"url\":\"https:\/\/www.vitbot.com\/wp-content\/uploads\/2017\/03\/vitbot_logo.png\",\"contentUrl\":\"https:\/\/www.vitbot.com\/wp-content\/uploads\/2017\/03\/vitbot_logo.png\",\"width\":84,\"height\":24,\"caption\":\"Vitbot Europe,S.L. NIF B66180548 Tel\u00e8fon Correu info@vitbot.com Direcci\u00f3 C\/ Almeria 40 F Poblaci\u00f3 Tarrasa Codi postal 08226 Pa\u00eds Espanya\"},\"image\":{\"@id\":\"https:\/\/www.vitbot.com\/es#\/schema\/logo\/image\/\"},\"sameAs\":[\"https:\/\/www.facebook.com\/vitbotbottle\/\",\"https:\/\/www.instagram.com\/vitbotofficial\/\"]}]}<\/script>\n<!-- \/ Yoast SEO plugin. -->","yoast_head_json":{"title":"Botella Triskel Sport, Kids & Travel - Vitbot","robots":{"index":"index","follow":"follow","max-snippet":"max-snippet:-1","max-image-preview":"max-image-preview:large","max-video-preview":"max-video-preview:-1"},"canonical":"https:\/\/www.vitbot.com\/es\/botella-silicona-sport-kids-travel","og_locale":"es_ES","og_type":"article","og_title":"Botella Triskel Sport, Kids & Travel - Vitbot","og_description":"[vc_row][vc_column][vc_empty_space height=\u00bb30px\u00bb el_class=\u00bbprod-space9&#8243;][\/vc_column][\/vc_row][vc_row fullwidth=\u00bbtrue\u00bb equal_columns=\u00bbtrue\u00bb][vc_column width=\u00bb1\/2&#8243; css=\u00bb.vc_custom_1492591143501{background-color: #ffffff !important;background-position: center !important;background-repeat: no-repeat !important;background-size: cover !important;}\u00bb][vc_row_inner][vc_column_inner][vc_single_image image=\u00bb11624&#8243; img_size=\u00bbfull\u00bb alignment=\u00bbcenter\u00bb][vc_single_image image=\u00bb17719&#8243; img_size=\u00bbfull\u00bb][vc_single_image image=\u00bb17727&#8243; img_size=\u00bbfull\u00bb][\/vc_column_inner][\/vc_row_inner][\/vc_column][vc_column width=\u00bb1\/2&#8243; css=\u00bb.vc_custom_1492591132776{background-color: #ffffff !important;background-position: center !important;background-repeat: no-repeat !important;background-size: cover !important;}\u00bb][vc_row_inner][vc_column_inner][vc_column_text disable_pattern=\u00bbfalse\u00bb el_class=\u00bbfont-alternategn2d vitbot-color1 prod-tit1&#8243; css=\u00bb.vc_custom_1608382303968{margin-bottom: 0px !important;}\u00bb] Botella Triskel\u00a0Sport, Kids &amp; Travel Botella resusable de silicona de grado m\u00e9dico par agua u otros [&hellip;]","og_url":"https:\/\/www.vitbot.com\/es\/botella-silicona-sport-kids-travel","og_site_name":"Vitbot","article_publisher":"https:\/\/www.facebook.com\/vitbotbottle\/","article_modified_time":"2020-12-19T12:52:02+00:00","twitter_card":"summary_large_image","twitter_misc":{"Tiempo de lectura":"4 minutos"},"schema":{"@context":"https:\/\/schema.org","@graph":[{"@type":"WebPage","@id":"https:\/\/www.vitbot.com\/es\/botella-silicona-sport-kids-travel","url":"https:\/\/www.vitbot.com\/es\/botella-silicona-sport-kids-travel","name":"Botella Triskel Sport, Kids & Travel - Vitbot","isPartOf":{"@id":"https:\/\/www.vitbot.com\/es#website"},"datePublished":"2017-05-15T15:22:11+00:00","dateModified":"2020-12-19T12:52:02+00:00","breadcrumb":{"@id":"https:\/\/www.vitbot.com\/es\/botella-silicona-sport-kids-travel#breadcrumb"},"inLanguage":"es","potentialAction":[{"@type":"ReadAction","target":["https:\/\/www.vitbot.com\/es\/botella-silicona-sport-kids-travel"]}]},{"@type":"BreadcrumbList","@id":"https:\/\/www.vitbot.com\/es\/botella-silicona-sport-kids-travel#breadcrumb","itemListElement":[{"@type":"ListItem","position":1,"name":"Home","item":"https:\/\/www.vitbot.com\/es"},{"@type":"ListItem","position":2,"name":"Botella Triskel Sport, Kids &#038; Travel"}]},{"@type":"WebSite","@id":"https:\/\/www.vitbot.com\/es#website","url":"https:\/\/www.vitbot.com\/es","name":"Vitbot","description":"Best Reusable Water Bottles","publisher":{"@id":"https:\/\/www.vitbot.com\/es#organization"},"potentialAction":[{"@type":"SearchAction","target":{"@type":"EntryPoint","urlTemplate":"https:\/\/www.vitbot.com\/es?s={search_term_string}"},"query-input":"required name=search_term_string"}],"inLanguage":"es"},{"@type":"Organization","@id":"https:\/\/www.vitbot.com\/es#organization","name":"Vitbot Europe,S.L. NIF B66180548 Tel\u00e8fon Correu info@vitbot.com Direcci\u00f3 C\/ Almeria 40 F Poblaci\u00f3 Tarrasa Codi postal 08226 Pa\u00eds Espanya","url":"https:\/\/www.vitbot.com\/es","logo":{"@type":"ImageObject","inLanguage":"es","@id":"https:\/\/www.vitbot.com\/es#\/schema\/logo\/image\/","url":"https:\/\/www.vitbot.com\/wp-content\/uploads\/2017\/03\/vitbot_logo.png","contentUrl":"https:\/\/www.vitbot.com\/wp-content\/uploads\/2017\/03\/vitbot_logo.png","width":84,"height":24,"caption":"Vitbot Europe,S.L. NIF B66180548 Tel\u00e8fon Correu info@vitbot.com Direcci\u00f3 C\/ Almeria 40 F Poblaci\u00f3 Tarrasa Codi postal 08226 Pa\u00eds Espanya"},"image":{"@id":"https:\/\/www.vitbot.com\/es#\/schema\/logo\/image\/"},"sameAs":["https:\/\/www.facebook.com\/vitbotbottle\/","https:\/\/www.instagram.com\/vitbotofficial\/"]}]}},"_links":{"self":[{"href":"https:\/\/www.vitbot.com\/es\/wp-json\/wp\/v2\/pages\/1521"}],"collection":[{"href":"https:\/\/www.vitbot.com\/es\/wp-json\/wp\/v2\/pages"}],"about":[{"href":"https:\/\/www.vitbot.com\/es\/wp-json\/wp\/v2\/types\/page"}],"author":[{"embeddable":true,"href":"https:\/\/www.vitbot.com\/es\/wp-json\/wp\/v2\/users\/1"}],"replies":[{"embeddable":true,"href":"https:\/\/www.vitbot.com\/es\/wp-json\/wp\/v2\/comments?post=1521"}],"version-history":[{"count":10,"href":"https:\/\/www.vitbot.com\/es\/wp-json\/wp\/v2\/pages\/1521\/revisions"}],"predecessor-version":[{"id":17718,"href":"https:\/\/www.vitbot.com\/es\/wp-json\/wp\/v2\/pages\/1521\/revisions\/17718"}],"wp:attachment":[{"href":"https:\/\/www.vitbot.com\/es\/wp-json\/wp\/v2\/media?parent=1521"}],"curies":[{"name":"wp","href":"https:\/\/api.w.org\/{rel}","templated":true}]}}