{"id":13814,"date":"2020-09-11T10:12:40","date_gmt":"2020-09-11T08:12:40","guid":{"rendered":"https:\/\/www.vitbot.com\/?page_id=13814"},"modified":"2023-02-06T09:23:09","modified_gmt":"2023-02-06T07:23:09","slug":"botella-egg-of-life-serigrafiada","status":"publish","type":"page","link":"https:\/\/www.vitbot.com\/es\/botella-egg-of-life-serigrafiada","title":{"rendered":"Botella Egg of Life (Serigrafiada)"},"content":{"rendered":"[vc_row][vc_column][vc_empty_space height=\u00bb30px\u00bb el_class=\u00bbprod-space9&#8243;][\/vc_column][\/vc_row][vc_row fullwidth=\u00bbtrue\u00bb equal_columns=\u00bbtrue\u00bb][vc_column width=\u00bb1\/2&#8243; css=\u00bb.vc_custom_1492591143501{background-color: #ffffff !important;background-position: center !important;background-repeat: no-repeat !important;background-size: cover !important;}\u00bb][vc_row_inner][vc_column_inner][vc_single_image image=\u00bb13828&#8243; img_size=\u00bbfull\u00bb alignment=\u00bbcenter\u00bb][vc_single_image image=\u00bb17678&#8243; img_size=\u00bbfull\u00bb][\/vc_column_inner][\/vc_row_inner][\/vc_column][vc_column width=\u00bb1\/2&#8243; css=\u00bb.vc_custom_1492591132776{background-color: #ffffff !important;background-position: center !important;background-repeat: no-repeat !important;background-size: cover !important;}\u00bb][vc_row_inner][vc_column_inner][vc_column_text disable_pattern=\u00bbfalse\u00bb el_class=\u00bbfont-alternategn2d vitbot-color1 prod-tit1&#8243; css=\u00bb.vc_custom_1599812732176{margin-bottom: 0px !important;}\u00bb]\n<h2>Botella de vidrio<br \/>\nEgg of Life Serigrafiada<\/h2>\n<h3>BOTELLA DE VIDRIO REUTILIZABLE LIBRE DE PLOMO PARA AGUA U OTROS L\u00cdQUIDOS<\/h3>\n[\/vc_column_text][vc_column_text disable_pattern=\u00bbfalse\u00bb el_class=\u00bbprod-price\u00bb css=\u00bb.vc_custom_1599812676106{margin-bottom: 0px !important;}\u00bb]0&euro;[\/vc_column_text][vc_empty_space height=\u00bb50px\u00bb el_class=\u00bbprod-space1&#8243;][vc_column_text disable_pattern=\u00bbfalse\u00bb el_class=\u00bbfont-din2014-l vitbot-color1 prod-desc\u00bb css=\u00bb.vc_custom_1675668174179{margin-bottom: 0px !important;}\u00bb]Quisimos que una de nuestras botellas se convirtiera en tu vaso, de esta manera naci\u00f3<\/p>\n<p>la <strong>Vitbot<\/strong> <strong>Egg of Life<\/strong> <strong>de Vidrio <\/strong>serigrafiada.<\/p>\n<p>La <strong>Vitbot Egg of Life de Vidrio serigrafiada <\/strong>es una botella muy especial,\u00a0y te contamos por qu\u00e9:<\/p>\n<p>La Vitbot Egg of Life de vidrio serigrafiada est\u00e1 fabricada en <strong>Italia<\/strong> en <strong>vidrio azul cobalto<\/strong> de calidad alimentaria*.<\/p>\n<p>El color azul cobalto se adquiere en el horno a m\u00e1s de 2000\u00ba de temperatura.<\/p>\n<p>El <strong>tap\u00f3n<\/strong>, fabricado en Barcelona, es de <strong>madera de fresno de extracci\u00f3n certificada<\/strong>*, barniz natural y rosca de pl\u00e1stico.<\/p>\n<p>Se presenta en bolsa de yute natural.<\/p>\n<p>La geometr\u00eda del \u00abHuevo de la Vida\u00bb, serigrafiada en la botella y grabada en la bolsa de yute, nos recuerda que <strong>la energ\u00eda que origina la vida<\/strong> se mantiene gracias a tres principios fundamentales: el movimiento en v\u00f3rtice, la forma ovoide y la proporci\u00f3n.<\/p>\n<p><strong>La Egg of Life de Vidrio serigrafiada es:<\/strong><\/p>\n<p style=\"text-align: center;\"><strong>Biomim\u00e9tica:<\/strong> Copiada de la naturaleza. Forma ovoide en proporci\u00f3n phi.<\/p>\n<p style=\"text-align: center;\"><strong>Activa:<\/strong> Aporta beneficios medibles.<\/p>\n<p style=\"text-align: center;\"><strong>Sostenible:<\/strong> Fabricada con criterios de econom\u00eda circular.<\/p>\n<p style=\"text-align: center;\"><strong>Peso:<\/strong> 450 g.<\/p>\n<p style=\"text-align: center;\"><strong>Reusable:<\/strong> 555 ml.<\/p>\n<p style=\"text-align: center;\"><strong>Confiable: <\/strong>El color azul cobalto protege el agua de los rayos UV del Sol.<\/p>\n<p>* Disponemos de todos los certificados que avalan el origen de los materiales que utilizamos.<\/p>\n<p>* La botella se puede lavar en el lavavajillas. El tap\u00f3n debe lavarse a mano con un pa\u00f1o.<\/p>\n<p>Para comprar esta botella visitar www.ecovidasolar.es[\/vc_column_text][vc_empty_space height=\u00bb50px\u00bb el_class=\u00bbprod-space2&#8243;][vc_column_text disable_pattern=\u00bbfalse\u00bb el_class=\u00bbprod-add\u00bb css=\u00bb.vc_custom_1599812685606{margin-bottom: 0px !important;}\u00bb]<p class=\"product woocommerce add_to_cart_inline \" style=\"border:4px solid #ccc; padding: 12px;\"><a rel=\"nofollow\" href=\"https:\/\/www.vitbot.com\/es\/producto\/egg-of-life-serigrafiada\" data-quantity=\"1\" data-product_id=\"13784\" data-product_sku=\"\" class=\"product_loop_button product_type_simple  ajax_add_to_cart\" data-product_id=\"13784\" data-product_sku=\"\" aria-label=\"Lee m\u00e1s sobre &ldquo;Botella Egg of Life (Serigrafiada)&rdquo;\" rel=\"nofollow\"><svg  class=\"mk-svg-icon\" data-name=\"mk-moon-search-3\" data-cacheid=\"icon-69d66676da5c4\" style=\" height:16px; width: 16px; \"  xmlns=\"http:\/\/www.w3.org\/2000\/svg\" viewBox=\"0 0 512 512\"><path d=\"M496.131 435.698l-121.276-103.147c-12.537-11.283-25.945-16.463-36.776-15.963 28.628-33.534 45.921-77.039 45.921-124.588 0-106.039-85.961-192-192-192-106.038 0-192 85.961-192 192s85.961 192 192 192c47.549 0 91.054-17.293 124.588-45.922-.5 10.831 4.68 24.239 15.963 36.776l103.147 121.276c17.661 19.623 46.511 21.277 64.11 3.678s15.946-46.449-3.677-64.11zm-304.131-115.698c-70.692 0-128-57.308-128-128s57.308-128 128-128 128 57.308 128 128-57.307 128-128 128z\"\/><\/svg><span class=\"product_loop_button_text\">Leer m\u00e1s<\/a><\/p>[\/vc_column_text][\/vc_column_inner][\/vc_row_inner][\/vc_column][\/vc_row][vc_row][vc_column][vc_empty_space height=\u00bb50px\u00bb el_class=\u00bbprod-space2&#8243;][\/vc_column][\/vc_row][vc_row fullwidth=\u00bbtrue\u00bb][vc_column][vc_row_inner][vc_column_inner][vc_column_text css=\u00bb.vc_custom_1608353310967{margin-bottom: 0px !important;}\u00bb]Gracias al v\u00f3rtice que se genera en el interior de las botellas Vitbot, se obtiene una disoluci\u00f3n uniforme de los electrolitos, minerales, vitaminas, etc. que hay en las bebidas. Gracias a esta disoluci\u00f3n uniforme, el cuerpo humano asimila las propiedades del agua, jugos, fermentados, etc. de manera m\u00e1s eficiente. El azul cobalto es un color ideal para solarizar el agua dentro de la botella, para aquellas personas que as\u00ed lo deseen.[\/vc_column_text][\/vc_column_inner][\/vc_row_inner][\/vc_column][\/vc_row][vc_row][vc_column][vc_empty_space height=\u00bb50px\u00bb el_class=\u00bbprod-space2&#8243;][\/vc_column][\/vc_row]\n","protected":false},"excerpt":{"rendered":"<p>[vc_row][vc_column][vc_empty_space height=\u00bb30px\u00bb el_class=\u00bbprod-space9&#8243;][\/vc_column][\/vc_row][vc_row fullwidth=\u00bbtrue\u00bb equal_columns=\u00bbtrue\u00bb][vc_column width=\u00bb1\/2&#8243; css=\u00bb.vc_custom_1492591143501{background-color: #ffffff !important;background-position: center !important;background-repeat: no-repeat !important;background-size: cover !important;}\u00bb][vc_row_inner][vc_column_inner][vc_single_image image=\u00bb13828&#8243; img_size=\u00bbfull\u00bb alignment=\u00bbcenter\u00bb][vc_single_image image=\u00bb17678&#8243; img_size=\u00bbfull\u00bb][\/vc_column_inner][\/vc_row_inner][\/vc_column][vc_column width=\u00bb1\/2&#8243; css=\u00bb.vc_custom_1492591132776{background-color: #ffffff !important;background-position: center !important;background-repeat: no-repeat !important;background-size: cover !important;}\u00bb][vc_row_inner][vc_column_inner][vc_column_text disable_pattern=\u00bbfalse\u00bb el_class=\u00bbfont-alternategn2d vitbot-color1 prod-tit1&#8243; css=\u00bb.vc_custom_1599812732176{margin-bottom: 0px !important;}\u00bb] Botella de vidrio Egg of Life Serigrafiada BOTELLA DE VIDRIO REUTILIZABLE LIBRE DE PLOMO PARA AGUA U OTROS [&hellip;]<\/p>\n","protected":false},"author":1,"featured_media":0,"parent":0,"menu_order":3,"comment_status":"closed","ping_status":"closed","template":"","meta":{"_monsterinsights_skip_tracking":false,"_monsterinsights_sitenote_active":false,"_monsterinsights_sitenote_note":"","_monsterinsights_sitenote_category":0},"yoast_head":"<!-- This site is optimized with the Yoast SEO plugin v20.1 - https:\/\/yoast.com\/wordpress\/plugins\/seo\/ -->\n<title>Botella de vidrio Egg of Life: vitaliza los l\u00edquidos | Vitbot<\/title>\n<meta name=\"description\" content=\"Botella de vidrio reutilizable para agua u otros l\u00edquidos ideal para la oficina o el hogar. Fabricada en EU. Capacidad 500ml.\" \/>\n<meta name=\"robots\" content=\"index, follow, max-snippet:-1, max-image-preview:large, max-video-preview:-1\" \/>\n<link rel=\"canonical\" href=\"https:\/\/www.vitbot.com\/es\/botella-egg-of-life-serigrafiada\" \/>\n<meta property=\"og:locale\" content=\"es_ES\" \/>\n<meta property=\"og:type\" content=\"article\" \/>\n<meta property=\"og:title\" content=\"Botella de vidrio Egg of Life: vitaliza los l\u00edquidos | Vitbot\" \/>\n<meta property=\"og:description\" content=\"Botella de vidrio reutilizable para agua u otros l\u00edquidos ideal para la oficina o el hogar. Fabricada en EU. Capacidad 500ml.\" \/>\n<meta property=\"og:url\" content=\"https:\/\/www.vitbot.com\/es\/botella-egg-of-life-serigrafiada\" \/>\n<meta property=\"og:site_name\" content=\"Vitbot\" \/>\n<meta property=\"article:publisher\" content=\"https:\/\/www.facebook.com\/vitbotbottle\/\" \/>\n<meta property=\"article:modified_time\" content=\"2023-02-06T07:23:09+00:00\" \/>\n<meta name=\"twitter:card\" content=\"summary_large_image\" \/>\n<meta name=\"twitter:label1\" content=\"Tiempo de lectura\" \/>\n\t<meta name=\"twitter:data1\" content=\"2 minutos\" \/>\n<script type=\"application\/ld+json\" class=\"yoast-schema-graph\">{\"@context\":\"https:\/\/schema.org\",\"@graph\":[{\"@type\":\"WebPage\",\"@id\":\"https:\/\/www.vitbot.com\/es\/botella-egg-of-life-serigrafiada\",\"url\":\"https:\/\/www.vitbot.com\/es\/botella-egg-of-life-serigrafiada\",\"name\":\"Botella de vidrio Egg of Life: vitaliza los l\u00edquidos | Vitbot\",\"isPartOf\":{\"@id\":\"https:\/\/www.vitbot.com\/es#website\"},\"datePublished\":\"2020-09-11T08:12:40+00:00\",\"dateModified\":\"2023-02-06T07:23:09+00:00\",\"description\":\"Botella de vidrio reutilizable para agua u otros l\u00edquidos ideal para la oficina o el hogar. Fabricada en EU. Capacidad 500ml.\",\"breadcrumb\":{\"@id\":\"https:\/\/www.vitbot.com\/es\/botella-egg-of-life-serigrafiada#breadcrumb\"},\"inLanguage\":\"es\",\"potentialAction\":[{\"@type\":\"ReadAction\",\"target\":[\"https:\/\/www.vitbot.com\/es\/botella-egg-of-life-serigrafiada\"]}]},{\"@type\":\"BreadcrumbList\",\"@id\":\"https:\/\/www.vitbot.com\/es\/botella-egg-of-life-serigrafiada#breadcrumb\",\"itemListElement\":[{\"@type\":\"ListItem\",\"position\":1,\"name\":\"Home\",\"item\":\"https:\/\/www.vitbot.com\/es\"},{\"@type\":\"ListItem\",\"position\":2,\"name\":\"Botella Egg of Life (Serigrafiada)\"}]},{\"@type\":\"WebSite\",\"@id\":\"https:\/\/www.vitbot.com\/es#website\",\"url\":\"https:\/\/www.vitbot.com\/es\",\"name\":\"Vitbot\",\"description\":\"Best Reusable Water Bottles\",\"publisher\":{\"@id\":\"https:\/\/www.vitbot.com\/es#organization\"},\"potentialAction\":[{\"@type\":\"SearchAction\",\"target\":{\"@type\":\"EntryPoint\",\"urlTemplate\":\"https:\/\/www.vitbot.com\/es?s={search_term_string}\"},\"query-input\":\"required name=search_term_string\"}],\"inLanguage\":\"es\"},{\"@type\":\"Organization\",\"@id\":\"https:\/\/www.vitbot.com\/es#organization\",\"name\":\"Vitbot Europe,S.L. NIF B66180548 Tel\u00e8fon Correu info@vitbot.com Direcci\u00f3 C\/ Almeria 40 F Poblaci\u00f3 Tarrasa Codi postal 08226 Pa\u00eds Espanya\",\"url\":\"https:\/\/www.vitbot.com\/es\",\"logo\":{\"@type\":\"ImageObject\",\"inLanguage\":\"es\",\"@id\":\"https:\/\/www.vitbot.com\/es#\/schema\/logo\/image\/\",\"url\":\"https:\/\/www.vitbot.com\/wp-content\/uploads\/2017\/03\/vitbot_logo.png\",\"contentUrl\":\"https:\/\/www.vitbot.com\/wp-content\/uploads\/2017\/03\/vitbot_logo.png\",\"width\":84,\"height\":24,\"caption\":\"Vitbot Europe,S.L. NIF B66180548 Tel\u00e8fon Correu info@vitbot.com Direcci\u00f3 C\/ Almeria 40 F Poblaci\u00f3 Tarrasa Codi postal 08226 Pa\u00eds Espanya\"},\"image\":{\"@id\":\"https:\/\/www.vitbot.com\/es#\/schema\/logo\/image\/\"},\"sameAs\":[\"https:\/\/www.facebook.com\/vitbotbottle\/\",\"https:\/\/www.instagram.com\/vitbotofficial\/\"]}]}<\/script>\n<!-- \/ Yoast SEO plugin. -->","yoast_head_json":{"title":"Botella de vidrio Egg of Life: vitaliza los l\u00edquidos | Vitbot","description":"Botella de vidrio reutilizable para agua u otros l\u00edquidos ideal para la oficina o el hogar. Fabricada en EU. Capacidad 500ml.","robots":{"index":"index","follow":"follow","max-snippet":"max-snippet:-1","max-image-preview":"max-image-preview:large","max-video-preview":"max-video-preview:-1"},"canonical":"https:\/\/www.vitbot.com\/es\/botella-egg-of-life-serigrafiada","og_locale":"es_ES","og_type":"article","og_title":"Botella de vidrio Egg of Life: vitaliza los l\u00edquidos | Vitbot","og_description":"Botella de vidrio reutilizable para agua u otros l\u00edquidos ideal para la oficina o el hogar. Fabricada en EU. Capacidad 500ml.","og_url":"https:\/\/www.vitbot.com\/es\/botella-egg-of-life-serigrafiada","og_site_name":"Vitbot","article_publisher":"https:\/\/www.facebook.com\/vitbotbottle\/","article_modified_time":"2023-02-06T07:23:09+00:00","twitter_card":"summary_large_image","twitter_misc":{"Tiempo de lectura":"2 minutos"},"schema":{"@context":"https:\/\/schema.org","@graph":[{"@type":"WebPage","@id":"https:\/\/www.vitbot.com\/es\/botella-egg-of-life-serigrafiada","url":"https:\/\/www.vitbot.com\/es\/botella-egg-of-life-serigrafiada","name":"Botella de vidrio Egg of Life: vitaliza los l\u00edquidos | Vitbot","isPartOf":{"@id":"https:\/\/www.vitbot.com\/es#website"},"datePublished":"2020-09-11T08:12:40+00:00","dateModified":"2023-02-06T07:23:09+00:00","description":"Botella de vidrio reutilizable para agua u otros l\u00edquidos ideal para la oficina o el hogar. Fabricada en EU. Capacidad 500ml.","breadcrumb":{"@id":"https:\/\/www.vitbot.com\/es\/botella-egg-of-life-serigrafiada#breadcrumb"},"inLanguage":"es","potentialAction":[{"@type":"ReadAction","target":["https:\/\/www.vitbot.com\/es\/botella-egg-of-life-serigrafiada"]}]},{"@type":"BreadcrumbList","@id":"https:\/\/www.vitbot.com\/es\/botella-egg-of-life-serigrafiada#breadcrumb","itemListElement":[{"@type":"ListItem","position":1,"name":"Home","item":"https:\/\/www.vitbot.com\/es"},{"@type":"ListItem","position":2,"name":"Botella Egg of Life (Serigrafiada)"}]},{"@type":"WebSite","@id":"https:\/\/www.vitbot.com\/es#website","url":"https:\/\/www.vitbot.com\/es","name":"Vitbot","description":"Best Reusable Water Bottles","publisher":{"@id":"https:\/\/www.vitbot.com\/es#organization"},"potentialAction":[{"@type":"SearchAction","target":{"@type":"EntryPoint","urlTemplate":"https:\/\/www.vitbot.com\/es?s={search_term_string}"},"query-input":"required name=search_term_string"}],"inLanguage":"es"},{"@type":"Organization","@id":"https:\/\/www.vitbot.com\/es#organization","name":"Vitbot Europe,S.L. NIF B66180548 Tel\u00e8fon Correu info@vitbot.com Direcci\u00f3 C\/ Almeria 40 F Poblaci\u00f3 Tarrasa Codi postal 08226 Pa\u00eds Espanya","url":"https:\/\/www.vitbot.com\/es","logo":{"@type":"ImageObject","inLanguage":"es","@id":"https:\/\/www.vitbot.com\/es#\/schema\/logo\/image\/","url":"https:\/\/www.vitbot.com\/wp-content\/uploads\/2017\/03\/vitbot_logo.png","contentUrl":"https:\/\/www.vitbot.com\/wp-content\/uploads\/2017\/03\/vitbot_logo.png","width":84,"height":24,"caption":"Vitbot Europe,S.L. NIF B66180548 Tel\u00e8fon Correu info@vitbot.com Direcci\u00f3 C\/ Almeria 40 F Poblaci\u00f3 Tarrasa Codi postal 08226 Pa\u00eds Espanya"},"image":{"@id":"https:\/\/www.vitbot.com\/es#\/schema\/logo\/image\/"},"sameAs":["https:\/\/www.facebook.com\/vitbotbottle\/","https:\/\/www.instagram.com\/vitbotofficial\/"]}]}},"_links":{"self":[{"href":"https:\/\/www.vitbot.com\/es\/wp-json\/wp\/v2\/pages\/13814"}],"collection":[{"href":"https:\/\/www.vitbot.com\/es\/wp-json\/wp\/v2\/pages"}],"about":[{"href":"https:\/\/www.vitbot.com\/es\/wp-json\/wp\/v2\/types\/page"}],"author":[{"embeddable":true,"href":"https:\/\/www.vitbot.com\/es\/wp-json\/wp\/v2\/users\/1"}],"replies":[{"embeddable":true,"href":"https:\/\/www.vitbot.com\/es\/wp-json\/wp\/v2\/comments?post=13814"}],"version-history":[{"count":9,"href":"https:\/\/www.vitbot.com\/es\/wp-json\/wp\/v2\/pages\/13814\/revisions"}],"predecessor-version":[{"id":29286,"href":"https:\/\/www.vitbot.com\/es\/wp-json\/wp\/v2\/pages\/13814\/revisions\/29286"}],"wp:attachment":[{"href":"https:\/\/www.vitbot.com\/es\/wp-json\/wp\/v2\/media?parent=13814"}],"curies":[{"name":"wp","href":"https:\/\/api.w.org\/{rel}","templated":true}]}}