{"id":8390,"date":"2019-09-26T19:28:22","date_gmt":"2019-09-26T17:32:34","guid":{"rendered":"https:\/\/www.vitbot.com\/?post_type=product&#038;p=8390"},"modified":"2019-09-26T19:32:36","modified_gmt":"2019-09-26T17:32:36","slug":"sockel-fur-den-glaskrug-fruit-of-life","status":"publish","type":"product","link":"https:\/\/www.vitbot.com\/de\/produkt\/sockel-fur-den-glaskrug-fruit-of-life","title":{"rendered":"Sockel f\u00fcr den Glaskrug \u201cFruit of Life\u201d"},"content":{"rendered":"<p> Naturbelassenes Eschenholz.<br \/>\nDie Geometrie des \u201cFruit of Life\u201d Krugs wurde auf den Sockel gelasert.<br \/>\nNicht mit Kunstlack \u00fcberzogen. Wir empfehlen ihn nicht mit Wasser, sondern nur trocken zu reinigen.<br \/>\nHergestellt in Europa.<\/p>\n<p>Der Sockel erh\u00f6ht die Stabilit\u00e4t des \u201cFruit of Life\u201d Glaskrugs sowohl auf glatten Fl\u00e4chen, als auch auf rauen oder Holzoberfl\u00e4chen mit Lamellen. Es ist eine Erg\u00e4nzung, die die Sch\u00f6nheit des Glaskrugs unterstreicht und seine charakteristische eif\u00f6rmige Form verst\u00e4rkt.<\/p>\n","protected":false},"excerpt":{"rendered":"<p>Naturbelassenes Eschenholz. Die Geometrie des \u201cFruit of Life\u201d Krugs wurde auf den Sockel gelasert. Nicht mit Kunstlack \u00fcberzogen. Wir empfehlen ihn nicht mit Wasser, sondern nur trocken zu reinigen. Hergestellt in Europa. Der Sockel erh\u00f6ht die Stabilit\u00e4t des \u201cFruit of Life\u201d Glaskrugs sowohl auf glatten Fl\u00e4chen, als auch auf rauen oder Holzoberfl\u00e4chen mit Lamellen. Es [&hellip;]<\/p>\n","protected":false},"featured_media":9265,"comment_status":"closed","ping_status":"closed","template":"","meta":{"_monsterinsights_skip_tracking":false,"_monsterinsights_sitenote_active":false,"_monsterinsights_sitenote_note":"","_monsterinsights_sitenote_category":0},"product_cat":[88],"product_tag":[],"yoast_head":"<!-- This site is optimized with the Yoast SEO plugin v20.1 - https:\/\/yoast.com\/wordpress\/plugins\/seo\/ -->\n<title>Sockel f\u00fcr den Glaskrug \u201cFruit of Life\u201d - Vitbot<\/title>\n<meta name=\"robots\" content=\"index, follow, max-snippet:-1, max-image-preview:large, max-video-preview:-1\" \/>\n<link rel=\"canonical\" href=\"https:\/\/www.vitbot.com\/de\/produkt\/sockel-fur-den-glaskrug-fruit-of-life\" \/>\n<meta property=\"og:locale\" content=\"de_DE\" \/>\n<meta property=\"og:type\" content=\"article\" \/>\n<meta property=\"og:title\" content=\"Sockel f\u00fcr den Glaskrug \u201cFruit of Life\u201d - Vitbot\" \/>\n<meta property=\"og:description\" content=\"Naturbelassenes Eschenholz. Die Geometrie des \u201cFruit of Life\u201d Krugs wurde auf den Sockel gelasert. Nicht mit Kunstlack \u00fcberzogen. Wir empfehlen ihn nicht mit Wasser, sondern nur trocken zu reinigen. Hergestellt in Europa. Der Sockel erh\u00f6ht die Stabilit\u00e4t des \u201cFruit of Life\u201d Glaskrugs sowohl auf glatten Fl\u00e4chen, als auch auf rauen oder Holzoberfl\u00e4chen mit Lamellen. Es [&hellip;]\" \/>\n<meta property=\"og:url\" content=\"https:\/\/www.vitbot.com\/de\/produkt\/sockel-fur-den-glaskrug-fruit-of-life\" \/>\n<meta property=\"og:site_name\" content=\"Vitbot\" \/>\n<meta property=\"article:publisher\" content=\"https:\/\/www.facebook.com\/vitbotbottle\/\" \/>\n<meta property=\"article:modified_time\" content=\"2019-09-26T17:32:36+00:00\" \/>\n<meta property=\"og:image\" content=\"https:\/\/www.vitbot.com\/wp-content\/uploads\/2019\/09\/base_jarra.jpg\" \/>\n\t<meta property=\"og:image:width\" content=\"1280\" \/>\n\t<meta property=\"og:image:height\" content=\"1274\" \/>\n\t<meta property=\"og:image:type\" content=\"image\/jpeg\" \/>\n<meta name=\"twitter:card\" content=\"summary_large_image\" \/>\n<script type=\"application\/ld+json\" class=\"yoast-schema-graph\">{\"@context\":\"https:\/\/schema.org\",\"@graph\":[{\"@type\":\"WebPage\",\"@id\":\"https:\/\/www.vitbot.com\/de\/produkt\/sockel-fur-den-glaskrug-fruit-of-life\",\"url\":\"https:\/\/www.vitbot.com\/de\/produkt\/sockel-fur-den-glaskrug-fruit-of-life\",\"name\":\"Sockel f\u00fcr den Glaskrug \u201cFruit of Life\u201d - Vitbot\",\"isPartOf\":{\"@id\":\"https:\/\/www.vitbot.com\/de#website\"},\"datePublished\":\"2019-09-26T17:32:34+00:00\",\"dateModified\":\"2019-09-26T17:32:36+00:00\",\"breadcrumb\":{\"@id\":\"https:\/\/www.vitbot.com\/de\/produkt\/sockel-fur-den-glaskrug-fruit-of-life#breadcrumb\"},\"inLanguage\":\"de\",\"potentialAction\":[{\"@type\":\"ReadAction\",\"target\":[\"https:\/\/www.vitbot.com\/de\/produkt\/sockel-fur-den-glaskrug-fruit-of-life\"]}]},{\"@type\":\"BreadcrumbList\",\"@id\":\"https:\/\/www.vitbot.com\/de\/produkt\/sockel-fur-den-glaskrug-fruit-of-life#breadcrumb\",\"itemListElement\":[{\"@type\":\"ListItem\",\"position\":1,\"name\":\"Home\",\"item\":\"https:\/\/www.vitbot.com\/de\"},{\"@type\":\"ListItem\",\"position\":2,\"name\":\"Gesch\u00e4ft\",\"item\":\"https:\/\/www.vitbot.com\/de\/shop-2\"},{\"@type\":\"ListItem\",\"position\":3,\"name\":\"Sockel f\u00fcr den Glaskrug \u201cFruit of Life\u201d\"}]},{\"@type\":\"WebSite\",\"@id\":\"https:\/\/www.vitbot.com\/de#website\",\"url\":\"https:\/\/www.vitbot.com\/de\",\"name\":\"Vitbot\",\"description\":\"Best Reusable Water Bottles | Vortex Bottle | Vitalizer Bottle\",\"publisher\":{\"@id\":\"https:\/\/www.vitbot.com\/de#organization\"},\"potentialAction\":[{\"@type\":\"SearchAction\",\"target\":{\"@type\":\"EntryPoint\",\"urlTemplate\":\"https:\/\/www.vitbot.com\/de?s={search_term_string}\"},\"query-input\":\"required name=search_term_string\"}],\"inLanguage\":\"de\"},{\"@type\":\"Organization\",\"@id\":\"https:\/\/www.vitbot.com\/de#organization\",\"name\":\"Vitbot Europe,S.L. NIF B66180548 Tel\u00e8fon Correu info@vitbot.com Direcci\u00f3 C\/ Almeria 40 F Poblaci\u00f3 Tarrasa Codi postal 08226 Pa\u00eds Espanya\",\"url\":\"https:\/\/www.vitbot.com\/de\",\"logo\":{\"@type\":\"ImageObject\",\"inLanguage\":\"de\",\"@id\":\"https:\/\/www.vitbot.com\/de#\/schema\/logo\/image\/\",\"url\":\"https:\/\/www.vitbot.com\/wp-content\/uploads\/2017\/03\/vitbot_logo.png\",\"contentUrl\":\"https:\/\/www.vitbot.com\/wp-content\/uploads\/2017\/03\/vitbot_logo.png\",\"width\":84,\"height\":24,\"caption\":\"Vitbot Europe,S.L. NIF B66180548 Tel\u00e8fon Correu info@vitbot.com Direcci\u00f3 C\/ Almeria 40 F Poblaci\u00f3 Tarrasa Codi postal 08226 Pa\u00eds Espanya\"},\"image\":{\"@id\":\"https:\/\/www.vitbot.com\/de#\/schema\/logo\/image\/\"},\"sameAs\":[\"https:\/\/www.facebook.com\/vitbotbottle\/\",\"https:\/\/www.instagram.com\/vitbotofficial\/\"]}]}<\/script>\n<!-- \/ Yoast SEO plugin. -->","yoast_head_json":{"title":"Sockel f\u00fcr den Glaskrug \u201cFruit of Life\u201d - Vitbot","robots":{"index":"index","follow":"follow","max-snippet":"max-snippet:-1","max-image-preview":"max-image-preview:large","max-video-preview":"max-video-preview:-1"},"canonical":"https:\/\/www.vitbot.com\/de\/produkt\/sockel-fur-den-glaskrug-fruit-of-life","og_locale":"de_DE","og_type":"article","og_title":"Sockel f\u00fcr den Glaskrug \u201cFruit of Life\u201d - Vitbot","og_description":"Naturbelassenes Eschenholz. Die Geometrie des \u201cFruit of Life\u201d Krugs wurde auf den Sockel gelasert. Nicht mit Kunstlack \u00fcberzogen. Wir empfehlen ihn nicht mit Wasser, sondern nur trocken zu reinigen. Hergestellt in Europa. Der Sockel erh\u00f6ht die Stabilit\u00e4t des \u201cFruit of Life\u201d Glaskrugs sowohl auf glatten Fl\u00e4chen, als auch auf rauen oder Holzoberfl\u00e4chen mit Lamellen. Es [&hellip;]","og_url":"https:\/\/www.vitbot.com\/de\/produkt\/sockel-fur-den-glaskrug-fruit-of-life","og_site_name":"Vitbot","article_publisher":"https:\/\/www.facebook.com\/vitbotbottle\/","article_modified_time":"2019-09-26T17:32:36+00:00","og_image":[{"width":1280,"height":1274,"url":"https:\/\/www.vitbot.com\/wp-content\/uploads\/2019\/09\/base_jarra.jpg","type":"image\/jpeg"}],"twitter_card":"summary_large_image","schema":{"@context":"https:\/\/schema.org","@graph":[{"@type":"WebPage","@id":"https:\/\/www.vitbot.com\/de\/produkt\/sockel-fur-den-glaskrug-fruit-of-life","url":"https:\/\/www.vitbot.com\/de\/produkt\/sockel-fur-den-glaskrug-fruit-of-life","name":"Sockel f\u00fcr den Glaskrug \u201cFruit of Life\u201d - Vitbot","isPartOf":{"@id":"https:\/\/www.vitbot.com\/de#website"},"datePublished":"2019-09-26T17:32:34+00:00","dateModified":"2019-09-26T17:32:36+00:00","breadcrumb":{"@id":"https:\/\/www.vitbot.com\/de\/produkt\/sockel-fur-den-glaskrug-fruit-of-life#breadcrumb"},"inLanguage":"de","potentialAction":[{"@type":"ReadAction","target":["https:\/\/www.vitbot.com\/de\/produkt\/sockel-fur-den-glaskrug-fruit-of-life"]}]},{"@type":"BreadcrumbList","@id":"https:\/\/www.vitbot.com\/de\/produkt\/sockel-fur-den-glaskrug-fruit-of-life#breadcrumb","itemListElement":[{"@type":"ListItem","position":1,"name":"Home","item":"https:\/\/www.vitbot.com\/de"},{"@type":"ListItem","position":2,"name":"Gesch\u00e4ft","item":"https:\/\/www.vitbot.com\/de\/shop-2"},{"@type":"ListItem","position":3,"name":"Sockel f\u00fcr den Glaskrug \u201cFruit of Life\u201d"}]},{"@type":"WebSite","@id":"https:\/\/www.vitbot.com\/de#website","url":"https:\/\/www.vitbot.com\/de","name":"Vitbot","description":"Best Reusable Water Bottles | Vortex Bottle | Vitalizer Bottle","publisher":{"@id":"https:\/\/www.vitbot.com\/de#organization"},"potentialAction":[{"@type":"SearchAction","target":{"@type":"EntryPoint","urlTemplate":"https:\/\/www.vitbot.com\/de?s={search_term_string}"},"query-input":"required name=search_term_string"}],"inLanguage":"de"},{"@type":"Organization","@id":"https:\/\/www.vitbot.com\/de#organization","name":"Vitbot Europe,S.L. NIF B66180548 Tel\u00e8fon Correu info@vitbot.com Direcci\u00f3 C\/ Almeria 40 F Poblaci\u00f3 Tarrasa Codi postal 08226 Pa\u00eds Espanya","url":"https:\/\/www.vitbot.com\/de","logo":{"@type":"ImageObject","inLanguage":"de","@id":"https:\/\/www.vitbot.com\/de#\/schema\/logo\/image\/","url":"https:\/\/www.vitbot.com\/wp-content\/uploads\/2017\/03\/vitbot_logo.png","contentUrl":"https:\/\/www.vitbot.com\/wp-content\/uploads\/2017\/03\/vitbot_logo.png","width":84,"height":24,"caption":"Vitbot Europe,S.L. NIF B66180548 Tel\u00e8fon Correu info@vitbot.com Direcci\u00f3 C\/ Almeria 40 F Poblaci\u00f3 Tarrasa Codi postal 08226 Pa\u00eds Espanya"},"image":{"@id":"https:\/\/www.vitbot.com\/de#\/schema\/logo\/image\/"},"sameAs":["https:\/\/www.facebook.com\/vitbotbottle\/","https:\/\/www.instagram.com\/vitbotofficial\/"]}]}},"_links":{"self":[{"href":"https:\/\/www.vitbot.com\/de\/wp-json\/wp\/v2\/product\/8390"}],"collection":[{"href":"https:\/\/www.vitbot.com\/de\/wp-json\/wp\/v2\/product"}],"about":[{"href":"https:\/\/www.vitbot.com\/de\/wp-json\/wp\/v2\/types\/product"}],"replies":[{"embeddable":true,"href":"https:\/\/www.vitbot.com\/de\/wp-json\/wp\/v2\/comments?post=8390"}],"wp:featuredmedia":[{"embeddable":true,"href":"https:\/\/www.vitbot.com\/de\/wp-json\/wp\/v2\/media\/9265"}],"wp:attachment":[{"href":"https:\/\/www.vitbot.com\/de\/wp-json\/wp\/v2\/media?parent=8390"}],"wp:term":[{"taxonomy":"product_cat","embeddable":true,"href":"https:\/\/www.vitbot.com\/de\/wp-json\/wp\/v2\/product_cat?post=8390"},{"taxonomy":"product_tag","embeddable":true,"href":"https:\/\/www.vitbot.com\/de\/wp-json\/wp\/v2\/product_tag?post=8390"}],"curies":[{"name":"wp","href":"https:\/\/api.w.org\/{rel}","templated":true}]}}