{"id":1507,"date":"2017-05-15T17:17:39","date_gmt":"2017-05-15T15:17:39","guid":{"rendered":"https:\/\/www.vitbot.com\/krug-fruit-of-life"},"modified":"2021-01-02T11:11:36","modified_gmt":"2021-01-02T09:11:36","slug":"krug-fruit-of-life","status":"publish","type":"page","link":"https:\/\/www.vitbot.com\/de\/krug-fruit-of-life","title":{"rendered":"Krug Fruit of Life"},"content":{"rendered":"[vc_row][vc_column][vc_empty_space height=&#8220;30px&#8220; el_class=&#8220;prod-space9&#8243;][\/vc_column][\/vc_row][vc_row fullwidth=&#8220;true&#8220; equal_columns=&#8220;true&#8220;][vc_column width=&#8220;1\/2&#8243; css=&#8220;.vc_custom_1492591143501{background-color: #ffffff !important;background-position: center !important;background-repeat: no-repeat !important;background-size: cover !important;}&#8220;][vc_row_inner][vc_column_inner][vc_single_image image=&#8220;15247&#8243; img_size=&#8220;full&#8220; alignment=&#8220;center&#8220;][vc_single_image image=&#8220;15161&#8243; img_size=&#8220;full&#8220; alignment=&#8220;center&#8220;][\/vc_column_inner][\/vc_row_inner][\/vc_column][vc_column width=&#8220;1\/2&#8243; css=&#8220;.vc_custom_1492591132776{background-color: #ffffff !important;background-position: center !important;background-repeat: no-repeat !important;background-size: cover !important;}&#8220;][vc_row_inner][vc_column_inner][vc_column_text disable_pattern=&#8220;false&#8220; el_class=&#8220;font-alternategn2d vitbot-color1 prod-tit1&#8243; css=&#8220;.vc_custom_1538664903075{margin-bottom: 0px !important;}&#8220;]\n<h2>Glaskrug<br \/>\nFruit of Life<\/h2>\n<h3>Bleifreier Glaskrug f\u00fcr Wasser und andere Getr\u00e4nke<\/h3>\n[\/vc_column_text][vc_column_text disable_pattern=&#8220;false&#8220; el_class=&#8220;prod-price&#8220;]0&euro;[\/vc_column_text][vc_empty_space height=&#8220;50px&#8220; el_class=&#8220;prod-space1&#8243;][vc_column_text disable_pattern=&#8220;false&#8220; el_class=&#8220;font-din2014-l vitbot-color1 prod-desc&#8220; css=&#8220;.vc_custom_1609578682095{margin-bottom: 0px !important;}&#8220;]Wir wollten das viele Familien lebendiges Wasser auf dem Tisch haben, und dank unseres <strong>Vitbot Fruit of Life Kruges<\/strong> ist es uns gelungen: Unser <strong>Vitbot Fruit of Life Krug<\/strong> hat sehr spezielle Eigenschaften und wir werden dir sagen, welche es sind:<\/p>\n<p>Der Vitbot Fruit of Life Krug aus <strong>kobaltblauem Glas<\/strong> in Lebensmittelqualit\u00e4t*, wird in <strong>Italien<\/strong> hergestellt. Die kobaltblaue Farbe erh\u00e4lt das Glas im Ofen bei einer Temperatur von \u00fcber 2000\u00ba.<\/p>\n<p>Der in Barcelona hergestellte Deckel und der Sockel des Vitbot Fruit of Life Kruges sind aus <strong>Eschenholz (zertifizierte Extraktion)<\/strong>* und wurden zum Schutz mit <strong>Naturlack<\/strong>* versehen.<\/p>\n<p>Die <strong>Verpackungsschachtel <\/strong>des Vitbot Fruit of Life Kruges wird in Barcelona <strong>aus recyceltem Karton* <\/strong>hergestellt und die zum Drucken verwandte Farbe ist <strong>Tinte auf Wasserbasis*<\/strong>.<\/p>\n<p>Die Geometrie der \u201cFrucht des Lebens\u201d die auf dem Krug angebracht wurde, erinnert uns daran, dass <strong>die Energie, aus der das Leben entsteht,<\/strong> durch drei Grundprinzipien erhalten bleibt: die Wirbelbewegung, die eif\u00f6rmige Form und die Proportion.<\/p>\n<p>&nbsp;<\/p>\n<p><strong>Der Vitbot Fruit of Life Krug ist:<\/strong><\/p>\n<p style=\"text-align: center;\"><strong>Biomimetisch:<\/strong> Von der Natur \u00fcbernommen. Eif\u00f6rmige Form im Goldenen Schnitt.<\/p>\n<p style=\"text-align: center;\"><strong>Aktiv<\/strong>: Bietet messbare Vorteile.<\/p>\n<p style=\"text-align: center;\"><strong>Nachhaltig:<\/strong> Hergestellt nach Kreislaufwirtschaftskriterien.<\/p>\n<p style=\"text-align: center;\"><strong>Zuverl\u00e4ssig:<\/strong> Die kobaltblaue Farbe sch\u00fctzt das Wasser vor den UV-Strahlen der Sonne.<\/p>\n<p style=\"text-align: center;\"><strong>Gewicht: <\/strong>750 g<\/p>\n<p style=\"text-align: center;\"><strong>Kapazit\u00e4t:<\/strong> 1200 ml*<\/p>\n<p>* Wir verf\u00fcgen \u00fcber alle Zertifikate, die die Herkunft der von uns verwendeten Materialien garantieren.<\/p>\n<p>*Es sollte nur der eif\u00f6rmige Teil des Kruges gef\u00fcllt werden, damit der Hals des Kruges leer bleibt. Der Glaskrug ist sp\u00fclmaschinenfest. Der Deckel und der Sockel sollten nicht nass werden.[\/vc_column_text][vc_empty_space height=&#8220;50px&#8220; el_class=&#8220;prod-space2&#8243;][vc_column_text disable_pattern=&#8220;false&#8220; el_class=&#8220;prod-add&#8220;]<p class=\"product woocommerce add_to_cart_inline \" style=\"border:4px solid #ccc; padding: 12px;\"><a rel=\"nofollow\" href=\"https:\/\/www.vitbot.com\/de\/produkt\/fruit-of-life\" data-quantity=\"1\" data-product_id=\"1270\" data-product_sku=\"1628-CBJAR\" class=\"product_loop_button product_type_simple  ajax_add_to_cart\" data-product_id=\"1270\" data-product_sku=\"1628-CBJAR\" aria-label=\"Lese mehr \u00fcber &#8222;Fruit of Life&#8220;\" rel=\"nofollow\"><svg  class=\"mk-svg-icon\" data-name=\"mk-moon-search-3\" data-cacheid=\"icon-69d08b539033d\" style=\" height:16px; width: 16px; \"  xmlns=\"http:\/\/www.w3.org\/2000\/svg\" viewBox=\"0 0 512 512\"><path d=\"M496.131 435.698l-121.276-103.147c-12.537-11.283-25.945-16.463-36.776-15.963 28.628-33.534 45.921-77.039 45.921-124.588 0-106.039-85.961-192-192-192-106.038 0-192 85.961-192 192s85.961 192 192 192c47.549 0 91.054-17.293 124.588-45.922-.5 10.831 4.68 24.239 15.963 36.776l103.147 121.276c17.661 19.623 46.511 21.277 64.11 3.678s15.946-46.449-3.677-64.11zm-304.131-115.698c-70.692 0-128-57.308-128-128s57.308-128 128-128 128 57.308 128 128-57.307 128-128 128z\"\/><\/svg><span class=\"product_loop_button_text\">Weiterlesen<\/a><\/p>[\/vc_column_text][\/vc_column_inner][\/vc_row_inner][\/vc_column][\/vc_row][vc_row fullwidth=&#8220;true&#8220;][vc_column][vc_row_inner][vc_column_inner][vc_column_text disable_pattern=&#8220;false&#8220; css=&#8220;.vc_custom_1538724970541{margin-bottom: 0px !important;}&#8220;]Die Geometrie des \u201cFruit of Life\u201d Krugs, die im Grund des Krugs eingraviert wurde, beschw\u00f6rt den nat\u00fcrlichen Kreislauf des Lebens herauf und erinnert uns an den Ursprung und die Geburt der Vitbot-Produkte. Dank der Wirbelbewegung, die im Inneren der Vitbot-Flaschen erzeugt wird, entsteht eine homogene L\u00f6sung aus den Elektrolyten, Mineralien, Vitaminen etc. des Getr\u00e4nks. Dank dieser homogenen L\u00f6sung kann der menschliche K\u00f6rper die n\u00fctzlichen Bestandteile des Wassers, Saftes, Milchgetr\u00e4nks etc. effizienter aufnehmen. Kobaltblau ist eine ideale Farbe, um das Wasser in der Flasche zu solarisieren.[\/vc_column_text][\/vc_column_inner][\/vc_row_inner][\/vc_column][\/vc_row][vc_row fullwidth=&#8220;true&#8220; equal_columns=&#8220;true&#8220; attached=&#8220;true&#8220; css=&#8220;.vc_custom_1513242275414{margin-bottom: 0px !important;}&#8220;][vc_column width=&#8220;1\/2&#8243; css=&#8220;.vc_custom_1513242390574{margin-bottom: 0px !important;}&#8220;][vc_single_image image=&#8220;2288&#8243; img_size=&#8220;full&#8220; css=&#8220;.vc_custom_1513242556750{margin-bottom: 0px !important;}&#8220;][\/vc_column][vc_column width=&#8220;1\/2&#8243; css=&#8220;.vc_custom_1513242379605{margin-bottom: 0px !important;}&#8220;][vc_single_image image=&#8220;2293&#8243; img_size=&#8220;full&#8220; alignment=&#8220;right&#8220; css=&#8220;.vc_custom_1513242657948{margin-bottom: 0px !important;}&#8220;][\/vc_column][\/vc_row][vc_row fullwidth=&#8220;true&#8220; equal_columns=&#8220;true&#8220; attached=&#8220;true&#8220; css=&#8220;.vc_custom_1513242858509{margin-top: 0px !important;margin-bottom: 0px !important;}&#8220;][vc_column width=&#8220;1\/2&#8243; css=&#8220;.vc_custom_1513242477371{margin-top: 0px !important;margin-bottom: 0px !important;}&#8220;][vc_single_image image=&#8220;2298&#8243; img_size=&#8220;full&#8220; css=&#8220;.vc_custom_1513242612349{margin-top: 0px !important;margin-bottom: 0px !important;}&#8220;][\/vc_column][vc_column width=&#8220;1\/2&#8243; css=&#8220;.vc_custom_1513242487618{margin-top: 0px !important;margin-bottom: 0px !important;}&#8220;][vc_single_image image=&#8220;2283&#8243; img_size=&#8220;full&#8220; alignment=&#8220;right&#8220; css=&#8220;.vc_custom_1513242935810{margin-top: 0px !important;margin-bottom: 0px !important;}&#8220;][\/vc_column][\/vc_row][vc_row fullwidth=&#8220;true&#8220; css=&#8220;.vc_custom_1513249470545{margin-top: -34px !important;margin-bottom: 0px !important;}&#8220;][vc_column css=&#8220;.vc_custom_1513249434622{margin-top: 0px !important;margin-bottom: 0px !important;}&#8220;][\/vc_column][\/vc_row]\n","protected":false},"excerpt":{"rendered":"<p>[vc_row][vc_column][vc_empty_space height=&#8220;30px&#8220; el_class=&#8220;prod-space9&#8243;][\/vc_column][\/vc_row][vc_row fullwidth=&#8220;true&#8220; equal_columns=&#8220;true&#8220;][vc_column width=&#8220;1\/2&#8243; css=&#8220;.vc_custom_1492591143501{background-color: #ffffff !important;background-position: center !important;background-repeat: no-repeat !important;background-size: cover !important;}&#8220;][vc_row_inner][vc_column_inner][vc_single_image image=&#8220;15247&#8243; img_size=&#8220;full&#8220; alignment=&#8220;center&#8220;][vc_single_image image=&#8220;15161&#8243; img_size=&#8220;full&#8220; alignment=&#8220;center&#8220;][\/vc_column_inner][\/vc_row_inner][\/vc_column][vc_column width=&#8220;1\/2&#8243; css=&#8220;.vc_custom_1492591132776{background-color: #ffffff !important;background-position: center !important;background-repeat: no-repeat !important;background-size: cover !important;}&#8220;][vc_row_inner][vc_column_inner][vc_column_text disable_pattern=&#8220;false&#8220; el_class=&#8220;font-alternategn2d vitbot-color1 prod-tit1&#8243; css=&#8220;.vc_custom_1538664903075{margin-bottom: 0px !important;}&#8220;] Glaskrug Fruit of Life Bleifreier Glaskrug f\u00fcr Wasser und andere Getr\u00e4nke [\/vc_column_text][vc_column_text disable_pattern=&#8220;false&#8220; el_class=&#8220;prod-price&#8220;][\/vc_column_text][vc_empty_space height=&#8220;50px&#8220; el_class=&#8220;prod-space1&#8243;][vc_column_text disable_pattern=&#8220;false&#8220; [&hellip;]<\/p>\n","protected":false},"author":1,"featured_media":0,"parent":0,"menu_order":3,"comment_status":"closed","ping_status":"closed","template":"","meta":{"_monsterinsights_skip_tracking":false,"_monsterinsights_sitenote_active":false,"_monsterinsights_sitenote_note":"","_monsterinsights_sitenote_category":0},"yoast_head":"<!-- This site is optimized with the Yoast SEO plugin v20.1 - https:\/\/yoast.com\/wordpress\/plugins\/seo\/ -->\n<title>Krug Fruit of Life - Vitbot<\/title>\n<meta name=\"robots\" content=\"index, follow, max-snippet:-1, max-image-preview:large, max-video-preview:-1\" \/>\n<link rel=\"canonical\" href=\"https:\/\/www.vitbot.com\/de\/krug-fruit-of-life\" \/>\n<meta property=\"og:locale\" content=\"de_DE\" \/>\n<meta property=\"og:type\" content=\"article\" \/>\n<meta property=\"og:title\" content=\"Krug Fruit of Life - Vitbot\" \/>\n<meta property=\"og:description\" content=\"[vc_row][vc_column][vc_empty_space height=&#8220;30px&#8220; el_class=&#8220;prod-space9&#8243;][\/vc_column][\/vc_row][vc_row fullwidth=&#8220;true&#8220; equal_columns=&#8220;true&#8220;][vc_column width=&#8220;1\/2&#8243; css=&#8220;.vc_custom_1492591143501{background-color: #ffffff !important;background-position: center !important;background-repeat: no-repeat !important;background-size: cover !important;}&#8220;][vc_row_inner][vc_column_inner][vc_single_image image=&#8220;15247&#8243; img_size=&#8220;full&#8220; alignment=&#8220;center&#8220;][vc_single_image image=&#8220;15161&#8243; img_size=&#8220;full&#8220; alignment=&#8220;center&#8220;][\/vc_column_inner][\/vc_row_inner][\/vc_column][vc_column width=&#8220;1\/2&#8243; css=&#8220;.vc_custom_1492591132776{background-color: #ffffff !important;background-position: center !important;background-repeat: no-repeat !important;background-size: cover !important;}&#8220;][vc_row_inner][vc_column_inner][vc_column_text disable_pattern=&#8220;false&#8220; el_class=&#8220;font-alternategn2d vitbot-color1 prod-tit1&#8243; css=&#8220;.vc_custom_1538664903075{margin-bottom: 0px !important;}&#8220;] Glaskrug Fruit of Life Bleifreier Glaskrug f\u00fcr Wasser und andere Getr\u00e4nke [\/vc_column_text][vc_column_text disable_pattern=&#8220;false&#8220; el_class=&#8220;prod-price&#8220;][\/vc_column_text][vc_empty_space height=&#8220;50px&#8220; el_class=&#8220;prod-space1&#8243;][vc_column_text disable_pattern=&#8220;false&#8220; [&hellip;]\" \/>\n<meta property=\"og:url\" content=\"https:\/\/www.vitbot.com\/de\/krug-fruit-of-life\" \/>\n<meta property=\"og:site_name\" content=\"Vitbot\" \/>\n<meta property=\"article:publisher\" content=\"https:\/\/www.facebook.com\/vitbotbottle\/\" \/>\n<meta property=\"article:modified_time\" content=\"2021-01-02T09:11:36+00:00\" \/>\n<meta name=\"twitter:card\" content=\"summary_large_image\" \/>\n<meta name=\"twitter:label1\" content=\"Gesch\u00e4tzte Lesezeit\" \/>\n\t<meta name=\"twitter:data1\" content=\"4\u00a0Minuten\" \/>\n<script type=\"application\/ld+json\" class=\"yoast-schema-graph\">{\"@context\":\"https:\/\/schema.org\",\"@graph\":[{\"@type\":\"WebPage\",\"@id\":\"https:\/\/www.vitbot.com\/de\/krug-fruit-of-life\",\"url\":\"https:\/\/www.vitbot.com\/de\/krug-fruit-of-life\",\"name\":\"Krug Fruit of Life - Vitbot\",\"isPartOf\":{\"@id\":\"https:\/\/www.vitbot.com\/de#website\"},\"datePublished\":\"2017-05-15T15:17:39+00:00\",\"dateModified\":\"2021-01-02T09:11:36+00:00\",\"breadcrumb\":{\"@id\":\"https:\/\/www.vitbot.com\/de\/krug-fruit-of-life#breadcrumb\"},\"inLanguage\":\"de\",\"potentialAction\":[{\"@type\":\"ReadAction\",\"target\":[\"https:\/\/www.vitbot.com\/de\/krug-fruit-of-life\"]}]},{\"@type\":\"BreadcrumbList\",\"@id\":\"https:\/\/www.vitbot.com\/de\/krug-fruit-of-life#breadcrumb\",\"itemListElement\":[{\"@type\":\"ListItem\",\"position\":1,\"name\":\"Home\",\"item\":\"https:\/\/www.vitbot.com\/de\"},{\"@type\":\"ListItem\",\"position\":2,\"name\":\"Krug Fruit of Life\"}]},{\"@type\":\"WebSite\",\"@id\":\"https:\/\/www.vitbot.com\/de#website\",\"url\":\"https:\/\/www.vitbot.com\/de\",\"name\":\"Vitbot\",\"description\":\"Best Reusable Water Bottles | Vortex Bottle | Vitalizer Bottle\",\"publisher\":{\"@id\":\"https:\/\/www.vitbot.com\/de#organization\"},\"potentialAction\":[{\"@type\":\"SearchAction\",\"target\":{\"@type\":\"EntryPoint\",\"urlTemplate\":\"https:\/\/www.vitbot.com\/de?s={search_term_string}\"},\"query-input\":\"required name=search_term_string\"}],\"inLanguage\":\"de\"},{\"@type\":\"Organization\",\"@id\":\"https:\/\/www.vitbot.com\/de#organization\",\"name\":\"Vitbot Europe,S.L. NIF B66180548 Tel\u00e8fon Correu info@vitbot.com Direcci\u00f3 C\/ Almeria 40 F Poblaci\u00f3 Tarrasa Codi postal 08226 Pa\u00eds Espanya\",\"url\":\"https:\/\/www.vitbot.com\/de\",\"logo\":{\"@type\":\"ImageObject\",\"inLanguage\":\"de\",\"@id\":\"https:\/\/www.vitbot.com\/de#\/schema\/logo\/image\/\",\"url\":\"https:\/\/www.vitbot.com\/wp-content\/uploads\/2017\/03\/vitbot_logo.png\",\"contentUrl\":\"https:\/\/www.vitbot.com\/wp-content\/uploads\/2017\/03\/vitbot_logo.png\",\"width\":84,\"height\":24,\"caption\":\"Vitbot Europe,S.L. NIF B66180548 Tel\u00e8fon Correu info@vitbot.com Direcci\u00f3 C\/ Almeria 40 F Poblaci\u00f3 Tarrasa Codi postal 08226 Pa\u00eds Espanya\"},\"image\":{\"@id\":\"https:\/\/www.vitbot.com\/de#\/schema\/logo\/image\/\"},\"sameAs\":[\"https:\/\/www.facebook.com\/vitbotbottle\/\",\"https:\/\/www.instagram.com\/vitbotofficial\/\"]}]}<\/script>\n<!-- \/ Yoast SEO plugin. -->","yoast_head_json":{"title":"Krug Fruit of Life - Vitbot","robots":{"index":"index","follow":"follow","max-snippet":"max-snippet:-1","max-image-preview":"max-image-preview:large","max-video-preview":"max-video-preview:-1"},"canonical":"https:\/\/www.vitbot.com\/de\/krug-fruit-of-life","og_locale":"de_DE","og_type":"article","og_title":"Krug Fruit of Life - Vitbot","og_description":"[vc_row][vc_column][vc_empty_space height=&#8220;30px&#8220; el_class=&#8220;prod-space9&#8243;][\/vc_column][\/vc_row][vc_row fullwidth=&#8220;true&#8220; equal_columns=&#8220;true&#8220;][vc_column width=&#8220;1\/2&#8243; css=&#8220;.vc_custom_1492591143501{background-color: #ffffff !important;background-position: center !important;background-repeat: no-repeat !important;background-size: cover !important;}&#8220;][vc_row_inner][vc_column_inner][vc_single_image image=&#8220;15247&#8243; img_size=&#8220;full&#8220; alignment=&#8220;center&#8220;][vc_single_image image=&#8220;15161&#8243; img_size=&#8220;full&#8220; alignment=&#8220;center&#8220;][\/vc_column_inner][\/vc_row_inner][\/vc_column][vc_column width=&#8220;1\/2&#8243; css=&#8220;.vc_custom_1492591132776{background-color: #ffffff !important;background-position: center !important;background-repeat: no-repeat !important;background-size: cover !important;}&#8220;][vc_row_inner][vc_column_inner][vc_column_text disable_pattern=&#8220;false&#8220; el_class=&#8220;font-alternategn2d vitbot-color1 prod-tit1&#8243; css=&#8220;.vc_custom_1538664903075{margin-bottom: 0px !important;}&#8220;] Glaskrug Fruit of Life Bleifreier Glaskrug f\u00fcr Wasser und andere Getr\u00e4nke [\/vc_column_text][vc_column_text disable_pattern=&#8220;false&#8220; el_class=&#8220;prod-price&#8220;][\/vc_column_text][vc_empty_space height=&#8220;50px&#8220; el_class=&#8220;prod-space1&#8243;][vc_column_text disable_pattern=&#8220;false&#8220; [&hellip;]","og_url":"https:\/\/www.vitbot.com\/de\/krug-fruit-of-life","og_site_name":"Vitbot","article_publisher":"https:\/\/www.facebook.com\/vitbotbottle\/","article_modified_time":"2021-01-02T09:11:36+00:00","twitter_card":"summary_large_image","twitter_misc":{"Gesch\u00e4tzte Lesezeit":"4\u00a0Minuten"},"schema":{"@context":"https:\/\/schema.org","@graph":[{"@type":"WebPage","@id":"https:\/\/www.vitbot.com\/de\/krug-fruit-of-life","url":"https:\/\/www.vitbot.com\/de\/krug-fruit-of-life","name":"Krug Fruit of Life - Vitbot","isPartOf":{"@id":"https:\/\/www.vitbot.com\/de#website"},"datePublished":"2017-05-15T15:17:39+00:00","dateModified":"2021-01-02T09:11:36+00:00","breadcrumb":{"@id":"https:\/\/www.vitbot.com\/de\/krug-fruit-of-life#breadcrumb"},"inLanguage":"de","potentialAction":[{"@type":"ReadAction","target":["https:\/\/www.vitbot.com\/de\/krug-fruit-of-life"]}]},{"@type":"BreadcrumbList","@id":"https:\/\/www.vitbot.com\/de\/krug-fruit-of-life#breadcrumb","itemListElement":[{"@type":"ListItem","position":1,"name":"Home","item":"https:\/\/www.vitbot.com\/de"},{"@type":"ListItem","position":2,"name":"Krug Fruit of Life"}]},{"@type":"WebSite","@id":"https:\/\/www.vitbot.com\/de#website","url":"https:\/\/www.vitbot.com\/de","name":"Vitbot","description":"Best Reusable Water Bottles | Vortex Bottle | Vitalizer Bottle","publisher":{"@id":"https:\/\/www.vitbot.com\/de#organization"},"potentialAction":[{"@type":"SearchAction","target":{"@type":"EntryPoint","urlTemplate":"https:\/\/www.vitbot.com\/de?s={search_term_string}"},"query-input":"required name=search_term_string"}],"inLanguage":"de"},{"@type":"Organization","@id":"https:\/\/www.vitbot.com\/de#organization","name":"Vitbot Europe,S.L. NIF B66180548 Tel\u00e8fon Correu info@vitbot.com Direcci\u00f3 C\/ Almeria 40 F Poblaci\u00f3 Tarrasa Codi postal 08226 Pa\u00eds Espanya","url":"https:\/\/www.vitbot.com\/de","logo":{"@type":"ImageObject","inLanguage":"de","@id":"https:\/\/www.vitbot.com\/de#\/schema\/logo\/image\/","url":"https:\/\/www.vitbot.com\/wp-content\/uploads\/2017\/03\/vitbot_logo.png","contentUrl":"https:\/\/www.vitbot.com\/wp-content\/uploads\/2017\/03\/vitbot_logo.png","width":84,"height":24,"caption":"Vitbot Europe,S.L. NIF B66180548 Tel\u00e8fon Correu info@vitbot.com Direcci\u00f3 C\/ Almeria 40 F Poblaci\u00f3 Tarrasa Codi postal 08226 Pa\u00eds Espanya"},"image":{"@id":"https:\/\/www.vitbot.com\/de#\/schema\/logo\/image\/"},"sameAs":["https:\/\/www.facebook.com\/vitbotbottle\/","https:\/\/www.instagram.com\/vitbotofficial\/"]}]}},"_links":{"self":[{"href":"https:\/\/www.vitbot.com\/de\/wp-json\/wp\/v2\/pages\/1507"}],"collection":[{"href":"https:\/\/www.vitbot.com\/de\/wp-json\/wp\/v2\/pages"}],"about":[{"href":"https:\/\/www.vitbot.com\/de\/wp-json\/wp\/v2\/types\/page"}],"author":[{"embeddable":true,"href":"https:\/\/www.vitbot.com\/de\/wp-json\/wp\/v2\/users\/1"}],"replies":[{"embeddable":true,"href":"https:\/\/www.vitbot.com\/de\/wp-json\/wp\/v2\/comments?post=1507"}],"version-history":[{"count":19,"href":"https:\/\/www.vitbot.com\/de\/wp-json\/wp\/v2\/pages\/1507\/revisions"}],"predecessor-version":[{"id":18197,"href":"https:\/\/www.vitbot.com\/de\/wp-json\/wp\/v2\/pages\/1507\/revisions\/18197"}],"wp:attachment":[{"href":"https:\/\/www.vitbot.com\/de\/wp-json\/wp\/v2\/media?parent=1507"}],"curies":[{"name":"wp","href":"https:\/\/api.w.org\/{rel}","templated":true}]}}