{"id":1500,"date":"2017-05-15T17:15:53","date_gmt":"2017-05-15T15:15:53","guid":{"rendered":"https:\/\/www.vitbot.com\/flasche-sport-kids-travel"},"modified":"2021-01-02T11:15:27","modified_gmt":"2021-01-02T09:15:27","slug":"flasche-sport-kids-travel","status":"publish","type":"page","link":"https:\/\/www.vitbot.com\/de\/flasche-sport-kids-travel","title":{"rendered":"Flasche Sport, Kids &#038; Travel"},"content":{"rendered":"[vc_row][vc_column][vc_empty_space height=&#8220;30px&#8220; el_class=&#8220;prod-space9&#8243;][\/vc_column][\/vc_row][vc_row fullwidth=&#8220;true&#8220; equal_columns=&#8220;true&#8220;][vc_column width=&#8220;1\/2&#8243; css=&#8220;.vc_custom_1492591143501{background-color: #ffffff !important;background-position: center !important;background-repeat: no-repeat !important;background-size: cover !important;}&#8220;][vc_row_inner][vc_column_inner][vc_single_image image=&#8220;11622&#8243; img_size=&#8220;full&#8220; alignment=&#8220;center&#8220;][\/vc_column_inner][\/vc_row_inner][\/vc_column][vc_column width=&#8220;1\/2&#8243; css=&#8220;.vc_custom_1492591132776{background-color: #ffffff !important;background-position: center !important;background-repeat: no-repeat !important;background-size: cover !important;}&#8220;][vc_row_inner][vc_column_inner][vc_column_text disable_pattern=&#8220;false&#8220; el_class=&#8220;font-alternategn2d vitbot-color1 prod-tit1&#8243; css=&#8220;.vc_custom_1538664417155{margin-bottom: 0px !important;}&#8220;]\n<h2>Silikonflasche<br \/>\nSport, Kids &amp; Travel<\/h2>\n<h3>Wiederverwendbare Flasche aus medizinischem Silikon f\u00fcr Wasser und andere Getr\u00e4nke<\/h3>\n[\/vc_column_text][vc_column_text disable_pattern=&#8220;false&#8220; el_class=&#8220;prod-price&#8220;]0&euro;[\/vc_column_text][vc_empty_space height=&#8220;50px&#8220; el_class=&#8220;prod-space1&#8243;][vc_column_text disable_pattern=&#8220;false&#8220; el_class=&#8220;font-din2014-l vitbot-color1 prod-desc&#8220; css=&#8220;.vc_custom_1609578915448{margin-bottom: 0px !important;}&#8220;]Wir suchten nach einer Mehrzweckflasche, deshalb haben wir die <strong>Vitbot Triskel, Sport,<\/strong> <strong>Kids &amp; Travel Flasche hergestellt. <\/strong>Unsere <strong>Vitbot Triskel, Sport, Kids &amp; Travel <\/strong>Flasche hat viele Qualit\u00e4ten und wir werden dir sagen, welche es sind:<\/p>\n<p>Die Vitbot Triskel, Sport, Kids &amp; Travel Flasche wird in China hergestellt und hat die Zertifizierung der <strong>verantwortungsvollen Herstellung<\/strong>*. Der Flaschenk\u00f6rper ist aus <strong>fl\u00fcssigem medizinischem Silikon<\/strong>, dem derzeit hochwertigsten Silikon auf dem Markt. Der Deckel ist aus BPA-freiem Polypropylen.<\/p>\n<p>Die auf der \u201cTriskel\u201d eingravierte Geometrie erinnert uns daran, dass <strong>die Energie Wirbelbewegung ben\u00f6tigt, um Leben zu schaffen und neu zu erschaffen<\/strong>, eines der Grundprinzipien, die das Universum zusammen mit der eif\u00f6rmigen Form und der Proportion bestimmen.<\/p>\n<p>&nbsp;<\/p>\n<p><strong>Die <\/strong><strong>Vitbot Sport, Triskel, Kids &amp; Travel ist<\/strong><strong>:<\/strong><\/p>\n<p style=\"text-align: center;\"><strong>Biomimetisch:<\/strong> Von der Natur \u00fcbernommen. Eif\u00f6rmige Form im Goldenen Schnitt.<\/p>\n<p style=\"text-align: center;\"><strong>Aktiv<\/strong>: Bietet messbare Vorteile.<\/p>\n<p style=\"text-align: center;\"><strong>Nachhaltig:<\/strong> Hergestellt nach Kreislaufwirtschaftskriterien.<\/p>\n<p style=\"text-align: center;\"><strong>Reycelbar<\/strong><\/p>\n<p style=\"text-align: center;\"><strong>Leicht:<\/strong> ca. 100 g.<\/p>\n<p style=\"text-align: center;\"><strong>Wiederverwendbar:<\/strong> 500ml.<\/p>\n<p style=\"text-align: center;\"><strong>Vielseitig:<\/strong> Sie kann kalte (-10\u00baC) und heisse (100\u00baC) Getr\u00e4nke aufnehmen und h\u00e4lt die Temperaturen aufrecht (bei kalten ca. 2 Std. und bei heissen ca. 1 Std.).<\/p>\n<p style=\"text-align: center;\"><strong>Zuverl\u00e4ssig: <\/strong>Es gibt keine Migration. Das medizinische Silikon ist ein inertes Material, das hindert Bakterienwachstum.<\/p>\n<p>&nbsp;<\/p>\n<p>* Wir verf\u00fcgen \u00fcber alle Zertifikate, die die Herkunft der von uns verwendeten Materialien garantieren.<\/p>\n<p>* Die Flasche ist sp\u00fclmaschinenfest. Der Deckel muss von Hand gewaschen werden. Vor dem ersten Gebrauch empfehlen wir, die Flasche (nicht den Deckel) 10 Minuten lang in einen Topf mit kochendem Wasser und 2 Essl\u00f6ffeln Natron zu tauchen. Wenn die Flasche jemals mit Saft, Tee oder einem stark aromatisiertem Getr\u00e4nk gef\u00fcllt wurde, kann der gleiche Vorgang wiederholt werden, um sie zu reinigen und Ger\u00fcche oder Aromen zu vermeiden.[\/vc_column_text][vc_empty_space height=&#8220;50px&#8220; el_class=&#8220;prod-space2&#8243;][vc_column_text disable_pattern=&#8220;false&#8220; el_class=&#8220;prod-add&#8220;]<p class=\"product woocommerce add_to_cart_inline \" style=\"border:4px solid #ccc; padding: 12px;\"><a rel=\"nofollow\" href=\"https:\/\/www.vitbot.com\/de\/produkt\/sport-kids-travel\" data-quantity=\"1\" data-product_id=\"1266\" data-product_sku=\"00851746007026\" class=\"product_loop_button product_type_simple  ajax_add_to_cart\" data-product_id=\"1266\" data-product_sku=\"00851746007026\" aria-label=\"Lese mehr \u00fcber &#8222;Sport, Kids &amp; Travel&#8220;\" rel=\"nofollow\"><svg  class=\"mk-svg-icon\" data-name=\"mk-moon-search-3\" data-cacheid=\"icon-69f3ae717d6cf\" style=\" height:16px; width: 16px; \"  xmlns=\"http:\/\/www.w3.org\/2000\/svg\" viewBox=\"0 0 512 512\"><path d=\"M496.131 435.698l-121.276-103.147c-12.537-11.283-25.945-16.463-36.776-15.963 28.628-33.534 45.921-77.039 45.921-124.588 0-106.039-85.961-192-192-192-106.038 0-192 85.961-192 192s85.961 192 192 192c47.549 0 91.054-17.293 124.588-45.922-.5 10.831 4.68 24.239 15.963 36.776l103.147 121.276c17.661 19.623 46.511 21.277 64.11 3.678s15.946-46.449-3.677-64.11zm-304.131-115.698c-70.692 0-128-57.308-128-128s57.308-128 128-128 128 57.308 128 128-57.307 128-128 128z\"\/><\/svg><span class=\"product_loop_button_text\">Weiterlesen<\/a><\/p>[\/vc_column_text][\/vc_column_inner][\/vc_row_inner][\/vc_column][\/vc_row][vc_row][vc_column][vc_empty_space height=&#8220;50px&#8220; el_class=&#8220;prod-space2&#8243;][\/vc_column][\/vc_row][vc_row fullwidth=&#8220;true&#8220;][vc_column][vc_row_inner][vc_column_inner][vc_column_text disable_pattern=&#8220;false&#8220; css=&#8220;.vc_custom_1538724806612{margin-bottom: 0px !important;}&#8220;]Als unzerst\u00f6rbares Material eignet es sich ideal f\u00fcr Sportler und Kinder. Die Flasche kann gefaltet werden, wenn sie nicht gebraucht wird. Dadurch eignet sie sich ideal f\u00fcr Reisen und Exkursionen. Mit denselben Eigenschaften wie bei anderen Vitbot-Produkten, dank der Wirbelbewegung, die im Inneren der Vitbot-Flaschen erzeugt wird, entsteht eine homogene L\u00f6sung aus den Elektrolyten, Mineralien, Vitaminen etc. des Getr\u00e4nks. Dank dieser homogenen L\u00f6sung kann der menschliche K\u00f6rper die n\u00fctzlichen Bestandteile des Wassers, Saftes, Milchgetr\u00e4nks etc. effizienter aufnehmen.<\/p>\n<p>Wir raten Ihnen dazu, Folgendes vor der ersten Nutzung der \u201cSports, Kids &amp; Travel\u201d-Flasche zu tun: Bringen Sie einen Topf Wasser zum Kochen. Drehen Sie die Hitze herunter. F\u00fcgen Sie zwei Essl\u00f6ffel Backnatron hinzu und tauchen Sie die Flasche f\u00fcr zehn Minuten ohne Verschluss in das Wasser. Wiederholen Sie diesen Vorgang, wenn Sie die Flasche mit Saft, Tee oder einem anderen Getr\u00e4nk mit starkem Geschmack gef\u00fcllt haben, um m\u00f6gliche Geruchsspuren zu beseitigen.[\/vc_column_text][vc_column_text disable_pattern=&#8220;false&#8220;] [\/vc_column_text][\/vc_column_inner][\/vc_row_inner][\/vc_column][\/vc_row][vc_row][vc_column][vc_empty_space height=&#8220;30px&#8220; el_class=&#8220;prod-space9&#8243;][\/vc_column][\/vc_row][vc_row fullwidth=&#8220;true&#8220; equal_columns=&#8220;true&#8220; attached=&#8220;true&#8220; css=&#8220;.vc_custom_1513244391986{margin-top: 0px !important;margin-bottom: 0px !important;}&#8220;][vc_column width=&#8220;1\/2&#8243;][vc_single_image image=&#8220;2313&#8243; img_size=&#8220;full&#8220; css=&#8220;.vc_custom_1513244333665{margin-top: 0px !important;margin-bottom: 0px !important;}&#8220;][\/vc_column][vc_column width=&#8220;1\/2&#8243;][vc_single_image image=&#8220;2303&#8243; img_size=&#8220;full&#8220; css=&#8220;.vc_custom_1513244375670{margin-top: 0px !important;margin-bottom: 0px !important;}&#8220;][\/vc_column][\/vc_row][vc_row fullwidth=&#8220;true&#8220; equal_columns=&#8220;true&#8220; attached=&#8220;true&#8220; css=&#8220;.vc_custom_1513244391986{margin-top: 0px !important;margin-bottom: 0px !important;}&#8220;][vc_column width=&#8220;1\/2&#8243;][vc_single_image image=&#8220;2318&#8243; img_size=&#8220;full&#8220; css=&#8220;.vc_custom_1513244500576{margin-top: 0px !important;margin-bottom: 0px !important;}&#8220;][\/vc_column][vc_column width=&#8220;1\/2&#8243;][vc_single_image image=&#8220;2308&#8243; img_size=&#8220;full&#8220; css=&#8220;.vc_custom_1513244528744{margin-top: 0px !important;margin-bottom: 0px !important;}&#8220;][\/vc_column][\/vc_row]\n","protected":false},"excerpt":{"rendered":"<p>[vc_row][vc_column][vc_empty_space height=&#8220;30px&#8220; el_class=&#8220;prod-space9&#8243;][\/vc_column][\/vc_row][vc_row fullwidth=&#8220;true&#8220; equal_columns=&#8220;true&#8220;][vc_column width=&#8220;1\/2&#8243; css=&#8220;.vc_custom_1492591143501{background-color: #ffffff !important;background-position: center !important;background-repeat: no-repeat !important;background-size: cover !important;}&#8220;][vc_row_inner][vc_column_inner][vc_single_image image=&#8220;11622&#8243; img_size=&#8220;full&#8220; alignment=&#8220;center&#8220;][\/vc_column_inner][\/vc_row_inner][\/vc_column][vc_column width=&#8220;1\/2&#8243; css=&#8220;.vc_custom_1492591132776{background-color: #ffffff !important;background-position: center !important;background-repeat: no-repeat !important;background-size: cover !important;}&#8220;][vc_row_inner][vc_column_inner][vc_column_text disable_pattern=&#8220;false&#8220; el_class=&#8220;font-alternategn2d vitbot-color1 prod-tit1&#8243; css=&#8220;.vc_custom_1538664417155{margin-bottom: 0px !important;}&#8220;] Silikonflasche Sport, Kids &amp; Travel Wiederverwendbare Flasche aus medizinischem Silikon f\u00fcr Wasser und andere Getr\u00e4nke [\/vc_column_text][vc_column_text disable_pattern=&#8220;false&#8220; el_class=&#8220;prod-price&#8220;][\/vc_column_text][vc_empty_space height=&#8220;50px&#8220; el_class=&#8220;prod-space1&#8243;][vc_column_text [&hellip;]<\/p>\n","protected":false},"author":1,"featured_media":0,"parent":0,"menu_order":3,"comment_status":"closed","ping_status":"closed","template":"","meta":{"_monsterinsights_skip_tracking":false,"_monsterinsights_sitenote_active":false,"_monsterinsights_sitenote_note":"","_monsterinsights_sitenote_category":0},"yoast_head":"<!-- This site is optimized with the Yoast SEO plugin v20.1 - https:\/\/yoast.com\/wordpress\/plugins\/seo\/ -->\n<title>Flasche Sport, Kids &amp; Travel - Vitbot<\/title>\n<meta name=\"robots\" content=\"index, follow, max-snippet:-1, max-image-preview:large, max-video-preview:-1\" \/>\n<link rel=\"canonical\" href=\"https:\/\/www.vitbot.com\/de\/flasche-sport-kids-travel\" \/>\n<meta property=\"og:locale\" content=\"de_DE\" \/>\n<meta property=\"og:type\" content=\"article\" \/>\n<meta property=\"og:title\" content=\"Flasche Sport, Kids &amp; Travel - Vitbot\" \/>\n<meta property=\"og:description\" content=\"[vc_row][vc_column][vc_empty_space height=&#8220;30px&#8220; el_class=&#8220;prod-space9&#8243;][\/vc_column][\/vc_row][vc_row fullwidth=&#8220;true&#8220; equal_columns=&#8220;true&#8220;][vc_column width=&#8220;1\/2&#8243; css=&#8220;.vc_custom_1492591143501{background-color: #ffffff !important;background-position: center !important;background-repeat: no-repeat !important;background-size: cover !important;}&#8220;][vc_row_inner][vc_column_inner][vc_single_image image=&#8220;11622&#8243; img_size=&#8220;full&#8220; alignment=&#8220;center&#8220;][\/vc_column_inner][\/vc_row_inner][\/vc_column][vc_column width=&#8220;1\/2&#8243; css=&#8220;.vc_custom_1492591132776{background-color: #ffffff !important;background-position: center !important;background-repeat: no-repeat !important;background-size: cover !important;}&#8220;][vc_row_inner][vc_column_inner][vc_column_text disable_pattern=&#8220;false&#8220; el_class=&#8220;font-alternategn2d vitbot-color1 prod-tit1&#8243; css=&#8220;.vc_custom_1538664417155{margin-bottom: 0px !important;}&#8220;] Silikonflasche Sport, Kids &amp; Travel Wiederverwendbare Flasche aus medizinischem Silikon f\u00fcr Wasser und andere Getr\u00e4nke [\/vc_column_text][vc_column_text disable_pattern=&#8220;false&#8220; el_class=&#8220;prod-price&#8220;][\/vc_column_text][vc_empty_space height=&#8220;50px&#8220; el_class=&#8220;prod-space1&#8243;][vc_column_text [&hellip;]\" \/>\n<meta property=\"og:url\" content=\"https:\/\/www.vitbot.com\/de\/flasche-sport-kids-travel\" \/>\n<meta property=\"og:site_name\" content=\"Vitbot\" \/>\n<meta property=\"article:publisher\" content=\"https:\/\/www.facebook.com\/vitbotbottle\/\" \/>\n<meta property=\"article:modified_time\" content=\"2021-01-02T09:15:27+00:00\" \/>\n<meta name=\"twitter:card\" content=\"summary_large_image\" \/>\n<meta name=\"twitter:label1\" content=\"Gesch\u00e4tzte Lesezeit\" \/>\n\t<meta name=\"twitter:data1\" content=\"4\u00a0Minuten\" \/>\n<script type=\"application\/ld+json\" class=\"yoast-schema-graph\">{\"@context\":\"https:\/\/schema.org\",\"@graph\":[{\"@type\":\"WebPage\",\"@id\":\"https:\/\/www.vitbot.com\/de\/flasche-sport-kids-travel\",\"url\":\"https:\/\/www.vitbot.com\/de\/flasche-sport-kids-travel\",\"name\":\"Flasche Sport, Kids & Travel - Vitbot\",\"isPartOf\":{\"@id\":\"https:\/\/www.vitbot.com\/de#website\"},\"datePublished\":\"2017-05-15T15:15:53+00:00\",\"dateModified\":\"2021-01-02T09:15:27+00:00\",\"breadcrumb\":{\"@id\":\"https:\/\/www.vitbot.com\/de\/flasche-sport-kids-travel#breadcrumb\"},\"inLanguage\":\"de\",\"potentialAction\":[{\"@type\":\"ReadAction\",\"target\":[\"https:\/\/www.vitbot.com\/de\/flasche-sport-kids-travel\"]}]},{\"@type\":\"BreadcrumbList\",\"@id\":\"https:\/\/www.vitbot.com\/de\/flasche-sport-kids-travel#breadcrumb\",\"itemListElement\":[{\"@type\":\"ListItem\",\"position\":1,\"name\":\"Home\",\"item\":\"https:\/\/www.vitbot.com\/de\"},{\"@type\":\"ListItem\",\"position\":2,\"name\":\"Flasche Sport, Kids &#038; Travel\"}]},{\"@type\":\"WebSite\",\"@id\":\"https:\/\/www.vitbot.com\/de#website\",\"url\":\"https:\/\/www.vitbot.com\/de\",\"name\":\"Vitbot\",\"description\":\"Best Reusable Water Bottles | Vortex Bottle | Vitalizer Bottle\",\"publisher\":{\"@id\":\"https:\/\/www.vitbot.com\/de#organization\"},\"potentialAction\":[{\"@type\":\"SearchAction\",\"target\":{\"@type\":\"EntryPoint\",\"urlTemplate\":\"https:\/\/www.vitbot.com\/de?s={search_term_string}\"},\"query-input\":\"required name=search_term_string\"}],\"inLanguage\":\"de\"},{\"@type\":\"Organization\",\"@id\":\"https:\/\/www.vitbot.com\/de#organization\",\"name\":\"Vitbot Europe,S.L. NIF B66180548 Tel\u00e8fon Correu info@vitbot.com Direcci\u00f3 C\/ Almeria 40 F Poblaci\u00f3 Tarrasa Codi postal 08226 Pa\u00eds Espanya\",\"url\":\"https:\/\/www.vitbot.com\/de\",\"logo\":{\"@type\":\"ImageObject\",\"inLanguage\":\"de\",\"@id\":\"https:\/\/www.vitbot.com\/de#\/schema\/logo\/image\/\",\"url\":\"https:\/\/www.vitbot.com\/wp-content\/uploads\/2017\/03\/vitbot_logo.png\",\"contentUrl\":\"https:\/\/www.vitbot.com\/wp-content\/uploads\/2017\/03\/vitbot_logo.png\",\"width\":84,\"height\":24,\"caption\":\"Vitbot Europe,S.L. NIF B66180548 Tel\u00e8fon Correu info@vitbot.com Direcci\u00f3 C\/ Almeria 40 F Poblaci\u00f3 Tarrasa Codi postal 08226 Pa\u00eds Espanya\"},\"image\":{\"@id\":\"https:\/\/www.vitbot.com\/de#\/schema\/logo\/image\/\"},\"sameAs\":[\"https:\/\/www.facebook.com\/vitbotbottle\/\",\"https:\/\/www.instagram.com\/vitbotofficial\/\"]}]}<\/script>\n<!-- \/ Yoast SEO plugin. -->","yoast_head_json":{"title":"Flasche Sport, Kids & Travel - Vitbot","robots":{"index":"index","follow":"follow","max-snippet":"max-snippet:-1","max-image-preview":"max-image-preview:large","max-video-preview":"max-video-preview:-1"},"canonical":"https:\/\/www.vitbot.com\/de\/flasche-sport-kids-travel","og_locale":"de_DE","og_type":"article","og_title":"Flasche Sport, Kids & Travel - Vitbot","og_description":"[vc_row][vc_column][vc_empty_space height=&#8220;30px&#8220; el_class=&#8220;prod-space9&#8243;][\/vc_column][\/vc_row][vc_row fullwidth=&#8220;true&#8220; equal_columns=&#8220;true&#8220;][vc_column width=&#8220;1\/2&#8243; css=&#8220;.vc_custom_1492591143501{background-color: #ffffff !important;background-position: center !important;background-repeat: no-repeat !important;background-size: cover !important;}&#8220;][vc_row_inner][vc_column_inner][vc_single_image image=&#8220;11622&#8243; img_size=&#8220;full&#8220; alignment=&#8220;center&#8220;][\/vc_column_inner][\/vc_row_inner][\/vc_column][vc_column width=&#8220;1\/2&#8243; css=&#8220;.vc_custom_1492591132776{background-color: #ffffff !important;background-position: center !important;background-repeat: no-repeat !important;background-size: cover !important;}&#8220;][vc_row_inner][vc_column_inner][vc_column_text disable_pattern=&#8220;false&#8220; el_class=&#8220;font-alternategn2d vitbot-color1 prod-tit1&#8243; css=&#8220;.vc_custom_1538664417155{margin-bottom: 0px !important;}&#8220;] Silikonflasche Sport, Kids &amp; Travel Wiederverwendbare Flasche aus medizinischem Silikon f\u00fcr Wasser und andere Getr\u00e4nke [\/vc_column_text][vc_column_text disable_pattern=&#8220;false&#8220; el_class=&#8220;prod-price&#8220;][\/vc_column_text][vc_empty_space height=&#8220;50px&#8220; el_class=&#8220;prod-space1&#8243;][vc_column_text [&hellip;]","og_url":"https:\/\/www.vitbot.com\/de\/flasche-sport-kids-travel","og_site_name":"Vitbot","article_publisher":"https:\/\/www.facebook.com\/vitbotbottle\/","article_modified_time":"2021-01-02T09:15:27+00:00","twitter_card":"summary_large_image","twitter_misc":{"Gesch\u00e4tzte Lesezeit":"4\u00a0Minuten"},"schema":{"@context":"https:\/\/schema.org","@graph":[{"@type":"WebPage","@id":"https:\/\/www.vitbot.com\/de\/flasche-sport-kids-travel","url":"https:\/\/www.vitbot.com\/de\/flasche-sport-kids-travel","name":"Flasche Sport, Kids & Travel - Vitbot","isPartOf":{"@id":"https:\/\/www.vitbot.com\/de#website"},"datePublished":"2017-05-15T15:15:53+00:00","dateModified":"2021-01-02T09:15:27+00:00","breadcrumb":{"@id":"https:\/\/www.vitbot.com\/de\/flasche-sport-kids-travel#breadcrumb"},"inLanguage":"de","potentialAction":[{"@type":"ReadAction","target":["https:\/\/www.vitbot.com\/de\/flasche-sport-kids-travel"]}]},{"@type":"BreadcrumbList","@id":"https:\/\/www.vitbot.com\/de\/flasche-sport-kids-travel#breadcrumb","itemListElement":[{"@type":"ListItem","position":1,"name":"Home","item":"https:\/\/www.vitbot.com\/de"},{"@type":"ListItem","position":2,"name":"Flasche Sport, Kids &#038; Travel"}]},{"@type":"WebSite","@id":"https:\/\/www.vitbot.com\/de#website","url":"https:\/\/www.vitbot.com\/de","name":"Vitbot","description":"Best Reusable Water Bottles | Vortex Bottle | Vitalizer Bottle","publisher":{"@id":"https:\/\/www.vitbot.com\/de#organization"},"potentialAction":[{"@type":"SearchAction","target":{"@type":"EntryPoint","urlTemplate":"https:\/\/www.vitbot.com\/de?s={search_term_string}"},"query-input":"required name=search_term_string"}],"inLanguage":"de"},{"@type":"Organization","@id":"https:\/\/www.vitbot.com\/de#organization","name":"Vitbot Europe,S.L. NIF B66180548 Tel\u00e8fon Correu info@vitbot.com Direcci\u00f3 C\/ Almeria 40 F Poblaci\u00f3 Tarrasa Codi postal 08226 Pa\u00eds Espanya","url":"https:\/\/www.vitbot.com\/de","logo":{"@type":"ImageObject","inLanguage":"de","@id":"https:\/\/www.vitbot.com\/de#\/schema\/logo\/image\/","url":"https:\/\/www.vitbot.com\/wp-content\/uploads\/2017\/03\/vitbot_logo.png","contentUrl":"https:\/\/www.vitbot.com\/wp-content\/uploads\/2017\/03\/vitbot_logo.png","width":84,"height":24,"caption":"Vitbot Europe,S.L. NIF B66180548 Tel\u00e8fon Correu info@vitbot.com Direcci\u00f3 C\/ Almeria 40 F Poblaci\u00f3 Tarrasa Codi postal 08226 Pa\u00eds Espanya"},"image":{"@id":"https:\/\/www.vitbot.com\/de#\/schema\/logo\/image\/"},"sameAs":["https:\/\/www.facebook.com\/vitbotbottle\/","https:\/\/www.instagram.com\/vitbotofficial\/"]}]}},"_links":{"self":[{"href":"https:\/\/www.vitbot.com\/de\/wp-json\/wp\/v2\/pages\/1500"}],"collection":[{"href":"https:\/\/www.vitbot.com\/de\/wp-json\/wp\/v2\/pages"}],"about":[{"href":"https:\/\/www.vitbot.com\/de\/wp-json\/wp\/v2\/types\/page"}],"author":[{"embeddable":true,"href":"https:\/\/www.vitbot.com\/de\/wp-json\/wp\/v2\/users\/1"}],"replies":[{"embeddable":true,"href":"https:\/\/www.vitbot.com\/de\/wp-json\/wp\/v2\/comments?post=1500"}],"version-history":[{"count":7,"href":"https:\/\/www.vitbot.com\/de\/wp-json\/wp\/v2\/pages\/1500\/revisions"}],"predecessor-version":[{"id":18198,"href":"https:\/\/www.vitbot.com\/de\/wp-json\/wp\/v2\/pages\/1500\/revisions\/18198"}],"wp:attachment":[{"href":"https:\/\/www.vitbot.com\/de\/wp-json\/wp\/v2\/media?parent=1500"}],"curies":[{"name":"wp","href":"https:\/\/api.w.org\/{rel}","templated":true}]}}