{"id":13896,"date":"2020-09-11T13:51:35","date_gmt":"2020-09-11T11:51:35","guid":{"rendered":"https:\/\/www.vitbot.com\/egg-of-life-pflanzlich"},"modified":"2021-01-13T17:30:11","modified_gmt":"2021-01-13T15:30:11","slug":"egg-of-life-pflanzlich","status":"publish","type":"page","link":"https:\/\/www.vitbot.com\/de\/egg-of-life-pflanzlich","title":{"rendered":"Egg of Life Pflanzlich"},"content":{"rendered":"[vc_row][vc_column][vc_empty_space height=&#8220;30px&#8220; el_class=&#8220;prod-space9&#8243;][\/vc_column][\/vc_row][vc_row fullwidth=&#8220;true&#8220; equal_columns=&#8220;true&#8220;][vc_column width=&#8220;1\/2&#8243; css=&#8220;.vc_custom_1492591143501{background-color: #ffffff !important;background-position: center !important;background-repeat: no-repeat !important;background-size: cover !important;}&#8220;][vc_row_inner][vc_column_inner][vc_single_image image=&#8220;13861&#8243; img_size=&#8220;full&#8220; alignment=&#8220;center&#8220;][vc_single_image image=&#8220;15191&#8243; img_size=&#8220;full&#8220; alignment=&#8220;center&#8220;][\/vc_column_inner][\/vc_row_inner][\/vc_column][vc_column width=&#8220;1\/2&#8243; css=&#8220;.vc_custom_1492591132776{background-color: #ffffff !important;background-position: center !important;background-repeat: no-repeat !important;background-size: cover !important;}&#8220;][vc_row_inner][vc_column_inner][vc_column_text disable_pattern=&#8220;false&#8220; el_class=&#8220;font-alternategn2d vitbot-color1 prod-tit1&#8243; css=&#8220;.vc_custom_1599812314505{margin-bottom: 0px !important;}&#8220;]\n<h2>Egg of Life Pflanzlich<\/h2>\n<h3>100% PFLANZLICHE FLASCHE (ZUCKERROHR) WIEDERVERWENDBAR<\/h3>\n[\/vc_column_text][vc_column_text disable_pattern=&#8220;false&#8220; el_class=&#8220;prod-price&#8220; css=&#8220;.vc_custom_1599812152433{margin-bottom: 0px !important;}&#8220;]0&euro;[\/vc_column_text][vc_empty_space height=&#8220;50px&#8220; el_class=&#8220;prod-space1&#8243;][vc_column_text disable_pattern=&#8220;false&#8220; el_class=&#8220;font-din2014-l vitbot-color1 prod-desc&#8220; css=&#8220;.vc_custom_1610551800068{margin-bottom: 0px !important;}&#8220;]Es war nicht einfach, aber am Ende haben wir es geschafft, eine 100% pflanzliche Vitbotflasche auf den Markt zu bringen. Wir sind sehr stolz auf unsere Vitbot Egg of Life pflanzliche Flasche und wir werden dir sagen warum.<\/p>\n<p>Die pflanzliche Egg of Life wird in <strong>Frankreich<\/strong> nur aus <strong>Zuckerrohrresten<\/strong> hergestellt.*<\/p>\n<p>Der Deckel der pflanzlichen Egg of Life Flasche wird in Barcelona aus <strong>Eschenholz aus zertifizierter Extraktion*, <\/strong>versehen mit einem <strong>Naturlack*<\/strong> zum Schutz und einem Innengewinde aus <strong>PLA pflanzlichen Ursprungs<\/strong>*, hergestellt.<\/p>\n<p><strong>Das Papier<\/strong> der Etiketten der pflanzlichen Egg of Life wird in Barcelona <strong>aus Bio-Samen<\/strong> <strong>hergestellt<\/strong>* und die <strong>Farbstoffe<\/strong>, mit denen sie gef\u00e4rbt werden, <strong>sind umweltfreundlich<\/strong>*.<\/p>\n<p>Die Geometrie des \u201cEies de Lebens\u201d die auf der Flasche angebracht wurde erinnert uns daran, dass <strong>die Energie, aus der das Leben entsteht,<\/strong> durch drei Grundprinzipien erhalten bleibt: die Wirbelbewegung, die eif\u00f6rmige Form und die Proportion.<\/p>\n<p><strong>Die pflanzliche Egg of Life\u00a0 ist:<\/strong><\/p>\n<p style=\"text-align: center;\"><strong>Biomimetisch:<\/strong> Von der Natur \u00fcbernommen. Eif\u00f6rmige Form im Goldenen Schnitt.<\/p>\n<p style=\"text-align: center;\"><strong>Aktiv<\/strong>: Bietet messbare Vorteile.<\/p>\n<p style=\"text-align: center;\"><strong>Nachhaltig:<\/strong> Hergestellt nach Kreislaufwirtschaftskriterien.<\/p>\n<p style=\"text-align: center;\"><strong>Pflanzlich*<\/strong><\/p>\n<p style=\"text-align: center;\"><strong>Biologisch abbaubar<\/strong><\/p>\n<p style=\"text-align: center;\"><strong>Kompostierbar<\/strong><\/p>\n<p style=\"text-align: center;\"><strong>Authentisch:<\/strong> Die kleinen Schattierungen, die die Flaschen pr\u00e4sentieren k\u00f6nnen, sind auf ihre wahre Natur organischen Ursprungs zur\u00fcckzuf\u00fchren, die sie einzigartig macht.<\/p>\n<p style=\"text-align: center;\"><strong>Leicht:<\/strong> 70 g<\/p>\n<p style=\"text-align: center;\">Wiederverwendbar: 555 ml.<\/p>\n<p style=\"text-align: center;\"><strong>Zuverl\u00e4ssig: <\/strong>Es gibt keine Migration.<\/p>\n<p>&nbsp;<\/p>\n<p>Dank ihrer Form im \u201cGoldenen Schnitt\u201c und der vollst\u00e4ndigen Drehbewebung, mit der sich das Wasser in ihr bewegen kann, so wie es in Fl\u00fcssen und Ozeanen der Fall ist, erh\u00e4lt das Wasser der Getr\u00e4nke viel lebendige Energie. Dank des erzeugten Wirbels wird eine gleichm\u00e4ssige Aufl\u00f6sung der Elektrolyten, Mineralien, Vitaminen usw. der Getr\u00e4nke erreicht. Infolgedessen nimmt der menschliche K\u00f6rper die Eigenschaften des Wassers, der S\u00e4fte, fermentierten Getr\u00e4nke usw. effizienter auf.<\/p>\n<p>* Wir verf\u00fcgen \u00fcber alle Zertifikate, die die Herkunft der von uns verwendeten Materialien garantieren.<\/p>\n<p>* Wasche oder f\u00fclle keine Getr\u00e4nke \u00fcber 35\u00ba. Da es sich um organisches Material handelt, wird empfohlen, den Flaschenmund zur besseren Hygiene alle zwei Tage mit kaltem Wasser und Seife zu s\u00e4ubern. Das Flascheninnere und \u2013\u00e4ussere kann einfach mit sauberem Wasser abgesp\u00fclt werden.\u00a0Wasche die Flasche von Hand und s\u00e4ubere das Innere des Deckels mit einem Tuch.[\/vc_column_text][vc_empty_space height=&#8220;50px&#8220; el_class=&#8220;prod-space2&#8243;][vc_column_text disable_pattern=&#8220;false&#8220; el_class=&#8220;prod-add&#8220; css=&#8220;.vc_custom_1599812164728{margin-bottom: 0px !important;}&#8220;]<p class=\"product woocommerce add_to_cart_inline \" style=\"border:4px solid #ccc; padding: 12px;\"><a rel=\"nofollow\" href=\"https:\/\/www.vitbot.com\/de\/produkt\/egg-of-life-vegetal\" data-quantity=\"1\" data-product_id=\"13887\" data-product_sku=\"\" class=\"product_loop_button product_type_simple  ajax_add_to_cart\" data-product_id=\"13887\" data-product_sku=\"\" aria-label=\"Lese mehr \u00fcber &#8222;Egg of Life vegetal&#8220;\" rel=\"nofollow\"><svg  class=\"mk-svg-icon\" data-name=\"mk-moon-search-3\" data-cacheid=\"icon-69f4e536c85d7\" style=\" height:16px; width: 16px; \"  xmlns=\"http:\/\/www.w3.org\/2000\/svg\" viewBox=\"0 0 512 512\"><path d=\"M496.131 435.698l-121.276-103.147c-12.537-11.283-25.945-16.463-36.776-15.963 28.628-33.534 45.921-77.039 45.921-124.588 0-106.039-85.961-192-192-192-106.038 0-192 85.961-192 192s85.961 192 192 192c47.549 0 91.054-17.293 124.588-45.922-.5 10.831 4.68 24.239 15.963 36.776l103.147 121.276c17.661 19.623 46.511 21.277 64.11 3.678s15.946-46.449-3.677-64.11zm-304.131-115.698c-70.692 0-128-57.308-128-128s57.308-128 128-128 128 57.308 128 128-57.307 128-128 128z\"\/><\/svg><span class=\"product_loop_button_text\">Weiterlesen<\/a><\/p>[\/vc_column_text][\/vc_column_inner][\/vc_row_inner][\/vc_column][\/vc_row][vc_row][vc_column width=&#8220;1\/2&#8243;][vc_single_image image=&#8220;15137&#8243; img_size=&#8220;full&#8220; alignment=&#8220;center&#8220;][vc_single_image image=&#8220;15179&#8243; img_size=&#8220;full&#8220; alignment=&#8220;center&#8220;][\/vc_column][vc_column width=&#8220;1\/2&#8243;][vc_single_image image=&#8220;15185&#8243; img_size=&#8220;full&#8220; alignment=&#8220;center&#8220;][vc_single_image image=&#8220;15131&#8243; img_size=&#8220;full&#8220; alignment=&#8220;center&#8220;][\/vc_column][\/vc_row]\n","protected":false},"excerpt":{"rendered":"<p>[vc_row][vc_column][vc_empty_space height=&#8220;30px&#8220; el_class=&#8220;prod-space9&#8243;][\/vc_column][\/vc_row][vc_row fullwidth=&#8220;true&#8220; equal_columns=&#8220;true&#8220;][vc_column width=&#8220;1\/2&#8243; css=&#8220;.vc_custom_1492591143501{background-color: #ffffff !important;background-position: center !important;background-repeat: no-repeat !important;background-size: cover !important;}&#8220;][vc_row_inner][vc_column_inner][vc_single_image image=&#8220;13861&#8243; img_size=&#8220;full&#8220; alignment=&#8220;center&#8220;][vc_single_image image=&#8220;15191&#8243; img_size=&#8220;full&#8220; alignment=&#8220;center&#8220;][\/vc_column_inner][\/vc_row_inner][\/vc_column][vc_column width=&#8220;1\/2&#8243; css=&#8220;.vc_custom_1492591132776{background-color: #ffffff !important;background-position: center !important;background-repeat: no-repeat !important;background-size: cover !important;}&#8220;][vc_row_inner][vc_column_inner][vc_column_text disable_pattern=&#8220;false&#8220; el_class=&#8220;font-alternategn2d vitbot-color1 prod-tit1&#8243; css=&#8220;.vc_custom_1599812314505{margin-bottom: 0px !important;}&#8220;] Egg of Life Pflanzlich 100% PFLANZLICHE FLASCHE (ZUCKERROHR) WIEDERVERWENDBAR [\/vc_column_text][vc_column_text disable_pattern=&#8220;false&#8220; el_class=&#8220;prod-price&#8220; css=&#8220;.vc_custom_1599812152433{margin-bottom: 0px !important;}&#8220;][\/vc_column_text][vc_empty_space height=&#8220;50px&#8220; el_class=&#8220;prod-space1&#8243;][vc_column_text [&hellip;]<\/p>\n","protected":false},"author":1,"featured_media":0,"parent":0,"menu_order":3,"comment_status":"closed","ping_status":"closed","template":"","meta":{"_monsterinsights_skip_tracking":false,"_monsterinsights_sitenote_active":false,"_monsterinsights_sitenote_note":"","_monsterinsights_sitenote_category":0},"yoast_head":"<!-- This site is optimized with the Yoast SEO plugin v20.1 - https:\/\/yoast.com\/wordpress\/plugins\/seo\/ -->\n<title>Botella de vidrio Egg of Life: vitaliza los l\u00edquidos | Vitbot<\/title>\n<meta name=\"description\" content=\"Botella de vidrio reutilizable para agua u otros l\u00edquidos ideal para la oficina o el hogar. Fabricada en EU. Capacidad 500ml.\" \/>\n<meta name=\"robots\" content=\"index, follow, max-snippet:-1, max-image-preview:large, max-video-preview:-1\" \/>\n<link rel=\"canonical\" href=\"https:\/\/www.vitbot.com\/de\/egg-of-life-pflanzlich\" \/>\n<meta property=\"og:locale\" content=\"de_DE\" \/>\n<meta property=\"og:type\" content=\"article\" \/>\n<meta property=\"og:title\" content=\"Botella de vidrio Egg of Life: vitaliza los l\u00edquidos | Vitbot\" \/>\n<meta property=\"og:description\" content=\"Botella de vidrio reutilizable para agua u otros l\u00edquidos ideal para la oficina o el hogar. Fabricada en EU. Capacidad 500ml.\" \/>\n<meta property=\"og:url\" content=\"https:\/\/www.vitbot.com\/de\/egg-of-life-pflanzlich\" \/>\n<meta property=\"og:site_name\" content=\"Vitbot\" \/>\n<meta property=\"article:publisher\" content=\"https:\/\/www.facebook.com\/vitbotbottle\/\" \/>\n<meta property=\"article:modified_time\" content=\"2021-01-13T15:30:11+00:00\" \/>\n<meta name=\"twitter:card\" content=\"summary_large_image\" \/>\n<meta name=\"twitter:label1\" content=\"Gesch\u00e4tzte Lesezeit\" \/>\n\t<meta name=\"twitter:data1\" content=\"2\u00a0Minuten\" \/>\n<script type=\"application\/ld+json\" class=\"yoast-schema-graph\">{\"@context\":\"https:\/\/schema.org\",\"@graph\":[{\"@type\":\"WebPage\",\"@id\":\"https:\/\/www.vitbot.com\/de\/egg-of-life-pflanzlich\",\"url\":\"https:\/\/www.vitbot.com\/de\/egg-of-life-pflanzlich\",\"name\":\"Botella de vidrio Egg of Life: vitaliza los l\u00edquidos | Vitbot\",\"isPartOf\":{\"@id\":\"https:\/\/www.vitbot.com\/de#website\"},\"datePublished\":\"2020-09-11T11:51:35+00:00\",\"dateModified\":\"2021-01-13T15:30:11+00:00\",\"description\":\"Botella de vidrio reutilizable para agua u otros l\u00edquidos ideal para la oficina o el hogar. Fabricada en EU. Capacidad 500ml.\",\"breadcrumb\":{\"@id\":\"https:\/\/www.vitbot.com\/de\/egg-of-life-pflanzlich#breadcrumb\"},\"inLanguage\":\"de\",\"potentialAction\":[{\"@type\":\"ReadAction\",\"target\":[\"https:\/\/www.vitbot.com\/de\/egg-of-life-pflanzlich\"]}]},{\"@type\":\"BreadcrumbList\",\"@id\":\"https:\/\/www.vitbot.com\/de\/egg-of-life-pflanzlich#breadcrumb\",\"itemListElement\":[{\"@type\":\"ListItem\",\"position\":1,\"name\":\"Home\",\"item\":\"https:\/\/www.vitbot.com\/de\"},{\"@type\":\"ListItem\",\"position\":2,\"name\":\"Egg of Life Pflanzlich\"}]},{\"@type\":\"WebSite\",\"@id\":\"https:\/\/www.vitbot.com\/de#website\",\"url\":\"https:\/\/www.vitbot.com\/de\",\"name\":\"Vitbot\",\"description\":\"Best Reusable Water Bottles | Vortex Bottle | Vitalizer Bottle\",\"publisher\":{\"@id\":\"https:\/\/www.vitbot.com\/de#organization\"},\"potentialAction\":[{\"@type\":\"SearchAction\",\"target\":{\"@type\":\"EntryPoint\",\"urlTemplate\":\"https:\/\/www.vitbot.com\/de?s={search_term_string}\"},\"query-input\":\"required name=search_term_string\"}],\"inLanguage\":\"de\"},{\"@type\":\"Organization\",\"@id\":\"https:\/\/www.vitbot.com\/de#organization\",\"name\":\"Vitbot Europe,S.L. NIF B66180548 Tel\u00e8fon Correu info@vitbot.com Direcci\u00f3 C\/ Almeria 40 F Poblaci\u00f3 Tarrasa Codi postal 08226 Pa\u00eds Espanya\",\"url\":\"https:\/\/www.vitbot.com\/de\",\"logo\":{\"@type\":\"ImageObject\",\"inLanguage\":\"de\",\"@id\":\"https:\/\/www.vitbot.com\/de#\/schema\/logo\/image\/\",\"url\":\"https:\/\/www.vitbot.com\/wp-content\/uploads\/2017\/03\/vitbot_logo.png\",\"contentUrl\":\"https:\/\/www.vitbot.com\/wp-content\/uploads\/2017\/03\/vitbot_logo.png\",\"width\":84,\"height\":24,\"caption\":\"Vitbot Europe,S.L. NIF B66180548 Tel\u00e8fon Correu info@vitbot.com Direcci\u00f3 C\/ Almeria 40 F Poblaci\u00f3 Tarrasa Codi postal 08226 Pa\u00eds Espanya\"},\"image\":{\"@id\":\"https:\/\/www.vitbot.com\/de#\/schema\/logo\/image\/\"},\"sameAs\":[\"https:\/\/www.facebook.com\/vitbotbottle\/\",\"https:\/\/www.instagram.com\/vitbotofficial\/\"]}]}<\/script>\n<!-- \/ Yoast SEO plugin. -->","yoast_head_json":{"title":"Botella de vidrio Egg of Life: vitaliza los l\u00edquidos | Vitbot","description":"Botella de vidrio reutilizable para agua u otros l\u00edquidos ideal para la oficina o el hogar. Fabricada en EU. Capacidad 500ml.","robots":{"index":"index","follow":"follow","max-snippet":"max-snippet:-1","max-image-preview":"max-image-preview:large","max-video-preview":"max-video-preview:-1"},"canonical":"https:\/\/www.vitbot.com\/de\/egg-of-life-pflanzlich","og_locale":"de_DE","og_type":"article","og_title":"Botella de vidrio Egg of Life: vitaliza los l\u00edquidos | Vitbot","og_description":"Botella de vidrio reutilizable para agua u otros l\u00edquidos ideal para la oficina o el hogar. Fabricada en EU. Capacidad 500ml.","og_url":"https:\/\/www.vitbot.com\/de\/egg-of-life-pflanzlich","og_site_name":"Vitbot","article_publisher":"https:\/\/www.facebook.com\/vitbotbottle\/","article_modified_time":"2021-01-13T15:30:11+00:00","twitter_card":"summary_large_image","twitter_misc":{"Gesch\u00e4tzte Lesezeit":"2\u00a0Minuten"},"schema":{"@context":"https:\/\/schema.org","@graph":[{"@type":"WebPage","@id":"https:\/\/www.vitbot.com\/de\/egg-of-life-pflanzlich","url":"https:\/\/www.vitbot.com\/de\/egg-of-life-pflanzlich","name":"Botella de vidrio Egg of Life: vitaliza los l\u00edquidos | Vitbot","isPartOf":{"@id":"https:\/\/www.vitbot.com\/de#website"},"datePublished":"2020-09-11T11:51:35+00:00","dateModified":"2021-01-13T15:30:11+00:00","description":"Botella de vidrio reutilizable para agua u otros l\u00edquidos ideal para la oficina o el hogar. Fabricada en EU. Capacidad 500ml.","breadcrumb":{"@id":"https:\/\/www.vitbot.com\/de\/egg-of-life-pflanzlich#breadcrumb"},"inLanguage":"de","potentialAction":[{"@type":"ReadAction","target":["https:\/\/www.vitbot.com\/de\/egg-of-life-pflanzlich"]}]},{"@type":"BreadcrumbList","@id":"https:\/\/www.vitbot.com\/de\/egg-of-life-pflanzlich#breadcrumb","itemListElement":[{"@type":"ListItem","position":1,"name":"Home","item":"https:\/\/www.vitbot.com\/de"},{"@type":"ListItem","position":2,"name":"Egg of Life Pflanzlich"}]},{"@type":"WebSite","@id":"https:\/\/www.vitbot.com\/de#website","url":"https:\/\/www.vitbot.com\/de","name":"Vitbot","description":"Best Reusable Water Bottles | Vortex Bottle | Vitalizer Bottle","publisher":{"@id":"https:\/\/www.vitbot.com\/de#organization"},"potentialAction":[{"@type":"SearchAction","target":{"@type":"EntryPoint","urlTemplate":"https:\/\/www.vitbot.com\/de?s={search_term_string}"},"query-input":"required name=search_term_string"}],"inLanguage":"de"},{"@type":"Organization","@id":"https:\/\/www.vitbot.com\/de#organization","name":"Vitbot Europe,S.L. NIF B66180548 Tel\u00e8fon Correu info@vitbot.com Direcci\u00f3 C\/ Almeria 40 F Poblaci\u00f3 Tarrasa Codi postal 08226 Pa\u00eds Espanya","url":"https:\/\/www.vitbot.com\/de","logo":{"@type":"ImageObject","inLanguage":"de","@id":"https:\/\/www.vitbot.com\/de#\/schema\/logo\/image\/","url":"https:\/\/www.vitbot.com\/wp-content\/uploads\/2017\/03\/vitbot_logo.png","contentUrl":"https:\/\/www.vitbot.com\/wp-content\/uploads\/2017\/03\/vitbot_logo.png","width":84,"height":24,"caption":"Vitbot Europe,S.L. NIF B66180548 Tel\u00e8fon Correu info@vitbot.com Direcci\u00f3 C\/ Almeria 40 F Poblaci\u00f3 Tarrasa Codi postal 08226 Pa\u00eds Espanya"},"image":{"@id":"https:\/\/www.vitbot.com\/de#\/schema\/logo\/image\/"},"sameAs":["https:\/\/www.facebook.com\/vitbotbottle\/","https:\/\/www.instagram.com\/vitbotofficial\/"]}]}},"_links":{"self":[{"href":"https:\/\/www.vitbot.com\/de\/wp-json\/wp\/v2\/pages\/13896"}],"collection":[{"href":"https:\/\/www.vitbot.com\/de\/wp-json\/wp\/v2\/pages"}],"about":[{"href":"https:\/\/www.vitbot.com\/de\/wp-json\/wp\/v2\/types\/page"}],"author":[{"embeddable":true,"href":"https:\/\/www.vitbot.com\/de\/wp-json\/wp\/v2\/users\/1"}],"replies":[{"embeddable":true,"href":"https:\/\/www.vitbot.com\/de\/wp-json\/wp\/v2\/comments?post=13896"}],"version-history":[{"count":7,"href":"https:\/\/www.vitbot.com\/de\/wp-json\/wp\/v2\/pages\/13896\/revisions"}],"predecessor-version":[{"id":18547,"href":"https:\/\/www.vitbot.com\/de\/wp-json\/wp\/v2\/pages\/13896\/revisions\/18547"}],"wp:attachment":[{"href":"https:\/\/www.vitbot.com\/de\/wp-json\/wp\/v2\/media?parent=13896"}],"curies":[{"name":"wp","href":"https:\/\/api.w.org\/{rel}","templated":true}]}}