{"id":11848,"date":"2020-05-07T13:11:25","date_gmt":"2020-05-07T11:11:25","guid":{"rendered":"https:\/\/www.vitbot.com\/meerwasser-lod"},"modified":"2020-11-29T11:04:58","modified_gmt":"2020-11-29T09:04:58","slug":"meerwasser-lod","status":"publish","type":"page","link":"https:\/\/www.vitbot.com\/de\/meerwasser-lod","title":{"rendered":"Meerwasser LOD"},"content":{"rendered":"[vc_row][vc_column][vc_empty_space height=&#8220;30px&#8220; el_class=&#8220;prod-space9&#8243;][\/vc_column][\/vc_row][vc_row fullwidth=&#8220;true&#8220; equal_columns=&#8220;true&#8220;][vc_column css=&#8220;.vc_custom_1492591143501{background-color: #ffffff !important;background-position: center !important;background-repeat: no-repeat !important;background-size: cover !important;}&#8220;][vc_row_inner][vc_column_inner width=&#8220;1\/2&#8243;][vc_single_image image=&#8220;11822&#8243; img_size=&#8220;full&#8220; alignment=&#8220;center&#8220; el_class=&#8220;img_botella1&#8243;][\/vc_column_inner][vc_column_inner width=&#8220;1\/2&#8243;][vc_column_text disable_pattern=&#8220;false&#8220; el_class=&#8220;font-alternategn2d vitbot-color1 prod-tit1&#8243; css=&#8220;.vc_custom_1606640692124{margin-bottom: 0px !important;}&#8220;]\n<h2>MEERWASSER<\/h2>\n<h2>LOD, Living &amp; Organic Drinks<\/h2>\n<h4>HYPERTONISCH UND ULTRAFILTRIERTES<\/h4>\n[\/vc_column_text][vc_column_text disable_pattern=&#8220;false&#8220; el_class=&#8220;font-din2014-l vitbot-color1 prod-desc&#8220; css=&#8220;.vc_custom_1600437146124{margin-bottom: 0px !important;}&#8220;]<strong>Einf\u00fchrungsangebot:<\/strong><br \/>\n2 Flaschen LOD, in wiederverwendbaren, kobaltblauen Vitbot Glasflaschen + 2 Holzdeckel[\/vc_column_text][vc_column_text disable_pattern=&#8220;false&#8220; el_class=&#8220;prod-price&#8220; css=&#8220;.vc_custom_1588762265911{margin-bottom: 0px !important;}&#8220;]18&euro;[\/vc_column_text][vc_empty_space][vc_column_text disable_pattern=&#8220;false&#8220; el_class=&#8220;prod-add&#8220; css=&#8220;.vc_custom_1588762539947{margin-bottom: 0px !important;}&#8220;]<p class=\"product woocommerce add_to_cart_inline agua-btn\" style=\"border:4px solid #ccc; padding: 12px;\"><a rel=\"nofollow\" href=\"https:\/\/www.vitbot.com\/de\/produkt\/agua-de-mar-lod\" data-quantity=\"1\" data-product_id=\"11841\" data-product_sku=\"\" class=\"product_loop_button product_type_simple  ajax_add_to_cart\" data-product_id=\"11841\" data-product_sku=\"\" aria-label=\"Lese mehr \u00fcber &#8222;Meerwasser LOD - Pack 2&#8220;\" rel=\"nofollow\"><svg  class=\"mk-svg-icon\" data-name=\"mk-moon-search-3\" data-cacheid=\"icon-69f3b27a2b26f\" style=\" height:16px; width: 16px; \"  xmlns=\"http:\/\/www.w3.org\/2000\/svg\" viewBox=\"0 0 512 512\"><path d=\"M496.131 435.698l-121.276-103.147c-12.537-11.283-25.945-16.463-36.776-15.963 28.628-33.534 45.921-77.039 45.921-124.588 0-106.039-85.961-192-192-192-106.038 0-192 85.961-192 192s85.961 192 192 192c47.549 0 91.054-17.293 124.588-45.922-.5 10.831 4.68 24.239 15.963 36.776l103.147 121.276c17.661 19.623 46.511 21.277 64.11 3.678s15.946-46.449-3.677-64.11zm-304.131-115.698c-70.692 0-128-57.308-128-128s57.308-128 128-128 128 57.308 128 128-57.307 128-128 128z\"\/><\/svg><span class=\"product_loop_button_text\">Weiterlesen<\/a><\/p>[\/vc_column_text][\/vc_column_inner][\/vc_row_inner][vc_row_inner][vc_column_inner width=&#8220;1\/2&#8243;][vc_single_image image=&#8220;11828&#8243; img_size=&#8220;full&#8220; alignment=&#8220;center&#8220; el_class=&#8220;img_botella2&#8243;][\/vc_column_inner][vc_column_inner width=&#8220;1\/2&#8243;][vc_column_text disable_pattern=&#8220;false&#8220; el_class=&#8220;font-din2014-l vitbot-color1 prod-desc&#8220; css=&#8220;.vc_custom_1600437158828{margin-bottom: 0px !important;}&#8220;]<strong>Einf\u00fchrungsangebot:<\/strong><br \/>\n6 Flaschen LOD, in nicht wiederverwendbaren, kobaltblauen rPET Vitbot[\/vc_column_text][vc_column_text disable_pattern=&#8220;false&#8220; el_class=&#8220;prod-price&#8220; css=&#8220;.vc_custom_1588762299862{margin-bottom: 0px !important;}&#8220;]15&euro;[\/vc_column_text][vc_empty_space][vc_column_text disable_pattern=&#8220;false&#8220; el_class=&#8220;prod-add&#8220; css=&#8220;.vc_custom_1588762549332{margin-bottom: 0px !important;}&#8220;]<p class=\"product woocommerce add_to_cart_inline agua-btn\" style=\"border:4px solid #ccc; padding: 12px;\"><a rel=\"nofollow\" href=\"https:\/\/www.vitbot.com\/de\/produkt\/agua-de-mar-lod-pack-6\" data-quantity=\"1\" data-product_id=\"11838\" data-product_sku=\"\" class=\"product_loop_button product_type_simple  ajax_add_to_cart\" data-product_id=\"11838\" data-product_sku=\"\" aria-label=\"Lese mehr \u00fcber &#8222;Meerwasser LOD - Pack 6&#8220;\" rel=\"nofollow\"><svg  class=\"mk-svg-icon\" data-name=\"mk-moon-search-3\" data-cacheid=\"icon-69f3b27a2fbcc\" style=\" height:16px; width: 16px; \"  xmlns=\"http:\/\/www.w3.org\/2000\/svg\" viewBox=\"0 0 512 512\"><path d=\"M496.131 435.698l-121.276-103.147c-12.537-11.283-25.945-16.463-36.776-15.963 28.628-33.534 45.921-77.039 45.921-124.588 0-106.039-85.961-192-192-192-106.038 0-192 85.961-192 192s85.961 192 192 192c47.549 0 91.054-17.293 124.588-45.922-.5 10.831 4.68 24.239 15.963 36.776l103.147 121.276c17.661 19.623 46.511 21.277 64.11 3.678s15.946-46.449-3.677-64.11zm-304.131-115.698c-70.692 0-128-57.308-128-128s57.308-128 128-128 128 57.308 128 128-57.307 128-128 128z\"\/><\/svg><span class=\"product_loop_button_text\">Weiterlesen<\/a><\/p>[\/vc_column_text][vc_column_text disable_pattern=&#8220;false&#8220; el_class=&#8220;font-din2014-l vitbot-color1 prod-desc&#8220; css=&#8220;.vc_custom_1588843555735{margin-bottom: 0px !important;}&#8220;]F\u00fcllmenge: 555ml \/ \u00bd L<br \/>\nDie Glasflasche ist sp\u00fclmaschinenfest.<br \/>\nDer Holzdeckel muss von Hand gewaschen werden.<br \/>\nBPA-freie Kunststoff-Deckel.[\/vc_column_text][\/vc_column_inner][\/vc_row_inner][\/vc_column][\/vc_row][vc_row fullwidth=&#8220;true&#8220;][vc_column][vc_row_inner][vc_column_inner][vc_column_text disable_pattern=&#8220;false&#8220; css=&#8220;.vc_custom_1588843699871{margin-bottom: 0px !important;}&#8220;]Dank seines Gehalts an Calcium, Magnesium und Meeres-Pr\u00e4biotika remineralisiert es, spendet es Energie und reguliert es die Darmpassage.<\/p>\n<p>Ideal zur Nasensp\u00fclung, zum Gurgeln und als Mundwasser zur Desinfektion von Z\u00e4hnen und Zahnfleisch. Pflegt und reinigt die Haut. Zus\u00e4tzlich ist es gut f\u00fcr die Wundheilung, bei Pickeln oder Ekzemen.<\/p>\n<p>Dank seiner hohen Mineralisierung ist es ideal f\u00fcr Sportler und<span class=\"Apple-converted-space\">\u00a0 <\/span>hilft, sich auf nat\u00fcrliche Weise schnell von t\u00e4glicher k\u00f6rperlicher Anstrengung zu erholen.<\/p>\n<p>Der pH-Wert von 8,4 des Meerwassers ist gut f\u00fcr die Alkalisierung unseres K\u00f6rpers.<\/p>\n<p>Das Meerwasser wird im Naturpark Cabo de Gata, 1.3 km vor der K\u00fcste, in 38 Meter Tiefe gewonnen.<br \/>\nBei der Filtrierung unseres Meerwassers wird eine Mikrofiltrationsmembran mit einer Porengr\u00f6sse von 0,0000001mm verwandt durch die ein Mikroplastikst\u00fcck (0,001mm) unm\u00f6glich passiere kann.<\/p>\n<p>An der Natur inspiriert, ist das Design der Vitbot-Flaschen biomimetisch. Dank ihrer ovalen Form kann sich das Meerwasser im Inneren in Wirbelform bewegen. Dadurch bleibt eine einheitliche L\u00f6sung von Mineralien und Meeres-Pr\u00e4biotika bestehen und unser Organismus kann die Vorteile und Qualit\u00e4ten besser aufnehmen.<br \/>\nDie kobaltblaue Farbe sch\u00fctzt das Meerwasser oder Marine Plasma vor UV-Strahlen. Im Glasofen erh\u00e4lt die Glasflasche ihre kobaltblaue Farbe, sie ist nicht get\u00f6nt.[\/vc_column_text][\/vc_column_inner][\/vc_row_inner][\/vc_column][\/vc_row][vc_row fullwidth=&#8220;true&#8220; equal_columns=&#8220;true&#8220; attached=&#8220;true&#8220; css=&#8220;.vc_custom_1588092671316{margin-top: 0px !important;margin-bottom: 0px !important;}&#8220;][vc_column width=&#8220;1\/2&#8243;][vc_single_image image=&#8220;11809&#8243; img_size=&#8220;full&#8220; alignment=&#8220;center&#8220; css=&#8220;.vc_custom_1588844298577{margin-top: 0px !important;margin-bottom: 0px !important;}&#8220;][\/vc_column][vc_column width=&#8220;1\/2&#8243;][vc_single_image image=&#8220;11815&#8243; img_size=&#8220;full&#8220; alignment=&#8220;center&#8220; css=&#8220;.vc_custom_1588844332713{margin-top: 0px !important;margin-bottom: 0px !important;}&#8220;][\/vc_column][\/vc_row][vc_row][vc_column][vc_empty_space height=&#8220;60px&#8220; el_class=&#8220;prod-space9&#8243;][\/vc_column][\/vc_row]\n","protected":false},"excerpt":{"rendered":"<p>[vc_row][vc_column][vc_empty_space height=&#8220;30px&#8220; el_class=&#8220;prod-space9&#8243;][\/vc_column][\/vc_row][vc_row fullwidth=&#8220;true&#8220; equal_columns=&#8220;true&#8220;][vc_column css=&#8220;.vc_custom_1492591143501{background-color: #ffffff !important;background-position: center !important;background-repeat: no-repeat !important;background-size: cover !important;}&#8220;][vc_row_inner][vc_column_inner width=&#8220;1\/2&#8243;][vc_single_image image=&#8220;11822&#8243; img_size=&#8220;full&#8220; alignment=&#8220;center&#8220; el_class=&#8220;img_botella1&#8243;][\/vc_column_inner][vc_column_inner width=&#8220;1\/2&#8243;][vc_column_text disable_pattern=&#8220;false&#8220; el_class=&#8220;font-alternategn2d vitbot-color1 prod-tit1&#8243; css=&#8220;.vc_custom_1606640692124{margin-bottom: 0px !important;}&#8220;] MEERWASSER LOD, Living &amp; Organic Drinks HYPERTONISCH UND ULTRAFILTRIERTES [\/vc_column_text][vc_column_text disable_pattern=&#8220;false&#8220; el_class=&#8220;font-din2014-l vitbot-color1 prod-desc&#8220; css=&#8220;.vc_custom_1600437146124{margin-bottom: 0px !important;}&#8220;]Einf\u00fchrungsangebot: 2 Flaschen LOD, in wiederverwendbaren, kobaltblauen Vitbot Glasflaschen + 2 Holzdeckel[\/vc_column_text][vc_column_text [&hellip;]<\/p>\n","protected":false},"author":1,"featured_media":0,"parent":0,"menu_order":3,"comment_status":"closed","ping_status":"closed","template":"","meta":{"_monsterinsights_skip_tracking":false,"_monsterinsights_sitenote_active":false,"_monsterinsights_sitenote_note":"","_monsterinsights_sitenote_category":0},"yoast_head":"<!-- This site is optimized with the Yoast SEO plugin v20.1 - https:\/\/yoast.com\/wordpress\/plugins\/seo\/ -->\n<title>Meerwasser LOD - Vitbot<\/title>\n<meta name=\"robots\" content=\"index, follow, max-snippet:-1, max-image-preview:large, max-video-preview:-1\" \/>\n<link rel=\"canonical\" href=\"https:\/\/www.vitbot.com\/de\/meerwasser-lod\" \/>\n<meta property=\"og:locale\" content=\"de_DE\" \/>\n<meta property=\"og:type\" content=\"article\" \/>\n<meta property=\"og:title\" content=\"Meerwasser LOD - Vitbot\" \/>\n<meta property=\"og:description\" content=\"[vc_row][vc_column][vc_empty_space height=&#8220;30px&#8220; el_class=&#8220;prod-space9&#8243;][\/vc_column][\/vc_row][vc_row fullwidth=&#8220;true&#8220; equal_columns=&#8220;true&#8220;][vc_column css=&#8220;.vc_custom_1492591143501{background-color: #ffffff !important;background-position: center !important;background-repeat: no-repeat !important;background-size: cover !important;}&#8220;][vc_row_inner][vc_column_inner width=&#8220;1\/2&#8243;][vc_single_image image=&#8220;11822&#8243; img_size=&#8220;full&#8220; alignment=&#8220;center&#8220; el_class=&#8220;img_botella1&#8243;][\/vc_column_inner][vc_column_inner width=&#8220;1\/2&#8243;][vc_column_text disable_pattern=&#8220;false&#8220; el_class=&#8220;font-alternategn2d vitbot-color1 prod-tit1&#8243; css=&#8220;.vc_custom_1606640692124{margin-bottom: 0px !important;}&#8220;] MEERWASSER LOD, Living &amp; Organic Drinks HYPERTONISCH UND ULTRAFILTRIERTES [\/vc_column_text][vc_column_text disable_pattern=&#8220;false&#8220; el_class=&#8220;font-din2014-l vitbot-color1 prod-desc&#8220; css=&#8220;.vc_custom_1600437146124{margin-bottom: 0px !important;}&#8220;]Einf\u00fchrungsangebot: 2 Flaschen LOD, in wiederverwendbaren, kobaltblauen Vitbot Glasflaschen + 2 Holzdeckel[\/vc_column_text][vc_column_text [&hellip;]\" \/>\n<meta property=\"og:url\" content=\"https:\/\/www.vitbot.com\/de\/meerwasser-lod\" \/>\n<meta property=\"og:site_name\" content=\"Vitbot\" \/>\n<meta property=\"article:publisher\" content=\"https:\/\/www.facebook.com\/vitbotbottle\/\" \/>\n<meta property=\"article:modified_time\" content=\"2020-11-29T09:04:58+00:00\" \/>\n<meta name=\"twitter:card\" content=\"summary_large_image\" \/>\n<meta name=\"twitter:label1\" content=\"Gesch\u00e4tzte Lesezeit\" \/>\n\t<meta name=\"twitter:data1\" content=\"3\u00a0Minuten\" \/>\n<script type=\"application\/ld+json\" class=\"yoast-schema-graph\">{\"@context\":\"https:\/\/schema.org\",\"@graph\":[{\"@type\":\"WebPage\",\"@id\":\"https:\/\/www.vitbot.com\/de\/meerwasser-lod\",\"url\":\"https:\/\/www.vitbot.com\/de\/meerwasser-lod\",\"name\":\"Meerwasser LOD - Vitbot\",\"isPartOf\":{\"@id\":\"https:\/\/www.vitbot.com\/de#website\"},\"datePublished\":\"2020-05-07T11:11:25+00:00\",\"dateModified\":\"2020-11-29T09:04:58+00:00\",\"breadcrumb\":{\"@id\":\"https:\/\/www.vitbot.com\/de\/meerwasser-lod#breadcrumb\"},\"inLanguage\":\"de\",\"potentialAction\":[{\"@type\":\"ReadAction\",\"target\":[\"https:\/\/www.vitbot.com\/de\/meerwasser-lod\"]}]},{\"@type\":\"BreadcrumbList\",\"@id\":\"https:\/\/www.vitbot.com\/de\/meerwasser-lod#breadcrumb\",\"itemListElement\":[{\"@type\":\"ListItem\",\"position\":1,\"name\":\"Home\",\"item\":\"https:\/\/www.vitbot.com\/de\"},{\"@type\":\"ListItem\",\"position\":2,\"name\":\"Meerwasser LOD\"}]},{\"@type\":\"WebSite\",\"@id\":\"https:\/\/www.vitbot.com\/de#website\",\"url\":\"https:\/\/www.vitbot.com\/de\",\"name\":\"Vitbot\",\"description\":\"Best Reusable Water Bottles | Vortex Bottle | Vitalizer Bottle\",\"publisher\":{\"@id\":\"https:\/\/www.vitbot.com\/de#organization\"},\"potentialAction\":[{\"@type\":\"SearchAction\",\"target\":{\"@type\":\"EntryPoint\",\"urlTemplate\":\"https:\/\/www.vitbot.com\/de?s={search_term_string}\"},\"query-input\":\"required name=search_term_string\"}],\"inLanguage\":\"de\"},{\"@type\":\"Organization\",\"@id\":\"https:\/\/www.vitbot.com\/de#organization\",\"name\":\"Vitbot Europe,S.L. NIF B66180548 Tel\u00e8fon Correu info@vitbot.com Direcci\u00f3 C\/ Almeria 40 F Poblaci\u00f3 Tarrasa Codi postal 08226 Pa\u00eds Espanya\",\"url\":\"https:\/\/www.vitbot.com\/de\",\"logo\":{\"@type\":\"ImageObject\",\"inLanguage\":\"de\",\"@id\":\"https:\/\/www.vitbot.com\/de#\/schema\/logo\/image\/\",\"url\":\"https:\/\/www.vitbot.com\/wp-content\/uploads\/2017\/03\/vitbot_logo.png\",\"contentUrl\":\"https:\/\/www.vitbot.com\/wp-content\/uploads\/2017\/03\/vitbot_logo.png\",\"width\":84,\"height\":24,\"caption\":\"Vitbot Europe,S.L. NIF B66180548 Tel\u00e8fon Correu info@vitbot.com Direcci\u00f3 C\/ Almeria 40 F Poblaci\u00f3 Tarrasa Codi postal 08226 Pa\u00eds Espanya\"},\"image\":{\"@id\":\"https:\/\/www.vitbot.com\/de#\/schema\/logo\/image\/\"},\"sameAs\":[\"https:\/\/www.facebook.com\/vitbotbottle\/\",\"https:\/\/www.instagram.com\/vitbotofficial\/\"]}]}<\/script>\n<!-- \/ Yoast SEO plugin. -->","yoast_head_json":{"title":"Meerwasser LOD - Vitbot","robots":{"index":"index","follow":"follow","max-snippet":"max-snippet:-1","max-image-preview":"max-image-preview:large","max-video-preview":"max-video-preview:-1"},"canonical":"https:\/\/www.vitbot.com\/de\/meerwasser-lod","og_locale":"de_DE","og_type":"article","og_title":"Meerwasser LOD - Vitbot","og_description":"[vc_row][vc_column][vc_empty_space height=&#8220;30px&#8220; el_class=&#8220;prod-space9&#8243;][\/vc_column][\/vc_row][vc_row fullwidth=&#8220;true&#8220; equal_columns=&#8220;true&#8220;][vc_column css=&#8220;.vc_custom_1492591143501{background-color: #ffffff !important;background-position: center !important;background-repeat: no-repeat !important;background-size: cover !important;}&#8220;][vc_row_inner][vc_column_inner width=&#8220;1\/2&#8243;][vc_single_image image=&#8220;11822&#8243; img_size=&#8220;full&#8220; alignment=&#8220;center&#8220; el_class=&#8220;img_botella1&#8243;][\/vc_column_inner][vc_column_inner width=&#8220;1\/2&#8243;][vc_column_text disable_pattern=&#8220;false&#8220; el_class=&#8220;font-alternategn2d vitbot-color1 prod-tit1&#8243; css=&#8220;.vc_custom_1606640692124{margin-bottom: 0px !important;}&#8220;] MEERWASSER LOD, Living &amp; Organic Drinks HYPERTONISCH UND ULTRAFILTRIERTES [\/vc_column_text][vc_column_text disable_pattern=&#8220;false&#8220; el_class=&#8220;font-din2014-l vitbot-color1 prod-desc&#8220; css=&#8220;.vc_custom_1600437146124{margin-bottom: 0px !important;}&#8220;]Einf\u00fchrungsangebot: 2 Flaschen LOD, in wiederverwendbaren, kobaltblauen Vitbot Glasflaschen + 2 Holzdeckel[\/vc_column_text][vc_column_text [&hellip;]","og_url":"https:\/\/www.vitbot.com\/de\/meerwasser-lod","og_site_name":"Vitbot","article_publisher":"https:\/\/www.facebook.com\/vitbotbottle\/","article_modified_time":"2020-11-29T09:04:58+00:00","twitter_card":"summary_large_image","twitter_misc":{"Gesch\u00e4tzte Lesezeit":"3\u00a0Minuten"},"schema":{"@context":"https:\/\/schema.org","@graph":[{"@type":"WebPage","@id":"https:\/\/www.vitbot.com\/de\/meerwasser-lod","url":"https:\/\/www.vitbot.com\/de\/meerwasser-lod","name":"Meerwasser LOD - Vitbot","isPartOf":{"@id":"https:\/\/www.vitbot.com\/de#website"},"datePublished":"2020-05-07T11:11:25+00:00","dateModified":"2020-11-29T09:04:58+00:00","breadcrumb":{"@id":"https:\/\/www.vitbot.com\/de\/meerwasser-lod#breadcrumb"},"inLanguage":"de","potentialAction":[{"@type":"ReadAction","target":["https:\/\/www.vitbot.com\/de\/meerwasser-lod"]}]},{"@type":"BreadcrumbList","@id":"https:\/\/www.vitbot.com\/de\/meerwasser-lod#breadcrumb","itemListElement":[{"@type":"ListItem","position":1,"name":"Home","item":"https:\/\/www.vitbot.com\/de"},{"@type":"ListItem","position":2,"name":"Meerwasser LOD"}]},{"@type":"WebSite","@id":"https:\/\/www.vitbot.com\/de#website","url":"https:\/\/www.vitbot.com\/de","name":"Vitbot","description":"Best Reusable Water Bottles | Vortex Bottle | Vitalizer Bottle","publisher":{"@id":"https:\/\/www.vitbot.com\/de#organization"},"potentialAction":[{"@type":"SearchAction","target":{"@type":"EntryPoint","urlTemplate":"https:\/\/www.vitbot.com\/de?s={search_term_string}"},"query-input":"required name=search_term_string"}],"inLanguage":"de"},{"@type":"Organization","@id":"https:\/\/www.vitbot.com\/de#organization","name":"Vitbot Europe,S.L. NIF B66180548 Tel\u00e8fon Correu info@vitbot.com Direcci\u00f3 C\/ Almeria 40 F Poblaci\u00f3 Tarrasa Codi postal 08226 Pa\u00eds Espanya","url":"https:\/\/www.vitbot.com\/de","logo":{"@type":"ImageObject","inLanguage":"de","@id":"https:\/\/www.vitbot.com\/de#\/schema\/logo\/image\/","url":"https:\/\/www.vitbot.com\/wp-content\/uploads\/2017\/03\/vitbot_logo.png","contentUrl":"https:\/\/www.vitbot.com\/wp-content\/uploads\/2017\/03\/vitbot_logo.png","width":84,"height":24,"caption":"Vitbot Europe,S.L. NIF B66180548 Tel\u00e8fon Correu info@vitbot.com Direcci\u00f3 C\/ Almeria 40 F Poblaci\u00f3 Tarrasa Codi postal 08226 Pa\u00eds Espanya"},"image":{"@id":"https:\/\/www.vitbot.com\/de#\/schema\/logo\/image\/"},"sameAs":["https:\/\/www.facebook.com\/vitbotbottle\/","https:\/\/www.instagram.com\/vitbotofficial\/"]}]}},"_links":{"self":[{"href":"https:\/\/www.vitbot.com\/de\/wp-json\/wp\/v2\/pages\/11848"}],"collection":[{"href":"https:\/\/www.vitbot.com\/de\/wp-json\/wp\/v2\/pages"}],"about":[{"href":"https:\/\/www.vitbot.com\/de\/wp-json\/wp\/v2\/types\/page"}],"author":[{"embeddable":true,"href":"https:\/\/www.vitbot.com\/de\/wp-json\/wp\/v2\/users\/1"}],"replies":[{"embeddable":true,"href":"https:\/\/www.vitbot.com\/de\/wp-json\/wp\/v2\/comments?post=11848"}],"version-history":[{"count":5,"href":"https:\/\/www.vitbot.com\/de\/wp-json\/wp\/v2\/pages\/11848\/revisions"}],"predecessor-version":[{"id":16556,"href":"https:\/\/www.vitbot.com\/de\/wp-json\/wp\/v2\/pages\/11848\/revisions\/16556"}],"wp:attachment":[{"href":"https:\/\/www.vitbot.com\/de\/wp-json\/wp\/v2\/media?parent=11848"}],"curies":[{"name":"wp","href":"https:\/\/api.w.org\/{rel}","templated":true}]}}