{"id":1111,"date":"2017-05-02T21:12:57","date_gmt":"2017-05-02T19:12:57","guid":{"rendered":"https:\/\/www.vitbot.com\/unsere-mission"},"modified":"2017-05-03T08:50:22","modified_gmt":"2017-05-03T06:50:22","slug":"unsere-mission","status":"publish","type":"page","link":"https:\/\/www.vitbot.com\/de\/unsere-mission","title":{"rendered":"Unsere Mission"},"content":{"rendered":"[vc_row fullwidth=&#8220;true&#8220; equal_columns=&#8220;true&#8220; attached=&#8220;true&#8220; css=&#8220;.vc_custom_1492592768654{padding-top: 35px !important;padding-bottom: 10px !important;background-color: #322882 !important;}&#8220;][vc_column][vc_column_text disable_pattern=&#8220;false&#8220; align=&#8220;center&#8220; el_class=&#8220;vitbot-color3 font-alternategn2d nuestramision-tit1&#8243;]\n<h1>UNSERE MISSION:<br \/>\nEINE BOTSCHAFT IN JEDER FLASCHE<\/h1>\n[\/vc_column_text][\/vc_column][\/vc_row][vc_row css=&#8220;.vc_custom_1491157905840{margin-top: 50px !important;}&#8220;][vc_column width=&#8220;1\/2&#8243;][vc_column_text disable_pattern=&#8220;false&#8220; el_class=&#8220;font-din2014-l vitbot-color1 nuestramision-txt&#8220;]In unserer Kindheit liebten wir die Fernsehserie &#8222;Captain Lettuce&#8220;. Am Ende einer jeden Episode zeigte sich der gr\u00fcngekleidete Held \u2013 Captain Lettuce \u2013 noch einmal mit vor der Brust verschr\u00e4nkten Armen und rief: \u201eKleine Ver\u00e4nderungen bewirken viel.\u201c Das ist die Mission von Vitbot: Wir haben das Ziel, eine kleine, aber wirksame Ver\u00e4nderung in der Verpackungsindustrie f\u00fcr Nahrungsmittel und Getr\u00e4nke ansto\u00dfen. Dar\u00fcber hinaus m\u00f6chten wir au\u00dferdem die \u201eGeometrie des Lebens\u201c verbreiten.<\/p>\n<p>Unsere Flaschen sind mehr als nur Gef\u00e4\u00dfe \u2013 jede tr\u00e4gt die Botschaft \u00fcber die Technologie der Natur in sich.<\/p>\n<p>Die Form der Vitbot-Flaschen erinnert uns daran, dass die Natur die ovale Form benutzt, um Leben zu besch\u00fctzen und zu bewahren. Sie erinnert uns an die Form der Samen, Fr\u00fcchte, Eier und des Uterus, um nur einige Beispiele zu nennen.<br \/>\nDie Proportionen, in denen die Vitbot-Flaschen gefertigt wurden, erinnern uns an die Formel des Goldenen Schnitts, die wir im Wachstumsmuster der \u00c4ste eines Baumes, der Samen einer Sonnenblume, dem verzweigten Wachstum vieler Kakteen, vieler Schneckenh\u00e4user, unserer Fingerknochen, der Form unseres Innenohrs und unserer Ohrmuschel wiedererkennen k\u00f6nnen. [\/vc_column_text][\/vc_column][vc_column width=&#8220;1\/2&#8243;][vc_column_text disable_pattern=&#8220;false&#8220; el_class=&#8220;font-din2014-l vitbot-color1 nuestramision-txt&#8220;]Die Flaschen von Vitbot erm\u00f6glichen es Fl\u00fcssigkeiten, sich in Wirbeln zu bewegen, die uns an die Drehungen eines Hurrikans, Tornados, von Wind und Wasser in Quellen, Fl\u00fcssen und Ozeanen erinnert. Sie lassen uns erkennen, dass das Leben Bewegung braucht, um Energie optimal zu nutzen und zu bewahren, und um Leben aufrechtzuerhalten. Ohne Bewegung ist kein Leben m\u00f6glich.<\/p>\n<p>Die Vitbot-Flaschen entstanden aus der Beobachtung der Natur. Deshalb werden wir 5 % unserer Gewinne daf\u00fcr verwenden, all das Wissen, das wir aus der Natur erhalten haben, vor allem an Kinder und junge Menschen weiterzugeben, um ihnen die Augen zu \u00f6ffnen. Wir sind der \u00dcberzeugung, dass das tiefere Wissen um die Eigenschaften des Universums, in dem wir leben, uns zu weiseren und respektvolleren Menschen macht.<\/p>\n<p>Mit unseren Vitbot-Flaschen haben wir die einfache Handlung des Trinkens in einen Akt des Lebens verwandelt. Wir sind der \u00dcberzeugung, dass kleine allt\u00e4gliche Gesten die Macht haben, wirklich die Welt zu ver\u00e4ndern. [\/vc_column_text][\/vc_column][\/vc_row][vc_row][vc_column][vc_empty_space height=&#8220;75px&#8220;][\/vc_column][\/vc_row]\n","protected":false},"excerpt":{"rendered":"<p>[vc_row fullwidth=&#8220;true&#8220; equal_columns=&#8220;true&#8220; attached=&#8220;true&#8220; css=&#8220;.vc_custom_1492592768654{padding-top: 35px !important;padding-bottom: 10px !important;background-color: #322882 !important;}&#8220;][vc_column][vc_column_text disable_pattern=&#8220;false&#8220; align=&#8220;center&#8220; el_class=&#8220;vitbot-color3 font-alternategn2d nuestramision-tit1&#8243;] UNSERE MISSION: EINE BOTSCHAFT IN JEDER FLASCHE [\/vc_column_text][\/vc_column][\/vc_row][vc_row css=&#8220;.vc_custom_1491157905840{margin-top: 50px !important;}&#8220;][vc_column width=&#8220;1\/2&#8243;][vc_column_text disable_pattern=&#8220;false&#8220; el_class=&#8220;font-din2014-l vitbot-color1 nuestramision-txt&#8220;]In unserer Kindheit liebten wir die Fernsehserie &#8222;Captain Lettuce&#8220;. Am Ende einer jeden Episode zeigte sich der gr\u00fcngekleidete Held \u2013 Captain Lettuce \u2013 noch [&hellip;]<\/p>\n","protected":false},"author":1,"featured_media":0,"parent":0,"menu_order":31,"comment_status":"closed","ping_status":"closed","template":"","meta":{"_monsterinsights_skip_tracking":false,"_monsterinsights_sitenote_active":false,"_monsterinsights_sitenote_note":"","_monsterinsights_sitenote_category":0},"yoast_head":"<!-- This site is optimized with the Yoast SEO plugin v20.1 - https:\/\/yoast.com\/wordpress\/plugins\/seo\/ -->\n<title>Unsere Mission - Vitbot<\/title>\n<meta name=\"robots\" content=\"index, follow, max-snippet:-1, max-image-preview:large, max-video-preview:-1\" \/>\n<link rel=\"canonical\" href=\"https:\/\/www.vitbot.com\/de\/unsere-mission\" \/>\n<meta property=\"og:locale\" content=\"de_DE\" \/>\n<meta property=\"og:type\" content=\"article\" \/>\n<meta property=\"og:title\" content=\"Unsere Mission - Vitbot\" \/>\n<meta property=\"og:description\" content=\"[vc_row fullwidth=&#8220;true&#8220; equal_columns=&#8220;true&#8220; attached=&#8220;true&#8220; css=&#8220;.vc_custom_1492592768654{padding-top: 35px !important;padding-bottom: 10px !important;background-color: #322882 !important;}&#8220;][vc_column][vc_column_text disable_pattern=&#8220;false&#8220; align=&#8220;center&#8220; el_class=&#8220;vitbot-color3 font-alternategn2d nuestramision-tit1&#8243;] UNSERE MISSION: EINE BOTSCHAFT IN JEDER FLASCHE [\/vc_column_text][\/vc_column][\/vc_row][vc_row css=&#8220;.vc_custom_1491157905840{margin-top: 50px !important;}&#8220;][vc_column width=&#8220;1\/2&#8243;][vc_column_text disable_pattern=&#8220;false&#8220; el_class=&#8220;font-din2014-l vitbot-color1 nuestramision-txt&#8220;]In unserer Kindheit liebten wir die Fernsehserie &#8222;Captain Lettuce&#8220;. Am Ende einer jeden Episode zeigte sich der gr\u00fcngekleidete Held \u2013 Captain Lettuce \u2013 noch [&hellip;]\" \/>\n<meta property=\"og:url\" content=\"https:\/\/www.vitbot.com\/de\/unsere-mission\" \/>\n<meta property=\"og:site_name\" content=\"Vitbot\" \/>\n<meta property=\"article:publisher\" content=\"https:\/\/www.facebook.com\/vitbotbottle\/\" \/>\n<meta property=\"article:modified_time\" content=\"2017-05-03T06:50:22+00:00\" \/>\n<meta name=\"twitter:card\" content=\"summary_large_image\" \/>\n<meta name=\"twitter:label1\" content=\"Gesch\u00e4tzte Lesezeit\" \/>\n\t<meta name=\"twitter:data1\" content=\"2\u00a0Minuten\" \/>\n<script type=\"application\/ld+json\" class=\"yoast-schema-graph\">{\"@context\":\"https:\/\/schema.org\",\"@graph\":[{\"@type\":\"WebPage\",\"@id\":\"https:\/\/www.vitbot.com\/de\/unsere-mission\",\"url\":\"https:\/\/www.vitbot.com\/de\/unsere-mission\",\"name\":\"Unsere Mission - Vitbot\",\"isPartOf\":{\"@id\":\"https:\/\/www.vitbot.com\/de#website\"},\"datePublished\":\"2017-05-02T19:12:57+00:00\",\"dateModified\":\"2017-05-03T06:50:22+00:00\",\"breadcrumb\":{\"@id\":\"https:\/\/www.vitbot.com\/de\/unsere-mission#breadcrumb\"},\"inLanguage\":\"de\",\"potentialAction\":[{\"@type\":\"ReadAction\",\"target\":[\"https:\/\/www.vitbot.com\/de\/unsere-mission\"]}]},{\"@type\":\"BreadcrumbList\",\"@id\":\"https:\/\/www.vitbot.com\/de\/unsere-mission#breadcrumb\",\"itemListElement\":[{\"@type\":\"ListItem\",\"position\":1,\"name\":\"Home\",\"item\":\"https:\/\/www.vitbot.com\/de\"},{\"@type\":\"ListItem\",\"position\":2,\"name\":\"Unsere Mission\"}]},{\"@type\":\"WebSite\",\"@id\":\"https:\/\/www.vitbot.com\/de#website\",\"url\":\"https:\/\/www.vitbot.com\/de\",\"name\":\"Vitbot\",\"description\":\"Best Reusable Water Bottles | Vortex Bottle | Vitalizer Bottle\",\"publisher\":{\"@id\":\"https:\/\/www.vitbot.com\/de#organization\"},\"potentialAction\":[{\"@type\":\"SearchAction\",\"target\":{\"@type\":\"EntryPoint\",\"urlTemplate\":\"https:\/\/www.vitbot.com\/de?s={search_term_string}\"},\"query-input\":\"required name=search_term_string\"}],\"inLanguage\":\"de\"},{\"@type\":\"Organization\",\"@id\":\"https:\/\/www.vitbot.com\/de#organization\",\"name\":\"Vitbot Europe,S.L. NIF B66180548 Tel\u00e8fon Correu info@vitbot.com Direcci\u00f3 C\/ Almeria 40 F Poblaci\u00f3 Tarrasa Codi postal 08226 Pa\u00eds Espanya\",\"url\":\"https:\/\/www.vitbot.com\/de\",\"logo\":{\"@type\":\"ImageObject\",\"inLanguage\":\"de\",\"@id\":\"https:\/\/www.vitbot.com\/de#\/schema\/logo\/image\/\",\"url\":\"https:\/\/www.vitbot.com\/wp-content\/uploads\/2017\/03\/vitbot_logo.png\",\"contentUrl\":\"https:\/\/www.vitbot.com\/wp-content\/uploads\/2017\/03\/vitbot_logo.png\",\"width\":84,\"height\":24,\"caption\":\"Vitbot Europe,S.L. NIF B66180548 Tel\u00e8fon Correu info@vitbot.com Direcci\u00f3 C\/ Almeria 40 F Poblaci\u00f3 Tarrasa Codi postal 08226 Pa\u00eds Espanya\"},\"image\":{\"@id\":\"https:\/\/www.vitbot.com\/de#\/schema\/logo\/image\/\"},\"sameAs\":[\"https:\/\/www.facebook.com\/vitbotbottle\/\",\"https:\/\/www.instagram.com\/vitbotofficial\/\"]}]}<\/script>\n<!-- \/ Yoast SEO plugin. -->","yoast_head_json":{"title":"Unsere Mission - Vitbot","robots":{"index":"index","follow":"follow","max-snippet":"max-snippet:-1","max-image-preview":"max-image-preview:large","max-video-preview":"max-video-preview:-1"},"canonical":"https:\/\/www.vitbot.com\/de\/unsere-mission","og_locale":"de_DE","og_type":"article","og_title":"Unsere Mission - Vitbot","og_description":"[vc_row fullwidth=&#8220;true&#8220; equal_columns=&#8220;true&#8220; attached=&#8220;true&#8220; css=&#8220;.vc_custom_1492592768654{padding-top: 35px !important;padding-bottom: 10px !important;background-color: #322882 !important;}&#8220;][vc_column][vc_column_text disable_pattern=&#8220;false&#8220; align=&#8220;center&#8220; el_class=&#8220;vitbot-color3 font-alternategn2d nuestramision-tit1&#8243;] UNSERE MISSION: EINE BOTSCHAFT IN JEDER FLASCHE [\/vc_column_text][\/vc_column][\/vc_row][vc_row css=&#8220;.vc_custom_1491157905840{margin-top: 50px !important;}&#8220;][vc_column width=&#8220;1\/2&#8243;][vc_column_text disable_pattern=&#8220;false&#8220; el_class=&#8220;font-din2014-l vitbot-color1 nuestramision-txt&#8220;]In unserer Kindheit liebten wir die Fernsehserie &#8222;Captain Lettuce&#8220;. Am Ende einer jeden Episode zeigte sich der gr\u00fcngekleidete Held \u2013 Captain Lettuce \u2013 noch [&hellip;]","og_url":"https:\/\/www.vitbot.com\/de\/unsere-mission","og_site_name":"Vitbot","article_publisher":"https:\/\/www.facebook.com\/vitbotbottle\/","article_modified_time":"2017-05-03T06:50:22+00:00","twitter_card":"summary_large_image","twitter_misc":{"Gesch\u00e4tzte Lesezeit":"2\u00a0Minuten"},"schema":{"@context":"https:\/\/schema.org","@graph":[{"@type":"WebPage","@id":"https:\/\/www.vitbot.com\/de\/unsere-mission","url":"https:\/\/www.vitbot.com\/de\/unsere-mission","name":"Unsere Mission - Vitbot","isPartOf":{"@id":"https:\/\/www.vitbot.com\/de#website"},"datePublished":"2017-05-02T19:12:57+00:00","dateModified":"2017-05-03T06:50:22+00:00","breadcrumb":{"@id":"https:\/\/www.vitbot.com\/de\/unsere-mission#breadcrumb"},"inLanguage":"de","potentialAction":[{"@type":"ReadAction","target":["https:\/\/www.vitbot.com\/de\/unsere-mission"]}]},{"@type":"BreadcrumbList","@id":"https:\/\/www.vitbot.com\/de\/unsere-mission#breadcrumb","itemListElement":[{"@type":"ListItem","position":1,"name":"Home","item":"https:\/\/www.vitbot.com\/de"},{"@type":"ListItem","position":2,"name":"Unsere Mission"}]},{"@type":"WebSite","@id":"https:\/\/www.vitbot.com\/de#website","url":"https:\/\/www.vitbot.com\/de","name":"Vitbot","description":"Best Reusable Water Bottles | Vortex Bottle | Vitalizer Bottle","publisher":{"@id":"https:\/\/www.vitbot.com\/de#organization"},"potentialAction":[{"@type":"SearchAction","target":{"@type":"EntryPoint","urlTemplate":"https:\/\/www.vitbot.com\/de?s={search_term_string}"},"query-input":"required name=search_term_string"}],"inLanguage":"de"},{"@type":"Organization","@id":"https:\/\/www.vitbot.com\/de#organization","name":"Vitbot Europe,S.L. NIF B66180548 Tel\u00e8fon Correu info@vitbot.com Direcci\u00f3 C\/ Almeria 40 F Poblaci\u00f3 Tarrasa Codi postal 08226 Pa\u00eds Espanya","url":"https:\/\/www.vitbot.com\/de","logo":{"@type":"ImageObject","inLanguage":"de","@id":"https:\/\/www.vitbot.com\/de#\/schema\/logo\/image\/","url":"https:\/\/www.vitbot.com\/wp-content\/uploads\/2017\/03\/vitbot_logo.png","contentUrl":"https:\/\/www.vitbot.com\/wp-content\/uploads\/2017\/03\/vitbot_logo.png","width":84,"height":24,"caption":"Vitbot Europe,S.L. NIF B66180548 Tel\u00e8fon Correu info@vitbot.com Direcci\u00f3 C\/ Almeria 40 F Poblaci\u00f3 Tarrasa Codi postal 08226 Pa\u00eds Espanya"},"image":{"@id":"https:\/\/www.vitbot.com\/de#\/schema\/logo\/image\/"},"sameAs":["https:\/\/www.facebook.com\/vitbotbottle\/","https:\/\/www.instagram.com\/vitbotofficial\/"]}]}},"_links":{"self":[{"href":"https:\/\/www.vitbot.com\/de\/wp-json\/wp\/v2\/pages\/1111"}],"collection":[{"href":"https:\/\/www.vitbot.com\/de\/wp-json\/wp\/v2\/pages"}],"about":[{"href":"https:\/\/www.vitbot.com\/de\/wp-json\/wp\/v2\/types\/page"}],"author":[{"embeddable":true,"href":"https:\/\/www.vitbot.com\/de\/wp-json\/wp\/v2\/users\/1"}],"replies":[{"embeddable":true,"href":"https:\/\/www.vitbot.com\/de\/wp-json\/wp\/v2\/comments?post=1111"}],"version-history":[{"count":0,"href":"https:\/\/www.vitbot.com\/de\/wp-json\/wp\/v2\/pages\/1111\/revisions"}],"wp:attachment":[{"href":"https:\/\/www.vitbot.com\/de\/wp-json\/wp\/v2\/media?parent=1111"}],"curies":[{"name":"wp","href":"https:\/\/api.w.org\/{rel}","templated":true}]}}