{"id":1109,"date":"2017-05-02T21:12:14","date_gmt":"2017-05-02T19:12:14","guid":{"rendered":"https:\/\/www.vitbot.com\/uber-uns"},"modified":"2018-10-05T09:42:26","modified_gmt":"2018-10-05T07:42:26","slug":"uber-uns","status":"publish","type":"page","link":"https:\/\/www.vitbot.com\/de\/uber-uns","title":{"rendered":"\u00dcber Uns"},"content":{"rendered":"[vc_row fullwidth=&#8220;true&#8220; equal_columns=&#8220;true&#8220; css=&#8220;.vc_custom_1490864043520{background-color: #ffffff !important;}&#8220;][vc_column][vc_single_image image=&#8220;186&#8243; img_size=&#8220;full&#8220; css=&#8220;.vc_custom_1490287995717{margin: 0px !important;}&#8220;][\/vc_column][\/vc_row][vc_row css=&#8220;.vc_custom_1490287549845{background-color: #ffffff !important;}&#8220;][vc_column width=&#8220;1\/2&#8243;][vc_empty_space height=&#8220;45px&#8220;][vc_column_text disable_pattern=&#8220;false&#8220; el_class=&#8220;nosotros-titfun vitbot-color1 font-din2014-b&#8220;]\n<h1>DIE GR\u00dcNDER<\/h1>\n[\/vc_column_text][vc_column_text disable_pattern=&#8220;false&#8220; el_class=&#8220;nosotros-subtitnom vitbot-color2 font-din2014-l&#8220;]\n<h3><strong>ANTONIO LOZANO DOM\u00c8NECH<\/strong> &#8211; Dr. in Politikwissenschaften und Soziologie an der Universit\u00e4t Complutense in Madrid und Master in Business Management am Ingenieursinstituts der Polytechnischen Universit\u00e4t von Katalonien.<\/h3>\n<h3><strong>DOLORS MARTORELL REYES<\/strong> &#8211; Bachelor in Informationswissenschaften an der Autonomen Universit\u00e4t von Barcelona und Master in therapeutischer P\u00e4dagogik an der Autonomen Universit\u00e4t von Barcelona.<\/h3>\n[\/vc_column_text][vc_empty_space height=&#8220;45px&#8220; el_class=&#8220;nosotros-space1&#8243;][\/vc_column][vc_column width=&#8220;1\/2&#8243;][\/vc_column][\/vc_row][vc_row][vc_column width=&#8220;1\/2&#8243;][vc_column_text disable_pattern=&#8220;false&#8220; el_class=&#8220;font-din2014-l nosotros-txt&#8220; css=&#8220;.vc_custom_1538666578039{margin-bottom: 0px !important;}&#8220;]Was als ein Unternehmen im Bereich der Wasseraufbereitung begann, hat uns dazu gebracht, die Welt mit neuen Augen zu sehen. Dank unserer Passion f\u00fcr die faszinierende Fl\u00fcssigkeit Wasser, dessen Mysterien und Geheimnisse bereits zahlreiche Wissenschaftler besch\u00e4ftigt haben, haben wir die Sprache der Natur f\u00fcr uns entdeckt. Uns ist klargeworden, dass die Natur versucht, mit maximaler Effizienz Leben zu schaffen und zu erhalten. Um dies zu erreichen, bedient sie sich der Attribute Form, Bewegung und Wachstumsmuster.<\/p>\n<p>Wir haben lange Zeit auf einem von Wald umgebenen Hof gelebt und dort die Fr\u00fcchte unseres kleinen Gartens geerntet. Indem wir im Einklang mit der Natur lebten, konnten wir den Kreislauf des Lebens beobachten: Die wirbelf\u00f6rmige Bewegung des Himmels, des Windes, der Regentropfen, die vom Himmel fallen, des Quellwassers, Flusswassers, Meerwassers und so weiter. Wir studierten die Form von Samen, die es m\u00f6glich macht, das Ged\u00e4chtnis von Pflanzen zu bewahren, bis sie gepflanzt werden. Wir studierten die ovale Form von Eiern, den K\u00f6rper aller Wirbel- und wirbellosen Tiere. Wir beobachteten das Wachstum von sich \u00fcberlagernden und st\u00e4ndig im Wechsel befindlichen Baum\u00e4sten und Pflanzen, das dem Goldenen Schnitt folgt, um das Maximum aus dem vorhandenen Sonnenlicht und Regenwasser herauszuholen.[\/vc_column_text][vc_empty_space height=&#8220;90px&#8220; el_class=&#8220;nosotros-space2&#8243;][\/vc_column][vc_column width=&#8220;1\/2&#8243;][vc_column_text disable_pattern=&#8220;false&#8220; el_class=&#8220;font-din2014-l nosotros-txt&#8220; css=&#8220;.vc_custom_1538725274123{margin-bottom: 0px !important;}&#8220;]All das bewog uns dazu, 2014 nach Kalifornien \u00fcberzusiedeln und dort die Vitbot-Flaschen zu entwerfen und zu erzeugen. Vitbot wurde mit dem Ziel gegr\u00fcndet, ein Produkt \u2013 die Vitbot-Flasche \u2013 zu schaffen und gleichzeitig eine Botschaft zu \u00fcbermitteln: Die Form des Beh\u00e4lters ist ein Schl\u00fcsselfaktor f\u00fcr wirbelf\u00f6rmige Bewegung und dank dieser Bewegung f\u00fcr die Aufrechterhaltung der Vitalit\u00e4t von Getr\u00e4nken.<\/p>\n<p>Unsere Gesellschaft hat im Bereich der Ern\u00e4hrung einen riesigen Schritt nach vorne gemacht. Immer mehr Kunden verlangen nach umweltfreundlichen Produkten und immer mehr Hersteller tragen diesem Bed\u00fcrfnis Rechnung. Die gesamte Lebensmittelkette wurde aufgewertet \u2013 vom Ursprung der Rohstoffe bis zur Verpackung. Doch bei der Abf\u00fcllung fl\u00fcssiger Nahrungsmittel hat sich nicht viel ver\u00e4ndert. Es werden zwar h\u00e4ufiger Glasflaschen verwendet, aber beim Design der Flaschen gab es bislang keine grundlegenden Innovationen, die dem neuen Bewusstsein Rechnung tragen.<\/p>\n<p>Mit Vitbot m\u00f6chten wir zur Weiterentwicklung der Wasser- und generellen Fl\u00fcssigkeitsabf\u00fcllung beitragen, von der in der Folge nicht nur die Getr\u00e4nke, sondern auch wir Menschen und unser Planet profitieren werden.[\/vc_column_text][\/vc_column][\/vc_row][vc_row][vc_column][vc_empty_space el_class=&#8220;nosotros-space3&#8243;][\/vc_column][\/vc_row]\n","protected":false},"excerpt":{"rendered":"<p>[vc_row fullwidth=&#8220;true&#8220; equal_columns=&#8220;true&#8220; css=&#8220;.vc_custom_1490864043520{background-color: #ffffff !important;}&#8220;][vc_column][vc_single_image image=&#8220;186&#8243; img_size=&#8220;full&#8220; css=&#8220;.vc_custom_1490287995717{margin: 0px !important;}&#8220;][\/vc_column][\/vc_row][vc_row css=&#8220;.vc_custom_1490287549845{background-color: #ffffff !important;}&#8220;][vc_column width=&#8220;1\/2&#8243;][vc_empty_space height=&#8220;45px&#8220;][vc_column_text disable_pattern=&#8220;false&#8220; el_class=&#8220;nosotros-titfun vitbot-color1 font-din2014-b&#8220;] DIE GR\u00dcNDER [\/vc_column_text][vc_column_text disable_pattern=&#8220;false&#8220; el_class=&#8220;nosotros-subtitnom vitbot-color2 font-din2014-l&#8220;] ANTONIO LOZANO DOM\u00c8NECH &#8211; Dr. in Politikwissenschaften und Soziologie an der Universit\u00e4t Complutense in Madrid und Master in Business Management am Ingenieursinstituts der Polytechnischen Universit\u00e4t von Katalonien. DOLORS [&hellip;]<\/p>\n","protected":false},"author":1,"featured_media":0,"parent":0,"menu_order":6,"comment_status":"closed","ping_status":"closed","template":"","meta":{"_monsterinsights_skip_tracking":false,"_monsterinsights_sitenote_active":false,"_monsterinsights_sitenote_note":"","_monsterinsights_sitenote_category":0},"yoast_head":"<!-- This site is optimized with the Yoast SEO plugin v20.1 - https:\/\/yoast.com\/wordpress\/plugins\/seo\/ -->\n<title>\u00dcber Uns - Vitbot<\/title>\n<meta name=\"robots\" content=\"index, follow, max-snippet:-1, max-image-preview:large, max-video-preview:-1\" \/>\n<link rel=\"canonical\" href=\"https:\/\/www.vitbot.com\/de\/uber-uns\" \/>\n<meta property=\"og:locale\" content=\"de_DE\" \/>\n<meta property=\"og:type\" content=\"article\" \/>\n<meta property=\"og:title\" content=\"\u00dcber Uns - Vitbot\" \/>\n<meta property=\"og:description\" content=\"[vc_row fullwidth=&#8220;true&#8220; equal_columns=&#8220;true&#8220; css=&#8220;.vc_custom_1490864043520{background-color: #ffffff !important;}&#8220;][vc_column][vc_single_image image=&#8220;186&#8243; img_size=&#8220;full&#8220; css=&#8220;.vc_custom_1490287995717{margin: 0px !important;}&#8220;][\/vc_column][\/vc_row][vc_row css=&#8220;.vc_custom_1490287549845{background-color: #ffffff !important;}&#8220;][vc_column width=&#8220;1\/2&#8243;][vc_empty_space height=&#8220;45px&#8220;][vc_column_text disable_pattern=&#8220;false&#8220; el_class=&#8220;nosotros-titfun vitbot-color1 font-din2014-b&#8220;] DIE GR\u00dcNDER [\/vc_column_text][vc_column_text disable_pattern=&#8220;false&#8220; el_class=&#8220;nosotros-subtitnom vitbot-color2 font-din2014-l&#8220;] ANTONIO LOZANO DOM\u00c8NECH &#8211; Dr. in Politikwissenschaften und Soziologie an der Universit\u00e4t Complutense in Madrid und Master in Business Management am Ingenieursinstituts der Polytechnischen Universit\u00e4t von Katalonien. DOLORS [&hellip;]\" \/>\n<meta property=\"og:url\" content=\"https:\/\/www.vitbot.com\/de\/uber-uns\" \/>\n<meta property=\"og:site_name\" content=\"Vitbot\" \/>\n<meta property=\"article:publisher\" content=\"https:\/\/www.facebook.com\/vitbotbottle\/\" \/>\n<meta property=\"article:modified_time\" content=\"2018-10-05T07:42:26+00:00\" \/>\n<meta name=\"twitter:card\" content=\"summary_large_image\" \/>\n<meta name=\"twitter:label1\" content=\"Gesch\u00e4tzte Lesezeit\" \/>\n\t<meta name=\"twitter:data1\" content=\"3\u00a0Minuten\" \/>\n<script type=\"application\/ld+json\" class=\"yoast-schema-graph\">{\"@context\":\"https:\/\/schema.org\",\"@graph\":[{\"@type\":\"WebPage\",\"@id\":\"https:\/\/www.vitbot.com\/de\/uber-uns\",\"url\":\"https:\/\/www.vitbot.com\/de\/uber-uns\",\"name\":\"\u00dcber Uns - Vitbot\",\"isPartOf\":{\"@id\":\"https:\/\/www.vitbot.com\/de#website\"},\"datePublished\":\"2017-05-02T19:12:14+00:00\",\"dateModified\":\"2018-10-05T07:42:26+00:00\",\"breadcrumb\":{\"@id\":\"https:\/\/www.vitbot.com\/de\/uber-uns#breadcrumb\"},\"inLanguage\":\"de\",\"potentialAction\":[{\"@type\":\"ReadAction\",\"target\":[\"https:\/\/www.vitbot.com\/de\/uber-uns\"]}]},{\"@type\":\"BreadcrumbList\",\"@id\":\"https:\/\/www.vitbot.com\/de\/uber-uns#breadcrumb\",\"itemListElement\":[{\"@type\":\"ListItem\",\"position\":1,\"name\":\"Home\",\"item\":\"https:\/\/www.vitbot.com\/de\"},{\"@type\":\"ListItem\",\"position\":2,\"name\":\"\u00dcber Uns\"}]},{\"@type\":\"WebSite\",\"@id\":\"https:\/\/www.vitbot.com\/de#website\",\"url\":\"https:\/\/www.vitbot.com\/de\",\"name\":\"Vitbot\",\"description\":\"Best Reusable Water Bottles | Vortex Bottle | Vitalizer Bottle\",\"publisher\":{\"@id\":\"https:\/\/www.vitbot.com\/de#organization\"},\"potentialAction\":[{\"@type\":\"SearchAction\",\"target\":{\"@type\":\"EntryPoint\",\"urlTemplate\":\"https:\/\/www.vitbot.com\/de?s={search_term_string}\"},\"query-input\":\"required name=search_term_string\"}],\"inLanguage\":\"de\"},{\"@type\":\"Organization\",\"@id\":\"https:\/\/www.vitbot.com\/de#organization\",\"name\":\"Vitbot Europe,S.L. NIF B66180548 Tel\u00e8fon Correu info@vitbot.com Direcci\u00f3 C\/ Almeria 40 F Poblaci\u00f3 Tarrasa Codi postal 08226 Pa\u00eds Espanya\",\"url\":\"https:\/\/www.vitbot.com\/de\",\"logo\":{\"@type\":\"ImageObject\",\"inLanguage\":\"de\",\"@id\":\"https:\/\/www.vitbot.com\/de#\/schema\/logo\/image\/\",\"url\":\"https:\/\/www.vitbot.com\/wp-content\/uploads\/2017\/03\/vitbot_logo.png\",\"contentUrl\":\"https:\/\/www.vitbot.com\/wp-content\/uploads\/2017\/03\/vitbot_logo.png\",\"width\":84,\"height\":24,\"caption\":\"Vitbot Europe,S.L. NIF B66180548 Tel\u00e8fon Correu info@vitbot.com Direcci\u00f3 C\/ Almeria 40 F Poblaci\u00f3 Tarrasa Codi postal 08226 Pa\u00eds Espanya\"},\"image\":{\"@id\":\"https:\/\/www.vitbot.com\/de#\/schema\/logo\/image\/\"},\"sameAs\":[\"https:\/\/www.facebook.com\/vitbotbottle\/\",\"https:\/\/www.instagram.com\/vitbotofficial\/\"]}]}<\/script>\n<!-- \/ Yoast SEO plugin. -->","yoast_head_json":{"title":"\u00dcber Uns - Vitbot","robots":{"index":"index","follow":"follow","max-snippet":"max-snippet:-1","max-image-preview":"max-image-preview:large","max-video-preview":"max-video-preview:-1"},"canonical":"https:\/\/www.vitbot.com\/de\/uber-uns","og_locale":"de_DE","og_type":"article","og_title":"\u00dcber Uns - Vitbot","og_description":"[vc_row fullwidth=&#8220;true&#8220; equal_columns=&#8220;true&#8220; css=&#8220;.vc_custom_1490864043520{background-color: #ffffff !important;}&#8220;][vc_column][vc_single_image image=&#8220;186&#8243; img_size=&#8220;full&#8220; css=&#8220;.vc_custom_1490287995717{margin: 0px !important;}&#8220;][\/vc_column][\/vc_row][vc_row css=&#8220;.vc_custom_1490287549845{background-color: #ffffff !important;}&#8220;][vc_column width=&#8220;1\/2&#8243;][vc_empty_space height=&#8220;45px&#8220;][vc_column_text disable_pattern=&#8220;false&#8220; el_class=&#8220;nosotros-titfun vitbot-color1 font-din2014-b&#8220;] DIE GR\u00dcNDER [\/vc_column_text][vc_column_text disable_pattern=&#8220;false&#8220; el_class=&#8220;nosotros-subtitnom vitbot-color2 font-din2014-l&#8220;] ANTONIO LOZANO DOM\u00c8NECH &#8211; Dr. in Politikwissenschaften und Soziologie an der Universit\u00e4t Complutense in Madrid und Master in Business Management am Ingenieursinstituts der Polytechnischen Universit\u00e4t von Katalonien. DOLORS [&hellip;]","og_url":"https:\/\/www.vitbot.com\/de\/uber-uns","og_site_name":"Vitbot","article_publisher":"https:\/\/www.facebook.com\/vitbotbottle\/","article_modified_time":"2018-10-05T07:42:26+00:00","twitter_card":"summary_large_image","twitter_misc":{"Gesch\u00e4tzte Lesezeit":"3\u00a0Minuten"},"schema":{"@context":"https:\/\/schema.org","@graph":[{"@type":"WebPage","@id":"https:\/\/www.vitbot.com\/de\/uber-uns","url":"https:\/\/www.vitbot.com\/de\/uber-uns","name":"\u00dcber Uns - Vitbot","isPartOf":{"@id":"https:\/\/www.vitbot.com\/de#website"},"datePublished":"2017-05-02T19:12:14+00:00","dateModified":"2018-10-05T07:42:26+00:00","breadcrumb":{"@id":"https:\/\/www.vitbot.com\/de\/uber-uns#breadcrumb"},"inLanguage":"de","potentialAction":[{"@type":"ReadAction","target":["https:\/\/www.vitbot.com\/de\/uber-uns"]}]},{"@type":"BreadcrumbList","@id":"https:\/\/www.vitbot.com\/de\/uber-uns#breadcrumb","itemListElement":[{"@type":"ListItem","position":1,"name":"Home","item":"https:\/\/www.vitbot.com\/de"},{"@type":"ListItem","position":2,"name":"\u00dcber Uns"}]},{"@type":"WebSite","@id":"https:\/\/www.vitbot.com\/de#website","url":"https:\/\/www.vitbot.com\/de","name":"Vitbot","description":"Best Reusable Water Bottles | Vortex Bottle | Vitalizer Bottle","publisher":{"@id":"https:\/\/www.vitbot.com\/de#organization"},"potentialAction":[{"@type":"SearchAction","target":{"@type":"EntryPoint","urlTemplate":"https:\/\/www.vitbot.com\/de?s={search_term_string}"},"query-input":"required name=search_term_string"}],"inLanguage":"de"},{"@type":"Organization","@id":"https:\/\/www.vitbot.com\/de#organization","name":"Vitbot Europe,S.L. NIF B66180548 Tel\u00e8fon Correu info@vitbot.com Direcci\u00f3 C\/ Almeria 40 F Poblaci\u00f3 Tarrasa Codi postal 08226 Pa\u00eds Espanya","url":"https:\/\/www.vitbot.com\/de","logo":{"@type":"ImageObject","inLanguage":"de","@id":"https:\/\/www.vitbot.com\/de#\/schema\/logo\/image\/","url":"https:\/\/www.vitbot.com\/wp-content\/uploads\/2017\/03\/vitbot_logo.png","contentUrl":"https:\/\/www.vitbot.com\/wp-content\/uploads\/2017\/03\/vitbot_logo.png","width":84,"height":24,"caption":"Vitbot Europe,S.L. NIF B66180548 Tel\u00e8fon Correu info@vitbot.com Direcci\u00f3 C\/ Almeria 40 F Poblaci\u00f3 Tarrasa Codi postal 08226 Pa\u00eds Espanya"},"image":{"@id":"https:\/\/www.vitbot.com\/de#\/schema\/logo\/image\/"},"sameAs":["https:\/\/www.facebook.com\/vitbotbottle\/","https:\/\/www.instagram.com\/vitbotofficial\/"]}]}},"_links":{"self":[{"href":"https:\/\/www.vitbot.com\/de\/wp-json\/wp\/v2\/pages\/1109"}],"collection":[{"href":"https:\/\/www.vitbot.com\/de\/wp-json\/wp\/v2\/pages"}],"about":[{"href":"https:\/\/www.vitbot.com\/de\/wp-json\/wp\/v2\/types\/page"}],"author":[{"embeddable":true,"href":"https:\/\/www.vitbot.com\/de\/wp-json\/wp\/v2\/users\/1"}],"replies":[{"embeddable":true,"href":"https:\/\/www.vitbot.com\/de\/wp-json\/wp\/v2\/comments?post=1109"}],"version-history":[{"count":2,"href":"https:\/\/www.vitbot.com\/de\/wp-json\/wp\/v2\/pages\/1109\/revisions"}],"predecessor-version":[{"id":3012,"href":"https:\/\/www.vitbot.com\/de\/wp-json\/wp\/v2\/pages\/1109\/revisions\/3012"}],"wp:attachment":[{"href":"https:\/\/www.vitbot.com\/de\/wp-json\/wp\/v2\/media?parent=1109"}],"curies":[{"name":"wp","href":"https:\/\/api.w.org\/{rel}","templated":true}]}}