{"id":1108,"date":"2017-05-02T21:11:29","date_gmt":"2017-05-02T19:11:29","guid":{"rendered":"https:\/\/www.vitbot.com\/die-flussige-generation"},"modified":"2017-05-03T09:57:20","modified_gmt":"2017-05-03T07:57:20","slug":"die-flussige-generation","status":"publish","type":"page","link":"https:\/\/www.vitbot.com\/de\/die-flussige-generation","title":{"rendered":"Die Fl\u00fcssige Generation"},"content":{"rendered":"[vc_row fullwidth=&#8220;true&#8220; equal_columns=&#8220;true&#8220; css=&#8220;.vc_custom_1490864043520{background-color: #ffffff !important;}&#8220;][vc_column][vc_single_image image=&#8220;768&#8243; img_size=&#8220;full&#8220; css=&#8220;.vc_custom_1492795674466{margin-top: 0px !important;margin-right: 0px !important;margin-bottom: 0px !important;margin-left: 0px !important;}&#8220;][\/vc_column][\/vc_row][vc_row css=&#8220;.vc_custom_1490287549845{background-color: #ffffff !important;}&#8220;][vc_column][vc_empty_space height=&#8220;45px&#8220;][vc_column_text disable_pattern=&#8220;false&#8220; el_class=&#8220;genli-tit1 vitbot-color1 font-din2014-b&#8220;]\n<h1>DIE FL\u00dcSSIGE GENERATION<\/h1>\n[\/vc_column_text][\/vc_column][\/vc_row][vc_row css=&#8220;.vc_custom_1490287549845{background-color: #ffffff !important;}&#8220;][vc_column width=&#8220;1\/2&#8243;][vc_column_text disable_pattern=&#8220;false&#8220; el_class=&#8220;font-din2014-l genli-txt&#8220;]Der menschliche K\u00f6rper besteht bei der Geburt zu 80 % und im Erwachsenenalter zu 70 % aus Wasser. Wir sind \u201efl\u00fcssige Wesen\u201c.<\/p>\n<p>Wir bei Vitbot sind der \u00dcberzeugung, dass Wasser mehr als nur ein durststillendes Getr\u00e4nk ist. Es ist ein wesentlicher N\u00e4hrstoff und der einzige, ohne den wir nicht \u00fcberleben k\u00f6nnen. Da wir vom Wert des Wassers f\u00fcr alle Menschen dieser Welt \u00fcberzeugt sind, haben wir die Bewegung der Liquid Generation ins Leben gerufen.<\/p>\n<p>Die Liquid Generation entstand aus der Idee, alle Menschen, Unternehmen, K\u00f6rperschaften und Organisationen, die sich wie wir der Eigenschaften und F\u00e4higkeiten von Wasser bewusst sind und Zeit, Geld und Bem\u00fchungen in dessen Schutz investieren, miteinander in Kontakt zu bringen.<br \/>\n[\/vc_column_text][\/vc_column][vc_column width=&#8220;1\/2&#8243;][vc_column_text disable_pattern=&#8220;false&#8220; el_class=&#8220;font-din2014-l genli-txt&#8220;]<strong>Die Bewegung der Liquid Generation umfasst:<\/strong><\/p>\n<ul>\n<li>Menschen, die ihr Trinkwasser sch\u00fctzen und Wasser trinken, auf das sie achtgeben.<\/li>\n<li>K\u00f6rperschaften und Organisationen, die sich mit der S\u00e4uberung von Fl\u00fcssen, Seen und Ozeanen besch\u00e4ftigen.<\/li>\n<li>Firmen, die das Recycling von Kunststoff aus den Weltmeeren in den Mittelpunkt ihrer T\u00e4tigkeit gestellt haben.<\/li>\n<li>Wissenschaftler, die die Mysterien und Eigenschaften von Wasser sowohl auf einem physischen als auch einem feinstofflichen Niveau studieren.<\/li>\n<\/ul>\n<p>Mit der Liquid Generation m\u00f6chten wir ein Netzwerk, einen Treffpunkt und eine Plattform schaffen, um dem Wasser eine Stimme zu geben. Wir bei Vitbot sind der \u00dcberzeugung, dass jeder einzelne Mensch sich wie eine Welle im riesigen Ozean des Lebens bewegt. Gemeinsam k\u00f6nnen wir eine m\u00e4chtige Bewegung der positiven Ver\u00e4nderung schaffen! Teilen Sie Bilder, Kommentare oder auch relevante Projekte auf unseren Instagram- und Facebook-Seiten.<br \/>\n[\/vc_column_text][\/vc_column][\/vc_row][vc_row][vc_column][vc_empty_space height=&#8220;30px&#8220;][\/vc_column][\/vc_row][vc_row fullwidth=&#8220;true&#8220; fullwidth_content=&#8220;false&#8220; equal_columns=&#8220;true&#8220; css=&#8220;.vc_custom_1491206402978{padding-top: 110px !important;padding-bottom: 90px !important;background-color: #1e0064 !important;}&#8220;][vc_column width=&#8220;1\/2&#8243;][vc_column_text disable_pattern=&#8220;false&#8220; el_class=&#8220;font-alternategn2d vitbot-color2 vidlink-txt&#8220;]\n<h3>Water Memory (Dokumentation aus dem Jahre 2014 \u00fcber Nobelpreistr\u00e4ger Luc Montagnier)<\/h3>\n[\/vc_column_text][vc_column_text disable_pattern=&#8220;false&#8220; el_class=&#8220;font-din2014-l vidlink-txt vitbot-color3&#8243;]Wasser ist das Schl\u00fcsselelement des Lebens. Dieses Element, \u00fcber das wir alles zu wissen glaubten, birgt offenbar noch unerwartete Eigenschaften und scheint eine Rolle zu spielen, deren Bedeutung wir kaum erfassen k\u00f6nnen. (Englisch)[\/vc_column_text][\/vc_column][vc_column width=&#8220;1\/2&#8243;][vc_video link=&#8220;https:\/\/www.youtube.com\/watch?v=R8VyUsVOic0&amp;vq=1080&#8243;][\/vc_column][\/vc_row][vc_row][vc_column][vc_empty_space height=&#8220;90px&#8220;][\/vc_column][\/vc_row][vc_row fullwidth=&#8220;true&#8220; fullwidth_content=&#8220;false&#8220; equal_columns=&#8220;true&#8220;][vc_column width=&#8220;1\/2&#8243;][vc_column_text disable_pattern=&#8220;false&#8220; el_class=&#8220;font-alternategn2d vitbot-color2 vidlink-txt&#8220;]\n<h3>Parley for the Oceans<\/h3>\n[\/vc_column_text][vc_column_text disable_pattern=&#8220;false&#8220; el_class=&#8220;font-din2014-l vidlink-txt&#8220;]Behandelt die gr\u00f6\u00dften Bedrohungen unserer Ozeane, des wichtigsten \u00d6kosystems unseres Planeten. (Englisch) <a href=\"http:\/\/www.parley.tv\/talks\/#parley-talks1\" target=\"_blank\" rel=\"noopener noreferrer\">http:\/\/www.parley.tv\/talks\/#parley-talks1<\/a>[\/vc_column_text][vc_column_text disable_pattern=&#8220;false&#8220; el_class=&#8220;font-alternategn2d vitbot-color2 genli-txt vidlink-txt&#8220;]\n<h3>Ocean Cleanup<\/h3>\n[\/vc_column_text][vc_column_text disable_pattern=&#8220;false&#8220; el_class=&#8220;font-din2014-l vidlink-txt&#8220;]Entwickelt fortschrittliche Technologien, um die Ozeane vom Plastik zu befreien. Das passive System k\u00f6nnte theoretisch innerhalb von zehn Jahren etwa die H\u00e4lfte des Abfalls im Pazifischen Ozean beseitigen. (Englisch) <a href=\"https:\/\/www.theoceancleanup.com\" target=\"_blank\" rel=\"noopener noreferrer\">https:\/\/www.theoceancleanup.com<\/a>[\/vc_column_text][vc_column_text disable_pattern=&#8220;false&#8220; el_class=&#8220;font-alternategn2d vitbot-color2 vidlink-txt&#8220;]\n<h3>Ocean Conservancy<\/h3>\n[\/vc_column_text][vc_column_text disable_pattern=&#8220;false&#8220; el_class=&#8220;font-din2014-l vidlink-txt&#8220;]Mobilisiert B\u00fcrgerinnen und B\u00fcrger, um den Wandel leichter voranzubringen und das Meer f\u00fcr die k\u00fcnftigen Generationen zu sch\u00fctzen. (Englisch) <a href=\"http:\/\/www.oceanconservancy.org\/our-work\/marine-debris\/\" target=\"_blank\" rel=\"noopener noreferrer\">http:\/\/www.oceanconservancy.org\/our-work\/marine-debris\/<\/a>[\/vc_column_text][\/vc_column][vc_column width=&#8220;1\/2&#8243;][vc_column_text disable_pattern=&#8220;false&#8220; el_class=&#8220;font-alternategn2d vitbot-color2 vidlink-txt&#8220;]\n<h3>ECOALF<\/h3>\n[\/vc_column_text][vc_column_text disable_pattern=&#8220;false&#8220; el_class=&#8220;font-din2014-l vidlink-txt&#8220;]Ist eine nachhaltige Marke, die Kleidung und Funktionszubeh\u00f6r aus recyceltem Material aus den Meeren herstellt. <a href=\"http:\/\/www.oceanconservancy.org\/our-work\/marine-debris\/\" target=\"_blank\" rel=\"noopener noreferrer\">http:\/\/www.oceanconservancy.org\/our-work\/marine-debris\/<\/a>[\/vc_column_text][vc_column_text disable_pattern=&#8220;false&#8220; el_class=&#8220;font-alternategn2d vitbot-color2 vidlink-txt&#8220;]\n<h3>Sustainable architecture<\/h3>\n[\/vc_column_text][vc_column_text disable_pattern=&#8220;false&#8220; el_class=&#8220;font-din2014-l vidlink-txt&#8220;]Verwenden recycelte Materialien aus dem Meer. <a href=\"http:\/\/www.sparkarchitects.com\" target=\"_blank\" rel=\"noopener noreferrer\">http:\/\/www.sparkarchitects.com<\/a>[\/vc_column_text][\/vc_column][\/vc_row][vc_row][vc_column width=&#8220;1\/2&#8243;][vc_empty_space height=&#8220;90px&#8220;][\/vc_column][vc_column width=&#8220;1\/2&#8243;][\/vc_column][\/vc_row]\n","protected":false},"excerpt":{"rendered":"<p>[vc_row fullwidth=&#8220;true&#8220; equal_columns=&#8220;true&#8220; css=&#8220;.vc_custom_1490864043520{background-color: #ffffff !important;}&#8220;][vc_column][vc_single_image image=&#8220;768&#8243; img_size=&#8220;full&#8220; css=&#8220;.vc_custom_1492795674466{margin-top: 0px !important;margin-right: 0px !important;margin-bottom: 0px !important;margin-left: 0px !important;}&#8220;][\/vc_column][\/vc_row][vc_row css=&#8220;.vc_custom_1490287549845{background-color: #ffffff !important;}&#8220;][vc_column][vc_empty_space height=&#8220;45px&#8220;][vc_column_text disable_pattern=&#8220;false&#8220; el_class=&#8220;genli-tit1 vitbot-color1 font-din2014-b&#8220;] DIE FL\u00dcSSIGE GENERATION [\/vc_column_text][\/vc_column][\/vc_row][vc_row css=&#8220;.vc_custom_1490287549845{background-color: #ffffff !important;}&#8220;][vc_column width=&#8220;1\/2&#8243;][vc_column_text disable_pattern=&#8220;false&#8220; el_class=&#8220;font-din2014-l genli-txt&#8220;]Der menschliche K\u00f6rper besteht bei der Geburt zu 80 % und im Erwachsenenalter zu 70 % aus Wasser. Wir sind [&hellip;]<\/p>\n","protected":false},"author":1,"featured_media":0,"parent":0,"menu_order":11,"comment_status":"closed","ping_status":"closed","template":"","meta":{"_monsterinsights_skip_tracking":false,"_monsterinsights_sitenote_active":false,"_monsterinsights_sitenote_note":"","_monsterinsights_sitenote_category":0},"yoast_head":"<!-- This site is optimized with the Yoast SEO plugin v20.1 - https:\/\/yoast.com\/wordpress\/plugins\/seo\/ -->\n<title>Die Fl\u00fcssige Generation - Vitbot<\/title>\n<meta name=\"robots\" content=\"index, follow, max-snippet:-1, max-image-preview:large, max-video-preview:-1\" \/>\n<link rel=\"canonical\" href=\"https:\/\/www.vitbot.com\/de\/die-flussige-generation\" \/>\n<meta property=\"og:locale\" content=\"de_DE\" \/>\n<meta property=\"og:type\" content=\"article\" \/>\n<meta property=\"og:title\" content=\"Die Fl\u00fcssige Generation - Vitbot\" \/>\n<meta property=\"og:description\" content=\"[vc_row fullwidth=&#8220;true&#8220; equal_columns=&#8220;true&#8220; css=&#8220;.vc_custom_1490864043520{background-color: #ffffff !important;}&#8220;][vc_column][vc_single_image image=&#8220;768&#8243; img_size=&#8220;full&#8220; css=&#8220;.vc_custom_1492795674466{margin-top: 0px !important;margin-right: 0px !important;margin-bottom: 0px !important;margin-left: 0px !important;}&#8220;][\/vc_column][\/vc_row][vc_row css=&#8220;.vc_custom_1490287549845{background-color: #ffffff !important;}&#8220;][vc_column][vc_empty_space height=&#8220;45px&#8220;][vc_column_text disable_pattern=&#8220;false&#8220; el_class=&#8220;genli-tit1 vitbot-color1 font-din2014-b&#8220;] DIE FL\u00dcSSIGE GENERATION [\/vc_column_text][\/vc_column][\/vc_row][vc_row css=&#8220;.vc_custom_1490287549845{background-color: #ffffff !important;}&#8220;][vc_column width=&#8220;1\/2&#8243;][vc_column_text disable_pattern=&#8220;false&#8220; el_class=&#8220;font-din2014-l genli-txt&#8220;]Der menschliche K\u00f6rper besteht bei der Geburt zu 80 % und im Erwachsenenalter zu 70 % aus Wasser. Wir sind [&hellip;]\" \/>\n<meta property=\"og:url\" content=\"https:\/\/www.vitbot.com\/de\/die-flussige-generation\" \/>\n<meta property=\"og:site_name\" content=\"Vitbot\" \/>\n<meta property=\"article:publisher\" content=\"https:\/\/www.facebook.com\/vitbotbottle\/\" \/>\n<meta property=\"article:modified_time\" content=\"2017-05-03T07:57:20+00:00\" \/>\n<meta name=\"twitter:card\" content=\"summary_large_image\" \/>\n<meta name=\"twitter:label1\" content=\"Gesch\u00e4tzte Lesezeit\" \/>\n\t<meta name=\"twitter:data1\" content=\"4\u00a0Minuten\" \/>\n<script type=\"application\/ld+json\" class=\"yoast-schema-graph\">{\"@context\":\"https:\/\/schema.org\",\"@graph\":[{\"@type\":\"WebPage\",\"@id\":\"https:\/\/www.vitbot.com\/de\/die-flussige-generation\",\"url\":\"https:\/\/www.vitbot.com\/de\/die-flussige-generation\",\"name\":\"Die Fl\u00fcssige Generation - Vitbot\",\"isPartOf\":{\"@id\":\"https:\/\/www.vitbot.com\/de#website\"},\"datePublished\":\"2017-05-02T19:11:29+00:00\",\"dateModified\":\"2017-05-03T07:57:20+00:00\",\"breadcrumb\":{\"@id\":\"https:\/\/www.vitbot.com\/de\/die-flussige-generation#breadcrumb\"},\"inLanguage\":\"de\",\"potentialAction\":[{\"@type\":\"ReadAction\",\"target\":[\"https:\/\/www.vitbot.com\/de\/die-flussige-generation\"]}]},{\"@type\":\"BreadcrumbList\",\"@id\":\"https:\/\/www.vitbot.com\/de\/die-flussige-generation#breadcrumb\",\"itemListElement\":[{\"@type\":\"ListItem\",\"position\":1,\"name\":\"Home\",\"item\":\"https:\/\/www.vitbot.com\/de\"},{\"@type\":\"ListItem\",\"position\":2,\"name\":\"Die Fl\u00fcssige Generation\"}]},{\"@type\":\"WebSite\",\"@id\":\"https:\/\/www.vitbot.com\/de#website\",\"url\":\"https:\/\/www.vitbot.com\/de\",\"name\":\"Vitbot\",\"description\":\"Best Reusable Water Bottles | Vortex Bottle | Vitalizer Bottle\",\"publisher\":{\"@id\":\"https:\/\/www.vitbot.com\/de#organization\"},\"potentialAction\":[{\"@type\":\"SearchAction\",\"target\":{\"@type\":\"EntryPoint\",\"urlTemplate\":\"https:\/\/www.vitbot.com\/de?s={search_term_string}\"},\"query-input\":\"required name=search_term_string\"}],\"inLanguage\":\"de\"},{\"@type\":\"Organization\",\"@id\":\"https:\/\/www.vitbot.com\/de#organization\",\"name\":\"Vitbot Europe,S.L. NIF B66180548 Tel\u00e8fon Correu info@vitbot.com Direcci\u00f3 C\/ Almeria 40 F Poblaci\u00f3 Tarrasa Codi postal 08226 Pa\u00eds Espanya\",\"url\":\"https:\/\/www.vitbot.com\/de\",\"logo\":{\"@type\":\"ImageObject\",\"inLanguage\":\"de\",\"@id\":\"https:\/\/www.vitbot.com\/de#\/schema\/logo\/image\/\",\"url\":\"https:\/\/www.vitbot.com\/wp-content\/uploads\/2017\/03\/vitbot_logo.png\",\"contentUrl\":\"https:\/\/www.vitbot.com\/wp-content\/uploads\/2017\/03\/vitbot_logo.png\",\"width\":84,\"height\":24,\"caption\":\"Vitbot Europe,S.L. NIF B66180548 Tel\u00e8fon Correu info@vitbot.com Direcci\u00f3 C\/ Almeria 40 F Poblaci\u00f3 Tarrasa Codi postal 08226 Pa\u00eds Espanya\"},\"image\":{\"@id\":\"https:\/\/www.vitbot.com\/de#\/schema\/logo\/image\/\"},\"sameAs\":[\"https:\/\/www.facebook.com\/vitbotbottle\/\",\"https:\/\/www.instagram.com\/vitbotofficial\/\"]}]}<\/script>\n<!-- \/ Yoast SEO plugin. -->","yoast_head_json":{"title":"Die Fl\u00fcssige Generation - Vitbot","robots":{"index":"index","follow":"follow","max-snippet":"max-snippet:-1","max-image-preview":"max-image-preview:large","max-video-preview":"max-video-preview:-1"},"canonical":"https:\/\/www.vitbot.com\/de\/die-flussige-generation","og_locale":"de_DE","og_type":"article","og_title":"Die Fl\u00fcssige Generation - Vitbot","og_description":"[vc_row fullwidth=&#8220;true&#8220; equal_columns=&#8220;true&#8220; css=&#8220;.vc_custom_1490864043520{background-color: #ffffff !important;}&#8220;][vc_column][vc_single_image image=&#8220;768&#8243; img_size=&#8220;full&#8220; css=&#8220;.vc_custom_1492795674466{margin-top: 0px !important;margin-right: 0px !important;margin-bottom: 0px !important;margin-left: 0px !important;}&#8220;][\/vc_column][\/vc_row][vc_row css=&#8220;.vc_custom_1490287549845{background-color: #ffffff !important;}&#8220;][vc_column][vc_empty_space height=&#8220;45px&#8220;][vc_column_text disable_pattern=&#8220;false&#8220; el_class=&#8220;genli-tit1 vitbot-color1 font-din2014-b&#8220;] DIE FL\u00dcSSIGE GENERATION [\/vc_column_text][\/vc_column][\/vc_row][vc_row css=&#8220;.vc_custom_1490287549845{background-color: #ffffff !important;}&#8220;][vc_column width=&#8220;1\/2&#8243;][vc_column_text disable_pattern=&#8220;false&#8220; el_class=&#8220;font-din2014-l genli-txt&#8220;]Der menschliche K\u00f6rper besteht bei der Geburt zu 80 % und im Erwachsenenalter zu 70 % aus Wasser. Wir sind [&hellip;]","og_url":"https:\/\/www.vitbot.com\/de\/die-flussige-generation","og_site_name":"Vitbot","article_publisher":"https:\/\/www.facebook.com\/vitbotbottle\/","article_modified_time":"2017-05-03T07:57:20+00:00","twitter_card":"summary_large_image","twitter_misc":{"Gesch\u00e4tzte Lesezeit":"4\u00a0Minuten"},"schema":{"@context":"https:\/\/schema.org","@graph":[{"@type":"WebPage","@id":"https:\/\/www.vitbot.com\/de\/die-flussige-generation","url":"https:\/\/www.vitbot.com\/de\/die-flussige-generation","name":"Die Fl\u00fcssige Generation - Vitbot","isPartOf":{"@id":"https:\/\/www.vitbot.com\/de#website"},"datePublished":"2017-05-02T19:11:29+00:00","dateModified":"2017-05-03T07:57:20+00:00","breadcrumb":{"@id":"https:\/\/www.vitbot.com\/de\/die-flussige-generation#breadcrumb"},"inLanguage":"de","potentialAction":[{"@type":"ReadAction","target":["https:\/\/www.vitbot.com\/de\/die-flussige-generation"]}]},{"@type":"BreadcrumbList","@id":"https:\/\/www.vitbot.com\/de\/die-flussige-generation#breadcrumb","itemListElement":[{"@type":"ListItem","position":1,"name":"Home","item":"https:\/\/www.vitbot.com\/de"},{"@type":"ListItem","position":2,"name":"Die Fl\u00fcssige Generation"}]},{"@type":"WebSite","@id":"https:\/\/www.vitbot.com\/de#website","url":"https:\/\/www.vitbot.com\/de","name":"Vitbot","description":"Best Reusable Water Bottles | Vortex Bottle | Vitalizer Bottle","publisher":{"@id":"https:\/\/www.vitbot.com\/de#organization"},"potentialAction":[{"@type":"SearchAction","target":{"@type":"EntryPoint","urlTemplate":"https:\/\/www.vitbot.com\/de?s={search_term_string}"},"query-input":"required name=search_term_string"}],"inLanguage":"de"},{"@type":"Organization","@id":"https:\/\/www.vitbot.com\/de#organization","name":"Vitbot Europe,S.L. NIF B66180548 Tel\u00e8fon Correu info@vitbot.com Direcci\u00f3 C\/ Almeria 40 F Poblaci\u00f3 Tarrasa Codi postal 08226 Pa\u00eds Espanya","url":"https:\/\/www.vitbot.com\/de","logo":{"@type":"ImageObject","inLanguage":"de","@id":"https:\/\/www.vitbot.com\/de#\/schema\/logo\/image\/","url":"https:\/\/www.vitbot.com\/wp-content\/uploads\/2017\/03\/vitbot_logo.png","contentUrl":"https:\/\/www.vitbot.com\/wp-content\/uploads\/2017\/03\/vitbot_logo.png","width":84,"height":24,"caption":"Vitbot Europe,S.L. NIF B66180548 Tel\u00e8fon Correu info@vitbot.com Direcci\u00f3 C\/ Almeria 40 F Poblaci\u00f3 Tarrasa Codi postal 08226 Pa\u00eds Espanya"},"image":{"@id":"https:\/\/www.vitbot.com\/de#\/schema\/logo\/image\/"},"sameAs":["https:\/\/www.facebook.com\/vitbotbottle\/","https:\/\/www.instagram.com\/vitbotofficial\/"]}]}},"_links":{"self":[{"href":"https:\/\/www.vitbot.com\/de\/wp-json\/wp\/v2\/pages\/1108"}],"collection":[{"href":"https:\/\/www.vitbot.com\/de\/wp-json\/wp\/v2\/pages"}],"about":[{"href":"https:\/\/www.vitbot.com\/de\/wp-json\/wp\/v2\/types\/page"}],"author":[{"embeddable":true,"href":"https:\/\/www.vitbot.com\/de\/wp-json\/wp\/v2\/users\/1"}],"replies":[{"embeddable":true,"href":"https:\/\/www.vitbot.com\/de\/wp-json\/wp\/v2\/comments?post=1108"}],"version-history":[{"count":0,"href":"https:\/\/www.vitbot.com\/de\/wp-json\/wp\/v2\/pages\/1108\/revisions"}],"wp:attachment":[{"href":"https:\/\/www.vitbot.com\/de\/wp-json\/wp\/v2\/media?parent=1108"}],"curies":[{"name":"wp","href":"https:\/\/api.w.org\/{rel}","templated":true}]}}