{"id":1107,"date":"2017-05-02T21:10:31","date_gmt":"2017-05-02T19:10:31","guid":{"rendered":"https:\/\/www.vitbot.com\/wasser"},"modified":"2017-05-03T11:05:32","modified_gmt":"2017-05-03T09:05:32","slug":"wasser","status":"publish","type":"page","link":"https:\/\/www.vitbot.com\/de\/wasser","title":{"rendered":"Wasser"},"content":{"rendered":"[vc_row fullwidth=&#8220;true&#8220; equal_columns=&#8220;true&#8220; css=&#8220;.vc_custom_1490864043520{background-color: #ffffff !important;}&#8220;][vc_column][vc_single_image image=&#8220;778&#8243; img_size=&#8220;full&#8220; css=&#8220;.vc_custom_1492795945635{margin-top: 0px !important;margin-right: 0px !important;margin-bottom: 0px !important;margin-left: 0px !important;}&#8220;][\/vc_column][\/vc_row][vc_row css=&#8220;.vc_custom_1490287549845{background-color: #ffffff !important;}&#8220;][vc_column][vc_empty_space height=&#8220;45px&#8220;][vc_column_text disable_pattern=&#8220;false&#8220; el_class=&#8220;elagua-tit1 vitbot-color1 font-din2014-b&#8220;]\n<h1>WASSER<\/h1>\n[\/vc_column_text][\/vc_column][\/vc_row][vc_row css=&#8220;.vc_custom_1490287549845{background-color: #ffffff !important;}&#8220;][vc_column width=&#8220;1\/2&#8243;][vc_column_text disable_pattern=&#8220;false&#8220; el_class=&#8220;font-din2014-l elagua-txt&#8220;]Ein einziger Wassertropfen enth\u00e4lt 4.000.000.000.000.000.000.000 H2O-Molek\u00fcle. Jedes dieser H2O-Molek\u00fcle unterbricht seine Wasserstoffbr\u00fccken einmal in jeder 100 Millionstel Sekunde. Wasser ist das meistvorkommende Element auf unserem Planeten, aber die Wissenschaft hat es immer noch nicht geschafft, seine Geheimnisse restlos zu enth\u00fcllen.<\/p>\n<p>Wasser weist mehr als 30 Anomalien auf, die zu vielen Fragen f\u00fchren: Warum ist Wasser die einzige Fl\u00fcssigkeit, deren Dichte sich bei Minustemperaturen reduziert (Eis schwimmt auf der Oberfl\u00e4che)? Warum rotiert Regenwasser beim Fallen? Warum ist Wasser die einzige Fl\u00fcssigkeit, die bei Raumtemperatur von einem festen in einen fl\u00fcssigen und von einem fl\u00fcssigen in einen gasf\u00f6rmigen Zustand \u00fcbergeht? Und so weiter. [\/vc_column_text][\/vc_column][vc_column width=&#8220;1\/2&#8243;][vc_column_text disable_pattern=&#8220;false&#8220; el_class=&#8220;font-din2014-l elagua-txt&#8220;]Ohne Wasser g\u00e4be es kein Leben \u2013 es ist das Element, das Leben \u00fcberhaupt erst erm\u00f6glicht. Vielleicht ist es deshalb so vielschichtig und hochentwickelt. Es ist ein Paradox, dass sich das Geheimnis des Lebens in einem Element verbirgt, das 70 % des menschlichen K\u00f6rpers und der Erde ausmacht.[\/vc_column_text][\/vc_column][\/vc_row][vc_row][vc_column][vc_empty_space height=&#8220;30px&#8220;][\/vc_column][\/vc_row][vc_row fullwidth=&#8220;true&#8220; fullwidth_content=&#8220;false&#8220; equal_columns=&#8220;true&#8220; css=&#8220;.vc_custom_1491208734772{padding-top: 110px !important;padding-bottom: 90px !important;background-color: #1e0064 !important;}&#8220;][vc_column width=&#8220;1\/2&#8243;][vc_column_text disable_pattern=&#8220;false&#8220; el_class=&#8220;font-alternategn2d vitbot-color2 vidlink-txt&#8220;]\n<h3>Water Memory (Documentary of 2014 about Nobel Prize laureate Luc Montagnier)<\/h3>\n[\/vc_column_text][vc_column_text disable_pattern=&#8220;false&#8220; el_class=&#8220;font-din2014-l vidlink-txt vitbot-color3&#8243;]Wasser ist das Schl\u00fcsselelement des Lebens. Dieses Element, \u00fcber das wir alles zu wissen glaubten, birgt offenbar noch unerwartete Eigenschaften und scheint eine Rolle zu spielen, deren Bedeutung wir kaum erfassen k\u00f6nnen. (Englisch)[\/vc_column_text][\/vc_column][vc_column width=&#8220;1\/2&#8243;][vc_video link=&#8220;https:\/\/www.youtube.com\/watch?v=XiwRvYdB76E&amp;vq=1080&#8243;][\/vc_column][\/vc_row][vc_row fullwidth=&#8220;true&#8220; fullwidth_content=&#8220;false&#8220; equal_columns=&#8220;true&#8220; css=&#8220;.vc_custom_1491209071335{padding-top: 110px !important;padding-bottom: 90px !important;background-color: #ffffff !important;}&#8220;][vc_column width=&#8220;1\/2&#8243;][vc_video link=&#8220;https:\/\/www.youtube.com\/watch?v=i-T7tCMUDXU&amp;vq=1080&#8243;][\/vc_column][vc_column width=&#8220;1\/2&#8243;][vc_column_text disable_pattern=&#8220;false&#8220; el_class=&#8220;font-alternategn2d vitbot-color1 vidlink-txt&#8220;]\n<h3>Dr. Gerald Pollack: The Fourth Phase of Water<\/h3>\n[\/vc_column_text][vc_column_text disable_pattern=&#8220;false&#8220; el_class=&#8220;font-din2014-l vidlink-txt vitbot-color1&#8243;]Besitzt Wasser einen vierten Aggregatzustand neben fest, fl\u00fcssig und gasf\u00f6rmig? Gerald Pollack, Professor f\u00fcr Biotechnik an der Universit\u00e4t Washington, beantwortet diese Frage und bewegt uns dazu, \u00fcber die Tragweite dieser Entdeckung nachzudenken. Wasser ist nicht immer nur H2O \u2013 eine radikale Abkehr von dem, was Sie aus den Lehrb\u00fcchern wissen. (Englisch)[\/vc_column_text][\/vc_column][\/vc_row][vc_row fullwidth=&#8220;true&#8220; fullwidth_content=&#8220;false&#8220; equal_columns=&#8220;true&#8220; css=&#8220;.vc_custom_1491208734772{padding-top: 110px !important;padding-bottom: 90px !important;background-color: #1e0064 !important;}&#8220;][vc_column width=&#8220;1\/2&#8243;][vc_column_text disable_pattern=&#8220;false&#8220; el_class=&#8220;font-alternategn2d vitbot-color2 vidlink-txt&#8220;]\n<h3>Dr. Jacques Benveniste: Water Memory<\/h3>\n[\/vc_column_text][vc_column_text disable_pattern=&#8220;false&#8220; el_class=&#8220;font-din2014-l vidlink-txt vitbot-color3&#8243;]Dieses Video erkl\u00e4rt den Untersuchungsprozess Dr, Benvenistes von hom\u00f6opathischen Heilmitteln. This video explains the investigation process of Dr. Benveniste about the homeopathy remedies. (Englisch)[\/vc_column_text][\/vc_column][vc_column width=&#8220;1\/2&#8243;][vc_video link=&#8220;https:\/\/www.youtube.com\/watch?v=BWYlMSHOGBw&amp;vq=1080&#8243;][\/vc_column][\/vc_row][vc_row fullwidth=&#8220;true&#8220; fullwidth_content=&#8220;false&#8220; equal_columns=&#8220;true&#8220; css=&#8220;.vc_custom_1491209071335{padding-top: 110px !important;padding-bottom: 90px !important;background-color: #ffffff !important;}&#8220;][vc_column width=&#8220;1\/2&#8243;][vc_video link=&#8220;https:\/\/www.youtube.com\/watch?v=M5CyQ2gQbF0&amp;vq=1080&#8243;][\/vc_column][vc_column width=&#8220;1\/2&#8243;][vc_column_text disable_pattern=&#8220;false&#8220; el_class=&#8220;font-alternategn2d vitbot-color1 vidlink-txt&#8220;]\n<h3>Water the great mystery &#8211; Documentary<\/h3>\n[\/vc_column_text][vc_column_text disable_pattern=&#8220;false&#8220; el_class=&#8220;font-din2014-l vidlink-txt vitbot-color1&#8243;]Zusammenfassung der wissenschaftlichen und nichtwissenschaftlichen Erkenntnisse, die best\u00e4tigen, dass Wasser nach wie vor ein Mysterium der Wissenschaft ist und wir es fernab seiner chemischen Formel. noch immer nicht mit felsenfester \u00dcberzeugung beschreiben k\u00f6nnen. (Englisch)[\/vc_column_text][\/vc_column][\/vc_row][vc_row fullwidth=&#8220;true&#8220; fullwidth_content=&#8220;false&#8220; equal_columns=&#8220;true&#8220; css=&#8220;.vc_custom_1491208734772{padding-top: 110px !important;padding-bottom: 90px !important;background-color: #1e0064 !important;}&#8220;][vc_column width=&#8220;1\/2&#8243;][vc_column_text disable_pattern=&#8220;false&#8220; el_class=&#8220;font-alternategn2d vitbot-color2 vidlink-txt&#8220;]\n<h3>Water has memory<\/h3>\n[\/vc_column_text][vc_column_text disable_pattern=&#8220;false&#8220; el_class=&#8220;font-din2014-l vidlink-txt vitbot-color3&#8243;]Wasser \u2013 nur eine Fl\u00fcssigkeit oder weit mehr? Viele Wissenschaftler sind sich sicher, dass Wasser \u00fcber ein Ged\u00e4chtnis verf\u00fcgt und Informationen speichern und wiederverwerten kann. (Englisch)[\/vc_column_text][\/vc_column][vc_column width=&#8220;1\/2&#8243;][vc_video link=&#8220;https:\/\/www.youtube.com\/watch?v=ILSyt_Hhbjg&amp;vq=1080&#8243;][\/vc_column][\/vc_row]\n","protected":false},"excerpt":{"rendered":"<p>[vc_row fullwidth=&#8220;true&#8220; equal_columns=&#8220;true&#8220; css=&#8220;.vc_custom_1490864043520{background-color: #ffffff !important;}&#8220;][vc_column][vc_single_image image=&#8220;778&#8243; img_size=&#8220;full&#8220; css=&#8220;.vc_custom_1492795945635{margin-top: 0px !important;margin-right: 0px !important;margin-bottom: 0px !important;margin-left: 0px !important;}&#8220;][\/vc_column][\/vc_row][vc_row css=&#8220;.vc_custom_1490287549845{background-color: #ffffff !important;}&#8220;][vc_column][vc_empty_space height=&#8220;45px&#8220;][vc_column_text disable_pattern=&#8220;false&#8220; el_class=&#8220;elagua-tit1 vitbot-color1 font-din2014-b&#8220;] WASSER [\/vc_column_text][\/vc_column][\/vc_row][vc_row css=&#8220;.vc_custom_1490287549845{background-color: #ffffff !important;}&#8220;][vc_column width=&#8220;1\/2&#8243;][vc_column_text disable_pattern=&#8220;false&#8220; el_class=&#8220;font-din2014-l elagua-txt&#8220;]Ein einziger Wassertropfen enth\u00e4lt 4.000.000.000.000.000.000.000 H2O-Molek\u00fcle. Jedes dieser H2O-Molek\u00fcle unterbricht seine Wasserstoffbr\u00fccken einmal in jeder 100 Millionstel Sekunde. Wasser ist das meistvorkommende [&hellip;]<\/p>\n","protected":false},"author":1,"featured_media":0,"parent":0,"menu_order":12,"comment_status":"closed","ping_status":"closed","template":"","meta":{"_monsterinsights_skip_tracking":false,"_monsterinsights_sitenote_active":false,"_monsterinsights_sitenote_note":"","_monsterinsights_sitenote_category":0},"yoast_head":"<!-- This site is optimized with the Yoast SEO plugin v20.1 - https:\/\/yoast.com\/wordpress\/plugins\/seo\/ -->\n<title>Wasser - Vitbot<\/title>\n<meta name=\"robots\" content=\"index, follow, max-snippet:-1, max-image-preview:large, max-video-preview:-1\" \/>\n<link rel=\"canonical\" href=\"https:\/\/www.vitbot.com\/de\/wasser\" \/>\n<meta property=\"og:locale\" content=\"de_DE\" \/>\n<meta property=\"og:type\" content=\"article\" \/>\n<meta property=\"og:title\" content=\"Wasser - Vitbot\" \/>\n<meta property=\"og:description\" content=\"[vc_row fullwidth=&#8220;true&#8220; equal_columns=&#8220;true&#8220; css=&#8220;.vc_custom_1490864043520{background-color: #ffffff !important;}&#8220;][vc_column][vc_single_image image=&#8220;778&#8243; img_size=&#8220;full&#8220; css=&#8220;.vc_custom_1492795945635{margin-top: 0px !important;margin-right: 0px !important;margin-bottom: 0px !important;margin-left: 0px !important;}&#8220;][\/vc_column][\/vc_row][vc_row css=&#8220;.vc_custom_1490287549845{background-color: #ffffff !important;}&#8220;][vc_column][vc_empty_space height=&#8220;45px&#8220;][vc_column_text disable_pattern=&#8220;false&#8220; el_class=&#8220;elagua-tit1 vitbot-color1 font-din2014-b&#8220;] WASSER [\/vc_column_text][\/vc_column][\/vc_row][vc_row css=&#8220;.vc_custom_1490287549845{background-color: #ffffff !important;}&#8220;][vc_column width=&#8220;1\/2&#8243;][vc_column_text disable_pattern=&#8220;false&#8220; el_class=&#8220;font-din2014-l elagua-txt&#8220;]Ein einziger Wassertropfen enth\u00e4lt 4.000.000.000.000.000.000.000 H2O-Molek\u00fcle. Jedes dieser H2O-Molek\u00fcle unterbricht seine Wasserstoffbr\u00fccken einmal in jeder 100 Millionstel Sekunde. Wasser ist das meistvorkommende [&hellip;]\" \/>\n<meta property=\"og:url\" content=\"https:\/\/www.vitbot.com\/de\/wasser\" \/>\n<meta property=\"og:site_name\" content=\"Vitbot\" \/>\n<meta property=\"article:publisher\" content=\"https:\/\/www.facebook.com\/vitbotbottle\/\" \/>\n<meta property=\"article:modified_time\" content=\"2017-05-03T09:05:32+00:00\" \/>\n<meta name=\"twitter:card\" content=\"summary_large_image\" \/>\n<meta name=\"twitter:label1\" content=\"Gesch\u00e4tzte Lesezeit\" \/>\n\t<meta name=\"twitter:data1\" content=\"4\u00a0Minuten\" \/>\n<script type=\"application\/ld+json\" class=\"yoast-schema-graph\">{\"@context\":\"https:\/\/schema.org\",\"@graph\":[{\"@type\":\"WebPage\",\"@id\":\"https:\/\/www.vitbot.com\/de\/wasser\",\"url\":\"https:\/\/www.vitbot.com\/de\/wasser\",\"name\":\"Wasser - Vitbot\",\"isPartOf\":{\"@id\":\"https:\/\/www.vitbot.com\/de#website\"},\"datePublished\":\"2017-05-02T19:10:31+00:00\",\"dateModified\":\"2017-05-03T09:05:32+00:00\",\"breadcrumb\":{\"@id\":\"https:\/\/www.vitbot.com\/de\/wasser#breadcrumb\"},\"inLanguage\":\"de\",\"potentialAction\":[{\"@type\":\"ReadAction\",\"target\":[\"https:\/\/www.vitbot.com\/de\/wasser\"]}]},{\"@type\":\"BreadcrumbList\",\"@id\":\"https:\/\/www.vitbot.com\/de\/wasser#breadcrumb\",\"itemListElement\":[{\"@type\":\"ListItem\",\"position\":1,\"name\":\"Home\",\"item\":\"https:\/\/www.vitbot.com\/de\"},{\"@type\":\"ListItem\",\"position\":2,\"name\":\"Wasser\"}]},{\"@type\":\"WebSite\",\"@id\":\"https:\/\/www.vitbot.com\/de#website\",\"url\":\"https:\/\/www.vitbot.com\/de\",\"name\":\"Vitbot\",\"description\":\"Best Reusable Water Bottles | Vortex Bottle | Vitalizer Bottle\",\"publisher\":{\"@id\":\"https:\/\/www.vitbot.com\/de#organization\"},\"potentialAction\":[{\"@type\":\"SearchAction\",\"target\":{\"@type\":\"EntryPoint\",\"urlTemplate\":\"https:\/\/www.vitbot.com\/de?s={search_term_string}\"},\"query-input\":\"required name=search_term_string\"}],\"inLanguage\":\"de\"},{\"@type\":\"Organization\",\"@id\":\"https:\/\/www.vitbot.com\/de#organization\",\"name\":\"Vitbot Europe,S.L. NIF B66180548 Tel\u00e8fon Correu info@vitbot.com Direcci\u00f3 C\/ Almeria 40 F Poblaci\u00f3 Tarrasa Codi postal 08226 Pa\u00eds Espanya\",\"url\":\"https:\/\/www.vitbot.com\/de\",\"logo\":{\"@type\":\"ImageObject\",\"inLanguage\":\"de\",\"@id\":\"https:\/\/www.vitbot.com\/de#\/schema\/logo\/image\/\",\"url\":\"https:\/\/www.vitbot.com\/wp-content\/uploads\/2017\/03\/vitbot_logo.png\",\"contentUrl\":\"https:\/\/www.vitbot.com\/wp-content\/uploads\/2017\/03\/vitbot_logo.png\",\"width\":84,\"height\":24,\"caption\":\"Vitbot Europe,S.L. NIF B66180548 Tel\u00e8fon Correu info@vitbot.com Direcci\u00f3 C\/ Almeria 40 F Poblaci\u00f3 Tarrasa Codi postal 08226 Pa\u00eds Espanya\"},\"image\":{\"@id\":\"https:\/\/www.vitbot.com\/de#\/schema\/logo\/image\/\"},\"sameAs\":[\"https:\/\/www.facebook.com\/vitbotbottle\/\",\"https:\/\/www.instagram.com\/vitbotofficial\/\"]}]}<\/script>\n<!-- \/ Yoast SEO plugin. -->","yoast_head_json":{"title":"Wasser - Vitbot","robots":{"index":"index","follow":"follow","max-snippet":"max-snippet:-1","max-image-preview":"max-image-preview:large","max-video-preview":"max-video-preview:-1"},"canonical":"https:\/\/www.vitbot.com\/de\/wasser","og_locale":"de_DE","og_type":"article","og_title":"Wasser - Vitbot","og_description":"[vc_row fullwidth=&#8220;true&#8220; equal_columns=&#8220;true&#8220; css=&#8220;.vc_custom_1490864043520{background-color: #ffffff !important;}&#8220;][vc_column][vc_single_image image=&#8220;778&#8243; img_size=&#8220;full&#8220; css=&#8220;.vc_custom_1492795945635{margin-top: 0px !important;margin-right: 0px !important;margin-bottom: 0px !important;margin-left: 0px !important;}&#8220;][\/vc_column][\/vc_row][vc_row css=&#8220;.vc_custom_1490287549845{background-color: #ffffff !important;}&#8220;][vc_column][vc_empty_space height=&#8220;45px&#8220;][vc_column_text disable_pattern=&#8220;false&#8220; el_class=&#8220;elagua-tit1 vitbot-color1 font-din2014-b&#8220;] WASSER [\/vc_column_text][\/vc_column][\/vc_row][vc_row css=&#8220;.vc_custom_1490287549845{background-color: #ffffff !important;}&#8220;][vc_column width=&#8220;1\/2&#8243;][vc_column_text disable_pattern=&#8220;false&#8220; el_class=&#8220;font-din2014-l elagua-txt&#8220;]Ein einziger Wassertropfen enth\u00e4lt 4.000.000.000.000.000.000.000 H2O-Molek\u00fcle. Jedes dieser H2O-Molek\u00fcle unterbricht seine Wasserstoffbr\u00fccken einmal in jeder 100 Millionstel Sekunde. Wasser ist das meistvorkommende [&hellip;]","og_url":"https:\/\/www.vitbot.com\/de\/wasser","og_site_name":"Vitbot","article_publisher":"https:\/\/www.facebook.com\/vitbotbottle\/","article_modified_time":"2017-05-03T09:05:32+00:00","twitter_card":"summary_large_image","twitter_misc":{"Gesch\u00e4tzte Lesezeit":"4\u00a0Minuten"},"schema":{"@context":"https:\/\/schema.org","@graph":[{"@type":"WebPage","@id":"https:\/\/www.vitbot.com\/de\/wasser","url":"https:\/\/www.vitbot.com\/de\/wasser","name":"Wasser - Vitbot","isPartOf":{"@id":"https:\/\/www.vitbot.com\/de#website"},"datePublished":"2017-05-02T19:10:31+00:00","dateModified":"2017-05-03T09:05:32+00:00","breadcrumb":{"@id":"https:\/\/www.vitbot.com\/de\/wasser#breadcrumb"},"inLanguage":"de","potentialAction":[{"@type":"ReadAction","target":["https:\/\/www.vitbot.com\/de\/wasser"]}]},{"@type":"BreadcrumbList","@id":"https:\/\/www.vitbot.com\/de\/wasser#breadcrumb","itemListElement":[{"@type":"ListItem","position":1,"name":"Home","item":"https:\/\/www.vitbot.com\/de"},{"@type":"ListItem","position":2,"name":"Wasser"}]},{"@type":"WebSite","@id":"https:\/\/www.vitbot.com\/de#website","url":"https:\/\/www.vitbot.com\/de","name":"Vitbot","description":"Best Reusable Water Bottles | Vortex Bottle | Vitalizer Bottle","publisher":{"@id":"https:\/\/www.vitbot.com\/de#organization"},"potentialAction":[{"@type":"SearchAction","target":{"@type":"EntryPoint","urlTemplate":"https:\/\/www.vitbot.com\/de?s={search_term_string}"},"query-input":"required name=search_term_string"}],"inLanguage":"de"},{"@type":"Organization","@id":"https:\/\/www.vitbot.com\/de#organization","name":"Vitbot Europe,S.L. NIF B66180548 Tel\u00e8fon Correu info@vitbot.com Direcci\u00f3 C\/ Almeria 40 F Poblaci\u00f3 Tarrasa Codi postal 08226 Pa\u00eds Espanya","url":"https:\/\/www.vitbot.com\/de","logo":{"@type":"ImageObject","inLanguage":"de","@id":"https:\/\/www.vitbot.com\/de#\/schema\/logo\/image\/","url":"https:\/\/www.vitbot.com\/wp-content\/uploads\/2017\/03\/vitbot_logo.png","contentUrl":"https:\/\/www.vitbot.com\/wp-content\/uploads\/2017\/03\/vitbot_logo.png","width":84,"height":24,"caption":"Vitbot Europe,S.L. NIF B66180548 Tel\u00e8fon Correu info@vitbot.com Direcci\u00f3 C\/ Almeria 40 F Poblaci\u00f3 Tarrasa Codi postal 08226 Pa\u00eds Espanya"},"image":{"@id":"https:\/\/www.vitbot.com\/de#\/schema\/logo\/image\/"},"sameAs":["https:\/\/www.facebook.com\/vitbotbottle\/","https:\/\/www.instagram.com\/vitbotofficial\/"]}]}},"_links":{"self":[{"href":"https:\/\/www.vitbot.com\/de\/wp-json\/wp\/v2\/pages\/1107"}],"collection":[{"href":"https:\/\/www.vitbot.com\/de\/wp-json\/wp\/v2\/pages"}],"about":[{"href":"https:\/\/www.vitbot.com\/de\/wp-json\/wp\/v2\/types\/page"}],"author":[{"embeddable":true,"href":"https:\/\/www.vitbot.com\/de\/wp-json\/wp\/v2\/users\/1"}],"replies":[{"embeddable":true,"href":"https:\/\/www.vitbot.com\/de\/wp-json\/wp\/v2\/comments?post=1107"}],"version-history":[{"count":0,"href":"https:\/\/www.vitbot.com\/de\/wp-json\/wp\/v2\/pages\/1107\/revisions"}],"wp:attachment":[{"href":"https:\/\/www.vitbot.com\/de\/wp-json\/wp\/v2\/media?parent=1107"}],"curies":[{"name":"wp","href":"https:\/\/api.w.org\/{rel}","templated":true}]}}