{"id":1100,"date":"2017-05-02T21:06:55","date_gmt":"2017-05-02T19:06:55","guid":{"rendered":"https:\/\/www.vitbot.com\/die-ovale-form"},"modified":"2018-12-02T07:09:43","modified_gmt":"2018-12-02T05:09:43","slug":"die-ovale-form","status":"publish","type":"page","link":"https:\/\/www.vitbot.com\/de\/die-ovale-form","title":{"rendered":"Die Ovale Form"},"content":{"rendered":"[vc_row fullwidth=&#8220;true&#8220; equal_columns=&#8220;true&#8220; css=&#8220;.vc_custom_1490864043520{background-color: #ffffff !important;}&#8220;][vc_column][vc_single_image image=&#8220;763&#8243; img_size=&#8220;full&#8220; css=&#8220;.vc_custom_1492795754412{margin-top: 0px !important;margin-right: 0px !important;margin-bottom: 0px !important;margin-left: 0px !important;}&#8220;][\/vc_column][\/vc_row][vc_row css=&#8220;.vc_custom_1490287549845{background-color: #ffffff !important;}&#8220;][vc_column][vc_empty_space height=&#8220;45px&#8220;][vc_column_text disable_pattern=&#8220;false&#8220; el_class=&#8220;formaovoide-tit1 vitbot-color1 font-din2014-b&#8220;]\n<h1>DIE OVALE FORM<\/h1>\n[\/vc_column_text][\/vc_column][\/vc_row][vc_row css=&#8220;.vc_custom_1490287549845{background-color: #ffffff !important;}&#8220;][vc_column width=&#8220;1\/2&#8243;][vc_column_text disable_pattern=&#8220;false&#8220; el_class=&#8220;formaovoide-txt vitbot-color2 font-din2014-l&#8220;]\n<h3>Ohne Wirbelbewegungen ist kein Leben m\u00f6glich: Wirbel erhalten die Energie aufrecht, aus der die Strukturen der physischen und feinstofflichen Existenz entstehen. Um solche Wirbel zu erzeugen und die Struktur des Lebens zu gew\u00e4hrleisten, wendet die Natur die ovale Form an<\/h3>\n[\/vc_column_text][vc_empty_space height=&#8220;20px&#8220;][vc_column_text disable_pattern=&#8220;false&#8220; el_class=&#8220;font-din2014-l formaovoide-txt&#8220;]F\u00fcr unsere Augen unsichtbar, bewegt sich die Energie im Inneren von Samen, Fr\u00fcchten und dem weiblichen Uterus sowie in Tornados und im Wasser in einem Wirbel und erh\u00e4lt so das Leben aufrecht. Wenn die perfekten Umst\u00e4nde erreicht sind, entsteht aus dem Samen eine vollkommene, neue Pflanze. Das ist m\u00f6glich, weil die unabl\u00e4ssige Wirbelbewegung die Struktur und das Ged\u00e4chtnis der Pflanze in ihrem Beh\u00e4lter \u2013 dem Samen \u2013 aufrechterh\u00e4lt. Die ovale Form in der Natur erm\u00f6glicht es solchen Wirbeln, sich spontan zu bilden und endlos zu drehen. Die ovale Form ist der Beh\u00e4lter des Lebens.<\/p>\n<h4>Form z\u00e4hlt. Form ist ein \u00dcbermittler von Informationen.<\/h4>\n<p>Energie ohne eine Form, die sie umh\u00fcllt, ist einfach nur eine M\u00f6glichkeit. Im Inneren eines Samens schlummert das lebendige Ged\u00e4chtnis des Baums oder der Pflanze, zu dem oder zu der er sich einst entwickeln wird. Um jene Erinnerungen zu speichern, braucht der Samen eine bestimmte Form mit bestimmten Proportionen sowie eine innere Wirbelbewegung, die \u2013 obwohl f\u00fcr unsere Augen unsichtbar \u2013 die Strukturen und das Ged\u00e4chtnis der Pflanze lebendig erhalten, bis der Samen in die Erde gelegt wird.<\/p>\n<p>Die Wissenschaft hat bereits entdeckt, dass die Formen in der Natur bestimmten Ordnungsmustern folgen. So ist zum Beispiel der Goldene Schnitt ein Wachstums- und Entwicklungsmuster, das bei fast allen lebenden Organismen \u2013 auch dem Menschen \u2013 vorkommt.<\/p>\n<p>Wir haben dieses Muster der Natur abgeschaut und die ovale Form unserer Flaschen entsprechend den Proportionen des Goldenen Schnitts entworfen. Die verschiedenen Flaschen und Gef\u00e4\u00dfe von Vitbot gibt es in unterschiedlichen Gr\u00f6\u00dfen und Ausf\u00fchrungen und mit verschiedenen \u00d6ffnungen, aber sie alle haben dieselbe ovale Form, die den Proportionen des Goldenen Schnitts entspricht.[\/vc_column_text][\/vc_column][vc_column width=&#8220;1\/2&#8243;][vc_column_text disable_pattern=&#8220;false&#8220; el_class=&#8220;font-din2014-l formaovoide-txt2&#8243;]\n<h4>Struktur: Die S\u00e4ule des Lebens<\/h4>\n<p>Was ist der wichtigste Unterschied zwischen einem Kilo Vollkornweizen und einem Kilo Weizenmehl? Eindeutig die Struktur. Wie alle anderen Nahrungsmittel, die wir zu uns nehmen, versorgt uns auch das Wasser mit Energie. Die Qualit\u00e4t dieser Energie ver\u00e4ndert sich dramatisch durch die Art und Weise, wie das Wasser oder die Nahrung vom Zeitpunkt ihres Entstehens bis zum Verzehr behandelt wird.<\/p>\n<p>So stillt ein Kilo Vollkornweizen unseren Hunger zwar ebenso wie ein Kilo Mehl, aber der Vollkornweizen versorgt uns dar\u00fcber hinaus mit N\u00e4hrstoffen und Energie, w\u00e4hrend das Mehl nur unseren Appetit befriedigt.<\/p>\n<p>Welche Wirkung haben strukturlose, devitalisierte Nahrungsmittel und Getr\u00e4nke auf unseren K\u00f6rper und unsere Gesundheit? Zahlreiche Untersuchungen zum Thema Ern\u00e4hrung, Gesundheit und speziell zum Thema Mehl haben ergeben, dass Mehl zu \u00dcbergewicht, Cellulitis und Fl\u00fcssigkeitsansammlungen im Gewebe f\u00fchrt und unseren Hunger im Vergleich zu einer Ern\u00e4hrung mit dem ganzen Korn nur f\u00fcr kurze Zeit stillt.<\/p>\n<p>Wenn wir die Molekularstruktur eines vollwertigen Grundprodukts wie Weizen einmal zerst\u00f6ren, k\u00f6nnen wir sie nicht wieder zusammensetzen. Anders ist das bei Getr\u00e4nken oder fl\u00fcssigen Nahrungsmitteln, weil sie zu 70 bis 90 % aus Wasser bestehen. Wenn wir sie in ein Beh\u00e4ltnis f\u00fcllen, das es ihnen erlaubt, sich in Form eines Wirbels zu bewegen, k\u00f6nnen sie ihre urspr\u00fcngliche hexagonale Struktur und somit ihre Vitalit\u00e4t wiedererlangen.<\/p>\n<p>Es gibt keine schl\u00fcssigen wissenschaftlichen Beweise, welche die Existenz bzw. die Nicht-Existenz einer hexagonalen Struktur im Wasser belegen. Es handelt sich um ein sehr kontroverses Thema, das nicht ausreichend erforscht ist. Wir bei Vitbot sind der \u00dcberzeugung, dass die molekulare Struktur Basis f\u00fcr die Lebendigkeit von Wasser und allen Nahrungsmitteln ist, die wir zu uns nehmen. Es bedarf allerdings bestimmter Voraussetzungen, damit diese Struktur erhalten bleibt. Um das zu gew\u00e4hrleisten, haben wir die Gegebenheiten der Natur nachgebildet. Unsere Flaschen haben eine ovale Form, die den Proportionen des Goldenen Schnitts entspricht, was bewirkt, dass sich die Getr\u00e4nke und fl\u00fcssigen Nahrungsmittel, die wir in ihnen aufbewahren, in Form von Wirbeln bewegen und so ihre Vitalit\u00e4t bis zum Verzehr erhalten k\u00f6nnen.[\/vc_column_text][\/vc_column][\/vc_row][vc_row][vc_column][vc_empty_space height=&#8220;30px&#8220;][\/vc_column][\/vc_row][vc_row fullwidth=&#8220;true&#8220; fullwidth_content=&#8220;false&#8220; equal_columns=&#8220;true&#8220; css=&#8220;.vc_custom_1492529026720{padding-top: 110px !important;padding-bottom: 90px !important;background-color: #1e0064 !important;}&#8220;][vc_column width=&#8220;1\/2&#8243;][vc_column_text disable_pattern=&#8220;false&#8220; el_class=&#8220;font-din2014-l vidlink-txt vitbot-color3&#8243;]Das Kl\u00e4rwerk am Newton Creek in Greenpoint, Brooklyn, versinnbildlicht, was wir erreichen k\u00f6nnen, wenn eine Regierung zukunftsorientiert mit lokalen Aktivisten zusammenarbeitet, um die modernste Technologie anzuwenden.[\/vc_column_text][\/vc_column][vc_column width=&#8220;1\/2&#8243;][vc_video link=&#8220;https:\/\/vimeo.com\/34469658&#8243;][\/vc_column][\/vc_row][vc_row fullwidth=&#8220;true&#8220; fullwidth_content=&#8220;false&#8220; equal_columns=&#8220;true&#8220; css=&#8220;.vc_custom_1493111608083{padding-top: 110px !important;padding-bottom: 90px !important;background-color: #ffffff !important;}&#8220;][vc_column width=&#8220;1\/2&#8243;][vc_video link=&#8220;https:\/\/youtu.be\/oerxUI9jQuY&#8220;][\/vc_column][vc_column width=&#8220;1\/2&#8243;][vc_column_text disable_pattern=&#8220;false&#8220; el_class=&#8220;font-din2014-l vidlink-txt vitbot-color1&#8243;]Sonoma Cast Stone ist der erste Betonfabrikant, der sich auf \u00f6kologisch nachhaltigen Beton spezialisiert hat. Wir befinden uns in der kalifornischen Weinbauregion Wine Country, und seit fast 20 Jahren stellen wir ausgezeichnete Einrichtungsgegenst\u00e4nde aus Beton her.[\/vc_column_text][\/vc_column][\/vc_row][vc_row fullwidth=&#8220;true&#8220; fullwidth_content=&#8220;false&#8220; equal_columns=&#8220;true&#8220; css=&#8220;.vc_custom_1493111621894{padding-top: 110px !important;padding-bottom: 90px !important;background-color: #1e0064 !important;}&#8220;][vc_column width=&#8220;1\/2&#8243;][vc_column_text disable_pattern=&#8220;false&#8220; el_class=&#8220;font-din2014-l vidlink-txt vitbot-color3&#8243;]Worin liegen die Vorteile von Betontanks? Und was ist an dieser Form so besonders? Verschaffen Sie sich einen Einblick, w\u00e4hrend Weinbauer Sebasti\u00e1n Zuccardi sich mit Kim Marcus u\u0308ber Tanks und Terroir unterh\u00e4lt.[\/vc_column_text][\/vc_column][vc_column width=&#8220;1\/2&#8243;][vc_video link=&#8220;https:\/\/youtu.be\/fpo8in9Exz8&#8243;][\/vc_column][\/vc_row][vc_row fullwidth=&#8220;true&#8220; fullwidth_content=&#8220;false&#8220; equal_columns=&#8220;true&#8220; css=&#8220;.vc_custom_1493111646827{padding-top: 110px !important;padding-bottom: 90px !important;background-color: #1e0064 !important;}&#8220;][vc_column width=&#8220;1\/2&#8243;][vc_column_text disable_pattern=&#8220;false&#8220; el_class=&#8220;font-din2014-l vidlink-txt vitbot-color3&#8243;]Im kalifornischen Lodi erkl\u00e4rt die Winzerin Elyse Egan Perry von den Bokisch Vineyards die Weing\u00e4rung in eif\u00f6rmigen Fermentern. Sie spricht u\u0308ber die Konvektion, die durch die natu\u0308rliche Wirbelbewegung w\u00e4hrend des Fermentationsprozesses in diesen Beh\u00e4ltnissen entsteht. Immer mehr Weinbauern bevorzugen diese Fermenter wegen des gesteigerten Mundgefu\u0308hls in den Weinen, die aus ihnen hervorgehen.[\/vc_column_text][\/vc_column][vc_column width=&#8220;1\/2&#8243;][vc_video link=&#8220;https:\/\/youtu.be\/1QgtgEnd2-I&#8220;][\/vc_column][\/vc_row][vc_row fullwidth=&#8220;true&#8220; fullwidth_content=&#8220;false&#8220; equal_columns=&#8220;true&#8220; css=&#8220;.vc_custom_1493111656887{padding-top: 110px !important;padding-bottom: 90px !important;background-color: #ffffff !important;}&#8220;][vc_column width=&#8220;1\/2&#8243;][vc_video link=&#8220;https:\/\/youtu.be\/k-_b-iEWuEY&#8220;][\/vc_column][vc_column width=&#8220;1\/2&#8243;][vc_column_text disable_pattern=&#8220;false&#8220; el_class=&#8220;font-din2014-l vidlink-txt vitbot-color1&#8243;]Unser Thema des Monats fokussiert sich auf das Gef\u00e4\u00df, in dem Champagner hergestellt wird. Wir beleuchten die ungew\u00f6hnliche Verwendung von \u201eAmphoren\u201c und \u201eBetoneiern\u201c, um v\u00f6llig oder teilweise unterschiedliche Arten des Champagners herzustellen.[\/vc_column_text][\/vc_column][\/vc_row][vc_row fullwidth=&#8220;true&#8220; fullwidth_content=&#8220;false&#8220; equal_columns=&#8220;true&#8220; css=&#8220;.vc_custom_1493111667066{padding-top: 110px !important;padding-bottom: 90px !important;background-color: #1e0064 !important;}&#8220;][vc_column width=&#8220;1\/2&#8243;][vc_column_text disable_pattern=&#8220;false&#8220; el_class=&#8220;font-din2014-l vidlink-txt vitbot-color3&#8243;]Ein Blick auf neue Biertanks aus Beton von Sonoma Cast Stone bei der Craft Brewers. Conference 2015 in Portland, Oregon.<br \/>\n[\/vc_column_text][\/vc_column][vc_column width=&#8220;1\/2&#8243;][vc_video link=&#8220;https:\/\/vimeo.com\/127437267&#8243;][\/vc_column][\/vc_row]\n","protected":false},"excerpt":{"rendered":"<p>[vc_row fullwidth=&#8220;true&#8220; equal_columns=&#8220;true&#8220; css=&#8220;.vc_custom_1490864043520{background-color: #ffffff !important;}&#8220;][vc_column][vc_single_image image=&#8220;763&#8243; img_size=&#8220;full&#8220; css=&#8220;.vc_custom_1492795754412{margin-top: 0px !important;margin-right: 0px !important;margin-bottom: 0px !important;margin-left: 0px !important;}&#8220;][\/vc_column][\/vc_row][vc_row css=&#8220;.vc_custom_1490287549845{background-color: #ffffff !important;}&#8220;][vc_column][vc_empty_space height=&#8220;45px&#8220;][vc_column_text disable_pattern=&#8220;false&#8220; el_class=&#8220;formaovoide-tit1 vitbot-color1 font-din2014-b&#8220;] DIE OVALE FORM [\/vc_column_text][\/vc_column][\/vc_row][vc_row css=&#8220;.vc_custom_1490287549845{background-color: #ffffff !important;}&#8220;][vc_column width=&#8220;1\/2&#8243;][vc_column_text disable_pattern=&#8220;false&#8220; el_class=&#8220;formaovoide-txt vitbot-color2 font-din2014-l&#8220;] Ohne Wirbelbewegungen ist kein Leben m\u00f6glich: Wirbel erhalten die Energie aufrecht, aus der die Strukturen der physischen und [&hellip;]<\/p>\n","protected":false},"author":1,"featured_media":0,"parent":0,"menu_order":6,"comment_status":"closed","ping_status":"closed","template":"","meta":{"_monsterinsights_skip_tracking":false,"_monsterinsights_sitenote_active":false,"_monsterinsights_sitenote_note":"","_monsterinsights_sitenote_category":0},"yoast_head":"<!-- This site is optimized with the Yoast SEO plugin v20.1 - https:\/\/yoast.com\/wordpress\/plugins\/seo\/ -->\n<title>Die Ovale Form - Vitbot<\/title>\n<meta name=\"robots\" content=\"index, follow, max-snippet:-1, max-image-preview:large, max-video-preview:-1\" \/>\n<link rel=\"canonical\" href=\"https:\/\/www.vitbot.com\/de\/die-ovale-form\" \/>\n<meta property=\"og:locale\" content=\"de_DE\" \/>\n<meta property=\"og:type\" content=\"article\" \/>\n<meta property=\"og:title\" content=\"Die Ovale Form - Vitbot\" \/>\n<meta property=\"og:description\" content=\"[vc_row fullwidth=&#8220;true&#8220; equal_columns=&#8220;true&#8220; css=&#8220;.vc_custom_1490864043520{background-color: #ffffff !important;}&#8220;][vc_column][vc_single_image image=&#8220;763&#8243; img_size=&#8220;full&#8220; css=&#8220;.vc_custom_1492795754412{margin-top: 0px !important;margin-right: 0px !important;margin-bottom: 0px !important;margin-left: 0px !important;}&#8220;][\/vc_column][\/vc_row][vc_row css=&#8220;.vc_custom_1490287549845{background-color: #ffffff !important;}&#8220;][vc_column][vc_empty_space height=&#8220;45px&#8220;][vc_column_text disable_pattern=&#8220;false&#8220; el_class=&#8220;formaovoide-tit1 vitbot-color1 font-din2014-b&#8220;] DIE OVALE FORM [\/vc_column_text][\/vc_column][\/vc_row][vc_row css=&#8220;.vc_custom_1490287549845{background-color: #ffffff !important;}&#8220;][vc_column width=&#8220;1\/2&#8243;][vc_column_text disable_pattern=&#8220;false&#8220; el_class=&#8220;formaovoide-txt vitbot-color2 font-din2014-l&#8220;] Ohne Wirbelbewegungen ist kein Leben m\u00f6glich: Wirbel erhalten die Energie aufrecht, aus der die Strukturen der physischen und [&hellip;]\" \/>\n<meta property=\"og:url\" content=\"https:\/\/www.vitbot.com\/de\/die-ovale-form\" \/>\n<meta property=\"og:site_name\" content=\"Vitbot\" \/>\n<meta property=\"article:publisher\" content=\"https:\/\/www.facebook.com\/vitbotbottle\/\" \/>\n<meta property=\"article:modified_time\" content=\"2018-12-02T05:09:43+00:00\" \/>\n<meta name=\"twitter:card\" content=\"summary_large_image\" \/>\n<meta name=\"twitter:label1\" content=\"Gesch\u00e4tzte Lesezeit\" \/>\n\t<meta name=\"twitter:data1\" content=\"7\u00a0Minuten\" \/>\n<script type=\"application\/ld+json\" class=\"yoast-schema-graph\">{\"@context\":\"https:\/\/schema.org\",\"@graph\":[{\"@type\":\"WebPage\",\"@id\":\"https:\/\/www.vitbot.com\/de\/die-ovale-form\",\"url\":\"https:\/\/www.vitbot.com\/de\/die-ovale-form\",\"name\":\"Die Ovale Form - Vitbot\",\"isPartOf\":{\"@id\":\"https:\/\/www.vitbot.com\/de#website\"},\"datePublished\":\"2017-05-02T19:06:55+00:00\",\"dateModified\":\"2018-12-02T05:09:43+00:00\",\"breadcrumb\":{\"@id\":\"https:\/\/www.vitbot.com\/de\/die-ovale-form#breadcrumb\"},\"inLanguage\":\"de\",\"potentialAction\":[{\"@type\":\"ReadAction\",\"target\":[\"https:\/\/www.vitbot.com\/de\/die-ovale-form\"]}]},{\"@type\":\"BreadcrumbList\",\"@id\":\"https:\/\/www.vitbot.com\/de\/die-ovale-form#breadcrumb\",\"itemListElement\":[{\"@type\":\"ListItem\",\"position\":1,\"name\":\"Home\",\"item\":\"https:\/\/www.vitbot.com\/de\"},{\"@type\":\"ListItem\",\"position\":2,\"name\":\"Die Ovale Form\"}]},{\"@type\":\"WebSite\",\"@id\":\"https:\/\/www.vitbot.com\/de#website\",\"url\":\"https:\/\/www.vitbot.com\/de\",\"name\":\"Vitbot\",\"description\":\"Best Reusable Water Bottles | Vortex Bottle | Vitalizer Bottle\",\"publisher\":{\"@id\":\"https:\/\/www.vitbot.com\/de#organization\"},\"potentialAction\":[{\"@type\":\"SearchAction\",\"target\":{\"@type\":\"EntryPoint\",\"urlTemplate\":\"https:\/\/www.vitbot.com\/de?s={search_term_string}\"},\"query-input\":\"required name=search_term_string\"}],\"inLanguage\":\"de\"},{\"@type\":\"Organization\",\"@id\":\"https:\/\/www.vitbot.com\/de#organization\",\"name\":\"Vitbot Europe,S.L. NIF B66180548 Tel\u00e8fon Correu info@vitbot.com Direcci\u00f3 C\/ Almeria 40 F Poblaci\u00f3 Tarrasa Codi postal 08226 Pa\u00eds Espanya\",\"url\":\"https:\/\/www.vitbot.com\/de\",\"logo\":{\"@type\":\"ImageObject\",\"inLanguage\":\"de\",\"@id\":\"https:\/\/www.vitbot.com\/de#\/schema\/logo\/image\/\",\"url\":\"https:\/\/www.vitbot.com\/wp-content\/uploads\/2017\/03\/vitbot_logo.png\",\"contentUrl\":\"https:\/\/www.vitbot.com\/wp-content\/uploads\/2017\/03\/vitbot_logo.png\",\"width\":84,\"height\":24,\"caption\":\"Vitbot Europe,S.L. NIF B66180548 Tel\u00e8fon Correu info@vitbot.com Direcci\u00f3 C\/ Almeria 40 F Poblaci\u00f3 Tarrasa Codi postal 08226 Pa\u00eds Espanya\"},\"image\":{\"@id\":\"https:\/\/www.vitbot.com\/de#\/schema\/logo\/image\/\"},\"sameAs\":[\"https:\/\/www.facebook.com\/vitbotbottle\/\",\"https:\/\/www.instagram.com\/vitbotofficial\/\"]}]}<\/script>\n<!-- \/ Yoast SEO plugin. -->","yoast_head_json":{"title":"Die Ovale Form - Vitbot","robots":{"index":"index","follow":"follow","max-snippet":"max-snippet:-1","max-image-preview":"max-image-preview:large","max-video-preview":"max-video-preview:-1"},"canonical":"https:\/\/www.vitbot.com\/de\/die-ovale-form","og_locale":"de_DE","og_type":"article","og_title":"Die Ovale Form - Vitbot","og_description":"[vc_row fullwidth=&#8220;true&#8220; equal_columns=&#8220;true&#8220; css=&#8220;.vc_custom_1490864043520{background-color: #ffffff !important;}&#8220;][vc_column][vc_single_image image=&#8220;763&#8243; img_size=&#8220;full&#8220; css=&#8220;.vc_custom_1492795754412{margin-top: 0px !important;margin-right: 0px !important;margin-bottom: 0px !important;margin-left: 0px !important;}&#8220;][\/vc_column][\/vc_row][vc_row css=&#8220;.vc_custom_1490287549845{background-color: #ffffff !important;}&#8220;][vc_column][vc_empty_space height=&#8220;45px&#8220;][vc_column_text disable_pattern=&#8220;false&#8220; el_class=&#8220;formaovoide-tit1 vitbot-color1 font-din2014-b&#8220;] DIE OVALE FORM [\/vc_column_text][\/vc_column][\/vc_row][vc_row css=&#8220;.vc_custom_1490287549845{background-color: #ffffff !important;}&#8220;][vc_column width=&#8220;1\/2&#8243;][vc_column_text disable_pattern=&#8220;false&#8220; el_class=&#8220;formaovoide-txt vitbot-color2 font-din2014-l&#8220;] Ohne Wirbelbewegungen ist kein Leben m\u00f6glich: Wirbel erhalten die Energie aufrecht, aus der die Strukturen der physischen und [&hellip;]","og_url":"https:\/\/www.vitbot.com\/de\/die-ovale-form","og_site_name":"Vitbot","article_publisher":"https:\/\/www.facebook.com\/vitbotbottle\/","article_modified_time":"2018-12-02T05:09:43+00:00","twitter_card":"summary_large_image","twitter_misc":{"Gesch\u00e4tzte Lesezeit":"7\u00a0Minuten"},"schema":{"@context":"https:\/\/schema.org","@graph":[{"@type":"WebPage","@id":"https:\/\/www.vitbot.com\/de\/die-ovale-form","url":"https:\/\/www.vitbot.com\/de\/die-ovale-form","name":"Die Ovale Form - Vitbot","isPartOf":{"@id":"https:\/\/www.vitbot.com\/de#website"},"datePublished":"2017-05-02T19:06:55+00:00","dateModified":"2018-12-02T05:09:43+00:00","breadcrumb":{"@id":"https:\/\/www.vitbot.com\/de\/die-ovale-form#breadcrumb"},"inLanguage":"de","potentialAction":[{"@type":"ReadAction","target":["https:\/\/www.vitbot.com\/de\/die-ovale-form"]}]},{"@type":"BreadcrumbList","@id":"https:\/\/www.vitbot.com\/de\/die-ovale-form#breadcrumb","itemListElement":[{"@type":"ListItem","position":1,"name":"Home","item":"https:\/\/www.vitbot.com\/de"},{"@type":"ListItem","position":2,"name":"Die Ovale Form"}]},{"@type":"WebSite","@id":"https:\/\/www.vitbot.com\/de#website","url":"https:\/\/www.vitbot.com\/de","name":"Vitbot","description":"Best Reusable Water Bottles | Vortex Bottle | Vitalizer Bottle","publisher":{"@id":"https:\/\/www.vitbot.com\/de#organization"},"potentialAction":[{"@type":"SearchAction","target":{"@type":"EntryPoint","urlTemplate":"https:\/\/www.vitbot.com\/de?s={search_term_string}"},"query-input":"required name=search_term_string"}],"inLanguage":"de"},{"@type":"Organization","@id":"https:\/\/www.vitbot.com\/de#organization","name":"Vitbot Europe,S.L. NIF B66180548 Tel\u00e8fon Correu info@vitbot.com Direcci\u00f3 C\/ Almeria 40 F Poblaci\u00f3 Tarrasa Codi postal 08226 Pa\u00eds Espanya","url":"https:\/\/www.vitbot.com\/de","logo":{"@type":"ImageObject","inLanguage":"de","@id":"https:\/\/www.vitbot.com\/de#\/schema\/logo\/image\/","url":"https:\/\/www.vitbot.com\/wp-content\/uploads\/2017\/03\/vitbot_logo.png","contentUrl":"https:\/\/www.vitbot.com\/wp-content\/uploads\/2017\/03\/vitbot_logo.png","width":84,"height":24,"caption":"Vitbot Europe,S.L. NIF B66180548 Tel\u00e8fon Correu info@vitbot.com Direcci\u00f3 C\/ Almeria 40 F Poblaci\u00f3 Tarrasa Codi postal 08226 Pa\u00eds Espanya"},"image":{"@id":"https:\/\/www.vitbot.com\/de#\/schema\/logo\/image\/"},"sameAs":["https:\/\/www.facebook.com\/vitbotbottle\/","https:\/\/www.instagram.com\/vitbotofficial\/"]}]}},"_links":{"self":[{"href":"https:\/\/www.vitbot.com\/de\/wp-json\/wp\/v2\/pages\/1100"}],"collection":[{"href":"https:\/\/www.vitbot.com\/de\/wp-json\/wp\/v2\/pages"}],"about":[{"href":"https:\/\/www.vitbot.com\/de\/wp-json\/wp\/v2\/types\/page"}],"author":[{"embeddable":true,"href":"https:\/\/www.vitbot.com\/de\/wp-json\/wp\/v2\/users\/1"}],"replies":[{"embeddable":true,"href":"https:\/\/www.vitbot.com\/de\/wp-json\/wp\/v2\/comments?post=1100"}],"version-history":[{"count":1,"href":"https:\/\/www.vitbot.com\/de\/wp-json\/wp\/v2\/pages\/1100\/revisions"}],"predecessor-version":[{"id":3743,"href":"https:\/\/www.vitbot.com\/de\/wp-json\/wp\/v2\/pages\/1100\/revisions\/3743"}],"wp:attachment":[{"href":"https:\/\/www.vitbot.com\/de\/wp-json\/wp\/v2\/media?parent=1100"}],"curies":[{"name":"wp","href":"https:\/\/api.w.org\/{rel}","templated":true}]}}