{"id":1099,"date":"2017-05-02T21:06:22","date_gmt":"2017-05-02T19:06:22","guid":{"rendered":"https:\/\/www.vitbot.com\/vitbot-industrial"},"modified":"2020-02-12T18:28:02","modified_gmt":"2020-02-12T16:28:02","slug":"vitbot-industrial","status":"publish","type":"page","link":"https:\/\/www.vitbot.com\/de\/vitbot-industrial","title":{"rendered":"Gewerblicher Gebrauch"},"content":{"rendered":"[vc_row fullwidth=&#8220;true&#8220; equal_columns=&#8220;true&#8220; css=&#8220;.vc_custom_1490864043520{background-color: #ffffff !important;}&#8220;][vc_column][vc_single_image image=&#8220;705&#8243; img_size=&#8220;full&#8220; css=&#8220;.vc_custom_1492703393470{margin-top: 0px !important;margin-right: 0px !important;margin-bottom: 0px !important;margin-left: 0px !important;}&#8220;][\/vc_column][\/vc_row][vc_row css=&#8220;.vc_custom_1490287549845{background-color: #ffffff !important;}&#8220;][vc_column][vc_empty_space height=&#8220;45px&#8220;][vc_column_text disable_pattern=&#8220;false&#8220; el_class=&#8220;indu-tit1 vitbot-color1 font-din2014-b&#8220; css=&#8220;.vc_custom_1543571411080{margin-bottom: 0px !important;}&#8220;]\n<h1>GEWERBLICHER GEBRAUCH<\/h1>\n[\/vc_column_text][\/vc_column][\/vc_row][vc_row css=&#8220;.vc_custom_1490287549845{background-color: #ffffff !important;}&#8220;][vc_column width=&#8220;1\/2&#8243;][vc_column_text disable_pattern=&#8220;false&#8220; el_class=&#8220;font-din2014-l indu-txt&#8220; css=&#8220;.vc_custom_1543565120344{margin-bottom: 0px !important;}&#8220;]Vitbot-Flaschen eignen sich perfekt f\u00fcr Getr\u00e4nke jeder Art: Fruchts\u00e4fte, Milch- und Molkegetr\u00e4nke, Gem\u00fcses\u00e4fte oder fl\u00fcssige S\u00e4uglingsnahrung. Vitbot-Flaschen sind auch die optimale L\u00f6sung zum Verpacken von Kosmetik und \u00e4therischen \u00d6len. Unsere Vitbot-Flaschen sind ebenso ideal f\u00fcr Wein, Cava, Craft Beer, Kombucha Tee, Kefir etc., da diese Getr\u00e4nke ihren Reife- und Fermentationsprozess in der Flasche fortsetzen.<\/p>\n<p>Die Vitbot-Flaschen f\u00fcr den gewerblichen Gebrauch wurden entworfen um die Dynamik der Abf\u00fcllung von Wasser und anderen Getr\u00e4nken zu ver\u00e4ndern. Die meisten derzeit der auf dem Markt erh\u00e4ltlichen Verpackungen sind nach Kriterien der \u00c4sthetik, niedrigem Preis und einfacher Lager entworfen worden. Vitbot hingegen integriert ein innovatives Konzept bei der Herstellung der Flaschen: Die ovale Form, die es erm\u00f6glicht, dass sich die Fl\u00fcssigkeiten im Inneren der Flaschen in Wirbelform bewegen. Dank dieser Bewegung erh\u00e4lt man eine homogene L\u00f6sung der Elektrolyte, Mineralien etc. der Getr\u00e4nke. Dadurch bleiben die Eigenschaften der Getr\u00e4nke intakt und zwar genau so, wie sie zum Zeitpunkt der Abf\u00fcllung waren. Dies erlaubt dem menschlichen K\u00f6rper die Bestandteile viel effizienter aufzunehmen.[\/vc_column_text][vc_row_inner][vc_column_inner width=&#8220;1\/2&#8243;][vc_single_image image=&#8220;11008&#8243; img_size=&#8220;full&#8220; alignment=&#8220;center&#8220; onclick=&#8220;link_image&#8220;][\/vc_column_inner][vc_column_inner width=&#8220;1\/2&#8243;][vc_single_image image=&#8220;11015&#8243; img_size=&#8220;full&#8220; alignment=&#8220;center&#8220; onclick=&#8220;link_image&#8220;][\/vc_column_inner][\/vc_row_inner][\/vc_column][vc_column width=&#8220;1\/2&#8243;][vc_column_text disable_pattern=&#8220;false&#8220; el_class=&#8220;font-din2014-l indu-txt&#8220; css=&#8220;.vc_custom_1558677365690{margin-bottom: 0px !important;}&#8220;]Die Vitbot-Flaschen k\u00f6nnen verschiedene Gr\u00f6ssen, unterschiedliche Designs und Ausf\u00fchrungen haben, abh\u00e4ngig von dem Produkt das Sie Abf\u00fcllen m\u00f6chten. Die einzige Anforderung ist, dass der Flaschenk\u00f6rper die ovale Form und den Goldenen Schnitt beibeh\u00e4lt.<\/p>\n<p>Wir bieten Getr\u00e4nkeherstellern drei M\u00f6glichkeiten an: Die Flaschen bei Vitbot zu kaufen, personalisierte (massgeschneiderte) Vitbot Verpackungen unter Lizenz herzustellen oder ein Co-Branding mit uns zu vereinbaren.<\/p>\n<p><strong>Warum setzen wir in unserem Unternehmen neben Glas auf recycelbare rPET- und HDPE-Flaschen?<\/strong><\/p>\n<p>Hersteller von kaltgepressten Getr\u00e4nken mit Bio-Zertifizierung ben\u00f6tigen rPET-Flaschen (recyceltes Polyethylenterephthalat), da es das einzige Material ist, das die hohen Dr\u00fccke der HPP-Technologie standh\u00e4lt, um eine Pasteurisierung zu vermeiden und um die Eigenschaften der urspr\u00fcnglichen N\u00e4hrstoffe der Getr\u00e4nke beizubehalten.\u00a0Hersteller die ihre Bio-Getr\u00e4nke pasteurisieren entscheiden sich f\u00fcr HDPE-Material(recycelbares Polyethylen hoher Dichte) da es sich um ein Material handel, das Temperaturen \u00fcber 40\u00baC ohne Migration standh\u00e4lt.\u00a0HDPE ist auch ein ideales Material wenn ein v\u00f6llig undurchsichtiger Beh\u00e4lter gew\u00fcnscht wird, der den Inhalt der Flaschen vor Licht sch\u00fctzen.<\/p>\n<p>Bitte wenden Sie sich an uns bei eventuellen Fragen oder zur Anfrage von Musterflaschen, damit Sie Tests durchf\u00fchren k\u00f6nnen.[\/vc_column_text][vc_btn title=&#8220;KONTAKTIERE UNS&#8220; color=&#8220;white&#8220; size=&#8220;lg&#8220; align=&#8220;left&#8220; link=&#8220;url:https%3A%2F%2Fwww.vitbot.com%2Fde%2Fkontakt|||&#8220; el_class=&#8220;btn-contacta bg-color2&#8243;][\/vc_column][\/vc_row][vc_row][vc_column width=&#8220;1\/2&#8243;][vc_empty_space height=&#8220;90px&#8220;][\/vc_column][vc_column width=&#8220;1\/2&#8243;][\/vc_column][\/vc_row]\n","protected":false},"excerpt":{"rendered":"<p>[vc_row fullwidth=&#8220;true&#8220; equal_columns=&#8220;true&#8220; css=&#8220;.vc_custom_1490864043520{background-color: #ffffff !important;}&#8220;][vc_column][vc_single_image image=&#8220;705&#8243; img_size=&#8220;full&#8220; css=&#8220;.vc_custom_1492703393470{margin-top: 0px !important;margin-right: 0px !important;margin-bottom: 0px !important;margin-left: 0px !important;}&#8220;][\/vc_column][\/vc_row][vc_row css=&#8220;.vc_custom_1490287549845{background-color: #ffffff !important;}&#8220;][vc_column][vc_empty_space height=&#8220;45px&#8220;][vc_column_text disable_pattern=&#8220;false&#8220; el_class=&#8220;indu-tit1 vitbot-color1 font-din2014-b&#8220; css=&#8220;.vc_custom_1543571411080{margin-bottom: 0px !important;}&#8220;] GEWERBLICHER GEBRAUCH [\/vc_column_text][\/vc_column][\/vc_row][vc_row css=&#8220;.vc_custom_1490287549845{background-color: #ffffff !important;}&#8220;][vc_column width=&#8220;1\/2&#8243;][vc_column_text disable_pattern=&#8220;false&#8220; el_class=&#8220;font-din2014-l indu-txt&#8220; css=&#8220;.vc_custom_1543565120344{margin-bottom: 0px !important;}&#8220;]Vitbot-Flaschen eignen sich perfekt f\u00fcr Getr\u00e4nke jeder Art: Fruchts\u00e4fte, Milch- und Molkegetr\u00e4nke, Gem\u00fcses\u00e4fte oder fl\u00fcssige [&hellip;]<\/p>\n","protected":false},"author":1,"featured_media":0,"parent":0,"menu_order":3,"comment_status":"closed","ping_status":"closed","template":"","meta":{"_monsterinsights_skip_tracking":false,"_monsterinsights_sitenote_active":false,"_monsterinsights_sitenote_note":"","_monsterinsights_sitenote_category":0},"yoast_head":"<!-- This site is optimized with the Yoast SEO plugin v20.1 - https:\/\/yoast.com\/wordpress\/plugins\/seo\/ -->\n<title>Gewerblicher Gebrauch - Vitbot<\/title>\n<meta name=\"robots\" content=\"index, follow, max-snippet:-1, max-image-preview:large, max-video-preview:-1\" \/>\n<link rel=\"canonical\" href=\"https:\/\/www.vitbot.com\/de\/vitbot-industrial\" \/>\n<meta property=\"og:locale\" content=\"de_DE\" \/>\n<meta property=\"og:type\" content=\"article\" \/>\n<meta property=\"og:title\" content=\"Gewerblicher Gebrauch - Vitbot\" \/>\n<meta property=\"og:description\" content=\"[vc_row fullwidth=&#8220;true&#8220; equal_columns=&#8220;true&#8220; css=&#8220;.vc_custom_1490864043520{background-color: #ffffff !important;}&#8220;][vc_column][vc_single_image image=&#8220;705&#8243; img_size=&#8220;full&#8220; css=&#8220;.vc_custom_1492703393470{margin-top: 0px !important;margin-right: 0px !important;margin-bottom: 0px !important;margin-left: 0px !important;}&#8220;][\/vc_column][\/vc_row][vc_row css=&#8220;.vc_custom_1490287549845{background-color: #ffffff !important;}&#8220;][vc_column][vc_empty_space height=&#8220;45px&#8220;][vc_column_text disable_pattern=&#8220;false&#8220; el_class=&#8220;indu-tit1 vitbot-color1 font-din2014-b&#8220; css=&#8220;.vc_custom_1543571411080{margin-bottom: 0px !important;}&#8220;] GEWERBLICHER GEBRAUCH [\/vc_column_text][\/vc_column][\/vc_row][vc_row css=&#8220;.vc_custom_1490287549845{background-color: #ffffff !important;}&#8220;][vc_column width=&#8220;1\/2&#8243;][vc_column_text disable_pattern=&#8220;false&#8220; el_class=&#8220;font-din2014-l indu-txt&#8220; css=&#8220;.vc_custom_1543565120344{margin-bottom: 0px !important;}&#8220;]Vitbot-Flaschen eignen sich perfekt f\u00fcr Getr\u00e4nke jeder Art: Fruchts\u00e4fte, Milch- und Molkegetr\u00e4nke, Gem\u00fcses\u00e4fte oder fl\u00fcssige [&hellip;]\" \/>\n<meta property=\"og:url\" content=\"https:\/\/www.vitbot.com\/de\/vitbot-industrial\" \/>\n<meta property=\"og:site_name\" content=\"Vitbot\" \/>\n<meta property=\"article:publisher\" content=\"https:\/\/www.facebook.com\/vitbotbottle\/\" \/>\n<meta property=\"article:modified_time\" content=\"2020-02-12T16:28:02+00:00\" \/>\n<meta name=\"twitter:card\" content=\"summary_large_image\" \/>\n<meta name=\"twitter:label1\" content=\"Gesch\u00e4tzte Lesezeit\" \/>\n\t<meta name=\"twitter:data1\" content=\"3\u00a0Minuten\" \/>\n<script type=\"application\/ld+json\" class=\"yoast-schema-graph\">{\"@context\":\"https:\/\/schema.org\",\"@graph\":[{\"@type\":\"WebPage\",\"@id\":\"https:\/\/www.vitbot.com\/de\/vitbot-industrial\",\"url\":\"https:\/\/www.vitbot.com\/de\/vitbot-industrial\",\"name\":\"Gewerblicher Gebrauch - Vitbot\",\"isPartOf\":{\"@id\":\"https:\/\/www.vitbot.com\/de#website\"},\"datePublished\":\"2017-05-02T19:06:22+00:00\",\"dateModified\":\"2020-02-12T16:28:02+00:00\",\"breadcrumb\":{\"@id\":\"https:\/\/www.vitbot.com\/de\/vitbot-industrial#breadcrumb\"},\"inLanguage\":\"de\",\"potentialAction\":[{\"@type\":\"ReadAction\",\"target\":[\"https:\/\/www.vitbot.com\/de\/vitbot-industrial\"]}]},{\"@type\":\"BreadcrumbList\",\"@id\":\"https:\/\/www.vitbot.com\/de\/vitbot-industrial#breadcrumb\",\"itemListElement\":[{\"@type\":\"ListItem\",\"position\":1,\"name\":\"Home\",\"item\":\"https:\/\/www.vitbot.com\/de\"},{\"@type\":\"ListItem\",\"position\":2,\"name\":\"Gewerblicher Gebrauch\"}]},{\"@type\":\"WebSite\",\"@id\":\"https:\/\/www.vitbot.com\/de#website\",\"url\":\"https:\/\/www.vitbot.com\/de\",\"name\":\"Vitbot\",\"description\":\"Best Reusable Water Bottles | Vortex Bottle | Vitalizer Bottle\",\"publisher\":{\"@id\":\"https:\/\/www.vitbot.com\/de#organization\"},\"potentialAction\":[{\"@type\":\"SearchAction\",\"target\":{\"@type\":\"EntryPoint\",\"urlTemplate\":\"https:\/\/www.vitbot.com\/de?s={search_term_string}\"},\"query-input\":\"required name=search_term_string\"}],\"inLanguage\":\"de\"},{\"@type\":\"Organization\",\"@id\":\"https:\/\/www.vitbot.com\/de#organization\",\"name\":\"Vitbot Europe,S.L. NIF B66180548 Tel\u00e8fon Correu info@vitbot.com Direcci\u00f3 C\/ Almeria 40 F Poblaci\u00f3 Tarrasa Codi postal 08226 Pa\u00eds Espanya\",\"url\":\"https:\/\/www.vitbot.com\/de\",\"logo\":{\"@type\":\"ImageObject\",\"inLanguage\":\"de\",\"@id\":\"https:\/\/www.vitbot.com\/de#\/schema\/logo\/image\/\",\"url\":\"https:\/\/www.vitbot.com\/wp-content\/uploads\/2017\/03\/vitbot_logo.png\",\"contentUrl\":\"https:\/\/www.vitbot.com\/wp-content\/uploads\/2017\/03\/vitbot_logo.png\",\"width\":84,\"height\":24,\"caption\":\"Vitbot Europe,S.L. NIF B66180548 Tel\u00e8fon Correu info@vitbot.com Direcci\u00f3 C\/ Almeria 40 F Poblaci\u00f3 Tarrasa Codi postal 08226 Pa\u00eds Espanya\"},\"image\":{\"@id\":\"https:\/\/www.vitbot.com\/de#\/schema\/logo\/image\/\"},\"sameAs\":[\"https:\/\/www.facebook.com\/vitbotbottle\/\",\"https:\/\/www.instagram.com\/vitbotofficial\/\"]}]}<\/script>\n<!-- \/ Yoast SEO plugin. -->","yoast_head_json":{"title":"Gewerblicher Gebrauch - Vitbot","robots":{"index":"index","follow":"follow","max-snippet":"max-snippet:-1","max-image-preview":"max-image-preview:large","max-video-preview":"max-video-preview:-1"},"canonical":"https:\/\/www.vitbot.com\/de\/vitbot-industrial","og_locale":"de_DE","og_type":"article","og_title":"Gewerblicher Gebrauch - Vitbot","og_description":"[vc_row fullwidth=&#8220;true&#8220; equal_columns=&#8220;true&#8220; css=&#8220;.vc_custom_1490864043520{background-color: #ffffff !important;}&#8220;][vc_column][vc_single_image image=&#8220;705&#8243; img_size=&#8220;full&#8220; css=&#8220;.vc_custom_1492703393470{margin-top: 0px !important;margin-right: 0px !important;margin-bottom: 0px !important;margin-left: 0px !important;}&#8220;][\/vc_column][\/vc_row][vc_row css=&#8220;.vc_custom_1490287549845{background-color: #ffffff !important;}&#8220;][vc_column][vc_empty_space height=&#8220;45px&#8220;][vc_column_text disable_pattern=&#8220;false&#8220; el_class=&#8220;indu-tit1 vitbot-color1 font-din2014-b&#8220; css=&#8220;.vc_custom_1543571411080{margin-bottom: 0px !important;}&#8220;] GEWERBLICHER GEBRAUCH [\/vc_column_text][\/vc_column][\/vc_row][vc_row css=&#8220;.vc_custom_1490287549845{background-color: #ffffff !important;}&#8220;][vc_column width=&#8220;1\/2&#8243;][vc_column_text disable_pattern=&#8220;false&#8220; el_class=&#8220;font-din2014-l indu-txt&#8220; css=&#8220;.vc_custom_1543565120344{margin-bottom: 0px !important;}&#8220;]Vitbot-Flaschen eignen sich perfekt f\u00fcr Getr\u00e4nke jeder Art: Fruchts\u00e4fte, Milch- und Molkegetr\u00e4nke, Gem\u00fcses\u00e4fte oder fl\u00fcssige [&hellip;]","og_url":"https:\/\/www.vitbot.com\/de\/vitbot-industrial","og_site_name":"Vitbot","article_publisher":"https:\/\/www.facebook.com\/vitbotbottle\/","article_modified_time":"2020-02-12T16:28:02+00:00","twitter_card":"summary_large_image","twitter_misc":{"Gesch\u00e4tzte Lesezeit":"3\u00a0Minuten"},"schema":{"@context":"https:\/\/schema.org","@graph":[{"@type":"WebPage","@id":"https:\/\/www.vitbot.com\/de\/vitbot-industrial","url":"https:\/\/www.vitbot.com\/de\/vitbot-industrial","name":"Gewerblicher Gebrauch - Vitbot","isPartOf":{"@id":"https:\/\/www.vitbot.com\/de#website"},"datePublished":"2017-05-02T19:06:22+00:00","dateModified":"2020-02-12T16:28:02+00:00","breadcrumb":{"@id":"https:\/\/www.vitbot.com\/de\/vitbot-industrial#breadcrumb"},"inLanguage":"de","potentialAction":[{"@type":"ReadAction","target":["https:\/\/www.vitbot.com\/de\/vitbot-industrial"]}]},{"@type":"BreadcrumbList","@id":"https:\/\/www.vitbot.com\/de\/vitbot-industrial#breadcrumb","itemListElement":[{"@type":"ListItem","position":1,"name":"Home","item":"https:\/\/www.vitbot.com\/de"},{"@type":"ListItem","position":2,"name":"Gewerblicher Gebrauch"}]},{"@type":"WebSite","@id":"https:\/\/www.vitbot.com\/de#website","url":"https:\/\/www.vitbot.com\/de","name":"Vitbot","description":"Best Reusable Water Bottles | Vortex Bottle | Vitalizer Bottle","publisher":{"@id":"https:\/\/www.vitbot.com\/de#organization"},"potentialAction":[{"@type":"SearchAction","target":{"@type":"EntryPoint","urlTemplate":"https:\/\/www.vitbot.com\/de?s={search_term_string}"},"query-input":"required name=search_term_string"}],"inLanguage":"de"},{"@type":"Organization","@id":"https:\/\/www.vitbot.com\/de#organization","name":"Vitbot Europe,S.L. NIF B66180548 Tel\u00e8fon Correu info@vitbot.com Direcci\u00f3 C\/ Almeria 40 F Poblaci\u00f3 Tarrasa Codi postal 08226 Pa\u00eds Espanya","url":"https:\/\/www.vitbot.com\/de","logo":{"@type":"ImageObject","inLanguage":"de","@id":"https:\/\/www.vitbot.com\/de#\/schema\/logo\/image\/","url":"https:\/\/www.vitbot.com\/wp-content\/uploads\/2017\/03\/vitbot_logo.png","contentUrl":"https:\/\/www.vitbot.com\/wp-content\/uploads\/2017\/03\/vitbot_logo.png","width":84,"height":24,"caption":"Vitbot Europe,S.L. NIF B66180548 Tel\u00e8fon Correu info@vitbot.com Direcci\u00f3 C\/ Almeria 40 F Poblaci\u00f3 Tarrasa Codi postal 08226 Pa\u00eds Espanya"},"image":{"@id":"https:\/\/www.vitbot.com\/de#\/schema\/logo\/image\/"},"sameAs":["https:\/\/www.facebook.com\/vitbotbottle\/","https:\/\/www.instagram.com\/vitbotofficial\/"]}]}},"_links":{"self":[{"href":"https:\/\/www.vitbot.com\/de\/wp-json\/wp\/v2\/pages\/1099"}],"collection":[{"href":"https:\/\/www.vitbot.com\/de\/wp-json\/wp\/v2\/pages"}],"about":[{"href":"https:\/\/www.vitbot.com\/de\/wp-json\/wp\/v2\/types\/page"}],"author":[{"embeddable":true,"href":"https:\/\/www.vitbot.com\/de\/wp-json\/wp\/v2\/users\/1"}],"replies":[{"embeddable":true,"href":"https:\/\/www.vitbot.com\/de\/wp-json\/wp\/v2\/comments?post=1099"}],"version-history":[{"count":6,"href":"https:\/\/www.vitbot.com\/de\/wp-json\/wp\/v2\/pages\/1099\/revisions"}],"predecessor-version":[{"id":11028,"href":"https:\/\/www.vitbot.com\/de\/wp-json\/wp\/v2\/pages\/1099\/revisions\/11028"}],"wp:attachment":[{"href":"https:\/\/www.vitbot.com\/de\/wp-json\/wp\/v2\/media?parent=1099"}],"curies":[{"name":"wp","href":"https:\/\/api.w.org\/{rel}","templated":true}]}}