{"id":1092,"date":"2017-05-02T21:05:28","date_gmt":"2017-05-02T19:05:28","guid":{"rendered":"https:\/\/www.vitbot.com\/die-geometrie-des-lebens"},"modified":"2017-05-03T08:20:24","modified_gmt":"2017-05-03T06:20:24","slug":"die-geometrie-des-lebens","status":"publish","type":"page","link":"https:\/\/www.vitbot.com\/de\/die-geometrie-des-lebens","title":{"rendered":"Die Geometrie des Lebens"},"content":{"rendered":"[vc_row fullwidth=&#8220;true&#8220;][vc_column][mk_revslider id=&#8220;geometriadelavida&#8220;][\/vc_column][\/vc_row][vc_row fullwidth=&#8220;true&#8220; equal_columns=&#8220;true&#8220; attached=&#8220;true&#8220;][vc_column width=&#8220;1\/2&#8243; css=&#8220;.vc_custom_1493282605281{padding-top: 60px !important;padding-right: 60px !important;padding-bottom: 60px !important;padding-left: 60px !important;background-color: #7cc5c9 !important;}&#8220; el_class=&#8220;hometextcolumn&#8220;][vc_column_text disable_pattern=&#8220;false&#8220; el_class=&#8220;font-alternategn2d geometria-tit1&#8243;]\n<h1>Biomimese<\/h1>\n[\/vc_column_text][vc_empty_space height=&#8220;40px&#8220;][vc_column_text disable_pattern=&#8220;false&#8220; align=&#8220;right&#8220; el_class=&#8220;geometria-text1&#8243;]\u00abBiomimese ist eine Wissenschaft, die die Natur als Inspirationsquelle nutzt, um menschliche Probleme zu l\u00f6sen, welche die Natur bereits gel\u00f6st hat\u00bb.<br \/>\nAndrea Rinaldi[\/vc_column_text][vc_empty_space height=&#8220;60px&#8220;][vc_column_text disable_pattern=&#8220;false&#8220; el_class=&#8220;geometria-text1&#8243;]Die Idee zu den Vitbot -Flaschen entstand beim Beobachten der Natur. Vitbot-Flaschen sind das Resultat dieser Beobachtungen; ihr Design ist eif\u00f6rmig und entspricht in ihren Proportionen dem Goldenen Schnitt. Das hei\u00dft, sie sind so konstruiert, dass sich ihr Inhalt in Wirbeln bewegt. [\/vc_column_text][vc_empty_space height=&#8220;149px&#8220; el_class=&#8220;geometria-space1&#8243;][vc_btn title=&#8220;mehr sehen&#8220; color=&#8220;white&#8220; el_class=&#8220;btn-home font-alternategn2d bg-color3&#8243; link=&#8220;url:https%3A%2F%2Fwww.vitbot.com%2Fde%2Fbiomimese|||&#8220;][\/vc_column][vc_column width=&#8220;1\/2&#8243; css=&#8220;.vc_custom_1493282614486{padding-top: 60px !important;padding-right: 60px !important;padding-bottom: 60px !important;padding-left: 60px !important;background-color: #1e0064 !important;}&#8220; el_class=&#8220;hometextcolumn&#8220;][vc_column_text disable_pattern=&#8220;false&#8220; el_class=&#8220;font-alternategn2d geometria-tit2&#8243;]\n<h1>Die ovale Form<\/h1>\n[\/vc_column_text][vc_empty_space height=&#8220;40px&#8220;][vc_column_text disable_pattern=&#8220;false&#8220; align=&#8220;right&#8220; el_class=&#8220;geometria-text1&#8243;]\u00abDie Eiform ist die einzige geschlossene Form,<br \/>\ndie spontan Wirbelbewegungen erzeugt\u00bb.<br \/>\nViktor Schauberger[\/vc_column_text][vc_empty_space height=&#8220;60px&#8220;][vc_column_text disable_pattern=&#8220;false&#8220; el_class=&#8220;geometria-text2&#8243;]Bei unseren Naturbeobachtungen bemerkten wir, dass die meisten Fr\u00fcchte und Samen eif\u00f6rmig sind. Die ovale Form ist der Beh\u00e4lter des Lebens. Die verschiedenen Flaschen und Gef\u00e4\u00dfe von Vitbot kommen in unterschiedlichen Gr\u00f6\u00dfen und Ausf\u00fchrungen und mit verschiedenen \u00d6ffnungen daher, aber sie alle haben dieselbe ovale Form.[\/vc_column_text][vc_empty_space height=&#8220;125px&#8220; el_class=&#8220;geometria-space2&#8243;][vc_btn title=&#8220;mehr sehen&#8220; color=&#8220;white&#8220; el_class=&#8220;btn-home font-alternategn2d bg-color3&#8243; link=&#8220;url:https%3A%2F%2Fwww.vitbot.com%2Fde%2Fdie-ovale-form|||&#8220;][\/vc_column][\/vc_row][vc_row fullwidth=&#8220;true&#8220; equal_columns=&#8220;true&#8220; attached=&#8220;true&#8220;][vc_column width=&#8220;1\/2&#8243; css=&#8220;.vc_custom_1493282631822{padding-top: 60px !important;padding-right: 60px !important;padding-bottom: 60px !important;padding-left: 60px !important;background-color: #ffb48c !important;}&#8220; el_class=&#8220;hometextcolumn&#8220;][vc_column_text disable_pattern=&#8220;false&#8220; el_class=&#8220;font-alternategn2d geometria-tit3&#8243;]\n<h1>Der Wirbel<\/h1>\n[\/vc_column_text][vc_empty_space height=&#8220;40px&#8220;][vc_column_text disable_pattern=&#8220;false&#8220; el_class=&#8220;geometria-text3&#8243;]Von Atomen bis hin zu Galaxien bedient sich die Natur der Wirbelbewegung, um gr\u00f6\u00dfere Energieeffizienz zu erzielen. Die DNS, das Blut, das aus dem Herzen gepumpt wird, das Wasser der Ozeane und der Fl\u00fcsse, Wirbelst\u00fcrme, Tornados, sogar unsere Galaxie, die Milchstra\u00dfe \u2013 sie alle bewegen sich in einem Wirbel, genau wie das riesige schwarze Loch in ihrem Zentrum.[\/vc_column_text][vc_empty_space height=&#8220;205px&#8220; el_class=&#8220;geometria-space3&#8243;][vc_btn title=&#8220;mehr sehen&#8220; color=&#8220;white&#8220; el_class=&#8220;btn-home font-alternategn2d bg-color3&#8243; link=&#8220;url:https%3A%2F%2Fwww.vitbot.com%2Fde%2Fder-wirbel|||&#8220;][\/vc_column][vc_column width=&#8220;1\/2&#8243; css=&#8220;.vc_custom_1493282645763{padding-top: 60px !important;padding-right: 60px !important;padding-bottom: 60px !important;padding-left: 60px !important;background-color: #b8d36e !important;}&#8220; el_class=&#8220;hometextcolumn&#8220;][vc_column_text disable_pattern=&#8220;false&#8220; el_class=&#8220;font-alternategn2d geometria-tit4&#8243;]\n<h1>Der Goldene Schnitt<\/h1>\n[\/vc_column_text][vc_empty_space height=&#8220;40px&#8220;][vc_column_text disable_pattern=&#8220;false&#8220; el_class=&#8220;geometria-text4&#8243;]Der Goldene Schnitt ist ein Ordnungsprinzip der Natur. Seine Formel zeigt sich im Wachstum der \u00c4ste eines Baumes, der Samen einer Sonnenblume oder der Bl\u00e4tter von Pflanzen, um nur einige Beispiele zu nennen. Dieser Formel ist es zu verdanken, dass Zweige, Bl\u00e4tter und Samen die gleiche Menge Sonneneinstrahlung und Regenwasser erhalten, da sie einander nicht blockieren. [\/vc_column_text][vc_empty_space height=&#8220;205px&#8220; el_class=&#8220;geometria-space4&#8243;][vc_btn title=&#8220;mehr sehen&#8220; color=&#8220;white&#8220; el_class=&#8220;btn-home font-alternategn2d bg-color3&#8243; link=&#8220;url:https%3A%2F%2Fwww.vitbot.com%2Fde%2Fgoldener-schnitt|||&#8220;][\/vc_column][\/vc_row]\n","protected":false},"excerpt":{"rendered":"<p>[vc_row fullwidth=&#8220;true&#8220;][vc_column][mk_revslider id=&#8220;geometriadelavida&#8220;][\/vc_column][\/vc_row][vc_row fullwidth=&#8220;true&#8220; equal_columns=&#8220;true&#8220; attached=&#8220;true&#8220;][vc_column width=&#8220;1\/2&#8243; css=&#8220;.vc_custom_1493282605281{padding-top: 60px !important;padding-right: 60px !important;padding-bottom: 60px !important;padding-left: 60px !important;background-color: #7cc5c9 !important;}&#8220; el_class=&#8220;hometextcolumn&#8220;][vc_column_text disable_pattern=&#8220;false&#8220; el_class=&#8220;font-alternategn2d geometria-tit1&#8243;] Biomimese [\/vc_column_text][vc_empty_space height=&#8220;40px&#8220;][vc_column_text disable_pattern=&#8220;false&#8220; align=&#8220;right&#8220; el_class=&#8220;geometria-text1&#8243;]\u00abBiomimese ist eine Wissenschaft, die die Natur als Inspirationsquelle nutzt, um menschliche Probleme zu l\u00f6sen, welche die Natur bereits gel\u00f6st hat\u00bb. Andrea Rinaldi[\/vc_column_text][vc_empty_space height=&#8220;60px&#8220;][vc_column_text disable_pattern=&#8220;false&#8220; el_class=&#8220;geometria-text1&#8243;]Die Idee zu [&hellip;]<\/p>\n","protected":false},"author":1,"featured_media":0,"parent":0,"menu_order":4,"comment_status":"closed","ping_status":"closed","template":"","meta":{"_monsterinsights_skip_tracking":false,"_monsterinsights_sitenote_active":false,"_monsterinsights_sitenote_note":"","_monsterinsights_sitenote_category":0},"yoast_head":"<!-- This site is optimized with the Yoast SEO plugin v20.1 - https:\/\/yoast.com\/wordpress\/plugins\/seo\/ -->\n<title>Die Geometrie des Lebens - Vitbot<\/title>\n<meta name=\"robots\" content=\"index, follow, max-snippet:-1, max-image-preview:large, max-video-preview:-1\" \/>\n<link rel=\"canonical\" href=\"https:\/\/www.vitbot.com\/de\/die-geometrie-des-lebens\" \/>\n<meta property=\"og:locale\" content=\"de_DE\" \/>\n<meta property=\"og:type\" content=\"article\" \/>\n<meta property=\"og:title\" content=\"Die Geometrie des Lebens - Vitbot\" \/>\n<meta property=\"og:description\" content=\"[vc_row fullwidth=&#8220;true&#8220;][vc_column][mk_revslider id=&#8220;geometriadelavida&#8220;][\/vc_column][\/vc_row][vc_row fullwidth=&#8220;true&#8220; equal_columns=&#8220;true&#8220; attached=&#8220;true&#8220;][vc_column width=&#8220;1\/2&#8243; css=&#8220;.vc_custom_1493282605281{padding-top: 60px !important;padding-right: 60px !important;padding-bottom: 60px !important;padding-left: 60px !important;background-color: #7cc5c9 !important;}&#8220; el_class=&#8220;hometextcolumn&#8220;][vc_column_text disable_pattern=&#8220;false&#8220; el_class=&#8220;font-alternategn2d geometria-tit1&#8243;] Biomimese [\/vc_column_text][vc_empty_space height=&#8220;40px&#8220;][vc_column_text disable_pattern=&#8220;false&#8220; align=&#8220;right&#8220; el_class=&#8220;geometria-text1&#8243;]\u00abBiomimese ist eine Wissenschaft, die die Natur als Inspirationsquelle nutzt, um menschliche Probleme zu l\u00f6sen, welche die Natur bereits gel\u00f6st hat\u00bb. Andrea Rinaldi[\/vc_column_text][vc_empty_space height=&#8220;60px&#8220;][vc_column_text disable_pattern=&#8220;false&#8220; el_class=&#8220;geometria-text1&#8243;]Die Idee zu [&hellip;]\" \/>\n<meta property=\"og:url\" content=\"https:\/\/www.vitbot.com\/de\/die-geometrie-des-lebens\" \/>\n<meta property=\"og:site_name\" content=\"Vitbot\" \/>\n<meta property=\"article:publisher\" content=\"https:\/\/www.facebook.com\/vitbotbottle\/\" \/>\n<meta property=\"article:modified_time\" content=\"2017-05-03T06:20:24+00:00\" \/>\n<meta name=\"twitter:card\" content=\"summary_large_image\" \/>\n<meta name=\"twitter:label1\" content=\"Gesch\u00e4tzte Lesezeit\" \/>\n\t<meta name=\"twitter:data1\" content=\"3\u00a0Minuten\" \/>\n<script type=\"application\/ld+json\" class=\"yoast-schema-graph\">{\"@context\":\"https:\/\/schema.org\",\"@graph\":[{\"@type\":\"WebPage\",\"@id\":\"https:\/\/www.vitbot.com\/de\/die-geometrie-des-lebens\",\"url\":\"https:\/\/www.vitbot.com\/de\/die-geometrie-des-lebens\",\"name\":\"Die Geometrie des Lebens - Vitbot\",\"isPartOf\":{\"@id\":\"https:\/\/www.vitbot.com\/de#website\"},\"datePublished\":\"2017-05-02T19:05:28+00:00\",\"dateModified\":\"2017-05-03T06:20:24+00:00\",\"breadcrumb\":{\"@id\":\"https:\/\/www.vitbot.com\/de\/die-geometrie-des-lebens#breadcrumb\"},\"inLanguage\":\"de\",\"potentialAction\":[{\"@type\":\"ReadAction\",\"target\":[\"https:\/\/www.vitbot.com\/de\/die-geometrie-des-lebens\"]}]},{\"@type\":\"BreadcrumbList\",\"@id\":\"https:\/\/www.vitbot.com\/de\/die-geometrie-des-lebens#breadcrumb\",\"itemListElement\":[{\"@type\":\"ListItem\",\"position\":1,\"name\":\"Home\",\"item\":\"https:\/\/www.vitbot.com\/de\"},{\"@type\":\"ListItem\",\"position\":2,\"name\":\"Die Geometrie des Lebens\"}]},{\"@type\":\"WebSite\",\"@id\":\"https:\/\/www.vitbot.com\/de#website\",\"url\":\"https:\/\/www.vitbot.com\/de\",\"name\":\"Vitbot\",\"description\":\"Best Reusable Water Bottles | Vortex Bottle | Vitalizer Bottle\",\"publisher\":{\"@id\":\"https:\/\/www.vitbot.com\/de#organization\"},\"potentialAction\":[{\"@type\":\"SearchAction\",\"target\":{\"@type\":\"EntryPoint\",\"urlTemplate\":\"https:\/\/www.vitbot.com\/de?s={search_term_string}\"},\"query-input\":\"required name=search_term_string\"}],\"inLanguage\":\"de\"},{\"@type\":\"Organization\",\"@id\":\"https:\/\/www.vitbot.com\/de#organization\",\"name\":\"Vitbot Europe,S.L. NIF B66180548 Tel\u00e8fon Correu info@vitbot.com Direcci\u00f3 C\/ Almeria 40 F Poblaci\u00f3 Tarrasa Codi postal 08226 Pa\u00eds Espanya\",\"url\":\"https:\/\/www.vitbot.com\/de\",\"logo\":{\"@type\":\"ImageObject\",\"inLanguage\":\"de\",\"@id\":\"https:\/\/www.vitbot.com\/de#\/schema\/logo\/image\/\",\"url\":\"https:\/\/www.vitbot.com\/wp-content\/uploads\/2017\/03\/vitbot_logo.png\",\"contentUrl\":\"https:\/\/www.vitbot.com\/wp-content\/uploads\/2017\/03\/vitbot_logo.png\",\"width\":84,\"height\":24,\"caption\":\"Vitbot Europe,S.L. NIF B66180548 Tel\u00e8fon Correu info@vitbot.com Direcci\u00f3 C\/ Almeria 40 F Poblaci\u00f3 Tarrasa Codi postal 08226 Pa\u00eds Espanya\"},\"image\":{\"@id\":\"https:\/\/www.vitbot.com\/de#\/schema\/logo\/image\/\"},\"sameAs\":[\"https:\/\/www.facebook.com\/vitbotbottle\/\",\"https:\/\/www.instagram.com\/vitbotofficial\/\"]}]}<\/script>\n<!-- \/ Yoast SEO plugin. -->","yoast_head_json":{"title":"Die Geometrie des Lebens - Vitbot","robots":{"index":"index","follow":"follow","max-snippet":"max-snippet:-1","max-image-preview":"max-image-preview:large","max-video-preview":"max-video-preview:-1"},"canonical":"https:\/\/www.vitbot.com\/de\/die-geometrie-des-lebens","og_locale":"de_DE","og_type":"article","og_title":"Die Geometrie des Lebens - Vitbot","og_description":"[vc_row fullwidth=&#8220;true&#8220;][vc_column][mk_revslider id=&#8220;geometriadelavida&#8220;][\/vc_column][\/vc_row][vc_row fullwidth=&#8220;true&#8220; equal_columns=&#8220;true&#8220; attached=&#8220;true&#8220;][vc_column width=&#8220;1\/2&#8243; css=&#8220;.vc_custom_1493282605281{padding-top: 60px !important;padding-right: 60px !important;padding-bottom: 60px !important;padding-left: 60px !important;background-color: #7cc5c9 !important;}&#8220; el_class=&#8220;hometextcolumn&#8220;][vc_column_text disable_pattern=&#8220;false&#8220; el_class=&#8220;font-alternategn2d geometria-tit1&#8243;] Biomimese [\/vc_column_text][vc_empty_space height=&#8220;40px&#8220;][vc_column_text disable_pattern=&#8220;false&#8220; align=&#8220;right&#8220; el_class=&#8220;geometria-text1&#8243;]\u00abBiomimese ist eine Wissenschaft, die die Natur als Inspirationsquelle nutzt, um menschliche Probleme zu l\u00f6sen, welche die Natur bereits gel\u00f6st hat\u00bb. Andrea Rinaldi[\/vc_column_text][vc_empty_space height=&#8220;60px&#8220;][vc_column_text disable_pattern=&#8220;false&#8220; el_class=&#8220;geometria-text1&#8243;]Die Idee zu [&hellip;]","og_url":"https:\/\/www.vitbot.com\/de\/die-geometrie-des-lebens","og_site_name":"Vitbot","article_publisher":"https:\/\/www.facebook.com\/vitbotbottle\/","article_modified_time":"2017-05-03T06:20:24+00:00","twitter_card":"summary_large_image","twitter_misc":{"Gesch\u00e4tzte Lesezeit":"3\u00a0Minuten"},"schema":{"@context":"https:\/\/schema.org","@graph":[{"@type":"WebPage","@id":"https:\/\/www.vitbot.com\/de\/die-geometrie-des-lebens","url":"https:\/\/www.vitbot.com\/de\/die-geometrie-des-lebens","name":"Die Geometrie des Lebens - Vitbot","isPartOf":{"@id":"https:\/\/www.vitbot.com\/de#website"},"datePublished":"2017-05-02T19:05:28+00:00","dateModified":"2017-05-03T06:20:24+00:00","breadcrumb":{"@id":"https:\/\/www.vitbot.com\/de\/die-geometrie-des-lebens#breadcrumb"},"inLanguage":"de","potentialAction":[{"@type":"ReadAction","target":["https:\/\/www.vitbot.com\/de\/die-geometrie-des-lebens"]}]},{"@type":"BreadcrumbList","@id":"https:\/\/www.vitbot.com\/de\/die-geometrie-des-lebens#breadcrumb","itemListElement":[{"@type":"ListItem","position":1,"name":"Home","item":"https:\/\/www.vitbot.com\/de"},{"@type":"ListItem","position":2,"name":"Die Geometrie des Lebens"}]},{"@type":"WebSite","@id":"https:\/\/www.vitbot.com\/de#website","url":"https:\/\/www.vitbot.com\/de","name":"Vitbot","description":"Best Reusable Water Bottles | Vortex Bottle | Vitalizer Bottle","publisher":{"@id":"https:\/\/www.vitbot.com\/de#organization"},"potentialAction":[{"@type":"SearchAction","target":{"@type":"EntryPoint","urlTemplate":"https:\/\/www.vitbot.com\/de?s={search_term_string}"},"query-input":"required name=search_term_string"}],"inLanguage":"de"},{"@type":"Organization","@id":"https:\/\/www.vitbot.com\/de#organization","name":"Vitbot Europe,S.L. NIF B66180548 Tel\u00e8fon Correu info@vitbot.com Direcci\u00f3 C\/ Almeria 40 F Poblaci\u00f3 Tarrasa Codi postal 08226 Pa\u00eds Espanya","url":"https:\/\/www.vitbot.com\/de","logo":{"@type":"ImageObject","inLanguage":"de","@id":"https:\/\/www.vitbot.com\/de#\/schema\/logo\/image\/","url":"https:\/\/www.vitbot.com\/wp-content\/uploads\/2017\/03\/vitbot_logo.png","contentUrl":"https:\/\/www.vitbot.com\/wp-content\/uploads\/2017\/03\/vitbot_logo.png","width":84,"height":24,"caption":"Vitbot Europe,S.L. NIF B66180548 Tel\u00e8fon Correu info@vitbot.com Direcci\u00f3 C\/ Almeria 40 F Poblaci\u00f3 Tarrasa Codi postal 08226 Pa\u00eds Espanya"},"image":{"@id":"https:\/\/www.vitbot.com\/de#\/schema\/logo\/image\/"},"sameAs":["https:\/\/www.facebook.com\/vitbotbottle\/","https:\/\/www.instagram.com\/vitbotofficial\/"]}]}},"_links":{"self":[{"href":"https:\/\/www.vitbot.com\/de\/wp-json\/wp\/v2\/pages\/1092"}],"collection":[{"href":"https:\/\/www.vitbot.com\/de\/wp-json\/wp\/v2\/pages"}],"about":[{"href":"https:\/\/www.vitbot.com\/de\/wp-json\/wp\/v2\/types\/page"}],"author":[{"embeddable":true,"href":"https:\/\/www.vitbot.com\/de\/wp-json\/wp\/v2\/users\/1"}],"replies":[{"embeddable":true,"href":"https:\/\/www.vitbot.com\/de\/wp-json\/wp\/v2\/comments?post=1092"}],"version-history":[{"count":0,"href":"https:\/\/www.vitbot.com\/de\/wp-json\/wp\/v2\/pages\/1092\/revisions"}],"wp:attachment":[{"href":"https:\/\/www.vitbot.com\/de\/wp-json\/wp\/v2\/media?parent=1092"}],"curies":[{"name":"wp","href":"https:\/\/api.w.org\/{rel}","templated":true}]}}