{"id":8387,"date":"2019-09-26T19:28:22","date_gmt":"2019-09-26T17:34:40","guid":{"rendered":"https:\/\/www.vitbot.com\/?post_type=product&#038;p=8387"},"modified":"2019-09-26T19:34:43","modified_gmt":"2019-09-26T17:34:43","slug":"base-de-la-gerra-fruit-of-life","status":"publish","type":"product","link":"https:\/\/www.vitbot.com\/ca\/producte\/base-de-la-gerra-fruit-of-life","title":{"rendered":"Base de la Gerra Fruit of Life"},"content":{"rendered":"<p>Fusta de freixe natural.<br \/>\nGravada en l\u00e0ser amb la geometria del Fruit de la Vida, la mateixa que t\u00e9 la gerra.<br \/>\nNo est\u00e0 recoberta amb cap tipus de vern\u00eds artificial, es recomana no submergir en aigua, simplement rentar en sec.<br \/>\nFabricada a Europa.<\/p>\n<p>La base d\u00f3na a la gerra Fruit of Life una major estabilitat, tant en superf\u00edcies planes com en superf\u00edcies rugoses o de fusta amb lames. A m\u00e9s, \u00e9s un complement que real\u00e7a la seva bellesa i potencia la seva forma ovoide caracter\u00edstica.<\/p>\n","protected":false},"excerpt":{"rendered":"<p>Fusta de freixe natural. Gravada en l\u00e0ser amb la geometria del Fruit de la Vida, la mateixa que t\u00e9 la gerra. No est\u00e0 recoberta amb cap tipus de vern\u00eds artificial, es recomana no submergir en aigua, simplement rentar en sec. Fabricada a Europa. La base d\u00f3na a la gerra Fruit of Life una major estabilitat, [&hellip;]<\/p>\n","protected":false},"featured_media":9262,"comment_status":"closed","ping_status":"closed","template":"","meta":{"_monsterinsights_skip_tracking":false,"_monsterinsights_sitenote_active":false,"_monsterinsights_sitenote_note":"","_monsterinsights_sitenote_category":0},"product_cat":[86],"product_tag":[],"yoast_head":"<!-- This site is optimized with the Yoast SEO plugin v20.1 - https:\/\/yoast.com\/wordpress\/plugins\/seo\/ -->\n<title>Base de la Gerra Fruit of Life - Vitbot<\/title>\n<meta name=\"robots\" content=\"index, follow, max-snippet:-1, max-image-preview:large, max-video-preview:-1\" \/>\n<link rel=\"canonical\" href=\"https:\/\/www.vitbot.com\/ca\/producte\/base-de-la-gerra-fruit-of-life\" \/>\n<meta property=\"og:locale\" content=\"ca_ES\" \/>\n<meta property=\"og:type\" content=\"article\" \/>\n<meta property=\"og:title\" content=\"Base de la Gerra Fruit of Life - Vitbot\" \/>\n<meta property=\"og:description\" content=\"Fusta de freixe natural. Gravada en l\u00e0ser amb la geometria del Fruit de la Vida, la mateixa que t\u00e9 la gerra. No est\u00e0 recoberta amb cap tipus de vern\u00eds artificial, es recomana no submergir en aigua, simplement rentar en sec. Fabricada a Europa. La base d\u00f3na a la gerra Fruit of Life una major estabilitat, [&hellip;]\" \/>\n<meta property=\"og:url\" content=\"https:\/\/www.vitbot.com\/ca\/producte\/base-de-la-gerra-fruit-of-life\" \/>\n<meta property=\"og:site_name\" content=\"Vitbot\" \/>\n<meta property=\"article:publisher\" content=\"https:\/\/www.facebook.com\/vitbotbottle\/\" \/>\n<meta property=\"article:modified_time\" content=\"2019-09-26T17:34:43+00:00\" \/>\n<meta property=\"og:image\" content=\"https:\/\/www.vitbot.com\/wp-content\/uploads\/2019\/09\/base_jarra.jpg\" \/>\n\t<meta property=\"og:image:width\" content=\"1280\" \/>\n\t<meta property=\"og:image:height\" content=\"1274\" \/>\n\t<meta property=\"og:image:type\" content=\"image\/jpeg\" \/>\n<meta name=\"twitter:card\" content=\"summary_large_image\" \/>\n<script type=\"application\/ld+json\" class=\"yoast-schema-graph\">{\"@context\":\"https:\/\/schema.org\",\"@graph\":[{\"@type\":\"WebPage\",\"@id\":\"https:\/\/www.vitbot.com\/ca\/producte\/base-de-la-gerra-fruit-of-life\",\"url\":\"https:\/\/www.vitbot.com\/ca\/producte\/base-de-la-gerra-fruit-of-life\",\"name\":\"Base de la Gerra Fruit of Life - Vitbot\",\"isPartOf\":{\"@id\":\"https:\/\/www.vitbot.com\/ca#website\"},\"datePublished\":\"2019-09-26T17:34:40+00:00\",\"dateModified\":\"2019-09-26T17:34:43+00:00\",\"breadcrumb\":{\"@id\":\"https:\/\/www.vitbot.com\/ca\/producte\/base-de-la-gerra-fruit-of-life#breadcrumb\"},\"inLanguage\":\"ca\",\"potentialAction\":[{\"@type\":\"ReadAction\",\"target\":[\"https:\/\/www.vitbot.com\/ca\/producte\/base-de-la-gerra-fruit-of-life\"]}]},{\"@type\":\"BreadcrumbList\",\"@id\":\"https:\/\/www.vitbot.com\/ca\/producte\/base-de-la-gerra-fruit-of-life#breadcrumb\",\"itemListElement\":[{\"@type\":\"ListItem\",\"position\":1,\"name\":\"Home\",\"item\":\"https:\/\/www.vitbot.com\/ca\"},{\"@type\":\"ListItem\",\"position\":2,\"name\":\"Botiga\",\"item\":\"https:\/\/www.vitbot.com\/ca\/shop-2\"},{\"@type\":\"ListItem\",\"position\":3,\"name\":\"Base de la Gerra Fruit of Life\"}]},{\"@type\":\"WebSite\",\"@id\":\"https:\/\/www.vitbot.com\/ca#website\",\"url\":\"https:\/\/www.vitbot.com\/ca\",\"name\":\"Vitbot\",\"description\":\"Best Reusable Water Bottles | Vortex Bottle | Vitalizer Bottle\",\"publisher\":{\"@id\":\"https:\/\/www.vitbot.com\/ca#organization\"},\"potentialAction\":[{\"@type\":\"SearchAction\",\"target\":{\"@type\":\"EntryPoint\",\"urlTemplate\":\"https:\/\/www.vitbot.com\/ca?s={search_term_string}\"},\"query-input\":\"required name=search_term_string\"}],\"inLanguage\":\"ca\"},{\"@type\":\"Organization\",\"@id\":\"https:\/\/www.vitbot.com\/ca#organization\",\"name\":\"Vitbot Europe,S.L. NIF B66180548 Tel\u00e8fon Correu info@vitbot.com Direcci\u00f3 C\/ Almeria 40 F Poblaci\u00f3 Tarrasa Codi postal 08226 Pa\u00eds Espanya\",\"url\":\"https:\/\/www.vitbot.com\/ca\",\"logo\":{\"@type\":\"ImageObject\",\"inLanguage\":\"ca\",\"@id\":\"https:\/\/www.vitbot.com\/ca#\/schema\/logo\/image\/\",\"url\":\"https:\/\/www.vitbot.com\/wp-content\/uploads\/2017\/03\/vitbot_logo.png\",\"contentUrl\":\"https:\/\/www.vitbot.com\/wp-content\/uploads\/2017\/03\/vitbot_logo.png\",\"width\":84,\"height\":24,\"caption\":\"Vitbot Europe,S.L. NIF B66180548 Tel\u00e8fon Correu info@vitbot.com Direcci\u00f3 C\/ Almeria 40 F Poblaci\u00f3 Tarrasa Codi postal 08226 Pa\u00eds Espanya\"},\"image\":{\"@id\":\"https:\/\/www.vitbot.com\/ca#\/schema\/logo\/image\/\"},\"sameAs\":[\"https:\/\/www.facebook.com\/vitbotbottle\/\",\"https:\/\/www.instagram.com\/vitbotofficial\/\"]}]}<\/script>\n<!-- \/ Yoast SEO plugin. -->","yoast_head_json":{"title":"Base de la Gerra Fruit of Life - Vitbot","robots":{"index":"index","follow":"follow","max-snippet":"max-snippet:-1","max-image-preview":"max-image-preview:large","max-video-preview":"max-video-preview:-1"},"canonical":"https:\/\/www.vitbot.com\/ca\/producte\/base-de-la-gerra-fruit-of-life","og_locale":"ca_ES","og_type":"article","og_title":"Base de la Gerra Fruit of Life - Vitbot","og_description":"Fusta de freixe natural. Gravada en l\u00e0ser amb la geometria del Fruit de la Vida, la mateixa que t\u00e9 la gerra. No est\u00e0 recoberta amb cap tipus de vern\u00eds artificial, es recomana no submergir en aigua, simplement rentar en sec. Fabricada a Europa. La base d\u00f3na a la gerra Fruit of Life una major estabilitat, [&hellip;]","og_url":"https:\/\/www.vitbot.com\/ca\/producte\/base-de-la-gerra-fruit-of-life","og_site_name":"Vitbot","article_publisher":"https:\/\/www.facebook.com\/vitbotbottle\/","article_modified_time":"2019-09-26T17:34:43+00:00","og_image":[{"width":1280,"height":1274,"url":"https:\/\/www.vitbot.com\/wp-content\/uploads\/2019\/09\/base_jarra.jpg","type":"image\/jpeg"}],"twitter_card":"summary_large_image","schema":{"@context":"https:\/\/schema.org","@graph":[{"@type":"WebPage","@id":"https:\/\/www.vitbot.com\/ca\/producte\/base-de-la-gerra-fruit-of-life","url":"https:\/\/www.vitbot.com\/ca\/producte\/base-de-la-gerra-fruit-of-life","name":"Base de la Gerra Fruit of Life - Vitbot","isPartOf":{"@id":"https:\/\/www.vitbot.com\/ca#website"},"datePublished":"2019-09-26T17:34:40+00:00","dateModified":"2019-09-26T17:34:43+00:00","breadcrumb":{"@id":"https:\/\/www.vitbot.com\/ca\/producte\/base-de-la-gerra-fruit-of-life#breadcrumb"},"inLanguage":"ca","potentialAction":[{"@type":"ReadAction","target":["https:\/\/www.vitbot.com\/ca\/producte\/base-de-la-gerra-fruit-of-life"]}]},{"@type":"BreadcrumbList","@id":"https:\/\/www.vitbot.com\/ca\/producte\/base-de-la-gerra-fruit-of-life#breadcrumb","itemListElement":[{"@type":"ListItem","position":1,"name":"Home","item":"https:\/\/www.vitbot.com\/ca"},{"@type":"ListItem","position":2,"name":"Botiga","item":"https:\/\/www.vitbot.com\/ca\/shop-2"},{"@type":"ListItem","position":3,"name":"Base de la Gerra Fruit of Life"}]},{"@type":"WebSite","@id":"https:\/\/www.vitbot.com\/ca#website","url":"https:\/\/www.vitbot.com\/ca","name":"Vitbot","description":"Best Reusable Water Bottles | Vortex Bottle | Vitalizer Bottle","publisher":{"@id":"https:\/\/www.vitbot.com\/ca#organization"},"potentialAction":[{"@type":"SearchAction","target":{"@type":"EntryPoint","urlTemplate":"https:\/\/www.vitbot.com\/ca?s={search_term_string}"},"query-input":"required name=search_term_string"}],"inLanguage":"ca"},{"@type":"Organization","@id":"https:\/\/www.vitbot.com\/ca#organization","name":"Vitbot Europe,S.L. NIF B66180548 Tel\u00e8fon Correu info@vitbot.com Direcci\u00f3 C\/ Almeria 40 F Poblaci\u00f3 Tarrasa Codi postal 08226 Pa\u00eds Espanya","url":"https:\/\/www.vitbot.com\/ca","logo":{"@type":"ImageObject","inLanguage":"ca","@id":"https:\/\/www.vitbot.com\/ca#\/schema\/logo\/image\/","url":"https:\/\/www.vitbot.com\/wp-content\/uploads\/2017\/03\/vitbot_logo.png","contentUrl":"https:\/\/www.vitbot.com\/wp-content\/uploads\/2017\/03\/vitbot_logo.png","width":84,"height":24,"caption":"Vitbot Europe,S.L. NIF B66180548 Tel\u00e8fon Correu info@vitbot.com Direcci\u00f3 C\/ Almeria 40 F Poblaci\u00f3 Tarrasa Codi postal 08226 Pa\u00eds Espanya"},"image":{"@id":"https:\/\/www.vitbot.com\/ca#\/schema\/logo\/image\/"},"sameAs":["https:\/\/www.facebook.com\/vitbotbottle\/","https:\/\/www.instagram.com\/vitbotofficial\/"]}]}},"_links":{"self":[{"href":"https:\/\/www.vitbot.com\/ca\/wp-json\/wp\/v2\/product\/8387"}],"collection":[{"href":"https:\/\/www.vitbot.com\/ca\/wp-json\/wp\/v2\/product"}],"about":[{"href":"https:\/\/www.vitbot.com\/ca\/wp-json\/wp\/v2\/types\/product"}],"replies":[{"embeddable":true,"href":"https:\/\/www.vitbot.com\/ca\/wp-json\/wp\/v2\/comments?post=8387"}],"wp:featuredmedia":[{"embeddable":true,"href":"https:\/\/www.vitbot.com\/ca\/wp-json\/wp\/v2\/media\/9262"}],"wp:attachment":[{"href":"https:\/\/www.vitbot.com\/ca\/wp-json\/wp\/v2\/media?parent=8387"}],"wp:term":[{"taxonomy":"product_cat","embeddable":true,"href":"https:\/\/www.vitbot.com\/ca\/wp-json\/wp\/v2\/product_cat?post=8387"},{"taxonomy":"product_tag","embeddable":true,"href":"https:\/\/www.vitbot.com\/ca\/wp-json\/wp\/v2\/product_tag?post=8387"}],"curies":[{"name":"wp","href":"https:\/\/api.w.org\/{rel}","templated":true}]}}