{"id":988,"date":"2017-05-02T19:38:15","date_gmt":"2017-05-02T17:38:15","guid":{"rendered":"https:\/\/www.vitbot.com\/inici"},"modified":"2021-04-25T11:24:33","modified_gmt":"2021-04-25T09:24:33","slug":"inici","status":"publish","type":"page","link":"https:\/\/www.vitbot.com\/ca","title":{"rendered":"Inici"},"content":{"rendered":"[vc_row fullwidth=&#8221;true&#8221;][vc_column el_class=&#8221;top-banner-img&#8221;][mk_revslider id=&#8221;home2019&#8243;][\/vc_column][\/vc_row][vc_row fullwidth=&#8221;true&#8221; equal_columns=&#8221;true&#8221; attached=&#8221;true&#8221;][vc_column width=&#8221;1\/2&#8243; css=&#8221;.vc_custom_1493199366226{padding-top: 60px !important;padding-right: 60px !important;padding-bottom: 60px !important;padding-left: 60px !important;background-color: #1e0064 !important;}&#8221; el_class=&#8221;hometextcolumn&#8221;][vc_column_text disable_pattern=&#8221;false&#8221; el_class=&#8221;vitbot-color3 font-alternategn2d tithome&#8221; css=&#8221;.vc_custom_1543049970713{margin-bottom: 0px !important;}&#8221;]\n<h1><strong>L\u00cdNIA INDUSTRIAL<\/strong><\/h1>\n[\/vc_column_text][vc_column_text disable_pattern=&#8221;false&#8221; el_class=&#8221;vitbot-color3 texthome&#8221; css=&#8221;.vc_custom_1619342656572{margin-bottom: 0px !important;}&#8221;]\n<p id=\"tw-target-text\" class=\"tw-data-text tw-text-large XcVN5d tw-ta\" dir=\"ltr\" data-placeholder=\"Traducci\u00f3n\"><strong><span class=\"Y2IQFc\" lang=\"ca\">POSSIBLES ACORDS DE CO-BRANDING AMB PRODUCTORS DE BEGUDES I COSM\u00c8TICS L\u00cdQUIDS. <\/span><\/strong><\/p>\n<p class=\"tw-data-text tw-text-large XcVN5d tw-ta\" dir=\"ltr\" data-placeholder=\"Traducci\u00f3n\"><strong><span class=\"Y2IQFc\" lang=\"ca\">QUINS BENEFICIS APORTEN LES AMPOLLES VITBOT? <\/span><\/strong><span class=\"Y2IQFc\" lang=\"ca\">Mantenen intactes la qualitat i propietats originals de les begudes i cosm\u00e8tics l\u00edquids. Incrementen el valor afegit. Diferencien els productes i potencien l\u00ednies premium. Les begudes fermentades tenen una maduraci\u00f3 uniforme i \u00f2ptima.<\/span><\/p>\n[\/vc_column_text][vc_empty_space height=&#8221;15px&#8221;][vc_btn title=&#8221;veure m\u00e9s&#8221; color=&#8221;white&#8221; el_class=&#8221;btn-home font-alternategn2d&#8221; link=&#8221;url:https%3A%2F%2Fwww.vitbot.com%2Fca%2Fvitbot-industrial|title:L%C3%ADnia%20Industrial||&#8221;][\/vc_column][vc_column width=&#8221;1\/2&#8243; el_class=&#8221;mobile-view-img&#8221; css=&#8221;.vc_custom_1544379914664{background-image: url(https:\/\/www.vitbot.com\/wp-content\/uploads\/2018\/10\/industrial-set.jpg?id=3072) !important;}&#8221;][vc_single_image image=&#8221;3072&#8243; img_size=&#8221;full&#8221; alignment=&#8221;center&#8221; css=&#8221;.vc_custom_1542620914497{margin-top: 0px !important;margin-right: 0px !important;margin-bottom: 0px !important;margin-left: 0px !important;border-top-width: 0px !important;border-right-width: 0px !important;border-bottom-width: 0px !important;border-left-width: 0px !important;padding-top: 0px !important;padding-right: 0px !important;padding-bottom: 0px !important;padding-left: 0px !important;}&#8221;][\/vc_column][\/vc_row][vc_row fullwidth=&#8221;true&#8221; equal_columns=&#8221;true&#8221; attached=&#8221;true&#8221;][vc_column width=&#8221;1\/2&#8243; css=&#8221;.vc_custom_1544378463226{background-image: url(https:\/\/www.vitbot.com\/wp-content\/uploads\/2017\/03\/home_hd_productos.jpg?id=680) !important;}&#8221; el_class=&#8221;mobile-view-img&#8221;][vc_single_image image=&#8221;679&#8243; img_size=&#8221;full&#8221; alignment=&#8221;center&#8221; css=&#8221;.vc_custom_1492701952234{margin-top: 0px !important;margin-right: 0px !important;margin-bottom: 0px !important;margin-left: 0px !important;border-top-width: 0px !important;border-right-width: 0px !important;border-bottom-width: 0px !important;border-left-width: 0px !important;padding-top: 0px !important;padding-right: 0px !important;padding-bottom: 0px !important;padding-left: 0px !important;}&#8221;][\/vc_column][vc_column width=&#8221;1\/2&#8243; css=&#8221;.vc_custom_1493199376130{padding-top: 60px !important;padding-right: 60px !important;padding-bottom: 60px !important;padding-left: 60px !important;background-color: #50bedc !important;}&#8221; el_class=&#8221;hometextcolumn&#8221;][vc_column_text disable_pattern=&#8221;false&#8221; el_class=&#8221;vitbot-color3 font-alternategn2d tithome2&#8243; css=&#8221;.vc_custom_1543049981411{margin-bottom: 0px !important;}&#8221;]\n<h1><strong>L\u00cdNIA PERSONAL<\/strong><\/h1>\n[\/vc_column_text][vc_column_text disable_pattern=&#8221;false&#8221; el_class=&#8221;vitbot-color1 texthome&#8221; css=&#8221;.vc_custom_1542631610343{margin-bottom: 0px !important;}&#8221;]\n<p>Per dissenyar Vitbot ens hem inspirat en la ci\u00e8ncia de la naturalesa (Biomim\u00e8tica), per aix\u00f2 les nostres ampolles tenen forma d&#8217;ou. Gr\u00e0cies a aquesta forma ovoide, dins de les Vitbot els l\u00edquids giren en v\u00f2rtex d&#8217;una manera natural (vitalitzaci\u00f3), generant una dissoluci\u00f3 uniforme dels minerals, electr\u00f2lits, etc. que hi ha a les begudes. Com a resultat, el cos hum\u00e0 assimila d&#8217;una manera m\u00e9s eficient les propietats de l&#8217;aigua, sucs, te, begudes vegetals, etc.[\/vc_column_text][vc_empty_space height=&#8221;15px&#8221;][vc_btn title=&#8221;veure m\u00e9s&#8221; color=&#8221;white&#8221; el_class=&#8221;btn-home font-alternategn2d bg-color3&#8243; link=&#8221;url:https%3A%2F%2Fwww.vitbot.com%2Fca%2Fproductes|||&#8221;][\/vc_column][\/vc_row][vc_row fullwidth=&#8221;true&#8221; equal_columns=&#8221;true&#8221; attached=&#8221;true&#8221;][vc_column width=&#8221;1\/2&#8243; css=&#8221;.vc_custom_1493199384029{padding-top: 60px !important;padding-right: 60px !important;padding-bottom: 60px !important;padding-left: 60px !important;background-color: #1e0064 !important;}&#8221; el_class=&#8221;hometextcolumn&#8221;][vc_column_text disable_pattern=&#8221;false&#8221; el_class=&#8221;vitbot-color2 font-alternategn2d tithome&#8221;]\n<h1>LA GEOMETRIA<br \/>\nDE LA VIDA<\/h1>\n[\/vc_column_text][vc_column_text disable_pattern=&#8221;false&#8221; el_class=&#8221;vitbot-color3 texthome&#8221;]El v\u00f2rtex, la forma ovoide i la proporci\u00f3 Phi s\u00f3n els tres pilars de la geometria de la vida. El v\u00f2rtex \u00e9s el moviment m\u00e9s efectiu per a contenir i mantenir l&#8217;energia. La forma ovoide \u00e9s l&#8217;env\u00e0s on la mem\u00f2ria de la vida es conserva intacta. La proporci\u00f3 Phi \u00e9s un patr\u00f3 d&#8217;ordre i creixement.[\/vc_column_text][vc_empty_space height=&#8221;15px&#8221;][vc_btn title=&#8221;veure m\u00e9s&#8221; color=&#8221;white&#8221; el_class=&#8221;btn-home font-alternategn2d&#8221; link=&#8221;url:https%3A%2F%2Fwww.vitbot.com%2Fca%2Fla-geometria-de-la-vida|||&#8221;][\/vc_column][vc_column width=&#8221;1\/2&#8243; el_class=&#8221;mobile-view-img&#8221; css=&#8221;.vc_custom_1544378923062{background-image: url(https:\/\/www.vitbot.com\/wp-content\/uploads\/2017\/03\/home_hd_geometria.jpg?id=675) !important;}&#8221;][vc_single_image image=&#8221;674&#8243; img_size=&#8221;full&#8221; alignment=&#8221;center&#8221; css=&#8221;.vc_custom_1492701975321{margin-top: 0px !important;margin-right: 0px !important;margin-bottom: 0px !important;margin-left: 0px !important;border-top-width: 0px !important;border-right-width: 0px !important;border-bottom-width: 0px !important;border-left-width: 0px !important;padding-top: 0px !important;padding-right: 0px !important;padding-bottom: 0px !important;padding-left: 0px !important;}&#8221;][\/vc_column][\/vc_row][vc_row fullwidth=&#8221;true&#8221; equal_columns=&#8221;true&#8221; attached=&#8221;true&#8221;][vc_column width=&#8221;1\/2&#8243; el_class=&#8221;mobile-view-img&#8221; css=&#8221;.vc_custom_1544378438151{background-image: url(https:\/\/www.vitbot.com\/wp-content\/uploads\/2017\/03\/home_hd_somosseresliquidos.jpg?id=690) !important;}&#8221;][vc_single_image image=&#8221;689&#8243; img_size=&#8221;full&#8221; alignment=&#8221;center&#8221; css=&#8221;.vc_custom_1492701995157{margin-top: 0px !important;margin-right: 0px !important;margin-bottom: 0px !important;margin-left: 0px !important;border-top-width: 0px !important;border-right-width: 0px !important;border-bottom-width: 0px !important;border-left-width: 0px !important;padding-top: 0px !important;padding-right: 0px !important;padding-bottom: 0px !important;padding-left: 0px !important;}&#8221;][\/vc_column][vc_column width=&#8221;1\/2&#8243; css=&#8221;.vc_custom_1493199390358{padding-top: 60px !important;padding-right: 60px !important;padding-bottom: 60px !important;padding-left: 60px !important;background-color: #50bedc !important;}&#8221; el_class=&#8221;hometextcolumn&#8221;][vc_column_text disable_pattern=&#8221;false&#8221; el_class=&#8221;vitbot-color3 font-alternategn2d tithome3&#8243;]\n<h1>SOM \u00c9SSERS L\u00cdQUIDS<\/h1>\n[\/vc_column_text][vc_column_text disable_pattern=&#8221;false&#8221; el_class=&#8221;vitbot-color1 texthome&#8221;]A Vitbot creiem que l&#8217;aigua \u00e9s m\u00e9s que una beguda que ens treu la set, \u00e9s el nostre aliment essencial, l&#8217;\u00fanic del que no podem prescindir. El cos dels \u00e9ssers humans \u00e9s aigua d&#8217;un vuitanta, en n\u00e9ixer, a un setanta per cent en l&#8217;edat adulta. Som \u00ab\u00e9ssers l\u00edquids\u00bb.[\/vc_column_text][vc_empty_space height=&#8221;15px&#8221;][vc_btn title=&#8221;veure m\u00e9s&#8221; color=&#8221;white&#8221; el_class=&#8221;btn-home font-alternategn2d bg-color3&#8243; link=&#8221;url:https%3A%2F%2Fwww.vitbot.com%2Fca%2Fsom-essers-liquids|||&#8221;][\/vc_column][\/vc_row]\n","protected":false},"excerpt":{"rendered":"<p>[vc_row fullwidth=&#8221;true&#8221;][vc_column el_class=&#8221;top-banner-img&#8221;][mk_revslider id=&#8221;home2019&#8243;][\/vc_column][\/vc_row][vc_row fullwidth=&#8221;true&#8221; equal_columns=&#8221;true&#8221; attached=&#8221;true&#8221;][vc_column width=&#8221;1\/2&#8243; css=&#8221;.vc_custom_1493199366226{padding-top: 60px !important;padding-right: 60px !important;padding-bottom: 60px !important;padding-left: 60px !important;background-color: #1e0064 !important;}&#8221; el_class=&#8221;hometextcolumn&#8221;][vc_column_text disable_pattern=&#8221;false&#8221; el_class=&#8221;vitbot-color3 font-alternategn2d tithome&#8221; css=&#8221;.vc_custom_1543049970713{margin-bottom: 0px !important;}&#8221;] L\u00cdNIA INDUSTRIAL [\/vc_column_text][vc_column_text disable_pattern=&#8221;false&#8221; el_class=&#8221;vitbot-color3 texthome&#8221; css=&#8221;.vc_custom_1619342656572{margin-bottom: 0px !important;}&#8221;] POSSIBLES ACORDS DE CO-BRANDING AMB PRODUCTORS DE BEGUDES I COSM\u00c8TICS L\u00cdQUIDS. QUINS BENEFICIS APORTEN LES AMPOLLES VITBOT? Mantenen intactes [&hellip;]<\/p>\n","protected":false},"author":1,"featured_media":0,"parent":0,"menu_order":1,"comment_status":"closed","ping_status":"closed","template":"","meta":{"_monsterinsights_skip_tracking":false,"_monsterinsights_sitenote_active":false,"_monsterinsights_sitenote_note":"","_monsterinsights_sitenote_category":0},"yoast_head":"<!-- This site is optimized with the Yoast SEO plugin v20.1 - https:\/\/yoast.com\/wordpress\/plugins\/seo\/ -->\n<title>Inici - Vitbot<\/title>\n<meta name=\"robots\" content=\"index, follow, max-snippet:-1, max-image-preview:large, max-video-preview:-1\" \/>\n<link rel=\"canonical\" href=\"https:\/\/www.vitbot.com\/ca\" \/>\n<meta property=\"og:locale\" content=\"ca_ES\" \/>\n<meta property=\"og:type\" content=\"article\" \/>\n<meta property=\"og:title\" content=\"Inici - Vitbot\" \/>\n<meta property=\"og:description\" content=\"[vc_row fullwidth=&#8221;true&#8221;][vc_column el_class=&#8221;top-banner-img&#8221;][mk_revslider id=&#8221;home2019&#8243;][\/vc_column][\/vc_row][vc_row fullwidth=&#8221;true&#8221; equal_columns=&#8221;true&#8221; attached=&#8221;true&#8221;][vc_column width=&#8221;1\/2&#8243; css=&#8221;.vc_custom_1493199366226{padding-top: 60px !important;padding-right: 60px !important;padding-bottom: 60px !important;padding-left: 60px !important;background-color: #1e0064 !important;}&#8221; el_class=&#8221;hometextcolumn&#8221;][vc_column_text disable_pattern=&#8221;false&#8221; el_class=&#8221;vitbot-color3 font-alternategn2d tithome&#8221; css=&#8221;.vc_custom_1543049970713{margin-bottom: 0px !important;}&#8221;] L\u00cdNIA INDUSTRIAL [\/vc_column_text][vc_column_text disable_pattern=&#8221;false&#8221; el_class=&#8221;vitbot-color3 texthome&#8221; css=&#8221;.vc_custom_1619342656572{margin-bottom: 0px !important;}&#8221;] POSSIBLES ACORDS DE CO-BRANDING AMB PRODUCTORS DE BEGUDES I COSM\u00c8TICS L\u00cdQUIDS. QUINS BENEFICIS APORTEN LES AMPOLLES VITBOT? Mantenen intactes [&hellip;]\" \/>\n<meta property=\"og:url\" content=\"https:\/\/www.vitbot.com\/ca\" \/>\n<meta property=\"og:site_name\" content=\"Vitbot\" \/>\n<meta property=\"article:publisher\" content=\"https:\/\/www.facebook.com\/vitbotbottle\/\" \/>\n<meta property=\"article:modified_time\" content=\"2021-04-25T09:24:33+00:00\" \/>\n<meta name=\"twitter:card\" content=\"summary_large_image\" \/>\n<meta name=\"twitter:label1\" content=\"Temps estimat de lectura\" \/>\n\t<meta name=\"twitter:data1\" content=\"3 minuts\" \/>\n<script type=\"application\/ld+json\" class=\"yoast-schema-graph\">{\"@context\":\"https:\/\/schema.org\",\"@graph\":[{\"@type\":\"WebPage\",\"@id\":\"https:\/\/www.vitbot.com\/ca\",\"url\":\"https:\/\/www.vitbot.com\/ca\",\"name\":\"Inici - Vitbot\",\"isPartOf\":{\"@id\":\"https:\/\/www.vitbot.com\/ca#website\"},\"datePublished\":\"2017-05-02T17:38:15+00:00\",\"dateModified\":\"2021-04-25T09:24:33+00:00\",\"breadcrumb\":{\"@id\":\"https:\/\/www.vitbot.com\/ca#breadcrumb\"},\"inLanguage\":\"ca\",\"potentialAction\":[{\"@type\":\"ReadAction\",\"target\":[\"https:\/\/www.vitbot.com\/ca\"]}]},{\"@type\":\"BreadcrumbList\",\"@id\":\"https:\/\/www.vitbot.com\/ca#breadcrumb\",\"itemListElement\":[{\"@type\":\"ListItem\",\"position\":1,\"name\":\"Home\",\"item\":\"https:\/\/www.vitbot.com\/ca\"},{\"@type\":\"ListItem\",\"position\":2,\"name\":\"Inici\"}]},{\"@type\":\"WebSite\",\"@id\":\"https:\/\/www.vitbot.com\/ca#website\",\"url\":\"https:\/\/www.vitbot.com\/ca\",\"name\":\"Vitbot\",\"description\":\"Best Reusable Water Bottles | Vortex Bottle | Vitalizer Bottle\",\"publisher\":{\"@id\":\"https:\/\/www.vitbot.com\/ca#organization\"},\"potentialAction\":[{\"@type\":\"SearchAction\",\"target\":{\"@type\":\"EntryPoint\",\"urlTemplate\":\"https:\/\/www.vitbot.com\/ca?s={search_term_string}\"},\"query-input\":\"required name=search_term_string\"}],\"inLanguage\":\"ca\"},{\"@type\":\"Organization\",\"@id\":\"https:\/\/www.vitbot.com\/ca#organization\",\"name\":\"Vitbot Europe,S.L. NIF B66180548 Tel\u00e8fon Correu info@vitbot.com Direcci\u00f3 C\/ Almeria 40 F Poblaci\u00f3 Tarrasa Codi postal 08226 Pa\u00eds Espanya\",\"url\":\"https:\/\/www.vitbot.com\/ca\",\"logo\":{\"@type\":\"ImageObject\",\"inLanguage\":\"ca\",\"@id\":\"https:\/\/www.vitbot.com\/ca#\/schema\/logo\/image\/\",\"url\":\"https:\/\/www.vitbot.com\/wp-content\/uploads\/2017\/03\/vitbot_logo.png\",\"contentUrl\":\"https:\/\/www.vitbot.com\/wp-content\/uploads\/2017\/03\/vitbot_logo.png\",\"width\":84,\"height\":24,\"caption\":\"Vitbot Europe,S.L. NIF B66180548 Tel\u00e8fon Correu info@vitbot.com Direcci\u00f3 C\/ Almeria 40 F Poblaci\u00f3 Tarrasa Codi postal 08226 Pa\u00eds Espanya\"},\"image\":{\"@id\":\"https:\/\/www.vitbot.com\/ca#\/schema\/logo\/image\/\"},\"sameAs\":[\"https:\/\/www.facebook.com\/vitbotbottle\/\",\"https:\/\/www.instagram.com\/vitbotofficial\/\"]}]}<\/script>\n<!-- \/ Yoast SEO plugin. -->","yoast_head_json":{"title":"Inici - Vitbot","robots":{"index":"index","follow":"follow","max-snippet":"max-snippet:-1","max-image-preview":"max-image-preview:large","max-video-preview":"max-video-preview:-1"},"canonical":"https:\/\/www.vitbot.com\/ca","og_locale":"ca_ES","og_type":"article","og_title":"Inici - Vitbot","og_description":"[vc_row fullwidth=&#8221;true&#8221;][vc_column el_class=&#8221;top-banner-img&#8221;][mk_revslider id=&#8221;home2019&#8243;][\/vc_column][\/vc_row][vc_row fullwidth=&#8221;true&#8221; equal_columns=&#8221;true&#8221; attached=&#8221;true&#8221;][vc_column width=&#8221;1\/2&#8243; css=&#8221;.vc_custom_1493199366226{padding-top: 60px !important;padding-right: 60px !important;padding-bottom: 60px !important;padding-left: 60px !important;background-color: #1e0064 !important;}&#8221; el_class=&#8221;hometextcolumn&#8221;][vc_column_text disable_pattern=&#8221;false&#8221; el_class=&#8221;vitbot-color3 font-alternategn2d tithome&#8221; css=&#8221;.vc_custom_1543049970713{margin-bottom: 0px !important;}&#8221;] L\u00cdNIA INDUSTRIAL [\/vc_column_text][vc_column_text disable_pattern=&#8221;false&#8221; el_class=&#8221;vitbot-color3 texthome&#8221; css=&#8221;.vc_custom_1619342656572{margin-bottom: 0px !important;}&#8221;] POSSIBLES ACORDS DE CO-BRANDING AMB PRODUCTORS DE BEGUDES I COSM\u00c8TICS L\u00cdQUIDS. QUINS BENEFICIS APORTEN LES AMPOLLES VITBOT? Mantenen intactes [&hellip;]","og_url":"https:\/\/www.vitbot.com\/ca","og_site_name":"Vitbot","article_publisher":"https:\/\/www.facebook.com\/vitbotbottle\/","article_modified_time":"2021-04-25T09:24:33+00:00","twitter_card":"summary_large_image","twitter_misc":{"Temps estimat de lectura":"3 minuts"},"schema":{"@context":"https:\/\/schema.org","@graph":[{"@type":"WebPage","@id":"https:\/\/www.vitbot.com\/ca","url":"https:\/\/www.vitbot.com\/ca","name":"Inici - Vitbot","isPartOf":{"@id":"https:\/\/www.vitbot.com\/ca#website"},"datePublished":"2017-05-02T17:38:15+00:00","dateModified":"2021-04-25T09:24:33+00:00","breadcrumb":{"@id":"https:\/\/www.vitbot.com\/ca#breadcrumb"},"inLanguage":"ca","potentialAction":[{"@type":"ReadAction","target":["https:\/\/www.vitbot.com\/ca"]}]},{"@type":"BreadcrumbList","@id":"https:\/\/www.vitbot.com\/ca#breadcrumb","itemListElement":[{"@type":"ListItem","position":1,"name":"Home","item":"https:\/\/www.vitbot.com\/ca"},{"@type":"ListItem","position":2,"name":"Inici"}]},{"@type":"WebSite","@id":"https:\/\/www.vitbot.com\/ca#website","url":"https:\/\/www.vitbot.com\/ca","name":"Vitbot","description":"Best Reusable Water Bottles | Vortex Bottle | Vitalizer Bottle","publisher":{"@id":"https:\/\/www.vitbot.com\/ca#organization"},"potentialAction":[{"@type":"SearchAction","target":{"@type":"EntryPoint","urlTemplate":"https:\/\/www.vitbot.com\/ca?s={search_term_string}"},"query-input":"required name=search_term_string"}],"inLanguage":"ca"},{"@type":"Organization","@id":"https:\/\/www.vitbot.com\/ca#organization","name":"Vitbot Europe,S.L. NIF B66180548 Tel\u00e8fon Correu info@vitbot.com Direcci\u00f3 C\/ Almeria 40 F Poblaci\u00f3 Tarrasa Codi postal 08226 Pa\u00eds Espanya","url":"https:\/\/www.vitbot.com\/ca","logo":{"@type":"ImageObject","inLanguage":"ca","@id":"https:\/\/www.vitbot.com\/ca#\/schema\/logo\/image\/","url":"https:\/\/www.vitbot.com\/wp-content\/uploads\/2017\/03\/vitbot_logo.png","contentUrl":"https:\/\/www.vitbot.com\/wp-content\/uploads\/2017\/03\/vitbot_logo.png","width":84,"height":24,"caption":"Vitbot Europe,S.L. NIF B66180548 Tel\u00e8fon Correu info@vitbot.com Direcci\u00f3 C\/ Almeria 40 F Poblaci\u00f3 Tarrasa Codi postal 08226 Pa\u00eds Espanya"},"image":{"@id":"https:\/\/www.vitbot.com\/ca#\/schema\/logo\/image\/"},"sameAs":["https:\/\/www.facebook.com\/vitbotbottle\/","https:\/\/www.instagram.com\/vitbotofficial\/"]}]}},"_links":{"self":[{"href":"https:\/\/www.vitbot.com\/ca\/wp-json\/wp\/v2\/pages\/988"}],"collection":[{"href":"https:\/\/www.vitbot.com\/ca\/wp-json\/wp\/v2\/pages"}],"about":[{"href":"https:\/\/www.vitbot.com\/ca\/wp-json\/wp\/v2\/types\/page"}],"author":[{"embeddable":true,"href":"https:\/\/www.vitbot.com\/ca\/wp-json\/wp\/v2\/users\/1"}],"replies":[{"embeddable":true,"href":"https:\/\/www.vitbot.com\/ca\/wp-json\/wp\/v2\/comments?post=988"}],"version-history":[{"count":23,"href":"https:\/\/www.vitbot.com\/ca\/wp-json\/wp\/v2\/pages\/988\/revisions"}],"predecessor-version":[{"id":21183,"href":"https:\/\/www.vitbot.com\/ca\/wp-json\/wp\/v2\/pages\/988\/revisions\/21183"}],"wp:attachment":[{"href":"https:\/\/www.vitbot.com\/ca\/wp-json\/wp\/v2\/media?parent=988"}],"curies":[{"name":"wp","href":"https:\/\/api.w.org\/{rel}","templated":true}]}}