{"id":1437,"date":"2017-05-15T16:57:53","date_gmt":"2017-05-15T14:57:53","guid":{"rendered":"https:\/\/www.vitbot.com\/gerra-fruit-of-life"},"modified":"2021-01-03T12:12:48","modified_gmt":"2021-01-03T10:12:48","slug":"gerra-fruit-of-life","status":"publish","type":"page","link":"https:\/\/www.vitbot.com\/ca\/gerra-fruit-of-life","title":{"rendered":"Gerra Fruit of Life"},"content":{"rendered":"[vc_row][vc_column][vc_empty_space height=&#8221;30px&#8221; el_class=&#8221;prod-space9&#8243;][\/vc_column][\/vc_row][vc_row fullwidth=&#8221;true&#8221; equal_columns=&#8221;true&#8221;][vc_column width=&#8221;1\/2&#8243; css=&#8221;.vc_custom_1492591143501{background-color: #ffffff !important;background-position: center !important;background-repeat: no-repeat !important;background-size: cover !important;}&#8221;][vc_row_inner][vc_column_inner][vc_single_image image=&#8221;15244&#8243; img_size=&#8221;full&#8221; alignment=&#8221;center&#8221;][vc_single_image image=&#8221;15159&#8243; img_size=&#8221;full&#8221; alignment=&#8221;center&#8221;][\/vc_column_inner][\/vc_row_inner][\/vc_column][vc_column width=&#8221;1\/2&#8243; css=&#8221;.vc_custom_1492591132776{background-color: #ffffff !important;background-position: center !important;background-repeat: no-repeat !important;background-size: cover !important;}&#8221;][vc_row_inner][vc_column_inner][vc_column_text disable_pattern=&#8221;false&#8221; el_class=&#8221;font-alternategn2d vitbot-color1 prod-tit1&#8243;]\n<h2>Gerra de vidre<br \/>\nFruit of Life<\/h2>\n<h3>Gerra de vidre lliure de plom per aigua i altres l\u00edquids<\/h3>\n[\/vc_column_text][vc_column_text disable_pattern=&#8221;false&#8221; el_class=&#8221;prod-price&#8221;]0&euro;[\/vc_column_text][vc_empty_space height=&#8221;50px&#8221; el_class=&#8221;prod-space1&#8243;][vc_column_text disable_pattern=&#8221;false&#8221; el_class=&#8221;font-din2014-l vitbot-color1 prod-desc&#8221; css=&#8221;.vc_custom_1609668750261{margin-bottom: 0px !important;}&#8221;]Vam voler omplir d&#8217;aigua viva la taula de moltes fam\u00edlies i el estem aconseguint gr\u00e0cies a la Gerra Vitbot Fruit of Life. La nostra Gerra Vitbot Fruit of Life t\u00e9 unes caracter\u00edstiques molt especials i et anem a comptar quinas s\u00f3n:<\/p>\n<p>La Gerra Vitbot Fruit of Life est\u00e0 fabricada a It\u00e0lia en vidre blau cobalt de qualitat aliment\u00e0ria *. El color blau cobalt s&#8217;adquireix al forn a m\u00e9s de 2000\u00ba de temperatura.<\/p>\n<p>El tap i la base de la Gerra Vitbot Fruit of Life, fabricats a Barcelona, \u200b\u200bs\u00f3n de fusta de freixe d&#8217;extracci\u00f3 certificada *, i estan protegits amb un vern\u00eds natural *. La caixa de la Gerra Vitbot Fruit of Life est\u00e0 fabricada a Barcelona a partir de cartr\u00f3 reciclat *, i la tinta que s&#8217;utilitza per a la impressi\u00f3 \u00e9s tinta a l&#8217;aigua *.<\/p>\n<p>La geometria de l&#8217; \u00abFruit de la Vida\u00bb, gravada en la gerra, ens recorda que l&#8217;energia que origina la vida es mant\u00e9 gr\u00e0cies a tres principis fonamentals: el moviment en v\u00f2rtex, la forma ovoide i la proporci\u00f3.<\/p>\n<p>La Gerra Vitbot Fruit of Life \u00e9s:<\/p>\n<p style=\"text-align: center;\"><strong>Biomim\u00e8tica<\/strong>: Inspirada de la natura. Forma ovoide en proporci\u00f3 phi.<\/p>\n<p style=\"text-align: center;\"><strong>Activa<\/strong>: Aporta beneficis mesurables.<\/p>\n<p style=\"text-align: center;\"><strong>Sostenible<\/strong>: Fabricada amb criteris d&#8217;economia circular.<\/p>\n<p style=\"text-align: center;\"><strong>Fiable<\/strong>: El color blau cobalt protegeix l&#8217;aigua dels raigs UV de el Sol.<\/p>\n<p style=\"text-align: center;\"><strong>Pes<\/strong>: 750 g<\/p>\n<p style=\"text-align: center;\"><strong>Capacitat<\/strong>: 1200 ml *<\/p>\n<p>Gr\u00e0cies a la seva forma, la seva relaci\u00f3 phi i el complet moviment de gir amb qu\u00e8 l\u2019aigua pot moure\u2019s al seu interior, tal com ho fa als rius i oceans, s\u2019imprimeix una gran c\u00e0rrega d\u2019energia vital a l\u2019aigua de les begudes. Gr\u00e0cies al v\u00f2rtex que es genera, s&#8217;obt\u00e9 una dissoluci\u00f3 uniforme d&#8217;electr\u00f2lits, minerals, vitamines, etc. que es troben a les begudes i, en conseq\u00fc\u00e8ncia, el cos hum\u00e0 assimila les propietats de l&#8217;aigua, sucs, fermentats, etc. de manera m\u00e9s eficient.<\/p>\n<p>* Disposem de tots els certificats que avalen l&#8217;origen dels materials que utilitzem.<\/p>\n<p>* La gerra ha d&#8217;omplir-sol la part ovoide de el cos i deixar el coll buit. Es pot rentar al\u00a0rentavaixelles. El tap i la base no es poden mullar.[\/vc_column_text][vc_empty_space height=&#8221;50px&#8221; el_class=&#8221;prod-space2&#8243;][vc_column_text disable_pattern=&#8221;false&#8221; el_class=&#8221;prod-add&#8221;]<p class=\"product woocommerce add_to_cart_inline \" style=\"border:4px solid #ccc; padding: 12px;\"><a rel=\"nofollow\" href=\"https:\/\/www.vitbot.com\/ca\/producte\/fruit-of-life\" data-quantity=\"1\" data-product_id=\"1267\" data-product_sku=\"1628-CBJAR\" class=\"product_loop_button product_type_simple  ajax_add_to_cart\" data-product_id=\"1267\" data-product_sku=\"1628-CBJAR\" aria-label=\"M\u00e9s informaci\u00f3 sobre &ldquo;Fruit of Life&rdquo;\" rel=\"nofollow\"><svg  class=\"mk-svg-icon\" data-name=\"mk-moon-search-3\" data-cacheid=\"icon-69d081002b411\" style=\" height:16px; width: 16px; \"  xmlns=\"http:\/\/www.w3.org\/2000\/svg\" viewBox=\"0 0 512 512\"><path d=\"M496.131 435.698l-121.276-103.147c-12.537-11.283-25.945-16.463-36.776-15.963 28.628-33.534 45.921-77.039 45.921-124.588 0-106.039-85.961-192-192-192-106.038 0-192 85.961-192 192s85.961 192 192 192c47.549 0 91.054-17.293 124.588-45.922-.5 10.831 4.68 24.239 15.963 36.776l103.147 121.276c17.661 19.623 46.511 21.277 64.11 3.678s15.946-46.449-3.677-64.11zm-304.131-115.698c-70.692 0-128-57.308-128-128s57.308-128 128-128 128 57.308 128 128-57.307 128-128 128z\"\/><\/svg><span class=\"product_loop_button_text\">Llegeix m\u00e9s<\/a><\/p>[\/vc_column_text][\/vc_column_inner][\/vc_row_inner][\/vc_column][\/vc_row][vc_row][vc_column][vc_row_inner][vc_column_inner][vc_column_text disable_pattern=&#8221;false&#8221;]La geometria del \u00abFruit de la Vida\u00bb que porta gravada evoca el cicle de la vida que segueix la naturalesa, alhora que ens recorda l&#8217;origen del naixement dels productes Vitbot. Gr\u00e0cies al v\u00f2rtex que es genera a l&#8217;interior de la gerra, s&#8217;obt\u00e9 una dissoluci\u00f3 uniforme dels electr\u00f2lits, minerals, vitamines, etc. que hi ha a les begudes. Gr\u00e0cies a aquesta dissoluci\u00f3 uniforme, el cos hum\u00e0 assimila les propietats de l&#8217;aigua, sucs, fermentats, etc. de manera m\u00e9s eficient. El blau cobalt \u00e9s un color ideal per solaritzar l&#8217;aigua dins de la gerra, per a aquelles persones que aix\u00ed ho desitgin.[\/vc_column_text][\/vc_column_inner][\/vc_row_inner][\/vc_column][\/vc_row][vc_row fullwidth=&#8221;true&#8221; equal_columns=&#8221;true&#8221; attached=&#8221;true&#8221; css=&#8221;.vc_custom_1513242275414{margin-bottom: 0px !important;}&#8221;][vc_column width=&#8221;1\/2&#8243; css=&#8221;.vc_custom_1513242390574{margin-bottom: 0px !important;}&#8221;][vc_single_image image=&#8221;2288&#8243; img_size=&#8221;full&#8221; css=&#8221;.vc_custom_1513242556750{margin-bottom: 0px !important;}&#8221;][\/vc_column][vc_column width=&#8221;1\/2&#8243; css=&#8221;.vc_custom_1513242379605{margin-bottom: 0px !important;}&#8221;][vc_single_image image=&#8221;2293&#8243; img_size=&#8221;full&#8221; alignment=&#8221;right&#8221; css=&#8221;.vc_custom_1513242657948{margin-bottom: 0px !important;}&#8221;][\/vc_column][\/vc_row][vc_row fullwidth=&#8221;true&#8221; equal_columns=&#8221;true&#8221; attached=&#8221;true&#8221; css=&#8221;.vc_custom_1513242858509{margin-top: 0px !important;margin-bottom: 0px !important;}&#8221;][vc_column width=&#8221;1\/2&#8243; css=&#8221;.vc_custom_1513242477371{margin-top: 0px !important;margin-bottom: 0px !important;}&#8221;][vc_single_image image=&#8221;2298&#8243; img_size=&#8221;full&#8221; css=&#8221;.vc_custom_1513242612349{margin-top: 0px !important;margin-bottom: 0px !important;}&#8221;][\/vc_column][vc_column width=&#8221;1\/2&#8243; css=&#8221;.vc_custom_1513242487618{margin-top: 0px !important;margin-bottom: 0px !important;}&#8221;][vc_single_image image=&#8221;2283&#8243; img_size=&#8221;full&#8221; alignment=&#8221;right&#8221; css=&#8221;.vc_custom_1513242935810{margin-top: 0px !important;margin-bottom: 0px !important;}&#8221;][\/vc_column][\/vc_row][vc_row fullwidth=&#8221;true&#8221; equal_columns=&#8221;true&#8221; attached=&#8221;true&#8221; css=&#8221;.vc_custom_1513247952791{margin-top: 0px !important;margin-bottom: 0px !important;}&#8221;][vc_column css=&#8221;.vc_custom_1513247963322{margin-top: 0px !important;margin-bottom: 0px !important;}&#8221;][\/vc_column][\/vc_row]\n","protected":false},"excerpt":{"rendered":"<p>[vc_row][vc_column][vc_empty_space height=&#8221;30px&#8221; el_class=&#8221;prod-space9&#8243;][\/vc_column][\/vc_row][vc_row fullwidth=&#8221;true&#8221; equal_columns=&#8221;true&#8221;][vc_column width=&#8221;1\/2&#8243; css=&#8221;.vc_custom_1492591143501{background-color: #ffffff !important;background-position: center !important;background-repeat: no-repeat !important;background-size: cover !important;}&#8221;][vc_row_inner][vc_column_inner][vc_single_image image=&#8221;15244&#8243; img_size=&#8221;full&#8221; alignment=&#8221;center&#8221;][vc_single_image image=&#8221;15159&#8243; img_size=&#8221;full&#8221; alignment=&#8221;center&#8221;][\/vc_column_inner][\/vc_row_inner][\/vc_column][vc_column width=&#8221;1\/2&#8243; css=&#8221;.vc_custom_1492591132776{background-color: #ffffff !important;background-position: center !important;background-repeat: no-repeat !important;background-size: cover !important;}&#8221;][vc_row_inner][vc_column_inner][vc_column_text disable_pattern=&#8221;false&#8221; el_class=&#8221;font-alternategn2d vitbot-color1 prod-tit1&#8243;] Gerra de vidre Fruit of Life Gerra de vidre lliure de plom per aigua i altres l\u00edquids [\/vc_column_text][vc_column_text disable_pattern=&#8221;false&#8221; el_class=&#8221;prod-price&#8221;][\/vc_column_text][vc_empty_space [&hellip;]<\/p>\n","protected":false},"author":1,"featured_media":0,"parent":0,"menu_order":3,"comment_status":"closed","ping_status":"closed","template":"","meta":{"_monsterinsights_skip_tracking":false,"_monsterinsights_sitenote_active":false,"_monsterinsights_sitenote_note":"","_monsterinsights_sitenote_category":0},"yoast_head":"<!-- This site is optimized with the Yoast SEO plugin v20.1 - https:\/\/yoast.com\/wordpress\/plugins\/seo\/ -->\n<title>Gerra Fruit of Life - Vitbot<\/title>\n<meta name=\"robots\" content=\"index, follow, max-snippet:-1, max-image-preview:large, max-video-preview:-1\" \/>\n<link rel=\"canonical\" href=\"https:\/\/www.vitbot.com\/ca\/gerra-fruit-of-life\" \/>\n<meta property=\"og:locale\" content=\"ca_ES\" \/>\n<meta property=\"og:type\" content=\"article\" \/>\n<meta property=\"og:title\" content=\"Gerra Fruit of Life - Vitbot\" \/>\n<meta property=\"og:description\" content=\"[vc_row][vc_column][vc_empty_space height=&#8221;30px&#8221; el_class=&#8221;prod-space9&#8243;][\/vc_column][\/vc_row][vc_row fullwidth=&#8221;true&#8221; equal_columns=&#8221;true&#8221;][vc_column width=&#8221;1\/2&#8243; css=&#8221;.vc_custom_1492591143501{background-color: #ffffff !important;background-position: center !important;background-repeat: no-repeat !important;background-size: cover !important;}&#8221;][vc_row_inner][vc_column_inner][vc_single_image image=&#8221;15244&#8243; img_size=&#8221;full&#8221; alignment=&#8221;center&#8221;][vc_single_image image=&#8221;15159&#8243; img_size=&#8221;full&#8221; alignment=&#8221;center&#8221;][\/vc_column_inner][\/vc_row_inner][\/vc_column][vc_column width=&#8221;1\/2&#8243; css=&#8221;.vc_custom_1492591132776{background-color: #ffffff !important;background-position: center !important;background-repeat: no-repeat !important;background-size: cover !important;}&#8221;][vc_row_inner][vc_column_inner][vc_column_text disable_pattern=&#8221;false&#8221; el_class=&#8221;font-alternategn2d vitbot-color1 prod-tit1&#8243;] Gerra de vidre Fruit of Life Gerra de vidre lliure de plom per aigua i altres l\u00edquids [\/vc_column_text][vc_column_text disable_pattern=&#8221;false&#8221; el_class=&#8221;prod-price&#8221;][\/vc_column_text][vc_empty_space [&hellip;]\" \/>\n<meta property=\"og:url\" content=\"https:\/\/www.vitbot.com\/ca\/gerra-fruit-of-life\" \/>\n<meta property=\"og:site_name\" content=\"Vitbot\" \/>\n<meta property=\"article:publisher\" content=\"https:\/\/www.facebook.com\/vitbotbottle\/\" \/>\n<meta property=\"article:modified_time\" content=\"2021-01-03T10:12:48+00:00\" \/>\n<meta name=\"twitter:card\" content=\"summary_large_image\" \/>\n<meta name=\"twitter:label1\" content=\"Temps estimat de lectura\" \/>\n\t<meta name=\"twitter:data1\" content=\"4 minuts\" \/>\n<script type=\"application\/ld+json\" class=\"yoast-schema-graph\">{\"@context\":\"https:\/\/schema.org\",\"@graph\":[{\"@type\":\"WebPage\",\"@id\":\"https:\/\/www.vitbot.com\/ca\/gerra-fruit-of-life\",\"url\":\"https:\/\/www.vitbot.com\/ca\/gerra-fruit-of-life\",\"name\":\"Gerra Fruit of Life - Vitbot\",\"isPartOf\":{\"@id\":\"https:\/\/www.vitbot.com\/ca#website\"},\"datePublished\":\"2017-05-15T14:57:53+00:00\",\"dateModified\":\"2021-01-03T10:12:48+00:00\",\"breadcrumb\":{\"@id\":\"https:\/\/www.vitbot.com\/ca\/gerra-fruit-of-life#breadcrumb\"},\"inLanguage\":\"ca\",\"potentialAction\":[{\"@type\":\"ReadAction\",\"target\":[\"https:\/\/www.vitbot.com\/ca\/gerra-fruit-of-life\"]}]},{\"@type\":\"BreadcrumbList\",\"@id\":\"https:\/\/www.vitbot.com\/ca\/gerra-fruit-of-life#breadcrumb\",\"itemListElement\":[{\"@type\":\"ListItem\",\"position\":1,\"name\":\"Home\",\"item\":\"https:\/\/www.vitbot.com\/ca\"},{\"@type\":\"ListItem\",\"position\":2,\"name\":\"Gerra Fruit of Life\"}]},{\"@type\":\"WebSite\",\"@id\":\"https:\/\/www.vitbot.com\/ca#website\",\"url\":\"https:\/\/www.vitbot.com\/ca\",\"name\":\"Vitbot\",\"description\":\"Best Reusable Water Bottles | Vortex Bottle | Vitalizer Bottle\",\"publisher\":{\"@id\":\"https:\/\/www.vitbot.com\/ca#organization\"},\"potentialAction\":[{\"@type\":\"SearchAction\",\"target\":{\"@type\":\"EntryPoint\",\"urlTemplate\":\"https:\/\/www.vitbot.com\/ca?s={search_term_string}\"},\"query-input\":\"required name=search_term_string\"}],\"inLanguage\":\"ca\"},{\"@type\":\"Organization\",\"@id\":\"https:\/\/www.vitbot.com\/ca#organization\",\"name\":\"Vitbot Europe,S.L. NIF B66180548 Tel\u00e8fon Correu info@vitbot.com Direcci\u00f3 C\/ Almeria 40 F Poblaci\u00f3 Tarrasa Codi postal 08226 Pa\u00eds Espanya\",\"url\":\"https:\/\/www.vitbot.com\/ca\",\"logo\":{\"@type\":\"ImageObject\",\"inLanguage\":\"ca\",\"@id\":\"https:\/\/www.vitbot.com\/ca#\/schema\/logo\/image\/\",\"url\":\"https:\/\/www.vitbot.com\/wp-content\/uploads\/2017\/03\/vitbot_logo.png\",\"contentUrl\":\"https:\/\/www.vitbot.com\/wp-content\/uploads\/2017\/03\/vitbot_logo.png\",\"width\":84,\"height\":24,\"caption\":\"Vitbot Europe,S.L. NIF B66180548 Tel\u00e8fon Correu info@vitbot.com Direcci\u00f3 C\/ Almeria 40 F Poblaci\u00f3 Tarrasa Codi postal 08226 Pa\u00eds Espanya\"},\"image\":{\"@id\":\"https:\/\/www.vitbot.com\/ca#\/schema\/logo\/image\/\"},\"sameAs\":[\"https:\/\/www.facebook.com\/vitbotbottle\/\",\"https:\/\/www.instagram.com\/vitbotofficial\/\"]}]}<\/script>\n<!-- \/ Yoast SEO plugin. -->","yoast_head_json":{"title":"Gerra Fruit of Life - Vitbot","robots":{"index":"index","follow":"follow","max-snippet":"max-snippet:-1","max-image-preview":"max-image-preview:large","max-video-preview":"max-video-preview:-1"},"canonical":"https:\/\/www.vitbot.com\/ca\/gerra-fruit-of-life","og_locale":"ca_ES","og_type":"article","og_title":"Gerra Fruit of Life - Vitbot","og_description":"[vc_row][vc_column][vc_empty_space height=&#8221;30px&#8221; el_class=&#8221;prod-space9&#8243;][\/vc_column][\/vc_row][vc_row fullwidth=&#8221;true&#8221; equal_columns=&#8221;true&#8221;][vc_column width=&#8221;1\/2&#8243; css=&#8221;.vc_custom_1492591143501{background-color: #ffffff !important;background-position: center !important;background-repeat: no-repeat !important;background-size: cover !important;}&#8221;][vc_row_inner][vc_column_inner][vc_single_image image=&#8221;15244&#8243; img_size=&#8221;full&#8221; alignment=&#8221;center&#8221;][vc_single_image image=&#8221;15159&#8243; img_size=&#8221;full&#8221; alignment=&#8221;center&#8221;][\/vc_column_inner][\/vc_row_inner][\/vc_column][vc_column width=&#8221;1\/2&#8243; css=&#8221;.vc_custom_1492591132776{background-color: #ffffff !important;background-position: center !important;background-repeat: no-repeat !important;background-size: cover !important;}&#8221;][vc_row_inner][vc_column_inner][vc_column_text disable_pattern=&#8221;false&#8221; el_class=&#8221;font-alternategn2d vitbot-color1 prod-tit1&#8243;] Gerra de vidre Fruit of Life Gerra de vidre lliure de plom per aigua i altres l\u00edquids [\/vc_column_text][vc_column_text disable_pattern=&#8221;false&#8221; el_class=&#8221;prod-price&#8221;][\/vc_column_text][vc_empty_space [&hellip;]","og_url":"https:\/\/www.vitbot.com\/ca\/gerra-fruit-of-life","og_site_name":"Vitbot","article_publisher":"https:\/\/www.facebook.com\/vitbotbottle\/","article_modified_time":"2021-01-03T10:12:48+00:00","twitter_card":"summary_large_image","twitter_misc":{"Temps estimat de lectura":"4 minuts"},"schema":{"@context":"https:\/\/schema.org","@graph":[{"@type":"WebPage","@id":"https:\/\/www.vitbot.com\/ca\/gerra-fruit-of-life","url":"https:\/\/www.vitbot.com\/ca\/gerra-fruit-of-life","name":"Gerra Fruit of Life - Vitbot","isPartOf":{"@id":"https:\/\/www.vitbot.com\/ca#website"},"datePublished":"2017-05-15T14:57:53+00:00","dateModified":"2021-01-03T10:12:48+00:00","breadcrumb":{"@id":"https:\/\/www.vitbot.com\/ca\/gerra-fruit-of-life#breadcrumb"},"inLanguage":"ca","potentialAction":[{"@type":"ReadAction","target":["https:\/\/www.vitbot.com\/ca\/gerra-fruit-of-life"]}]},{"@type":"BreadcrumbList","@id":"https:\/\/www.vitbot.com\/ca\/gerra-fruit-of-life#breadcrumb","itemListElement":[{"@type":"ListItem","position":1,"name":"Home","item":"https:\/\/www.vitbot.com\/ca"},{"@type":"ListItem","position":2,"name":"Gerra Fruit of Life"}]},{"@type":"WebSite","@id":"https:\/\/www.vitbot.com\/ca#website","url":"https:\/\/www.vitbot.com\/ca","name":"Vitbot","description":"Best Reusable Water Bottles | Vortex Bottle | Vitalizer Bottle","publisher":{"@id":"https:\/\/www.vitbot.com\/ca#organization"},"potentialAction":[{"@type":"SearchAction","target":{"@type":"EntryPoint","urlTemplate":"https:\/\/www.vitbot.com\/ca?s={search_term_string}"},"query-input":"required name=search_term_string"}],"inLanguage":"ca"},{"@type":"Organization","@id":"https:\/\/www.vitbot.com\/ca#organization","name":"Vitbot Europe,S.L. NIF B66180548 Tel\u00e8fon Correu info@vitbot.com Direcci\u00f3 C\/ Almeria 40 F Poblaci\u00f3 Tarrasa Codi postal 08226 Pa\u00eds Espanya","url":"https:\/\/www.vitbot.com\/ca","logo":{"@type":"ImageObject","inLanguage":"ca","@id":"https:\/\/www.vitbot.com\/ca#\/schema\/logo\/image\/","url":"https:\/\/www.vitbot.com\/wp-content\/uploads\/2017\/03\/vitbot_logo.png","contentUrl":"https:\/\/www.vitbot.com\/wp-content\/uploads\/2017\/03\/vitbot_logo.png","width":84,"height":24,"caption":"Vitbot Europe,S.L. NIF B66180548 Tel\u00e8fon Correu info@vitbot.com Direcci\u00f3 C\/ Almeria 40 F Poblaci\u00f3 Tarrasa Codi postal 08226 Pa\u00eds Espanya"},"image":{"@id":"https:\/\/www.vitbot.com\/ca#\/schema\/logo\/image\/"},"sameAs":["https:\/\/www.facebook.com\/vitbotbottle\/","https:\/\/www.instagram.com\/vitbotofficial\/"]}]}},"_links":{"self":[{"href":"https:\/\/www.vitbot.com\/ca\/wp-json\/wp\/v2\/pages\/1437"}],"collection":[{"href":"https:\/\/www.vitbot.com\/ca\/wp-json\/wp\/v2\/pages"}],"about":[{"href":"https:\/\/www.vitbot.com\/ca\/wp-json\/wp\/v2\/types\/page"}],"author":[{"embeddable":true,"href":"https:\/\/www.vitbot.com\/ca\/wp-json\/wp\/v2\/users\/1"}],"replies":[{"embeddable":true,"href":"https:\/\/www.vitbot.com\/ca\/wp-json\/wp\/v2\/comments?post=1437"}],"version-history":[{"count":13,"href":"https:\/\/www.vitbot.com\/ca\/wp-json\/wp\/v2\/pages\/1437\/revisions"}],"predecessor-version":[{"id":18236,"href":"https:\/\/www.vitbot.com\/ca\/wp-json\/wp\/v2\/pages\/1437\/revisions\/18236"}],"wp:attachment":[{"href":"https:\/\/www.vitbot.com\/ca\/wp-json\/wp\/v2\/media?parent=1437"}],"curies":[{"name":"wp","href":"https:\/\/api.w.org\/{rel}","templated":true}]}}