{"id":1430,"date":"2017-05-15T16:55:38","date_gmt":"2017-05-15T14:55:38","guid":{"rendered":"https:\/\/www.vitbot.com\/ampolla-sport-kids-travel"},"modified":"2021-01-03T12:16:02","modified_gmt":"2021-01-03T10:16:02","slug":"ampolla-sport-kids-travel","status":"publish","type":"page","link":"https:\/\/www.vitbot.com\/ca\/ampolla-sport-kids-travel","title":{"rendered":"Ampolla Sport, Kids &#038; Travel"},"content":{"rendered":"[vc_row][vc_column][vc_empty_space height=&#8221;30px&#8221; el_class=&#8221;prod-space9&#8243;][\/vc_column][\/vc_row][vc_row fullwidth=&#8221;true&#8221; equal_columns=&#8221;true&#8221;][vc_column width=&#8221;1\/2&#8243; css=&#8221;.vc_custom_1492591143501{background-color: #ffffff !important;background-position: center !important;background-repeat: no-repeat !important;background-size: cover !important;}&#8221;][vc_row_inner][vc_column_inner][vc_single_image image=&#8221;11620&#8243; img_size=&#8221;full&#8221; alignment=&#8221;center&#8221;][\/vc_column_inner][\/vc_row_inner][\/vc_column][vc_column width=&#8221;1\/2&#8243; css=&#8221;.vc_custom_1492591132776{background-color: #ffffff !important;background-position: center !important;background-repeat: no-repeat !important;background-size: cover !important;}&#8221;][vc_row_inner][vc_column_inner][vc_column_text disable_pattern=&#8221;false&#8221; el_class=&#8221;font-alternategn2d vitbot-color1 prod-tit1&#8243;]\n<h2>Ampolla de silicona<br \/>\nSport, Kids &amp; Travel<\/h2>\n<h3>Ampolla reutilitzable de silicona de grau m\u00e8dic per aigua o altres l\u00edquids<\/h3>\n[\/vc_column_text][vc_column_text disable_pattern=&#8221;false&#8221; el_class=&#8221;prod-price&#8221;]0&euro;[\/vc_column_text][vc_empty_space height=&#8221;50px&#8221; el_class=&#8221;prod-space1&#8243;][vc_column_text disable_pattern=&#8221;false&#8221; el_class=&#8221;font-din2014-l vitbot-color1 prod-desc&#8221; css=&#8221;.vc_custom_1609668953066{margin-bottom: 0px !important;}&#8221;]Busc\u00e0vem una ampolla multiusos, per aix\u00f2 fabriquem l&#8217;ampolla Vitbot Triskel, Sport, Kids &amp; Travel. La nostra ampolla Vitbot Triskel, Sport, Kids &amp; Travel t\u00e9 moltes qualitats i et anem a comptar quines s\u00f3n:<\/p>\n<p>La Vitbot Triskel, Sport, Kids &amp; Travel, fabricada a la Xina, t\u00e9 la certificaci\u00f3 de fabricaci\u00f3 responsable *. El cos de l&#8217;ampolla \u00e9s de silicona l\u00edquida de grau m\u00e8dic, la silicona de m\u00e9s qualitat que existeix en aquests moments en el mercat, i el tap \u00e9s de polipropil\u00e8 lliure de BPA.<\/p>\n<p>La geometria de l&#8217; \u00abTriskel\u00bb, gravada a l&#8217;ampolla, ens recorda que l&#8217;energia necessita el moviment en v\u00f2rtex per crear i recrear la vida un dels principis fonamentals que regeixen l&#8217;univers juntament amb la forma ovoide i la proporci\u00f3.<\/p>\n<p>La Vitbot Sport, Triskel, Kids &amp; Travel \u00e9s:<\/p>\n<p style=\"text-align: center;\"><strong>Biomim\u00e8tica<\/strong>: Inspirada de la natura. Forma ovoide en proporci\u00f3 phi.<\/p>\n<p style=\"text-align: center;\"><strong>Activa<\/strong>: Aporta beneficis mesurables.<\/p>\n<p style=\"text-align: center;\"><strong>Sostenible<\/strong>: Fabricada amb criteris d&#8217;economia circular.<\/p>\n<p style=\"text-align: center;\"><strong>Reciclable<\/strong><\/p>\n<p style=\"text-align: center;\"><strong>Lleugera i plegable<\/strong>: aprox. 100 g.<\/p>\n<p style=\"text-align: center;\"><strong>Reusable<\/strong>: 500 ml.<\/p>\n<p style=\"text-align: center;\"><strong>Vers\u00e0til<\/strong>: Pot contenir begudes fredes (-10\u00ba C) i calents (100 \u00ba C), i les mant\u00e9. (2 h. Aprox. En el cas de les fredes, i 1 h. Aprox. Les calentes).<\/p>\n<p style=\"text-align: center;\"><strong>Fiable<\/strong>: No hi ha migraci\u00f3. La silicona de grau m\u00e8dic \u00e9s un material inert que impedeix el desenvolupament bacteri\u00e0.<\/p>\n<p>Gr\u00e0cies a la seva forma, la seva relaci\u00f3 phi i el complet moviment de gir amb qu\u00e8 l\u2019aigua pot moure\u2019s al seu interior, tal com ho fa als rius i oceans, s\u2019imprimeix una gran c\u00e0rrega d\u2019energia vital a l\u2019aigua de les begudes. Gr\u00e0cies al v\u00f2rtex que es genera, s&#8217;obt\u00e9 una dissoluci\u00f3 uniforme d&#8217;electr\u00f2lits, minerals, vitamines, etc. que es troben a les begudes i, en conseq\u00fc\u00e8ncia, el cos hum\u00e0 assimila les propietats de l&#8217;aigua, sucs, fermentats, etc. de manera m\u00e9s eficient.<\/p>\n<p>* Disposem de tots els certificats que avalen l&#8217;origen dels materials que utilitzem.<\/p>\n<p>* L&#8217;ampolla pot rentar-se al rentavaixelles. El tap s&#8217;ha de rentar a m\u00e0. Abans d&#8217;utilitzar l&#8217;ampolla per primera vegada recomanem submergir (no el tap) durant 10 minuts en una olla amb aigua en ebullici\u00f3 i un parell de cullerades de bicarbonat. Si alguna vegada s&#8217;omple l&#8217;ampolla amb algun suc, te o beguda de sabor fort, es pot repetir el mateix proc\u00e9s per netejar-la i evitar olors o sabors.<\/p>\n[\/vc_column_text][vc_empty_space height=&#8221;50px&#8221; el_class=&#8221;prod-space2&#8243;][vc_column_text disable_pattern=&#8221;false&#8221; el_class=&#8221;prod-add&#8221;]<p class=\"product woocommerce add_to_cart_inline \" style=\"border:4px solid #ccc; padding: 12px;\"><a rel=\"nofollow\" href=\"https:\/\/www.vitbot.com\/ca\/producte\/sport-kids-travel\" data-quantity=\"1\" data-product_id=\"1263\" data-product_sku=\"00851746007026\" class=\"product_loop_button product_type_simple  ajax_add_to_cart\" data-product_id=\"1263\" data-product_sku=\"00851746007026\" aria-label=\"M\u00e9s informaci\u00f3 sobre &ldquo;Sport, Kids &amp; Travel&rdquo;\" rel=\"nofollow\"><svg  class=\"mk-svg-icon\" data-name=\"mk-moon-search-3\" data-cacheid=\"icon-69f315e239363\" style=\" height:16px; width: 16px; \"  xmlns=\"http:\/\/www.w3.org\/2000\/svg\" viewBox=\"0 0 512 512\"><path d=\"M496.131 435.698l-121.276-103.147c-12.537-11.283-25.945-16.463-36.776-15.963 28.628-33.534 45.921-77.039 45.921-124.588 0-106.039-85.961-192-192-192-106.038 0-192 85.961-192 192s85.961 192 192 192c47.549 0 91.054-17.293 124.588-45.922-.5 10.831 4.68 24.239 15.963 36.776l103.147 121.276c17.661 19.623 46.511 21.277 64.11 3.678s15.946-46.449-3.677-64.11zm-304.131-115.698c-70.692 0-128-57.308-128-128s57.308-128 128-128 128 57.308 128 128-57.307 128-128 128z\"\/><\/svg><span class=\"product_loop_button_text\">Llegeix m\u00e9s<\/a><\/p>[\/vc_column_text][\/vc_column_inner][\/vc_row_inner][\/vc_column][\/vc_row][vc_row][vc_column][vc_empty_space height=&#8221;50px&#8221; el_class=&#8221;prod-space2&#8243;][\/vc_column][\/vc_row][vc_row fullwidth=&#8221;true&#8221;][vc_column][vc_row_inner][vc_column_inner][vc_column_text disable_pattern=&#8221;false&#8221;]Com que \u00e9s un material irrompible, \u00e9s ideal per a esportistes i nens. L&#8217;ampolla s&#8217;ha dissenyat per poder-se plegar quan no s&#8217;usa, de manera que \u00e9s ideal en viatges o excursions. Amb les mateixes propietats que els altres productes Vitbot, gr\u00e0cies al v\u00f2rtex que es genera a l&#8217;interior de l&#8217;ampolla, s&#8217;obt\u00e9 una dissoluci\u00f3 uniforme dels electr\u00f2lits, minerals, vitamines, etc. que hi ha a les begudes. Gr\u00e0cies a aquesta dissoluci\u00f3 uniforme, el cos hum\u00e0 assimila les propietats de l&#8217;aigua, sucs, fermentats, etc. de manera m\u00e9s eficient.<\/p>\n<p>Abans d&#8217;utilitzar per primer cop l&#8217;ampolla Sport, Kids &amp; Travel, recomanem realitzar el seg\u00fcent proc\u00e9s: posar una olla d&#8217;aigua a bullir, apagar el foc, tirar dues cullerades soperes de bicarbonat i submergir l&#8217;ampolla dins de l&#8217;aigua, sense el tap, durant deu minuts. Si alguna vegada omplim l&#8217;ampolla amb algun suc, te o beguda de fort sabor, es pot repetir el mateix proc\u00e9s per eliminar les restes de l&#8217;olor que aquesta beguda pugui deixar a l&#8217;ampolla.<br \/>\n[\/vc_column_text][\/vc_column_inner][\/vc_row_inner][\/vc_column][\/vc_row][vc_row fullwidth=&#8221;true&#8221; equal_columns=&#8221;true&#8221; attached=&#8221;true&#8221; css=&#8221;.vc_custom_1513244391986{margin-top: 0px !important;margin-bottom: 0px !important;}&#8221;][vc_column width=&#8221;1\/2&#8243;][vc_single_image image=&#8221;2313&#8243; img_size=&#8221;full&#8221; css=&#8221;.vc_custom_1513244333665{margin-top: 0px !important;margin-bottom: 0px !important;}&#8221;][\/vc_column][vc_column width=&#8221;1\/2&#8243;][vc_single_image image=&#8221;2303&#8243; img_size=&#8221;full&#8221; css=&#8221;.vc_custom_1513244375670{margin-top: 0px !important;margin-bottom: 0px !important;}&#8221;][\/vc_column][\/vc_row][vc_row fullwidth=&#8221;true&#8221; equal_columns=&#8221;true&#8221; attached=&#8221;true&#8221; css=&#8221;.vc_custom_1513244391986{margin-top: 0px !important;margin-bottom: 0px !important;}&#8221;][vc_column width=&#8221;1\/2&#8243;][vc_single_image image=&#8221;2318&#8243; img_size=&#8221;full&#8221; css=&#8221;.vc_custom_1513244500576{margin-top: 0px !important;margin-bottom: 0px !important;}&#8221;][\/vc_column][vc_column width=&#8221;1\/2&#8243;][vc_single_image image=&#8221;2308&#8243; img_size=&#8221;full&#8221; css=&#8221;.vc_custom_1513244528744{margin-top: 0px !important;margin-bottom: 0px !important;}&#8221;][\/vc_column][\/vc_row]\n","protected":false},"excerpt":{"rendered":"<p>[vc_row][vc_column][vc_empty_space height=&#8221;30px&#8221; el_class=&#8221;prod-space9&#8243;][\/vc_column][\/vc_row][vc_row fullwidth=&#8221;true&#8221; equal_columns=&#8221;true&#8221;][vc_column width=&#8221;1\/2&#8243; css=&#8221;.vc_custom_1492591143501{background-color: #ffffff !important;background-position: center !important;background-repeat: no-repeat !important;background-size: cover !important;}&#8221;][vc_row_inner][vc_column_inner][vc_single_image image=&#8221;11620&#8243; img_size=&#8221;full&#8221; alignment=&#8221;center&#8221;][\/vc_column_inner][\/vc_row_inner][\/vc_column][vc_column width=&#8221;1\/2&#8243; css=&#8221;.vc_custom_1492591132776{background-color: #ffffff !important;background-position: center !important;background-repeat: no-repeat !important;background-size: cover !important;}&#8221;][vc_row_inner][vc_column_inner][vc_column_text disable_pattern=&#8221;false&#8221; el_class=&#8221;font-alternategn2d vitbot-color1 prod-tit1&#8243;] Ampolla de silicona Sport, Kids &amp; Travel Ampolla reutilitzable de silicona de grau m\u00e8dic per aigua o altres l\u00edquids [\/vc_column_text][vc_column_text disable_pattern=&#8221;false&#8221; el_class=&#8221;prod-price&#8221;][\/vc_column_text][vc_empty_space height=&#8221;50px&#8221; [&hellip;]<\/p>\n","protected":false},"author":1,"featured_media":0,"parent":0,"menu_order":3,"comment_status":"closed","ping_status":"closed","template":"","meta":{"_monsterinsights_skip_tracking":false,"_monsterinsights_sitenote_active":false,"_monsterinsights_sitenote_note":"","_monsterinsights_sitenote_category":0},"yoast_head":"<!-- This site is optimized with the Yoast SEO plugin v20.1 - https:\/\/yoast.com\/wordpress\/plugins\/seo\/ -->\n<title>Ampolla Sport, Kids &amp; Travel - Vitbot<\/title>\n<meta name=\"robots\" content=\"index, follow, max-snippet:-1, max-image-preview:large, max-video-preview:-1\" \/>\n<link rel=\"canonical\" href=\"https:\/\/www.vitbot.com\/ca\/ampolla-sport-kids-travel\" \/>\n<meta property=\"og:locale\" content=\"ca_ES\" \/>\n<meta property=\"og:type\" content=\"article\" \/>\n<meta property=\"og:title\" content=\"Ampolla Sport, Kids &amp; Travel - Vitbot\" \/>\n<meta property=\"og:description\" content=\"[vc_row][vc_column][vc_empty_space height=&#8221;30px&#8221; el_class=&#8221;prod-space9&#8243;][\/vc_column][\/vc_row][vc_row fullwidth=&#8221;true&#8221; equal_columns=&#8221;true&#8221;][vc_column width=&#8221;1\/2&#8243; css=&#8221;.vc_custom_1492591143501{background-color: #ffffff !important;background-position: center !important;background-repeat: no-repeat !important;background-size: cover !important;}&#8221;][vc_row_inner][vc_column_inner][vc_single_image image=&#8221;11620&#8243; img_size=&#8221;full&#8221; alignment=&#8221;center&#8221;][\/vc_column_inner][\/vc_row_inner][\/vc_column][vc_column width=&#8221;1\/2&#8243; css=&#8221;.vc_custom_1492591132776{background-color: #ffffff !important;background-position: center !important;background-repeat: no-repeat !important;background-size: cover !important;}&#8221;][vc_row_inner][vc_column_inner][vc_column_text disable_pattern=&#8221;false&#8221; el_class=&#8221;font-alternategn2d vitbot-color1 prod-tit1&#8243;] Ampolla de silicona Sport, Kids &amp; Travel Ampolla reutilitzable de silicona de grau m\u00e8dic per aigua o altres l\u00edquids [\/vc_column_text][vc_column_text disable_pattern=&#8221;false&#8221; el_class=&#8221;prod-price&#8221;][\/vc_column_text][vc_empty_space height=&#8221;50px&#8221; [&hellip;]\" \/>\n<meta property=\"og:url\" content=\"https:\/\/www.vitbot.com\/ca\/ampolla-sport-kids-travel\" \/>\n<meta property=\"og:site_name\" content=\"Vitbot\" \/>\n<meta property=\"article:publisher\" content=\"https:\/\/www.facebook.com\/vitbotbottle\/\" \/>\n<meta property=\"article:modified_time\" content=\"2021-01-03T10:16:02+00:00\" \/>\n<meta name=\"twitter:card\" content=\"summary_large_image\" \/>\n<meta name=\"twitter:label1\" content=\"Temps estimat de lectura\" \/>\n\t<meta name=\"twitter:data1\" content=\"5 minuts\" \/>\n<script type=\"application\/ld+json\" class=\"yoast-schema-graph\">{\"@context\":\"https:\/\/schema.org\",\"@graph\":[{\"@type\":\"WebPage\",\"@id\":\"https:\/\/www.vitbot.com\/ca\/ampolla-sport-kids-travel\",\"url\":\"https:\/\/www.vitbot.com\/ca\/ampolla-sport-kids-travel\",\"name\":\"Ampolla Sport, Kids & Travel - Vitbot\",\"isPartOf\":{\"@id\":\"https:\/\/www.vitbot.com\/ca#website\"},\"datePublished\":\"2017-05-15T14:55:38+00:00\",\"dateModified\":\"2021-01-03T10:16:02+00:00\",\"breadcrumb\":{\"@id\":\"https:\/\/www.vitbot.com\/ca\/ampolla-sport-kids-travel#breadcrumb\"},\"inLanguage\":\"ca\",\"potentialAction\":[{\"@type\":\"ReadAction\",\"target\":[\"https:\/\/www.vitbot.com\/ca\/ampolla-sport-kids-travel\"]}]},{\"@type\":\"BreadcrumbList\",\"@id\":\"https:\/\/www.vitbot.com\/ca\/ampolla-sport-kids-travel#breadcrumb\",\"itemListElement\":[{\"@type\":\"ListItem\",\"position\":1,\"name\":\"Home\",\"item\":\"https:\/\/www.vitbot.com\/ca\"},{\"@type\":\"ListItem\",\"position\":2,\"name\":\"Ampolla Sport, Kids &#038; Travel\"}]},{\"@type\":\"WebSite\",\"@id\":\"https:\/\/www.vitbot.com\/ca#website\",\"url\":\"https:\/\/www.vitbot.com\/ca\",\"name\":\"Vitbot\",\"description\":\"Best Reusable Water Bottles | Vortex Bottle | Vitalizer Bottle\",\"publisher\":{\"@id\":\"https:\/\/www.vitbot.com\/ca#organization\"},\"potentialAction\":[{\"@type\":\"SearchAction\",\"target\":{\"@type\":\"EntryPoint\",\"urlTemplate\":\"https:\/\/www.vitbot.com\/ca?s={search_term_string}\"},\"query-input\":\"required name=search_term_string\"}],\"inLanguage\":\"ca\"},{\"@type\":\"Organization\",\"@id\":\"https:\/\/www.vitbot.com\/ca#organization\",\"name\":\"Vitbot Europe,S.L. NIF B66180548 Tel\u00e8fon Correu info@vitbot.com Direcci\u00f3 C\/ Almeria 40 F Poblaci\u00f3 Tarrasa Codi postal 08226 Pa\u00eds Espanya\",\"url\":\"https:\/\/www.vitbot.com\/ca\",\"logo\":{\"@type\":\"ImageObject\",\"inLanguage\":\"ca\",\"@id\":\"https:\/\/www.vitbot.com\/ca#\/schema\/logo\/image\/\",\"url\":\"https:\/\/www.vitbot.com\/wp-content\/uploads\/2017\/03\/vitbot_logo.png\",\"contentUrl\":\"https:\/\/www.vitbot.com\/wp-content\/uploads\/2017\/03\/vitbot_logo.png\",\"width\":84,\"height\":24,\"caption\":\"Vitbot Europe,S.L. NIF B66180548 Tel\u00e8fon Correu info@vitbot.com Direcci\u00f3 C\/ Almeria 40 F Poblaci\u00f3 Tarrasa Codi postal 08226 Pa\u00eds Espanya\"},\"image\":{\"@id\":\"https:\/\/www.vitbot.com\/ca#\/schema\/logo\/image\/\"},\"sameAs\":[\"https:\/\/www.facebook.com\/vitbotbottle\/\",\"https:\/\/www.instagram.com\/vitbotofficial\/\"]}]}<\/script>\n<!-- \/ Yoast SEO plugin. -->","yoast_head_json":{"title":"Ampolla Sport, Kids & Travel - Vitbot","robots":{"index":"index","follow":"follow","max-snippet":"max-snippet:-1","max-image-preview":"max-image-preview:large","max-video-preview":"max-video-preview:-1"},"canonical":"https:\/\/www.vitbot.com\/ca\/ampolla-sport-kids-travel","og_locale":"ca_ES","og_type":"article","og_title":"Ampolla Sport, Kids & Travel - Vitbot","og_description":"[vc_row][vc_column][vc_empty_space height=&#8221;30px&#8221; el_class=&#8221;prod-space9&#8243;][\/vc_column][\/vc_row][vc_row fullwidth=&#8221;true&#8221; equal_columns=&#8221;true&#8221;][vc_column width=&#8221;1\/2&#8243; css=&#8221;.vc_custom_1492591143501{background-color: #ffffff !important;background-position: center !important;background-repeat: no-repeat !important;background-size: cover !important;}&#8221;][vc_row_inner][vc_column_inner][vc_single_image image=&#8221;11620&#8243; img_size=&#8221;full&#8221; alignment=&#8221;center&#8221;][\/vc_column_inner][\/vc_row_inner][\/vc_column][vc_column width=&#8221;1\/2&#8243; css=&#8221;.vc_custom_1492591132776{background-color: #ffffff !important;background-position: center !important;background-repeat: no-repeat !important;background-size: cover !important;}&#8221;][vc_row_inner][vc_column_inner][vc_column_text disable_pattern=&#8221;false&#8221; el_class=&#8221;font-alternategn2d vitbot-color1 prod-tit1&#8243;] Ampolla de silicona Sport, Kids &amp; Travel Ampolla reutilitzable de silicona de grau m\u00e8dic per aigua o altres l\u00edquids [\/vc_column_text][vc_column_text disable_pattern=&#8221;false&#8221; el_class=&#8221;prod-price&#8221;][\/vc_column_text][vc_empty_space height=&#8221;50px&#8221; [&hellip;]","og_url":"https:\/\/www.vitbot.com\/ca\/ampolla-sport-kids-travel","og_site_name":"Vitbot","article_publisher":"https:\/\/www.facebook.com\/vitbotbottle\/","article_modified_time":"2021-01-03T10:16:02+00:00","twitter_card":"summary_large_image","twitter_misc":{"Temps estimat de lectura":"5 minuts"},"schema":{"@context":"https:\/\/schema.org","@graph":[{"@type":"WebPage","@id":"https:\/\/www.vitbot.com\/ca\/ampolla-sport-kids-travel","url":"https:\/\/www.vitbot.com\/ca\/ampolla-sport-kids-travel","name":"Ampolla Sport, Kids & Travel - Vitbot","isPartOf":{"@id":"https:\/\/www.vitbot.com\/ca#website"},"datePublished":"2017-05-15T14:55:38+00:00","dateModified":"2021-01-03T10:16:02+00:00","breadcrumb":{"@id":"https:\/\/www.vitbot.com\/ca\/ampolla-sport-kids-travel#breadcrumb"},"inLanguage":"ca","potentialAction":[{"@type":"ReadAction","target":["https:\/\/www.vitbot.com\/ca\/ampolla-sport-kids-travel"]}]},{"@type":"BreadcrumbList","@id":"https:\/\/www.vitbot.com\/ca\/ampolla-sport-kids-travel#breadcrumb","itemListElement":[{"@type":"ListItem","position":1,"name":"Home","item":"https:\/\/www.vitbot.com\/ca"},{"@type":"ListItem","position":2,"name":"Ampolla Sport, Kids &#038; Travel"}]},{"@type":"WebSite","@id":"https:\/\/www.vitbot.com\/ca#website","url":"https:\/\/www.vitbot.com\/ca","name":"Vitbot","description":"Best Reusable Water Bottles | Vortex Bottle | Vitalizer Bottle","publisher":{"@id":"https:\/\/www.vitbot.com\/ca#organization"},"potentialAction":[{"@type":"SearchAction","target":{"@type":"EntryPoint","urlTemplate":"https:\/\/www.vitbot.com\/ca?s={search_term_string}"},"query-input":"required name=search_term_string"}],"inLanguage":"ca"},{"@type":"Organization","@id":"https:\/\/www.vitbot.com\/ca#organization","name":"Vitbot Europe,S.L. NIF B66180548 Tel\u00e8fon Correu info@vitbot.com Direcci\u00f3 C\/ Almeria 40 F Poblaci\u00f3 Tarrasa Codi postal 08226 Pa\u00eds Espanya","url":"https:\/\/www.vitbot.com\/ca","logo":{"@type":"ImageObject","inLanguage":"ca","@id":"https:\/\/www.vitbot.com\/ca#\/schema\/logo\/image\/","url":"https:\/\/www.vitbot.com\/wp-content\/uploads\/2017\/03\/vitbot_logo.png","contentUrl":"https:\/\/www.vitbot.com\/wp-content\/uploads\/2017\/03\/vitbot_logo.png","width":84,"height":24,"caption":"Vitbot Europe,S.L. NIF B66180548 Tel\u00e8fon Correu info@vitbot.com Direcci\u00f3 C\/ Almeria 40 F Poblaci\u00f3 Tarrasa Codi postal 08226 Pa\u00eds Espanya"},"image":{"@id":"https:\/\/www.vitbot.com\/ca#\/schema\/logo\/image\/"},"sameAs":["https:\/\/www.facebook.com\/vitbotbottle\/","https:\/\/www.instagram.com\/vitbotofficial\/"]}]}},"_links":{"self":[{"href":"https:\/\/www.vitbot.com\/ca\/wp-json\/wp\/v2\/pages\/1430"}],"collection":[{"href":"https:\/\/www.vitbot.com\/ca\/wp-json\/wp\/v2\/pages"}],"about":[{"href":"https:\/\/www.vitbot.com\/ca\/wp-json\/wp\/v2\/types\/page"}],"author":[{"embeddable":true,"href":"https:\/\/www.vitbot.com\/ca\/wp-json\/wp\/v2\/users\/1"}],"replies":[{"embeddable":true,"href":"https:\/\/www.vitbot.com\/ca\/wp-json\/wp\/v2\/comments?post=1430"}],"version-history":[{"count":4,"href":"https:\/\/www.vitbot.com\/ca\/wp-json\/wp\/v2\/pages\/1430\/revisions"}],"predecessor-version":[{"id":18238,"href":"https:\/\/www.vitbot.com\/ca\/wp-json\/wp\/v2\/pages\/1430\/revisions\/18238"}],"wp:attachment":[{"href":"https:\/\/www.vitbot.com\/ca\/wp-json\/wp\/v2\/media?parent=1430"}],"curies":[{"name":"wp","href":"https:\/\/api.w.org\/{rel}","templated":true}]}}