{"id":13903,"date":"2020-09-11T16:58:49","date_gmt":"2020-09-11T14:58:49","guid":{"rendered":"https:\/\/www.vitbot.com\/ampolla-egg-of-life-serigrafiada"},"modified":"2021-05-01T08:03:13","modified_gmt":"2021-05-01T06:03:13","slug":"ampolla-egg-of-life-serigrafiada","status":"publish","type":"page","link":"https:\/\/www.vitbot.com\/ca\/ampolla-egg-of-life-serigrafiada","title":{"rendered":"Ampolla Egg of Life Serigrafiada"},"content":{"rendered":"[vc_row][vc_column][vc_empty_space height=&#8221;30px&#8221; el_class=&#8221;prod-space9&#8243;][\/vc_column][\/vc_row][vc_row fullwidth=&#8221;true&#8221; equal_columns=&#8221;true&#8221;][vc_column width=&#8221;1\/2&#8243; css=&#8221;.vc_custom_1492591143501{background-color: #ffffff !important;background-position: center !important;background-repeat: no-repeat !important;background-size: cover !important;}&#8221;][vc_row_inner][vc_column_inner][vc_single_image image=&#8221;13828&#8243; img_size=&#8221;full&#8221; alignment=&#8221;center&#8221;][\/vc_column_inner][\/vc_row_inner][\/vc_column][vc_column width=&#8221;1\/2&#8243; css=&#8221;.vc_custom_1492591132776{background-color: #ffffff !important;background-position: center !important;background-repeat: no-repeat !important;background-size: cover !important;}&#8221;][vc_row_inner][vc_column_inner][vc_column_text disable_pattern=&#8221;false&#8221; el_class=&#8221;font-alternategn2d vitbot-color1 prod-tit1&#8243; css=&#8221;.vc_custom_1599812732176{margin-bottom: 0px !important;}&#8221;]\n<h2>Ampolla de vidre<br \/>\nEgg of Life Serigrafiada<\/h2>\n<h3>AMPOLLA REUSABLE DE VIDRE LLIURE DE PLOM PER AIGUA O ALTRES L\u00cdQUIDS<\/h3>\n[\/vc_column_text][vc_column_text disable_pattern=&#8221;false&#8221; el_class=&#8221;prod-price&#8221; css=&#8221;.vc_custom_1599812676106{margin-bottom: 0px !important;}&#8221;]0&euro;[\/vc_column_text][vc_empty_space height=&#8221;50px&#8221; el_class=&#8221;prod-space1&#8243;][vc_column_text disable_pattern=&#8221;false&#8221; el_class=&#8221;font-din2014-l vitbot-color1 prod-desc&#8221; css=&#8221;.vc_custom_1619848986966{margin-bottom: 0px !important;}&#8221;]Vol\u00edem que una de les nostres ampolles fos el vostre got, d\u2019aquesta manera va n\u00e9ixer el la Vitbot Egg of Life serigrafiada. \u00c9s una ampolla molt especial i us expliquem per qu\u00e8:<\/p>\n<p>La ampolla Vitbot Egg of Life serigrafiada est\u00e0 fabricada a It\u00e0lia a partir de vidre blau cobalt de qualitat aliment\u00e0ria *. El color blau cobalt s\u2019adquireix al forn a m\u00e9s de 2000\u00ba de temperatura.<\/p>\n<p>El tap, fabricat a Barcelona, \u200b\u200best\u00e0 fabricat amb fusta de freixe de extracci\u00f3 certificada *, vern\u00eds natural i fil de pl\u00e0stic. Es presenta en una bossa de jute natural.<\/p>\n<p>La geometria gravada a la ampolla Egg of Life, i la bossa de jute, ens recorda que l\u2019energia que origina la vida es mant\u00e9 gr\u00e0cies a tres principis fonamentals: moviment de v\u00f2rtex, forma i proporci\u00f3 ovoides.<\/p>\n<p>La Egg of Life de vidre serigrafiat \u00e9s:<\/p>\n<p style=\"text-align: center;\"><strong>Biomim\u00e8tica<\/strong>: inspirada en la natura. Ovoide en proporci\u00f3 phi.<\/p>\n<p style=\"text-align: center;\"><strong>Activa<\/strong>: proporciona beneficis mesurables.<\/p>\n<p style=\"text-align: center;\"><strong>Sostenible<\/strong>: fabricada amb criteris d\u2019economia circular.<\/p>\n<p style=\"text-align: center;\"><strong>Pes<\/strong>: 450 g.<\/p>\n<p style=\"text-align: center;\"><strong>Reutilitzable<\/strong>: 555 ml.<\/p>\n<p style=\"text-align: center;\"><strong>Fiable<\/strong>: el color blau cobalt protegeix l\u2019aigua dels raigs UV del sol.<\/p>\n<p>Gr\u00e0cies a la seva forma, la seva proporci\u00f3 phi i el complet moviment de gir amb qu\u00e8 l\u2019aigua pot moure\u2019s al seu interior, tal com ho fa als rius i oceans, s\u2019imprimeix una gran c\u00e0rrega d\u2019energia vital a l\u2019aigua de les begudes. Gr\u00e0cies al v\u00f2rtex que es genera, s&#8217;obt\u00e9 una dissoluci\u00f3 uniforme d&#8217;electr\u00f2lits, minerals, vitamines, etc. que es troben a les begudes i, en conseq\u00fc\u00e8ncia, el cos hum\u00e0 assimila les propietats de l&#8217;aigua, sucs, fermentats, etc. de manera m\u00e9s eficient.<\/p>\n<p>* Disposem de tots els certificats que garanteixen l\u2019origen dels materials que fem servir.<\/p>\n<p>* L&#8217;ampolla es pot rentar al rentaplats. La gorra s\u2019ha de rentar a m\u00e0 amb un drap.[\/vc_column_text][vc_empty_space height=&#8221;50px&#8221; el_class=&#8221;prod-space2&#8243;][vc_column_text disable_pattern=&#8221;false&#8221; el_class=&#8221;prod-add&#8221; css=&#8221;.vc_custom_1599812685606{margin-bottom: 0px !important;}&#8221;]<p class=\"product woocommerce add_to_cart_inline \" style=\"border:4px solid #ccc; padding: 12px;\"><a rel=\"nofollow\" href=\"https:\/\/www.vitbot.com\/ca\/producte\/egg-of-life-serigrafiada\" data-quantity=\"1\" data-product_id=\"13879\" data-product_sku=\"\" class=\"product_loop_button product_type_simple  ajax_add_to_cart\" data-product_id=\"13879\" data-product_sku=\"\" aria-label=\"M\u00e9s informaci\u00f3 sobre &ldquo;Egg of Life (Serigrafiada)&rdquo;\" rel=\"nofollow\"><svg  class=\"mk-svg-icon\" data-name=\"mk-moon-search-3\" data-cacheid=\"icon-69d6694d6861b\" style=\" height:16px; width: 16px; \"  xmlns=\"http:\/\/www.w3.org\/2000\/svg\" viewBox=\"0 0 512 512\"><path d=\"M496.131 435.698l-121.276-103.147c-12.537-11.283-25.945-16.463-36.776-15.963 28.628-33.534 45.921-77.039 45.921-124.588 0-106.039-85.961-192-192-192-106.038 0-192 85.961-192 192s85.961 192 192 192c47.549 0 91.054-17.293 124.588-45.922-.5 10.831 4.68 24.239 15.963 36.776l103.147 121.276c17.661 19.623 46.511 21.277 64.11 3.678s15.946-46.449-3.677-64.11zm-304.131-115.698c-70.692 0-128-57.308-128-128s57.308-128 128-128 128 57.308 128 128-57.307 128-128 128z\"\/><\/svg><span class=\"product_loop_button_text\">Llegeix m\u00e9s<\/a><\/p>[\/vc_column_text][\/vc_column_inner][\/vc_row_inner][\/vc_column][\/vc_row][vc_row][vc_column][vc_empty_space height=&#8221;50px&#8221; el_class=&#8221;prod-space2&#8243;][\/vc_column][\/vc_row][vc_row fullwidth=&#8221;true&#8221;][vc_column][vc_row_inner][vc_column_inner][vc_column_text css=&#8221;.vc_custom_1599812985052{margin-bottom: 0px !important;}&#8221;]Gr\u00e0cies al v\u00f2rtex que es genera a l\u2019interior de les ampolles Vitbot, s\u2019obt\u00e9 una dissoluci\u00f3 uniforme dels electr\u00f2lits, minerals, vitamines, etc. que hi ha a les begudes. Gr\u00e0cies a aquesta dissoluci\u00f3 uniforme, el cos hum\u00e0 assimila les propietats de l\u2019aigua, sucs, fermentats, etc. de manera m\u00e9s eficient. El blau cobalt \u00e9s un color ideal per solaritzar l\u2019aigua dins de l\u2019ampolla, per a aquelles persones que aix\u00ed ho desitgin.<\/p>\n<p>La geometria de l&#8217; \u00abOu de la Vida\u00bb que porta gravada l&#8217;ampolla, evoca l&#8217;ess\u00e8ncia de la vida que la naturalesa guarda dins de la forma perfecta de l&#8217;ou, alhora que ens recorda l&#8217;origen de el naixement de les gerres i ampolles Vitbot.[\/vc_column_text][\/vc_column_inner][\/vc_row_inner][\/vc_column][\/vc_row][vc_row][vc_column][vc_empty_space height=&#8221;50px&#8221; el_class=&#8221;prod-space2&#8243;][\/vc_column][\/vc_row]\n","protected":false},"excerpt":{"rendered":"<p>[vc_row][vc_column][vc_empty_space height=&#8221;30px&#8221; el_class=&#8221;prod-space9&#8243;][\/vc_column][\/vc_row][vc_row fullwidth=&#8221;true&#8221; equal_columns=&#8221;true&#8221;][vc_column width=&#8221;1\/2&#8243; css=&#8221;.vc_custom_1492591143501{background-color: #ffffff !important;background-position: center !important;background-repeat: no-repeat !important;background-size: cover !important;}&#8221;][vc_row_inner][vc_column_inner][vc_single_image image=&#8221;13828&#8243; img_size=&#8221;full&#8221; alignment=&#8221;center&#8221;][\/vc_column_inner][\/vc_row_inner][\/vc_column][vc_column width=&#8221;1\/2&#8243; css=&#8221;.vc_custom_1492591132776{background-color: #ffffff !important;background-position: center !important;background-repeat: no-repeat !important;background-size: cover !important;}&#8221;][vc_row_inner][vc_column_inner][vc_column_text disable_pattern=&#8221;false&#8221; el_class=&#8221;font-alternategn2d vitbot-color1 prod-tit1&#8243; css=&#8221;.vc_custom_1599812732176{margin-bottom: 0px !important;}&#8221;] Ampolla de vidre Egg of Life Serigrafiada AMPOLLA REUSABLE DE VIDRE LLIURE DE PLOM PER AIGUA O ALTRES L\u00cdQUIDS [\/vc_column_text][vc_column_text [&hellip;]<\/p>\n","protected":false},"author":1,"featured_media":0,"parent":0,"menu_order":3,"comment_status":"closed","ping_status":"closed","template":"","meta":{"_monsterinsights_skip_tracking":false,"_monsterinsights_sitenote_active":false,"_monsterinsights_sitenote_note":"","_monsterinsights_sitenote_category":0},"yoast_head":"<!-- This site is optimized with the Yoast SEO plugin v20.1 - https:\/\/yoast.com\/wordpress\/plugins\/seo\/ -->\n<title>Botella de vidrio Egg of Life: vitaliza los l\u00edquidos | Vitbot<\/title>\n<meta name=\"description\" content=\"Botella de vidrio reutilizable para agua u otros l\u00edquidos ideal para la oficina o el hogar. Fabricada en EU. Capacidad 500ml.\" \/>\n<meta name=\"robots\" content=\"index, follow, max-snippet:-1, max-image-preview:large, max-video-preview:-1\" \/>\n<link rel=\"canonical\" href=\"https:\/\/www.vitbot.com\/ca\/ampolla-egg-of-life-serigrafiada\" \/>\n<meta property=\"og:locale\" content=\"ca_ES\" \/>\n<meta property=\"og:type\" content=\"article\" \/>\n<meta property=\"og:title\" content=\"Botella de vidrio Egg of Life: vitaliza los l\u00edquidos | Vitbot\" \/>\n<meta property=\"og:description\" content=\"Botella de vidrio reutilizable para agua u otros l\u00edquidos ideal para la oficina o el hogar. Fabricada en EU. Capacidad 500ml.\" \/>\n<meta property=\"og:url\" content=\"https:\/\/www.vitbot.com\/ca\/ampolla-egg-of-life-serigrafiada\" \/>\n<meta property=\"og:site_name\" content=\"Vitbot\" \/>\n<meta property=\"article:publisher\" content=\"https:\/\/www.facebook.com\/vitbotbottle\/\" \/>\n<meta property=\"article:modified_time\" content=\"2021-05-01T06:03:13+00:00\" \/>\n<meta name=\"twitter:card\" content=\"summary_large_image\" \/>\n<meta name=\"twitter:label1\" content=\"Temps estimat de lectura\" \/>\n\t<meta name=\"twitter:data1\" content=\"3 minuts\" \/>\n<script type=\"application\/ld+json\" class=\"yoast-schema-graph\">{\"@context\":\"https:\/\/schema.org\",\"@graph\":[{\"@type\":\"WebPage\",\"@id\":\"https:\/\/www.vitbot.com\/ca\/ampolla-egg-of-life-serigrafiada\",\"url\":\"https:\/\/www.vitbot.com\/ca\/ampolla-egg-of-life-serigrafiada\",\"name\":\"Botella de vidrio Egg of Life: vitaliza los l\u00edquidos | Vitbot\",\"isPartOf\":{\"@id\":\"https:\/\/www.vitbot.com\/ca#website\"},\"datePublished\":\"2020-09-11T14:58:49+00:00\",\"dateModified\":\"2021-05-01T06:03:13+00:00\",\"description\":\"Botella de vidrio reutilizable para agua u otros l\u00edquidos ideal para la oficina o el hogar. Fabricada en EU. Capacidad 500ml.\",\"breadcrumb\":{\"@id\":\"https:\/\/www.vitbot.com\/ca\/ampolla-egg-of-life-serigrafiada#breadcrumb\"},\"inLanguage\":\"ca\",\"potentialAction\":[{\"@type\":\"ReadAction\",\"target\":[\"https:\/\/www.vitbot.com\/ca\/ampolla-egg-of-life-serigrafiada\"]}]},{\"@type\":\"BreadcrumbList\",\"@id\":\"https:\/\/www.vitbot.com\/ca\/ampolla-egg-of-life-serigrafiada#breadcrumb\",\"itemListElement\":[{\"@type\":\"ListItem\",\"position\":1,\"name\":\"Home\",\"item\":\"https:\/\/www.vitbot.com\/ca\"},{\"@type\":\"ListItem\",\"position\":2,\"name\":\"Ampolla Egg of Life Serigrafiada\"}]},{\"@type\":\"WebSite\",\"@id\":\"https:\/\/www.vitbot.com\/ca#website\",\"url\":\"https:\/\/www.vitbot.com\/ca\",\"name\":\"Vitbot\",\"description\":\"Best Reusable Water Bottles | Vortex Bottle | Vitalizer Bottle\",\"publisher\":{\"@id\":\"https:\/\/www.vitbot.com\/ca#organization\"},\"potentialAction\":[{\"@type\":\"SearchAction\",\"target\":{\"@type\":\"EntryPoint\",\"urlTemplate\":\"https:\/\/www.vitbot.com\/ca?s={search_term_string}\"},\"query-input\":\"required name=search_term_string\"}],\"inLanguage\":\"ca\"},{\"@type\":\"Organization\",\"@id\":\"https:\/\/www.vitbot.com\/ca#organization\",\"name\":\"Vitbot Europe,S.L. NIF B66180548 Tel\u00e8fon Correu info@vitbot.com Direcci\u00f3 C\/ Almeria 40 F Poblaci\u00f3 Tarrasa Codi postal 08226 Pa\u00eds Espanya\",\"url\":\"https:\/\/www.vitbot.com\/ca\",\"logo\":{\"@type\":\"ImageObject\",\"inLanguage\":\"ca\",\"@id\":\"https:\/\/www.vitbot.com\/ca#\/schema\/logo\/image\/\",\"url\":\"https:\/\/www.vitbot.com\/wp-content\/uploads\/2017\/03\/vitbot_logo.png\",\"contentUrl\":\"https:\/\/www.vitbot.com\/wp-content\/uploads\/2017\/03\/vitbot_logo.png\",\"width\":84,\"height\":24,\"caption\":\"Vitbot Europe,S.L. NIF B66180548 Tel\u00e8fon Correu info@vitbot.com Direcci\u00f3 C\/ Almeria 40 F Poblaci\u00f3 Tarrasa Codi postal 08226 Pa\u00eds Espanya\"},\"image\":{\"@id\":\"https:\/\/www.vitbot.com\/ca#\/schema\/logo\/image\/\"},\"sameAs\":[\"https:\/\/www.facebook.com\/vitbotbottle\/\",\"https:\/\/www.instagram.com\/vitbotofficial\/\"]}]}<\/script>\n<!-- \/ Yoast SEO plugin. -->","yoast_head_json":{"title":"Botella de vidrio Egg of Life: vitaliza los l\u00edquidos | Vitbot","description":"Botella de vidrio reutilizable para agua u otros l\u00edquidos ideal para la oficina o el hogar. Fabricada en EU. Capacidad 500ml.","robots":{"index":"index","follow":"follow","max-snippet":"max-snippet:-1","max-image-preview":"max-image-preview:large","max-video-preview":"max-video-preview:-1"},"canonical":"https:\/\/www.vitbot.com\/ca\/ampolla-egg-of-life-serigrafiada","og_locale":"ca_ES","og_type":"article","og_title":"Botella de vidrio Egg of Life: vitaliza los l\u00edquidos | Vitbot","og_description":"Botella de vidrio reutilizable para agua u otros l\u00edquidos ideal para la oficina o el hogar. Fabricada en EU. Capacidad 500ml.","og_url":"https:\/\/www.vitbot.com\/ca\/ampolla-egg-of-life-serigrafiada","og_site_name":"Vitbot","article_publisher":"https:\/\/www.facebook.com\/vitbotbottle\/","article_modified_time":"2021-05-01T06:03:13+00:00","twitter_card":"summary_large_image","twitter_misc":{"Temps estimat de lectura":"3 minuts"},"schema":{"@context":"https:\/\/schema.org","@graph":[{"@type":"WebPage","@id":"https:\/\/www.vitbot.com\/ca\/ampolla-egg-of-life-serigrafiada","url":"https:\/\/www.vitbot.com\/ca\/ampolla-egg-of-life-serigrafiada","name":"Botella de vidrio Egg of Life: vitaliza los l\u00edquidos | Vitbot","isPartOf":{"@id":"https:\/\/www.vitbot.com\/ca#website"},"datePublished":"2020-09-11T14:58:49+00:00","dateModified":"2021-05-01T06:03:13+00:00","description":"Botella de vidrio reutilizable para agua u otros l\u00edquidos ideal para la oficina o el hogar. Fabricada en EU. Capacidad 500ml.","breadcrumb":{"@id":"https:\/\/www.vitbot.com\/ca\/ampolla-egg-of-life-serigrafiada#breadcrumb"},"inLanguage":"ca","potentialAction":[{"@type":"ReadAction","target":["https:\/\/www.vitbot.com\/ca\/ampolla-egg-of-life-serigrafiada"]}]},{"@type":"BreadcrumbList","@id":"https:\/\/www.vitbot.com\/ca\/ampolla-egg-of-life-serigrafiada#breadcrumb","itemListElement":[{"@type":"ListItem","position":1,"name":"Home","item":"https:\/\/www.vitbot.com\/ca"},{"@type":"ListItem","position":2,"name":"Ampolla Egg of Life Serigrafiada"}]},{"@type":"WebSite","@id":"https:\/\/www.vitbot.com\/ca#website","url":"https:\/\/www.vitbot.com\/ca","name":"Vitbot","description":"Best Reusable Water Bottles | Vortex Bottle | Vitalizer Bottle","publisher":{"@id":"https:\/\/www.vitbot.com\/ca#organization"},"potentialAction":[{"@type":"SearchAction","target":{"@type":"EntryPoint","urlTemplate":"https:\/\/www.vitbot.com\/ca?s={search_term_string}"},"query-input":"required name=search_term_string"}],"inLanguage":"ca"},{"@type":"Organization","@id":"https:\/\/www.vitbot.com\/ca#organization","name":"Vitbot Europe,S.L. NIF B66180548 Tel\u00e8fon Correu info@vitbot.com Direcci\u00f3 C\/ Almeria 40 F Poblaci\u00f3 Tarrasa Codi postal 08226 Pa\u00eds Espanya","url":"https:\/\/www.vitbot.com\/ca","logo":{"@type":"ImageObject","inLanguage":"ca","@id":"https:\/\/www.vitbot.com\/ca#\/schema\/logo\/image\/","url":"https:\/\/www.vitbot.com\/wp-content\/uploads\/2017\/03\/vitbot_logo.png","contentUrl":"https:\/\/www.vitbot.com\/wp-content\/uploads\/2017\/03\/vitbot_logo.png","width":84,"height":24,"caption":"Vitbot Europe,S.L. NIF B66180548 Tel\u00e8fon Correu info@vitbot.com Direcci\u00f3 C\/ Almeria 40 F Poblaci\u00f3 Tarrasa Codi postal 08226 Pa\u00eds Espanya"},"image":{"@id":"https:\/\/www.vitbot.com\/ca#\/schema\/logo\/image\/"},"sameAs":["https:\/\/www.facebook.com\/vitbotbottle\/","https:\/\/www.instagram.com\/vitbotofficial\/"]}]}},"_links":{"self":[{"href":"https:\/\/www.vitbot.com\/ca\/wp-json\/wp\/v2\/pages\/13903"}],"collection":[{"href":"https:\/\/www.vitbot.com\/ca\/wp-json\/wp\/v2\/pages"}],"about":[{"href":"https:\/\/www.vitbot.com\/ca\/wp-json\/wp\/v2\/types\/page"}],"author":[{"embeddable":true,"href":"https:\/\/www.vitbot.com\/ca\/wp-json\/wp\/v2\/users\/1"}],"replies":[{"embeddable":true,"href":"https:\/\/www.vitbot.com\/ca\/wp-json\/wp\/v2\/comments?post=13903"}],"version-history":[{"count":4,"href":"https:\/\/www.vitbot.com\/ca\/wp-json\/wp\/v2\/pages\/13903\/revisions"}],"predecessor-version":[{"id":21592,"href":"https:\/\/www.vitbot.com\/ca\/wp-json\/wp\/v2\/pages\/13903\/revisions\/21592"}],"wp:attachment":[{"href":"https:\/\/www.vitbot.com\/ca\/wp-json\/wp\/v2\/media?parent=13903"}],"curies":[{"name":"wp","href":"https:\/\/api.w.org\/{rel}","templated":true}]}}