{"id":1032,"date":"2017-05-02T20:39:41","date_gmt":"2017-05-02T18:39:41","guid":{"rendered":"https:\/\/www.vitbot.com\/qui-som"},"modified":"2018-11-29T09:10:49","modified_gmt":"2018-11-29T07:10:49","slug":"qui-som","status":"publish","type":"page","link":"https:\/\/www.vitbot.com\/ca\/qui-som","title":{"rendered":"Qui Som?"},"content":{"rendered":"[vc_row fullwidth=&#8221;true&#8221; equal_columns=&#8221;true&#8221; css=&#8221;.vc_custom_1490864043520{background-color: #ffffff !important;}&#8221;][vc_column][vc_single_image image=&#8221;186&#8243; img_size=&#8221;full&#8221; css=&#8221;.vc_custom_1490287995717{margin: 0px !important;}&#8221;][\/vc_column][\/vc_row][vc_row css=&#8221;.vc_custom_1490287549845{background-color: #ffffff !important;}&#8221;][vc_column width=&#8221;1\/2&#8243;][vc_empty_space height=&#8221;45px&#8221;][vc_column_text disable_pattern=&#8221;false&#8221; el_class=&#8221;nosotros-titfun vitbot-color1 font-din2014-b&#8221;]\n<h1>ELS FUNDADORS<\/h1>\n[\/vc_column_text][vc_column_text disable_pattern=&#8221;false&#8221; el_class=&#8221;nosotros-subtitnom vitbot-color2 font-din2014-l&#8221;]\n<h3><strong>ANTONIO LOZANO DOM\u00c8NECH, Ph.D.<\/strong> &#8211; \u00c9s doctor en Ci\u00e8ncies Pol\u00edtiques i Sociologia per la Universitat Complutense de Madrid. M\u00e0ster en Direcci\u00f3 d\u2019Empreses per l\u2019Escola d\u2019Enginyers de la Universitat Polit\u00e8cnica de Catalunya.<\/h3>\n<h3><strong>DOLORS MARTORELL REYES<\/strong> &#8211; Llicenciada en Ci\u00e8ncies de la Informaci\u00f3 per la Universitat Aut\u00f2noma de Barcelona. Mestre Diplomada en Pedagogia Terap\u00e8utica per la Universitat Aut\u00f2noma de Barcelona.<\/h3>\n[\/vc_column_text][vc_empty_space height=&#8221;45px&#8221; el_class=&#8221;nosotros-space1&#8243;][\/vc_column][vc_column width=&#8221;1\/2&#8243;][\/vc_column][\/vc_row][vc_row][vc_column width=&#8221;1\/2&#8243;][vc_column_text disable_pattern=&#8221;false&#8221; el_class=&#8221;font-din2014-l nosotros-txt&#8221;]El que va comen\u00e7ar com un negoci, una empresa dins el sector del tractament de l&#8217;aigua, ens va portar a con\u00e8ixer una nova manera de veure el m\u00f3n. Apassionats per aquest meravell\u00f3s fluid, l&#8217;aigua, els misteris de la qual han captivat a molts cient\u00edfics, vam descobrir el llenguatge de la natura. Ens vam adonar que la naturalesa busca generar, preservar i mantenir la vida amb la m\u00e0xima efic\u00e0cia. Per a aix\u00f2 utilitza: la forma, el moviment i els patrons de creixement.<\/p>\n<p>Durant un llarg per\u00edode vam viure en una finca agr\u00edcola envoltada de boscos, on vam cultiva el nostre petit hort. En contacte amb la terra, vam observa el cicle de la vida: el moviment en v\u00f2rtex del cel, del vent, de l&#8217;aigua de la pluja en caure, de l&#8217;aigua a la font, al riu, al mar&#8230; Vam observar les formes de les llavors, os es guarda la mem\u00f2ria de la planta o de l\u2019arbre, fins al moment de ser plantats. Vam observar la forma ovoide dels ous, el receptacle de tot animal vertebrat o invertebrat. Vam observar el creixement de les branques dels arbres i les plantes, totes elles superposades, intercalades, seguint un patr\u00f3 de creixement phi, per rebre amb la m\u00e0xima efic\u00e0cia la llum del sol i l&#8217;aigua de la pluja.[\/vc_column_text][vc_empty_space height=&#8221;90px&#8221; el_class=&#8221;nosotros-space2&#8243;][\/vc_column][vc_column width=&#8221;1\/2&#8243;][vc_column_text disable_pattern=&#8221;false&#8221; el_class=&#8221;font-din2014-l nosotros-txt&#8221; css=&#8221;.vc_custom_1543475402317{margin-bottom: 0px !important;}&#8221;]Fruit d&#8217;aquest background, l&#8217;any 2014 vam decidir traslladar-nos a Calif\u00f2rnia i dissenyar i desenvolupar les ampolles Vitbot. L&#8217;empresa Vitbot, neix amb la intenci\u00f3 de lliurar un producte, les ampolles Vitbot, alhora que s\u2019entrega un missatge: la forma dels envasos \u00e9s un factor clau per permetre que a dins l\u2019aigua es pugui moure en v\u00f2rtex i, gr\u00e0cies a aix\u00f2, es preservi la vitalitat de les begudes.<\/p>\n<p>La nostra societat ha fet un gran salt dins el sector de l&#8217;alimentaci\u00f3. Cada dia hi ha m\u00e9s consumidors que demanen productes ecol\u00f2gics i m\u00e9s fabricants que segueixen processos d&#8217;elaboraci\u00f3 respectuosos, en el sentit m\u00e9s ampli. Hem millorat tota la cadena aliment\u00e0ria, des de l&#8217;origen de la mat\u00e8ria primera fins l&#8217;envasament. No obstant aix\u00f2, en el sector de l&#8217;env\u00e0s i l&#8217;embotellament, a part d&#8217;una major incorporaci\u00f3 del vidre, no hi ha hagut una proposta innovadora acord amb els temps de canvi que estem vivint.<\/p>\n<p>Mitjan\u00e7ant Vitbot, volem ajudar a evolucionar la forma en qu\u00e8 s&#8217;envasen l&#8217;aigua i tots els l\u00edquids, i aportar aix\u00ed un benefici per a les begudes, per a les persones i per al nostre planeta.[\/vc_column_text][\/vc_column][\/vc_row][vc_row][vc_column][vc_empty_space el_class=&#8221;nosotros-space3&#8243;][\/vc_column][\/vc_row]\n","protected":false},"excerpt":{"rendered":"<p>[vc_row fullwidth=&#8221;true&#8221; equal_columns=&#8221;true&#8221; css=&#8221;.vc_custom_1490864043520{background-color: #ffffff !important;}&#8221;][vc_column][vc_single_image image=&#8221;186&#8243; img_size=&#8221;full&#8221; css=&#8221;.vc_custom_1490287995717{margin: 0px !important;}&#8221;][\/vc_column][\/vc_row][vc_row css=&#8221;.vc_custom_1490287549845{background-color: #ffffff !important;}&#8221;][vc_column width=&#8221;1\/2&#8243;][vc_empty_space height=&#8221;45px&#8221;][vc_column_text disable_pattern=&#8221;false&#8221; el_class=&#8221;nosotros-titfun vitbot-color1 font-din2014-b&#8221;] ELS FUNDADORS [\/vc_column_text][vc_column_text disable_pattern=&#8221;false&#8221; el_class=&#8221;nosotros-subtitnom vitbot-color2 font-din2014-l&#8221;] ANTONIO LOZANO DOM\u00c8NECH, Ph.D. &#8211; \u00c9s doctor en Ci\u00e8ncies Pol\u00edtiques i Sociologia per la Universitat Complutense de Madrid. M\u00e0ster en Direcci\u00f3 d\u2019Empreses per l\u2019Escola d\u2019Enginyers de la Universitat [&hellip;]<\/p>\n","protected":false},"author":1,"featured_media":0,"parent":0,"menu_order":6,"comment_status":"closed","ping_status":"closed","template":"","meta":{"_monsterinsights_skip_tracking":false,"_monsterinsights_sitenote_active":false,"_monsterinsights_sitenote_note":"","_monsterinsights_sitenote_category":0},"yoast_head":"<!-- This site is optimized with the Yoast SEO plugin v20.1 - https:\/\/yoast.com\/wordpress\/plugins\/seo\/ -->\n<title>Qui Som? - Vitbot<\/title>\n<meta name=\"robots\" content=\"index, follow, max-snippet:-1, max-image-preview:large, max-video-preview:-1\" \/>\n<link rel=\"canonical\" href=\"https:\/\/www.vitbot.com\/ca\/qui-som\" \/>\n<meta property=\"og:locale\" content=\"ca_ES\" \/>\n<meta property=\"og:type\" content=\"article\" \/>\n<meta property=\"og:title\" content=\"Qui Som? - Vitbot\" \/>\n<meta property=\"og:description\" content=\"[vc_row fullwidth=&#8221;true&#8221; equal_columns=&#8221;true&#8221; css=&#8221;.vc_custom_1490864043520{background-color: #ffffff !important;}&#8221;][vc_column][vc_single_image image=&#8221;186&#8243; img_size=&#8221;full&#8221; css=&#8221;.vc_custom_1490287995717{margin: 0px !important;}&#8221;][\/vc_column][\/vc_row][vc_row css=&#8221;.vc_custom_1490287549845{background-color: #ffffff !important;}&#8221;][vc_column width=&#8221;1\/2&#8243;][vc_empty_space height=&#8221;45px&#8221;][vc_column_text disable_pattern=&#8221;false&#8221; el_class=&#8221;nosotros-titfun vitbot-color1 font-din2014-b&#8221;] ELS FUNDADORS [\/vc_column_text][vc_column_text disable_pattern=&#8221;false&#8221; el_class=&#8221;nosotros-subtitnom vitbot-color2 font-din2014-l&#8221;] ANTONIO LOZANO DOM\u00c8NECH, Ph.D. &#8211; \u00c9s doctor en Ci\u00e8ncies Pol\u00edtiques i Sociologia per la Universitat Complutense de Madrid. M\u00e0ster en Direcci\u00f3 d\u2019Empreses per l\u2019Escola d\u2019Enginyers de la Universitat [&hellip;]\" \/>\n<meta property=\"og:url\" content=\"https:\/\/www.vitbot.com\/ca\/qui-som\" \/>\n<meta property=\"og:site_name\" content=\"Vitbot\" \/>\n<meta property=\"article:publisher\" content=\"https:\/\/www.facebook.com\/vitbotbottle\/\" \/>\n<meta property=\"article:modified_time\" content=\"2018-11-29T07:10:49+00:00\" \/>\n<meta name=\"twitter:card\" content=\"summary_large_image\" \/>\n<meta name=\"twitter:label1\" content=\"Temps estimat de lectura\" \/>\n\t<meta name=\"twitter:data1\" content=\"3 minuts\" \/>\n<script type=\"application\/ld+json\" class=\"yoast-schema-graph\">{\"@context\":\"https:\/\/schema.org\",\"@graph\":[{\"@type\":\"WebPage\",\"@id\":\"https:\/\/www.vitbot.com\/ca\/qui-som\",\"url\":\"https:\/\/www.vitbot.com\/ca\/qui-som\",\"name\":\"Qui Som? - Vitbot\",\"isPartOf\":{\"@id\":\"https:\/\/www.vitbot.com\/ca#website\"},\"datePublished\":\"2017-05-02T18:39:41+00:00\",\"dateModified\":\"2018-11-29T07:10:49+00:00\",\"breadcrumb\":{\"@id\":\"https:\/\/www.vitbot.com\/ca\/qui-som#breadcrumb\"},\"inLanguage\":\"ca\",\"potentialAction\":[{\"@type\":\"ReadAction\",\"target\":[\"https:\/\/www.vitbot.com\/ca\/qui-som\"]}]},{\"@type\":\"BreadcrumbList\",\"@id\":\"https:\/\/www.vitbot.com\/ca\/qui-som#breadcrumb\",\"itemListElement\":[{\"@type\":\"ListItem\",\"position\":1,\"name\":\"Home\",\"item\":\"https:\/\/www.vitbot.com\/ca\"},{\"@type\":\"ListItem\",\"position\":2,\"name\":\"Qui Som?\"}]},{\"@type\":\"WebSite\",\"@id\":\"https:\/\/www.vitbot.com\/ca#website\",\"url\":\"https:\/\/www.vitbot.com\/ca\",\"name\":\"Vitbot\",\"description\":\"Best Reusable Water Bottles | Vortex Bottle | Vitalizer Bottle\",\"publisher\":{\"@id\":\"https:\/\/www.vitbot.com\/ca#organization\"},\"potentialAction\":[{\"@type\":\"SearchAction\",\"target\":{\"@type\":\"EntryPoint\",\"urlTemplate\":\"https:\/\/www.vitbot.com\/ca?s={search_term_string}\"},\"query-input\":\"required name=search_term_string\"}],\"inLanguage\":\"ca\"},{\"@type\":\"Organization\",\"@id\":\"https:\/\/www.vitbot.com\/ca#organization\",\"name\":\"Vitbot Europe,S.L. NIF B66180548 Tel\u00e8fon Correu info@vitbot.com Direcci\u00f3 C\/ Almeria 40 F Poblaci\u00f3 Tarrasa Codi postal 08226 Pa\u00eds Espanya\",\"url\":\"https:\/\/www.vitbot.com\/ca\",\"logo\":{\"@type\":\"ImageObject\",\"inLanguage\":\"ca\",\"@id\":\"https:\/\/www.vitbot.com\/ca#\/schema\/logo\/image\/\",\"url\":\"https:\/\/www.vitbot.com\/wp-content\/uploads\/2017\/03\/vitbot_logo.png\",\"contentUrl\":\"https:\/\/www.vitbot.com\/wp-content\/uploads\/2017\/03\/vitbot_logo.png\",\"width\":84,\"height\":24,\"caption\":\"Vitbot Europe,S.L. NIF B66180548 Tel\u00e8fon Correu info@vitbot.com Direcci\u00f3 C\/ Almeria 40 F Poblaci\u00f3 Tarrasa Codi postal 08226 Pa\u00eds Espanya\"},\"image\":{\"@id\":\"https:\/\/www.vitbot.com\/ca#\/schema\/logo\/image\/\"},\"sameAs\":[\"https:\/\/www.facebook.com\/vitbotbottle\/\",\"https:\/\/www.instagram.com\/vitbotofficial\/\"]}]}<\/script>\n<!-- \/ Yoast SEO plugin. -->","yoast_head_json":{"title":"Qui Som? - Vitbot","robots":{"index":"index","follow":"follow","max-snippet":"max-snippet:-1","max-image-preview":"max-image-preview:large","max-video-preview":"max-video-preview:-1"},"canonical":"https:\/\/www.vitbot.com\/ca\/qui-som","og_locale":"ca_ES","og_type":"article","og_title":"Qui Som? - Vitbot","og_description":"[vc_row fullwidth=&#8221;true&#8221; equal_columns=&#8221;true&#8221; css=&#8221;.vc_custom_1490864043520{background-color: #ffffff !important;}&#8221;][vc_column][vc_single_image image=&#8221;186&#8243; img_size=&#8221;full&#8221; css=&#8221;.vc_custom_1490287995717{margin: 0px !important;}&#8221;][\/vc_column][\/vc_row][vc_row css=&#8221;.vc_custom_1490287549845{background-color: #ffffff !important;}&#8221;][vc_column width=&#8221;1\/2&#8243;][vc_empty_space height=&#8221;45px&#8221;][vc_column_text disable_pattern=&#8221;false&#8221; el_class=&#8221;nosotros-titfun vitbot-color1 font-din2014-b&#8221;] ELS FUNDADORS [\/vc_column_text][vc_column_text disable_pattern=&#8221;false&#8221; el_class=&#8221;nosotros-subtitnom vitbot-color2 font-din2014-l&#8221;] ANTONIO LOZANO DOM\u00c8NECH, Ph.D. &#8211; \u00c9s doctor en Ci\u00e8ncies Pol\u00edtiques i Sociologia per la Universitat Complutense de Madrid. M\u00e0ster en Direcci\u00f3 d\u2019Empreses per l\u2019Escola d\u2019Enginyers de la Universitat [&hellip;]","og_url":"https:\/\/www.vitbot.com\/ca\/qui-som","og_site_name":"Vitbot","article_publisher":"https:\/\/www.facebook.com\/vitbotbottle\/","article_modified_time":"2018-11-29T07:10:49+00:00","twitter_card":"summary_large_image","twitter_misc":{"Temps estimat de lectura":"3 minuts"},"schema":{"@context":"https:\/\/schema.org","@graph":[{"@type":"WebPage","@id":"https:\/\/www.vitbot.com\/ca\/qui-som","url":"https:\/\/www.vitbot.com\/ca\/qui-som","name":"Qui Som? - Vitbot","isPartOf":{"@id":"https:\/\/www.vitbot.com\/ca#website"},"datePublished":"2017-05-02T18:39:41+00:00","dateModified":"2018-11-29T07:10:49+00:00","breadcrumb":{"@id":"https:\/\/www.vitbot.com\/ca\/qui-som#breadcrumb"},"inLanguage":"ca","potentialAction":[{"@type":"ReadAction","target":["https:\/\/www.vitbot.com\/ca\/qui-som"]}]},{"@type":"BreadcrumbList","@id":"https:\/\/www.vitbot.com\/ca\/qui-som#breadcrumb","itemListElement":[{"@type":"ListItem","position":1,"name":"Home","item":"https:\/\/www.vitbot.com\/ca"},{"@type":"ListItem","position":2,"name":"Qui Som?"}]},{"@type":"WebSite","@id":"https:\/\/www.vitbot.com\/ca#website","url":"https:\/\/www.vitbot.com\/ca","name":"Vitbot","description":"Best Reusable Water Bottles | Vortex Bottle | Vitalizer Bottle","publisher":{"@id":"https:\/\/www.vitbot.com\/ca#organization"},"potentialAction":[{"@type":"SearchAction","target":{"@type":"EntryPoint","urlTemplate":"https:\/\/www.vitbot.com\/ca?s={search_term_string}"},"query-input":"required name=search_term_string"}],"inLanguage":"ca"},{"@type":"Organization","@id":"https:\/\/www.vitbot.com\/ca#organization","name":"Vitbot Europe,S.L. NIF B66180548 Tel\u00e8fon Correu info@vitbot.com Direcci\u00f3 C\/ Almeria 40 F Poblaci\u00f3 Tarrasa Codi postal 08226 Pa\u00eds Espanya","url":"https:\/\/www.vitbot.com\/ca","logo":{"@type":"ImageObject","inLanguage":"ca","@id":"https:\/\/www.vitbot.com\/ca#\/schema\/logo\/image\/","url":"https:\/\/www.vitbot.com\/wp-content\/uploads\/2017\/03\/vitbot_logo.png","contentUrl":"https:\/\/www.vitbot.com\/wp-content\/uploads\/2017\/03\/vitbot_logo.png","width":84,"height":24,"caption":"Vitbot Europe,S.L. NIF B66180548 Tel\u00e8fon Correu info@vitbot.com Direcci\u00f3 C\/ Almeria 40 F Poblaci\u00f3 Tarrasa Codi postal 08226 Pa\u00eds Espanya"},"image":{"@id":"https:\/\/www.vitbot.com\/ca#\/schema\/logo\/image\/"},"sameAs":["https:\/\/www.facebook.com\/vitbotbottle\/","https:\/\/www.instagram.com\/vitbotofficial\/"]}]}},"_links":{"self":[{"href":"https:\/\/www.vitbot.com\/ca\/wp-json\/wp\/v2\/pages\/1032"}],"collection":[{"href":"https:\/\/www.vitbot.com\/ca\/wp-json\/wp\/v2\/pages"}],"about":[{"href":"https:\/\/www.vitbot.com\/ca\/wp-json\/wp\/v2\/types\/page"}],"author":[{"embeddable":true,"href":"https:\/\/www.vitbot.com\/ca\/wp-json\/wp\/v2\/users\/1"}],"replies":[{"embeddable":true,"href":"https:\/\/www.vitbot.com\/ca\/wp-json\/wp\/v2\/comments?post=1032"}],"version-history":[{"count":2,"href":"https:\/\/www.vitbot.com\/ca\/wp-json\/wp\/v2\/pages\/1032\/revisions"}],"predecessor-version":[{"id":3524,"href":"https:\/\/www.vitbot.com\/ca\/wp-json\/wp\/v2\/pages\/1032\/revisions\/3524"}],"wp:attachment":[{"href":"https:\/\/www.vitbot.com\/ca\/wp-json\/wp\/v2\/media?parent=1032"}],"curies":[{"name":"wp","href":"https:\/\/api.w.org\/{rel}","templated":true}]}}